{"id":1017,"date":"2025-06-11T13:46:32","date_gmt":"2025-06-11T11:46:32","guid":{"rendered":"https:\/\/dispear-records.com\/?page_id=1017"},"modified":"2025-06-11T13:47:19","modified_gmt":"2025-06-11T11:47:19","slug":"trint-eastwood-almost-minte","status":"publish","type":"page","link":"https:\/\/dispear-records.com\/index.php\/trint-eastwood-almost-minte\/","title":{"rendered":"Trint Eastwood"},"content":{"rendered":"<div class=\"wp-block-image\">\n<figure class=\"aligncenter size-large\"><img loading=\"lazy\" decoding=\"async\" width=\"1024\" height=\"738\" src=\"https:\/\/dispear-records.com\/wp-content\/uploads\/2025\/06\/da802ab2-2a55-47e8-bd11-0a20b3d0c872_rw_1920-1024x738.jpg\" alt=\"\" class=\"wp-image-1019\" srcset=\"https:\/\/dispear-records.com\/wp-content\/uploads\/2025\/06\/da802ab2-2a55-47e8-bd11-0a20b3d0c872_rw_1920-1024x738.jpg 1024w, https:\/\/dispear-records.com\/wp-content\/uploads\/2025\/06\/da802ab2-2a55-47e8-bd11-0a20b3d0c872_rw_1920-300x216.jpg 300w, https:\/\/dispear-records.com\/wp-content\/uploads\/2025\/06\/da802ab2-2a55-47e8-bd11-0a20b3d0c872_rw_1920-768x553.jpg 768w, https:\/\/dispear-records.com\/wp-content\/uploads\/2025\/06\/da802ab2-2a55-47e8-bd11-0a20b3d0c872_rw_1920-1536x1106.jpg 1536w, https:\/\/dispear-records.com\/wp-content\/uploads\/2025\/06\/da802ab2-2a55-47e8-bd11-0a20b3d0c872_rw_1920-416x300.jpg 416w, https:\/\/dispear-records.com\/wp-content\/uploads\/2025\/06\/da802ab2-2a55-47e8-bd11-0a20b3d0c872_rw_1920.jpg 1920w\" sizes=\"auto, (max-width: 1024px) 100vw, 1024px\" \/><\/figure>\n<\/div>\n\n\n<p>Trint Eastwood incarne \u00e0 merveille la figure du baroudeur \u2014 au sens noble du terme : un voyageur infatigable, menant une vie fa\u00e7onn\u00e9e par l\u2019aventure et la musique. Guitariste, chanteur et compositeur, il s\u2019est d\u2019abord illustr\u00e9 avec les <strong>Uncommonmenfrommars<\/strong>, groupe embl\u00e9matique de la sc\u00e8ne punk rock fran\u00e7aise des ann\u00e9es 2000. Roi de la route et six-cordiste hors pair, Trint a sillonn\u00e9 les sc\u00e8nes du monde entier, du Japon aux \u00c9tats-Unis, en distillant une \u00e9nergie brute et f\u00e9d\u00e9ratrice. Sa Gibson Les Paul branch\u00e9e dans un Mesa Boogie Rectifier : une \u00e9quation gagnante \u00e0 chaque concert.<\/p>\n\n\n\n<p>Mais Trint ne s\u2019est jamais limit\u00e9 \u00e0 la fureur des amplis. Avec <strong>X-TV<\/strong> (deux albums au compteur), il explore des horizons plus intimes, port\u00e9s par des influences folk et pop allant des Beatles \u00e0 Elliott Smith. Une respiration bienvenue, survenue \u00e0 l\u2019heure o\u00f9 les Unco marquaient une pause prolong\u00e9e.<\/p>\n\n\n\n<p>Apr\u00e8s la fin de X-TV en 2018 et un retour \u00e9clair des Unco au Hellfest la m\u00eame ann\u00e9e, Trint se fait plus discret, laissant le devant de la sc\u00e8ne \u00e0 ses fr\u00e8res Ed (fondateur de Not Scientists) et Forest (multipliant les projets en solo ou en groupe). Mais l\u2019\u00e9t\u00e9 2021 marque un tournant : le d\u00e9c\u00e8s brutal de son fr\u00e8re jumeau Daff agit comme un \u00e9lectrochoc. <\/p>\n\n\n\n<p>\u00c0 partir de l\u00e0, Trint r\u00e9invente son r\u00e9pertoire. Arm\u00e9 d\u2019une guitare acoustique, d\u2019un ukul\u00e9l\u00e9 ou d\u2019un harmonica, il revisite certains classiques des Unco (<em>Bad Ideas<\/em>, <em>You Can Be Evil<\/em>, <em>Dark Sunday<\/em>), leur offrant une nouvelle profondeur. Ces relectures donnent naissance \u00e0 un univers plus d\u00e9pouill\u00e9, sinc\u00e8re et habit\u00e9, o\u00f9 l\u2019\u00e9motion prend le pas sur la distorsion. Folk\u2019s not dead!<\/p>\n\n\n<div data-align-buttons=\"true\" data-block-name=\"woocommerce\/product-category\" data-categories=\"[71]\" data-columns=\"1\" data-rows=\"1\" class=\"wc-block-grid wp-block-product-category wp-block-woocommerce-product-category wc-block-product-category has-1-columns has-aligned-buttons\"><ul class=\"wc-block-grid__products\"><li class=\"wc-block-grid__product\">\n\t\t\t\t<a href=\"https:\/\/dispear-records.com\/index.php\/produit\/cassette-trint-eastwood-mike-noegraf-almost-minte\/\" class=\"wc-block-grid__product-link\">\n\t\t\t\t\t\n\t\t\t\t\t<div class=\"wc-block-grid__product-image\"><img loading=\"lazy\" decoding=\"async\" width=\"324\" height=\"324\" src=\"https:\/\/dispear-records.com\/wp-content\/uploads\/2025\/06\/almostminte_carre-1-324x324.jpg\" class=\"attachment-woocommerce_thumbnail size-woocommerce_thumbnail\" alt=\"[Cassette] Trint Eastwood Mike Noegraf - Almost MINTE\" srcset=\"https:\/\/dispear-records.com\/wp-content\/uploads\/2025\/06\/almostminte_carre-1-324x324.jpg 324w, https:\/\/dispear-records.com\/wp-content\/uploads\/2025\/06\/almostminte_carre-1-300x300.jpg 300w, https:\/\/dispear-records.com\/wp-content\/uploads\/2025\/06\/almostminte_carre-1-150x150.jpg 150w, https:\/\/dispear-records.com\/wp-content\/uploads\/2025\/06\/almostminte_carre-1-768x768.jpg 768w, https:\/\/dispear-records.com\/wp-content\/uploads\/2025\/06\/almostminte_carre-1-416x416.jpg 416w, https:\/\/dispear-records.com\/wp-content\/uploads\/2025\/06\/almostminte_carre-1-100x100.jpg 100w, https:\/\/dispear-records.com\/wp-content\/uploads\/2025\/06\/almostminte_carre-1.jpg 800w\" sizes=\"auto, (max-width: 324px) 100vw, 324px\" \/><\/div>\n\t\t\t\t\t<div class=\"wc-block-grid__product-title\">[Cassette] Trint Eastwood Mike Noegraf &#8211; Almost MINTE<\/div>\n\t\t\t\t<\/a>\n\t\t\t\t<div class=\"wc-block-grid__product-price price\"><span class=\"woocommerce-Price-amount amount\">7,00<span class=\"woocommerce-Price-currencySymbol\">&euro;<\/span><\/span><\/div>\n\t\t\t\t\n\t\t\t\t<div class=\"wp-block-button wc-block-grid__product-add-to-cart\"><a href=\"\/index.php\/wp-json\/wp\/v2\/pages\/1017?add-to-cart=1018\" aria-label=\"Ajouter au panier\u00a0: &ldquo;[Cassette] Trint Eastwood Mike Noegraf - Almost MINTE&rdquo;\" data-quantity=\"1\" data-product_id=\"1018\" data-product_sku=\"DSPR25036\" data-price=\"7\" rel=\"nofollow\" class=\"wp-block-button__link  add_to_cart_button ajax_add_to_cart\">Ajouter au panier<\/a><\/div>\n\t\t\t<\/li><\/ul><\/div>\n\n\n<iframe loading=\"lazy\" width=\"560\" height=\"315\" src=\"https:\/\/www.youtube.com\/embed\/iDzpcju5AWE?si=7r-9y4aDFt7xa5YA\" title=\"YouTube video player\" frameborder=\"0\" allow=\"accelerometer; autoplay; clipboard-write; encrypted-media; gyroscope; picture-in-picture; web-share\" referrerpolicy=\"strict-origin-when-cross-origin\" allowfullscreen><\/iframe>\n","protected":false},"excerpt":{"rendered":"<p>Trint Eastwood incarne \u00e0 merveille la figure du baroudeur \u2014 au sens noble du terme : un voyageur infatigable, menant une vie fa\u00e7onn\u00e9e par l\u2019aventure et la musique. Guitariste, chanteur et compositeur, il s\u2019est d\u2019abord illustr\u00e9 avec les Uncommonmenfrommars, groupe embl\u00e9matique de la sc\u00e8ne punk rock fran\u00e7aise des ann\u00e9es 2000. Roi de la route et [&hellip;]<\/p>\n","protected":false},"author":1,"featured_media":0,"parent":0,"menu_order":0,"comment_status":"closed","ping_status":"closed","template":"","meta":{"footnotes":""},"class_list":["post-1017","page","type-page","status-publish","hentry"],"yoast_head":"<!-- This site is optimized with the Yoast SEO plugin v27.5 - https:\/\/yoast.com\/product\/yoast-seo-wordpress\/ -->\n<title>Trint Eastwood - Dispear Records<\/title>\n<meta name=\"description\" content=\"Baroudeur guitariste chanteur compositeur, Trint Eastwood est pass\u00e9 du punkrock d&#039;Uncommonmenfrommars aux ambiances folk punk\" \/>\n<meta name=\"robots\" content=\"index, follow, max-snippet:-1, max-image-preview:large, max-video-preview:-1\" \/>\n<link rel=\"canonical\" href=\"https:\/\/dispear-records.com\/index.php\/trint-eastwood-almost-minte\/\" \/>\n<meta property=\"og:locale\" content=\"fr_FR\" \/>\n<meta property=\"og:type\" content=\"article\" \/>\n<meta property=\"og:title\" content=\"Trint Eastwood - Dispear Records\" \/>\n<meta property=\"og:description\" content=\"Baroudeur guitariste chanteur compositeur, Trint Eastwood est pass\u00e9 du punkrock d&#039;Uncommonmenfrommars aux ambiances folk punk\" \/>\n<meta property=\"og:url\" content=\"https:\/\/dispear-records.com\/index.php\/trint-eastwood-almost-minte\/\" \/>\n<meta property=\"og:site_name\" content=\"Dispear Records\" \/>\n<meta property=\"article:modified_time\" content=\"2025-06-11T11:47:19+00:00\" \/>\n<meta property=\"og:image\" content=\"https:\/\/dispear-records.com\/wp-content\/uploads\/2025\/06\/da802ab2-2a55-47e8-bd11-0a20b3d0c872_rw_1920.jpg\" \/>\n\t<meta property=\"og:image:width\" content=\"1920\" \/>\n\t<meta property=\"og:image:height\" content=\"1383\" \/>\n\t<meta property=\"og:image:type\" content=\"image\/jpeg\" \/>\n<meta name=\"twitter:card\" content=\"summary_large_image\" \/>\n<meta name=\"twitter:label1\" content=\"Dur\u00e9e de lecture estim\u00e9e\" \/>\n\t<meta name=\"twitter:data1\" content=\"2 minutes\" \/>\n<script type=\"application\/ld+json\" class=\"yoast-schema-graph\">{\"@context\":\"https:\\\/\\\/schema.org\",\"@graph\":[{\"@type\":\"WebPage\",\"@id\":\"https:\\\/\\\/dispear-records.com\\\/index.php\\\/trint-eastwood-almost-minte\\\/\",\"url\":\"https:\\\/\\\/dispear-records.com\\\/index.php\\\/trint-eastwood-almost-minte\\\/\",\"name\":\"Trint Eastwood - Dispear Records\",\"isPartOf\":{\"@id\":\"https:\\\/\\\/dispear-records.com\\\/#website\"},\"primaryImageOfPage\":{\"@id\":\"https:\\\/\\\/dispear-records.com\\\/index.php\\\/trint-eastwood-almost-minte\\\/#primaryimage\"},\"image\":{\"@id\":\"https:\\\/\\\/dispear-records.com\\\/index.php\\\/trint-eastwood-almost-minte\\\/#primaryimage\"},\"thumbnailUrl\":\"https:\\\/\\\/dispear-records.com\\\/wp-content\\\/uploads\\\/2025\\\/06\\\/da802ab2-2a55-47e8-bd11-0a20b3d0c872_rw_1920-1024x738.jpg\",\"datePublished\":\"2025-06-11T11:46:32+00:00\",\"dateModified\":\"2025-06-11T11:47:19+00:00\",\"description\":\"Baroudeur guitariste chanteur compositeur, Trint Eastwood est pass\u00e9 du punkrock d'Uncommonmenfrommars aux ambiances folk punk\",\"breadcrumb\":{\"@id\":\"https:\\\/\\\/dispear-records.com\\\/index.php\\\/trint-eastwood-almost-minte\\\/#breadcrumb\"},\"inLanguage\":\"fr-FR\",\"potentialAction\":[{\"@type\":\"ReadAction\",\"target\":[\"https:\\\/\\\/dispear-records.com\\\/index.php\\\/trint-eastwood-almost-minte\\\/\"]}]},{\"@type\":\"ImageObject\",\"inLanguage\":\"fr-FR\",\"@id\":\"https:\\\/\\\/dispear-records.com\\\/index.php\\\/trint-eastwood-almost-minte\\\/#primaryimage\",\"url\":\"https:\\\/\\\/dispear-records.com\\\/wp-content\\\/uploads\\\/2025\\\/06\\\/da802ab2-2a55-47e8-bd11-0a20b3d0c872_rw_1920.jpg\",\"contentUrl\":\"https:\\\/\\\/dispear-records.com\\\/wp-content\\\/uploads\\\/2025\\\/06\\\/da802ab2-2a55-47e8-bd11-0a20b3d0c872_rw_1920.jpg\",\"width\":1920,\"height\":1383},{\"@type\":\"BreadcrumbList\",\"@id\":\"https:\\\/\\\/dispear-records.com\\\/index.php\\\/trint-eastwood-almost-minte\\\/#breadcrumb\",\"itemListElement\":[{\"@type\":\"ListItem\",\"position\":1,\"name\":\"Accueil\",\"item\":\"https:\\\/\\\/dispear-records.com\\\/\"},{\"@type\":\"ListItem\",\"position\":2,\"name\":\"Trint Eastwood\"}]},{\"@type\":\"WebSite\",\"@id\":\"https:\\\/\\\/dispear-records.com\\\/#website\",\"url\":\"https:\\\/\\\/dispear-records.com\\\/\",\"name\":\"Dispear Records\",\"description\":\"DIY punk &amp; hardcore label\",\"publisher\":{\"@id\":\"https:\\\/\\\/dispear-records.com\\\/#organization\"},\"potentialAction\":[{\"@type\":\"SearchAction\",\"target\":{\"@type\":\"EntryPoint\",\"urlTemplate\":\"https:\\\/\\\/dispear-records.com\\\/?s={search_term_string}\"},\"query-input\":{\"@type\":\"PropertyValueSpecification\",\"valueRequired\":true,\"valueName\":\"search_term_string\"}}],\"inLanguage\":\"fr-FR\"},{\"@type\":\"Organization\",\"@id\":\"https:\\\/\\\/dispear-records.com\\\/#organization\",\"name\":\"Dispear Records\",\"url\":\"https:\\\/\\\/dispear-records.com\\\/\",\"logo\":{\"@type\":\"ImageObject\",\"inLanguage\":\"fr-FR\",\"@id\":\"https:\\\/\\\/dispear-records.com\\\/#\\\/schema\\\/logo\\\/image\\\/\",\"url\":\"https:\\\/\\\/dispear-records.com\\\/wp-content\\\/uploads\\\/2021\\\/06\\\/cropped-cropped-dispear.png\",\"contentUrl\":\"https:\\\/\\\/dispear-records.com\\\/wp-content\\\/uploads\\\/2021\\\/06\\\/cropped-cropped-dispear.png\",\"width\":2592,\"height\":709,\"caption\":\"Dispear Records\"},\"image\":{\"@id\":\"https:\\\/\\\/dispear-records.com\\\/#\\\/schema\\\/logo\\\/image\\\/\"}}]}<\/script>\n<!-- \/ Yoast SEO plugin. -->","yoast_head_json":{"title":"Trint Eastwood - Dispear Records","description":"Baroudeur guitariste chanteur compositeur, Trint Eastwood est pass\u00e9 du punkrock d'Uncommonmenfrommars aux ambiances folk punk","robots":{"index":"index","follow":"follow","max-snippet":"max-snippet:-1","max-image-preview":"max-image-preview:large","max-video-preview":"max-video-preview:-1"},"canonical":"https:\/\/dispear-records.com\/index.php\/trint-eastwood-almost-minte\/","og_locale":"fr_FR","og_type":"article","og_title":"Trint Eastwood - Dispear Records","og_description":"Baroudeur guitariste chanteur compositeur, Trint Eastwood est pass\u00e9 du punkrock d'Uncommonmenfrommars aux ambiances folk punk","og_url":"https:\/\/dispear-records.com\/index.php\/trint-eastwood-almost-minte\/","og_site_name":"Dispear Records","article_modified_time":"2025-06-11T11:47:19+00:00","og_image":[{"width":1920,"height":1383,"url":"https:\/\/dispear-records.com\/wp-content\/uploads\/2025\/06\/da802ab2-2a55-47e8-bd11-0a20b3d0c872_rw_1920.jpg","type":"image\/jpeg"}],"twitter_card":"summary_large_image","twitter_misc":{"Dur\u00e9e de lecture estim\u00e9e":"2 minutes"},"schema":{"@context":"https:\/\/schema.org","@graph":[{"@type":"WebPage","@id":"https:\/\/dispear-records.com\/index.php\/trint-eastwood-almost-minte\/","url":"https:\/\/dispear-records.com\/index.php\/trint-eastwood-almost-minte\/","name":"Trint Eastwood - Dispear Records","isPartOf":{"@id":"https:\/\/dispear-records.com\/#website"},"primaryImageOfPage":{"@id":"https:\/\/dispear-records.com\/index.php\/trint-eastwood-almost-minte\/#primaryimage"},"image":{"@id":"https:\/\/dispear-records.com\/index.php\/trint-eastwood-almost-minte\/#primaryimage"},"thumbnailUrl":"https:\/\/dispear-records.com\/wp-content\/uploads\/2025\/06\/da802ab2-2a55-47e8-bd11-0a20b3d0c872_rw_1920-1024x738.jpg","datePublished":"2025-06-11T11:46:32+00:00","dateModified":"2025-06-11T11:47:19+00:00","description":"Baroudeur guitariste chanteur compositeur, Trint Eastwood est pass\u00e9 du punkrock d'Uncommonmenfrommars aux ambiances folk punk","breadcrumb":{"@id":"https:\/\/dispear-records.com\/index.php\/trint-eastwood-almost-minte\/#breadcrumb"},"inLanguage":"fr-FR","potentialAction":[{"@type":"ReadAction","target":["https:\/\/dispear-records.com\/index.php\/trint-eastwood-almost-minte\/"]}]},{"@type":"ImageObject","inLanguage":"fr-FR","@id":"https:\/\/dispear-records.com\/index.php\/trint-eastwood-almost-minte\/#primaryimage","url":"https:\/\/dispear-records.com\/wp-content\/uploads\/2025\/06\/da802ab2-2a55-47e8-bd11-0a20b3d0c872_rw_1920.jpg","contentUrl":"https:\/\/dispear-records.com\/wp-content\/uploads\/2025\/06\/da802ab2-2a55-47e8-bd11-0a20b3d0c872_rw_1920.jpg","width":1920,"height":1383},{"@type":"BreadcrumbList","@id":"https:\/\/dispear-records.com\/index.php\/trint-eastwood-almost-minte\/#breadcrumb","itemListElement":[{"@type":"ListItem","position":1,"name":"Accueil","item":"https:\/\/dispear-records.com\/"},{"@type":"ListItem","position":2,"name":"Trint Eastwood"}]},{"@type":"WebSite","@id":"https:\/\/dispear-records.com\/#website","url":"https:\/\/dispear-records.com\/","name":"Dispear Records","description":"DIY punk &amp; hardcore label","publisher":{"@id":"https:\/\/dispear-records.com\/#organization"},"potentialAction":[{"@type":"SearchAction","target":{"@type":"EntryPoint","urlTemplate":"https:\/\/dispear-records.com\/?s={search_term_string}"},"query-input":{"@type":"PropertyValueSpecification","valueRequired":true,"valueName":"search_term_string"}}],"inLanguage":"fr-FR"},{"@type":"Organization","@id":"https:\/\/dispear-records.com\/#organization","name":"Dispear Records","url":"https:\/\/dispear-records.com\/","logo":{"@type":"ImageObject","inLanguage":"fr-FR","@id":"https:\/\/dispear-records.com\/#\/schema\/logo\/image\/","url":"https:\/\/dispear-records.com\/wp-content\/uploads\/2021\/06\/cropped-cropped-dispear.png","contentUrl":"https:\/\/dispear-records.com\/wp-content\/uploads\/2021\/06\/cropped-cropped-dispear.png","width":2592,"height":709,"caption":"Dispear Records"},"image":{"@id":"https:\/\/dispear-records.com\/#\/schema\/logo\/image\/"}}]}},"_links":{"self":[{"href":"https:\/\/dispear-records.com\/index.php\/wp-json\/wp\/v2\/pages\/1017","targetHints":{"allow":["GET"]}}],"collection":[{"href":"https:\/\/dispear-records.com\/index.php\/wp-json\/wp\/v2\/pages"}],"about":[{"href":"https:\/\/dispear-records.com\/index.php\/wp-json\/wp\/v2\/types\/page"}],"author":[{"embeddable":true,"href":"https:\/\/dispear-records.com\/index.php\/wp-json\/wp\/v2\/users\/1"}],"replies":[{"embeddable":true,"href":"https:\/\/dispear-records.com\/index.php\/wp-json\/wp\/v2\/comments?post=1017"}],"version-history":[{"count":3,"href":"https:\/\/dispear-records.com\/index.php\/wp-json\/wp\/v2\/pages\/1017\/revisions"}],"predecessor-version":[{"id":1026,"href":"https:\/\/dispear-records.com\/index.php\/wp-json\/wp\/v2\/pages\/1017\/revisions\/1026"}],"wp:attachment":[{"href":"https:\/\/dispear-records.com\/index.php\/wp-json\/wp\/v2\/media?parent=1017"}],"curies":[{"name":"wp","href":"https:\/\/api.w.org\/{rel}","templated":true}]}}