{"id":1039,"date":"2025-06-26T12:23:50","date_gmt":"2025-06-26T10:23:50","guid":{"rendered":"https:\/\/dispear-records.com\/?page_id=1039"},"modified":"2025-06-26T12:23:51","modified_gmt":"2025-06-26T10:23:51","slug":"union-jack-punk-bad-ska-paris","status":"publish","type":"page","link":"https:\/\/dispear-records.com\/index.php\/union-jack-punk-bad-ska-paris\/","title":{"rendered":"Union Jack"},"content":{"rendered":"<div class=\"wp-block-image\">\n<figure class=\"aligncenter size-large\"><img loading=\"lazy\" decoding=\"async\" width=\"1024\" height=\"717\" src=\"https:\/\/dispear-records.com\/wp-content\/uploads\/2025\/06\/union-jack-1024x717.jpg\" alt=\"\" class=\"wp-image-1040\" srcset=\"https:\/\/dispear-records.com\/wp-content\/uploads\/2025\/06\/union-jack-1024x717.jpg 1024w, https:\/\/dispear-records.com\/wp-content\/uploads\/2025\/06\/union-jack-300x210.jpg 300w, https:\/\/dispear-records.com\/wp-content\/uploads\/2025\/06\/union-jack-768x538.jpg 768w, https:\/\/dispear-records.com\/wp-content\/uploads\/2025\/06\/union-jack-416x291.jpg 416w, https:\/\/dispear-records.com\/wp-content\/uploads\/2025\/06\/union-jack.jpg 1080w\" sizes=\"auto, (max-width: 1024px) 100vw, 1024px\" \/><\/figure>\n<\/div>\n\n\n<p>Impossible de tra\u00eener dans la sc\u00e8ne punk fran\u00e7aise sans croiser un jour la route d\u2019<strong>Union Jack<\/strong>. Actifs depuis 1997, ces punks de la banlieue nord de Paname envoient leur son sale et engag\u00e9 aux quatre coins de l\u2019Europe et du Canada, partageant l\u2019affiche avec des piliers comme The Damned, UK Subs ou The Aggrolites. <\/p>\n\n\n\n<p>Leur style musical oscille d\u2019un album \u00e0 l\u2019autre, entre le bad ska, le crack rocksteady, et le punk 77, \u00e0 l\u2019instar de groupes tels que Left\u00f6ver Crack, Morning Glory ou No-Ca$h, dont Union Jack a tir\u00e9 la plus grande partie de ses influences.<\/p>\n\n\n<div data-align-buttons=\"true\" data-block-name=\"woocommerce\/product-category\" data-categories=\"[72]\" data-columns=\"2\" data-rows=\"1\" class=\"wc-block-grid wp-block-product-category wp-block-woocommerce-product-category wc-block-product-category has-2-columns has-aligned-buttons\"><ul class=\"wc-block-grid__products\"><li class=\"wc-block-grid__product\">\n\t\t\t\t<a href=\"https:\/\/dispear-records.com\/index.php\/produit\/vinyle-union-jack-acid-serenades\/\" class=\"wc-block-grid__product-link\">\n\t\t\t\t\t\n\t\t\t\t\t<div class=\"wc-block-grid__product-image\"><img loading=\"lazy\" decoding=\"async\" width=\"324\" height=\"324\" src=\"https:\/\/dispear-records.com\/wp-content\/uploads\/2025\/06\/IMG_3456-800-324x324.jpg\" class=\"attachment-woocommerce_thumbnail size-woocommerce_thumbnail\" alt=\"[Vinyle] Union Jack - Acid Serenades\" srcset=\"https:\/\/dispear-records.com\/wp-content\/uploads\/2025\/06\/IMG_3456-800-324x324.jpg 324w, https:\/\/dispear-records.com\/wp-content\/uploads\/2025\/06\/IMG_3456-800-300x300.jpg 300w, https:\/\/dispear-records.com\/wp-content\/uploads\/2025\/06\/IMG_3456-800-150x150.jpg 150w, https:\/\/dispear-records.com\/wp-content\/uploads\/2025\/06\/IMG_3456-800-768x768.jpg 768w, https:\/\/dispear-records.com\/wp-content\/uploads\/2025\/06\/IMG_3456-800-416x416.jpg 416w, https:\/\/dispear-records.com\/wp-content\/uploads\/2025\/06\/IMG_3456-800-100x100.jpg 100w, https:\/\/dispear-records.com\/wp-content\/uploads\/2025\/06\/IMG_3456-800.jpg 800w\" sizes=\"auto, (max-width: 324px) 100vw, 324px\" \/><\/div>\n\t\t\t\t\t<div class=\"wc-block-grid__product-title\">[Vinyle] Union Jack &#8211; Acid Serenades<\/div>\n\t\t\t\t<\/a>\n\t\t\t\t<div class=\"wc-block-grid__product-price price\"><span class=\"woocommerce-Price-amount amount\">18,00<span class=\"woocommerce-Price-currencySymbol\">&euro;<\/span><\/span><\/div>\n\t\t\t\t\n\t\t\t\t<div class=\"wp-block-button wc-block-grid__product-add-to-cart\"><a href=\"\/index.php\/wp-json\/wp\/v2\/pages\/1039?add-to-cart=1031\" aria-label=\"Ajouter au panier\u00a0: &ldquo;[Vinyle] Union Jack - Acid Serenades&rdquo;\" data-quantity=\"1\" data-product_id=\"1031\" data-product_sku=\"\" data-price=\"18\" rel=\"nofollow\" class=\"wp-block-button__link  add_to_cart_button ajax_add_to_cart\">Ajouter au panier<\/a><\/div>\n\t\t\t<\/li><\/ul><\/div>\n\n\n<iframe style=\"border: 0; width: 400px; height: 439px;\" src=\"https:\/\/bandcamp.com\/EmbeddedPlayer\/album=1778273133\/size=large\/bgcol=ffffff\/linkcol=63b2cc\/artwork=small\/transparent=true\/\" seamless><a href=\"https:\/\/unionjack.bandcamp.com\/album\/acid-serenades\">Acid Serenades de Union Jack<\/a><\/iframe>\n","protected":false},"excerpt":{"rendered":"<p>Impossible de tra\u00eener dans la sc\u00e8ne punk fran\u00e7aise sans croiser un jour la route d\u2019Union Jack. Actifs depuis 1997, ces punks de la banlieue nord de Paname envoient leur son sale et engag\u00e9 aux quatre coins de l\u2019Europe et du Canada, partageant l\u2019affiche avec des piliers comme The Damned, UK Subs ou The Aggrolites. Leur [&hellip;]<\/p>\n","protected":false},"author":1,"featured_media":0,"parent":0,"menu_order":0,"comment_status":"closed","ping_status":"closed","template":"","meta":{"footnotes":""},"class_list":["post-1039","page","type-page","status-publish","hentry"],"yoast_head":"<!-- This site is optimized with the Yoast SEO plugin v27.5 - https:\/\/yoast.com\/product\/yoast-seo-wordpress\/ -->\n<title>Union Jack - Dispear Records<\/title>\n<meta name=\"description\" content=\"Union Jack, groupe issue de la banlieue nord de Paris, envoie un m\u00e9lange de punk et de bad ska depuis 1997 !\" \/>\n<meta name=\"robots\" content=\"index, follow, max-snippet:-1, max-image-preview:large, max-video-preview:-1\" \/>\n<link rel=\"canonical\" href=\"https:\/\/dispear-records.com\/index.php\/union-jack-punk-bad-ska-paris\/\" \/>\n<meta property=\"og:locale\" content=\"fr_FR\" \/>\n<meta property=\"og:type\" content=\"article\" \/>\n<meta property=\"og:title\" content=\"Union Jack - Dispear Records\" \/>\n<meta property=\"og:description\" content=\"Union Jack, groupe issue de la banlieue nord de Paris, envoie un m\u00e9lange de punk et de bad ska depuis 1997 !\" \/>\n<meta property=\"og:url\" content=\"https:\/\/dispear-records.com\/index.php\/union-jack-punk-bad-ska-paris\/\" \/>\n<meta property=\"og:site_name\" content=\"Dispear Records\" \/>\n<meta property=\"article:modified_time\" content=\"2025-06-26T10:23:51+00:00\" \/>\n<meta property=\"og:image\" content=\"https:\/\/dispear-records.com\/wp-content\/uploads\/2025\/06\/union-jack.jpg\" \/>\n\t<meta property=\"og:image:width\" content=\"1080\" \/>\n\t<meta property=\"og:image:height\" content=\"756\" \/>\n\t<meta property=\"og:image:type\" content=\"image\/jpeg\" \/>\n<meta name=\"twitter:card\" content=\"summary_large_image\" \/>\n<meta name=\"twitter:label1\" content=\"Dur\u00e9e de lecture estim\u00e9e\" \/>\n\t<meta name=\"twitter:data1\" content=\"1 minute\" \/>\n<script type=\"application\/ld+json\" class=\"yoast-schema-graph\">{\"@context\":\"https:\\\/\\\/schema.org\",\"@graph\":[{\"@type\":\"WebPage\",\"@id\":\"https:\\\/\\\/dispear-records.com\\\/index.php\\\/union-jack-punk-bad-ska-paris\\\/\",\"url\":\"https:\\\/\\\/dispear-records.com\\\/index.php\\\/union-jack-punk-bad-ska-paris\\\/\",\"name\":\"Union Jack - Dispear Records\",\"isPartOf\":{\"@id\":\"https:\\\/\\\/dispear-records.com\\\/#website\"},\"primaryImageOfPage\":{\"@id\":\"https:\\\/\\\/dispear-records.com\\\/index.php\\\/union-jack-punk-bad-ska-paris\\\/#primaryimage\"},\"image\":{\"@id\":\"https:\\\/\\\/dispear-records.com\\\/index.php\\\/union-jack-punk-bad-ska-paris\\\/#primaryimage\"},\"thumbnailUrl\":\"https:\\\/\\\/dispear-records.com\\\/wp-content\\\/uploads\\\/2025\\\/06\\\/union-jack-1024x717.jpg\",\"datePublished\":\"2025-06-26T10:23:50+00:00\",\"dateModified\":\"2025-06-26T10:23:51+00:00\",\"description\":\"Union Jack, groupe issue de la banlieue nord de Paris, envoie un m\u00e9lange de punk et de bad ska depuis 1997 !\",\"breadcrumb\":{\"@id\":\"https:\\\/\\\/dispear-records.com\\\/index.php\\\/union-jack-punk-bad-ska-paris\\\/#breadcrumb\"},\"inLanguage\":\"fr-FR\",\"potentialAction\":[{\"@type\":\"ReadAction\",\"target\":[\"https:\\\/\\\/dispear-records.com\\\/index.php\\\/union-jack-punk-bad-ska-paris\\\/\"]}]},{\"@type\":\"ImageObject\",\"inLanguage\":\"fr-FR\",\"@id\":\"https:\\\/\\\/dispear-records.com\\\/index.php\\\/union-jack-punk-bad-ska-paris\\\/#primaryimage\",\"url\":\"https:\\\/\\\/dispear-records.com\\\/wp-content\\\/uploads\\\/2025\\\/06\\\/union-jack.jpg\",\"contentUrl\":\"https:\\\/\\\/dispear-records.com\\\/wp-content\\\/uploads\\\/2025\\\/06\\\/union-jack.jpg\",\"width\":1080,\"height\":756},{\"@type\":\"BreadcrumbList\",\"@id\":\"https:\\\/\\\/dispear-records.com\\\/index.php\\\/union-jack-punk-bad-ska-paris\\\/#breadcrumb\",\"itemListElement\":[{\"@type\":\"ListItem\",\"position\":1,\"name\":\"Accueil\",\"item\":\"https:\\\/\\\/dispear-records.com\\\/\"},{\"@type\":\"ListItem\",\"position\":2,\"name\":\"Union Jack\"}]},{\"@type\":\"WebSite\",\"@id\":\"https:\\\/\\\/dispear-records.com\\\/#website\",\"url\":\"https:\\\/\\\/dispear-records.com\\\/\",\"name\":\"Dispear Records\",\"description\":\"DIY punk &amp; hardcore label\",\"publisher\":{\"@id\":\"https:\\\/\\\/dispear-records.com\\\/#organization\"},\"potentialAction\":[{\"@type\":\"SearchAction\",\"target\":{\"@type\":\"EntryPoint\",\"urlTemplate\":\"https:\\\/\\\/dispear-records.com\\\/?s={search_term_string}\"},\"query-input\":{\"@type\":\"PropertyValueSpecification\",\"valueRequired\":true,\"valueName\":\"search_term_string\"}}],\"inLanguage\":\"fr-FR\"},{\"@type\":\"Organization\",\"@id\":\"https:\\\/\\\/dispear-records.com\\\/#organization\",\"name\":\"Dispear Records\",\"url\":\"https:\\\/\\\/dispear-records.com\\\/\",\"logo\":{\"@type\":\"ImageObject\",\"inLanguage\":\"fr-FR\",\"@id\":\"https:\\\/\\\/dispear-records.com\\\/#\\\/schema\\\/logo\\\/image\\\/\",\"url\":\"https:\\\/\\\/dispear-records.com\\\/wp-content\\\/uploads\\\/2021\\\/06\\\/cropped-cropped-dispear.png\",\"contentUrl\":\"https:\\\/\\\/dispear-records.com\\\/wp-content\\\/uploads\\\/2021\\\/06\\\/cropped-cropped-dispear.png\",\"width\":2592,\"height\":709,\"caption\":\"Dispear Records\"},\"image\":{\"@id\":\"https:\\\/\\\/dispear-records.com\\\/#\\\/schema\\\/logo\\\/image\\\/\"}}]}<\/script>\n<!-- \/ Yoast SEO plugin. -->","yoast_head_json":{"title":"Union Jack - Dispear Records","description":"Union Jack, groupe issue de la banlieue nord de Paris, envoie un m\u00e9lange de punk et de bad ska depuis 1997 !","robots":{"index":"index","follow":"follow","max-snippet":"max-snippet:-1","max-image-preview":"max-image-preview:large","max-video-preview":"max-video-preview:-1"},"canonical":"https:\/\/dispear-records.com\/index.php\/union-jack-punk-bad-ska-paris\/","og_locale":"fr_FR","og_type":"article","og_title":"Union Jack - Dispear Records","og_description":"Union Jack, groupe issue de la banlieue nord de Paris, envoie un m\u00e9lange de punk et de bad ska depuis 1997 !","og_url":"https:\/\/dispear-records.com\/index.php\/union-jack-punk-bad-ska-paris\/","og_site_name":"Dispear Records","article_modified_time":"2025-06-26T10:23:51+00:00","og_image":[{"width":1080,"height":756,"url":"https:\/\/dispear-records.com\/wp-content\/uploads\/2025\/06\/union-jack.jpg","type":"image\/jpeg"}],"twitter_card":"summary_large_image","twitter_misc":{"Dur\u00e9e de lecture estim\u00e9e":"1 minute"},"schema":{"@context":"https:\/\/schema.org","@graph":[{"@type":"WebPage","@id":"https:\/\/dispear-records.com\/index.php\/union-jack-punk-bad-ska-paris\/","url":"https:\/\/dispear-records.com\/index.php\/union-jack-punk-bad-ska-paris\/","name":"Union Jack - Dispear Records","isPartOf":{"@id":"https:\/\/dispear-records.com\/#website"},"primaryImageOfPage":{"@id":"https:\/\/dispear-records.com\/index.php\/union-jack-punk-bad-ska-paris\/#primaryimage"},"image":{"@id":"https:\/\/dispear-records.com\/index.php\/union-jack-punk-bad-ska-paris\/#primaryimage"},"thumbnailUrl":"https:\/\/dispear-records.com\/wp-content\/uploads\/2025\/06\/union-jack-1024x717.jpg","datePublished":"2025-06-26T10:23:50+00:00","dateModified":"2025-06-26T10:23:51+00:00","description":"Union Jack, groupe issue de la banlieue nord de Paris, envoie un m\u00e9lange de punk et de bad ska depuis 1997 !","breadcrumb":{"@id":"https:\/\/dispear-records.com\/index.php\/union-jack-punk-bad-ska-paris\/#breadcrumb"},"inLanguage":"fr-FR","potentialAction":[{"@type":"ReadAction","target":["https:\/\/dispear-records.com\/index.php\/union-jack-punk-bad-ska-paris\/"]}]},{"@type":"ImageObject","inLanguage":"fr-FR","@id":"https:\/\/dispear-records.com\/index.php\/union-jack-punk-bad-ska-paris\/#primaryimage","url":"https:\/\/dispear-records.com\/wp-content\/uploads\/2025\/06\/union-jack.jpg","contentUrl":"https:\/\/dispear-records.com\/wp-content\/uploads\/2025\/06\/union-jack.jpg","width":1080,"height":756},{"@type":"BreadcrumbList","@id":"https:\/\/dispear-records.com\/index.php\/union-jack-punk-bad-ska-paris\/#breadcrumb","itemListElement":[{"@type":"ListItem","position":1,"name":"Accueil","item":"https:\/\/dispear-records.com\/"},{"@type":"ListItem","position":2,"name":"Union Jack"}]},{"@type":"WebSite","@id":"https:\/\/dispear-records.com\/#website","url":"https:\/\/dispear-records.com\/","name":"Dispear Records","description":"DIY punk &amp; hardcore label","publisher":{"@id":"https:\/\/dispear-records.com\/#organization"},"potentialAction":[{"@type":"SearchAction","target":{"@type":"EntryPoint","urlTemplate":"https:\/\/dispear-records.com\/?s={search_term_string}"},"query-input":{"@type":"PropertyValueSpecification","valueRequired":true,"valueName":"search_term_string"}}],"inLanguage":"fr-FR"},{"@type":"Organization","@id":"https:\/\/dispear-records.com\/#organization","name":"Dispear Records","url":"https:\/\/dispear-records.com\/","logo":{"@type":"ImageObject","inLanguage":"fr-FR","@id":"https:\/\/dispear-records.com\/#\/schema\/logo\/image\/","url":"https:\/\/dispear-records.com\/wp-content\/uploads\/2021\/06\/cropped-cropped-dispear.png","contentUrl":"https:\/\/dispear-records.com\/wp-content\/uploads\/2021\/06\/cropped-cropped-dispear.png","width":2592,"height":709,"caption":"Dispear Records"},"image":{"@id":"https:\/\/dispear-records.com\/#\/schema\/logo\/image\/"}}]}},"_links":{"self":[{"href":"https:\/\/dispear-records.com\/index.php\/wp-json\/wp\/v2\/pages\/1039","targetHints":{"allow":["GET"]}}],"collection":[{"href":"https:\/\/dispear-records.com\/index.php\/wp-json\/wp\/v2\/pages"}],"about":[{"href":"https:\/\/dispear-records.com\/index.php\/wp-json\/wp\/v2\/types\/page"}],"author":[{"embeddable":true,"href":"https:\/\/dispear-records.com\/index.php\/wp-json\/wp\/v2\/users\/1"}],"replies":[{"embeddable":true,"href":"https:\/\/dispear-records.com\/index.php\/wp-json\/wp\/v2\/comments?post=1039"}],"version-history":[{"count":1,"href":"https:\/\/dispear-records.com\/index.php\/wp-json\/wp\/v2\/pages\/1039\/revisions"}],"predecessor-version":[{"id":1042,"href":"https:\/\/dispear-records.com\/index.php\/wp-json\/wp\/v2\/pages\/1039\/revisions\/1042"}],"wp:attachment":[{"href":"https:\/\/dispear-records.com\/index.php\/wp-json\/wp\/v2\/media?parent=1039"}],"curies":[{"name":"wp","href":"https:\/\/api.w.org\/{rel}","templated":true}]}}