{"id":1052,"date":"2025-06-27T22:05:59","date_gmt":"2025-06-27T20:05:59","guid":{"rendered":"https:\/\/dispear-records.com\/?page_id=1052"},"modified":"2025-06-27T22:06:00","modified_gmt":"2025-06-27T20:06:00","slug":"questions-hardcore-sao-paulo-bresil","status":"publish","type":"page","link":"https:\/\/dispear-records.com\/index.php\/questions-hardcore-sao-paulo-bresil\/","title":{"rendered":"Questions"},"content":{"rendered":"<div class=\"wp-block-image\">\n<figure class=\"aligncenter size-full\"><img loading=\"lazy\" decoding=\"async\" width=\"960\" height=\"640\" src=\"https:\/\/dispear-records.com\/wp-content\/uploads\/2025\/06\/464873420_8463402423715484_7114806856350801394_n.jpg\" alt=\"\" class=\"wp-image-1053\" srcset=\"https:\/\/dispear-records.com\/wp-content\/uploads\/2025\/06\/464873420_8463402423715484_7114806856350801394_n.jpg 960w, https:\/\/dispear-records.com\/wp-content\/uploads\/2025\/06\/464873420_8463402423715484_7114806856350801394_n-300x200.jpg 300w, https:\/\/dispear-records.com\/wp-content\/uploads\/2025\/06\/464873420_8463402423715484_7114806856350801394_n-768x512.jpg 768w, https:\/\/dispear-records.com\/wp-content\/uploads\/2025\/06\/464873420_8463402423715484_7114806856350801394_n-416x277.jpg 416w\" sizes=\"auto, (max-width: 960px) 100vw, 960px\" \/><\/figure>\n<\/div>\n\n\n<p><strong>Questions<\/strong> na\u00eet en 2000 dans les rues de S\u00e3o Paulo, et n\u2019a depuis jamais rel\u00e2ch\u00e9 la pression. Vingt-cinq ans plus tard, le groupe est toujours l\u00e0, avec une \u00e9nergie intacte, gueule lev\u00e9e et poings serr\u00e9s. Hardcore DIY, dans l\u2019esprit comme dans le son.<\/p>\n\n\n\n<p>Fid\u00e8les \u00e0 une esth\u00e9tique old-school \u2014 celle du NYHC des ann\u00e9es 80-90, fa\u00e7on Agnostic Front, Madball ou Sick of It All, <strong>Questions<\/strong> y injecte une dose de thrash dans les riffs et une rage tr\u00e8s locale, nourrie par le contexte social et politique br\u00e9silien. Leur musique puise dans l\u2019\u00e9nergie brute du hardcore, tout en gardant un message clair\u202f: antifa, antiraciste, ancr\u00e9 dans les luttes populaires. R\u00e9pression polici\u00e8re, racisme structurel, destruction de l\u2019Amazonie, exclusion sociale : les textes ne m\u00e2chent pas leurs mots, et parlent pour celles et ceux qu\u2019on fait taire.<\/p>\n\n\n\n<p>Leur discographie est dense, et leur trajectoire solide. Ils ont \u00e9cum\u00e9 les sc\u00e8nes d\u2019Europe et d\u2019Am\u00e9rique du Sud, partag\u00e9 l\u2019affiche avec des l\u00e9gendes (Sepultura, Ratos de Por\u00e3o, Madball\u2026) et sont devenus, au fil des ann\u00e9es, une r\u00e9f\u00e9rence du hardcore latino-am\u00e9ricain. En studio comme en live, leur engagement ne faiblit jamais.<\/p>\n\n\n<div data-block-name=\"woocommerce\/product-category\" data-categories=\"[73]\" data-columns=\"1\" data-rows=\"1\" class=\"wc-block-grid wp-block-product-category wp-block-woocommerce-product-category wc-block-product-category has-1-columns\"><ul class=\"wc-block-grid__products\"><li class=\"wc-block-grid__product\">\n\t\t\t\t<a href=\"https:\/\/dispear-records.com\/index.php\/produit\/cassette-questions-todxs\/\" class=\"wc-block-grid__product-link\">\n\t\t\t\t\t\n\t\t\t\t\t<div class=\"wc-block-grid__product-image\"><img loading=\"lazy\" decoding=\"async\" width=\"324\" height=\"324\" src=\"https:\/\/dispear-records.com\/wp-content\/uploads\/2025\/06\/IMG_3458-copie-800-324x324.jpg\" class=\"attachment-woocommerce_thumbnail size-woocommerce_thumbnail\" alt=\"[Cassette] Questions - Todxs\" srcset=\"https:\/\/dispear-records.com\/wp-content\/uploads\/2025\/06\/IMG_3458-copie-800-324x324.jpg 324w, https:\/\/dispear-records.com\/wp-content\/uploads\/2025\/06\/IMG_3458-copie-800-300x300.jpg 300w, https:\/\/dispear-records.com\/wp-content\/uploads\/2025\/06\/IMG_3458-copie-800-150x150.jpg 150w, https:\/\/dispear-records.com\/wp-content\/uploads\/2025\/06\/IMG_3458-copie-800-768x768.jpg 768w, https:\/\/dispear-records.com\/wp-content\/uploads\/2025\/06\/IMG_3458-copie-800-416x416.jpg 416w, https:\/\/dispear-records.com\/wp-content\/uploads\/2025\/06\/IMG_3458-copie-800-100x100.jpg 100w, https:\/\/dispear-records.com\/wp-content\/uploads\/2025\/06\/IMG_3458-copie-800.jpg 800w\" sizes=\"auto, (max-width: 324px) 100vw, 324px\" \/><\/div>\n\t\t\t\t\t<div class=\"wc-block-grid__product-title\">[Cassette] Questions &#8211; Todxs<\/div>\n\t\t\t\t<\/a>\n\t\t\t\t<div class=\"wc-block-grid__product-price price\"><span class=\"woocommerce-Price-amount amount\">7,00<span class=\"woocommerce-Price-currencySymbol\">&euro;<\/span><\/span><\/div>\n\t\t\t\t\n\t\t\t\t<div class=\"wp-block-button wc-block-grid__product-add-to-cart\"><a href=\"\/index.php\/wp-json\/wp\/v2\/pages\/1052?add-to-cart=1044\" aria-label=\"Ajouter au panier\u00a0: &ldquo;[Cassette] Questions - Todxs&rdquo;\" data-quantity=\"1\" data-product_id=\"1044\" data-product_sku=\"DSPR25039\" data-price=\"7\" rel=\"nofollow\" class=\"wp-block-button__link  add_to_cart_button ajax_add_to_cart\">Ajouter au panier<\/a><\/div>\n\t\t\t<\/li><\/ul><\/div>","protected":false},"excerpt":{"rendered":"<p>Questions na\u00eet en 2000 dans les rues de S\u00e3o Paulo, et n\u2019a depuis jamais rel\u00e2ch\u00e9 la pression. Vingt-cinq ans plus tard, le groupe est toujours l\u00e0, avec une \u00e9nergie intacte, gueule lev\u00e9e et poings serr\u00e9s. Hardcore DIY, dans l\u2019esprit comme dans le son. Fid\u00e8les \u00e0 une esth\u00e9tique old-school \u2014 celle du NYHC des ann\u00e9es 80-90, [&hellip;]<\/p>\n","protected":false},"author":1,"featured_media":0,"parent":0,"menu_order":0,"comment_status":"closed","ping_status":"closed","template":"","meta":{"footnotes":""},"class_list":["post-1052","page","type-page","status-publish","hentry"],"yoast_head":"<!-- This site is optimized with the Yoast SEO plugin v27.3 - https:\/\/yoast.com\/product\/yoast-seo-wordpress\/ -->\n<title>Questions - Dispear Records<\/title>\n<meta name=\"description\" content=\"R\u00e9f\u00e9rence du hardcore br\u00e9silien, Questions m\u00eale NYHC, thrash et conscience politique avec une \u00e9nergie DIY intacte depuis 25 ans !\" \/>\n<meta name=\"robots\" content=\"index, follow, max-snippet:-1, max-image-preview:large, max-video-preview:-1\" \/>\n<link rel=\"canonical\" href=\"https:\/\/dispear-records.com\/index.php\/questions-hardcore-sao-paulo-bresil\/\" \/>\n<meta property=\"og:locale\" content=\"fr_FR\" \/>\n<meta property=\"og:type\" content=\"article\" \/>\n<meta property=\"og:title\" content=\"Questions - Dispear Records\" \/>\n<meta property=\"og:description\" content=\"R\u00e9f\u00e9rence du hardcore br\u00e9silien, Questions m\u00eale NYHC, thrash et conscience politique avec une \u00e9nergie DIY intacte depuis 25 ans !\" \/>\n<meta property=\"og:url\" content=\"https:\/\/dispear-records.com\/index.php\/questions-hardcore-sao-paulo-bresil\/\" \/>\n<meta property=\"og:site_name\" content=\"Dispear Records\" \/>\n<meta property=\"article:modified_time\" content=\"2025-06-27T20:06:00+00:00\" \/>\n<meta property=\"og:image\" content=\"https:\/\/dispear-records.com\/wp-content\/uploads\/2025\/06\/464873420_8463402423715484_7114806856350801394_n.jpg\" \/>\n\t<meta property=\"og:image:width\" content=\"960\" \/>\n\t<meta property=\"og:image:height\" content=\"640\" \/>\n\t<meta property=\"og:image:type\" content=\"image\/jpeg\" \/>\n<meta name=\"twitter:card\" content=\"summary_large_image\" \/>\n<meta name=\"twitter:label1\" content=\"Dur\u00e9e de lecture estim\u00e9e\" \/>\n\t<meta name=\"twitter:data1\" content=\"2 minutes\" \/>\n<script type=\"application\/ld+json\" class=\"yoast-schema-graph\">{\"@context\":\"https:\\\/\\\/schema.org\",\"@graph\":[{\"@type\":\"WebPage\",\"@id\":\"https:\\\/\\\/dispear-records.com\\\/index.php\\\/questions-hardcore-sao-paulo-bresil\\\/\",\"url\":\"https:\\\/\\\/dispear-records.com\\\/index.php\\\/questions-hardcore-sao-paulo-bresil\\\/\",\"name\":\"Questions - Dispear Records\",\"isPartOf\":{\"@id\":\"https:\\\/\\\/dispear-records.com\\\/#website\"},\"primaryImageOfPage\":{\"@id\":\"https:\\\/\\\/dispear-records.com\\\/index.php\\\/questions-hardcore-sao-paulo-bresil\\\/#primaryimage\"},\"image\":{\"@id\":\"https:\\\/\\\/dispear-records.com\\\/index.php\\\/questions-hardcore-sao-paulo-bresil\\\/#primaryimage\"},\"thumbnailUrl\":\"https:\\\/\\\/dispear-records.com\\\/wp-content\\\/uploads\\\/2025\\\/06\\\/464873420_8463402423715484_7114806856350801394_n.jpg\",\"datePublished\":\"2025-06-27T20:05:59+00:00\",\"dateModified\":\"2025-06-27T20:06:00+00:00\",\"description\":\"R\u00e9f\u00e9rence du hardcore br\u00e9silien, Questions m\u00eale NYHC, thrash et conscience politique avec une \u00e9nergie DIY intacte depuis 25 ans !\",\"breadcrumb\":{\"@id\":\"https:\\\/\\\/dispear-records.com\\\/index.php\\\/questions-hardcore-sao-paulo-bresil\\\/#breadcrumb\"},\"inLanguage\":\"fr-FR\",\"potentialAction\":[{\"@type\":\"ReadAction\",\"target\":[\"https:\\\/\\\/dispear-records.com\\\/index.php\\\/questions-hardcore-sao-paulo-bresil\\\/\"]}]},{\"@type\":\"ImageObject\",\"inLanguage\":\"fr-FR\",\"@id\":\"https:\\\/\\\/dispear-records.com\\\/index.php\\\/questions-hardcore-sao-paulo-bresil\\\/#primaryimage\",\"url\":\"https:\\\/\\\/dispear-records.com\\\/wp-content\\\/uploads\\\/2025\\\/06\\\/464873420_8463402423715484_7114806856350801394_n.jpg\",\"contentUrl\":\"https:\\\/\\\/dispear-records.com\\\/wp-content\\\/uploads\\\/2025\\\/06\\\/464873420_8463402423715484_7114806856350801394_n.jpg\",\"width\":960,\"height\":640},{\"@type\":\"BreadcrumbList\",\"@id\":\"https:\\\/\\\/dispear-records.com\\\/index.php\\\/questions-hardcore-sao-paulo-bresil\\\/#breadcrumb\",\"itemListElement\":[{\"@type\":\"ListItem\",\"position\":1,\"name\":\"Accueil\",\"item\":\"https:\\\/\\\/dispear-records.com\\\/\"},{\"@type\":\"ListItem\",\"position\":2,\"name\":\"Questions\"}]},{\"@type\":\"WebSite\",\"@id\":\"https:\\\/\\\/dispear-records.com\\\/#website\",\"url\":\"https:\\\/\\\/dispear-records.com\\\/\",\"name\":\"Dispear Records\",\"description\":\"DIY punk &amp; hardcore label\",\"publisher\":{\"@id\":\"https:\\\/\\\/dispear-records.com\\\/#organization\"},\"potentialAction\":[{\"@type\":\"SearchAction\",\"target\":{\"@type\":\"EntryPoint\",\"urlTemplate\":\"https:\\\/\\\/dispear-records.com\\\/?s={search_term_string}\"},\"query-input\":{\"@type\":\"PropertyValueSpecification\",\"valueRequired\":true,\"valueName\":\"search_term_string\"}}],\"inLanguage\":\"fr-FR\"},{\"@type\":\"Organization\",\"@id\":\"https:\\\/\\\/dispear-records.com\\\/#organization\",\"name\":\"Dispear Records\",\"url\":\"https:\\\/\\\/dispear-records.com\\\/\",\"logo\":{\"@type\":\"ImageObject\",\"inLanguage\":\"fr-FR\",\"@id\":\"https:\\\/\\\/dispear-records.com\\\/#\\\/schema\\\/logo\\\/image\\\/\",\"url\":\"https:\\\/\\\/dispear-records.com\\\/wp-content\\\/uploads\\\/2021\\\/06\\\/cropped-cropped-dispear.png\",\"contentUrl\":\"https:\\\/\\\/dispear-records.com\\\/wp-content\\\/uploads\\\/2021\\\/06\\\/cropped-cropped-dispear.png\",\"width\":2592,\"height\":709,\"caption\":\"Dispear Records\"},\"image\":{\"@id\":\"https:\\\/\\\/dispear-records.com\\\/#\\\/schema\\\/logo\\\/image\\\/\"}}]}<\/script>\n<!-- \/ Yoast SEO plugin. -->","yoast_head_json":{"title":"Questions - Dispear Records","description":"R\u00e9f\u00e9rence du hardcore br\u00e9silien, Questions m\u00eale NYHC, thrash et conscience politique avec une \u00e9nergie DIY intacte depuis 25 ans !","robots":{"index":"index","follow":"follow","max-snippet":"max-snippet:-1","max-image-preview":"max-image-preview:large","max-video-preview":"max-video-preview:-1"},"canonical":"https:\/\/dispear-records.com\/index.php\/questions-hardcore-sao-paulo-bresil\/","og_locale":"fr_FR","og_type":"article","og_title":"Questions - Dispear Records","og_description":"R\u00e9f\u00e9rence du hardcore br\u00e9silien, Questions m\u00eale NYHC, thrash et conscience politique avec une \u00e9nergie DIY intacte depuis 25 ans !","og_url":"https:\/\/dispear-records.com\/index.php\/questions-hardcore-sao-paulo-bresil\/","og_site_name":"Dispear Records","article_modified_time":"2025-06-27T20:06:00+00:00","og_image":[{"width":960,"height":640,"url":"https:\/\/dispear-records.com\/wp-content\/uploads\/2025\/06\/464873420_8463402423715484_7114806856350801394_n.jpg","type":"image\/jpeg"}],"twitter_card":"summary_large_image","twitter_misc":{"Dur\u00e9e de lecture estim\u00e9e":"2 minutes"},"schema":{"@context":"https:\/\/schema.org","@graph":[{"@type":"WebPage","@id":"https:\/\/dispear-records.com\/index.php\/questions-hardcore-sao-paulo-bresil\/","url":"https:\/\/dispear-records.com\/index.php\/questions-hardcore-sao-paulo-bresil\/","name":"Questions - Dispear Records","isPartOf":{"@id":"https:\/\/dispear-records.com\/#website"},"primaryImageOfPage":{"@id":"https:\/\/dispear-records.com\/index.php\/questions-hardcore-sao-paulo-bresil\/#primaryimage"},"image":{"@id":"https:\/\/dispear-records.com\/index.php\/questions-hardcore-sao-paulo-bresil\/#primaryimage"},"thumbnailUrl":"https:\/\/dispear-records.com\/wp-content\/uploads\/2025\/06\/464873420_8463402423715484_7114806856350801394_n.jpg","datePublished":"2025-06-27T20:05:59+00:00","dateModified":"2025-06-27T20:06:00+00:00","description":"R\u00e9f\u00e9rence du hardcore br\u00e9silien, Questions m\u00eale NYHC, thrash et conscience politique avec une \u00e9nergie DIY intacte depuis 25 ans !","breadcrumb":{"@id":"https:\/\/dispear-records.com\/index.php\/questions-hardcore-sao-paulo-bresil\/#breadcrumb"},"inLanguage":"fr-FR","potentialAction":[{"@type":"ReadAction","target":["https:\/\/dispear-records.com\/index.php\/questions-hardcore-sao-paulo-bresil\/"]}]},{"@type":"ImageObject","inLanguage":"fr-FR","@id":"https:\/\/dispear-records.com\/index.php\/questions-hardcore-sao-paulo-bresil\/#primaryimage","url":"https:\/\/dispear-records.com\/wp-content\/uploads\/2025\/06\/464873420_8463402423715484_7114806856350801394_n.jpg","contentUrl":"https:\/\/dispear-records.com\/wp-content\/uploads\/2025\/06\/464873420_8463402423715484_7114806856350801394_n.jpg","width":960,"height":640},{"@type":"BreadcrumbList","@id":"https:\/\/dispear-records.com\/index.php\/questions-hardcore-sao-paulo-bresil\/#breadcrumb","itemListElement":[{"@type":"ListItem","position":1,"name":"Accueil","item":"https:\/\/dispear-records.com\/"},{"@type":"ListItem","position":2,"name":"Questions"}]},{"@type":"WebSite","@id":"https:\/\/dispear-records.com\/#website","url":"https:\/\/dispear-records.com\/","name":"Dispear Records","description":"DIY punk &amp; hardcore label","publisher":{"@id":"https:\/\/dispear-records.com\/#organization"},"potentialAction":[{"@type":"SearchAction","target":{"@type":"EntryPoint","urlTemplate":"https:\/\/dispear-records.com\/?s={search_term_string}"},"query-input":{"@type":"PropertyValueSpecification","valueRequired":true,"valueName":"search_term_string"}}],"inLanguage":"fr-FR"},{"@type":"Organization","@id":"https:\/\/dispear-records.com\/#organization","name":"Dispear Records","url":"https:\/\/dispear-records.com\/","logo":{"@type":"ImageObject","inLanguage":"fr-FR","@id":"https:\/\/dispear-records.com\/#\/schema\/logo\/image\/","url":"https:\/\/dispear-records.com\/wp-content\/uploads\/2021\/06\/cropped-cropped-dispear.png","contentUrl":"https:\/\/dispear-records.com\/wp-content\/uploads\/2021\/06\/cropped-cropped-dispear.png","width":2592,"height":709,"caption":"Dispear Records"},"image":{"@id":"https:\/\/dispear-records.com\/#\/schema\/logo\/image\/"}}]}},"_links":{"self":[{"href":"https:\/\/dispear-records.com\/index.php\/wp-json\/wp\/v2\/pages\/1052","targetHints":{"allow":["GET"]}}],"collection":[{"href":"https:\/\/dispear-records.com\/index.php\/wp-json\/wp\/v2\/pages"}],"about":[{"href":"https:\/\/dispear-records.com\/index.php\/wp-json\/wp\/v2\/types\/page"}],"author":[{"embeddable":true,"href":"https:\/\/dispear-records.com\/index.php\/wp-json\/wp\/v2\/users\/1"}],"replies":[{"embeddable":true,"href":"https:\/\/dispear-records.com\/index.php\/wp-json\/wp\/v2\/comments?post=1052"}],"version-history":[{"count":1,"href":"https:\/\/dispear-records.com\/index.php\/wp-json\/wp\/v2\/pages\/1052\/revisions"}],"predecessor-version":[{"id":1054,"href":"https:\/\/dispear-records.com\/index.php\/wp-json\/wp\/v2\/pages\/1052\/revisions\/1054"}],"wp:attachment":[{"href":"https:\/\/dispear-records.com\/index.php\/wp-json\/wp\/v2\/media?parent=1052"}],"curies":[{"name":"wp","href":"https:\/\/api.w.org\/{rel}","templated":true}]}}