{"id":115,"date":"2021-06-27T18:37:03","date_gmt":"2021-06-27T16:37:03","guid":{"rendered":"https:\/\/dispear-records.com\/?page_id=115"},"modified":"2025-03-12T12:10:04","modified_gmt":"2025-03-12T11:10:04","slug":"kuma-no-motor-hardcore-punk-bayonne","status":"publish","type":"page","link":"https:\/\/dispear-records.com\/index.php\/kuma-no-motor-hardcore-punk-bayonne\/","title":{"rendered":"Kuma No Motor"},"content":{"rendered":"\n<div class=\"wp-block-group\"><div class=\"wp-block-group__inner-container is-layout-flow wp-block-group-is-layout-flow\">\n<figure class=\"wp-block-image size-large\"><img loading=\"lazy\" decoding=\"async\" width=\"1024\" height=\"682\" src=\"https:\/\/dispear-records.com\/wp-content\/uploads\/2024\/08\/DSC05671-\u00a9-sabina-hourcade-1024x682.jpg\" alt=\"\" class=\"wp-image-785\" srcset=\"https:\/\/dispear-records.com\/wp-content\/uploads\/2024\/08\/DSC05671-\u00a9-sabina-hourcade-1024x682.jpg 1024w, https:\/\/dispear-records.com\/wp-content\/uploads\/2024\/08\/DSC05671-\u00a9-sabina-hourcade-300x200.jpg 300w, https:\/\/dispear-records.com\/wp-content\/uploads\/2024\/08\/DSC05671-\u00a9-sabina-hourcade-768x512.jpg 768w, https:\/\/dispear-records.com\/wp-content\/uploads\/2024\/08\/DSC05671-\u00a9-sabina-hourcade-1536x1024.jpg 1536w, https:\/\/dispear-records.com\/wp-content\/uploads\/2024\/08\/DSC05671-\u00a9-sabina-hourcade-416x277.jpg 416w, https:\/\/dispear-records.com\/wp-content\/uploads\/2024\/08\/DSC05671-\u00a9-sabina-hourcade.jpg 2000w\" sizes=\"auto, (max-width: 1024px) 100vw, 1024px\" \/><\/figure>\n<\/div><\/div>\n\n\n\n<p>Power trio de Bayonne, <strong>Kuma No Motor<\/strong> envoie depuis plus d\u2019une dizaine d\u2019ann\u00e9e un punk hardcore brutal fa\u00e7on vieille \u00e9cole. Avec une centaine de concerts \u00e0 leur actif principalement sur le Pays Basque, ils ont aussi tourn\u00e9 en France, Portugal, Espagne, et ont ouvert pour des groupes comme OFF!, Terror ou encore Hatebreed. Ca joue fort, \u00e7a joue vite, des chansons qui d\u00e9passent rarement la minute et demi. En basque, leurs textes politiques et sociaux critiquent frontalement l\u2019immobilisme et la r\u00e9signation, mais reconnaissent aussi nos peurs et notre noirceur. Avec des influences \u00e0 chercher autant dans le hardcore 80ies am\u00e9ricain que dans le d-beat su\u00e9dois, leur live est une explosion de puissance brute.<\/p>\n\n\n\n<p>Tu veux de l&rsquo;euskara ? Ok on a :<\/p>\n\n\n\n<pre class=\"wp-block-verse\">Badu hamar bat urte Baionako hirukoteak tokiko punk-hardcore eszenan azkarki parte hartzen duela. 100 bat kontzertu eman ditu orain arte, Euskal Herrian bereziki, baina baita Frantzian, Portugalen eta Espainian ere. Hala, OFF!, Terror edo Hatebreed bezalako taldeekin jotzeko parada izan du. Kuma No Motorek eskola zaharreko hardcore-punk musika jotzen du. Ziztu bizian, ozen, minutu erdiko kantuak bat bestearen ondotik jotzen ditu. Euskaraz, hitz politikoak eta sozialak idatzi ditu, geldikeria eta etsipena gogorki kritikatuz, baina baita beldurrak eta gogo iluntasuna aipatuz ere. Estatu Batuetako 1980ko hamarkadako hardcorea edo Suediako d-beat musikaren artean, taldearen zuzenekoak arras leherkorrak dira.<\/pre>\n\n\n\n<div style=\"height:46px\" aria-hidden=\"true\" class=\"wp-block-spacer\"><\/div>\n\n\n<div data-block-name=\"woocommerce\/product-category\" data-categories=\"[20]\" class=\"wc-block-grid wp-block-product-category wp-block-woocommerce-product-category wc-block-product-category has-3-columns has-multiple-rows\"><ul class=\"wc-block-grid__products\"><li class=\"wc-block-grid__product\">\n\t\t\t\t<a href=\"https:\/\/dispear-records.com\/index.php\/produit\/vinyle-kuma-no-motor-baiona-zikina\/\" class=\"wc-block-grid__product-link\">\n\t\t\t\t\t\n\t\t\t\t\t<div class=\"wc-block-grid__product-image\"><img loading=\"lazy\" decoding=\"async\" width=\"324\" height=\"324\" src=\"https:\/\/dispear-records.com\/wp-content\/uploads\/2023\/11\/IMG_0575-1000-324x324.jpg\" class=\"attachment-woocommerce_thumbnail size-woocommerce_thumbnail\" alt=\"[Vinyle] Kuma No Motor - Baiona zikina\" srcset=\"https:\/\/dispear-records.com\/wp-content\/uploads\/2023\/11\/IMG_0575-1000-324x324.jpg 324w, https:\/\/dispear-records.com\/wp-content\/uploads\/2023\/11\/IMG_0575-1000-300x300.jpg 300w, https:\/\/dispear-records.com\/wp-content\/uploads\/2023\/11\/IMG_0575-1000-150x150.jpg 150w, https:\/\/dispear-records.com\/wp-content\/uploads\/2023\/11\/IMG_0575-1000-768x768.jpg 768w, https:\/\/dispear-records.com\/wp-content\/uploads\/2023\/11\/IMG_0575-1000-416x416.jpg 416w, https:\/\/dispear-records.com\/wp-content\/uploads\/2023\/11\/IMG_0575-1000-100x100.jpg 100w, https:\/\/dispear-records.com\/wp-content\/uploads\/2023\/11\/IMG_0575-1000.jpg 1000w\" sizes=\"auto, (max-width: 324px) 100vw, 324px\" \/><\/div>\n\t\t\t\t\t<div class=\"wc-block-grid__product-title\">[Vinyle] Kuma No Motor &#8211; Baiona zikina<\/div>\n\t\t\t\t<\/a>\n\t\t\t\t<div class=\"wc-block-grid__product-price price\"><span class=\"woocommerce-Price-amount amount\">15,00<span class=\"woocommerce-Price-currencySymbol\">&euro;<\/span><\/span><\/div>\n\t\t\t\t\n\t\t\t\t<div class=\"wp-block-button wc-block-grid__product-add-to-cart\"><a href=\"\/index.php\/wp-json\/wp\/v2\/pages\/115?add-to-cart=638\" aria-label=\"Ajouter au panier\u00a0: &ldquo;[Vinyle] Kuma No Motor - Baiona zikina&rdquo;\" data-quantity=\"1\" data-product_id=\"638\" data-product_sku=\"DSPR23018\" data-price=\"15\" rel=\"nofollow\" class=\"wp-block-button__link  add_to_cart_button ajax_add_to_cart\">Ajouter au panier<\/a><\/div>\n\t\t\t<\/li><li class=\"wc-block-grid__product\">\n\t\t\t\t<a href=\"https:\/\/dispear-records.com\/index.php\/produit\/cassette-kuma-no-motor-baiona-zikina\/\" class=\"wc-block-grid__product-link\">\n\t\t\t\t\t\n\t\t\t\t\t<div class=\"wc-block-grid__product-image\"><img loading=\"lazy\" decoding=\"async\" width=\"324\" height=\"324\" src=\"https:\/\/dispear-records.com\/wp-content\/uploads\/2023\/04\/IMG_3464-1000-324x324.jpg\" class=\"attachment-woocommerce_thumbnail size-woocommerce_thumbnail\" alt=\"SOLD OUT - [Cassette] Kuma No Motor - Baiona zikina\" srcset=\"https:\/\/dispear-records.com\/wp-content\/uploads\/2023\/04\/IMG_3464-1000-324x324.jpg 324w, https:\/\/dispear-records.com\/wp-content\/uploads\/2023\/04\/IMG_3464-1000-300x300.jpg 300w, https:\/\/dispear-records.com\/wp-content\/uploads\/2023\/04\/IMG_3464-1000-150x150.jpg 150w, https:\/\/dispear-records.com\/wp-content\/uploads\/2023\/04\/IMG_3464-1000-768x768.jpg 768w, https:\/\/dispear-records.com\/wp-content\/uploads\/2023\/04\/IMG_3464-1000-416x416.jpg 416w, https:\/\/dispear-records.com\/wp-content\/uploads\/2023\/04\/IMG_3464-1000-100x100.jpg 100w, https:\/\/dispear-records.com\/wp-content\/uploads\/2023\/04\/IMG_3464-1000.jpg 1000w\" sizes=\"auto, (max-width: 324px) 100vw, 324px\" \/><\/div>\n\t\t\t\t\t<div class=\"wc-block-grid__product-title\">SOLD OUT &#8211; [Cassette] Kuma No Motor &#8211; Baiona zikina<\/div>\n\t\t\t\t<\/a>\n\t\t\t\t<div class=\"wc-block-grid__product-price price\"><span class=\"woocommerce-Price-amount amount\">7,00<span class=\"woocommerce-Price-currencySymbol\">&euro;<\/span><\/span><\/div>\n\t\t\t\t\n\t\t\t\t<div class=\"wp-block-button wc-block-grid__product-add-to-cart\"><a href=\"https:\/\/dispear-records.com\/index.php\/produit\/cassette-kuma-no-motor-baiona-zikina\/\" aria-label=\"En savoir plus sur &ldquo;SOLD OUT - [Cassette] Kuma No Motor - Baiona zikina&rdquo;\" data-quantity=\"1\" data-product_id=\"537\" data-product_sku=\"DSPR23014\" data-price=\"7\" rel=\"nofollow\" class=\"wp-block-button__link  add_to_cart_button\">Lire la suite<\/a><\/div>\n\t\t\t<\/li><li class=\"wc-block-grid__product\">\n\t\t\t\t<a href=\"https:\/\/dispear-records.com\/index.php\/produit\/cassette-kuma-no-motor-s-t\/\" class=\"wc-block-grid__product-link\">\n\t\t\t\t\t\n\t\t\t\t\t<div class=\"wc-block-grid__product-image\"><img loading=\"lazy\" decoding=\"async\" width=\"324\" height=\"324\" src=\"https:\/\/dispear-records.com\/wp-content\/uploads\/2021\/07\/IMG_0160-324x324.jpg\" class=\"attachment-woocommerce_thumbnail size-woocommerce_thumbnail\" alt=\"SOLD OUT - [Cassette] Kuma No Motor - s\/t\" srcset=\"https:\/\/dispear-records.com\/wp-content\/uploads\/2021\/07\/IMG_0160-324x324.jpg 324w, https:\/\/dispear-records.com\/wp-content\/uploads\/2021\/07\/IMG_0160-300x300.jpg 300w, https:\/\/dispear-records.com\/wp-content\/uploads\/2021\/07\/IMG_0160-150x150.jpg 150w, https:\/\/dispear-records.com\/wp-content\/uploads\/2021\/07\/IMG_0160-768x768.jpg 768w, https:\/\/dispear-records.com\/wp-content\/uploads\/2021\/07\/IMG_0160-416x416.jpg 416w, https:\/\/dispear-records.com\/wp-content\/uploads\/2021\/07\/IMG_0160-100x100.jpg 100w, https:\/\/dispear-records.com\/wp-content\/uploads\/2021\/07\/IMG_0160.jpg 939w\" sizes=\"auto, (max-width: 324px) 100vw, 324px\" \/><\/div>\n\t\t\t\t\t<div class=\"wc-block-grid__product-title\">SOLD OUT &#8211; [Cassette] Kuma No Motor &#8211; s\/t<\/div>\n\t\t\t\t<\/a>\n\t\t\t\t<div class=\"wc-block-grid__product-price price\"><span class=\"woocommerce-Price-amount amount\">7,00<span class=\"woocommerce-Price-currencySymbol\">&euro;<\/span><\/span><\/div>\n\t\t\t\t\n\t\t\t\t<div class=\"wp-block-button wc-block-grid__product-add-to-cart\"><a href=\"https:\/\/dispear-records.com\/index.php\/produit\/cassette-kuma-no-motor-s-t\/\" aria-label=\"En savoir plus sur &ldquo;SOLD OUT - [Cassette] Kuma No Motor - s\/t&rdquo;\" data-quantity=\"1\" data-product_id=\"13\" data-product_sku=\"DSPR21002\" data-price=\"7\" rel=\"nofollow\" class=\"wp-block-button__link  add_to_cart_button\">Lire la suite<\/a><\/div>\n\t\t\t<\/li><\/ul><\/div>\n\n\n<center><table><tbody><tr><td><iframe style=\"border: 0; width: 400px; height: 472px;\" src=\"https:\/\/bandcamp.com\/EmbeddedPlayer\/album=2943915086\/size=large\/bgcol=ffffff\/linkcol=333333\/artwork=small\/transparent=true\/\" seamless=\"\"><a href=\"https:\/\/kumanomotor.bandcamp.com\/album\/baiona-zikina\">Baiona zikina de Kuma No Motor<\/a><\/iframe><\/td>\n<td><iframe style=\"border: 0; width: 400px; height: 472px;\" src=\"https:\/\/bandcamp.com\/EmbeddedPlayer\/album=3681436596\/size=large\/bgcol=ffffff\/linkcol=333333\/artwork=small\/transparent=true\/\" seamless=\"\"><a href=\"https:\/\/kumanomotor.bandcamp.com\/album\/s-t\">s\/t by Kuma No Motor<\/a><\/iframe><\/td>\n<\/tr><\/tbody><\/table><\/center>\n","protected":false},"excerpt":{"rendered":"<p>Power trio de Bayonne, Kuma No Motor envoie depuis plus d\u2019une dizaine d\u2019ann\u00e9e un punk hardcore brutal fa\u00e7on vieille \u00e9cole. Avec une centaine de concerts \u00e0 leur actif principalement sur le Pays Basque, ils ont aussi tourn\u00e9 en France, Portugal, Espagne, et ont ouvert pour des groupes comme OFF!, Terror ou encore Hatebreed. Ca joue [&hellip;]<\/p>\n","protected":false},"author":1,"featured_media":0,"parent":0,"menu_order":0,"comment_status":"closed","ping_status":"closed","template":"","meta":{"footnotes":""},"class_list":["post-115","page","type-page","status-publish","hentry"],"yoast_head":"<!-- This site is optimized with the Yoast SEO plugin v27.5 - https:\/\/yoast.com\/product\/yoast-seo-wordpress\/ -->\n<title>Kuma No Motor - Dispear Records - DIY punk &amp; hardcore label<\/title>\n<meta name=\"description\" content=\"Power trio de Bayonne, Kuma No Motor envoie un punk hardcore brutal entre dbeat nordique et hardcore 80ies.\" \/>\n<meta name=\"robots\" content=\"index, follow, max-snippet:-1, max-image-preview:large, max-video-preview:-1\" \/>\n<link rel=\"canonical\" href=\"https:\/\/dispear-records.com\/index.php\/kuma-no-motor-hardcore-punk-bayonne\/\" \/>\n<meta property=\"og:locale\" content=\"fr_FR\" \/>\n<meta property=\"og:type\" content=\"article\" \/>\n<meta property=\"og:title\" content=\"Kuma No Motor - Dispear Records - DIY punk &amp; hardcore label\" \/>\n<meta property=\"og:description\" content=\"Power trio de Bayonne, Kuma No Motor envoie un punk hardcore brutal entre dbeat nordique et hardcore 80ies.\" \/>\n<meta property=\"og:url\" content=\"https:\/\/dispear-records.com\/index.php\/kuma-no-motor-hardcore-punk-bayonne\/\" \/>\n<meta property=\"og:site_name\" content=\"Dispear Records\" \/>\n<meta property=\"article:modified_time\" content=\"2025-03-12T11:10:04+00:00\" \/>\n<meta name=\"twitter:card\" content=\"summary_large_image\" \/>\n<meta name=\"twitter:label1\" content=\"Dur\u00e9e de lecture estim\u00e9e\" \/>\n\t<meta name=\"twitter:data1\" content=\"1 minute\" \/>\n<script type=\"application\/ld+json\" class=\"yoast-schema-graph\">{\"@context\":\"https:\\\/\\\/schema.org\",\"@graph\":[{\"@type\":\"WebPage\",\"@id\":\"https:\\\/\\\/dispear-records.com\\\/index.php\\\/kuma-no-motor-hardcore-punk-bayonne\\\/\",\"url\":\"https:\\\/\\\/dispear-records.com\\\/index.php\\\/kuma-no-motor-hardcore-punk-bayonne\\\/\",\"name\":\"Kuma No Motor - Dispear Records - DIY punk &amp; hardcore label\",\"isPartOf\":{\"@id\":\"https:\\\/\\\/dispear-records.com\\\/#website\"},\"datePublished\":\"2021-06-27T16:37:03+00:00\",\"dateModified\":\"2025-03-12T11:10:04+00:00\",\"description\":\"Power trio de Bayonne, Kuma No Motor envoie un punk hardcore brutal entre dbeat nordique et hardcore 80ies.\",\"breadcrumb\":{\"@id\":\"https:\\\/\\\/dispear-records.com\\\/index.php\\\/kuma-no-motor-hardcore-punk-bayonne\\\/#breadcrumb\"},\"inLanguage\":\"fr-FR\",\"potentialAction\":[{\"@type\":\"ReadAction\",\"target\":[\"https:\\\/\\\/dispear-records.com\\\/index.php\\\/kuma-no-motor-hardcore-punk-bayonne\\\/\"]}]},{\"@type\":\"BreadcrumbList\",\"@id\":\"https:\\\/\\\/dispear-records.com\\\/index.php\\\/kuma-no-motor-hardcore-punk-bayonne\\\/#breadcrumb\",\"itemListElement\":[{\"@type\":\"ListItem\",\"position\":1,\"name\":\"Accueil\",\"item\":\"https:\\\/\\\/dispear-records.com\\\/\"},{\"@type\":\"ListItem\",\"position\":2,\"name\":\"Kuma No Motor\"}]},{\"@type\":\"WebSite\",\"@id\":\"https:\\\/\\\/dispear-records.com\\\/#website\",\"url\":\"https:\\\/\\\/dispear-records.com\\\/\",\"name\":\"Dispear Records\",\"description\":\"DIY punk &amp; hardcore label\",\"publisher\":{\"@id\":\"https:\\\/\\\/dispear-records.com\\\/#organization\"},\"potentialAction\":[{\"@type\":\"SearchAction\",\"target\":{\"@type\":\"EntryPoint\",\"urlTemplate\":\"https:\\\/\\\/dispear-records.com\\\/?s={search_term_string}\"},\"query-input\":{\"@type\":\"PropertyValueSpecification\",\"valueRequired\":true,\"valueName\":\"search_term_string\"}}],\"inLanguage\":\"fr-FR\"},{\"@type\":\"Organization\",\"@id\":\"https:\\\/\\\/dispear-records.com\\\/#organization\",\"name\":\"Dispear Records\",\"url\":\"https:\\\/\\\/dispear-records.com\\\/\",\"logo\":{\"@type\":\"ImageObject\",\"inLanguage\":\"fr-FR\",\"@id\":\"https:\\\/\\\/dispear-records.com\\\/#\\\/schema\\\/logo\\\/image\\\/\",\"url\":\"https:\\\/\\\/dispear-records.com\\\/wp-content\\\/uploads\\\/2021\\\/06\\\/cropped-cropped-dispear.png\",\"contentUrl\":\"https:\\\/\\\/dispear-records.com\\\/wp-content\\\/uploads\\\/2021\\\/06\\\/cropped-cropped-dispear.png\",\"width\":2592,\"height\":709,\"caption\":\"Dispear Records\"},\"image\":{\"@id\":\"https:\\\/\\\/dispear-records.com\\\/#\\\/schema\\\/logo\\\/image\\\/\"}}]}<\/script>\n<!-- \/ Yoast SEO plugin. -->","yoast_head_json":{"title":"Kuma No Motor - Dispear Records - DIY punk &amp; hardcore label","description":"Power trio de Bayonne, Kuma No Motor envoie un punk hardcore brutal entre dbeat nordique et hardcore 80ies.","robots":{"index":"index","follow":"follow","max-snippet":"max-snippet:-1","max-image-preview":"max-image-preview:large","max-video-preview":"max-video-preview:-1"},"canonical":"https:\/\/dispear-records.com\/index.php\/kuma-no-motor-hardcore-punk-bayonne\/","og_locale":"fr_FR","og_type":"article","og_title":"Kuma No Motor - Dispear Records - DIY punk &amp; hardcore label","og_description":"Power trio de Bayonne, Kuma No Motor envoie un punk hardcore brutal entre dbeat nordique et hardcore 80ies.","og_url":"https:\/\/dispear-records.com\/index.php\/kuma-no-motor-hardcore-punk-bayonne\/","og_site_name":"Dispear Records","article_modified_time":"2025-03-12T11:10:04+00:00","twitter_card":"summary_large_image","twitter_misc":{"Dur\u00e9e de lecture estim\u00e9e":"1 minute"},"schema":{"@context":"https:\/\/schema.org","@graph":[{"@type":"WebPage","@id":"https:\/\/dispear-records.com\/index.php\/kuma-no-motor-hardcore-punk-bayonne\/","url":"https:\/\/dispear-records.com\/index.php\/kuma-no-motor-hardcore-punk-bayonne\/","name":"Kuma No Motor - Dispear Records - DIY punk &amp; hardcore label","isPartOf":{"@id":"https:\/\/dispear-records.com\/#website"},"datePublished":"2021-06-27T16:37:03+00:00","dateModified":"2025-03-12T11:10:04+00:00","description":"Power trio de Bayonne, Kuma No Motor envoie un punk hardcore brutal entre dbeat nordique et hardcore 80ies.","breadcrumb":{"@id":"https:\/\/dispear-records.com\/index.php\/kuma-no-motor-hardcore-punk-bayonne\/#breadcrumb"},"inLanguage":"fr-FR","potentialAction":[{"@type":"ReadAction","target":["https:\/\/dispear-records.com\/index.php\/kuma-no-motor-hardcore-punk-bayonne\/"]}]},{"@type":"BreadcrumbList","@id":"https:\/\/dispear-records.com\/index.php\/kuma-no-motor-hardcore-punk-bayonne\/#breadcrumb","itemListElement":[{"@type":"ListItem","position":1,"name":"Accueil","item":"https:\/\/dispear-records.com\/"},{"@type":"ListItem","position":2,"name":"Kuma No Motor"}]},{"@type":"WebSite","@id":"https:\/\/dispear-records.com\/#website","url":"https:\/\/dispear-records.com\/","name":"Dispear Records","description":"DIY punk &amp; hardcore label","publisher":{"@id":"https:\/\/dispear-records.com\/#organization"},"potentialAction":[{"@type":"SearchAction","target":{"@type":"EntryPoint","urlTemplate":"https:\/\/dispear-records.com\/?s={search_term_string}"},"query-input":{"@type":"PropertyValueSpecification","valueRequired":true,"valueName":"search_term_string"}}],"inLanguage":"fr-FR"},{"@type":"Organization","@id":"https:\/\/dispear-records.com\/#organization","name":"Dispear Records","url":"https:\/\/dispear-records.com\/","logo":{"@type":"ImageObject","inLanguage":"fr-FR","@id":"https:\/\/dispear-records.com\/#\/schema\/logo\/image\/","url":"https:\/\/dispear-records.com\/wp-content\/uploads\/2021\/06\/cropped-cropped-dispear.png","contentUrl":"https:\/\/dispear-records.com\/wp-content\/uploads\/2021\/06\/cropped-cropped-dispear.png","width":2592,"height":709,"caption":"Dispear Records"},"image":{"@id":"https:\/\/dispear-records.com\/#\/schema\/logo\/image\/"}}]}},"_links":{"self":[{"href":"https:\/\/dispear-records.com\/index.php\/wp-json\/wp\/v2\/pages\/115","targetHints":{"allow":["GET"]}}],"collection":[{"href":"https:\/\/dispear-records.com\/index.php\/wp-json\/wp\/v2\/pages"}],"about":[{"href":"https:\/\/dispear-records.com\/index.php\/wp-json\/wp\/v2\/types\/page"}],"author":[{"embeddable":true,"href":"https:\/\/dispear-records.com\/index.php\/wp-json\/wp\/v2\/users\/1"}],"replies":[{"embeddable":true,"href":"https:\/\/dispear-records.com\/index.php\/wp-json\/wp\/v2\/comments?post=115"}],"version-history":[{"count":15,"href":"https:\/\/dispear-records.com\/index.php\/wp-json\/wp\/v2\/pages\/115\/revisions"}],"predecessor-version":[{"id":924,"href":"https:\/\/dispear-records.com\/index.php\/wp-json\/wp\/v2\/pages\/115\/revisions\/924"}],"wp:attachment":[{"href":"https:\/\/dispear-records.com\/index.php\/wp-json\/wp\/v2\/media?parent=115"}],"curies":[{"name":"wp","href":"https:\/\/api.w.org\/{rel}","templated":true}]}}