{"id":1257,"date":"2026-02-07T20:54:06","date_gmt":"2026-02-07T19:54:06","guid":{"rendered":"https:\/\/dispear-records.com\/?page_id=1257"},"modified":"2026-02-07T21:30:12","modified_gmt":"2026-02-07T20:30:12","slug":"jetsex","status":"publish","type":"page","link":"https:\/\/dispear-records.com\/index.php\/jetsex\/","title":{"rendered":"Jetsex"},"content":{"rendered":"<div class=\"wp-block-image\">\n<figure class=\"aligncenter size-full is-resized\"><img loading=\"lazy\" decoding=\"async\" width=\"851\" height=\"851\" src=\"https:\/\/dispear-records.com\/wp-content\/uploads\/2026\/02\/JETSEX-2025.jpg\" alt=\"\" class=\"wp-image-1262\" style=\"width:432px;height:auto\" srcset=\"https:\/\/dispear-records.com\/wp-content\/uploads\/2026\/02\/JETSEX-2025.jpg 851w, https:\/\/dispear-records.com\/wp-content\/uploads\/2026\/02\/JETSEX-2025-300x300.jpg 300w, https:\/\/dispear-records.com\/wp-content\/uploads\/2026\/02\/JETSEX-2025-150x150.jpg 150w, https:\/\/dispear-records.com\/wp-content\/uploads\/2026\/02\/JETSEX-2025-768x768.jpg 768w, https:\/\/dispear-records.com\/wp-content\/uploads\/2026\/02\/JETSEX-2025-324x324.jpg 324w, https:\/\/dispear-records.com\/wp-content\/uploads\/2026\/02\/JETSEX-2025-416x416.jpg 416w, https:\/\/dispear-records.com\/wp-content\/uploads\/2026\/02\/JETSEX-2025-100x100.jpg 100w\" sizes=\"auto, (max-width: 851px) 100vw, 851px\" \/><\/figure>\n<\/div>\n\n\n<p>JETSEX est un groupe de punk rock form\u00e9 dans le quartier de Montparnasse \u00e0 Paris en 1998. R\u00e9put\u00e9 pour son \u00e9nergie sc\u00e9nique explosive et des textes m\u00ealant humour noir, critique sociale et absurdit\u00e9 po\u00e9tique, le groupe s\u2019est forg\u00e9 au fil des ann\u00e9es une r\u00e9putation culte au sein de la sc\u00e8ne punk rock et hardcore europ\u00e9enne.<\/p>\n\n\n\n<p>En plus de vingt ans d\u2019existence, JETSEX a produit plusieurs albums, EPs et split singles, et s\u2019est produit aux quatre coins du globe. Avec des collaborations marquantes, notamment des splits avec Murphy\u2019s Law ou Burning Heads, et le passage de Pierre (Burning Heads) \u00e0 la guitare dans le line up, Jetsex marque durablement la sc\u00e8ne. Le groupe encha\u00eene les tourn\u00e9es aux c\u00f4t\u00e9s de grands noms, en Europe, au Japon, au Mexique et aux \u00c9tats-Unis. Ses concerts, prestations folles \u00e0 la limite du chaos, contribuent \u00e0 forger sa r\u00e9putation. En se s\u00e9parant en 2011, Jetsex laisse derri\u00e8re lui une r\u00e9elle sensation de non-achev\u00e9.<\/p>\n\n\n\n<p>C\u2019est en 2024 que le groupe annonce son grand retour sur sc\u00e8ne. S\u2019ensuivent quelques concerts et beaucoup de compositions, ce qui nous am\u00e8ne tout naturellement au troisi\u00e8me album de Jetsex, \u201cDown! Down! Down!\u201d, sorti en 2026 chez Dispear Records, Kick Your Asso, Chanmax Records et Jazz Wreck.<\/p>\n\n\n<div data-block-name=\"woocommerce\/product-category\" data-categories=\"[80]\" data-columns=\"2\" data-rows=\"1\" class=\"wc-block-grid wp-block-product-category wp-block-woocommerce-product-category wc-block-product-category has-2-columns\"><ul class=\"wc-block-grid__products\"><li class=\"wc-block-grid__product\">\n\t\t\t\t<a href=\"https:\/\/dispear-records.com\/index.php\/produit\/vinyle-jetsex-down-down-down\/\" class=\"wc-block-grid__product-link\">\n\t\t\t\t\t\n\t\t\t\t\t<div class=\"wc-block-grid__product-image\"><img loading=\"lazy\" decoding=\"async\" width=\"324\" height=\"324\" src=\"https:\/\/dispear-records.com\/wp-content\/uploads\/2026\/02\/IMG_4354-carre-324x324.jpg\" class=\"attachment-woocommerce_thumbnail size-woocommerce_thumbnail\" alt=\"[Vinyle] Jetsex - Down, down, down\" srcset=\"https:\/\/dispear-records.com\/wp-content\/uploads\/2026\/02\/IMG_4354-carre-324x324.jpg 324w, https:\/\/dispear-records.com\/wp-content\/uploads\/2026\/02\/IMG_4354-carre-300x300.jpg 300w, https:\/\/dispear-records.com\/wp-content\/uploads\/2026\/02\/IMG_4354-carre-150x150.jpg 150w, https:\/\/dispear-records.com\/wp-content\/uploads\/2026\/02\/IMG_4354-carre-768x768.jpg 768w, https:\/\/dispear-records.com\/wp-content\/uploads\/2026\/02\/IMG_4354-carre-416x416.jpg 416w, https:\/\/dispear-records.com\/wp-content\/uploads\/2026\/02\/IMG_4354-carre-100x100.jpg 100w, https:\/\/dispear-records.com\/wp-content\/uploads\/2026\/02\/IMG_4354-carre.jpg 800w\" sizes=\"auto, (max-width: 324px) 100vw, 324px\" \/><\/div>\n\t\t\t\t\t<div class=\"wc-block-grid__product-title\">[Vinyle] Jetsex &#8211; Down, down, down<\/div>\n\t\t\t\t<\/a>\n\t\t\t\t<div class=\"wc-block-grid__product-price price\"><span class=\"woocommerce-Price-amount amount\">18,00<span class=\"woocommerce-Price-currencySymbol\">&euro;<\/span><\/span><\/div>\n\t\t\t\t\n\t\t\t\t<div class=\"wp-block-button wc-block-grid__product-add-to-cart\"><a href=\"\/index.php\/wp-json\/wp\/v2\/pages\/1257?add-to-cart=1259\" aria-label=\"Ajouter au panier\u00a0: &ldquo;[Vinyle] Jetsex - Down, down, down&rdquo;\" data-quantity=\"1\" data-product_id=\"1259\" data-product_sku=\"DSPR26050v\" data-price=\"18\" rel=\"nofollow\" class=\"wp-block-button__link  add_to_cart_button ajax_add_to_cart\">Ajouter au panier<\/a><\/div>\n\t\t\t<\/li><li class=\"wc-block-grid__product\">\n\t\t\t\t<a href=\"https:\/\/dispear-records.com\/index.php\/produit\/cassette-jetsex-down-down-down\/\" class=\"wc-block-grid__product-link\">\n\t\t\t\t\t\n\t\t\t\t\t<div class=\"wc-block-grid__product-image\"><img loading=\"lazy\" decoding=\"async\" width=\"324\" height=\"324\" src=\"https:\/\/dispear-records.com\/wp-content\/uploads\/2026\/02\/IMG_4439-copie-324x324.jpg\" class=\"attachment-woocommerce_thumbnail size-woocommerce_thumbnail\" alt=\"[Cassette] Jetsex - Down, down, down\" srcset=\"https:\/\/dispear-records.com\/wp-content\/uploads\/2026\/02\/IMG_4439-copie-324x324.jpg 324w, https:\/\/dispear-records.com\/wp-content\/uploads\/2026\/02\/IMG_4439-copie-300x300.jpg 300w, https:\/\/dispear-records.com\/wp-content\/uploads\/2026\/02\/IMG_4439-copie-150x150.jpg 150w, https:\/\/dispear-records.com\/wp-content\/uploads\/2026\/02\/IMG_4439-copie-768x768.jpg 768w, https:\/\/dispear-records.com\/wp-content\/uploads\/2026\/02\/IMG_4439-copie-416x416.jpg 416w, https:\/\/dispear-records.com\/wp-content\/uploads\/2026\/02\/IMG_4439-copie-100x100.jpg 100w, https:\/\/dispear-records.com\/wp-content\/uploads\/2026\/02\/IMG_4439-copie.jpg 800w\" sizes=\"auto, (max-width: 324px) 100vw, 324px\" \/><\/div>\n\t\t\t\t\t<div class=\"wc-block-grid__product-title\">[Cassette] Jetsex &#8211; Down, down, down<\/div>\n\t\t\t\t<\/a>\n\t\t\t\t<div class=\"wc-block-grid__product-price price\"><span class=\"woocommerce-Price-amount amount\">8,00<span class=\"woocommerce-Price-currencySymbol\">&euro;<\/span><\/span><\/div>\n\t\t\t\t\n\t\t\t\t<div class=\"wp-block-button wc-block-grid__product-add-to-cart\"><a href=\"\/index.php\/wp-json\/wp\/v2\/pages\/1257?add-to-cart=1258\" aria-label=\"Ajouter au panier\u00a0: &ldquo;[Cassette] Jetsex - Down, down, down&rdquo;\" data-quantity=\"1\" data-product_id=\"1258\" data-product_sku=\"DSPR26050\" data-price=\"8\" rel=\"nofollow\" class=\"wp-block-button__link  add_to_cart_button ajax_add_to_cart\">Ajouter au panier<\/a><\/div>\n\t\t\t<\/li><\/ul><\/div>\n\n\n<iframe style=\"border: 0; width: 400px; height: 472px;\" src=\"https:\/\/bandcamp.com\/EmbeddedPlayer\/album=3724077126\/size=large\/bgcol=ffffff\/linkcol=333333\/artwork=small\/transparent=true\/\" seamless=\"\"><a href=\"https:\/\/jetsex.bandcamp.com\/album\/down-down-down\">DOWN! DOWN! DOWN! de JETSEX<\/a><\/iframe>\n\n\n\n<p><\/p>\n","protected":false},"excerpt":{"rendered":"<p>JETSEX est un groupe de punk rock form\u00e9 dans le quartier de Montparnasse \u00e0 Paris en 1998. R\u00e9put\u00e9 pour son \u00e9nergie sc\u00e9nique explosive et des textes m\u00ealant humour noir, critique sociale et absurdit\u00e9 po\u00e9tique, le groupe s\u2019est forg\u00e9 au fil des ann\u00e9es une r\u00e9putation culte au sein de la sc\u00e8ne punk rock et hardcore europ\u00e9enne. [&hellip;]<\/p>\n","protected":false},"author":1,"featured_media":0,"parent":0,"menu_order":0,"comment_status":"closed","ping_status":"closed","template":"","meta":{"footnotes":""},"class_list":["post-1257","page","type-page","status-publish","hentry"],"yoast_head":"<!-- This site is optimized with the Yoast SEO plugin v27.5 - https:\/\/yoast.com\/product\/yoast-seo-wordpress\/ -->\n<title>Jetsex - Dispear Records<\/title>\n<meta name=\"robots\" content=\"index, follow, max-snippet:-1, max-image-preview:large, max-video-preview:-1\" \/>\n<link rel=\"canonical\" href=\"https:\/\/dispear-records.com\/index.php\/jetsex\/\" \/>\n<meta property=\"og:locale\" content=\"fr_FR\" \/>\n<meta property=\"og:type\" content=\"article\" \/>\n<meta property=\"og:title\" content=\"Jetsex - Dispear Records\" \/>\n<meta property=\"og:description\" content=\"JETSEX est un groupe de punk rock form\u00e9 dans le quartier de Montparnasse \u00e0 Paris en 1998. R\u00e9put\u00e9 pour son \u00e9nergie sc\u00e9nique explosive et des textes m\u00ealant humour noir, critique sociale et absurdit\u00e9 po\u00e9tique, le groupe s\u2019est forg\u00e9 au fil des ann\u00e9es une r\u00e9putation culte au sein de la sc\u00e8ne punk rock et hardcore europ\u00e9enne. [&hellip;]\" \/>\n<meta property=\"og:url\" content=\"https:\/\/dispear-records.com\/index.php\/jetsex\/\" \/>\n<meta property=\"og:site_name\" content=\"Dispear Records\" \/>\n<meta property=\"article:modified_time\" content=\"2026-02-07T20:30:12+00:00\" \/>\n<meta property=\"og:image\" content=\"https:\/\/dispear-records.com\/wp-content\/uploads\/2026\/02\/JETSEX-2025.jpg\" \/>\n\t<meta property=\"og:image:width\" content=\"851\" \/>\n\t<meta property=\"og:image:height\" content=\"851\" \/>\n\t<meta property=\"og:image:type\" content=\"image\/jpeg\" \/>\n<meta name=\"twitter:card\" content=\"summary_large_image\" \/>\n<meta name=\"twitter:label1\" content=\"Dur\u00e9e de lecture estim\u00e9e\" \/>\n\t<meta name=\"twitter:data1\" content=\"2 minutes\" \/>\n<script type=\"application\/ld+json\" class=\"yoast-schema-graph\">{\"@context\":\"https:\\\/\\\/schema.org\",\"@graph\":[{\"@type\":\"WebPage\",\"@id\":\"https:\\\/\\\/dispear-records.com\\\/index.php\\\/jetsex\\\/\",\"url\":\"https:\\\/\\\/dispear-records.com\\\/index.php\\\/jetsex\\\/\",\"name\":\"Jetsex - Dispear Records\",\"isPartOf\":{\"@id\":\"https:\\\/\\\/dispear-records.com\\\/#website\"},\"primaryImageOfPage\":{\"@id\":\"https:\\\/\\\/dispear-records.com\\\/index.php\\\/jetsex\\\/#primaryimage\"},\"image\":{\"@id\":\"https:\\\/\\\/dispear-records.com\\\/index.php\\\/jetsex\\\/#primaryimage\"},\"thumbnailUrl\":\"https:\\\/\\\/dispear-records.com\\\/wp-content\\\/uploads\\\/2026\\\/02\\\/JETSEX-2025.jpg\",\"datePublished\":\"2026-02-07T19:54:06+00:00\",\"dateModified\":\"2026-02-07T20:30:12+00:00\",\"breadcrumb\":{\"@id\":\"https:\\\/\\\/dispear-records.com\\\/index.php\\\/jetsex\\\/#breadcrumb\"},\"inLanguage\":\"fr-FR\",\"potentialAction\":[{\"@type\":\"ReadAction\",\"target\":[\"https:\\\/\\\/dispear-records.com\\\/index.php\\\/jetsex\\\/\"]}]},{\"@type\":\"ImageObject\",\"inLanguage\":\"fr-FR\",\"@id\":\"https:\\\/\\\/dispear-records.com\\\/index.php\\\/jetsex\\\/#primaryimage\",\"url\":\"https:\\\/\\\/dispear-records.com\\\/wp-content\\\/uploads\\\/2026\\\/02\\\/JETSEX-2025.jpg\",\"contentUrl\":\"https:\\\/\\\/dispear-records.com\\\/wp-content\\\/uploads\\\/2026\\\/02\\\/JETSEX-2025.jpg\",\"width\":851,\"height\":851},{\"@type\":\"BreadcrumbList\",\"@id\":\"https:\\\/\\\/dispear-records.com\\\/index.php\\\/jetsex\\\/#breadcrumb\",\"itemListElement\":[{\"@type\":\"ListItem\",\"position\":1,\"name\":\"Accueil\",\"item\":\"https:\\\/\\\/dispear-records.com\\\/\"},{\"@type\":\"ListItem\",\"position\":2,\"name\":\"Jetsex\"}]},{\"@type\":\"WebSite\",\"@id\":\"https:\\\/\\\/dispear-records.com\\\/#website\",\"url\":\"https:\\\/\\\/dispear-records.com\\\/\",\"name\":\"Dispear Records\",\"description\":\"DIY punk &amp; hardcore label\",\"publisher\":{\"@id\":\"https:\\\/\\\/dispear-records.com\\\/#organization\"},\"potentialAction\":[{\"@type\":\"SearchAction\",\"target\":{\"@type\":\"EntryPoint\",\"urlTemplate\":\"https:\\\/\\\/dispear-records.com\\\/?s={search_term_string}\"},\"query-input\":{\"@type\":\"PropertyValueSpecification\",\"valueRequired\":true,\"valueName\":\"search_term_string\"}}],\"inLanguage\":\"fr-FR\"},{\"@type\":\"Organization\",\"@id\":\"https:\\\/\\\/dispear-records.com\\\/#organization\",\"name\":\"Dispear Records\",\"url\":\"https:\\\/\\\/dispear-records.com\\\/\",\"logo\":{\"@type\":\"ImageObject\",\"inLanguage\":\"fr-FR\",\"@id\":\"https:\\\/\\\/dispear-records.com\\\/#\\\/schema\\\/logo\\\/image\\\/\",\"url\":\"https:\\\/\\\/dispear-records.com\\\/wp-content\\\/uploads\\\/2021\\\/06\\\/cropped-cropped-dispear.png\",\"contentUrl\":\"https:\\\/\\\/dispear-records.com\\\/wp-content\\\/uploads\\\/2021\\\/06\\\/cropped-cropped-dispear.png\",\"width\":2592,\"height\":709,\"caption\":\"Dispear Records\"},\"image\":{\"@id\":\"https:\\\/\\\/dispear-records.com\\\/#\\\/schema\\\/logo\\\/image\\\/\"}}]}<\/script>\n<!-- \/ Yoast SEO plugin. -->","yoast_head_json":{"title":"Jetsex - Dispear Records","robots":{"index":"index","follow":"follow","max-snippet":"max-snippet:-1","max-image-preview":"max-image-preview:large","max-video-preview":"max-video-preview:-1"},"canonical":"https:\/\/dispear-records.com\/index.php\/jetsex\/","og_locale":"fr_FR","og_type":"article","og_title":"Jetsex - Dispear Records","og_description":"JETSEX est un groupe de punk rock form\u00e9 dans le quartier de Montparnasse \u00e0 Paris en 1998. R\u00e9put\u00e9 pour son \u00e9nergie sc\u00e9nique explosive et des textes m\u00ealant humour noir, critique sociale et absurdit\u00e9 po\u00e9tique, le groupe s\u2019est forg\u00e9 au fil des ann\u00e9es une r\u00e9putation culte au sein de la sc\u00e8ne punk rock et hardcore europ\u00e9enne. [&hellip;]","og_url":"https:\/\/dispear-records.com\/index.php\/jetsex\/","og_site_name":"Dispear Records","article_modified_time":"2026-02-07T20:30:12+00:00","og_image":[{"width":851,"height":851,"url":"https:\/\/dispear-records.com\/wp-content\/uploads\/2026\/02\/JETSEX-2025.jpg","type":"image\/jpeg"}],"twitter_card":"summary_large_image","twitter_misc":{"Dur\u00e9e de lecture estim\u00e9e":"2 minutes"},"schema":{"@context":"https:\/\/schema.org","@graph":[{"@type":"WebPage","@id":"https:\/\/dispear-records.com\/index.php\/jetsex\/","url":"https:\/\/dispear-records.com\/index.php\/jetsex\/","name":"Jetsex - Dispear Records","isPartOf":{"@id":"https:\/\/dispear-records.com\/#website"},"primaryImageOfPage":{"@id":"https:\/\/dispear-records.com\/index.php\/jetsex\/#primaryimage"},"image":{"@id":"https:\/\/dispear-records.com\/index.php\/jetsex\/#primaryimage"},"thumbnailUrl":"https:\/\/dispear-records.com\/wp-content\/uploads\/2026\/02\/JETSEX-2025.jpg","datePublished":"2026-02-07T19:54:06+00:00","dateModified":"2026-02-07T20:30:12+00:00","breadcrumb":{"@id":"https:\/\/dispear-records.com\/index.php\/jetsex\/#breadcrumb"},"inLanguage":"fr-FR","potentialAction":[{"@type":"ReadAction","target":["https:\/\/dispear-records.com\/index.php\/jetsex\/"]}]},{"@type":"ImageObject","inLanguage":"fr-FR","@id":"https:\/\/dispear-records.com\/index.php\/jetsex\/#primaryimage","url":"https:\/\/dispear-records.com\/wp-content\/uploads\/2026\/02\/JETSEX-2025.jpg","contentUrl":"https:\/\/dispear-records.com\/wp-content\/uploads\/2026\/02\/JETSEX-2025.jpg","width":851,"height":851},{"@type":"BreadcrumbList","@id":"https:\/\/dispear-records.com\/index.php\/jetsex\/#breadcrumb","itemListElement":[{"@type":"ListItem","position":1,"name":"Accueil","item":"https:\/\/dispear-records.com\/"},{"@type":"ListItem","position":2,"name":"Jetsex"}]},{"@type":"WebSite","@id":"https:\/\/dispear-records.com\/#website","url":"https:\/\/dispear-records.com\/","name":"Dispear Records","description":"DIY punk &amp; hardcore label","publisher":{"@id":"https:\/\/dispear-records.com\/#organization"},"potentialAction":[{"@type":"SearchAction","target":{"@type":"EntryPoint","urlTemplate":"https:\/\/dispear-records.com\/?s={search_term_string}"},"query-input":{"@type":"PropertyValueSpecification","valueRequired":true,"valueName":"search_term_string"}}],"inLanguage":"fr-FR"},{"@type":"Organization","@id":"https:\/\/dispear-records.com\/#organization","name":"Dispear Records","url":"https:\/\/dispear-records.com\/","logo":{"@type":"ImageObject","inLanguage":"fr-FR","@id":"https:\/\/dispear-records.com\/#\/schema\/logo\/image\/","url":"https:\/\/dispear-records.com\/wp-content\/uploads\/2021\/06\/cropped-cropped-dispear.png","contentUrl":"https:\/\/dispear-records.com\/wp-content\/uploads\/2021\/06\/cropped-cropped-dispear.png","width":2592,"height":709,"caption":"Dispear Records"},"image":{"@id":"https:\/\/dispear-records.com\/#\/schema\/logo\/image\/"}}]}},"_links":{"self":[{"href":"https:\/\/dispear-records.com\/index.php\/wp-json\/wp\/v2\/pages\/1257","targetHints":{"allow":["GET"]}}],"collection":[{"href":"https:\/\/dispear-records.com\/index.php\/wp-json\/wp\/v2\/pages"}],"about":[{"href":"https:\/\/dispear-records.com\/index.php\/wp-json\/wp\/v2\/types\/page"}],"author":[{"embeddable":true,"href":"https:\/\/dispear-records.com\/index.php\/wp-json\/wp\/v2\/users\/1"}],"replies":[{"embeddable":true,"href":"https:\/\/dispear-records.com\/index.php\/wp-json\/wp\/v2\/comments?post=1257"}],"version-history":[{"count":5,"href":"https:\/\/dispear-records.com\/index.php\/wp-json\/wp\/v2\/pages\/1257\/revisions"}],"predecessor-version":[{"id":1271,"href":"https:\/\/dispear-records.com\/index.php\/wp-json\/wp\/v2\/pages\/1257\/revisions\/1271"}],"wp:attachment":[{"href":"https:\/\/dispear-records.com\/index.php\/wp-json\/wp\/v2\/media?parent=1257"}],"curies":[{"name":"wp","href":"https:\/\/api.w.org\/{rel}","templated":true}]}}