{"id":1276,"date":"2026-02-19T22:36:26","date_gmt":"2026-02-19T21:36:26","guid":{"rendered":"https:\/\/dispear-records.com\/?page_id=1276"},"modified":"2026-02-19T22:37:01","modified_gmt":"2026-02-19T21:37:01","slug":"vibora-post-hardcore-gasteiz","status":"publish","type":"page","link":"https:\/\/dispear-records.com\/index.php\/vibora-post-hardcore-gasteiz\/","title":{"rendered":"Vibora"},"content":{"rendered":"<div class=\"wp-block-image\">\n<figure class=\"aligncenter size-large\"><img loading=\"lazy\" decoding=\"async\" width=\"1024\" height=\"1007\" src=\"https:\/\/dispear-records.com\/wp-content\/uploads\/2026\/02\/Gure-disko-berria-\u2018Egin-Ez-Dugun-Guztia-deitzen-da-eta-otsailaren-20an-aterako-da.-Lehenengo-au-1024x1007.jpg\" alt=\"\" class=\"wp-image-1277\" srcset=\"https:\/\/dispear-records.com\/wp-content\/uploads\/2026\/02\/Gure-disko-berria-\u2018Egin-Ez-Dugun-Guztia-deitzen-da-eta-otsailaren-20an-aterako-da.-Lehenengo-au-1024x1007.jpg 1024w, https:\/\/dispear-records.com\/wp-content\/uploads\/2026\/02\/Gure-disko-berria-\u2018Egin-Ez-Dugun-Guztia-deitzen-da-eta-otsailaren-20an-aterako-da.-Lehenengo-au-300x295.jpg 300w, https:\/\/dispear-records.com\/wp-content\/uploads\/2026\/02\/Gure-disko-berria-\u2018Egin-Ez-Dugun-Guztia-deitzen-da-eta-otsailaren-20an-aterako-da.-Lehenengo-au-768x755.jpg 768w, https:\/\/dispear-records.com\/wp-content\/uploads\/2026\/02\/Gure-disko-berria-\u2018Egin-Ez-Dugun-Guztia-deitzen-da-eta-otsailaren-20an-aterako-da.-Lehenengo-au-416x409.jpg 416w, https:\/\/dispear-records.com\/wp-content\/uploads\/2026\/02\/Gure-disko-berria-\u2018Egin-Ez-Dugun-Guztia-deitzen-da-eta-otsailaren-20an-aterako-da.-Lehenengo-au.jpg 1080w\" sizes=\"auto, (max-width: 1024px) 100vw, 1024px\" \/><\/figure>\n<\/div>\n\n\n<p><strong>V\u00edbora<\/strong> nous vient tout droit du Pays basque Sud, de Vitoria-Gasteiz plus pr\u00e9cis\u00e9ment. Depuis 2018 le groupe balance un post-hardcore nerveux et explosif, \u00e0 la crois\u00e9e du hardcore, du screamo et du metalcore. Leurs morceaux passent sans pr\u00e9venir d&rsquo;ambiances atmosph\u00e9riques \u00e0 des d\u00e9charges violentes et chaotiques qu&rsquo;on prend en pleine face. V\u00edbora, c\u2019est une entit\u00e9 engag\u00e9e, expressive, visc\u00e9rale. Le quatuor puise dans les marges les plus abrasives du hardcore pour faire \u00e9merger une mati\u00e8re brute, \u00e9motionnelle et profond\u00e9ment sinc\u00e8re.<\/p>\n\n\n\n<p>Sur sc\u00e8ne, c\u2019est de l\u2019\u00e9nergie brute. Le groupe a trimball\u00e9 son chaos ma\u00eetris\u00e9 aux quatre coins de l\u2019Europe (Espagne, Italie, Allemagne, R\u00e9publique tch\u00e8que, Pologne, Suisse) et jusqu\u2019aux \u00c9tats-Unis, laissant derri\u00e8re lui des concerts d&rsquo;une intensit\u00e9 rare. C\u2019est clairement l\u00e0 que leur musique prend toute son ampleur : dans la sueur, la proximit\u00e9, le bruit, l&rsquo;explosion.<\/p>\n\n\n<div data-block-name=\"woocommerce\/product-category\" data-categories=\"[81]\" data-columns=\"1\" data-rows=\"1\" class=\"wc-block-grid wp-block-product-category wp-block-woocommerce-product-category wc-block-product-category has-1-columns\"><ul class=\"wc-block-grid__products\"><li class=\"wc-block-grid__product\">\n\t\t\t\t<a href=\"https:\/\/dispear-records.com\/index.php\/produit\/cassette-vibora-ezin-ez-dugun-guztia\/\" class=\"wc-block-grid__product-link\">\n\t\t\t\t\t\n\t\t\t\t\t<div class=\"wc-block-grid__product-image\"><img loading=\"lazy\" decoding=\"async\" width=\"324\" height=\"324\" src=\"https:\/\/dispear-records.com\/wp-content\/uploads\/2026\/02\/IMG_4437-carre-324x324.jpg\" class=\"attachment-woocommerce_thumbnail size-woocommerce_thumbnail\" alt=\"[Cassette] V\u00edbora - Egin ez dugun Guztia\" srcset=\"https:\/\/dispear-records.com\/wp-content\/uploads\/2026\/02\/IMG_4437-carre-324x324.jpg 324w, https:\/\/dispear-records.com\/wp-content\/uploads\/2026\/02\/IMG_4437-carre-300x300.jpg 300w, https:\/\/dispear-records.com\/wp-content\/uploads\/2026\/02\/IMG_4437-carre-150x150.jpg 150w, https:\/\/dispear-records.com\/wp-content\/uploads\/2026\/02\/IMG_4437-carre-768x768.jpg 768w, https:\/\/dispear-records.com\/wp-content\/uploads\/2026\/02\/IMG_4437-carre-416x416.jpg 416w, https:\/\/dispear-records.com\/wp-content\/uploads\/2026\/02\/IMG_4437-carre-100x100.jpg 100w, https:\/\/dispear-records.com\/wp-content\/uploads\/2026\/02\/IMG_4437-carre.jpg 800w\" sizes=\"auto, (max-width: 324px) 100vw, 324px\" \/><\/div>\n\t\t\t\t\t<div class=\"wc-block-grid__product-title\">[Cassette] V\u00edbora &#8211; Egin ez dugun Guztia<\/div>\n\t\t\t\t<\/a>\n\t\t\t\t<div class=\"wc-block-grid__product-price price\"><span class=\"woocommerce-Price-amount amount\">7,00<span class=\"woocommerce-Price-currencySymbol\">&euro;<\/span><\/span><\/div>\n\t\t\t\t\n\t\t\t\t<div class=\"wp-block-button wc-block-grid__product-add-to-cart\"><a href=\"\/index.php\/wp-json\/wp\/v2\/pages\/1276?add-to-cart=1279\" aria-label=\"Ajouter au panier\u00a0: &ldquo;[Cassette] V\u00edbora - Egin ez dugun Guztia&rdquo;\" data-quantity=\"1\" data-product_id=\"1279\" data-product_sku=\"DSPR26052\" data-price=\"7\" rel=\"nofollow\" class=\"wp-block-button__link  add_to_cart_button ajax_add_to_cart\">Ajouter au panier<\/a><\/div>\n\t\t\t<\/li><\/ul><\/div>\n\n\n<iframe style=\"border: 0; width: 400px; height: 472px;\" src=\"https:\/\/bandcamp.com\/EmbeddedPlayer\/album=677676592\/size=large\/bgcol=ffffff\/linkcol=f171a2\/artwork=small\/transparent=true\/\" seamless><a href=\"https:\/\/viborahc.bandcamp.com\/album\/egin-ez-dugun-guztia\">Egin Ez Dugun Guztia de Vibora<\/a><\/iframe>\n","protected":false},"excerpt":{"rendered":"<p>V\u00edbora nous vient tout droit du Pays basque Sud, de Vitoria-Gasteiz plus pr\u00e9cis\u00e9ment. Depuis 2018 le groupe balance un post-hardcore nerveux et explosif, \u00e0 la crois\u00e9e du hardcore, du screamo et du metalcore. Leurs morceaux passent sans pr\u00e9venir d&rsquo;ambiances atmosph\u00e9riques \u00e0 des d\u00e9charges violentes et chaotiques qu&rsquo;on prend en pleine face. V\u00edbora, c\u2019est une entit\u00e9 [&hellip;]<\/p>\n","protected":false},"author":1,"featured_media":0,"parent":0,"menu_order":0,"comment_status":"closed","ping_status":"closed","template":"","meta":{"footnotes":""},"class_list":["post-1276","page","type-page","status-publish","hentry"],"yoast_head":"<!-- This site is optimized with the Yoast SEO plugin v27.3 - https:\/\/yoast.com\/product\/yoast-seo-wordpress\/ -->\n<title>Vibora - Dispear Records<\/title>\n<meta name=\"description\" content=\"R\u00e9f\u00e9rence du post hardcore au Pays Basque Sud, la musique de Vibora alterne les ambiances planantes avec des explosions hardcore chaotiques !\" \/>\n<meta name=\"robots\" content=\"index, follow, max-snippet:-1, max-image-preview:large, max-video-preview:-1\" \/>\n<link rel=\"canonical\" href=\"https:\/\/dispear-records.com\/index.php\/vibora-post-hardcore-gasteiz\/\" \/>\n<meta property=\"og:locale\" content=\"fr_FR\" \/>\n<meta property=\"og:type\" content=\"article\" \/>\n<meta property=\"og:title\" content=\"Vibora - Dispear Records\" \/>\n<meta property=\"og:description\" content=\"R\u00e9f\u00e9rence du post hardcore au Pays Basque Sud, la musique de Vibora alterne les ambiances planantes avec des explosions hardcore chaotiques !\" \/>\n<meta property=\"og:url\" content=\"https:\/\/dispear-records.com\/index.php\/vibora-post-hardcore-gasteiz\/\" \/>\n<meta property=\"og:site_name\" content=\"Dispear Records\" \/>\n<meta property=\"article:modified_time\" content=\"2026-02-19T21:37:01+00:00\" \/>\n<meta name=\"twitter:card\" content=\"summary_large_image\" \/>\n<meta name=\"twitter:label1\" content=\"Dur\u00e9e de lecture estim\u00e9e\" \/>\n\t<meta name=\"twitter:data1\" content=\"1 minute\" \/>\n<script type=\"application\/ld+json\" class=\"yoast-schema-graph\">{\"@context\":\"https:\\\/\\\/schema.org\",\"@graph\":[{\"@type\":\"WebPage\",\"@id\":\"https:\\\/\\\/dispear-records.com\\\/index.php\\\/vibora-post-hardcore-gasteiz\\\/\",\"url\":\"https:\\\/\\\/dispear-records.com\\\/index.php\\\/vibora-post-hardcore-gasteiz\\\/\",\"name\":\"Vibora - Dispear Records\",\"isPartOf\":{\"@id\":\"https:\\\/\\\/dispear-records.com\\\/#website\"},\"datePublished\":\"2026-02-19T21:36:26+00:00\",\"dateModified\":\"2026-02-19T21:37:01+00:00\",\"description\":\"R\u00e9f\u00e9rence du post hardcore au Pays Basque Sud, la musique de Vibora alterne les ambiances planantes avec des explosions hardcore chaotiques !\",\"breadcrumb\":{\"@id\":\"https:\\\/\\\/dispear-records.com\\\/index.php\\\/vibora-post-hardcore-gasteiz\\\/#breadcrumb\"},\"inLanguage\":\"fr-FR\",\"potentialAction\":[{\"@type\":\"ReadAction\",\"target\":[\"https:\\\/\\\/dispear-records.com\\\/index.php\\\/vibora-post-hardcore-gasteiz\\\/\"]}]},{\"@type\":\"BreadcrumbList\",\"@id\":\"https:\\\/\\\/dispear-records.com\\\/index.php\\\/vibora-post-hardcore-gasteiz\\\/#breadcrumb\",\"itemListElement\":[{\"@type\":\"ListItem\",\"position\":1,\"name\":\"Accueil\",\"item\":\"https:\\\/\\\/dispear-records.com\\\/\"},{\"@type\":\"ListItem\",\"position\":2,\"name\":\"Vibora\"}]},{\"@type\":\"WebSite\",\"@id\":\"https:\\\/\\\/dispear-records.com\\\/#website\",\"url\":\"https:\\\/\\\/dispear-records.com\\\/\",\"name\":\"Dispear Records\",\"description\":\"DIY punk &amp; hardcore label\",\"publisher\":{\"@id\":\"https:\\\/\\\/dispear-records.com\\\/#organization\"},\"potentialAction\":[{\"@type\":\"SearchAction\",\"target\":{\"@type\":\"EntryPoint\",\"urlTemplate\":\"https:\\\/\\\/dispear-records.com\\\/?s={search_term_string}\"},\"query-input\":{\"@type\":\"PropertyValueSpecification\",\"valueRequired\":true,\"valueName\":\"search_term_string\"}}],\"inLanguage\":\"fr-FR\"},{\"@type\":\"Organization\",\"@id\":\"https:\\\/\\\/dispear-records.com\\\/#organization\",\"name\":\"Dispear Records\",\"url\":\"https:\\\/\\\/dispear-records.com\\\/\",\"logo\":{\"@type\":\"ImageObject\",\"inLanguage\":\"fr-FR\",\"@id\":\"https:\\\/\\\/dispear-records.com\\\/#\\\/schema\\\/logo\\\/image\\\/\",\"url\":\"https:\\\/\\\/dispear-records.com\\\/wp-content\\\/uploads\\\/2021\\\/06\\\/cropped-cropped-dispear.png\",\"contentUrl\":\"https:\\\/\\\/dispear-records.com\\\/wp-content\\\/uploads\\\/2021\\\/06\\\/cropped-cropped-dispear.png\",\"width\":2592,\"height\":709,\"caption\":\"Dispear Records\"},\"image\":{\"@id\":\"https:\\\/\\\/dispear-records.com\\\/#\\\/schema\\\/logo\\\/image\\\/\"}}]}<\/script>\n<!-- \/ Yoast SEO plugin. -->","yoast_head_json":{"title":"Vibora - Dispear Records","description":"R\u00e9f\u00e9rence du post hardcore au Pays Basque Sud, la musique de Vibora alterne les ambiances planantes avec des explosions hardcore chaotiques !","robots":{"index":"index","follow":"follow","max-snippet":"max-snippet:-1","max-image-preview":"max-image-preview:large","max-video-preview":"max-video-preview:-1"},"canonical":"https:\/\/dispear-records.com\/index.php\/vibora-post-hardcore-gasteiz\/","og_locale":"fr_FR","og_type":"article","og_title":"Vibora - Dispear Records","og_description":"R\u00e9f\u00e9rence du post hardcore au Pays Basque Sud, la musique de Vibora alterne les ambiances planantes avec des explosions hardcore chaotiques !","og_url":"https:\/\/dispear-records.com\/index.php\/vibora-post-hardcore-gasteiz\/","og_site_name":"Dispear Records","article_modified_time":"2026-02-19T21:37:01+00:00","twitter_card":"summary_large_image","twitter_misc":{"Dur\u00e9e de lecture estim\u00e9e":"1 minute"},"schema":{"@context":"https:\/\/schema.org","@graph":[{"@type":"WebPage","@id":"https:\/\/dispear-records.com\/index.php\/vibora-post-hardcore-gasteiz\/","url":"https:\/\/dispear-records.com\/index.php\/vibora-post-hardcore-gasteiz\/","name":"Vibora - Dispear Records","isPartOf":{"@id":"https:\/\/dispear-records.com\/#website"},"datePublished":"2026-02-19T21:36:26+00:00","dateModified":"2026-02-19T21:37:01+00:00","description":"R\u00e9f\u00e9rence du post hardcore au Pays Basque Sud, la musique de Vibora alterne les ambiances planantes avec des explosions hardcore chaotiques !","breadcrumb":{"@id":"https:\/\/dispear-records.com\/index.php\/vibora-post-hardcore-gasteiz\/#breadcrumb"},"inLanguage":"fr-FR","potentialAction":[{"@type":"ReadAction","target":["https:\/\/dispear-records.com\/index.php\/vibora-post-hardcore-gasteiz\/"]}]},{"@type":"BreadcrumbList","@id":"https:\/\/dispear-records.com\/index.php\/vibora-post-hardcore-gasteiz\/#breadcrumb","itemListElement":[{"@type":"ListItem","position":1,"name":"Accueil","item":"https:\/\/dispear-records.com\/"},{"@type":"ListItem","position":2,"name":"Vibora"}]},{"@type":"WebSite","@id":"https:\/\/dispear-records.com\/#website","url":"https:\/\/dispear-records.com\/","name":"Dispear Records","description":"DIY punk &amp; hardcore label","publisher":{"@id":"https:\/\/dispear-records.com\/#organization"},"potentialAction":[{"@type":"SearchAction","target":{"@type":"EntryPoint","urlTemplate":"https:\/\/dispear-records.com\/?s={search_term_string}"},"query-input":{"@type":"PropertyValueSpecification","valueRequired":true,"valueName":"search_term_string"}}],"inLanguage":"fr-FR"},{"@type":"Organization","@id":"https:\/\/dispear-records.com\/#organization","name":"Dispear Records","url":"https:\/\/dispear-records.com\/","logo":{"@type":"ImageObject","inLanguage":"fr-FR","@id":"https:\/\/dispear-records.com\/#\/schema\/logo\/image\/","url":"https:\/\/dispear-records.com\/wp-content\/uploads\/2021\/06\/cropped-cropped-dispear.png","contentUrl":"https:\/\/dispear-records.com\/wp-content\/uploads\/2021\/06\/cropped-cropped-dispear.png","width":2592,"height":709,"caption":"Dispear Records"},"image":{"@id":"https:\/\/dispear-records.com\/#\/schema\/logo\/image\/"}}]}},"_links":{"self":[{"href":"https:\/\/dispear-records.com\/index.php\/wp-json\/wp\/v2\/pages\/1276","targetHints":{"allow":["GET"]}}],"collection":[{"href":"https:\/\/dispear-records.com\/index.php\/wp-json\/wp\/v2\/pages"}],"about":[{"href":"https:\/\/dispear-records.com\/index.php\/wp-json\/wp\/v2\/types\/page"}],"author":[{"embeddable":true,"href":"https:\/\/dispear-records.com\/index.php\/wp-json\/wp\/v2\/users\/1"}],"replies":[{"embeddable":true,"href":"https:\/\/dispear-records.com\/index.php\/wp-json\/wp\/v2\/comments?post=1276"}],"version-history":[{"count":3,"href":"https:\/\/dispear-records.com\/index.php\/wp-json\/wp\/v2\/pages\/1276\/revisions"}],"predecessor-version":[{"id":1283,"href":"https:\/\/dispear-records.com\/index.php\/wp-json\/wp\/v2\/pages\/1276\/revisions\/1283"}],"wp:attachment":[{"href":"https:\/\/dispear-records.com\/index.php\/wp-json\/wp\/v2\/media?parent=1276"}],"curies":[{"name":"wp","href":"https:\/\/api.w.org\/{rel}","templated":true}]}}