{"id":1310,"date":"2026-03-05T22:44:45","date_gmt":"2026-03-05T21:44:45","guid":{"rendered":"https:\/\/dispear-records.com\/?page_id=1310"},"modified":"2026-03-05T22:44:46","modified_gmt":"2026-03-05T21:44:46","slug":"forma-post-punk-diy-bilbao","status":"publish","type":"page","link":"https:\/\/dispear-records.com\/index.php\/forma-post-punk-diy-bilbao\/","title":{"rendered":"Forma"},"content":{"rendered":"<div class=\"wp-block-image\">\n<figure class=\"aligncenter size-large\"><img loading=\"lazy\" decoding=\"async\" width=\"1024\" height=\"688\" src=\"https:\/\/dispear-records.com\/wp-content\/uploads\/2026\/03\/forma-1024x688.jpg\" alt=\"\" class=\"wp-image-1311\" srcset=\"https:\/\/dispear-records.com\/wp-content\/uploads\/2026\/03\/forma-1024x688.jpg 1024w, https:\/\/dispear-records.com\/wp-content\/uploads\/2026\/03\/forma-300x202.jpg 300w, https:\/\/dispear-records.com\/wp-content\/uploads\/2026\/03\/forma-768x516.jpg 768w, https:\/\/dispear-records.com\/wp-content\/uploads\/2026\/03\/forma-416x280.jpg 416w, https:\/\/dispear-records.com\/wp-content\/uploads\/2026\/03\/forma.jpg 1080w\" sizes=\"auto, (max-width: 1024px) 100vw, 1024px\" \/><\/figure>\n<\/div>\n\n\n<p>Forma, ce n\u2019est pas simplement un groupe : c\u2019est avant tout une aventure collective n\u00e9e sur les sc\u00e8nes punk DIY de Bilbao et de ses alentours. Au milieu de l\u2019ann\u00e9e 2025, certains membres du collectif After Post ZZE (Zuk Zeuk Egin, soit Do It Yourself en basque) ont d\u00e9cid\u00e9 de former un groupe sans id\u00e9e pr\u00e9con\u00e7ue, presque instinctivement. Issus d\u2019autres projets comme Vibora, Dolerme ou M\u00e4te, ils se retrouvent autour d\u2019une envie simple : jouer ensemble et voir ce qui en sort.<\/p>\n\n\n\n<p>Leur musique s\u2019inscrit quelque part du c\u00f4t\u00e9 du post-punk, avec des influences hardcore, des lignes de basse presque kraut et des m\u00e9lodies pop, parfois sombres, parfois plus lumineuses. \u00c0 cela s\u2019ajoute un jeu de voix f\u00e9minines et masculines, chant\u00e9es en italien et en euskara \u2014 un choix assum\u00e9, revendicatif et politique \u2014 qui donne au groupe une dynamique vocale singuli\u00e8re.<\/p>\n\n\n\n<p>Encore jeune mais port\u00e9 par des musicien\u00b7ne\u00b7s d\u00e9j\u00e0 bien exp\u00e9riment\u00e9\u00b7e\u00b7s, Forma s\u2019inscrit d\u00e9j\u00e0 dans cette nouvelle g\u00e9n\u00e9ration de groupes qui r\u00e9interpr\u00e8tent l\u2019h\u00e9ritage punk du Pays Basque avec une sensibilit\u00e9 tr\u00e8s actuelle : nervosit\u00e9, \u00e9motion, et surtout un fort esprit DIY.<\/p>\n\n\n<div data-block-name=\"woocommerce\/product-category\" data-categories=\"[83]\" data-columns=\"1\" data-rows=\"1\" class=\"wc-block-grid wp-block-product-category wp-block-woocommerce-product-category wc-block-product-category has-1-columns\"><ul class=\"wc-block-grid__products\"><li class=\"wc-block-grid__product\">\n\t\t\t\t<a href=\"https:\/\/dispear-records.com\/index.php\/produit\/forma-post-punk-diy-bilbao-cassette\/\" class=\"wc-block-grid__product-link\">\n\t\t\t\t\t\n\t\t\t\t\t<div class=\"wc-block-grid__product-image\"><img loading=\"lazy\" decoding=\"async\" width=\"324\" height=\"324\" src=\"https:\/\/dispear-records.com\/wp-content\/uploads\/2026\/03\/IMG_4434-carre-324x324.jpg\" class=\"attachment-woocommerce_thumbnail size-woocommerce_thumbnail\" alt=\"[Cassette] Forma - s\/t\" srcset=\"https:\/\/dispear-records.com\/wp-content\/uploads\/2026\/03\/IMG_4434-carre-324x324.jpg 324w, https:\/\/dispear-records.com\/wp-content\/uploads\/2026\/03\/IMG_4434-carre-300x300.jpg 300w, https:\/\/dispear-records.com\/wp-content\/uploads\/2026\/03\/IMG_4434-carre-150x150.jpg 150w, https:\/\/dispear-records.com\/wp-content\/uploads\/2026\/03\/IMG_4434-carre-768x768.jpg 768w, https:\/\/dispear-records.com\/wp-content\/uploads\/2026\/03\/IMG_4434-carre-416x416.jpg 416w, https:\/\/dispear-records.com\/wp-content\/uploads\/2026\/03\/IMG_4434-carre-100x100.jpg 100w, https:\/\/dispear-records.com\/wp-content\/uploads\/2026\/03\/IMG_4434-carre.jpg 800w\" sizes=\"auto, (max-width: 324px) 100vw, 324px\" \/><\/div>\n\t\t\t\t\t<div class=\"wc-block-grid__product-title\">[Cassette] Forma &#8211; s\/t<\/div>\n\t\t\t\t<\/a>\n\t\t\t\t<div class=\"wc-block-grid__product-price price\"><span class=\"woocommerce-Price-amount amount\">7,00<span class=\"woocommerce-Price-currencySymbol\">&euro;<\/span><\/span><\/div>\n\t\t\t\t\n\t\t\t\t<div class=\"wp-block-button wc-block-grid__product-add-to-cart\"><a href=\"\/index.php\/wp-json\/wp\/v2\/pages\/1310?add-to-cart=1313\" aria-label=\"Ajouter au panier\u00a0: &ldquo;[Cassette] Forma - s\/t&rdquo;\" data-quantity=\"1\" data-product_id=\"1313\" data-product_sku=\"DSPR26053\" data-price=\"7\" rel=\"nofollow\" class=\"wp-block-button__link  add_to_cart_button ajax_add_to_cart\">Ajouter au panier<\/a><\/div>\n\t\t\t<\/li><\/ul><\/div>\n\n\n<iframe style=\"border: 0; width: 400px; height: 373px;\" src=\"https:\/\/bandcamp.com\/EmbeddedPlayer\/album=1830546884\/size=large\/bgcol=ffffff\/linkcol=0687f5\/artwork=small\/transparent=true\/\" seamless><a href=\"https:\/\/formabnd.bandcamp.com\/album\/forma\">FORMA de FORMA<\/a><\/iframe>\n","protected":false},"excerpt":{"rendered":"<p>Forma, ce n\u2019est pas simplement un groupe : c\u2019est avant tout une aventure collective n\u00e9e sur les sc\u00e8nes punk DIY de Bilbao et de ses alentours. Au milieu de l\u2019ann\u00e9e 2025, certains membres du collectif After Post ZZE (Zuk Zeuk Egin, soit Do It Yourself en basque) ont d\u00e9cid\u00e9 de former un groupe sans id\u00e9e [&hellip;]<\/p>\n","protected":false},"author":1,"featured_media":0,"parent":0,"menu_order":0,"comment_status":"closed","ping_status":"closed","template":"","meta":{"footnotes":""},"class_list":["post-1310","page","type-page","status-publish","hentry"],"yoast_head":"<!-- This site is optimized with the Yoast SEO plugin v27.4 - https:\/\/yoast.com\/product\/yoast-seo-wordpress\/ -->\n<title>Forma - Dispear Records<\/title>\n<meta name=\"description\" content=\"N\u00e9 sur la sc\u00e8ne DIY de Bilbao, Forma joue un post punk aux influences parfois hardcore, parfois pop, chant\u00e9 en italien et euskara.\" \/>\n<meta name=\"robots\" content=\"index, follow, max-snippet:-1, max-image-preview:large, max-video-preview:-1\" \/>\n<link rel=\"canonical\" href=\"https:\/\/dispear-records.com\/index.php\/forma-post-punk-diy-bilbao\/\" \/>\n<meta property=\"og:locale\" content=\"fr_FR\" \/>\n<meta property=\"og:type\" content=\"article\" \/>\n<meta property=\"og:title\" content=\"Forma - Dispear Records\" \/>\n<meta property=\"og:description\" content=\"N\u00e9 sur la sc\u00e8ne DIY de Bilbao, Forma joue un post punk aux influences parfois hardcore, parfois pop, chant\u00e9 en italien et euskara.\" \/>\n<meta property=\"og:url\" content=\"https:\/\/dispear-records.com\/index.php\/forma-post-punk-diy-bilbao\/\" \/>\n<meta property=\"og:site_name\" content=\"Dispear Records\" \/>\n<meta property=\"article:modified_time\" content=\"2026-03-05T21:44:46+00:00\" \/>\n<meta property=\"og:image\" content=\"https:\/\/dispear-records.com\/wp-content\/uploads\/2026\/03\/forma.jpg\" \/>\n\t<meta property=\"og:image:width\" content=\"1080\" \/>\n\t<meta property=\"og:image:height\" content=\"726\" \/>\n\t<meta property=\"og:image:type\" content=\"image\/jpeg\" \/>\n<meta name=\"twitter:card\" content=\"summary_large_image\" \/>\n<meta name=\"twitter:label1\" content=\"Dur\u00e9e de lecture estim\u00e9e\" \/>\n\t<meta name=\"twitter:data1\" content=\"2 minutes\" \/>\n<script type=\"application\/ld+json\" class=\"yoast-schema-graph\">{\"@context\":\"https:\\\/\\\/schema.org\",\"@graph\":[{\"@type\":\"WebPage\",\"@id\":\"https:\\\/\\\/dispear-records.com\\\/index.php\\\/forma-post-punk-diy-bilbao\\\/\",\"url\":\"https:\\\/\\\/dispear-records.com\\\/index.php\\\/forma-post-punk-diy-bilbao\\\/\",\"name\":\"Forma - Dispear Records\",\"isPartOf\":{\"@id\":\"https:\\\/\\\/dispear-records.com\\\/#website\"},\"primaryImageOfPage\":{\"@id\":\"https:\\\/\\\/dispear-records.com\\\/index.php\\\/forma-post-punk-diy-bilbao\\\/#primaryimage\"},\"image\":{\"@id\":\"https:\\\/\\\/dispear-records.com\\\/index.php\\\/forma-post-punk-diy-bilbao\\\/#primaryimage\"},\"thumbnailUrl\":\"https:\\\/\\\/dispear-records.com\\\/wp-content\\\/uploads\\\/2026\\\/03\\\/forma-1024x688.jpg\",\"datePublished\":\"2026-03-05T21:44:45+00:00\",\"dateModified\":\"2026-03-05T21:44:46+00:00\",\"description\":\"N\u00e9 sur la sc\u00e8ne DIY de Bilbao, Forma joue un post punk aux influences parfois hardcore, parfois pop, chant\u00e9 en italien et euskara.\",\"breadcrumb\":{\"@id\":\"https:\\\/\\\/dispear-records.com\\\/index.php\\\/forma-post-punk-diy-bilbao\\\/#breadcrumb\"},\"inLanguage\":\"fr-FR\",\"potentialAction\":[{\"@type\":\"ReadAction\",\"target\":[\"https:\\\/\\\/dispear-records.com\\\/index.php\\\/forma-post-punk-diy-bilbao\\\/\"]}]},{\"@type\":\"ImageObject\",\"inLanguage\":\"fr-FR\",\"@id\":\"https:\\\/\\\/dispear-records.com\\\/index.php\\\/forma-post-punk-diy-bilbao\\\/#primaryimage\",\"url\":\"https:\\\/\\\/dispear-records.com\\\/wp-content\\\/uploads\\\/2026\\\/03\\\/forma.jpg\",\"contentUrl\":\"https:\\\/\\\/dispear-records.com\\\/wp-content\\\/uploads\\\/2026\\\/03\\\/forma.jpg\",\"width\":1080,\"height\":726},{\"@type\":\"BreadcrumbList\",\"@id\":\"https:\\\/\\\/dispear-records.com\\\/index.php\\\/forma-post-punk-diy-bilbao\\\/#breadcrumb\",\"itemListElement\":[{\"@type\":\"ListItem\",\"position\":1,\"name\":\"Accueil\",\"item\":\"https:\\\/\\\/dispear-records.com\\\/\"},{\"@type\":\"ListItem\",\"position\":2,\"name\":\"Forma\"}]},{\"@type\":\"WebSite\",\"@id\":\"https:\\\/\\\/dispear-records.com\\\/#website\",\"url\":\"https:\\\/\\\/dispear-records.com\\\/\",\"name\":\"Dispear Records\",\"description\":\"DIY punk &amp; hardcore label\",\"publisher\":{\"@id\":\"https:\\\/\\\/dispear-records.com\\\/#organization\"},\"potentialAction\":[{\"@type\":\"SearchAction\",\"target\":{\"@type\":\"EntryPoint\",\"urlTemplate\":\"https:\\\/\\\/dispear-records.com\\\/?s={search_term_string}\"},\"query-input\":{\"@type\":\"PropertyValueSpecification\",\"valueRequired\":true,\"valueName\":\"search_term_string\"}}],\"inLanguage\":\"fr-FR\"},{\"@type\":\"Organization\",\"@id\":\"https:\\\/\\\/dispear-records.com\\\/#organization\",\"name\":\"Dispear Records\",\"url\":\"https:\\\/\\\/dispear-records.com\\\/\",\"logo\":{\"@type\":\"ImageObject\",\"inLanguage\":\"fr-FR\",\"@id\":\"https:\\\/\\\/dispear-records.com\\\/#\\\/schema\\\/logo\\\/image\\\/\",\"url\":\"https:\\\/\\\/dispear-records.com\\\/wp-content\\\/uploads\\\/2021\\\/06\\\/cropped-cropped-dispear.png\",\"contentUrl\":\"https:\\\/\\\/dispear-records.com\\\/wp-content\\\/uploads\\\/2021\\\/06\\\/cropped-cropped-dispear.png\",\"width\":2592,\"height\":709,\"caption\":\"Dispear Records\"},\"image\":{\"@id\":\"https:\\\/\\\/dispear-records.com\\\/#\\\/schema\\\/logo\\\/image\\\/\"}}]}<\/script>\n<!-- \/ Yoast SEO plugin. -->","yoast_head_json":{"title":"Forma - Dispear Records","description":"N\u00e9 sur la sc\u00e8ne DIY de Bilbao, Forma joue un post punk aux influences parfois hardcore, parfois pop, chant\u00e9 en italien et euskara.","robots":{"index":"index","follow":"follow","max-snippet":"max-snippet:-1","max-image-preview":"max-image-preview:large","max-video-preview":"max-video-preview:-1"},"canonical":"https:\/\/dispear-records.com\/index.php\/forma-post-punk-diy-bilbao\/","og_locale":"fr_FR","og_type":"article","og_title":"Forma - Dispear Records","og_description":"N\u00e9 sur la sc\u00e8ne DIY de Bilbao, Forma joue un post punk aux influences parfois hardcore, parfois pop, chant\u00e9 en italien et euskara.","og_url":"https:\/\/dispear-records.com\/index.php\/forma-post-punk-diy-bilbao\/","og_site_name":"Dispear Records","article_modified_time":"2026-03-05T21:44:46+00:00","og_image":[{"width":1080,"height":726,"url":"https:\/\/dispear-records.com\/wp-content\/uploads\/2026\/03\/forma.jpg","type":"image\/jpeg"}],"twitter_card":"summary_large_image","twitter_misc":{"Dur\u00e9e de lecture estim\u00e9e":"2 minutes"},"schema":{"@context":"https:\/\/schema.org","@graph":[{"@type":"WebPage","@id":"https:\/\/dispear-records.com\/index.php\/forma-post-punk-diy-bilbao\/","url":"https:\/\/dispear-records.com\/index.php\/forma-post-punk-diy-bilbao\/","name":"Forma - Dispear Records","isPartOf":{"@id":"https:\/\/dispear-records.com\/#website"},"primaryImageOfPage":{"@id":"https:\/\/dispear-records.com\/index.php\/forma-post-punk-diy-bilbao\/#primaryimage"},"image":{"@id":"https:\/\/dispear-records.com\/index.php\/forma-post-punk-diy-bilbao\/#primaryimage"},"thumbnailUrl":"https:\/\/dispear-records.com\/wp-content\/uploads\/2026\/03\/forma-1024x688.jpg","datePublished":"2026-03-05T21:44:45+00:00","dateModified":"2026-03-05T21:44:46+00:00","description":"N\u00e9 sur la sc\u00e8ne DIY de Bilbao, Forma joue un post punk aux influences parfois hardcore, parfois pop, chant\u00e9 en italien et euskara.","breadcrumb":{"@id":"https:\/\/dispear-records.com\/index.php\/forma-post-punk-diy-bilbao\/#breadcrumb"},"inLanguage":"fr-FR","potentialAction":[{"@type":"ReadAction","target":["https:\/\/dispear-records.com\/index.php\/forma-post-punk-diy-bilbao\/"]}]},{"@type":"ImageObject","inLanguage":"fr-FR","@id":"https:\/\/dispear-records.com\/index.php\/forma-post-punk-diy-bilbao\/#primaryimage","url":"https:\/\/dispear-records.com\/wp-content\/uploads\/2026\/03\/forma.jpg","contentUrl":"https:\/\/dispear-records.com\/wp-content\/uploads\/2026\/03\/forma.jpg","width":1080,"height":726},{"@type":"BreadcrumbList","@id":"https:\/\/dispear-records.com\/index.php\/forma-post-punk-diy-bilbao\/#breadcrumb","itemListElement":[{"@type":"ListItem","position":1,"name":"Accueil","item":"https:\/\/dispear-records.com\/"},{"@type":"ListItem","position":2,"name":"Forma"}]},{"@type":"WebSite","@id":"https:\/\/dispear-records.com\/#website","url":"https:\/\/dispear-records.com\/","name":"Dispear Records","description":"DIY punk &amp; hardcore label","publisher":{"@id":"https:\/\/dispear-records.com\/#organization"},"potentialAction":[{"@type":"SearchAction","target":{"@type":"EntryPoint","urlTemplate":"https:\/\/dispear-records.com\/?s={search_term_string}"},"query-input":{"@type":"PropertyValueSpecification","valueRequired":true,"valueName":"search_term_string"}}],"inLanguage":"fr-FR"},{"@type":"Organization","@id":"https:\/\/dispear-records.com\/#organization","name":"Dispear Records","url":"https:\/\/dispear-records.com\/","logo":{"@type":"ImageObject","inLanguage":"fr-FR","@id":"https:\/\/dispear-records.com\/#\/schema\/logo\/image\/","url":"https:\/\/dispear-records.com\/wp-content\/uploads\/2021\/06\/cropped-cropped-dispear.png","contentUrl":"https:\/\/dispear-records.com\/wp-content\/uploads\/2021\/06\/cropped-cropped-dispear.png","width":2592,"height":709,"caption":"Dispear Records"},"image":{"@id":"https:\/\/dispear-records.com\/#\/schema\/logo\/image\/"}}]}},"_links":{"self":[{"href":"https:\/\/dispear-records.com\/index.php\/wp-json\/wp\/v2\/pages\/1310","targetHints":{"allow":["GET"]}}],"collection":[{"href":"https:\/\/dispear-records.com\/index.php\/wp-json\/wp\/v2\/pages"}],"about":[{"href":"https:\/\/dispear-records.com\/index.php\/wp-json\/wp\/v2\/types\/page"}],"author":[{"embeddable":true,"href":"https:\/\/dispear-records.com\/index.php\/wp-json\/wp\/v2\/users\/1"}],"replies":[{"embeddable":true,"href":"https:\/\/dispear-records.com\/index.php\/wp-json\/wp\/v2\/comments?post=1310"}],"version-history":[{"count":2,"href":"https:\/\/dispear-records.com\/index.php\/wp-json\/wp\/v2\/pages\/1310\/revisions"}],"predecessor-version":[{"id":1316,"href":"https:\/\/dispear-records.com\/index.php\/wp-json\/wp\/v2\/pages\/1310\/revisions\/1316"}],"wp:attachment":[{"href":"https:\/\/dispear-records.com\/index.php\/wp-json\/wp\/v2\/media?parent=1310"}],"curies":[{"name":"wp","href":"https:\/\/api.w.org\/{rel}","templated":true}]}}