{"id":1324,"date":"2026-03-12T22:19:14","date_gmt":"2026-03-12T21:19:14","guid":{"rendered":"https:\/\/dispear-records.com\/?page_id=1324"},"modified":"2026-03-12T22:19:16","modified_gmt":"2026-03-12T21:19:16","slug":"pussy-miel-punk-rock-garage-capbreton","status":"publish","type":"page","link":"https:\/\/dispear-records.com\/index.php\/pussy-miel-punk-rock-garage-capbreton\/","title":{"rendered":"Pussy Miel"},"content":{"rendered":"<div class=\"wp-block-image\">\n<figure class=\"aligncenter size-large\"><img loading=\"lazy\" decoding=\"async\" width=\"1024\" height=\"1024\" src=\"https:\/\/dispear-records.com\/wp-content\/uploads\/2026\/03\/groupe-pm-1024x1024.jpg\" alt=\"\" class=\"wp-image-1328\" srcset=\"https:\/\/dispear-records.com\/wp-content\/uploads\/2026\/03\/groupe-pm-1024x1024.jpg 1024w, https:\/\/dispear-records.com\/wp-content\/uploads\/2026\/03\/groupe-pm-300x300.jpg 300w, https:\/\/dispear-records.com\/wp-content\/uploads\/2026\/03\/groupe-pm-150x150.jpg 150w, https:\/\/dispear-records.com\/wp-content\/uploads\/2026\/03\/groupe-pm-768x767.jpg 768w, https:\/\/dispear-records.com\/wp-content\/uploads\/2026\/03\/groupe-pm-324x324.jpg 324w, https:\/\/dispear-records.com\/wp-content\/uploads\/2026\/03\/groupe-pm-416x416.jpg 416w, https:\/\/dispear-records.com\/wp-content\/uploads\/2026\/03\/groupe-pm-100x100.jpg 100w, https:\/\/dispear-records.com\/wp-content\/uploads\/2026\/03\/groupe-pm.jpg 1080w\" sizes=\"auto, (max-width: 1024px) 100vw, 1024px\" \/><\/figure>\n<\/div>\n\n\n<p>Pussy Miel est n\u00e9 \u00e0 Capbreton, face \u00e0 l\u2019Atlantique, entre les dunes et la culture skate. Dans cet environnement nonchalant et sauvage, nourries aux concerts DIY de la sc\u00e8ne locale, les musiciennes finissent par s\u2019unir autour d\u2019une \u00e9vidence : faire du rock !<\/p>\n\n\n\n<p>Entre stoner hypnotique et punk rock garage des ann\u00e9es 90\/2000, Pussy Miel propose un son brut et furieusement vivant, qui pourrait na\u00eetre d\u2019une collision entre The Stooges, Nirvana et Ty Segall. <\/p>\n\n\n\n<p>Dans la lign\u00e9e d\u2019un Bikini Kill ou Le Tigre, Pussy Miel glisse aussi sans trop se prendre au s\u00e9rieux une \u00e9tincelle f\u00e9minine et f\u00e9ministe bienvenue dans la sc\u00e8ne !<\/p>\n\n\n<div data-block-name=\"woocommerce\/product-category\" data-categories=\"[85]\" data-columns=\"1\" data-rows=\"1\" class=\"wc-block-grid wp-block-product-category wp-block-woocommerce-product-category wc-block-product-category has-1-columns\"><ul class=\"wc-block-grid__products\"><li class=\"wc-block-grid__product\">\n\t\t\t\t<a href=\"https:\/\/dispear-records.com\/index.php\/produit\/cassette-pussy-miel-bee-raged\/\" class=\"wc-block-grid__product-link\">\n\t\t\t\t\t\n\t\t\t\t\t<div class=\"wc-block-grid__product-image\"><img loading=\"lazy\" decoding=\"async\" width=\"324\" height=\"324\" src=\"https:\/\/dispear-records.com\/wp-content\/uploads\/2026\/03\/IMG_4430-carre-324x324.jpg\" class=\"attachment-woocommerce_thumbnail size-woocommerce_thumbnail\" alt=\"[Cassette] Pussy Miel - Bee Raged\" srcset=\"https:\/\/dispear-records.com\/wp-content\/uploads\/2026\/03\/IMG_4430-carre-324x324.jpg 324w, https:\/\/dispear-records.com\/wp-content\/uploads\/2026\/03\/IMG_4430-carre-300x300.jpg 300w, https:\/\/dispear-records.com\/wp-content\/uploads\/2026\/03\/IMG_4430-carre-150x150.jpg 150w, https:\/\/dispear-records.com\/wp-content\/uploads\/2026\/03\/IMG_4430-carre-768x768.jpg 768w, https:\/\/dispear-records.com\/wp-content\/uploads\/2026\/03\/IMG_4430-carre-416x416.jpg 416w, https:\/\/dispear-records.com\/wp-content\/uploads\/2026\/03\/IMG_4430-carre-100x100.jpg 100w, https:\/\/dispear-records.com\/wp-content\/uploads\/2026\/03\/IMG_4430-carre.jpg 800w\" sizes=\"auto, (max-width: 324px) 100vw, 324px\" \/><\/div>\n\t\t\t\t\t<div class=\"wc-block-grid__product-title\">[Cassette] Pussy Miel &#8211; Bee Raged<\/div>\n\t\t\t\t<\/a>\n\t\t\t\t<div class=\"wc-block-grid__product-price price\"><span class=\"woocommerce-Price-amount amount\">7,00<span class=\"woocommerce-Price-currencySymbol\">&euro;<\/span><\/span><\/div>\n\t\t\t\t\n\t\t\t\t<div class=\"wp-block-button wc-block-grid__product-add-to-cart\"><a href=\"\/index.php\/wp-json\/wp\/v2\/pages\/1324?add-to-cart=1325\" aria-label=\"Ajouter au panier\u00a0: &ldquo;[Cassette] Pussy Miel - Bee Raged&rdquo;\" data-quantity=\"1\" data-product_id=\"1325\" data-product_sku=\"DSPR26051\" data-price=\"7\" rel=\"nofollow\" class=\"wp-block-button__link  add_to_cart_button ajax_add_to_cart\">Ajouter au panier<\/a><\/div>\n\t\t\t<\/li><\/ul><\/div>\n\n\n<iframe style=\"border: 0; width: 400px; height: 340px;\" src=\"https:\/\/bandcamp.com\/EmbeddedPlayer\/album=3302535290\/size=large\/bgcol=ffffff\/linkcol=f171a2\/artwork=small\/transparent=true\/\" seamless><a href=\"https:\/\/atantreverduroi.bandcamp.com\/album\/pussy-miel-bee-raged\">Pussy Miel &quot;Bee Raged&quot; de A Tant R\u00eaver Du Roi Records<\/a><\/iframe>\n","protected":false},"excerpt":{"rendered":"<p>Pussy Miel est n\u00e9 \u00e0 Capbreton, face \u00e0 l\u2019Atlantique, entre les dunes et la culture skate. Dans cet environnement nonchalant et sauvage, nourries aux concerts DIY de la sc\u00e8ne locale, les musiciennes finissent par s\u2019unir autour d\u2019une \u00e9vidence : faire du rock ! Entre stoner hypnotique et punk rock garage des ann\u00e9es 90\/2000, Pussy Miel [&hellip;]<\/p>\n","protected":false},"author":1,"featured_media":0,"parent":0,"menu_order":0,"comment_status":"closed","ping_status":"closed","template":"","meta":{"footnotes":""},"class_list":["post-1324","page","type-page","status-publish","hentry"],"yoast_head":"<!-- This site is optimized with the Yoast SEO plugin v27.5 - https:\/\/yoast.com\/product\/yoast-seo-wordpress\/ -->\n<title>Pussy Miel - Dispear Records<\/title>\n<meta name=\"description\" content=\"Issues des Landes autour de Capbreton, Pussy Miel fait une entr\u00e9e fracassante dans la sc\u00e8ne \u00e0 grands coups de punk rock garage !\" \/>\n<meta name=\"robots\" content=\"index, follow, max-snippet:-1, max-image-preview:large, max-video-preview:-1\" \/>\n<link rel=\"canonical\" href=\"https:\/\/dispear-records.com\/index.php\/pussy-miel-punk-rock-garage-capbreton\/\" \/>\n<meta property=\"og:locale\" content=\"fr_FR\" \/>\n<meta property=\"og:type\" content=\"article\" \/>\n<meta property=\"og:title\" content=\"Pussy Miel - Dispear Records\" \/>\n<meta property=\"og:description\" content=\"Issues des Landes autour de Capbreton, Pussy Miel fait une entr\u00e9e fracassante dans la sc\u00e8ne \u00e0 grands coups de punk rock garage !\" \/>\n<meta property=\"og:url\" content=\"https:\/\/dispear-records.com\/index.php\/pussy-miel-punk-rock-garage-capbreton\/\" \/>\n<meta property=\"og:site_name\" content=\"Dispear Records\" \/>\n<meta property=\"article:modified_time\" content=\"2026-03-12T21:19:16+00:00\" \/>\n<meta property=\"og:image\" content=\"https:\/\/dispear-records.com\/wp-content\/uploads\/2026\/03\/groupe-pm.jpg\" \/>\n\t<meta property=\"og:image:width\" content=\"1080\" \/>\n\t<meta property=\"og:image:height\" content=\"1079\" \/>\n\t<meta property=\"og:image:type\" content=\"image\/jpeg\" \/>\n<meta name=\"twitter:card\" content=\"summary_large_image\" \/>\n<meta name=\"twitter:label1\" content=\"Dur\u00e9e de lecture estim\u00e9e\" \/>\n\t<meta name=\"twitter:data1\" content=\"1 minute\" \/>\n<script type=\"application\/ld+json\" class=\"yoast-schema-graph\">{\"@context\":\"https:\\\/\\\/schema.org\",\"@graph\":[{\"@type\":\"WebPage\",\"@id\":\"https:\\\/\\\/dispear-records.com\\\/index.php\\\/pussy-miel-punk-rock-garage-capbreton\\\/\",\"url\":\"https:\\\/\\\/dispear-records.com\\\/index.php\\\/pussy-miel-punk-rock-garage-capbreton\\\/\",\"name\":\"Pussy Miel - Dispear Records\",\"isPartOf\":{\"@id\":\"https:\\\/\\\/dispear-records.com\\\/#website\"},\"primaryImageOfPage\":{\"@id\":\"https:\\\/\\\/dispear-records.com\\\/index.php\\\/pussy-miel-punk-rock-garage-capbreton\\\/#primaryimage\"},\"image\":{\"@id\":\"https:\\\/\\\/dispear-records.com\\\/index.php\\\/pussy-miel-punk-rock-garage-capbreton\\\/#primaryimage\"},\"thumbnailUrl\":\"https:\\\/\\\/dispear-records.com\\\/wp-content\\\/uploads\\\/2026\\\/03\\\/groupe-pm-1024x1024.jpg\",\"datePublished\":\"2026-03-12T21:19:14+00:00\",\"dateModified\":\"2026-03-12T21:19:16+00:00\",\"description\":\"Issues des Landes autour de Capbreton, Pussy Miel fait une entr\u00e9e fracassante dans la sc\u00e8ne \u00e0 grands coups de punk rock garage !\",\"breadcrumb\":{\"@id\":\"https:\\\/\\\/dispear-records.com\\\/index.php\\\/pussy-miel-punk-rock-garage-capbreton\\\/#breadcrumb\"},\"inLanguage\":\"fr-FR\",\"potentialAction\":[{\"@type\":\"ReadAction\",\"target\":[\"https:\\\/\\\/dispear-records.com\\\/index.php\\\/pussy-miel-punk-rock-garage-capbreton\\\/\"]}]},{\"@type\":\"ImageObject\",\"inLanguage\":\"fr-FR\",\"@id\":\"https:\\\/\\\/dispear-records.com\\\/index.php\\\/pussy-miel-punk-rock-garage-capbreton\\\/#primaryimage\",\"url\":\"https:\\\/\\\/dispear-records.com\\\/wp-content\\\/uploads\\\/2026\\\/03\\\/groupe-pm.jpg\",\"contentUrl\":\"https:\\\/\\\/dispear-records.com\\\/wp-content\\\/uploads\\\/2026\\\/03\\\/groupe-pm.jpg\",\"width\":1080,\"height\":1079},{\"@type\":\"BreadcrumbList\",\"@id\":\"https:\\\/\\\/dispear-records.com\\\/index.php\\\/pussy-miel-punk-rock-garage-capbreton\\\/#breadcrumb\",\"itemListElement\":[{\"@type\":\"ListItem\",\"position\":1,\"name\":\"Accueil\",\"item\":\"https:\\\/\\\/dispear-records.com\\\/\"},{\"@type\":\"ListItem\",\"position\":2,\"name\":\"Pussy Miel\"}]},{\"@type\":\"WebSite\",\"@id\":\"https:\\\/\\\/dispear-records.com\\\/#website\",\"url\":\"https:\\\/\\\/dispear-records.com\\\/\",\"name\":\"Dispear Records\",\"description\":\"DIY punk &amp; hardcore label\",\"publisher\":{\"@id\":\"https:\\\/\\\/dispear-records.com\\\/#organization\"},\"potentialAction\":[{\"@type\":\"SearchAction\",\"target\":{\"@type\":\"EntryPoint\",\"urlTemplate\":\"https:\\\/\\\/dispear-records.com\\\/?s={search_term_string}\"},\"query-input\":{\"@type\":\"PropertyValueSpecification\",\"valueRequired\":true,\"valueName\":\"search_term_string\"}}],\"inLanguage\":\"fr-FR\"},{\"@type\":\"Organization\",\"@id\":\"https:\\\/\\\/dispear-records.com\\\/#organization\",\"name\":\"Dispear Records\",\"url\":\"https:\\\/\\\/dispear-records.com\\\/\",\"logo\":{\"@type\":\"ImageObject\",\"inLanguage\":\"fr-FR\",\"@id\":\"https:\\\/\\\/dispear-records.com\\\/#\\\/schema\\\/logo\\\/image\\\/\",\"url\":\"https:\\\/\\\/dispear-records.com\\\/wp-content\\\/uploads\\\/2021\\\/06\\\/cropped-cropped-dispear.png\",\"contentUrl\":\"https:\\\/\\\/dispear-records.com\\\/wp-content\\\/uploads\\\/2021\\\/06\\\/cropped-cropped-dispear.png\",\"width\":2592,\"height\":709,\"caption\":\"Dispear Records\"},\"image\":{\"@id\":\"https:\\\/\\\/dispear-records.com\\\/#\\\/schema\\\/logo\\\/image\\\/\"}}]}<\/script>\n<!-- \/ Yoast SEO plugin. -->","yoast_head_json":{"title":"Pussy Miel - Dispear Records","description":"Issues des Landes autour de Capbreton, Pussy Miel fait une entr\u00e9e fracassante dans la sc\u00e8ne \u00e0 grands coups de punk rock garage !","robots":{"index":"index","follow":"follow","max-snippet":"max-snippet:-1","max-image-preview":"max-image-preview:large","max-video-preview":"max-video-preview:-1"},"canonical":"https:\/\/dispear-records.com\/index.php\/pussy-miel-punk-rock-garage-capbreton\/","og_locale":"fr_FR","og_type":"article","og_title":"Pussy Miel - Dispear Records","og_description":"Issues des Landes autour de Capbreton, Pussy Miel fait une entr\u00e9e fracassante dans la sc\u00e8ne \u00e0 grands coups de punk rock garage !","og_url":"https:\/\/dispear-records.com\/index.php\/pussy-miel-punk-rock-garage-capbreton\/","og_site_name":"Dispear Records","article_modified_time":"2026-03-12T21:19:16+00:00","og_image":[{"width":1080,"height":1079,"url":"https:\/\/dispear-records.com\/wp-content\/uploads\/2026\/03\/groupe-pm.jpg","type":"image\/jpeg"}],"twitter_card":"summary_large_image","twitter_misc":{"Dur\u00e9e de lecture estim\u00e9e":"1 minute"},"schema":{"@context":"https:\/\/schema.org","@graph":[{"@type":"WebPage","@id":"https:\/\/dispear-records.com\/index.php\/pussy-miel-punk-rock-garage-capbreton\/","url":"https:\/\/dispear-records.com\/index.php\/pussy-miel-punk-rock-garage-capbreton\/","name":"Pussy Miel - Dispear Records","isPartOf":{"@id":"https:\/\/dispear-records.com\/#website"},"primaryImageOfPage":{"@id":"https:\/\/dispear-records.com\/index.php\/pussy-miel-punk-rock-garage-capbreton\/#primaryimage"},"image":{"@id":"https:\/\/dispear-records.com\/index.php\/pussy-miel-punk-rock-garage-capbreton\/#primaryimage"},"thumbnailUrl":"https:\/\/dispear-records.com\/wp-content\/uploads\/2026\/03\/groupe-pm-1024x1024.jpg","datePublished":"2026-03-12T21:19:14+00:00","dateModified":"2026-03-12T21:19:16+00:00","description":"Issues des Landes autour de Capbreton, Pussy Miel fait une entr\u00e9e fracassante dans la sc\u00e8ne \u00e0 grands coups de punk rock garage !","breadcrumb":{"@id":"https:\/\/dispear-records.com\/index.php\/pussy-miel-punk-rock-garage-capbreton\/#breadcrumb"},"inLanguage":"fr-FR","potentialAction":[{"@type":"ReadAction","target":["https:\/\/dispear-records.com\/index.php\/pussy-miel-punk-rock-garage-capbreton\/"]}]},{"@type":"ImageObject","inLanguage":"fr-FR","@id":"https:\/\/dispear-records.com\/index.php\/pussy-miel-punk-rock-garage-capbreton\/#primaryimage","url":"https:\/\/dispear-records.com\/wp-content\/uploads\/2026\/03\/groupe-pm.jpg","contentUrl":"https:\/\/dispear-records.com\/wp-content\/uploads\/2026\/03\/groupe-pm.jpg","width":1080,"height":1079},{"@type":"BreadcrumbList","@id":"https:\/\/dispear-records.com\/index.php\/pussy-miel-punk-rock-garage-capbreton\/#breadcrumb","itemListElement":[{"@type":"ListItem","position":1,"name":"Accueil","item":"https:\/\/dispear-records.com\/"},{"@type":"ListItem","position":2,"name":"Pussy Miel"}]},{"@type":"WebSite","@id":"https:\/\/dispear-records.com\/#website","url":"https:\/\/dispear-records.com\/","name":"Dispear Records","description":"DIY punk &amp; hardcore label","publisher":{"@id":"https:\/\/dispear-records.com\/#organization"},"potentialAction":[{"@type":"SearchAction","target":{"@type":"EntryPoint","urlTemplate":"https:\/\/dispear-records.com\/?s={search_term_string}"},"query-input":{"@type":"PropertyValueSpecification","valueRequired":true,"valueName":"search_term_string"}}],"inLanguage":"fr-FR"},{"@type":"Organization","@id":"https:\/\/dispear-records.com\/#organization","name":"Dispear Records","url":"https:\/\/dispear-records.com\/","logo":{"@type":"ImageObject","inLanguage":"fr-FR","@id":"https:\/\/dispear-records.com\/#\/schema\/logo\/image\/","url":"https:\/\/dispear-records.com\/wp-content\/uploads\/2021\/06\/cropped-cropped-dispear.png","contentUrl":"https:\/\/dispear-records.com\/wp-content\/uploads\/2021\/06\/cropped-cropped-dispear.png","width":2592,"height":709,"caption":"Dispear Records"},"image":{"@id":"https:\/\/dispear-records.com\/#\/schema\/logo\/image\/"}}]}},"_links":{"self":[{"href":"https:\/\/dispear-records.com\/index.php\/wp-json\/wp\/v2\/pages\/1324","targetHints":{"allow":["GET"]}}],"collection":[{"href":"https:\/\/dispear-records.com\/index.php\/wp-json\/wp\/v2\/pages"}],"about":[{"href":"https:\/\/dispear-records.com\/index.php\/wp-json\/wp\/v2\/types\/page"}],"author":[{"embeddable":true,"href":"https:\/\/dispear-records.com\/index.php\/wp-json\/wp\/v2\/users\/1"}],"replies":[{"embeddable":true,"href":"https:\/\/dispear-records.com\/index.php\/wp-json\/wp\/v2\/comments?post=1324"}],"version-history":[{"count":1,"href":"https:\/\/dispear-records.com\/index.php\/wp-json\/wp\/v2\/pages\/1324\/revisions"}],"predecessor-version":[{"id":1329,"href":"https:\/\/dispear-records.com\/index.php\/wp-json\/wp\/v2\/pages\/1324\/revisions\/1329"}],"wp:attachment":[{"href":"https:\/\/dispear-records.com\/index.php\/wp-json\/wp\/v2\/media?parent=1324"}],"curies":[{"name":"wp","href":"https:\/\/api.w.org\/{rel}","templated":true}]}}