{"id":1332,"date":"2026-03-17T22:00:40","date_gmt":"2026-03-17T21:00:40","guid":{"rendered":"https:\/\/dispear-records.com\/?page_id=1332"},"modified":"2026-03-17T22:00:41","modified_gmt":"2026-03-17T21:00:41","slug":"severance-hardcore-metal-bayonne","status":"publish","type":"page","link":"https:\/\/dispear-records.com\/index.php\/severance-hardcore-metal-bayonne\/","title":{"rendered":"Severance"},"content":{"rendered":"<div class=\"wp-block-image\">\n<figure class=\"aligncenter size-large\"><img loading=\"lazy\" decoding=\"async\" width=\"1024\" height=\"575\" src=\"https:\/\/dispear-records.com\/wp-content\/uploads\/2026\/03\/480074711_546216371802707_8571151418689362373_n-1024x575.jpg\" alt=\"\" class=\"wp-image-1335\" srcset=\"https:\/\/dispear-records.com\/wp-content\/uploads\/2026\/03\/480074711_546216371802707_8571151418689362373_n-1024x575.jpg 1024w, https:\/\/dispear-records.com\/wp-content\/uploads\/2026\/03\/480074711_546216371802707_8571151418689362373_n-300x168.jpg 300w, https:\/\/dispear-records.com\/wp-content\/uploads\/2026\/03\/480074711_546216371802707_8571151418689362373_n-768x431.jpg 768w, https:\/\/dispear-records.com\/wp-content\/uploads\/2026\/03\/480074711_546216371802707_8571151418689362373_n-1536x862.jpg 1536w, https:\/\/dispear-records.com\/wp-content\/uploads\/2026\/03\/480074711_546216371802707_8571151418689362373_n-416x233.jpg 416w, https:\/\/dispear-records.com\/wp-content\/uploads\/2026\/03\/480074711_546216371802707_8571151418689362373_n.jpg 1600w\" sizes=\"auto, (max-width: 1024px) 100vw, 1024px\" \/><\/figure>\n<\/div>\n\n\n<p><strong>Severance<\/strong> est un groupe de hardcore metal form\u00e9 en 2023 \u00e0 Bayonne. Entre riffs solides, breakdowns massifs et tension permanente, le groupe d\u00e9veloppe un son frontal, lourd et visc\u00e9ral, \u00e0 la crois\u00e9e de Hatebreed, Knocked Loose et Converge.<\/p>\n\n\n\n<p>Pens\u00e9 comme une v\u00e9ritable d\u00e9flagration live, Severance s\u2019impose rapidement comme la machine de guerre sc\u00e9nique hardcore locale : \u00e9nergie brute, intensit\u00e9 sans rel\u00e2che et interaction constante avec le public. Le groupe \u00e9cume les salles, partageant l\u2019affiche avec des noms comme Psykup ou Moscow Death Brigade.<\/p>\n\n\n<div data-block-name=\"woocommerce\/product-category\" data-categories=\"[86]\" data-columns=\"1\" data-rows=\"1\" class=\"wc-block-grid wp-block-product-category wp-block-woocommerce-product-category wc-block-product-category has-1-columns\"><ul class=\"wc-block-grid__products\"><li class=\"wc-block-grid__product\">\n\t\t\t\t<a href=\"https:\/\/dispear-records.com\/index.php\/produit\/vinyle-severance-reign-of-wounds\/\" class=\"wc-block-grid__product-link\">\n\t\t\t\t\t\n\t\t\t\t\t<div class=\"wc-block-grid__product-image\"><img loading=\"lazy\" decoding=\"async\" width=\"324\" height=\"324\" src=\"https:\/\/dispear-records.com\/wp-content\/uploads\/2026\/03\/IMG_4636-carre-324x324.jpg\" class=\"attachment-woocommerce_thumbnail size-woocommerce_thumbnail\" alt=\"[Vinyle] Severance - Reign Of Wounds\" srcset=\"https:\/\/dispear-records.com\/wp-content\/uploads\/2026\/03\/IMG_4636-carre-324x324.jpg 324w, https:\/\/dispear-records.com\/wp-content\/uploads\/2026\/03\/IMG_4636-carre-300x300.jpg 300w, https:\/\/dispear-records.com\/wp-content\/uploads\/2026\/03\/IMG_4636-carre-150x150.jpg 150w, https:\/\/dispear-records.com\/wp-content\/uploads\/2026\/03\/IMG_4636-carre-768x768.jpg 768w, https:\/\/dispear-records.com\/wp-content\/uploads\/2026\/03\/IMG_4636-carre-416x416.jpg 416w, https:\/\/dispear-records.com\/wp-content\/uploads\/2026\/03\/IMG_4636-carre-100x100.jpg 100w, https:\/\/dispear-records.com\/wp-content\/uploads\/2026\/03\/IMG_4636-carre.jpg 800w\" sizes=\"auto, (max-width: 324px) 100vw, 324px\" \/><\/div>\n\t\t\t\t\t<div class=\"wc-block-grid__product-title\">[Vinyle] Severance &#8211; Reign Of Wounds<\/div>\n\t\t\t\t<\/a>\n\t\t\t\t<div class=\"wc-block-grid__product-price price\"><span class=\"woocommerce-Price-amount amount\">17,00<span class=\"woocommerce-Price-currencySymbol\">&euro;<\/span><\/span><\/div>\n\t\t\t\t\n\t\t\t\t<div class=\"wp-block-button wc-block-grid__product-add-to-cart\"><a href=\"\/index.php\/wp-json\/wp\/v2\/pages\/1332?add-to-cart=1333\" aria-label=\"Ajouter au panier\u00a0: &ldquo;[Vinyle] Severance - Reign Of Wounds&rdquo;\" data-quantity=\"1\" data-product_id=\"1333\" data-product_sku=\"DSPR26047\" data-price=\"17\" rel=\"nofollow\" class=\"wp-block-button__link  add_to_cart_button ajax_add_to_cart\">Ajouter au panier<\/a><\/div>\n\t\t\t<\/li><\/ul><\/div>\n\n\n<iframe loading=\"lazy\" style=\"border-radius: 12px;\" src=\"https:\/\/open.spotify.com\/embed\/album\/5hJqM3txRFJ9qdKNce0WqK?utm_source=generator&amp;theme=0\" width=\"100%\" height=\"352\" frameborder=\"0\" allowfullscreen=\"allowfullscreen\" data-testid=\"embed-iframe\"><\/iframe>\n","protected":false},"excerpt":{"rendered":"<p>Severance est un groupe de hardcore metal form\u00e9 en 2023 \u00e0 Bayonne. Entre riffs solides, breakdowns massifs et tension permanente, le groupe d\u00e9veloppe un son frontal, lourd et visc\u00e9ral, \u00e0 la crois\u00e9e de Hatebreed, Knocked Loose et Converge. Pens\u00e9 comme une v\u00e9ritable d\u00e9flagration live, Severance s\u2019impose rapidement comme la machine de guerre sc\u00e9nique hardcore locale [&hellip;]<\/p>\n","protected":false},"author":1,"featured_media":0,"parent":0,"menu_order":0,"comment_status":"closed","ping_status":"closed","template":"","meta":{"footnotes":""},"class_list":["post-1332","page","type-page","status-publish","hentry"],"yoast_head":"<!-- This site is optimized with the Yoast SEO plugin v27.5 - https:\/\/yoast.com\/product\/yoast-seo-wordpress\/ -->\n<title>Severance - Dispear Records<\/title>\n<meta name=\"description\" content=\"Severance, groupe de hardcore metal form\u00e9 \u00e0 Bayonne en 2023, propose un son lourd et visc\u00e9ral entre riffs percutants et breakdowns massifs.\" \/>\n<meta name=\"robots\" content=\"index, follow, max-snippet:-1, max-image-preview:large, max-video-preview:-1\" \/>\n<link rel=\"canonical\" href=\"https:\/\/dispear-records.com\/index.php\/severance-hardcore-metal-bayonne\/\" \/>\n<meta property=\"og:locale\" content=\"fr_FR\" \/>\n<meta property=\"og:type\" content=\"article\" \/>\n<meta property=\"og:title\" content=\"Severance - Dispear Records\" \/>\n<meta property=\"og:description\" content=\"Severance, groupe de hardcore metal form\u00e9 \u00e0 Bayonne en 2023, propose un son lourd et visc\u00e9ral entre riffs percutants et breakdowns massifs.\" \/>\n<meta property=\"og:url\" content=\"https:\/\/dispear-records.com\/index.php\/severance-hardcore-metal-bayonne\/\" \/>\n<meta property=\"og:site_name\" content=\"Dispear Records\" \/>\n<meta property=\"article:modified_time\" content=\"2026-03-17T21:00:41+00:00\" \/>\n<meta property=\"og:image\" content=\"https:\/\/dispear-records.com\/wp-content\/uploads\/2026\/03\/480074711_546216371802707_8571151418689362373_n.jpg\" \/>\n\t<meta property=\"og:image:width\" content=\"1600\" \/>\n\t<meta property=\"og:image:height\" content=\"898\" \/>\n\t<meta property=\"og:image:type\" content=\"image\/jpeg\" \/>\n<meta name=\"twitter:card\" content=\"summary_large_image\" \/>\n<meta name=\"twitter:label1\" content=\"Dur\u00e9e de lecture estim\u00e9e\" \/>\n\t<meta name=\"twitter:data1\" content=\"1 minute\" \/>\n<script type=\"application\/ld+json\" class=\"yoast-schema-graph\">{\"@context\":\"https:\\\/\\\/schema.org\",\"@graph\":[{\"@type\":\"WebPage\",\"@id\":\"https:\\\/\\\/dispear-records.com\\\/index.php\\\/severance-hardcore-metal-bayonne\\\/\",\"url\":\"https:\\\/\\\/dispear-records.com\\\/index.php\\\/severance-hardcore-metal-bayonne\\\/\",\"name\":\"Severance - Dispear Records\",\"isPartOf\":{\"@id\":\"https:\\\/\\\/dispear-records.com\\\/#website\"},\"primaryImageOfPage\":{\"@id\":\"https:\\\/\\\/dispear-records.com\\\/index.php\\\/severance-hardcore-metal-bayonne\\\/#primaryimage\"},\"image\":{\"@id\":\"https:\\\/\\\/dispear-records.com\\\/index.php\\\/severance-hardcore-metal-bayonne\\\/#primaryimage\"},\"thumbnailUrl\":\"https:\\\/\\\/dispear-records.com\\\/wp-content\\\/uploads\\\/2026\\\/03\\\/480074711_546216371802707_8571151418689362373_n-1024x575.jpg\",\"datePublished\":\"2026-03-17T21:00:40+00:00\",\"dateModified\":\"2026-03-17T21:00:41+00:00\",\"description\":\"Severance, groupe de hardcore metal form\u00e9 \u00e0 Bayonne en 2023, propose un son lourd et visc\u00e9ral entre riffs percutants et breakdowns massifs.\",\"breadcrumb\":{\"@id\":\"https:\\\/\\\/dispear-records.com\\\/index.php\\\/severance-hardcore-metal-bayonne\\\/#breadcrumb\"},\"inLanguage\":\"fr-FR\",\"potentialAction\":[{\"@type\":\"ReadAction\",\"target\":[\"https:\\\/\\\/dispear-records.com\\\/index.php\\\/severance-hardcore-metal-bayonne\\\/\"]}]},{\"@type\":\"ImageObject\",\"inLanguage\":\"fr-FR\",\"@id\":\"https:\\\/\\\/dispear-records.com\\\/index.php\\\/severance-hardcore-metal-bayonne\\\/#primaryimage\",\"url\":\"https:\\\/\\\/dispear-records.com\\\/wp-content\\\/uploads\\\/2026\\\/03\\\/480074711_546216371802707_8571151418689362373_n.jpg\",\"contentUrl\":\"https:\\\/\\\/dispear-records.com\\\/wp-content\\\/uploads\\\/2026\\\/03\\\/480074711_546216371802707_8571151418689362373_n.jpg\",\"width\":1600,\"height\":898},{\"@type\":\"BreadcrumbList\",\"@id\":\"https:\\\/\\\/dispear-records.com\\\/index.php\\\/severance-hardcore-metal-bayonne\\\/#breadcrumb\",\"itemListElement\":[{\"@type\":\"ListItem\",\"position\":1,\"name\":\"Accueil\",\"item\":\"https:\\\/\\\/dispear-records.com\\\/\"},{\"@type\":\"ListItem\",\"position\":2,\"name\":\"Severance\"}]},{\"@type\":\"WebSite\",\"@id\":\"https:\\\/\\\/dispear-records.com\\\/#website\",\"url\":\"https:\\\/\\\/dispear-records.com\\\/\",\"name\":\"Dispear Records\",\"description\":\"DIY punk &amp; hardcore label\",\"publisher\":{\"@id\":\"https:\\\/\\\/dispear-records.com\\\/#organization\"},\"potentialAction\":[{\"@type\":\"SearchAction\",\"target\":{\"@type\":\"EntryPoint\",\"urlTemplate\":\"https:\\\/\\\/dispear-records.com\\\/?s={search_term_string}\"},\"query-input\":{\"@type\":\"PropertyValueSpecification\",\"valueRequired\":true,\"valueName\":\"search_term_string\"}}],\"inLanguage\":\"fr-FR\"},{\"@type\":\"Organization\",\"@id\":\"https:\\\/\\\/dispear-records.com\\\/#organization\",\"name\":\"Dispear Records\",\"url\":\"https:\\\/\\\/dispear-records.com\\\/\",\"logo\":{\"@type\":\"ImageObject\",\"inLanguage\":\"fr-FR\",\"@id\":\"https:\\\/\\\/dispear-records.com\\\/#\\\/schema\\\/logo\\\/image\\\/\",\"url\":\"https:\\\/\\\/dispear-records.com\\\/wp-content\\\/uploads\\\/2021\\\/06\\\/cropped-cropped-dispear.png\",\"contentUrl\":\"https:\\\/\\\/dispear-records.com\\\/wp-content\\\/uploads\\\/2021\\\/06\\\/cropped-cropped-dispear.png\",\"width\":2592,\"height\":709,\"caption\":\"Dispear Records\"},\"image\":{\"@id\":\"https:\\\/\\\/dispear-records.com\\\/#\\\/schema\\\/logo\\\/image\\\/\"}}]}<\/script>\n<!-- \/ Yoast SEO plugin. -->","yoast_head_json":{"title":"Severance - Dispear Records","description":"Severance, groupe de hardcore metal form\u00e9 \u00e0 Bayonne en 2023, propose un son lourd et visc\u00e9ral entre riffs percutants et breakdowns massifs.","robots":{"index":"index","follow":"follow","max-snippet":"max-snippet:-1","max-image-preview":"max-image-preview:large","max-video-preview":"max-video-preview:-1"},"canonical":"https:\/\/dispear-records.com\/index.php\/severance-hardcore-metal-bayonne\/","og_locale":"fr_FR","og_type":"article","og_title":"Severance - Dispear Records","og_description":"Severance, groupe de hardcore metal form\u00e9 \u00e0 Bayonne en 2023, propose un son lourd et visc\u00e9ral entre riffs percutants et breakdowns massifs.","og_url":"https:\/\/dispear-records.com\/index.php\/severance-hardcore-metal-bayonne\/","og_site_name":"Dispear Records","article_modified_time":"2026-03-17T21:00:41+00:00","og_image":[{"width":1600,"height":898,"url":"https:\/\/dispear-records.com\/wp-content\/uploads\/2026\/03\/480074711_546216371802707_8571151418689362373_n.jpg","type":"image\/jpeg"}],"twitter_card":"summary_large_image","twitter_misc":{"Dur\u00e9e de lecture estim\u00e9e":"1 minute"},"schema":{"@context":"https:\/\/schema.org","@graph":[{"@type":"WebPage","@id":"https:\/\/dispear-records.com\/index.php\/severance-hardcore-metal-bayonne\/","url":"https:\/\/dispear-records.com\/index.php\/severance-hardcore-metal-bayonne\/","name":"Severance - Dispear Records","isPartOf":{"@id":"https:\/\/dispear-records.com\/#website"},"primaryImageOfPage":{"@id":"https:\/\/dispear-records.com\/index.php\/severance-hardcore-metal-bayonne\/#primaryimage"},"image":{"@id":"https:\/\/dispear-records.com\/index.php\/severance-hardcore-metal-bayonne\/#primaryimage"},"thumbnailUrl":"https:\/\/dispear-records.com\/wp-content\/uploads\/2026\/03\/480074711_546216371802707_8571151418689362373_n-1024x575.jpg","datePublished":"2026-03-17T21:00:40+00:00","dateModified":"2026-03-17T21:00:41+00:00","description":"Severance, groupe de hardcore metal form\u00e9 \u00e0 Bayonne en 2023, propose un son lourd et visc\u00e9ral entre riffs percutants et breakdowns massifs.","breadcrumb":{"@id":"https:\/\/dispear-records.com\/index.php\/severance-hardcore-metal-bayonne\/#breadcrumb"},"inLanguage":"fr-FR","potentialAction":[{"@type":"ReadAction","target":["https:\/\/dispear-records.com\/index.php\/severance-hardcore-metal-bayonne\/"]}]},{"@type":"ImageObject","inLanguage":"fr-FR","@id":"https:\/\/dispear-records.com\/index.php\/severance-hardcore-metal-bayonne\/#primaryimage","url":"https:\/\/dispear-records.com\/wp-content\/uploads\/2026\/03\/480074711_546216371802707_8571151418689362373_n.jpg","contentUrl":"https:\/\/dispear-records.com\/wp-content\/uploads\/2026\/03\/480074711_546216371802707_8571151418689362373_n.jpg","width":1600,"height":898},{"@type":"BreadcrumbList","@id":"https:\/\/dispear-records.com\/index.php\/severance-hardcore-metal-bayonne\/#breadcrumb","itemListElement":[{"@type":"ListItem","position":1,"name":"Accueil","item":"https:\/\/dispear-records.com\/"},{"@type":"ListItem","position":2,"name":"Severance"}]},{"@type":"WebSite","@id":"https:\/\/dispear-records.com\/#website","url":"https:\/\/dispear-records.com\/","name":"Dispear Records","description":"DIY punk &amp; hardcore label","publisher":{"@id":"https:\/\/dispear-records.com\/#organization"},"potentialAction":[{"@type":"SearchAction","target":{"@type":"EntryPoint","urlTemplate":"https:\/\/dispear-records.com\/?s={search_term_string}"},"query-input":{"@type":"PropertyValueSpecification","valueRequired":true,"valueName":"search_term_string"}}],"inLanguage":"fr-FR"},{"@type":"Organization","@id":"https:\/\/dispear-records.com\/#organization","name":"Dispear Records","url":"https:\/\/dispear-records.com\/","logo":{"@type":"ImageObject","inLanguage":"fr-FR","@id":"https:\/\/dispear-records.com\/#\/schema\/logo\/image\/","url":"https:\/\/dispear-records.com\/wp-content\/uploads\/2021\/06\/cropped-cropped-dispear.png","contentUrl":"https:\/\/dispear-records.com\/wp-content\/uploads\/2021\/06\/cropped-cropped-dispear.png","width":2592,"height":709,"caption":"Dispear Records"},"image":{"@id":"https:\/\/dispear-records.com\/#\/schema\/logo\/image\/"}}]}},"_links":{"self":[{"href":"https:\/\/dispear-records.com\/index.php\/wp-json\/wp\/v2\/pages\/1332","targetHints":{"allow":["GET"]}}],"collection":[{"href":"https:\/\/dispear-records.com\/index.php\/wp-json\/wp\/v2\/pages"}],"about":[{"href":"https:\/\/dispear-records.com\/index.php\/wp-json\/wp\/v2\/types\/page"}],"author":[{"embeddable":true,"href":"https:\/\/dispear-records.com\/index.php\/wp-json\/wp\/v2\/users\/1"}],"replies":[{"embeddable":true,"href":"https:\/\/dispear-records.com\/index.php\/wp-json\/wp\/v2\/comments?post=1332"}],"version-history":[{"count":1,"href":"https:\/\/dispear-records.com\/index.php\/wp-json\/wp\/v2\/pages\/1332\/revisions"}],"predecessor-version":[{"id":1336,"href":"https:\/\/dispear-records.com\/index.php\/wp-json\/wp\/v2\/pages\/1332\/revisions\/1336"}],"wp:attachment":[{"href":"https:\/\/dispear-records.com\/index.php\/wp-json\/wp\/v2\/media?parent=1332"}],"curies":[{"name":"wp","href":"https:\/\/api.w.org\/{rel}","templated":true}]}}