{"id":1368,"date":"2026-04-17T22:30:41","date_gmt":"2026-04-17T20:30:41","guid":{"rendered":"https:\/\/dispear-records.com\/?page_id=1368"},"modified":"2026-04-17T22:30:42","modified_gmt":"2026-04-17T20:30:42","slug":"spiruline-metallic-riot-grrrl-hardcore-punk-paris","status":"publish","type":"page","link":"https:\/\/dispear-records.com\/index.php\/spiruline-metallic-riot-grrrl-hardcore-punk-paris\/","title":{"rendered":"Spiruline"},"content":{"rendered":"<div class=\"wp-block-image\">\n<figure class=\"aligncenter size-large\"><img loading=\"lazy\" decoding=\"async\" width=\"1024\" height=\"683\" src=\"https:\/\/dispear-records.com\/wp-content\/uploads\/2026\/04\/2025_08_31-SPIRULINE-DSC_0128-1024x683.jpg\" alt=\"\" class=\"wp-image-1369\" srcset=\"https:\/\/dispear-records.com\/wp-content\/uploads\/2026\/04\/2025_08_31-SPIRULINE-DSC_0128-1024x683.jpg 1024w, https:\/\/dispear-records.com\/wp-content\/uploads\/2026\/04\/2025_08_31-SPIRULINE-DSC_0128-300x200.jpg 300w, https:\/\/dispear-records.com\/wp-content\/uploads\/2026\/04\/2025_08_31-SPIRULINE-DSC_0128-768x512.jpg 768w, https:\/\/dispear-records.com\/wp-content\/uploads\/2026\/04\/2025_08_31-SPIRULINE-DSC_0128-416x277.jpg 416w, https:\/\/dispear-records.com\/wp-content\/uploads\/2026\/04\/2025_08_31-SPIRULINE-DSC_0128.jpg 1500w\" sizes=\"auto, (max-width: 1024px) 100vw, 1024px\" \/><\/figure>\n<\/div>\n\n\n<p>Quel est le point commun entre le groupe Spiruline et le lac Mouriscot \u00e0 Biarritz en \u00e9t\u00e9 ? Les cyanobact\u00e9ries ! Mais on n&rsquo;est pas l\u00e0 pour parler biologie, donc revenons \u00e0 ce qui nous anime. Spiruline est un jeune groupe parisien apparu fin 2022, compos\u00e9 de quatre personnes. Leur musique m\u00e9lange hardcore, punk rageur et metalcore des ann\u00e9es 2000, avec une forte \u00e9nergie live et une approche tr\u00e8s frontale. Leur son repose sur des guitares bien metol, un chant agressif et une batterie qui tabasse. Dans leurs influences, on sent surtout le metalcore du d\u00e9but des ann\u00e9es 2000, le hardcore moderne et le punk engag\u00e9. Clairement un des groupes les plus bourrins du label !<\/p>\n\n\n\n<p>Profond\u00e9ment riot grrrl dans leur identit\u00e9, leurs textes parlent de col\u00e8re, de r\u00e9sistance et de la difficult\u00e9 de vivre dans une soci\u00e9t\u00e9 patriarcale et capitaliste. Mais autant les citer car ce sont iels qui en parlent le mieux :<br>\u00ab\u00a0<em>Nous voulons transmettre des valeurs clairement f\u00e9ministes et intersectionnelles, anticapitalistes et antifascistes ! Prendre position nous semble indispensable dans une sc\u00e8ne o\u00f9 trop souvent \u00ab l\u2019apolitisme \u00bb frise avec des valeurs de droite et avec une tol\u00e9rance pour les violences sexistes et sexuelles, le racisme, l\u2019homophobie ou la transphobie. Nous souhaitons nous opposer clairement \u00e0 \u00e7a et militer pour une sc\u00e8ne plus inclusive qui prend position contre les comportements oppressifs.<\/em>\u00ab\u00a0<\/p>\n\n\n<div data-block-name=\"woocommerce\/product-category\" data-categories=\"[87]\" data-columns=\"1\" data-rows=\"1\" class=\"wc-block-grid wp-block-product-category wp-block-woocommerce-product-category wc-block-product-category has-1-columns\"><ul class=\"wc-block-grid__products\"><li class=\"wc-block-grid__product\">\n\t\t\t\t<a href=\"https:\/\/dispear-records.com\/index.php\/produit\/cassette-spiruline-thick-skin-sharp-nails\/\" class=\"wc-block-grid__product-link\">\n\t\t\t\t\t\n\t\t\t\t\t<div class=\"wc-block-grid__product-image\"><img loading=\"lazy\" decoding=\"async\" width=\"324\" height=\"324\" src=\"https:\/\/dispear-records.com\/wp-content\/uploads\/2026\/04\/spiruline1-800-324x324.jpg\" class=\"attachment-woocommerce_thumbnail size-woocommerce_thumbnail\" alt=\"[Cassette] Spiruline - Thick Skin \/\/\/ Sharp Nails\" srcset=\"https:\/\/dispear-records.com\/wp-content\/uploads\/2026\/04\/spiruline1-800-324x324.jpg 324w, https:\/\/dispear-records.com\/wp-content\/uploads\/2026\/04\/spiruline1-800-300x300.jpg 300w, https:\/\/dispear-records.com\/wp-content\/uploads\/2026\/04\/spiruline1-800-150x150.jpg 150w, https:\/\/dispear-records.com\/wp-content\/uploads\/2026\/04\/spiruline1-800-768x768.jpg 768w, https:\/\/dispear-records.com\/wp-content\/uploads\/2026\/04\/spiruline1-800-416x416.jpg 416w, https:\/\/dispear-records.com\/wp-content\/uploads\/2026\/04\/spiruline1-800-100x100.jpg 100w, https:\/\/dispear-records.com\/wp-content\/uploads\/2026\/04\/spiruline1-800.jpg 800w\" sizes=\"auto, (max-width: 324px) 100vw, 324px\" \/><\/div>\n\t\t\t\t\t<div class=\"wc-block-grid__product-title\">[Cassette] Spiruline &#8211; Thick Skin \/\/\/ Sharp Nails<\/div>\n\t\t\t\t<\/a>\n\t\t\t\t<div class=\"wc-block-grid__product-price price\"><span class=\"woocommerce-Price-amount amount\">7,00<span class=\"woocommerce-Price-currencySymbol\">&euro;<\/span><\/span><\/div>\n\t\t\t\t\n\t\t\t\t<div class=\"wp-block-button wc-block-grid__product-add-to-cart\"><a href=\"\/index.php\/wp-json\/wp\/v2\/pages\/1368?add-to-cart=1364\" aria-label=\"Ajouter au panier\u00a0: &ldquo;[Cassette] Spiruline - Thick Skin \/\/\/ Sharp Nails&rdquo;\" data-quantity=\"1\" data-product_id=\"1364\" data-product_sku=\"DSPR26060\" data-price=\"7\" rel=\"nofollow\" class=\"wp-block-button__link  add_to_cart_button ajax_add_to_cart\">Ajouter au panier<\/a><\/div>\n\t\t\t<\/li><\/ul><\/div>\n\n\n<iframe style=\"border: 0; width: 400px; height: 307px;\" src=\"https:\/\/bandcamp.com\/EmbeddedPlayer\/album=3082560844\/size=large\/bgcol=ffffff\/linkcol=333333\/artwork=small\/transparent=true\/\" seamless><a href=\"https:\/\/spirulinehc.bandcamp.com\/album\/thick-skin-sharp-nails\">Thick Skin \/\/\/ Sharp Nails de Spiruline<\/a><\/iframe>\n","protected":false},"excerpt":{"rendered":"<p>Quel est le point commun entre le groupe Spiruline et le lac Mouriscot \u00e0 Biarritz en \u00e9t\u00e9 ? Les cyanobact\u00e9ries ! Mais on n&rsquo;est pas l\u00e0 pour parler biologie, donc revenons \u00e0 ce qui nous anime. Spiruline est un jeune groupe parisien apparu fin 2022, compos\u00e9 de quatre personnes. Leur musique m\u00e9lange hardcore, punk rageur [&hellip;]<\/p>\n","protected":false},"author":1,"featured_media":0,"parent":0,"menu_order":0,"comment_status":"closed","ping_status":"closed","template":"","meta":{"footnotes":""},"class_list":["post-1368","page","type-page","status-publish","hentry"],"yoast_head":"<!-- This site is optimized with the Yoast SEO plugin v27.4 - https:\/\/yoast.com\/product\/yoast-seo-wordpress\/ -->\n<title>Spiruline - Dispear Records<\/title>\n<meta name=\"description\" content=\"Nouvelle claque venue de Paris : du riot hardcore punk aux accents m\u00e9talliques et \u00e0 l&#039;engagement f\u00e9ministe, anticapitaliste et antifasciste\" \/>\n<meta name=\"robots\" content=\"index, follow, max-snippet:-1, max-image-preview:large, max-video-preview:-1\" \/>\n<link rel=\"canonical\" href=\"https:\/\/dispear-records.com\/index.php\/spiruline-metallic-riot-grrrl-hardcore-punk-paris\/\" \/>\n<meta property=\"og:locale\" content=\"fr_FR\" \/>\n<meta property=\"og:type\" content=\"article\" \/>\n<meta property=\"og:title\" content=\"Spiruline - Dispear Records\" \/>\n<meta property=\"og:description\" content=\"Nouvelle claque venue de Paris : du riot hardcore punk aux accents m\u00e9talliques et \u00e0 l&#039;engagement f\u00e9ministe, anticapitaliste et antifasciste\" \/>\n<meta property=\"og:url\" content=\"https:\/\/dispear-records.com\/index.php\/spiruline-metallic-riot-grrrl-hardcore-punk-paris\/\" \/>\n<meta property=\"og:site_name\" content=\"Dispear Records\" \/>\n<meta property=\"article:modified_time\" content=\"2026-04-17T20:30:42+00:00\" \/>\n<meta property=\"og:image\" content=\"https:\/\/dispear-records.com\/wp-content\/uploads\/2026\/04\/2025_08_31-SPIRULINE-DSC_0128.jpg\" \/>\n\t<meta property=\"og:image:width\" content=\"1500\" \/>\n\t<meta property=\"og:image:height\" content=\"1000\" \/>\n\t<meta property=\"og:image:type\" content=\"image\/jpeg\" \/>\n<meta name=\"twitter:card\" content=\"summary_large_image\" \/>\n<meta name=\"twitter:label1\" content=\"Dur\u00e9e de lecture estim\u00e9e\" \/>\n\t<meta name=\"twitter:data1\" content=\"2 minutes\" \/>\n<script type=\"application\/ld+json\" class=\"yoast-schema-graph\">{\"@context\":\"https:\\\/\\\/schema.org\",\"@graph\":[{\"@type\":\"WebPage\",\"@id\":\"https:\\\/\\\/dispear-records.com\\\/index.php\\\/spiruline-metallic-riot-grrrl-hardcore-punk-paris\\\/\",\"url\":\"https:\\\/\\\/dispear-records.com\\\/index.php\\\/spiruline-metallic-riot-grrrl-hardcore-punk-paris\\\/\",\"name\":\"Spiruline - Dispear Records\",\"isPartOf\":{\"@id\":\"https:\\\/\\\/dispear-records.com\\\/#website\"},\"primaryImageOfPage\":{\"@id\":\"https:\\\/\\\/dispear-records.com\\\/index.php\\\/spiruline-metallic-riot-grrrl-hardcore-punk-paris\\\/#primaryimage\"},\"image\":{\"@id\":\"https:\\\/\\\/dispear-records.com\\\/index.php\\\/spiruline-metallic-riot-grrrl-hardcore-punk-paris\\\/#primaryimage\"},\"thumbnailUrl\":\"https:\\\/\\\/dispear-records.com\\\/wp-content\\\/uploads\\\/2026\\\/04\\\/2025_08_31-SPIRULINE-DSC_0128-1024x683.jpg\",\"datePublished\":\"2026-04-17T20:30:41+00:00\",\"dateModified\":\"2026-04-17T20:30:42+00:00\",\"description\":\"Nouvelle claque venue de Paris : du riot hardcore punk aux accents m\u00e9talliques et \u00e0 l'engagement f\u00e9ministe, anticapitaliste et antifasciste\",\"breadcrumb\":{\"@id\":\"https:\\\/\\\/dispear-records.com\\\/index.php\\\/spiruline-metallic-riot-grrrl-hardcore-punk-paris\\\/#breadcrumb\"},\"inLanguage\":\"fr-FR\",\"potentialAction\":[{\"@type\":\"ReadAction\",\"target\":[\"https:\\\/\\\/dispear-records.com\\\/index.php\\\/spiruline-metallic-riot-grrrl-hardcore-punk-paris\\\/\"]}]},{\"@type\":\"ImageObject\",\"inLanguage\":\"fr-FR\",\"@id\":\"https:\\\/\\\/dispear-records.com\\\/index.php\\\/spiruline-metallic-riot-grrrl-hardcore-punk-paris\\\/#primaryimage\",\"url\":\"https:\\\/\\\/dispear-records.com\\\/wp-content\\\/uploads\\\/2026\\\/04\\\/2025_08_31-SPIRULINE-DSC_0128.jpg\",\"contentUrl\":\"https:\\\/\\\/dispear-records.com\\\/wp-content\\\/uploads\\\/2026\\\/04\\\/2025_08_31-SPIRULINE-DSC_0128.jpg\",\"width\":1500,\"height\":1000},{\"@type\":\"BreadcrumbList\",\"@id\":\"https:\\\/\\\/dispear-records.com\\\/index.php\\\/spiruline-metallic-riot-grrrl-hardcore-punk-paris\\\/#breadcrumb\",\"itemListElement\":[{\"@type\":\"ListItem\",\"position\":1,\"name\":\"Accueil\",\"item\":\"https:\\\/\\\/dispear-records.com\\\/\"},{\"@type\":\"ListItem\",\"position\":2,\"name\":\"Spiruline\"}]},{\"@type\":\"WebSite\",\"@id\":\"https:\\\/\\\/dispear-records.com\\\/#website\",\"url\":\"https:\\\/\\\/dispear-records.com\\\/\",\"name\":\"Dispear Records\",\"description\":\"DIY punk &amp; hardcore label\",\"publisher\":{\"@id\":\"https:\\\/\\\/dispear-records.com\\\/#organization\"},\"potentialAction\":[{\"@type\":\"SearchAction\",\"target\":{\"@type\":\"EntryPoint\",\"urlTemplate\":\"https:\\\/\\\/dispear-records.com\\\/?s={search_term_string}\"},\"query-input\":{\"@type\":\"PropertyValueSpecification\",\"valueRequired\":true,\"valueName\":\"search_term_string\"}}],\"inLanguage\":\"fr-FR\"},{\"@type\":\"Organization\",\"@id\":\"https:\\\/\\\/dispear-records.com\\\/#organization\",\"name\":\"Dispear Records\",\"url\":\"https:\\\/\\\/dispear-records.com\\\/\",\"logo\":{\"@type\":\"ImageObject\",\"inLanguage\":\"fr-FR\",\"@id\":\"https:\\\/\\\/dispear-records.com\\\/#\\\/schema\\\/logo\\\/image\\\/\",\"url\":\"https:\\\/\\\/dispear-records.com\\\/wp-content\\\/uploads\\\/2021\\\/06\\\/cropped-cropped-dispear.png\",\"contentUrl\":\"https:\\\/\\\/dispear-records.com\\\/wp-content\\\/uploads\\\/2021\\\/06\\\/cropped-cropped-dispear.png\",\"width\":2592,\"height\":709,\"caption\":\"Dispear Records\"},\"image\":{\"@id\":\"https:\\\/\\\/dispear-records.com\\\/#\\\/schema\\\/logo\\\/image\\\/\"}}]}<\/script>\n<!-- \/ Yoast SEO plugin. -->","yoast_head_json":{"title":"Spiruline - Dispear Records","description":"Nouvelle claque venue de Paris : du riot hardcore punk aux accents m\u00e9talliques et \u00e0 l'engagement f\u00e9ministe, anticapitaliste et antifasciste","robots":{"index":"index","follow":"follow","max-snippet":"max-snippet:-1","max-image-preview":"max-image-preview:large","max-video-preview":"max-video-preview:-1"},"canonical":"https:\/\/dispear-records.com\/index.php\/spiruline-metallic-riot-grrrl-hardcore-punk-paris\/","og_locale":"fr_FR","og_type":"article","og_title":"Spiruline - Dispear Records","og_description":"Nouvelle claque venue de Paris : du riot hardcore punk aux accents m\u00e9talliques et \u00e0 l'engagement f\u00e9ministe, anticapitaliste et antifasciste","og_url":"https:\/\/dispear-records.com\/index.php\/spiruline-metallic-riot-grrrl-hardcore-punk-paris\/","og_site_name":"Dispear Records","article_modified_time":"2026-04-17T20:30:42+00:00","og_image":[{"width":1500,"height":1000,"url":"https:\/\/dispear-records.com\/wp-content\/uploads\/2026\/04\/2025_08_31-SPIRULINE-DSC_0128.jpg","type":"image\/jpeg"}],"twitter_card":"summary_large_image","twitter_misc":{"Dur\u00e9e de lecture estim\u00e9e":"2 minutes"},"schema":{"@context":"https:\/\/schema.org","@graph":[{"@type":"WebPage","@id":"https:\/\/dispear-records.com\/index.php\/spiruline-metallic-riot-grrrl-hardcore-punk-paris\/","url":"https:\/\/dispear-records.com\/index.php\/spiruline-metallic-riot-grrrl-hardcore-punk-paris\/","name":"Spiruline - Dispear Records","isPartOf":{"@id":"https:\/\/dispear-records.com\/#website"},"primaryImageOfPage":{"@id":"https:\/\/dispear-records.com\/index.php\/spiruline-metallic-riot-grrrl-hardcore-punk-paris\/#primaryimage"},"image":{"@id":"https:\/\/dispear-records.com\/index.php\/spiruline-metallic-riot-grrrl-hardcore-punk-paris\/#primaryimage"},"thumbnailUrl":"https:\/\/dispear-records.com\/wp-content\/uploads\/2026\/04\/2025_08_31-SPIRULINE-DSC_0128-1024x683.jpg","datePublished":"2026-04-17T20:30:41+00:00","dateModified":"2026-04-17T20:30:42+00:00","description":"Nouvelle claque venue de Paris : du riot hardcore punk aux accents m\u00e9talliques et \u00e0 l'engagement f\u00e9ministe, anticapitaliste et antifasciste","breadcrumb":{"@id":"https:\/\/dispear-records.com\/index.php\/spiruline-metallic-riot-grrrl-hardcore-punk-paris\/#breadcrumb"},"inLanguage":"fr-FR","potentialAction":[{"@type":"ReadAction","target":["https:\/\/dispear-records.com\/index.php\/spiruline-metallic-riot-grrrl-hardcore-punk-paris\/"]}]},{"@type":"ImageObject","inLanguage":"fr-FR","@id":"https:\/\/dispear-records.com\/index.php\/spiruline-metallic-riot-grrrl-hardcore-punk-paris\/#primaryimage","url":"https:\/\/dispear-records.com\/wp-content\/uploads\/2026\/04\/2025_08_31-SPIRULINE-DSC_0128.jpg","contentUrl":"https:\/\/dispear-records.com\/wp-content\/uploads\/2026\/04\/2025_08_31-SPIRULINE-DSC_0128.jpg","width":1500,"height":1000},{"@type":"BreadcrumbList","@id":"https:\/\/dispear-records.com\/index.php\/spiruline-metallic-riot-grrrl-hardcore-punk-paris\/#breadcrumb","itemListElement":[{"@type":"ListItem","position":1,"name":"Accueil","item":"https:\/\/dispear-records.com\/"},{"@type":"ListItem","position":2,"name":"Spiruline"}]},{"@type":"WebSite","@id":"https:\/\/dispear-records.com\/#website","url":"https:\/\/dispear-records.com\/","name":"Dispear Records","description":"DIY punk &amp; hardcore label","publisher":{"@id":"https:\/\/dispear-records.com\/#organization"},"potentialAction":[{"@type":"SearchAction","target":{"@type":"EntryPoint","urlTemplate":"https:\/\/dispear-records.com\/?s={search_term_string}"},"query-input":{"@type":"PropertyValueSpecification","valueRequired":true,"valueName":"search_term_string"}}],"inLanguage":"fr-FR"},{"@type":"Organization","@id":"https:\/\/dispear-records.com\/#organization","name":"Dispear Records","url":"https:\/\/dispear-records.com\/","logo":{"@type":"ImageObject","inLanguage":"fr-FR","@id":"https:\/\/dispear-records.com\/#\/schema\/logo\/image\/","url":"https:\/\/dispear-records.com\/wp-content\/uploads\/2021\/06\/cropped-cropped-dispear.png","contentUrl":"https:\/\/dispear-records.com\/wp-content\/uploads\/2021\/06\/cropped-cropped-dispear.png","width":2592,"height":709,"caption":"Dispear Records"},"image":{"@id":"https:\/\/dispear-records.com\/#\/schema\/logo\/image\/"}}]}},"_links":{"self":[{"href":"https:\/\/dispear-records.com\/index.php\/wp-json\/wp\/v2\/pages\/1368","targetHints":{"allow":["GET"]}}],"collection":[{"href":"https:\/\/dispear-records.com\/index.php\/wp-json\/wp\/v2\/pages"}],"about":[{"href":"https:\/\/dispear-records.com\/index.php\/wp-json\/wp\/v2\/types\/page"}],"author":[{"embeddable":true,"href":"https:\/\/dispear-records.com\/index.php\/wp-json\/wp\/v2\/users\/1"}],"replies":[{"embeddable":true,"href":"https:\/\/dispear-records.com\/index.php\/wp-json\/wp\/v2\/comments?post=1368"}],"version-history":[{"count":1,"href":"https:\/\/dispear-records.com\/index.php\/wp-json\/wp\/v2\/pages\/1368\/revisions"}],"predecessor-version":[{"id":1370,"href":"https:\/\/dispear-records.com\/index.php\/wp-json\/wp\/v2\/pages\/1368\/revisions\/1370"}],"wp:attachment":[{"href":"https:\/\/dispear-records.com\/index.php\/wp-json\/wp\/v2\/media?parent=1368"}],"curies":[{"name":"wp","href":"https:\/\/api.w.org\/{rel}","templated":true}]}}