{"id":1390,"date":"2026-05-08T15:58:58","date_gmt":"2026-05-08T13:58:58","guid":{"rendered":"https:\/\/dispear-records.com\/?page_id=1390"},"modified":"2026-05-08T16:15:57","modified_gmt":"2026-05-08T14:15:57","slug":"daria-indie-rock-ange","status":"publish","type":"page","link":"https:\/\/dispear-records.com\/index.php\/daria-indie-rock-ange\/","title":{"rendered":"Daria"},"content":{"rendered":"<div class=\"wp-block-image\">\n<figure class=\"aligncenter size-full is-resized\"><img loading=\"lazy\" decoding=\"async\" width=\"857\" height=\"608\" src=\"https:\/\/dispear-records.com\/wp-content\/uploads\/2026\/05\/daria-bandeau.jpg\" alt=\"\" class=\"wp-image-1392\" style=\"aspect-ratio:1.4095555493320637;width:499px;height:auto\" srcset=\"https:\/\/dispear-records.com\/wp-content\/uploads\/2026\/05\/daria-bandeau.jpg 857w, https:\/\/dispear-records.com\/wp-content\/uploads\/2026\/05\/daria-bandeau-300x213.jpg 300w, https:\/\/dispear-records.com\/wp-content\/uploads\/2026\/05\/daria-bandeau-768x545.jpg 768w, https:\/\/dispear-records.com\/wp-content\/uploads\/2026\/05\/daria-bandeau-416x295.jpg 416w\" sizes=\"auto, (max-width: 857px) 100vw, 857px\" \/><\/figure>\n<\/div>\n\n\n<p><strong>Daria<\/strong> est un groupe d\u2019indie rock form\u00e9 \u00e0 Angers, avec plus de 600 concerts et cinq albums au compteur. R\u00e9put\u00e9 pour l\u2019intensit\u00e9 de ses lives, le groupe a notamment partag\u00e9 la sc\u00e8ne avec The Jesus Lizard, Against Me! ou encore Seaweed.<\/p>\n\n\n\n<p>En 2016, leur album Impossible Colours est distribu\u00e9 par Dischord Records, le genre de ligne sur un CV qui remet imm\u00e9diatement les choses en perspective. Pendant un temps accompagn\u00e9 \u00e0 la guitare par Jay Robbins, le groupe compte aussi dans ses rangs Pierre-Yves Sourice, membre des Thugs. \u00c0 ce stade, on peut clairement parler de dream team\u2026 et en m\u00eame temps vu la qualit\u00e9 propos\u00e9e, c&rsquo;est pas si surprenant !<\/p>\n\n\n\n<p>De retour en 2022 avec un nouveau line-up, Daria d\u00e9voile en 2024 Fall Not, un disque plus dense, plus pos\u00e9 et plus m\u00e9lodique. Et en mai 2026, Daria sort chez Dispear Records un split k7 avec Flying Donuts reactivated\u2026 la boucle est boucl\u00e9e !<\/p>\n\n\n<div data-block-name=\"woocommerce\/product-category\" data-categories=\"[89]\" data-columns=\"1\" data-rows=\"1\" class=\"wc-block-grid wp-block-product-category wp-block-woocommerce-product-category wc-block-product-category has-1-columns\"><ul class=\"wc-block-grid__products\"><li class=\"wc-block-grid__product\">\n\t\t\t\t<a href=\"https:\/\/dispear-records.com\/index.php\/produit\/cassette-flying-donuts-reactivated-daria-this-machine-conjures-up-the-old-days-and-past-sounds\/\" class=\"wc-block-grid__product-link\">\n\t\t\t\t\t\n\t\t\t\t\t<div class=\"wc-block-grid__product-image\"><img loading=\"lazy\" decoding=\"async\" width=\"324\" height=\"324\" src=\"https:\/\/dispear-records.com\/wp-content\/uploads\/2026\/05\/donuts-daria-800-324x324.jpg\" class=\"attachment-woocommerce_thumbnail size-woocommerce_thumbnail\" alt=\"[Cassette] Flying Donuts reactivated \/ Daria - This Machine Conjures Up The Old Days And Past Sounds\" srcset=\"https:\/\/dispear-records.com\/wp-content\/uploads\/2026\/05\/donuts-daria-800-324x324.jpg 324w, https:\/\/dispear-records.com\/wp-content\/uploads\/2026\/05\/donuts-daria-800-300x300.jpg 300w, https:\/\/dispear-records.com\/wp-content\/uploads\/2026\/05\/donuts-daria-800-150x150.jpg 150w, https:\/\/dispear-records.com\/wp-content\/uploads\/2026\/05\/donuts-daria-800-768x768.jpg 768w, https:\/\/dispear-records.com\/wp-content\/uploads\/2026\/05\/donuts-daria-800-416x416.jpg 416w, https:\/\/dispear-records.com\/wp-content\/uploads\/2026\/05\/donuts-daria-800-100x100.jpg 100w, https:\/\/dispear-records.com\/wp-content\/uploads\/2026\/05\/donuts-daria-800.jpg 800w\" sizes=\"auto, (max-width: 324px) 100vw, 324px\" \/><\/div>\n\t\t\t\t\t<div class=\"wc-block-grid__product-title\">[Cassette] Flying Donuts reactivated \/ Daria &#8211; This Machine Conjures Up The Old Days And Past Sounds<\/div>\n\t\t\t\t<\/a>\n\t\t\t\t<div class=\"wc-block-grid__product-price price\"><span class=\"woocommerce-Price-amount amount\">8,00<span class=\"woocommerce-Price-currencySymbol\">&euro;<\/span><\/span><\/div>\n\t\t\t\t\n\t\t\t\t<div class=\"wp-block-button wc-block-grid__product-add-to-cart\"><a href=\"\/index.php\/wp-json\/wp\/v2\/pages\/1390?add-to-cart=1385\" aria-label=\"Ajouter au panier\u00a0: &ldquo;[Cassette] Flying Donuts reactivated \/ Daria - This Machine Conjures Up The Old Days And Past Sounds&rdquo;\" data-quantity=\"1\" data-product_id=\"1385\" data-product_sku=\"DSPR26056\" data-price=\"8\" rel=\"nofollow\" class=\"wp-block-button__link  add_to_cart_button ajax_add_to_cart\">Ajouter au panier<\/a><\/div>\n\t\t\t<\/li><\/ul><\/div>\n\n\n<iframe style=\"border: 0; width: 400px; height: 406px;\" src=\"https:\/\/bandcamp.com\/EmbeddedPlayer\/album=2813668537\/size=large\/bgcol=ffffff\/linkcol=333333\/artwork=small\/transparent=true\/\" seamless><a href=\"https:\/\/flyingdonutsreactivated.bandcamp.com\/album\/this-machine-conjures-up-the-old-days-and-past-sounds\">This Machine conjures up the old days and past sounds de Flying Donuts Reactivated\/Daria<\/a><\/iframe>\n","protected":false},"excerpt":{"rendered":"<p>Daria est un groupe d\u2019indie rock form\u00e9 \u00e0 Angers, avec plus de 600 concerts et cinq albums au compteur. R\u00e9put\u00e9 pour l\u2019intensit\u00e9 de ses lives, le groupe a notamment partag\u00e9 la sc\u00e8ne avec The Jesus Lizard, Against Me! ou encore Seaweed. En 2016, leur album Impossible Colours est distribu\u00e9 par Dischord Records, le genre de [&hellip;]<\/p>\n","protected":false},"author":1,"featured_media":0,"parent":0,"menu_order":0,"comment_status":"closed","ping_status":"closed","template":"","meta":{"footnotes":""},"class_list":["post-1390","page","type-page","status-publish","hentry"],"yoast_head":"<!-- This site is optimized with the Yoast SEO plugin v27.5 - https:\/\/yoast.com\/product\/yoast-seo-wordpress\/ -->\n<title>Daria - Dispear Records<\/title>\n<meta name=\"description\" content=\"Le groupe culte d\u2019indie rock est de retour en 2022 avec l\u2019album Fall Not, puis un split K7 avec Flying Donuts reactivated en 2026.\" \/>\n<meta name=\"robots\" content=\"index, follow, max-snippet:-1, max-image-preview:large, max-video-preview:-1\" \/>\n<link rel=\"canonical\" href=\"https:\/\/dispear-records.com\/index.php\/daria-indie-rock-ange\/\" \/>\n<meta property=\"og:locale\" content=\"fr_FR\" \/>\n<meta property=\"og:type\" content=\"article\" \/>\n<meta property=\"og:title\" content=\"Daria - Dispear Records\" \/>\n<meta property=\"og:description\" content=\"Le groupe culte d\u2019indie rock est de retour en 2022 avec l\u2019album Fall Not, puis un split K7 avec Flying Donuts reactivated en 2026.\" \/>\n<meta property=\"og:url\" content=\"https:\/\/dispear-records.com\/index.php\/daria-indie-rock-ange\/\" \/>\n<meta property=\"og:site_name\" content=\"Dispear Records\" \/>\n<meta property=\"article:modified_time\" content=\"2026-05-08T14:15:57+00:00\" \/>\n<meta property=\"og:image\" content=\"https:\/\/dispear-records.com\/wp-content\/uploads\/2026\/05\/daria-bandeau.jpg\" \/>\n\t<meta property=\"og:image:width\" content=\"857\" \/>\n\t<meta property=\"og:image:height\" content=\"608\" \/>\n\t<meta property=\"og:image:type\" content=\"image\/jpeg\" \/>\n<meta name=\"twitter:card\" content=\"summary_large_image\" \/>\n<meta name=\"twitter:label1\" content=\"Dur\u00e9e de lecture estim\u00e9e\" \/>\n\t<meta name=\"twitter:data1\" content=\"2 minutes\" \/>\n<script type=\"application\/ld+json\" class=\"yoast-schema-graph\">{\"@context\":\"https:\\\/\\\/schema.org\",\"@graph\":[{\"@type\":\"WebPage\",\"@id\":\"https:\\\/\\\/dispear-records.com\\\/index.php\\\/daria-indie-rock-ange\\\/\",\"url\":\"https:\\\/\\\/dispear-records.com\\\/index.php\\\/daria-indie-rock-ange\\\/\",\"name\":\"Daria - Dispear Records\",\"isPartOf\":{\"@id\":\"https:\\\/\\\/dispear-records.com\\\/#website\"},\"primaryImageOfPage\":{\"@id\":\"https:\\\/\\\/dispear-records.com\\\/index.php\\\/daria-indie-rock-ange\\\/#primaryimage\"},\"image\":{\"@id\":\"https:\\\/\\\/dispear-records.com\\\/index.php\\\/daria-indie-rock-ange\\\/#primaryimage\"},\"thumbnailUrl\":\"https:\\\/\\\/dispear-records.com\\\/wp-content\\\/uploads\\\/2026\\\/05\\\/daria-bandeau.jpg\",\"datePublished\":\"2026-05-08T13:58:58+00:00\",\"dateModified\":\"2026-05-08T14:15:57+00:00\",\"description\":\"Le groupe culte d\u2019indie rock est de retour en 2022 avec l\u2019album Fall Not, puis un split K7 avec Flying Donuts reactivated en 2026.\",\"breadcrumb\":{\"@id\":\"https:\\\/\\\/dispear-records.com\\\/index.php\\\/daria-indie-rock-ange\\\/#breadcrumb\"},\"inLanguage\":\"fr-FR\",\"potentialAction\":[{\"@type\":\"ReadAction\",\"target\":[\"https:\\\/\\\/dispear-records.com\\\/index.php\\\/daria-indie-rock-ange\\\/\"]}]},{\"@type\":\"ImageObject\",\"inLanguage\":\"fr-FR\",\"@id\":\"https:\\\/\\\/dispear-records.com\\\/index.php\\\/daria-indie-rock-ange\\\/#primaryimage\",\"url\":\"https:\\\/\\\/dispear-records.com\\\/wp-content\\\/uploads\\\/2026\\\/05\\\/daria-bandeau.jpg\",\"contentUrl\":\"https:\\\/\\\/dispear-records.com\\\/wp-content\\\/uploads\\\/2026\\\/05\\\/daria-bandeau.jpg\",\"width\":857,\"height\":608},{\"@type\":\"BreadcrumbList\",\"@id\":\"https:\\\/\\\/dispear-records.com\\\/index.php\\\/daria-indie-rock-ange\\\/#breadcrumb\",\"itemListElement\":[{\"@type\":\"ListItem\",\"position\":1,\"name\":\"Accueil\",\"item\":\"https:\\\/\\\/dispear-records.com\\\/\"},{\"@type\":\"ListItem\",\"position\":2,\"name\":\"Daria\"}]},{\"@type\":\"WebSite\",\"@id\":\"https:\\\/\\\/dispear-records.com\\\/#website\",\"url\":\"https:\\\/\\\/dispear-records.com\\\/\",\"name\":\"Dispear Records\",\"description\":\"DIY punk &amp; hardcore label\",\"publisher\":{\"@id\":\"https:\\\/\\\/dispear-records.com\\\/#organization\"},\"potentialAction\":[{\"@type\":\"SearchAction\",\"target\":{\"@type\":\"EntryPoint\",\"urlTemplate\":\"https:\\\/\\\/dispear-records.com\\\/?s={search_term_string}\"},\"query-input\":{\"@type\":\"PropertyValueSpecification\",\"valueRequired\":true,\"valueName\":\"search_term_string\"}}],\"inLanguage\":\"fr-FR\"},{\"@type\":\"Organization\",\"@id\":\"https:\\\/\\\/dispear-records.com\\\/#organization\",\"name\":\"Dispear Records\",\"url\":\"https:\\\/\\\/dispear-records.com\\\/\",\"logo\":{\"@type\":\"ImageObject\",\"inLanguage\":\"fr-FR\",\"@id\":\"https:\\\/\\\/dispear-records.com\\\/#\\\/schema\\\/logo\\\/image\\\/\",\"url\":\"https:\\\/\\\/dispear-records.com\\\/wp-content\\\/uploads\\\/2021\\\/06\\\/cropped-cropped-dispear.png\",\"contentUrl\":\"https:\\\/\\\/dispear-records.com\\\/wp-content\\\/uploads\\\/2021\\\/06\\\/cropped-cropped-dispear.png\",\"width\":2592,\"height\":709,\"caption\":\"Dispear Records\"},\"image\":{\"@id\":\"https:\\\/\\\/dispear-records.com\\\/#\\\/schema\\\/logo\\\/image\\\/\"}}]}<\/script>\n<!-- \/ Yoast SEO plugin. -->","yoast_head_json":{"title":"Daria - Dispear Records","description":"Le groupe culte d\u2019indie rock est de retour en 2022 avec l\u2019album Fall Not, puis un split K7 avec Flying Donuts reactivated en 2026.","robots":{"index":"index","follow":"follow","max-snippet":"max-snippet:-1","max-image-preview":"max-image-preview:large","max-video-preview":"max-video-preview:-1"},"canonical":"https:\/\/dispear-records.com\/index.php\/daria-indie-rock-ange\/","og_locale":"fr_FR","og_type":"article","og_title":"Daria - Dispear Records","og_description":"Le groupe culte d\u2019indie rock est de retour en 2022 avec l\u2019album Fall Not, puis un split K7 avec Flying Donuts reactivated en 2026.","og_url":"https:\/\/dispear-records.com\/index.php\/daria-indie-rock-ange\/","og_site_name":"Dispear Records","article_modified_time":"2026-05-08T14:15:57+00:00","og_image":[{"width":857,"height":608,"url":"https:\/\/dispear-records.com\/wp-content\/uploads\/2026\/05\/daria-bandeau.jpg","type":"image\/jpeg"}],"twitter_card":"summary_large_image","twitter_misc":{"Dur\u00e9e de lecture estim\u00e9e":"2 minutes"},"schema":{"@context":"https:\/\/schema.org","@graph":[{"@type":"WebPage","@id":"https:\/\/dispear-records.com\/index.php\/daria-indie-rock-ange\/","url":"https:\/\/dispear-records.com\/index.php\/daria-indie-rock-ange\/","name":"Daria - Dispear Records","isPartOf":{"@id":"https:\/\/dispear-records.com\/#website"},"primaryImageOfPage":{"@id":"https:\/\/dispear-records.com\/index.php\/daria-indie-rock-ange\/#primaryimage"},"image":{"@id":"https:\/\/dispear-records.com\/index.php\/daria-indie-rock-ange\/#primaryimage"},"thumbnailUrl":"https:\/\/dispear-records.com\/wp-content\/uploads\/2026\/05\/daria-bandeau.jpg","datePublished":"2026-05-08T13:58:58+00:00","dateModified":"2026-05-08T14:15:57+00:00","description":"Le groupe culte d\u2019indie rock est de retour en 2022 avec l\u2019album Fall Not, puis un split K7 avec Flying Donuts reactivated en 2026.","breadcrumb":{"@id":"https:\/\/dispear-records.com\/index.php\/daria-indie-rock-ange\/#breadcrumb"},"inLanguage":"fr-FR","potentialAction":[{"@type":"ReadAction","target":["https:\/\/dispear-records.com\/index.php\/daria-indie-rock-ange\/"]}]},{"@type":"ImageObject","inLanguage":"fr-FR","@id":"https:\/\/dispear-records.com\/index.php\/daria-indie-rock-ange\/#primaryimage","url":"https:\/\/dispear-records.com\/wp-content\/uploads\/2026\/05\/daria-bandeau.jpg","contentUrl":"https:\/\/dispear-records.com\/wp-content\/uploads\/2026\/05\/daria-bandeau.jpg","width":857,"height":608},{"@type":"BreadcrumbList","@id":"https:\/\/dispear-records.com\/index.php\/daria-indie-rock-ange\/#breadcrumb","itemListElement":[{"@type":"ListItem","position":1,"name":"Accueil","item":"https:\/\/dispear-records.com\/"},{"@type":"ListItem","position":2,"name":"Daria"}]},{"@type":"WebSite","@id":"https:\/\/dispear-records.com\/#website","url":"https:\/\/dispear-records.com\/","name":"Dispear Records","description":"DIY punk &amp; hardcore label","publisher":{"@id":"https:\/\/dispear-records.com\/#organization"},"potentialAction":[{"@type":"SearchAction","target":{"@type":"EntryPoint","urlTemplate":"https:\/\/dispear-records.com\/?s={search_term_string}"},"query-input":{"@type":"PropertyValueSpecification","valueRequired":true,"valueName":"search_term_string"}}],"inLanguage":"fr-FR"},{"@type":"Organization","@id":"https:\/\/dispear-records.com\/#organization","name":"Dispear Records","url":"https:\/\/dispear-records.com\/","logo":{"@type":"ImageObject","inLanguage":"fr-FR","@id":"https:\/\/dispear-records.com\/#\/schema\/logo\/image\/","url":"https:\/\/dispear-records.com\/wp-content\/uploads\/2021\/06\/cropped-cropped-dispear.png","contentUrl":"https:\/\/dispear-records.com\/wp-content\/uploads\/2021\/06\/cropped-cropped-dispear.png","width":2592,"height":709,"caption":"Dispear Records"},"image":{"@id":"https:\/\/dispear-records.com\/#\/schema\/logo\/image\/"}}]}},"_links":{"self":[{"href":"https:\/\/dispear-records.com\/index.php\/wp-json\/wp\/v2\/pages\/1390","targetHints":{"allow":["GET"]}}],"collection":[{"href":"https:\/\/dispear-records.com\/index.php\/wp-json\/wp\/v2\/pages"}],"about":[{"href":"https:\/\/dispear-records.com\/index.php\/wp-json\/wp\/v2\/types\/page"}],"author":[{"embeddable":true,"href":"https:\/\/dispear-records.com\/index.php\/wp-json\/wp\/v2\/users\/1"}],"replies":[{"embeddable":true,"href":"https:\/\/dispear-records.com\/index.php\/wp-json\/wp\/v2\/comments?post=1390"}],"version-history":[{"count":1,"href":"https:\/\/dispear-records.com\/index.php\/wp-json\/wp\/v2\/pages\/1390\/revisions"}],"predecessor-version":[{"id":1393,"href":"https:\/\/dispear-records.com\/index.php\/wp-json\/wp\/v2\/pages\/1390\/revisions\/1393"}],"wp:attachment":[{"href":"https:\/\/dispear-records.com\/index.php\/wp-json\/wp\/v2\/media?parent=1390"}],"curies":[{"name":"wp","href":"https:\/\/api.w.org\/{rel}","templated":true}]}}