{"id":1395,"date":"2026-05-08T16:19:06","date_gmt":"2026-05-08T14:19:06","guid":{"rendered":"https:\/\/dispear-records.com\/?page_id=1395"},"modified":"2026-05-08T16:19:08","modified_gmt":"2026-05-08T14:19:08","slug":"flying-donuts-reactivated-punk-rock-epinal","status":"publish","type":"page","link":"https:\/\/dispear-records.com\/index.php\/flying-donuts-reactivated-punk-rock-epinal\/","title":{"rendered":"Flying Donuts reactivated"},"content":{"rendered":"<div class=\"wp-block-image\">\n<figure class=\"aligncenter size-full is-resized\"><img loading=\"lazy\" decoding=\"async\" width=\"883\" height=\"759\" src=\"https:\/\/dispear-records.com\/wp-content\/uploads\/2026\/05\/donuts-bandeau.jpg\" alt=\"\" class=\"wp-image-1391\" style=\"width:478px;height:auto\" srcset=\"https:\/\/dispear-records.com\/wp-content\/uploads\/2026\/05\/donuts-bandeau.jpg 883w, https:\/\/dispear-records.com\/wp-content\/uploads\/2026\/05\/donuts-bandeau-300x258.jpg 300w, https:\/\/dispear-records.com\/wp-content\/uploads\/2026\/05\/donuts-bandeau-768x660.jpg 768w, https:\/\/dispear-records.com\/wp-content\/uploads\/2026\/05\/donuts-bandeau-416x358.jpg 416w\" sizes=\"auto, (max-width: 883px) 100vw, 883px\" \/><\/figure>\n<\/div>\n\n\n<p>Flying Donuts, trio punk rock embl\u00e9matique de la sc\u00e8ne hexagonale, s\u2019\u00e9tait s\u00e9par\u00e9 en 2016 apr\u00e8s plus de vingt ans de carri\u00e8re, de tourn\u00e9es et d\u2019enregistrements. Neuf ans plus tard, le groupe reprend du service avec J\u00e9r\u00e9mie Dalstein, accompagn\u00e9 d\u2019Olivier Br\u00e9dard \u00e0 la batterie et Julien Bardou \u00e0 la basse, sous le nom de Flying Donuts Reactivated.<\/p>\n\n\n\n<p>Cette reformation donnera lieu \u00e0 une dizaine de concerts revisitant toute leur discographie, mais aussi \u00e0 de nouveaux morceaux enregistr\u00e9s en 2026. Flying Donuts Reactivated, c\u2019est un retour aussi naturel et puissant, fid\u00e8le \u00e0 cette \u00e9nergie loud and fast qui a marqu\u00e9 toute une g\u00e9n\u00e9ration.<\/p>\n\n\n\n<p>Et pour c\u00e9l\u00e9brer la reprise des hostilit\u00e9s, quoi de mieux qu\u2019un split K7 avec leurs copains de Daria, sorti sur le label de vos serviteurs bien entendu\u2026!<\/p>\n\n\n<div data-block-name=\"woocommerce\/product-category\" data-categories=\"[88]\" data-columns=\"1\" data-rows=\"1\" class=\"wc-block-grid wp-block-product-category wp-block-woocommerce-product-category wc-block-product-category has-1-columns\"><ul class=\"wc-block-grid__products\"><li class=\"wc-block-grid__product\">\n\t\t\t\t<a href=\"https:\/\/dispear-records.com\/index.php\/produit\/cassette-flying-donuts-reactivated-daria-this-machine-conjures-up-the-old-days-and-past-sounds\/\" class=\"wc-block-grid__product-link\">\n\t\t\t\t\t\n\t\t\t\t\t<div class=\"wc-block-grid__product-image\"><img loading=\"lazy\" decoding=\"async\" width=\"324\" height=\"324\" src=\"https:\/\/dispear-records.com\/wp-content\/uploads\/2026\/05\/donuts-daria-800-324x324.jpg\" class=\"attachment-woocommerce_thumbnail size-woocommerce_thumbnail\" alt=\"[Cassette] Flying Donuts reactivated \/ Daria - This Machine Conjures Up The Old Days And Past Sounds\" srcset=\"https:\/\/dispear-records.com\/wp-content\/uploads\/2026\/05\/donuts-daria-800-324x324.jpg 324w, https:\/\/dispear-records.com\/wp-content\/uploads\/2026\/05\/donuts-daria-800-300x300.jpg 300w, https:\/\/dispear-records.com\/wp-content\/uploads\/2026\/05\/donuts-daria-800-150x150.jpg 150w, https:\/\/dispear-records.com\/wp-content\/uploads\/2026\/05\/donuts-daria-800-768x768.jpg 768w, https:\/\/dispear-records.com\/wp-content\/uploads\/2026\/05\/donuts-daria-800-416x416.jpg 416w, https:\/\/dispear-records.com\/wp-content\/uploads\/2026\/05\/donuts-daria-800-100x100.jpg 100w, https:\/\/dispear-records.com\/wp-content\/uploads\/2026\/05\/donuts-daria-800.jpg 800w\" sizes=\"auto, (max-width: 324px) 100vw, 324px\" \/><\/div>\n\t\t\t\t\t<div class=\"wc-block-grid__product-title\">[Cassette] Flying Donuts reactivated \/ Daria &#8211; This Machine Conjures Up The Old Days And Past Sounds<\/div>\n\t\t\t\t<\/a>\n\t\t\t\t<div class=\"wc-block-grid__product-price price\"><span class=\"woocommerce-Price-amount amount\">8,00<span class=\"woocommerce-Price-currencySymbol\">&euro;<\/span><\/span><\/div>\n\t\t\t\t\n\t\t\t\t<div class=\"wp-block-button wc-block-grid__product-add-to-cart\"><a href=\"\/index.php\/wp-json\/wp\/v2\/pages\/1395?add-to-cart=1385\" aria-label=\"Ajouter au panier\u00a0: &ldquo;[Cassette] Flying Donuts reactivated \/ Daria - This Machine Conjures Up The Old Days And Past Sounds&rdquo;\" data-quantity=\"1\" data-product_id=\"1385\" data-product_sku=\"DSPR26056\" data-price=\"8\" rel=\"nofollow\" class=\"wp-block-button__link  add_to_cart_button ajax_add_to_cart\">Ajouter au panier<\/a><\/div>\n\t\t\t<\/li><\/ul><\/div>\n\n\n<iframe style=\"border: 0; width: 400px; height: 406px;\" src=\"https:\/\/bandcamp.com\/EmbeddedPlayer\/album=2813668537\/size=large\/bgcol=ffffff\/linkcol=333333\/artwork=small\/transparent=true\/\" seamless><a href=\"https:\/\/flyingdonutsreactivated.bandcamp.com\/album\/this-machine-conjures-up-the-old-days-and-past-sounds\">This Machine conjures up the old days and past sounds de Flying Donuts Reactivated\/Daria<\/a><\/iframe>\n","protected":false},"excerpt":{"rendered":"<p>Flying Donuts, trio punk rock embl\u00e9matique de la sc\u00e8ne hexagonale, s\u2019\u00e9tait s\u00e9par\u00e9 en 2016 apr\u00e8s plus de vingt ans de carri\u00e8re, de tourn\u00e9es et d\u2019enregistrements. Neuf ans plus tard, le groupe reprend du service avec J\u00e9r\u00e9mie Dalstein, accompagn\u00e9 d\u2019Olivier Br\u00e9dard \u00e0 la batterie et Julien Bardou \u00e0 la basse, sous le nom de Flying Donuts [&hellip;]<\/p>\n","protected":false},"author":1,"featured_media":0,"parent":0,"menu_order":0,"comment_status":"closed","ping_status":"closed","template":"","meta":{"footnotes":""},"class_list":["post-1395","page","type-page","status-publish","hentry"],"yoast_head":"<!-- This site is optimized with the Yoast SEO plugin v27.5 - https:\/\/yoast.com\/product\/yoast-seo-wordpress\/ -->\n<title>Flying Donuts reactivated - Dispear Records<\/title>\n<meta name=\"description\" content=\"Retour loud and fast des v\u00e9t\u00e9rans du punk rock fran\u00e7ais, sous une forme &quot;r\u00e9activ\u00e9e&quot; autour de J\u00e9r\u00e9mie, mais toujours aussi intense !\" \/>\n<meta name=\"robots\" content=\"index, follow, max-snippet:-1, max-image-preview:large, max-video-preview:-1\" \/>\n<link rel=\"canonical\" href=\"https:\/\/dispear-records.com\/index.php\/flying-donuts-reactivated-punk-rock-epinal\/\" \/>\n<meta property=\"og:locale\" content=\"fr_FR\" \/>\n<meta property=\"og:type\" content=\"article\" \/>\n<meta property=\"og:title\" content=\"Flying Donuts reactivated - Dispear Records\" \/>\n<meta property=\"og:description\" content=\"Retour loud and fast des v\u00e9t\u00e9rans du punk rock fran\u00e7ais, sous une forme &quot;r\u00e9activ\u00e9e&quot; autour de J\u00e9r\u00e9mie, mais toujours aussi intense !\" \/>\n<meta property=\"og:url\" content=\"https:\/\/dispear-records.com\/index.php\/flying-donuts-reactivated-punk-rock-epinal\/\" \/>\n<meta property=\"og:site_name\" content=\"Dispear Records\" \/>\n<meta property=\"article:modified_time\" content=\"2026-05-08T14:19:08+00:00\" \/>\n<meta property=\"og:image\" content=\"https:\/\/dispear-records.com\/wp-content\/uploads\/2026\/05\/donuts-bandeau.jpg\" \/>\n\t<meta property=\"og:image:width\" content=\"883\" \/>\n\t<meta property=\"og:image:height\" content=\"759\" \/>\n\t<meta property=\"og:image:type\" content=\"image\/jpeg\" \/>\n<meta name=\"twitter:card\" content=\"summary_large_image\" \/>\n<meta name=\"twitter:label1\" content=\"Dur\u00e9e de lecture estim\u00e9e\" \/>\n\t<meta name=\"twitter:data1\" content=\"1 minute\" \/>\n<script type=\"application\/ld+json\" class=\"yoast-schema-graph\">{\"@context\":\"https:\\\/\\\/schema.org\",\"@graph\":[{\"@type\":\"WebPage\",\"@id\":\"https:\\\/\\\/dispear-records.com\\\/index.php\\\/flying-donuts-reactivated-punk-rock-epinal\\\/\",\"url\":\"https:\\\/\\\/dispear-records.com\\\/index.php\\\/flying-donuts-reactivated-punk-rock-epinal\\\/\",\"name\":\"Flying Donuts reactivated - Dispear Records\",\"isPartOf\":{\"@id\":\"https:\\\/\\\/dispear-records.com\\\/#website\"},\"primaryImageOfPage\":{\"@id\":\"https:\\\/\\\/dispear-records.com\\\/index.php\\\/flying-donuts-reactivated-punk-rock-epinal\\\/#primaryimage\"},\"image\":{\"@id\":\"https:\\\/\\\/dispear-records.com\\\/index.php\\\/flying-donuts-reactivated-punk-rock-epinal\\\/#primaryimage\"},\"thumbnailUrl\":\"https:\\\/\\\/dispear-records.com\\\/wp-content\\\/uploads\\\/2026\\\/05\\\/donuts-bandeau.jpg\",\"datePublished\":\"2026-05-08T14:19:06+00:00\",\"dateModified\":\"2026-05-08T14:19:08+00:00\",\"description\":\"Retour loud and fast des v\u00e9t\u00e9rans du punk rock fran\u00e7ais, sous une forme \\\"r\u00e9activ\u00e9e\\\" autour de J\u00e9r\u00e9mie, mais toujours aussi intense !\",\"breadcrumb\":{\"@id\":\"https:\\\/\\\/dispear-records.com\\\/index.php\\\/flying-donuts-reactivated-punk-rock-epinal\\\/#breadcrumb\"},\"inLanguage\":\"fr-FR\",\"potentialAction\":[{\"@type\":\"ReadAction\",\"target\":[\"https:\\\/\\\/dispear-records.com\\\/index.php\\\/flying-donuts-reactivated-punk-rock-epinal\\\/\"]}]},{\"@type\":\"ImageObject\",\"inLanguage\":\"fr-FR\",\"@id\":\"https:\\\/\\\/dispear-records.com\\\/index.php\\\/flying-donuts-reactivated-punk-rock-epinal\\\/#primaryimage\",\"url\":\"https:\\\/\\\/dispear-records.com\\\/wp-content\\\/uploads\\\/2026\\\/05\\\/donuts-bandeau.jpg\",\"contentUrl\":\"https:\\\/\\\/dispear-records.com\\\/wp-content\\\/uploads\\\/2026\\\/05\\\/donuts-bandeau.jpg\",\"width\":883,\"height\":759},{\"@type\":\"BreadcrumbList\",\"@id\":\"https:\\\/\\\/dispear-records.com\\\/index.php\\\/flying-donuts-reactivated-punk-rock-epinal\\\/#breadcrumb\",\"itemListElement\":[{\"@type\":\"ListItem\",\"position\":1,\"name\":\"Accueil\",\"item\":\"https:\\\/\\\/dispear-records.com\\\/\"},{\"@type\":\"ListItem\",\"position\":2,\"name\":\"Flying Donuts reactivated\"}]},{\"@type\":\"WebSite\",\"@id\":\"https:\\\/\\\/dispear-records.com\\\/#website\",\"url\":\"https:\\\/\\\/dispear-records.com\\\/\",\"name\":\"Dispear Records\",\"description\":\"DIY punk &amp; hardcore label\",\"publisher\":{\"@id\":\"https:\\\/\\\/dispear-records.com\\\/#organization\"},\"potentialAction\":[{\"@type\":\"SearchAction\",\"target\":{\"@type\":\"EntryPoint\",\"urlTemplate\":\"https:\\\/\\\/dispear-records.com\\\/?s={search_term_string}\"},\"query-input\":{\"@type\":\"PropertyValueSpecification\",\"valueRequired\":true,\"valueName\":\"search_term_string\"}}],\"inLanguage\":\"fr-FR\"},{\"@type\":\"Organization\",\"@id\":\"https:\\\/\\\/dispear-records.com\\\/#organization\",\"name\":\"Dispear Records\",\"url\":\"https:\\\/\\\/dispear-records.com\\\/\",\"logo\":{\"@type\":\"ImageObject\",\"inLanguage\":\"fr-FR\",\"@id\":\"https:\\\/\\\/dispear-records.com\\\/#\\\/schema\\\/logo\\\/image\\\/\",\"url\":\"https:\\\/\\\/dispear-records.com\\\/wp-content\\\/uploads\\\/2021\\\/06\\\/cropped-cropped-dispear.png\",\"contentUrl\":\"https:\\\/\\\/dispear-records.com\\\/wp-content\\\/uploads\\\/2021\\\/06\\\/cropped-cropped-dispear.png\",\"width\":2592,\"height\":709,\"caption\":\"Dispear Records\"},\"image\":{\"@id\":\"https:\\\/\\\/dispear-records.com\\\/#\\\/schema\\\/logo\\\/image\\\/\"}}]}<\/script>\n<!-- \/ Yoast SEO plugin. -->","yoast_head_json":{"title":"Flying Donuts reactivated - Dispear Records","description":"Retour loud and fast des v\u00e9t\u00e9rans du punk rock fran\u00e7ais, sous une forme \"r\u00e9activ\u00e9e\" autour de J\u00e9r\u00e9mie, mais toujours aussi intense !","robots":{"index":"index","follow":"follow","max-snippet":"max-snippet:-1","max-image-preview":"max-image-preview:large","max-video-preview":"max-video-preview:-1"},"canonical":"https:\/\/dispear-records.com\/index.php\/flying-donuts-reactivated-punk-rock-epinal\/","og_locale":"fr_FR","og_type":"article","og_title":"Flying Donuts reactivated - Dispear Records","og_description":"Retour loud and fast des v\u00e9t\u00e9rans du punk rock fran\u00e7ais, sous une forme \"r\u00e9activ\u00e9e\" autour de J\u00e9r\u00e9mie, mais toujours aussi intense !","og_url":"https:\/\/dispear-records.com\/index.php\/flying-donuts-reactivated-punk-rock-epinal\/","og_site_name":"Dispear Records","article_modified_time":"2026-05-08T14:19:08+00:00","og_image":[{"width":883,"height":759,"url":"https:\/\/dispear-records.com\/wp-content\/uploads\/2026\/05\/donuts-bandeau.jpg","type":"image\/jpeg"}],"twitter_card":"summary_large_image","twitter_misc":{"Dur\u00e9e de lecture estim\u00e9e":"1 minute"},"schema":{"@context":"https:\/\/schema.org","@graph":[{"@type":"WebPage","@id":"https:\/\/dispear-records.com\/index.php\/flying-donuts-reactivated-punk-rock-epinal\/","url":"https:\/\/dispear-records.com\/index.php\/flying-donuts-reactivated-punk-rock-epinal\/","name":"Flying Donuts reactivated - Dispear Records","isPartOf":{"@id":"https:\/\/dispear-records.com\/#website"},"primaryImageOfPage":{"@id":"https:\/\/dispear-records.com\/index.php\/flying-donuts-reactivated-punk-rock-epinal\/#primaryimage"},"image":{"@id":"https:\/\/dispear-records.com\/index.php\/flying-donuts-reactivated-punk-rock-epinal\/#primaryimage"},"thumbnailUrl":"https:\/\/dispear-records.com\/wp-content\/uploads\/2026\/05\/donuts-bandeau.jpg","datePublished":"2026-05-08T14:19:06+00:00","dateModified":"2026-05-08T14:19:08+00:00","description":"Retour loud and fast des v\u00e9t\u00e9rans du punk rock fran\u00e7ais, sous une forme \"r\u00e9activ\u00e9e\" autour de J\u00e9r\u00e9mie, mais toujours aussi intense !","breadcrumb":{"@id":"https:\/\/dispear-records.com\/index.php\/flying-donuts-reactivated-punk-rock-epinal\/#breadcrumb"},"inLanguage":"fr-FR","potentialAction":[{"@type":"ReadAction","target":["https:\/\/dispear-records.com\/index.php\/flying-donuts-reactivated-punk-rock-epinal\/"]}]},{"@type":"ImageObject","inLanguage":"fr-FR","@id":"https:\/\/dispear-records.com\/index.php\/flying-donuts-reactivated-punk-rock-epinal\/#primaryimage","url":"https:\/\/dispear-records.com\/wp-content\/uploads\/2026\/05\/donuts-bandeau.jpg","contentUrl":"https:\/\/dispear-records.com\/wp-content\/uploads\/2026\/05\/donuts-bandeau.jpg","width":883,"height":759},{"@type":"BreadcrumbList","@id":"https:\/\/dispear-records.com\/index.php\/flying-donuts-reactivated-punk-rock-epinal\/#breadcrumb","itemListElement":[{"@type":"ListItem","position":1,"name":"Accueil","item":"https:\/\/dispear-records.com\/"},{"@type":"ListItem","position":2,"name":"Flying Donuts reactivated"}]},{"@type":"WebSite","@id":"https:\/\/dispear-records.com\/#website","url":"https:\/\/dispear-records.com\/","name":"Dispear Records","description":"DIY punk &amp; hardcore label","publisher":{"@id":"https:\/\/dispear-records.com\/#organization"},"potentialAction":[{"@type":"SearchAction","target":{"@type":"EntryPoint","urlTemplate":"https:\/\/dispear-records.com\/?s={search_term_string}"},"query-input":{"@type":"PropertyValueSpecification","valueRequired":true,"valueName":"search_term_string"}}],"inLanguage":"fr-FR"},{"@type":"Organization","@id":"https:\/\/dispear-records.com\/#organization","name":"Dispear Records","url":"https:\/\/dispear-records.com\/","logo":{"@type":"ImageObject","inLanguage":"fr-FR","@id":"https:\/\/dispear-records.com\/#\/schema\/logo\/image\/","url":"https:\/\/dispear-records.com\/wp-content\/uploads\/2021\/06\/cropped-cropped-dispear.png","contentUrl":"https:\/\/dispear-records.com\/wp-content\/uploads\/2021\/06\/cropped-cropped-dispear.png","width":2592,"height":709,"caption":"Dispear Records"},"image":{"@id":"https:\/\/dispear-records.com\/#\/schema\/logo\/image\/"}}]}},"_links":{"self":[{"href":"https:\/\/dispear-records.com\/index.php\/wp-json\/wp\/v2\/pages\/1395","targetHints":{"allow":["GET"]}}],"collection":[{"href":"https:\/\/dispear-records.com\/index.php\/wp-json\/wp\/v2\/pages"}],"about":[{"href":"https:\/\/dispear-records.com\/index.php\/wp-json\/wp\/v2\/types\/page"}],"author":[{"embeddable":true,"href":"https:\/\/dispear-records.com\/index.php\/wp-json\/wp\/v2\/users\/1"}],"replies":[{"embeddable":true,"href":"https:\/\/dispear-records.com\/index.php\/wp-json\/wp\/v2\/comments?post=1395"}],"version-history":[{"count":1,"href":"https:\/\/dispear-records.com\/index.php\/wp-json\/wp\/v2\/pages\/1395\/revisions"}],"predecessor-version":[{"id":1397,"href":"https:\/\/dispear-records.com\/index.php\/wp-json\/wp\/v2\/pages\/1395\/revisions\/1397"}],"wp:attachment":[{"href":"https:\/\/dispear-records.com\/index.php\/wp-json\/wp\/v2\/media?parent=1395"}],"curies":[{"name":"wp","href":"https:\/\/api.w.org\/{rel}","templated":true}]}}