{"id":291,"date":"2021-11-24T15:25:46","date_gmt":"2021-11-24T14:25:46","guid":{"rendered":"https:\/\/dispear-records.com\/?page_id=291"},"modified":"2025-03-12T14:33:50","modified_gmt":"2025-03-12T13:33:50","slug":"dirty-fonzy-punk-rock-albi","status":"publish","type":"page","link":"https:\/\/dispear-records.com\/index.php\/dirty-fonzy-punk-rock-albi\/","title":{"rendered":"Dirty Fonzy"},"content":{"rendered":"\n<div class=\"wp-block-group\"><div class=\"wp-block-group__inner-container is-layout-flow wp-block-group-is-layout-flow\">\n<figure class=\"wp-block-image size-large\"><img loading=\"lazy\" decoding=\"async\" width=\"1024\" height=\"683\" src=\"https:\/\/dispear-records.com\/wp-content\/uploads\/2021\/11\/248153661_297738445687667_9154421780452566909_n-1024x683.jpg\" alt=\"\" class=\"wp-image-292\" srcset=\"https:\/\/dispear-records.com\/wp-content\/uploads\/2021\/11\/248153661_297738445687667_9154421780452566909_n-1024x683.jpg 1024w, https:\/\/dispear-records.com\/wp-content\/uploads\/2021\/11\/248153661_297738445687667_9154421780452566909_n-300x200.jpg 300w, https:\/\/dispear-records.com\/wp-content\/uploads\/2021\/11\/248153661_297738445687667_9154421780452566909_n-768x512.jpg 768w, https:\/\/dispear-records.com\/wp-content\/uploads\/2021\/11\/248153661_297738445687667_9154421780452566909_n-416x277.jpg 416w, https:\/\/dispear-records.com\/wp-content\/uploads\/2021\/11\/248153661_297738445687667_9154421780452566909_n.jpg 1440w\" sizes=\"auto, (max-width: 1024px) 100vw, 1024px\" \/><\/figure>\n<\/div><\/div>\n\n\n\n<div style=\"height:28px\" aria-hidden=\"true\" class=\"wp-block-spacer\"><\/div>\n\n\n\n<p><strong>Dirty Fonzy<\/strong>, c\u2019est avant tout des activistes du punk rock, entre orga, tourn\u00e9es et sorties d\u2019albums les gars n&rsquo; ont pas ch\u00f4m\u00e9 depuis la cr\u00e9ation du groupe en 2003 ! Les albigeois balancent un punk rock \u00e0 la crois\u00e9e des chemins, tant\u00f4t skate punk street punk voir m\u00eame o\u00ef, tant\u00f4t ska punk ou avec des incursions de rythmiques reggae \u00e0 l\u2019instar de leurs potes les Burning Heads.&nbsp;<\/p>\n\n\n\n<p>Donc pas loin de 20 ans de carri\u00e8re, avec certes des changements de line-up, mais surtout une productivit\u00e9 studio qui a laiss\u00e9 derri\u00e8re elle des br\u00fblots punk rock devenu pour beaucoup des classiques de la sc\u00e8ne fran\u00e7aise : 8 albums studio et une flop\u00e9e de EP et de splits avec les plus beaux noms du genre !&nbsp;<\/p>\n\n\n\n<p>Si vous aimez le punk rock \u00e0 la Bad Religion et Pennywise, si vous aimez le ska punk \u00e0 la Rancid ou Operation Ivy, ou si vous \u00eates plut\u00f4t punk HxC 80ies \u00e0 la Black Flag ou Circle Jerks, vous trouverez votre bonheur dans la discographie des albigeois. Et puis si vous n\u2019avez jamais \u00e9cout\u00e9, bah c&rsquo;est peut \u00eatre le moment de s\u2019y mettre et de parfaire votre culture punk, en d\u00e9couvrant un des groupes les plus influents de la sc\u00e8ne du Sud de la France !<\/p>\n\n\n\n<div style=\"height:28px\" aria-hidden=\"true\" class=\"wp-block-spacer\"><\/div>\n\n\n<div data-block-name=\"woocommerce\/product-category\" data-categories=\"[38]\" data-rows=\"1\" class=\"wc-block-grid wp-block-product-category wp-block-woocommerce-product-category wc-block-product-category has-3-columns\"><ul class=\"wc-block-grid__products\"><li class=\"wc-block-grid__product\">\n\t\t\t\t<a href=\"https:\/\/dispear-records.com\/index.php\/produit\/vinyle-dirty-fonzy-full-speed-ahead\/\" class=\"wc-block-grid__product-link\">\n\t\t\t\t\t\n\t\t\t\t\t<div class=\"wc-block-grid__product-image\"><img loading=\"lazy\" decoding=\"async\" width=\"324\" height=\"324\" src=\"https:\/\/dispear-records.com\/wp-content\/uploads\/2024\/05\/IMG_1376-800-324x324.jpg\" class=\"attachment-woocommerce_thumbnail size-woocommerce_thumbnail\" alt=\"[Vinyle] Dirty Fonzy - Full Speed Ahead\" srcset=\"https:\/\/dispear-records.com\/wp-content\/uploads\/2024\/05\/IMG_1376-800-324x324.jpg 324w, https:\/\/dispear-records.com\/wp-content\/uploads\/2024\/05\/IMG_1376-800-300x300.jpg 300w, https:\/\/dispear-records.com\/wp-content\/uploads\/2024\/05\/IMG_1376-800-150x150.jpg 150w, https:\/\/dispear-records.com\/wp-content\/uploads\/2024\/05\/IMG_1376-800-768x768.jpg 768w, https:\/\/dispear-records.com\/wp-content\/uploads\/2024\/05\/IMG_1376-800-416x416.jpg 416w, https:\/\/dispear-records.com\/wp-content\/uploads\/2024\/05\/IMG_1376-800-100x100.jpg 100w, https:\/\/dispear-records.com\/wp-content\/uploads\/2024\/05\/IMG_1376-800.jpg 800w\" sizes=\"auto, (max-width: 324px) 100vw, 324px\" \/><\/div>\n\t\t\t\t\t<div class=\"wc-block-grid__product-title\">[Vinyle] Dirty Fonzy &#8211; Full Speed Ahead<\/div>\n\t\t\t\t<\/a>\n\t\t\t\t<div class=\"wc-block-grid__product-price price\"><span class=\"woocommerce-Price-amount amount\">20,00<span class=\"woocommerce-Price-currencySymbol\">&euro;<\/span><\/span><\/div>\n\t\t\t\t\n\t\t\t\t<div class=\"wp-block-button wc-block-grid__product-add-to-cart\"><a href=\"\/index.php\/wp-json\/wp\/v2\/pages\/291?add-to-cart=745\" aria-label=\"Ajouter au panier\u00a0: &ldquo;[Vinyle] Dirty Fonzy - Full Speed Ahead&rdquo;\" data-quantity=\"1\" data-product_id=\"745\" data-product_sku=\"DSPR23020v\" data-price=\"20\" rel=\"nofollow\" class=\"wp-block-button__link  add_to_cart_button ajax_add_to_cart\">Ajouter au panier<\/a><\/div>\n\t\t\t<\/li><li class=\"wc-block-grid__product\">\n\t\t\t\t<a href=\"https:\/\/dispear-records.com\/index.php\/produit\/cassette-dirty-fonzy-full-speed-ahead\/\" class=\"wc-block-grid__product-link\">\n\t\t\t\t\t\n\t\t\t\t\t<div class=\"wc-block-grid__product-image\"><img loading=\"lazy\" decoding=\"async\" width=\"324\" height=\"324\" src=\"https:\/\/dispear-records.com\/wp-content\/uploads\/2023\/12\/IMG_0691-1000-324x324.jpg\" class=\"attachment-woocommerce_thumbnail size-woocommerce_thumbnail\" alt=\"[Cassette] Dirty Fonzy - Full Speed Ahead\" srcset=\"https:\/\/dispear-records.com\/wp-content\/uploads\/2023\/12\/IMG_0691-1000-324x324.jpg 324w, https:\/\/dispear-records.com\/wp-content\/uploads\/2023\/12\/IMG_0691-1000-300x300.jpg 300w, https:\/\/dispear-records.com\/wp-content\/uploads\/2023\/12\/IMG_0691-1000-150x150.jpg 150w, https:\/\/dispear-records.com\/wp-content\/uploads\/2023\/12\/IMG_0691-1000-768x768.jpg 768w, https:\/\/dispear-records.com\/wp-content\/uploads\/2023\/12\/IMG_0691-1000-416x416.jpg 416w, https:\/\/dispear-records.com\/wp-content\/uploads\/2023\/12\/IMG_0691-1000-100x100.jpg 100w, https:\/\/dispear-records.com\/wp-content\/uploads\/2023\/12\/IMG_0691-1000.jpg 1000w\" sizes=\"auto, (max-width: 324px) 100vw, 324px\" \/><\/div>\n\t\t\t\t\t<div class=\"wc-block-grid__product-title\">[Cassette] Dirty Fonzy &#8211; Full Speed Ahead<\/div>\n\t\t\t\t<\/a>\n\t\t\t\t<div class=\"wc-block-grid__product-price price\"><span class=\"woocommerce-Price-amount amount\">7,00<span class=\"woocommerce-Price-currencySymbol\">&euro;<\/span><\/span><\/div>\n\t\t\t\t\n\t\t\t\t<div class=\"wp-block-button wc-block-grid__product-add-to-cart\"><a href=\"\/index.php\/wp-json\/wp\/v2\/pages\/291?add-to-cart=630\" aria-label=\"Ajouter au panier\u00a0: &ldquo;[Cassette] Dirty Fonzy - Full Speed Ahead&rdquo;\" data-quantity=\"1\" data-product_id=\"630\" data-product_sku=\"DSPR23020\" data-price=\"7\" rel=\"nofollow\" class=\"wp-block-button__link  add_to_cart_button ajax_add_to_cart\">Ajouter au panier<\/a><\/div>\n\t\t\t<\/li><li class=\"wc-block-grid__product\">\n\t\t\t\t<a href=\"https:\/\/dispear-records.com\/index.php\/produit\/cassette-dirty-fonzy-too-old-for-this-shit\/\" class=\"wc-block-grid__product-link\">\n\t\t\t\t\t\n\t\t\t\t\t<div class=\"wc-block-grid__product-image\"><img loading=\"lazy\" decoding=\"async\" width=\"324\" height=\"324\" src=\"https:\/\/dispear-records.com\/wp-content\/uploads\/2021\/11\/IMG_0591-324x324.jpg\" class=\"attachment-woocommerce_thumbnail size-woocommerce_thumbnail\" alt=\"[Cassette] Dirty Fonzy - Too Old For This Shit\" srcset=\"https:\/\/dispear-records.com\/wp-content\/uploads\/2021\/11\/IMG_0591-324x324.jpg 324w, https:\/\/dispear-records.com\/wp-content\/uploads\/2021\/11\/IMG_0591-300x300.jpg 300w, https:\/\/dispear-records.com\/wp-content\/uploads\/2021\/11\/IMG_0591-150x150.jpg 150w, https:\/\/dispear-records.com\/wp-content\/uploads\/2021\/11\/IMG_0591-768x768.jpg 768w, https:\/\/dispear-records.com\/wp-content\/uploads\/2021\/11\/IMG_0591-416x416.jpg 416w, https:\/\/dispear-records.com\/wp-content\/uploads\/2021\/11\/IMG_0591-100x100.jpg 100w, https:\/\/dispear-records.com\/wp-content\/uploads\/2021\/11\/IMG_0591.jpg 1000w\" sizes=\"auto, (max-width: 324px) 100vw, 324px\" \/><\/div>\n\t\t\t\t\t<div class=\"wc-block-grid__product-title\">[Cassette] Dirty Fonzy &#8211; Too Old For This Shit<\/div>\n\t\t\t\t<\/a>\n\t\t\t\t<div class=\"wc-block-grid__product-price price\"><span class=\"woocommerce-Price-amount amount\">7,00<span class=\"woocommerce-Price-currencySymbol\">&euro;<\/span><\/span><\/div>\n\t\t\t\t\n\t\t\t\t<div class=\"wp-block-button wc-block-grid__product-add-to-cart\"><a href=\"\/index.php\/wp-json\/wp\/v2\/pages\/291?add-to-cart=275\" aria-label=\"Ajouter au panier\u00a0: &ldquo;[Cassette] Dirty Fonzy - Too Old For This Shit&rdquo;\" data-quantity=\"1\" data-product_id=\"275\" data-product_sku=\"DSPR21004\" data-price=\"7\" rel=\"nofollow\" class=\"wp-block-button__link  add_to_cart_button ajax_add_to_cart\">Ajouter au panier<\/a><\/div>\n\t\t\t<\/li><\/ul><\/div>\n\n\n<center><table><tbody><tr><td><iframe style=\"border: 0; width: 400px; height: 472px;\" src=\"https:\/\/bandcamp.com\/EmbeddedPlayer\/album=697430865\/size=large\/bgcol=ffffff\/linkcol=e99708\/artwork=small\/transparent=true\/\" seamless=\"\"><a href=\"https:\/\/kickingrecords.bandcamp.com\/album\/full-speed-ahead\">Full speed ahead de Dirty Fonzy<\/a><\/iframe><\/td>\n<td><iframe style=\"border: 0; width: 400px; height: 373px;\" src=\"https:\/\/bandcamp.com\/EmbeddedPlayer\/album=1214321612\/size=large\/bgcol=ffffff\/linkcol=0687f5\/artwork=small\/transparent=true\/\" seamless=\"\"><a href=\"https:\/\/dirtyfonzy.bandcamp.com\/album\/too-old-for-this-shit\">Too old for this shit by Dirty Fonzy<\/a><\/iframe><\/td><\/tr><\/tbody><\/table><\/center>\n","protected":false},"excerpt":{"rendered":"<p>Dirty Fonzy, c\u2019est avant tout des activistes du punk rock, entre orga, tourn\u00e9es et sorties d\u2019albums les gars n&rsquo; ont pas ch\u00f4m\u00e9 depuis la cr\u00e9ation du groupe en 2003 ! Les albigeois balancent un punk rock \u00e0 la crois\u00e9e des chemins, tant\u00f4t skate punk street punk voir m\u00eame o\u00ef, tant\u00f4t ska punk ou avec des [&hellip;]<\/p>\n","protected":false},"author":1,"featured_media":0,"parent":0,"menu_order":0,"comment_status":"closed","ping_status":"closed","template":"","meta":{"footnotes":""},"class_list":["post-291","page","type-page","status-publish","hentry"],"yoast_head":"<!-- This site is optimized with the Yoast SEO plugin v27.5 - https:\/\/yoast.com\/product\/yoast-seo-wordpress\/ -->\n<title>Dirty Fonzy - Dispear Records<\/title>\n<meta name=\"description\" content=\"Dirty Fonzy - punk rock - Albi. Retrouvez la cassette de leur album culte &quot;Too Old For This Shit&quot; en exclu sur le site de Dispear Records !\" \/>\n<meta name=\"robots\" content=\"index, follow, max-snippet:-1, max-image-preview:large, max-video-preview:-1\" \/>\n<link rel=\"canonical\" href=\"https:\/\/dispear-records.com\/index.php\/dirty-fonzy-punk-rock-albi\/\" \/>\n<meta property=\"og:locale\" content=\"fr_FR\" \/>\n<meta property=\"og:type\" content=\"article\" \/>\n<meta property=\"og:title\" content=\"Dirty Fonzy - Dispear Records\" \/>\n<meta property=\"og:description\" content=\"Dirty Fonzy - punk rock - Albi. Retrouvez la cassette de leur album culte &quot;Too Old For This Shit&quot; en exclu sur le site de Dispear Records !\" \/>\n<meta property=\"og:url\" content=\"https:\/\/dispear-records.com\/index.php\/dirty-fonzy-punk-rock-albi\/\" \/>\n<meta property=\"og:site_name\" content=\"Dispear Records\" \/>\n<meta property=\"article:modified_time\" content=\"2025-03-12T13:33:50+00:00\" \/>\n<meta property=\"og:image\" content=\"https:\/\/dispear-records.com\/wp-content\/uploads\/2021\/11\/248153661_297738445687667_9154421780452566909_n.jpg\" \/>\n\t<meta property=\"og:image:width\" content=\"1440\" \/>\n\t<meta property=\"og:image:height\" content=\"960\" \/>\n\t<meta property=\"og:image:type\" content=\"image\/jpeg\" \/>\n<meta name=\"twitter:card\" content=\"summary_large_image\" \/>\n<meta name=\"twitter:label1\" content=\"Dur\u00e9e de lecture estim\u00e9e\" \/>\n\t<meta name=\"twitter:data1\" content=\"2 minutes\" \/>\n<script type=\"application\/ld+json\" class=\"yoast-schema-graph\">{\"@context\":\"https:\\\/\\\/schema.org\",\"@graph\":[{\"@type\":\"WebPage\",\"@id\":\"https:\\\/\\\/dispear-records.com\\\/index.php\\\/dirty-fonzy-punk-rock-albi\\\/\",\"url\":\"https:\\\/\\\/dispear-records.com\\\/index.php\\\/dirty-fonzy-punk-rock-albi\\\/\",\"name\":\"Dirty Fonzy - Dispear Records\",\"isPartOf\":{\"@id\":\"https:\\\/\\\/dispear-records.com\\\/#website\"},\"primaryImageOfPage\":{\"@id\":\"https:\\\/\\\/dispear-records.com\\\/index.php\\\/dirty-fonzy-punk-rock-albi\\\/#primaryimage\"},\"image\":{\"@id\":\"https:\\\/\\\/dispear-records.com\\\/index.php\\\/dirty-fonzy-punk-rock-albi\\\/#primaryimage\"},\"thumbnailUrl\":\"https:\\\/\\\/dispear-records.com\\\/wp-content\\\/uploads\\\/2021\\\/11\\\/248153661_297738445687667_9154421780452566909_n-1024x683.jpg\",\"datePublished\":\"2021-11-24T14:25:46+00:00\",\"dateModified\":\"2025-03-12T13:33:50+00:00\",\"description\":\"Dirty Fonzy - punk rock - Albi. Retrouvez la cassette de leur album culte \\\"Too Old For This Shit\\\" en exclu sur le site de Dispear Records !\",\"breadcrumb\":{\"@id\":\"https:\\\/\\\/dispear-records.com\\\/index.php\\\/dirty-fonzy-punk-rock-albi\\\/#breadcrumb\"},\"inLanguage\":\"fr-FR\",\"potentialAction\":[{\"@type\":\"ReadAction\",\"target\":[\"https:\\\/\\\/dispear-records.com\\\/index.php\\\/dirty-fonzy-punk-rock-albi\\\/\"]}]},{\"@type\":\"ImageObject\",\"inLanguage\":\"fr-FR\",\"@id\":\"https:\\\/\\\/dispear-records.com\\\/index.php\\\/dirty-fonzy-punk-rock-albi\\\/#primaryimage\",\"url\":\"https:\\\/\\\/dispear-records.com\\\/wp-content\\\/uploads\\\/2021\\\/11\\\/248153661_297738445687667_9154421780452566909_n.jpg\",\"contentUrl\":\"https:\\\/\\\/dispear-records.com\\\/wp-content\\\/uploads\\\/2021\\\/11\\\/248153661_297738445687667_9154421780452566909_n.jpg\",\"width\":1440,\"height\":960},{\"@type\":\"BreadcrumbList\",\"@id\":\"https:\\\/\\\/dispear-records.com\\\/index.php\\\/dirty-fonzy-punk-rock-albi\\\/#breadcrumb\",\"itemListElement\":[{\"@type\":\"ListItem\",\"position\":1,\"name\":\"Accueil\",\"item\":\"https:\\\/\\\/dispear-records.com\\\/\"},{\"@type\":\"ListItem\",\"position\":2,\"name\":\"Dirty Fonzy\"}]},{\"@type\":\"WebSite\",\"@id\":\"https:\\\/\\\/dispear-records.com\\\/#website\",\"url\":\"https:\\\/\\\/dispear-records.com\\\/\",\"name\":\"Dispear Records\",\"description\":\"DIY punk &amp; hardcore label\",\"publisher\":{\"@id\":\"https:\\\/\\\/dispear-records.com\\\/#organization\"},\"potentialAction\":[{\"@type\":\"SearchAction\",\"target\":{\"@type\":\"EntryPoint\",\"urlTemplate\":\"https:\\\/\\\/dispear-records.com\\\/?s={search_term_string}\"},\"query-input\":{\"@type\":\"PropertyValueSpecification\",\"valueRequired\":true,\"valueName\":\"search_term_string\"}}],\"inLanguage\":\"fr-FR\"},{\"@type\":\"Organization\",\"@id\":\"https:\\\/\\\/dispear-records.com\\\/#organization\",\"name\":\"Dispear Records\",\"url\":\"https:\\\/\\\/dispear-records.com\\\/\",\"logo\":{\"@type\":\"ImageObject\",\"inLanguage\":\"fr-FR\",\"@id\":\"https:\\\/\\\/dispear-records.com\\\/#\\\/schema\\\/logo\\\/image\\\/\",\"url\":\"https:\\\/\\\/dispear-records.com\\\/wp-content\\\/uploads\\\/2021\\\/06\\\/cropped-cropped-dispear.png\",\"contentUrl\":\"https:\\\/\\\/dispear-records.com\\\/wp-content\\\/uploads\\\/2021\\\/06\\\/cropped-cropped-dispear.png\",\"width\":2592,\"height\":709,\"caption\":\"Dispear Records\"},\"image\":{\"@id\":\"https:\\\/\\\/dispear-records.com\\\/#\\\/schema\\\/logo\\\/image\\\/\"}}]}<\/script>\n<!-- \/ Yoast SEO plugin. -->","yoast_head_json":{"title":"Dirty Fonzy - Dispear Records","description":"Dirty Fonzy - punk rock - Albi. Retrouvez la cassette de leur album culte \"Too Old For This Shit\" en exclu sur le site de Dispear Records !","robots":{"index":"index","follow":"follow","max-snippet":"max-snippet:-1","max-image-preview":"max-image-preview:large","max-video-preview":"max-video-preview:-1"},"canonical":"https:\/\/dispear-records.com\/index.php\/dirty-fonzy-punk-rock-albi\/","og_locale":"fr_FR","og_type":"article","og_title":"Dirty Fonzy - Dispear Records","og_description":"Dirty Fonzy - punk rock - Albi. Retrouvez la cassette de leur album culte \"Too Old For This Shit\" en exclu sur le site de Dispear Records !","og_url":"https:\/\/dispear-records.com\/index.php\/dirty-fonzy-punk-rock-albi\/","og_site_name":"Dispear Records","article_modified_time":"2025-03-12T13:33:50+00:00","og_image":[{"width":1440,"height":960,"url":"https:\/\/dispear-records.com\/wp-content\/uploads\/2021\/11\/248153661_297738445687667_9154421780452566909_n.jpg","type":"image\/jpeg"}],"twitter_card":"summary_large_image","twitter_misc":{"Dur\u00e9e de lecture estim\u00e9e":"2 minutes"},"schema":{"@context":"https:\/\/schema.org","@graph":[{"@type":"WebPage","@id":"https:\/\/dispear-records.com\/index.php\/dirty-fonzy-punk-rock-albi\/","url":"https:\/\/dispear-records.com\/index.php\/dirty-fonzy-punk-rock-albi\/","name":"Dirty Fonzy - Dispear Records","isPartOf":{"@id":"https:\/\/dispear-records.com\/#website"},"primaryImageOfPage":{"@id":"https:\/\/dispear-records.com\/index.php\/dirty-fonzy-punk-rock-albi\/#primaryimage"},"image":{"@id":"https:\/\/dispear-records.com\/index.php\/dirty-fonzy-punk-rock-albi\/#primaryimage"},"thumbnailUrl":"https:\/\/dispear-records.com\/wp-content\/uploads\/2021\/11\/248153661_297738445687667_9154421780452566909_n-1024x683.jpg","datePublished":"2021-11-24T14:25:46+00:00","dateModified":"2025-03-12T13:33:50+00:00","description":"Dirty Fonzy - punk rock - Albi. Retrouvez la cassette de leur album culte \"Too Old For This Shit\" en exclu sur le site de Dispear Records !","breadcrumb":{"@id":"https:\/\/dispear-records.com\/index.php\/dirty-fonzy-punk-rock-albi\/#breadcrumb"},"inLanguage":"fr-FR","potentialAction":[{"@type":"ReadAction","target":["https:\/\/dispear-records.com\/index.php\/dirty-fonzy-punk-rock-albi\/"]}]},{"@type":"ImageObject","inLanguage":"fr-FR","@id":"https:\/\/dispear-records.com\/index.php\/dirty-fonzy-punk-rock-albi\/#primaryimage","url":"https:\/\/dispear-records.com\/wp-content\/uploads\/2021\/11\/248153661_297738445687667_9154421780452566909_n.jpg","contentUrl":"https:\/\/dispear-records.com\/wp-content\/uploads\/2021\/11\/248153661_297738445687667_9154421780452566909_n.jpg","width":1440,"height":960},{"@type":"BreadcrumbList","@id":"https:\/\/dispear-records.com\/index.php\/dirty-fonzy-punk-rock-albi\/#breadcrumb","itemListElement":[{"@type":"ListItem","position":1,"name":"Accueil","item":"https:\/\/dispear-records.com\/"},{"@type":"ListItem","position":2,"name":"Dirty Fonzy"}]},{"@type":"WebSite","@id":"https:\/\/dispear-records.com\/#website","url":"https:\/\/dispear-records.com\/","name":"Dispear Records","description":"DIY punk &amp; hardcore label","publisher":{"@id":"https:\/\/dispear-records.com\/#organization"},"potentialAction":[{"@type":"SearchAction","target":{"@type":"EntryPoint","urlTemplate":"https:\/\/dispear-records.com\/?s={search_term_string}"},"query-input":{"@type":"PropertyValueSpecification","valueRequired":true,"valueName":"search_term_string"}}],"inLanguage":"fr-FR"},{"@type":"Organization","@id":"https:\/\/dispear-records.com\/#organization","name":"Dispear Records","url":"https:\/\/dispear-records.com\/","logo":{"@type":"ImageObject","inLanguage":"fr-FR","@id":"https:\/\/dispear-records.com\/#\/schema\/logo\/image\/","url":"https:\/\/dispear-records.com\/wp-content\/uploads\/2021\/06\/cropped-cropped-dispear.png","contentUrl":"https:\/\/dispear-records.com\/wp-content\/uploads\/2021\/06\/cropped-cropped-dispear.png","width":2592,"height":709,"caption":"Dispear Records"},"image":{"@id":"https:\/\/dispear-records.com\/#\/schema\/logo\/image\/"}}]}},"_links":{"self":[{"href":"https:\/\/dispear-records.com\/index.php\/wp-json\/wp\/v2\/pages\/291","targetHints":{"allow":["GET"]}}],"collection":[{"href":"https:\/\/dispear-records.com\/index.php\/wp-json\/wp\/v2\/pages"}],"about":[{"href":"https:\/\/dispear-records.com\/index.php\/wp-json\/wp\/v2\/types\/page"}],"author":[{"embeddable":true,"href":"https:\/\/dispear-records.com\/index.php\/wp-json\/wp\/v2\/users\/1"}],"replies":[{"embeddable":true,"href":"https:\/\/dispear-records.com\/index.php\/wp-json\/wp\/v2\/comments?post=291"}],"version-history":[{"count":7,"href":"https:\/\/dispear-records.com\/index.php\/wp-json\/wp\/v2\/pages\/291\/revisions"}],"predecessor-version":[{"id":947,"href":"https:\/\/dispear-records.com\/index.php\/wp-json\/wp\/v2\/pages\/291\/revisions\/947"}],"wp:attachment":[{"href":"https:\/\/dispear-records.com\/index.php\/wp-json\/wp\/v2\/media?parent=291"}],"curies":[{"name":"wp","href":"https:\/\/api.w.org\/{rel}","templated":true}]}}