{"id":400,"date":"2022-04-11T20:15:45","date_gmt":"2022-04-11T18:15:45","guid":{"rendered":"https:\/\/dispear-records.com\/?page_id=400"},"modified":"2025-03-12T12:12:37","modified_gmt":"2025-03-12T11:12:37","slug":"poesie-zero-punk-rock-nantes","status":"publish","type":"page","link":"https:\/\/dispear-records.com\/index.php\/poesie-zero-punk-rock-nantes\/","title":{"rendered":"Poesie Zero"},"content":{"rendered":"<div class=\"wp-block-image\">\n<figure class=\"aligncenter size-large\"><img loading=\"lazy\" decoding=\"async\" width=\"1024\" height=\"342\" src=\"https:\/\/dispear-records.com\/wp-content\/uploads\/2022\/04\/d06bfdd8d6da9c88fdc724acc48cbf3c-1024x342.jpg\" alt=\"\" class=\"wp-image-401\" srcset=\"https:\/\/dispear-records.com\/wp-content\/uploads\/2022\/04\/d06bfdd8d6da9c88fdc724acc48cbf3c-1024x342.jpg 1024w, https:\/\/dispear-records.com\/wp-content\/uploads\/2022\/04\/d06bfdd8d6da9c88fdc724acc48cbf3c-300x100.jpg 300w, https:\/\/dispear-records.com\/wp-content\/uploads\/2022\/04\/d06bfdd8d6da9c88fdc724acc48cbf3c-768x257.jpg 768w, https:\/\/dispear-records.com\/wp-content\/uploads\/2022\/04\/d06bfdd8d6da9c88fdc724acc48cbf3c-1536x514.jpg 1536w, https:\/\/dispear-records.com\/wp-content\/uploads\/2022\/04\/d06bfdd8d6da9c88fdc724acc48cbf3c-416x139.jpg 416w, https:\/\/dispear-records.com\/wp-content\/uploads\/2022\/04\/d06bfdd8d6da9c88fdc724acc48cbf3c.jpg 1920w\" sizes=\"auto, (max-width: 1024px) 100vw, 1024px\" \/><\/figure>\n<\/div>\n\n\n<div style=\"height:15px\" aria-hidden=\"true\" class=\"wp-block-spacer\"><\/div>\n\n\n\n<p><strong>Poesie Zero<\/strong>, c&rsquo;est des mecs de Nantes ou par l\u00e0, leur clavier d&rsquo;ordi est p\u00e9t\u00e9, bloqu\u00e9 sur le caps lock, ils ont pas les thunes de se payer un graphiste, et il aiment ponctuer leurs phrases par \u201cde merde\u201d et \u201cpauvres taches\u201d. Sinon le chanteur FX est aussi batteur dans Justin(e), leur gratteux Goose joue aussi dans The Decline, Abuse et Brigada Flores Magon, et selon eux, ils auraient vir\u00e9 tous les autres membres du groupe. Leur public les ont \u00e9galement proclam\u00e9 Champions de France de punk de merde, et Champion du monde de pogo !&nbsp;<\/p>\n\n\n\n<p>Si tu connais pas, c&rsquo;est un peu comme si Fat Mike avait une extinction de voix et qu\u2019ils avaient engag\u00e9 Didier Super au chant\u2026 enfin vite fait\u2026 Et je ne sais pas si ce terme existe mais je pense qu\u2019on peut dire que c\u2019est du troll punk, car oui ce groupe est un blague (et une bonne, en m\u00eame temps pour faire une reprise de Vianney et Ma\u00eetre Gims ou encore Tryo\u2026). Bref, les mecs ont d\u00e9j\u00e0 sorti une chi\u00e9e d&rsquo;albums bleus et aussi d&rsquo; autres trucs pas bleus\u2026 mais renseigne-toi un peu aussi, on va pas faire tout le taf ! D\u00e9j\u00e0 qu&rsquo;on leur sort une cassette c&rsquo;est d\u00e9j\u00e0 bien hein !<\/p>\n\n\n\n<div style=\"height:15px\" aria-hidden=\"true\" class=\"wp-block-spacer\"><\/div>\n\n\n<div data-align-buttons=\"true\" data-block-name=\"woocommerce\/product-category\" data-categories=\"[43]\" data-columns=\"2\" data-rows=\"1\" class=\"wc-block-grid wp-block-product-category wp-block-woocommerce-product-category wc-block-product-category has-2-columns has-aligned-buttons\"><ul class=\"wc-block-grid__products\"><li class=\"wc-block-grid__product\">\n\t\t\t\t<a href=\"https:\/\/dispear-records.com\/index.php\/produit\/cassette-la-k7-pourrie-de-quelques-pauvres-merdes-de-la-f2d2ration-internationale-de-poesie-zero\/\" class=\"wc-block-grid__product-link\">\n\t\t\t\t\t\n\t\t\t\t\t<div class=\"wc-block-grid__product-image\"><img loading=\"lazy\" decoding=\"async\" width=\"324\" height=\"324\" src=\"https:\/\/dispear-records.com\/wp-content\/uploads\/2023\/05\/IMG_3586-800-324x324.jpg\" class=\"attachment-woocommerce_thumbnail size-woocommerce_thumbnail\" alt=\"SOLD OUT - [Cassette] LA K7 POURRIE DE QUELQUES PAUVRES MERDES DE LA F2D2RATION INTERNATIONALE DE POESIE ZERO\" srcset=\"https:\/\/dispear-records.com\/wp-content\/uploads\/2023\/05\/IMG_3586-800-324x324.jpg 324w, https:\/\/dispear-records.com\/wp-content\/uploads\/2023\/05\/IMG_3586-800-300x300.jpg 300w, https:\/\/dispear-records.com\/wp-content\/uploads\/2023\/05\/IMG_3586-800-150x150.jpg 150w, https:\/\/dispear-records.com\/wp-content\/uploads\/2023\/05\/IMG_3586-800-768x768.jpg 768w, https:\/\/dispear-records.com\/wp-content\/uploads\/2023\/05\/IMG_3586-800-416x416.jpg 416w, https:\/\/dispear-records.com\/wp-content\/uploads\/2023\/05\/IMG_3586-800-100x100.jpg 100w, https:\/\/dispear-records.com\/wp-content\/uploads\/2023\/05\/IMG_3586-800.jpg 800w\" sizes=\"auto, (max-width: 324px) 100vw, 324px\" \/><\/div>\n\t\t\t\t\t<div class=\"wc-block-grid__product-title\">SOLD OUT &#8211; [Cassette] LA K7 POURRIE DE QUELQUES PAUVRES MERDES DE LA F2D2RATION INTERNATIONALE DE POESIE ZERO<\/div>\n\t\t\t\t<\/a>\n\t\t\t\t<div class=\"wc-block-grid__product-price price\"><span class=\"woocommerce-Price-amount amount\">8,00<span class=\"woocommerce-Price-currencySymbol\">&euro;<\/span><\/span><\/div>\n\t\t\t\t\n\t\t\t\t<div class=\"wp-block-button wc-block-grid__product-add-to-cart\"><a href=\"https:\/\/dispear-records.com\/index.php\/produit\/cassette-la-k7-pourrie-de-quelques-pauvres-merdes-de-la-f2d2ration-internationale-de-poesie-zero\/\" aria-label=\"En savoir plus sur &ldquo;SOLD OUT - [Cassette] LA K7 POURRIE DE QUELQUES PAUVRES MERDES DE LA F2D2RATION INTERNATIONALE DE POESIE ZERO&rdquo;\" data-quantity=\"1\" data-product_id=\"561\" data-product_sku=\"DSPR23016\" data-price=\"8\" rel=\"nofollow\" class=\"wp-block-button__link  add_to_cart_button\">Lire la suite<\/a><\/div>\n\t\t\t<\/li><li class=\"wc-block-grid__product\">\n\t\t\t\t<a href=\"https:\/\/dispear-records.com\/index.php\/produit\/cassette-la-k7-de-merde-de-poesie-zero\/\" class=\"wc-block-grid__product-link\">\n\t\t\t\t\t\n\t\t\t\t\t<div class=\"wc-block-grid__product-image\"><img loading=\"lazy\" decoding=\"async\" width=\"324\" height=\"324\" src=\"https:\/\/dispear-records.com\/wp-content\/uploads\/2022\/04\/smallIMG_1232-324x324.jpg\" class=\"attachment-woocommerce_thumbnail size-woocommerce_thumbnail\" alt=\"SOLD OUT - [Cassette] LA K7 DE MERDE DE POESIE ZERO\" srcset=\"https:\/\/dispear-records.com\/wp-content\/uploads\/2022\/04\/smallIMG_1232-324x324.jpg 324w, https:\/\/dispear-records.com\/wp-content\/uploads\/2022\/04\/smallIMG_1232-300x300.jpg 300w, https:\/\/dispear-records.com\/wp-content\/uploads\/2022\/04\/smallIMG_1232-150x150.jpg 150w, https:\/\/dispear-records.com\/wp-content\/uploads\/2022\/04\/smallIMG_1232-768x768.jpg 768w, https:\/\/dispear-records.com\/wp-content\/uploads\/2022\/04\/smallIMG_1232-416x416.jpg 416w, https:\/\/dispear-records.com\/wp-content\/uploads\/2022\/04\/smallIMG_1232-100x100.jpg 100w, https:\/\/dispear-records.com\/wp-content\/uploads\/2022\/04\/smallIMG_1232.jpg 1000w\" sizes=\"auto, (max-width: 324px) 100vw, 324px\" \/><\/div>\n\t\t\t\t\t<div class=\"wc-block-grid__product-title\">SOLD OUT &#8211; [Cassette] LA K7 DE MERDE DE POESIE ZERO<\/div>\n\t\t\t\t<\/a>\n\t\t\t\t<div class=\"wc-block-grid__product-price price\"><span class=\"woocommerce-Price-amount amount\">7,00<span class=\"woocommerce-Price-currencySymbol\">&euro;<\/span><\/span><\/div>\n\t\t\t\t\n\t\t\t\t<div class=\"wp-block-button wc-block-grid__product-add-to-cart\"><a href=\"https:\/\/dispear-records.com\/index.php\/produit\/cassette-la-k7-de-merde-de-poesie-zero\/\" aria-label=\"En savoir plus sur &ldquo;SOLD OUT - [Cassette] LA K7 DE MERDE DE POESIE ZERO&rdquo;\" data-quantity=\"1\" data-product_id=\"399\" data-product_sku=\"DSPR22005\" data-price=\"7\" rel=\"nofollow\" class=\"wp-block-button__link  add_to_cart_button\">Lire la suite<\/a><\/div>\n\t\t\t<\/li><\/ul><\/div>\n\n\n<center><table>\n<tbody>\n<tr>\n<td><iframe style=\"border: 0; width: 400px; height: 472px;\" src=\"https:\/\/bandcamp.com\/EmbeddedPlayer\/album=1934485752\/size=large\/bgcol=ffffff\/linkcol=de270f\/artwork=small\/transparent=true\/\" seamless=\"\"><a href=\"https:\/\/poesiezero.bandcamp.com\/album\/album-bleu-3\">ALBUM BLEU 3 by Poesie Zero<\/a><\/iframe><\/td>\n<td><iframe style=\"border: 0; width: 400px; height: 472px;\" src=\"https:\/\/bandcamp.com\/EmbeddedPlayer\/album=3811413351\/size=large\/bgcol=ffffff\/linkcol=e99708\/artwork=small\/transparent=true\/\" seamless=\"\"><a href=\"https:\/\/poesiezero.bandcamp.com\/album\/album-bleu-iii\">ALBUM BLEU III by Poesie Zero<\/a><\/iframe><\/td>\n<\/tr>\n<\/tbody>\n<\/table><\/center>\n","protected":false},"excerpt":{"rendered":"<p>Poesie Zero, c&rsquo;est des mecs de Nantes ou par l\u00e0, leur clavier d&rsquo;ordi est p\u00e9t\u00e9, bloqu\u00e9 sur le caps lock, ils ont pas les thunes de se payer un graphiste, et il aiment ponctuer leurs phrases par \u201cde merde\u201d et \u201cpauvres taches\u201d. Sinon le chanteur FX est aussi batteur dans Justin(e), leur gratteux Goose joue [&hellip;]<\/p>\n","protected":false},"author":1,"featured_media":0,"parent":0,"menu_order":0,"comment_status":"closed","ping_status":"closed","template":"","meta":{"footnotes":""},"class_list":["post-400","page","type-page","status-publish","hentry"],"yoast_head":"<!-- This site is optimized with the Yoast SEO plugin v27.5 - https:\/\/yoast.com\/product\/yoast-seo-wordpress\/ -->\n<title>Poesie Zero - Dispear Records<\/title>\n<meta name=\"description\" content=\"Poesie Zero, groupe de (troll) punk rock DE MERDE qui font des albums bleus (ou pas) et nous comme des PAUVRES TACHES on leur a fait une K7 !\" \/>\n<meta name=\"robots\" content=\"index, follow, max-snippet:-1, max-image-preview:large, max-video-preview:-1\" \/>\n<link rel=\"canonical\" href=\"https:\/\/dispear-records.com\/index.php\/poesie-zero-punk-rock-nantes\/\" \/>\n<meta property=\"og:locale\" content=\"fr_FR\" \/>\n<meta property=\"og:type\" content=\"article\" \/>\n<meta property=\"og:title\" content=\"Poesie Zero - Dispear Records\" \/>\n<meta property=\"og:description\" content=\"Poesie Zero, groupe de (troll) punk rock DE MERDE qui font des albums bleus (ou pas) et nous comme des PAUVRES TACHES on leur a fait une K7 !\" \/>\n<meta property=\"og:url\" content=\"https:\/\/dispear-records.com\/index.php\/poesie-zero-punk-rock-nantes\/\" \/>\n<meta property=\"og:site_name\" content=\"Dispear Records\" \/>\n<meta property=\"article:modified_time\" content=\"2025-03-12T11:12:37+00:00\" \/>\n<meta property=\"og:image\" content=\"https:\/\/dispear-records.com\/wp-content\/uploads\/2022\/04\/d06bfdd8d6da9c88fdc724acc48cbf3c.jpg\" \/>\n\t<meta property=\"og:image:width\" content=\"1920\" \/>\n\t<meta property=\"og:image:height\" content=\"642\" \/>\n\t<meta property=\"og:image:type\" content=\"image\/jpeg\" \/>\n<meta name=\"twitter:card\" content=\"summary_large_image\" \/>\n<meta name=\"twitter:label1\" content=\"Dur\u00e9e de lecture estim\u00e9e\" \/>\n\t<meta name=\"twitter:data1\" content=\"2 minutes\" \/>\n<script type=\"application\/ld+json\" class=\"yoast-schema-graph\">{\"@context\":\"https:\\\/\\\/schema.org\",\"@graph\":[{\"@type\":\"WebPage\",\"@id\":\"https:\\\/\\\/dispear-records.com\\\/index.php\\\/poesie-zero-punk-rock-nantes\\\/\",\"url\":\"https:\\\/\\\/dispear-records.com\\\/index.php\\\/poesie-zero-punk-rock-nantes\\\/\",\"name\":\"Poesie Zero - Dispear Records\",\"isPartOf\":{\"@id\":\"https:\\\/\\\/dispear-records.com\\\/#website\"},\"primaryImageOfPage\":{\"@id\":\"https:\\\/\\\/dispear-records.com\\\/index.php\\\/poesie-zero-punk-rock-nantes\\\/#primaryimage\"},\"image\":{\"@id\":\"https:\\\/\\\/dispear-records.com\\\/index.php\\\/poesie-zero-punk-rock-nantes\\\/#primaryimage\"},\"thumbnailUrl\":\"https:\\\/\\\/dispear-records.com\\\/wp-content\\\/uploads\\\/2022\\\/04\\\/d06bfdd8d6da9c88fdc724acc48cbf3c-1024x342.jpg\",\"datePublished\":\"2022-04-11T18:15:45+00:00\",\"dateModified\":\"2025-03-12T11:12:37+00:00\",\"description\":\"Poesie Zero, groupe de (troll) punk rock DE MERDE qui font des albums bleus (ou pas) et nous comme des PAUVRES TACHES on leur a fait une K7 !\",\"breadcrumb\":{\"@id\":\"https:\\\/\\\/dispear-records.com\\\/index.php\\\/poesie-zero-punk-rock-nantes\\\/#breadcrumb\"},\"inLanguage\":\"fr-FR\",\"potentialAction\":[{\"@type\":\"ReadAction\",\"target\":[\"https:\\\/\\\/dispear-records.com\\\/index.php\\\/poesie-zero-punk-rock-nantes\\\/\"]}]},{\"@type\":\"ImageObject\",\"inLanguage\":\"fr-FR\",\"@id\":\"https:\\\/\\\/dispear-records.com\\\/index.php\\\/poesie-zero-punk-rock-nantes\\\/#primaryimage\",\"url\":\"https:\\\/\\\/dispear-records.com\\\/wp-content\\\/uploads\\\/2022\\\/04\\\/d06bfdd8d6da9c88fdc724acc48cbf3c.jpg\",\"contentUrl\":\"https:\\\/\\\/dispear-records.com\\\/wp-content\\\/uploads\\\/2022\\\/04\\\/d06bfdd8d6da9c88fdc724acc48cbf3c.jpg\",\"width\":1920,\"height\":642},{\"@type\":\"BreadcrumbList\",\"@id\":\"https:\\\/\\\/dispear-records.com\\\/index.php\\\/poesie-zero-punk-rock-nantes\\\/#breadcrumb\",\"itemListElement\":[{\"@type\":\"ListItem\",\"position\":1,\"name\":\"Accueil\",\"item\":\"https:\\\/\\\/dispear-records.com\\\/\"},{\"@type\":\"ListItem\",\"position\":2,\"name\":\"Poesie Zero\"}]},{\"@type\":\"WebSite\",\"@id\":\"https:\\\/\\\/dispear-records.com\\\/#website\",\"url\":\"https:\\\/\\\/dispear-records.com\\\/\",\"name\":\"Dispear Records\",\"description\":\"DIY punk &amp; hardcore label\",\"publisher\":{\"@id\":\"https:\\\/\\\/dispear-records.com\\\/#organization\"},\"potentialAction\":[{\"@type\":\"SearchAction\",\"target\":{\"@type\":\"EntryPoint\",\"urlTemplate\":\"https:\\\/\\\/dispear-records.com\\\/?s={search_term_string}\"},\"query-input\":{\"@type\":\"PropertyValueSpecification\",\"valueRequired\":true,\"valueName\":\"search_term_string\"}}],\"inLanguage\":\"fr-FR\"},{\"@type\":\"Organization\",\"@id\":\"https:\\\/\\\/dispear-records.com\\\/#organization\",\"name\":\"Dispear Records\",\"url\":\"https:\\\/\\\/dispear-records.com\\\/\",\"logo\":{\"@type\":\"ImageObject\",\"inLanguage\":\"fr-FR\",\"@id\":\"https:\\\/\\\/dispear-records.com\\\/#\\\/schema\\\/logo\\\/image\\\/\",\"url\":\"https:\\\/\\\/dispear-records.com\\\/wp-content\\\/uploads\\\/2021\\\/06\\\/cropped-cropped-dispear.png\",\"contentUrl\":\"https:\\\/\\\/dispear-records.com\\\/wp-content\\\/uploads\\\/2021\\\/06\\\/cropped-cropped-dispear.png\",\"width\":2592,\"height\":709,\"caption\":\"Dispear Records\"},\"image\":{\"@id\":\"https:\\\/\\\/dispear-records.com\\\/#\\\/schema\\\/logo\\\/image\\\/\"}}]}<\/script>\n<!-- \/ Yoast SEO plugin. -->","yoast_head_json":{"title":"Poesie Zero - Dispear Records","description":"Poesie Zero, groupe de (troll) punk rock DE MERDE qui font des albums bleus (ou pas) et nous comme des PAUVRES TACHES on leur a fait une K7 !","robots":{"index":"index","follow":"follow","max-snippet":"max-snippet:-1","max-image-preview":"max-image-preview:large","max-video-preview":"max-video-preview:-1"},"canonical":"https:\/\/dispear-records.com\/index.php\/poesie-zero-punk-rock-nantes\/","og_locale":"fr_FR","og_type":"article","og_title":"Poesie Zero - Dispear Records","og_description":"Poesie Zero, groupe de (troll) punk rock DE MERDE qui font des albums bleus (ou pas) et nous comme des PAUVRES TACHES on leur a fait une K7 !","og_url":"https:\/\/dispear-records.com\/index.php\/poesie-zero-punk-rock-nantes\/","og_site_name":"Dispear Records","article_modified_time":"2025-03-12T11:12:37+00:00","og_image":[{"width":1920,"height":642,"url":"https:\/\/dispear-records.com\/wp-content\/uploads\/2022\/04\/d06bfdd8d6da9c88fdc724acc48cbf3c.jpg","type":"image\/jpeg"}],"twitter_card":"summary_large_image","twitter_misc":{"Dur\u00e9e de lecture estim\u00e9e":"2 minutes"},"schema":{"@context":"https:\/\/schema.org","@graph":[{"@type":"WebPage","@id":"https:\/\/dispear-records.com\/index.php\/poesie-zero-punk-rock-nantes\/","url":"https:\/\/dispear-records.com\/index.php\/poesie-zero-punk-rock-nantes\/","name":"Poesie Zero - Dispear Records","isPartOf":{"@id":"https:\/\/dispear-records.com\/#website"},"primaryImageOfPage":{"@id":"https:\/\/dispear-records.com\/index.php\/poesie-zero-punk-rock-nantes\/#primaryimage"},"image":{"@id":"https:\/\/dispear-records.com\/index.php\/poesie-zero-punk-rock-nantes\/#primaryimage"},"thumbnailUrl":"https:\/\/dispear-records.com\/wp-content\/uploads\/2022\/04\/d06bfdd8d6da9c88fdc724acc48cbf3c-1024x342.jpg","datePublished":"2022-04-11T18:15:45+00:00","dateModified":"2025-03-12T11:12:37+00:00","description":"Poesie Zero, groupe de (troll) punk rock DE MERDE qui font des albums bleus (ou pas) et nous comme des PAUVRES TACHES on leur a fait une K7 !","breadcrumb":{"@id":"https:\/\/dispear-records.com\/index.php\/poesie-zero-punk-rock-nantes\/#breadcrumb"},"inLanguage":"fr-FR","potentialAction":[{"@type":"ReadAction","target":["https:\/\/dispear-records.com\/index.php\/poesie-zero-punk-rock-nantes\/"]}]},{"@type":"ImageObject","inLanguage":"fr-FR","@id":"https:\/\/dispear-records.com\/index.php\/poesie-zero-punk-rock-nantes\/#primaryimage","url":"https:\/\/dispear-records.com\/wp-content\/uploads\/2022\/04\/d06bfdd8d6da9c88fdc724acc48cbf3c.jpg","contentUrl":"https:\/\/dispear-records.com\/wp-content\/uploads\/2022\/04\/d06bfdd8d6da9c88fdc724acc48cbf3c.jpg","width":1920,"height":642},{"@type":"BreadcrumbList","@id":"https:\/\/dispear-records.com\/index.php\/poesie-zero-punk-rock-nantes\/#breadcrumb","itemListElement":[{"@type":"ListItem","position":1,"name":"Accueil","item":"https:\/\/dispear-records.com\/"},{"@type":"ListItem","position":2,"name":"Poesie Zero"}]},{"@type":"WebSite","@id":"https:\/\/dispear-records.com\/#website","url":"https:\/\/dispear-records.com\/","name":"Dispear Records","description":"DIY punk &amp; hardcore label","publisher":{"@id":"https:\/\/dispear-records.com\/#organization"},"potentialAction":[{"@type":"SearchAction","target":{"@type":"EntryPoint","urlTemplate":"https:\/\/dispear-records.com\/?s={search_term_string}"},"query-input":{"@type":"PropertyValueSpecification","valueRequired":true,"valueName":"search_term_string"}}],"inLanguage":"fr-FR"},{"@type":"Organization","@id":"https:\/\/dispear-records.com\/#organization","name":"Dispear Records","url":"https:\/\/dispear-records.com\/","logo":{"@type":"ImageObject","inLanguage":"fr-FR","@id":"https:\/\/dispear-records.com\/#\/schema\/logo\/image\/","url":"https:\/\/dispear-records.com\/wp-content\/uploads\/2021\/06\/cropped-cropped-dispear.png","contentUrl":"https:\/\/dispear-records.com\/wp-content\/uploads\/2021\/06\/cropped-cropped-dispear.png","width":2592,"height":709,"caption":"Dispear Records"},"image":{"@id":"https:\/\/dispear-records.com\/#\/schema\/logo\/image\/"}}]}},"_links":{"self":[{"href":"https:\/\/dispear-records.com\/index.php\/wp-json\/wp\/v2\/pages\/400","targetHints":{"allow":["GET"]}}],"collection":[{"href":"https:\/\/dispear-records.com\/index.php\/wp-json\/wp\/v2\/pages"}],"about":[{"href":"https:\/\/dispear-records.com\/index.php\/wp-json\/wp\/v2\/types\/page"}],"author":[{"embeddable":true,"href":"https:\/\/dispear-records.com\/index.php\/wp-json\/wp\/v2\/users\/1"}],"replies":[{"embeddable":true,"href":"https:\/\/dispear-records.com\/index.php\/wp-json\/wp\/v2\/comments?post=400"}],"version-history":[{"count":3,"href":"https:\/\/dispear-records.com\/index.php\/wp-json\/wp\/v2\/pages\/400\/revisions"}],"predecessor-version":[{"id":929,"href":"https:\/\/dispear-records.com\/index.php\/wp-json\/wp\/v2\/pages\/400\/revisions\/929"}],"wp:attachment":[{"href":"https:\/\/dispear-records.com\/index.php\/wp-json\/wp\/v2\/media?parent=400"}],"curies":[{"name":"wp","href":"https:\/\/api.w.org\/{rel}","templated":true}]}}