{"id":407,"date":"2022-04-12T23:14:05","date_gmt":"2022-04-12T21:14:05","guid":{"rendered":"https:\/\/dispear-records.com\/?page_id=407"},"modified":"2025-03-12T12:17:42","modified_gmt":"2025-03-12T11:17:42","slug":"vegan-piranha-hardcore-surf-punk-hossegor","status":"publish","type":"page","link":"https:\/\/dispear-records.com\/index.php\/vegan-piranha-hardcore-surf-punk-hossegor\/","title":{"rendered":"Vegan Piranha"},"content":{"rendered":"<div class=\"wp-block-image\">\n<figure class=\"aligncenter size-large\"><img loading=\"lazy\" decoding=\"async\" width=\"1024\" height=\"683\" src=\"https:\/\/dispear-records.com\/wp-content\/uploads\/2022\/04\/16300234_734799176684717_816225695331833250_o-1024x683.jpg\" alt=\"\" class=\"wp-image-408\" srcset=\"https:\/\/dispear-records.com\/wp-content\/uploads\/2022\/04\/16300234_734799176684717_816225695331833250_o-1024x683.jpg 1024w, https:\/\/dispear-records.com\/wp-content\/uploads\/2022\/04\/16300234_734799176684717_816225695331833250_o-300x200.jpg 300w, https:\/\/dispear-records.com\/wp-content\/uploads\/2022\/04\/16300234_734799176684717_816225695331833250_o-768x512.jpg 768w, https:\/\/dispear-records.com\/wp-content\/uploads\/2022\/04\/16300234_734799176684717_816225695331833250_o-1536x1024.jpg 1536w, https:\/\/dispear-records.com\/wp-content\/uploads\/2022\/04\/16300234_734799176684717_816225695331833250_o-416x277.jpg 416w, https:\/\/dispear-records.com\/wp-content\/uploads\/2022\/04\/16300234_734799176684717_816225695331833250_o.jpg 2048w\" sizes=\"auto, (max-width: 1024px) 100vw, 1024px\" \/><\/figure>\n<\/div>\n\n\n<div style=\"height:15px\" aria-hidden=\"true\" class=\"wp-block-spacer\"><\/div>\n\n\n\n<p><strong>Vegan Piranha<\/strong> est au surf ce que l\u2019EPO est au Tour de France ! Si vous captez pas, pas de soucis, on est pas non plus trop s\u00fbrs de ce que \u00e7a veut dire, mais \u00e7a sonne bien. Bref, Vegan Piranha c&rsquo;est des mecs de Reviens et de Doom Doom Tortuga (et maintenant de Dead Krazukies aussi, histoire de continuer le name dropping), qui ont uni leurs forces pour casser des lattes de terrasse au Wharf de Seignosse le Penon ! (v\u00e9ridique, et le type &#8211; Serge &#8211; s&rsquo;est pas arr\u00eat\u00e9 de faire jouer des groupes, c&rsquo;est beau !)<\/p>\n\n\n\n<p>Depuis une petite dizaine d&rsquo;ann\u00e9es et \u00e9quip\u00e9s de deux EPs, la formation \u00e9cume les bars \u00e0 concerts et festivals punks de France. Si tu connais Surf Punks, sache que \u00e7a fait partie des r\u00e9f\u00e9rences les plus parlantes du groupe (My beach, my waves, my chicks\u2026 go home!). Et tu connais pas, ben les Vegan (qui d&rsquo;ailleurs ne le sont pas), font du \u201csurf punk HxC 80ies\u201d, quelque chose entre du Dead Kennedys, du Black Flag, du Adolescents et du Agent Orange. A noter : leur shows font surgir une certaine ferveur dans le public, d\u2019o\u00f9 la r\u00e9f\u00e9rence au lattes de plancher du Wharf, qui sont r\u00e9guli\u00e8rement d\u00e9truites quand ils jouent l\u00e0-bas ! A noter (encore) : tous leurs artworks ultra l\u00e9ch\u00e9s sont l\u2019oeuvre de <a href=\"https:\/\/www.instagram.com\/tortuga_666\/\" target=\"_blank\" rel=\"noreferrer noopener\">Roch Tortuga<\/a>, le chanteur du groupe qui a un talent certain (ouais c&rsquo;est lui qui a fait notre <a href=\"https:\/\/dispear-records.com\/index.php\/produit\/t-shirt-dispear-records-noir\/\">t-shirt<\/a> \/ <a href=\"https:\/\/dispear-records.com\/index.php\/produit\/riso-dispear-records\/\">risographie<\/a> Crusty Pear).<\/p>\n\n\n\n<div style=\"height:15px\" aria-hidden=\"true\" class=\"wp-block-spacer\"><\/div>\n\n\n<div data-align-buttons=\"true\" data-block-name=\"woocommerce\/product-category\" data-categories=\"[44]\" data-columns=\"1\" data-rows=\"1\" class=\"wc-block-grid wp-block-product-category wp-block-woocommerce-product-category wc-block-product-category has-1-columns has-aligned-buttons\"><ul class=\"wc-block-grid__products\"><li class=\"wc-block-grid__product\">\n\t\t\t\t<a href=\"https:\/\/dispear-records.com\/index.php\/produit\/cassette-vegan-piranha\/\" class=\"wc-block-grid__product-link\">\n\t\t\t\t\t\n\t\t\t\t\t<div class=\"wc-block-grid__product-image\"><img loading=\"lazy\" decoding=\"async\" width=\"324\" height=\"324\" src=\"https:\/\/dispear-records.com\/wp-content\/uploads\/2022\/04\/smallIMG_1238-324x324.jpg\" class=\"attachment-woocommerce_thumbnail size-woocommerce_thumbnail\" alt=\"SOLD OUT - [Cassette] Vegan Piranha - Last Scream Of Youth \/ Kill All The Surfers\" srcset=\"https:\/\/dispear-records.com\/wp-content\/uploads\/2022\/04\/smallIMG_1238-324x324.jpg 324w, https:\/\/dispear-records.com\/wp-content\/uploads\/2022\/04\/smallIMG_1238-300x300.jpg 300w, https:\/\/dispear-records.com\/wp-content\/uploads\/2022\/04\/smallIMG_1238-150x150.jpg 150w, https:\/\/dispear-records.com\/wp-content\/uploads\/2022\/04\/smallIMG_1238-768x768.jpg 768w, https:\/\/dispear-records.com\/wp-content\/uploads\/2022\/04\/smallIMG_1238-416x416.jpg 416w, https:\/\/dispear-records.com\/wp-content\/uploads\/2022\/04\/smallIMG_1238-100x100.jpg 100w, https:\/\/dispear-records.com\/wp-content\/uploads\/2022\/04\/smallIMG_1238.jpg 1000w\" sizes=\"auto, (max-width: 324px) 100vw, 324px\" \/><\/div>\n\t\t\t\t\t<div class=\"wc-block-grid__product-title\">SOLD OUT &#8211; [Cassette] Vegan Piranha &#8211; Last Scream Of Youth \/ Kill All The Surfers<\/div>\n\t\t\t\t<\/a>\n\t\t\t\t<div class=\"wc-block-grid__product-price price\"><span class=\"woocommerce-Price-amount amount\">12,00<span class=\"woocommerce-Price-currencySymbol\">&euro;<\/span><\/span><\/div>\n\t\t\t\t\n\t\t\t\t<div class=\"wp-block-button wc-block-grid__product-add-to-cart\"><a href=\"https:\/\/dispear-records.com\/index.php\/produit\/cassette-vegan-piranha\/\" aria-label=\"En savoir plus sur &ldquo;SOLD OUT - [Cassette] Vegan Piranha - Last Scream Of Youth \/ Kill All The Surfers&rdquo;\" data-quantity=\"1\" data-product_id=\"406\" data-product_sku=\"DSPR22006\" data-price=\"12\" rel=\"nofollow\" class=\"wp-block-button__link  add_to_cart_button\">Lire la suite<\/a><\/div>\n\t\t\t<\/li><\/ul><\/div>\n\n\n<center><table>\n<tbody>\n<tr>\n<td><iframe style=\"border: 0; width: 400px; height: 472px;\" src=\"https:\/\/bandcamp.com\/EmbeddedPlayer\/album=2870098689\/size=large\/bgcol=ffffff\/linkcol=f171a2\/artwork=small\/transparent=true\/\" seamless=\"\"><a href=\"https:\/\/veganpiranha.bandcamp.com\/album\/last-scream-of-youth\">Last Scream Of Youth by VEGAN PIRANHA<\/a><\/iframe><\/td>\n<td><iframe style=\"border: 0; width: 400px; height: 472px;\" src=\"https:\/\/bandcamp.com\/EmbeddedPlayer\/album=43438277\/size=large\/bgcol=ffffff\/linkcol=63b2cc\/artwork=small\/transparent=true\/\" seamless=\"\"><a href=\"https:\/\/veganpiranha.bandcamp.com\/album\/kill-all-the-surfers\">Kill All The Surfers by VEGAN PIRANHA<\/a><\/iframe><\/td>\n<\/tr>\n<\/tbody>\n<\/table><\/center>\n","protected":false},"excerpt":{"rendered":"<p>Vegan Piranha est au surf ce que l\u2019EPO est au Tour de France ! Si vous captez pas, pas de soucis, on est pas non plus trop s\u00fbrs de ce que \u00e7a veut dire, mais \u00e7a sonne bien. Bref, Vegan Piranha c&rsquo;est des mecs de Reviens et de Doom Doom Tortuga (et maintenant de Dead [&hellip;]<\/p>\n","protected":false},"author":1,"featured_media":0,"parent":0,"menu_order":0,"comment_status":"closed","ping_status":"closed","template":"","meta":{"footnotes":""},"class_list":["post-407","page","type-page","status-publish","hentry"],"yoast_head":"<!-- This site is optimized with the Yoast SEO plugin v27.5 - https:\/\/yoast.com\/product\/yoast-seo-wordpress\/ -->\n<title>Vegan Piranha - Dispear Records<\/title>\n<meta name=\"description\" content=\"Vegan Piranha, c&#039;est du hardcore surf punk made in les Landes. Furieusement efficace en live, \u00e7a marche aussi hyper bien en double K7 !\" \/>\n<meta name=\"robots\" content=\"index, follow, max-snippet:-1, max-image-preview:large, max-video-preview:-1\" \/>\n<link rel=\"canonical\" href=\"https:\/\/dispear-records.com\/index.php\/vegan-piranha-hardcore-surf-punk-hossegor\/\" \/>\n<meta property=\"og:locale\" content=\"fr_FR\" \/>\n<meta property=\"og:type\" content=\"article\" \/>\n<meta property=\"og:title\" content=\"Vegan Piranha - Dispear Records\" \/>\n<meta property=\"og:description\" content=\"Vegan Piranha, c&#039;est du hardcore surf punk made in les Landes. Furieusement efficace en live, \u00e7a marche aussi hyper bien en double K7 !\" \/>\n<meta property=\"og:url\" content=\"https:\/\/dispear-records.com\/index.php\/vegan-piranha-hardcore-surf-punk-hossegor\/\" \/>\n<meta property=\"og:site_name\" content=\"Dispear Records\" \/>\n<meta property=\"article:modified_time\" content=\"2025-03-12T11:17:42+00:00\" \/>\n<meta property=\"og:image\" content=\"https:\/\/dispear-records.com\/wp-content\/uploads\/2022\/04\/16300234_734799176684717_816225695331833250_o.jpg\" \/>\n\t<meta property=\"og:image:width\" content=\"2048\" \/>\n\t<meta property=\"og:image:height\" content=\"1365\" \/>\n\t<meta property=\"og:image:type\" content=\"image\/jpeg\" \/>\n<meta name=\"twitter:card\" content=\"summary_large_image\" \/>\n<meta name=\"twitter:label1\" content=\"Dur\u00e9e de lecture estim\u00e9e\" \/>\n\t<meta name=\"twitter:data1\" content=\"2 minutes\" \/>\n<script type=\"application\/ld+json\" class=\"yoast-schema-graph\">{\"@context\":\"https:\\\/\\\/schema.org\",\"@graph\":[{\"@type\":\"WebPage\",\"@id\":\"https:\\\/\\\/dispear-records.com\\\/index.php\\\/vegan-piranha-hardcore-surf-punk-hossegor\\\/\",\"url\":\"https:\\\/\\\/dispear-records.com\\\/index.php\\\/vegan-piranha-hardcore-surf-punk-hossegor\\\/\",\"name\":\"Vegan Piranha - Dispear Records\",\"isPartOf\":{\"@id\":\"https:\\\/\\\/dispear-records.com\\\/#website\"},\"primaryImageOfPage\":{\"@id\":\"https:\\\/\\\/dispear-records.com\\\/index.php\\\/vegan-piranha-hardcore-surf-punk-hossegor\\\/#primaryimage\"},\"image\":{\"@id\":\"https:\\\/\\\/dispear-records.com\\\/index.php\\\/vegan-piranha-hardcore-surf-punk-hossegor\\\/#primaryimage\"},\"thumbnailUrl\":\"https:\\\/\\\/dispear-records.com\\\/wp-content\\\/uploads\\\/2022\\\/04\\\/16300234_734799176684717_816225695331833250_o-1024x683.jpg\",\"datePublished\":\"2022-04-12T21:14:05+00:00\",\"dateModified\":\"2025-03-12T11:17:42+00:00\",\"description\":\"Vegan Piranha, c'est du hardcore surf punk made in les Landes. Furieusement efficace en live, \u00e7a marche aussi hyper bien en double K7 !\",\"breadcrumb\":{\"@id\":\"https:\\\/\\\/dispear-records.com\\\/index.php\\\/vegan-piranha-hardcore-surf-punk-hossegor\\\/#breadcrumb\"},\"inLanguage\":\"fr-FR\",\"potentialAction\":[{\"@type\":\"ReadAction\",\"target\":[\"https:\\\/\\\/dispear-records.com\\\/index.php\\\/vegan-piranha-hardcore-surf-punk-hossegor\\\/\"]}]},{\"@type\":\"ImageObject\",\"inLanguage\":\"fr-FR\",\"@id\":\"https:\\\/\\\/dispear-records.com\\\/index.php\\\/vegan-piranha-hardcore-surf-punk-hossegor\\\/#primaryimage\",\"url\":\"https:\\\/\\\/dispear-records.com\\\/wp-content\\\/uploads\\\/2022\\\/04\\\/16300234_734799176684717_816225695331833250_o.jpg\",\"contentUrl\":\"https:\\\/\\\/dispear-records.com\\\/wp-content\\\/uploads\\\/2022\\\/04\\\/16300234_734799176684717_816225695331833250_o.jpg\",\"width\":2048,\"height\":1365},{\"@type\":\"BreadcrumbList\",\"@id\":\"https:\\\/\\\/dispear-records.com\\\/index.php\\\/vegan-piranha-hardcore-surf-punk-hossegor\\\/#breadcrumb\",\"itemListElement\":[{\"@type\":\"ListItem\",\"position\":1,\"name\":\"Accueil\",\"item\":\"https:\\\/\\\/dispear-records.com\\\/\"},{\"@type\":\"ListItem\",\"position\":2,\"name\":\"Vegan Piranha\"}]},{\"@type\":\"WebSite\",\"@id\":\"https:\\\/\\\/dispear-records.com\\\/#website\",\"url\":\"https:\\\/\\\/dispear-records.com\\\/\",\"name\":\"Dispear Records\",\"description\":\"DIY punk &amp; hardcore label\",\"publisher\":{\"@id\":\"https:\\\/\\\/dispear-records.com\\\/#organization\"},\"potentialAction\":[{\"@type\":\"SearchAction\",\"target\":{\"@type\":\"EntryPoint\",\"urlTemplate\":\"https:\\\/\\\/dispear-records.com\\\/?s={search_term_string}\"},\"query-input\":{\"@type\":\"PropertyValueSpecification\",\"valueRequired\":true,\"valueName\":\"search_term_string\"}}],\"inLanguage\":\"fr-FR\"},{\"@type\":\"Organization\",\"@id\":\"https:\\\/\\\/dispear-records.com\\\/#organization\",\"name\":\"Dispear Records\",\"url\":\"https:\\\/\\\/dispear-records.com\\\/\",\"logo\":{\"@type\":\"ImageObject\",\"inLanguage\":\"fr-FR\",\"@id\":\"https:\\\/\\\/dispear-records.com\\\/#\\\/schema\\\/logo\\\/image\\\/\",\"url\":\"https:\\\/\\\/dispear-records.com\\\/wp-content\\\/uploads\\\/2021\\\/06\\\/cropped-cropped-dispear.png\",\"contentUrl\":\"https:\\\/\\\/dispear-records.com\\\/wp-content\\\/uploads\\\/2021\\\/06\\\/cropped-cropped-dispear.png\",\"width\":2592,\"height\":709,\"caption\":\"Dispear Records\"},\"image\":{\"@id\":\"https:\\\/\\\/dispear-records.com\\\/#\\\/schema\\\/logo\\\/image\\\/\"}}]}<\/script>\n<!-- \/ Yoast SEO plugin. -->","yoast_head_json":{"title":"Vegan Piranha - Dispear Records","description":"Vegan Piranha, c'est du hardcore surf punk made in les Landes. Furieusement efficace en live, \u00e7a marche aussi hyper bien en double K7 !","robots":{"index":"index","follow":"follow","max-snippet":"max-snippet:-1","max-image-preview":"max-image-preview:large","max-video-preview":"max-video-preview:-1"},"canonical":"https:\/\/dispear-records.com\/index.php\/vegan-piranha-hardcore-surf-punk-hossegor\/","og_locale":"fr_FR","og_type":"article","og_title":"Vegan Piranha - Dispear Records","og_description":"Vegan Piranha, c'est du hardcore surf punk made in les Landes. Furieusement efficace en live, \u00e7a marche aussi hyper bien en double K7 !","og_url":"https:\/\/dispear-records.com\/index.php\/vegan-piranha-hardcore-surf-punk-hossegor\/","og_site_name":"Dispear Records","article_modified_time":"2025-03-12T11:17:42+00:00","og_image":[{"width":2048,"height":1365,"url":"https:\/\/dispear-records.com\/wp-content\/uploads\/2022\/04\/16300234_734799176684717_816225695331833250_o.jpg","type":"image\/jpeg"}],"twitter_card":"summary_large_image","twitter_misc":{"Dur\u00e9e de lecture estim\u00e9e":"2 minutes"},"schema":{"@context":"https:\/\/schema.org","@graph":[{"@type":"WebPage","@id":"https:\/\/dispear-records.com\/index.php\/vegan-piranha-hardcore-surf-punk-hossegor\/","url":"https:\/\/dispear-records.com\/index.php\/vegan-piranha-hardcore-surf-punk-hossegor\/","name":"Vegan Piranha - Dispear Records","isPartOf":{"@id":"https:\/\/dispear-records.com\/#website"},"primaryImageOfPage":{"@id":"https:\/\/dispear-records.com\/index.php\/vegan-piranha-hardcore-surf-punk-hossegor\/#primaryimage"},"image":{"@id":"https:\/\/dispear-records.com\/index.php\/vegan-piranha-hardcore-surf-punk-hossegor\/#primaryimage"},"thumbnailUrl":"https:\/\/dispear-records.com\/wp-content\/uploads\/2022\/04\/16300234_734799176684717_816225695331833250_o-1024x683.jpg","datePublished":"2022-04-12T21:14:05+00:00","dateModified":"2025-03-12T11:17:42+00:00","description":"Vegan Piranha, c'est du hardcore surf punk made in les Landes. Furieusement efficace en live, \u00e7a marche aussi hyper bien en double K7 !","breadcrumb":{"@id":"https:\/\/dispear-records.com\/index.php\/vegan-piranha-hardcore-surf-punk-hossegor\/#breadcrumb"},"inLanguage":"fr-FR","potentialAction":[{"@type":"ReadAction","target":["https:\/\/dispear-records.com\/index.php\/vegan-piranha-hardcore-surf-punk-hossegor\/"]}]},{"@type":"ImageObject","inLanguage":"fr-FR","@id":"https:\/\/dispear-records.com\/index.php\/vegan-piranha-hardcore-surf-punk-hossegor\/#primaryimage","url":"https:\/\/dispear-records.com\/wp-content\/uploads\/2022\/04\/16300234_734799176684717_816225695331833250_o.jpg","contentUrl":"https:\/\/dispear-records.com\/wp-content\/uploads\/2022\/04\/16300234_734799176684717_816225695331833250_o.jpg","width":2048,"height":1365},{"@type":"BreadcrumbList","@id":"https:\/\/dispear-records.com\/index.php\/vegan-piranha-hardcore-surf-punk-hossegor\/#breadcrumb","itemListElement":[{"@type":"ListItem","position":1,"name":"Accueil","item":"https:\/\/dispear-records.com\/"},{"@type":"ListItem","position":2,"name":"Vegan Piranha"}]},{"@type":"WebSite","@id":"https:\/\/dispear-records.com\/#website","url":"https:\/\/dispear-records.com\/","name":"Dispear Records","description":"DIY punk &amp; hardcore label","publisher":{"@id":"https:\/\/dispear-records.com\/#organization"},"potentialAction":[{"@type":"SearchAction","target":{"@type":"EntryPoint","urlTemplate":"https:\/\/dispear-records.com\/?s={search_term_string}"},"query-input":{"@type":"PropertyValueSpecification","valueRequired":true,"valueName":"search_term_string"}}],"inLanguage":"fr-FR"},{"@type":"Organization","@id":"https:\/\/dispear-records.com\/#organization","name":"Dispear Records","url":"https:\/\/dispear-records.com\/","logo":{"@type":"ImageObject","inLanguage":"fr-FR","@id":"https:\/\/dispear-records.com\/#\/schema\/logo\/image\/","url":"https:\/\/dispear-records.com\/wp-content\/uploads\/2021\/06\/cropped-cropped-dispear.png","contentUrl":"https:\/\/dispear-records.com\/wp-content\/uploads\/2021\/06\/cropped-cropped-dispear.png","width":2592,"height":709,"caption":"Dispear Records"},"image":{"@id":"https:\/\/dispear-records.com\/#\/schema\/logo\/image\/"}}]}},"_links":{"self":[{"href":"https:\/\/dispear-records.com\/index.php\/wp-json\/wp\/v2\/pages\/407","targetHints":{"allow":["GET"]}}],"collection":[{"href":"https:\/\/dispear-records.com\/index.php\/wp-json\/wp\/v2\/pages"}],"about":[{"href":"https:\/\/dispear-records.com\/index.php\/wp-json\/wp\/v2\/types\/page"}],"author":[{"embeddable":true,"href":"https:\/\/dispear-records.com\/index.php\/wp-json\/wp\/v2\/users\/1"}],"replies":[{"embeddable":true,"href":"https:\/\/dispear-records.com\/index.php\/wp-json\/wp\/v2\/comments?post=407"}],"version-history":[{"count":3,"href":"https:\/\/dispear-records.com\/index.php\/wp-json\/wp\/v2\/pages\/407\/revisions"}],"predecessor-version":[{"id":936,"href":"https:\/\/dispear-records.com\/index.php\/wp-json\/wp\/v2\/pages\/407\/revisions\/936"}],"wp:attachment":[{"href":"https:\/\/dispear-records.com\/index.php\/wp-json\/wp\/v2\/media?parent=407"}],"curies":[{"name":"wp","href":"https:\/\/api.w.org\/{rel}","templated":true}]}}