{"id":465,"date":"2022-06-03T12:14:28","date_gmt":"2022-06-03T10:14:28","guid":{"rendered":"https:\/\/dispear-records.com\/?page_id=465"},"modified":"2025-03-12T12:18:01","modified_gmt":"2025-03-12T11:18:01","slug":"viceprez-punk","status":"publish","type":"page","link":"https:\/\/dispear-records.com\/index.php\/viceprez-punk\/","title":{"rendered":"Viceprez"},"content":{"rendered":"<div class=\"wp-block-image\">\n<figure class=\"aligncenter size-large\"><img loading=\"lazy\" decoding=\"async\" width=\"1024\" height=\"559\" src=\"https:\/\/dispear-records.com\/wp-content\/uploads\/2023\/08\/Sans-titre-1-copie-1024x559.jpg\" alt=\"\" class=\"wp-image-613\" srcset=\"https:\/\/dispear-records.com\/wp-content\/uploads\/2023\/08\/Sans-titre-1-copie-1024x559.jpg 1024w, https:\/\/dispear-records.com\/wp-content\/uploads\/2023\/08\/Sans-titre-1-copie-300x164.jpg 300w, https:\/\/dispear-records.com\/wp-content\/uploads\/2023\/08\/Sans-titre-1-copie-768x419.jpg 768w, https:\/\/dispear-records.com\/wp-content\/uploads\/2023\/08\/Sans-titre-1-copie-416x227.jpg 416w, https:\/\/dispear-records.com\/wp-content\/uploads\/2023\/08\/Sans-titre-1-copie.jpg 1200w\" sizes=\"auto, (max-width: 1024px) 100vw, 1024px\" \/><\/figure>\n<\/div>\n\n\n<div style=\"height:15px\" aria-hidden=\"true\" class=\"wp-block-spacer\"><\/div>\n\n\n\n<p><strong>Viceprez<\/strong> c\u2019est l\u2019histoire d&rsquo;un collectif \u00e0 cheval sur la France, l&rsquo;Italie et l&rsquo;Allemagne, tous plus frapp\u00e9s de punk les uns que les autres, membres actuels ou pass\u00e9s de Sport, Smudjas ou Reaction.<\/p>\n\n\n\n<p>Le groupe cite la sc\u00e8ne fran\u00e7aise actuelle \u2014 Youth avoiders, Jodie Faster \u2014 comme source d\u2019inspiration mais aussi Minutemen ou Black Flag et c\u2019est effectivement plut\u00f4t \u00e0 des groupes originels auxquels on pense, des groupes comme JFA ou Dead Boys : le punk-rock juste avant qu\u2019il ne devienne punk hardcore. A l&rsquo;\u00e9coute Viceprez sonne en effet tr\u00e8s punk 80ies. Mais histoire de brouiller les pistes ca passe aussi sur des r\u00e9f\u00e9rences noisy, pour jouer ensuite avec les codes du garage punk, le tout pour revenir sur le punk hardcore old school ! \u00c7a multiplie les incursions dans tous ces styles tout en gardant une ligne conductrice qui donne le lien \u00e0 tout ca : le punk des ann\u00e9es 80 dans toute sa diversit\u00e9 et sa splendeur !<\/p>\n\n\n\n<div style=\"height:15px\" aria-hidden=\"true\" class=\"wp-block-spacer\"><\/div>\n\n\n<div data-align-buttons=\"true\" data-block-name=\"woocommerce\/product-category\" data-categories=\"[45]\" data-columns=\"2\" data-rows=\"1\" class=\"wc-block-grid wp-block-product-category wp-block-woocommerce-product-category wc-block-product-category has-2-columns has-aligned-buttons\"><ul class=\"wc-block-grid__products\"><li class=\"wc-block-grid__product\">\n\t\t\t\t<a href=\"https:\/\/dispear-records.com\/index.php\/produit\/vinyle-viceprez-tropical-connexion\/\" class=\"wc-block-grid__product-link\">\n\t\t\t\t\t\n\t\t\t\t\t<div class=\"wc-block-grid__product-image\"><img loading=\"lazy\" decoding=\"async\" width=\"324\" height=\"324\" src=\"https:\/\/dispear-records.com\/wp-content\/uploads\/2023\/08\/IMG_0128-800-324x324.jpg\" class=\"attachment-woocommerce_thumbnail size-woocommerce_thumbnail\" alt=\"[Vinyle] Viceprez - Tropical Connexion\" srcset=\"https:\/\/dispear-records.com\/wp-content\/uploads\/2023\/08\/IMG_0128-800-324x324.jpg 324w, https:\/\/dispear-records.com\/wp-content\/uploads\/2023\/08\/IMG_0128-800-300x300.jpg 300w, https:\/\/dispear-records.com\/wp-content\/uploads\/2023\/08\/IMG_0128-800-150x150.jpg 150w, https:\/\/dispear-records.com\/wp-content\/uploads\/2023\/08\/IMG_0128-800-768x768.jpg 768w, https:\/\/dispear-records.com\/wp-content\/uploads\/2023\/08\/IMG_0128-800-416x416.jpg 416w, https:\/\/dispear-records.com\/wp-content\/uploads\/2023\/08\/IMG_0128-800-100x100.jpg 100w, https:\/\/dispear-records.com\/wp-content\/uploads\/2023\/08\/IMG_0128-800.jpg 800w\" sizes=\"auto, (max-width: 324px) 100vw, 324px\" \/><\/div>\n\t\t\t\t\t<div class=\"wc-block-grid__product-title\">[Vinyle] Viceprez &#8211; Tropical Connexion<\/div>\n\t\t\t\t<\/a>\n\t\t\t\t<div class=\"wc-block-grid__product-price price\"><span class=\"woocommerce-Price-amount amount\">15,00<span class=\"woocommerce-Price-currencySymbol\">&euro;<\/span><\/span><\/div>\n\t\t\t\t\n\t\t\t\t<div class=\"wp-block-button wc-block-grid__product-add-to-cart\"><a href=\"https:\/\/dispear-records.com\/index.php\/produit\/vinyle-viceprez-tropical-connexion\/\" aria-label=\"S\u00e9lectionner les options pour &ldquo;[Vinyle] Viceprez - Tropical Connexion&rdquo;\" data-quantity=\"1\" data-product_id=\"603\" data-product_sku=\"DSPR23017\" data-price=\"15\" rel=\"nofollow\" class=\"wp-block-button__link  add_to_cart_button\">Choix des options<\/a><\/div>\n\t\t\t<\/li><li class=\"wc-block-grid__product\">\n\t\t\t\t<a href=\"https:\/\/dispear-records.com\/index.php\/produit\/vinyle-viceprez-juger\/\" class=\"wc-block-grid__product-link\">\n\t\t\t\t\t\n\t\t\t\t\t<div class=\"wc-block-grid__product-image\"><img loading=\"lazy\" decoding=\"async\" width=\"324\" height=\"324\" src=\"https:\/\/dispear-records.com\/wp-content\/uploads\/2022\/06\/IMG_1489-small-324x324.jpg\" class=\"attachment-woocommerce_thumbnail size-woocommerce_thumbnail\" alt=\"SOLD OUT - [Vinyle] Viceprez - Juger\" srcset=\"https:\/\/dispear-records.com\/wp-content\/uploads\/2022\/06\/IMG_1489-small-324x324.jpg 324w, https:\/\/dispear-records.com\/wp-content\/uploads\/2022\/06\/IMG_1489-small-300x300.jpg 300w, https:\/\/dispear-records.com\/wp-content\/uploads\/2022\/06\/IMG_1489-small-150x150.jpg 150w, https:\/\/dispear-records.com\/wp-content\/uploads\/2022\/06\/IMG_1489-small-768x768.jpg 768w, https:\/\/dispear-records.com\/wp-content\/uploads\/2022\/06\/IMG_1489-small-416x416.jpg 416w, https:\/\/dispear-records.com\/wp-content\/uploads\/2022\/06\/IMG_1489-small-100x100.jpg 100w, https:\/\/dispear-records.com\/wp-content\/uploads\/2022\/06\/IMG_1489-small.jpg 1000w\" sizes=\"auto, (max-width: 324px) 100vw, 324px\" \/><\/div>\n\t\t\t\t\t<div class=\"wc-block-grid__product-title\">SOLD OUT &#8211; [Vinyle] Viceprez &#8211; Juger<\/div>\n\t\t\t\t<\/a>\n\t\t\t\t<div class=\"wc-block-grid__product-price price\"><span class=\"woocommerce-Price-amount amount\">10,00<span class=\"woocommerce-Price-currencySymbol\">&euro;<\/span><\/span><\/div>\n\t\t\t\t\n\t\t\t\t<div class=\"wp-block-button wc-block-grid__product-add-to-cart\"><a href=\"https:\/\/dispear-records.com\/index.php\/produit\/vinyle-viceprez-juger\/\" aria-label=\"En savoir plus sur &ldquo;SOLD OUT - [Vinyle] Viceprez - Juger&rdquo;\" data-quantity=\"1\" data-product_id=\"467\" data-product_sku=\"DSPR22009\" data-price=\"10\" rel=\"nofollow\" class=\"wp-block-button__link  add_to_cart_button\">Lire la suite<\/a><\/div>\n\t\t\t<\/li><\/ul><\/div>\n\n\n<div class=\"wp-block-columns is-layout-flex wp-container-core-columns-is-layout-28f84493 wp-block-columns-is-layout-flex\">\n<div class=\"wp-block-column is-layout-flow wp-block-column-is-layout-flow\">\n<iframe style=\"border: 0; width: 400px; height: 472px;\" src=\"https:\/\/bandcamp.com\/EmbeddedPlayer\/album=2145918199\/size=large\/bgcol=ffffff\/linkcol=333333\/artwork=small\/transparent=true\/\" seamless=\"\"><a href=\"https:\/\/viceprez.bandcamp.com\/album\/tropical-connexion\">Tropical Connexion de VICEPREZ<\/a><\/iframe>\n<\/div>\n\n\n\n<div class=\"wp-block-column is-layout-flow wp-block-column-is-layout-flow\">\n<iframe style=\"border: 0; width: 400px; height: 472px;\" src=\"https:\/\/bandcamp.com\/EmbeddedPlayer\/album=4172916993\/size=large\/bgcol=ffffff\/linkcol=333333\/artwork=small\/transparent=true\/\" seamless=\"\"><a href=\"https:\/\/viceprez.bandcamp.com\/album\/juger\">JUGER by VICEPREZ<\/a><\/iframe>\n<\/div>\n<\/div>\n","protected":false},"excerpt":{"rendered":"<p>Viceprez c\u2019est l\u2019histoire d&rsquo;un collectif \u00e0 cheval sur la France, l&rsquo;Italie et l&rsquo;Allemagne, tous plus frapp\u00e9s de punk les uns que les autres, membres actuels ou pass\u00e9s de Sport, Smudjas ou Reaction. Le groupe cite la sc\u00e8ne fran\u00e7aise actuelle \u2014 Youth avoiders, Jodie Faster \u2014 comme source d\u2019inspiration mais aussi Minutemen ou Black Flag et [&hellip;]<\/p>\n","protected":false},"author":1,"featured_media":0,"parent":0,"menu_order":0,"comment_status":"closed","ping_status":"closed","template":"","meta":{"footnotes":""},"class_list":["post-465","page","type-page","status-publish","hentry"],"yoast_head":"<!-- This site is optimized with the Yoast SEO plugin v27.6 - https:\/\/yoast.com\/product\/yoast-seo-wordpress\/ -->\n<title>Viceprez - Dispear Records<\/title>\n<meta name=\"description\" content=\"Viceprez, all star band de l&#039;Est de la France, pr\u00e9sente son premier album JUGER : un vinyle condens\u00e9 de punk 80ies !\" \/>\n<meta name=\"robots\" content=\"index, follow, max-snippet:-1, max-image-preview:large, max-video-preview:-1\" \/>\n<link rel=\"canonical\" href=\"https:\/\/dispear-records.com\/index.php\/viceprez-punk\/\" \/>\n<meta property=\"og:locale\" content=\"fr_FR\" \/>\n<meta property=\"og:type\" content=\"article\" \/>\n<meta property=\"og:title\" content=\"Viceprez - Dispear Records\" \/>\n<meta property=\"og:description\" content=\"Viceprez, all star band de l&#039;Est de la France, pr\u00e9sente son premier album JUGER : un vinyle condens\u00e9 de punk 80ies !\" \/>\n<meta property=\"og:url\" content=\"https:\/\/dispear-records.com\/index.php\/viceprez-punk\/\" \/>\n<meta property=\"og:site_name\" content=\"Dispear Records\" \/>\n<meta property=\"article:modified_time\" content=\"2025-03-12T11:18:01+00:00\" \/>\n<meta property=\"og:image\" content=\"https:\/\/dispear-records.com\/wp-content\/uploads\/2023\/08\/Sans-titre-1-copie.jpg\" \/>\n\t<meta property=\"og:image:width\" content=\"1200\" \/>\n\t<meta property=\"og:image:height\" content=\"655\" \/>\n\t<meta property=\"og:image:type\" content=\"image\/jpeg\" \/>\n<meta name=\"twitter:card\" content=\"summary_large_image\" \/>\n<meta name=\"twitter:label1\" content=\"Dur\u00e9e de lecture estim\u00e9e\" \/>\n\t<meta name=\"twitter:data1\" content=\"2 minutes\" \/>\n<script type=\"application\/ld+json\" class=\"yoast-schema-graph\">{\"@context\":\"https:\\\/\\\/schema.org\",\"@graph\":[{\"@type\":\"WebPage\",\"@id\":\"https:\\\/\\\/dispear-records.com\\\/index.php\\\/viceprez-punk\\\/\",\"url\":\"https:\\\/\\\/dispear-records.com\\\/index.php\\\/viceprez-punk\\\/\",\"name\":\"Viceprez - Dispear Records\",\"isPartOf\":{\"@id\":\"https:\\\/\\\/dispear-records.com\\\/#website\"},\"primaryImageOfPage\":{\"@id\":\"https:\\\/\\\/dispear-records.com\\\/index.php\\\/viceprez-punk\\\/#primaryimage\"},\"image\":{\"@id\":\"https:\\\/\\\/dispear-records.com\\\/index.php\\\/viceprez-punk\\\/#primaryimage\"},\"thumbnailUrl\":\"https:\\\/\\\/dispear-records.com\\\/wp-content\\\/uploads\\\/2023\\\/08\\\/Sans-titre-1-copie-1024x559.jpg\",\"datePublished\":\"2022-06-03T10:14:28+00:00\",\"dateModified\":\"2025-03-12T11:18:01+00:00\",\"description\":\"Viceprez, all star band de l'Est de la France, pr\u00e9sente son premier album JUGER : un vinyle condens\u00e9 de punk 80ies !\",\"breadcrumb\":{\"@id\":\"https:\\\/\\\/dispear-records.com\\\/index.php\\\/viceprez-punk\\\/#breadcrumb\"},\"inLanguage\":\"fr-FR\",\"potentialAction\":[{\"@type\":\"ReadAction\",\"target\":[\"https:\\\/\\\/dispear-records.com\\\/index.php\\\/viceprez-punk\\\/\"]}]},{\"@type\":\"ImageObject\",\"inLanguage\":\"fr-FR\",\"@id\":\"https:\\\/\\\/dispear-records.com\\\/index.php\\\/viceprez-punk\\\/#primaryimage\",\"url\":\"https:\\\/\\\/dispear-records.com\\\/wp-content\\\/uploads\\\/2023\\\/08\\\/Sans-titre-1-copie.jpg\",\"contentUrl\":\"https:\\\/\\\/dispear-records.com\\\/wp-content\\\/uploads\\\/2023\\\/08\\\/Sans-titre-1-copie.jpg\",\"width\":1200,\"height\":655},{\"@type\":\"BreadcrumbList\",\"@id\":\"https:\\\/\\\/dispear-records.com\\\/index.php\\\/viceprez-punk\\\/#breadcrumb\",\"itemListElement\":[{\"@type\":\"ListItem\",\"position\":1,\"name\":\"Accueil\",\"item\":\"https:\\\/\\\/dispear-records.com\\\/\"},{\"@type\":\"ListItem\",\"position\":2,\"name\":\"Viceprez\"}]},{\"@type\":\"WebSite\",\"@id\":\"https:\\\/\\\/dispear-records.com\\\/#website\",\"url\":\"https:\\\/\\\/dispear-records.com\\\/\",\"name\":\"Dispear Records\",\"description\":\"DIY punk &amp; hardcore label\",\"publisher\":{\"@id\":\"https:\\\/\\\/dispear-records.com\\\/#organization\"},\"potentialAction\":[{\"@type\":\"SearchAction\",\"target\":{\"@type\":\"EntryPoint\",\"urlTemplate\":\"https:\\\/\\\/dispear-records.com\\\/?s={search_term_string}\"},\"query-input\":{\"@type\":\"PropertyValueSpecification\",\"valueRequired\":true,\"valueName\":\"search_term_string\"}}],\"inLanguage\":\"fr-FR\"},{\"@type\":\"Organization\",\"@id\":\"https:\\\/\\\/dispear-records.com\\\/#organization\",\"name\":\"Dispear Records\",\"url\":\"https:\\\/\\\/dispear-records.com\\\/\",\"logo\":{\"@type\":\"ImageObject\",\"inLanguage\":\"fr-FR\",\"@id\":\"https:\\\/\\\/dispear-records.com\\\/#\\\/schema\\\/logo\\\/image\\\/\",\"url\":\"https:\\\/\\\/dispear-records.com\\\/wp-content\\\/uploads\\\/2021\\\/06\\\/cropped-cropped-dispear.png\",\"contentUrl\":\"https:\\\/\\\/dispear-records.com\\\/wp-content\\\/uploads\\\/2021\\\/06\\\/cropped-cropped-dispear.png\",\"width\":2592,\"height\":709,\"caption\":\"Dispear Records\"},\"image\":{\"@id\":\"https:\\\/\\\/dispear-records.com\\\/#\\\/schema\\\/logo\\\/image\\\/\"}}]}<\/script>\n<!-- \/ Yoast SEO plugin. -->","yoast_head_json":{"title":"Viceprez - Dispear Records","description":"Viceprez, all star band de l'Est de la France, pr\u00e9sente son premier album JUGER : un vinyle condens\u00e9 de punk 80ies !","robots":{"index":"index","follow":"follow","max-snippet":"max-snippet:-1","max-image-preview":"max-image-preview:large","max-video-preview":"max-video-preview:-1"},"canonical":"https:\/\/dispear-records.com\/index.php\/viceprez-punk\/","og_locale":"fr_FR","og_type":"article","og_title":"Viceprez - Dispear Records","og_description":"Viceprez, all star band de l'Est de la France, pr\u00e9sente son premier album JUGER : un vinyle condens\u00e9 de punk 80ies !","og_url":"https:\/\/dispear-records.com\/index.php\/viceprez-punk\/","og_site_name":"Dispear Records","article_modified_time":"2025-03-12T11:18:01+00:00","og_image":[{"width":1200,"height":655,"url":"https:\/\/dispear-records.com\/wp-content\/uploads\/2023\/08\/Sans-titre-1-copie.jpg","type":"image\/jpeg"}],"twitter_card":"summary_large_image","twitter_misc":{"Dur\u00e9e de lecture estim\u00e9e":"2 minutes"},"schema":{"@context":"https:\/\/schema.org","@graph":[{"@type":"WebPage","@id":"https:\/\/dispear-records.com\/index.php\/viceprez-punk\/","url":"https:\/\/dispear-records.com\/index.php\/viceprez-punk\/","name":"Viceprez - Dispear Records","isPartOf":{"@id":"https:\/\/dispear-records.com\/#website"},"primaryImageOfPage":{"@id":"https:\/\/dispear-records.com\/index.php\/viceprez-punk\/#primaryimage"},"image":{"@id":"https:\/\/dispear-records.com\/index.php\/viceprez-punk\/#primaryimage"},"thumbnailUrl":"https:\/\/dispear-records.com\/wp-content\/uploads\/2023\/08\/Sans-titre-1-copie-1024x559.jpg","datePublished":"2022-06-03T10:14:28+00:00","dateModified":"2025-03-12T11:18:01+00:00","description":"Viceprez, all star band de l'Est de la France, pr\u00e9sente son premier album JUGER : un vinyle condens\u00e9 de punk 80ies !","breadcrumb":{"@id":"https:\/\/dispear-records.com\/index.php\/viceprez-punk\/#breadcrumb"},"inLanguage":"fr-FR","potentialAction":[{"@type":"ReadAction","target":["https:\/\/dispear-records.com\/index.php\/viceprez-punk\/"]}]},{"@type":"ImageObject","inLanguage":"fr-FR","@id":"https:\/\/dispear-records.com\/index.php\/viceprez-punk\/#primaryimage","url":"https:\/\/dispear-records.com\/wp-content\/uploads\/2023\/08\/Sans-titre-1-copie.jpg","contentUrl":"https:\/\/dispear-records.com\/wp-content\/uploads\/2023\/08\/Sans-titre-1-copie.jpg","width":1200,"height":655},{"@type":"BreadcrumbList","@id":"https:\/\/dispear-records.com\/index.php\/viceprez-punk\/#breadcrumb","itemListElement":[{"@type":"ListItem","position":1,"name":"Accueil","item":"https:\/\/dispear-records.com\/"},{"@type":"ListItem","position":2,"name":"Viceprez"}]},{"@type":"WebSite","@id":"https:\/\/dispear-records.com\/#website","url":"https:\/\/dispear-records.com\/","name":"Dispear Records","description":"DIY punk &amp; hardcore label","publisher":{"@id":"https:\/\/dispear-records.com\/#organization"},"potentialAction":[{"@type":"SearchAction","target":{"@type":"EntryPoint","urlTemplate":"https:\/\/dispear-records.com\/?s={search_term_string}"},"query-input":{"@type":"PropertyValueSpecification","valueRequired":true,"valueName":"search_term_string"}}],"inLanguage":"fr-FR"},{"@type":"Organization","@id":"https:\/\/dispear-records.com\/#organization","name":"Dispear Records","url":"https:\/\/dispear-records.com\/","logo":{"@type":"ImageObject","inLanguage":"fr-FR","@id":"https:\/\/dispear-records.com\/#\/schema\/logo\/image\/","url":"https:\/\/dispear-records.com\/wp-content\/uploads\/2021\/06\/cropped-cropped-dispear.png","contentUrl":"https:\/\/dispear-records.com\/wp-content\/uploads\/2021\/06\/cropped-cropped-dispear.png","width":2592,"height":709,"caption":"Dispear Records"},"image":{"@id":"https:\/\/dispear-records.com\/#\/schema\/logo\/image\/"}}]}},"_links":{"self":[{"href":"https:\/\/dispear-records.com\/index.php\/wp-json\/wp\/v2\/pages\/465","targetHints":{"allow":["GET"]}}],"collection":[{"href":"https:\/\/dispear-records.com\/index.php\/wp-json\/wp\/v2\/pages"}],"about":[{"href":"https:\/\/dispear-records.com\/index.php\/wp-json\/wp\/v2\/types\/page"}],"author":[{"embeddable":true,"href":"https:\/\/dispear-records.com\/index.php\/wp-json\/wp\/v2\/users\/1"}],"replies":[{"embeddable":true,"href":"https:\/\/dispear-records.com\/index.php\/wp-json\/wp\/v2\/comments?post=465"}],"version-history":[{"count":5,"href":"https:\/\/dispear-records.com\/index.php\/wp-json\/wp\/v2\/pages\/465\/revisions"}],"predecessor-version":[{"id":937,"href":"https:\/\/dispear-records.com\/index.php\/wp-json\/wp\/v2\/pages\/465\/revisions\/937"}],"wp:attachment":[{"href":"https:\/\/dispear-records.com\/index.php\/wp-json\/wp\/v2\/media?parent=465"}],"curies":[{"name":"wp","href":"https:\/\/api.w.org\/{rel}","templated":true}]}}