{"id":478,"date":"2022-07-10T00:30:02","date_gmt":"2022-07-09T22:30:02","guid":{"rendered":"https:\/\/dispear-records.com\/?page_id=478"},"modified":"2025-03-12T11:41:18","modified_gmt":"2025-03-12T10:41:18","slug":"ben-fist-punk-rock-toulouse","status":"publish","type":"page","link":"https:\/\/dispear-records.com\/index.php\/ben-fist-punk-rock-toulouse\/","title":{"rendered":"Ben &#038; Fist"},"content":{"rendered":"<div class=\"wp-block-image\">\n<figure class=\"aligncenter size-large\"><img loading=\"lazy\" decoding=\"async\" width=\"1024\" height=\"683\" src=\"https:\/\/dispear-records.com\/wp-content\/uploads\/2022\/07\/212979496_210221244437307_5224134570086377710_n-1024x683.jpg\" alt=\"\" class=\"wp-image-479\" srcset=\"https:\/\/dispear-records.com\/wp-content\/uploads\/2022\/07\/212979496_210221244437307_5224134570086377710_n-1024x683.jpg 1024w, https:\/\/dispear-records.com\/wp-content\/uploads\/2022\/07\/212979496_210221244437307_5224134570086377710_n-300x200.jpg 300w, https:\/\/dispear-records.com\/wp-content\/uploads\/2022\/07\/212979496_210221244437307_5224134570086377710_n-768x512.jpg 768w, https:\/\/dispear-records.com\/wp-content\/uploads\/2022\/07\/212979496_210221244437307_5224134570086377710_n-1536x1024.jpg 1536w, https:\/\/dispear-records.com\/wp-content\/uploads\/2022\/07\/212979496_210221244437307_5224134570086377710_n-416x277.jpg 416w, https:\/\/dispear-records.com\/wp-content\/uploads\/2022\/07\/212979496_210221244437307_5224134570086377710_n.jpg 2048w\" sizes=\"auto, (max-width: 1024px) 100vw, 1024px\" \/><\/figure>\n<\/div>\n\n\n<div style=\"height:15px\" aria-hidden=\"true\" class=\"wp-block-spacer\"><\/div>\n\n\n\n<p>Boire et d\u00e9boires pourrait \u00eatre un slogan qui r\u00e9sume bien <strong>Ben &amp; Fist<\/strong>. Le power trio Toulousain fait du punk rock m\u00e9lo chant\u00e9 en fran\u00e7ais rapide et saillant, qui ne laisse pas la place \u00e0 l\u2019amateurisme, contrairement \u00e0 ce que pourrait laisser penser l&rsquo;attitude de ce power trio ! A mi chemin entre les meilleurs opus de Lagwagon et de Justin(e), les toulousains jouent ce qu\u2019ils qualifient eux m\u00eame de punk rock d\u00e9prestif (doux m\u00e9lange de d\u00e9pression de festivit\u00e9s). Mais on pr\u00e9f\u00e8re leur coller l\u2019\u00e9tiquette de \u00ab\u00a0chenille core\u00a0\u00bb, au vu de leurs fins de concerts\u2026! Les mecs portent un regard lucide mais plein d\u2019humour et d\u2019amour sur la soci\u00e9t\u00e9, en usant et abusant du second degr\u00e9. C&rsquo;est tr\u00e8s Patrick S\u00e9bastien tout \u00e7a, et c&rsquo;est loin de leur d\u00e9plaire&#8230; Allez la f\u00eate !!!<\/p>\n\n\n\n<div style=\"height:15px\" aria-hidden=\"true\" class=\"wp-block-spacer\"><\/div>\n\n\n<div data-block-name=\"woocommerce\/product-category\" data-categories=\"[46]\" data-columns=\"1\" data-rows=\"1\" class=\"wc-block-grid wp-block-product-category wp-block-woocommerce-product-category wc-block-product-category has-1-columns\"><ul class=\"wc-block-grid__products\"><li class=\"wc-block-grid__product\">\n\t\t\t\t<a href=\"https:\/\/dispear-records.com\/index.php\/produit\/vinyle-ben-fist-rien-nest-grave\/\" class=\"wc-block-grid__product-link\">\n\t\t\t\t\t\n\t\t\t\t\t<div class=\"wc-block-grid__product-image\"><img loading=\"lazy\" decoding=\"async\" width=\"324\" height=\"324\" src=\"https:\/\/dispear-records.com\/wp-content\/uploads\/2022\/07\/smolIMG_1636-324x324.jpg\" class=\"attachment-woocommerce_thumbnail size-woocommerce_thumbnail\" alt=\"SOLD OUT - [Vinyle] Ben &amp; Fist - Rien n&#039;est grave\" srcset=\"https:\/\/dispear-records.com\/wp-content\/uploads\/2022\/07\/smolIMG_1636-324x324.jpg 324w, https:\/\/dispear-records.com\/wp-content\/uploads\/2022\/07\/smolIMG_1636-300x300.jpg 300w, https:\/\/dispear-records.com\/wp-content\/uploads\/2022\/07\/smolIMG_1636-150x150.jpg 150w, https:\/\/dispear-records.com\/wp-content\/uploads\/2022\/07\/smolIMG_1636-768x768.jpg 768w, https:\/\/dispear-records.com\/wp-content\/uploads\/2022\/07\/smolIMG_1636-416x416.jpg 416w, https:\/\/dispear-records.com\/wp-content\/uploads\/2022\/07\/smolIMG_1636-100x100.jpg 100w, https:\/\/dispear-records.com\/wp-content\/uploads\/2022\/07\/smolIMG_1636.jpg 1000w\" sizes=\"auto, (max-width: 324px) 100vw, 324px\" \/><\/div>\n\t\t\t\t\t<div class=\"wc-block-grid__product-title\">SOLD OUT &#8211; [Vinyle] Ben &amp; Fist &#8211; Rien n&rsquo;est grave<\/div>\n\t\t\t\t<\/a>\n\t\t\t\t<div class=\"wc-block-grid__product-price price\"><span class=\"woocommerce-Price-amount amount\">15,00<span class=\"woocommerce-Price-currencySymbol\">&euro;<\/span><\/span><\/div>\n\t\t\t\t\n\t\t\t\t<div class=\"wp-block-button wc-block-grid__product-add-to-cart\"><a href=\"https:\/\/dispear-records.com\/index.php\/produit\/vinyle-ben-fist-rien-nest-grave\/\" aria-label=\"En savoir plus sur &ldquo;SOLD OUT - [Vinyle] Ben &amp; Fist - Rien n&#039;est grave&rdquo;\" data-quantity=\"1\" data-product_id=\"490\" data-product_sku=\"DSPR22010\" data-price=\"15\" rel=\"nofollow\" class=\"wp-block-button__link  add_to_cart_button\">Lire la suite<\/a><\/div>\n\t\t\t<\/li><\/ul><\/div>\n\n\n<center><iframe style=\"border: 0; width: 400px; height: 472px;\" src=\"https:\/\/bandcamp.com\/EmbeddedPlayer\/album=2805382518\/size=large\/bgcol=ffffff\/linkcol=333333\/artwork=small\/transparent=true\/\" seamless=\"\"><a href=\"https:\/\/ben-et-fist.bandcamp.com\/album\/rien-nest-grave-2\">Rien n&#39;est grave by Ben &amp; Fist<\/a><\/iframe><\/center>\n","protected":false},"excerpt":{"rendered":"<p>Boire et d\u00e9boires pourrait \u00eatre un slogan qui r\u00e9sume bien Ben &amp; Fist. Le power trio Toulousain fait du punk rock m\u00e9lo chant\u00e9 en fran\u00e7ais rapide et saillant, qui ne laisse pas la place \u00e0 l\u2019amateurisme, contrairement \u00e0 ce que pourrait laisser penser l&rsquo;attitude de ce power trio ! A mi chemin entre les meilleurs [&hellip;]<\/p>\n","protected":false},"author":1,"featured_media":0,"parent":0,"menu_order":0,"comment_status":"closed","ping_status":"closed","template":"","meta":{"footnotes":""},"class_list":["post-478","page","type-page","status-publish","hentry"],"yoast_head":"<!-- This site is optimized with the Yoast SEO plugin v27.5 - https:\/\/yoast.com\/product\/yoast-seo-wordpress\/ -->\n<title>Ben &amp; Fist - Dispear Records<\/title>\n<meta name=\"description\" content=\"Ben &amp; Fist, power trio Toulousain de punk rock m\u00e9lo \/ d\u00e9prestif \/ chenille core ! Dernier album &quot;Rien n&#039;est grave&quot; dispo en vinyle !\" \/>\n<meta name=\"robots\" content=\"index, follow, max-snippet:-1, max-image-preview:large, max-video-preview:-1\" \/>\n<link rel=\"canonical\" href=\"https:\/\/dispear-records.com\/index.php\/ben-fist-punk-rock-toulouse\/\" \/>\n<meta property=\"og:locale\" content=\"fr_FR\" \/>\n<meta property=\"og:type\" content=\"article\" \/>\n<meta property=\"og:title\" content=\"Ben &amp; Fist - Dispear Records\" \/>\n<meta property=\"og:description\" content=\"Ben &amp; Fist, power trio Toulousain de punk rock m\u00e9lo \/ d\u00e9prestif \/ chenille core ! Dernier album &quot;Rien n&#039;est grave&quot; dispo en vinyle !\" \/>\n<meta property=\"og:url\" content=\"https:\/\/dispear-records.com\/index.php\/ben-fist-punk-rock-toulouse\/\" \/>\n<meta property=\"og:site_name\" content=\"Dispear Records\" \/>\n<meta property=\"article:modified_time\" content=\"2025-03-12T10:41:18+00:00\" \/>\n<meta property=\"og:image\" content=\"https:\/\/dispear-records.com\/wp-content\/uploads\/2022\/07\/212979496_210221244437307_5224134570086377710_n.jpg\" \/>\n\t<meta property=\"og:image:width\" content=\"2048\" \/>\n\t<meta property=\"og:image:height\" content=\"1365\" \/>\n\t<meta property=\"og:image:type\" content=\"image\/jpeg\" \/>\n<meta name=\"twitter:card\" content=\"summary_large_image\" \/>\n<meta name=\"twitter:label1\" content=\"Dur\u00e9e de lecture estim\u00e9e\" \/>\n\t<meta name=\"twitter:data1\" content=\"1 minute\" \/>\n<script type=\"application\/ld+json\" class=\"yoast-schema-graph\">{\"@context\":\"https:\\\/\\\/schema.org\",\"@graph\":[{\"@type\":\"WebPage\",\"@id\":\"https:\\\/\\\/dispear-records.com\\\/index.php\\\/ben-fist-punk-rock-toulouse\\\/\",\"url\":\"https:\\\/\\\/dispear-records.com\\\/index.php\\\/ben-fist-punk-rock-toulouse\\\/\",\"name\":\"Ben & Fist - Dispear Records\",\"isPartOf\":{\"@id\":\"https:\\\/\\\/dispear-records.com\\\/#website\"},\"primaryImageOfPage\":{\"@id\":\"https:\\\/\\\/dispear-records.com\\\/index.php\\\/ben-fist-punk-rock-toulouse\\\/#primaryimage\"},\"image\":{\"@id\":\"https:\\\/\\\/dispear-records.com\\\/index.php\\\/ben-fist-punk-rock-toulouse\\\/#primaryimage\"},\"thumbnailUrl\":\"https:\\\/\\\/dispear-records.com\\\/wp-content\\\/uploads\\\/2022\\\/07\\\/212979496_210221244437307_5224134570086377710_n-1024x683.jpg\",\"datePublished\":\"2022-07-09T22:30:02+00:00\",\"dateModified\":\"2025-03-12T10:41:18+00:00\",\"description\":\"Ben & Fist, power trio Toulousain de punk rock m\u00e9lo \\\/ d\u00e9prestif \\\/ chenille core ! Dernier album \\\"Rien n'est grave\\\" dispo en vinyle !\",\"breadcrumb\":{\"@id\":\"https:\\\/\\\/dispear-records.com\\\/index.php\\\/ben-fist-punk-rock-toulouse\\\/#breadcrumb\"},\"inLanguage\":\"fr-FR\",\"potentialAction\":[{\"@type\":\"ReadAction\",\"target\":[\"https:\\\/\\\/dispear-records.com\\\/index.php\\\/ben-fist-punk-rock-toulouse\\\/\"]}]},{\"@type\":\"ImageObject\",\"inLanguage\":\"fr-FR\",\"@id\":\"https:\\\/\\\/dispear-records.com\\\/index.php\\\/ben-fist-punk-rock-toulouse\\\/#primaryimage\",\"url\":\"https:\\\/\\\/dispear-records.com\\\/wp-content\\\/uploads\\\/2022\\\/07\\\/212979496_210221244437307_5224134570086377710_n.jpg\",\"contentUrl\":\"https:\\\/\\\/dispear-records.com\\\/wp-content\\\/uploads\\\/2022\\\/07\\\/212979496_210221244437307_5224134570086377710_n.jpg\",\"width\":2048,\"height\":1365},{\"@type\":\"BreadcrumbList\",\"@id\":\"https:\\\/\\\/dispear-records.com\\\/index.php\\\/ben-fist-punk-rock-toulouse\\\/#breadcrumb\",\"itemListElement\":[{\"@type\":\"ListItem\",\"position\":1,\"name\":\"Accueil\",\"item\":\"https:\\\/\\\/dispear-records.com\\\/\"},{\"@type\":\"ListItem\",\"position\":2,\"name\":\"Ben &#038; Fist\"}]},{\"@type\":\"WebSite\",\"@id\":\"https:\\\/\\\/dispear-records.com\\\/#website\",\"url\":\"https:\\\/\\\/dispear-records.com\\\/\",\"name\":\"Dispear Records\",\"description\":\"DIY punk &amp; hardcore label\",\"publisher\":{\"@id\":\"https:\\\/\\\/dispear-records.com\\\/#organization\"},\"potentialAction\":[{\"@type\":\"SearchAction\",\"target\":{\"@type\":\"EntryPoint\",\"urlTemplate\":\"https:\\\/\\\/dispear-records.com\\\/?s={search_term_string}\"},\"query-input\":{\"@type\":\"PropertyValueSpecification\",\"valueRequired\":true,\"valueName\":\"search_term_string\"}}],\"inLanguage\":\"fr-FR\"},{\"@type\":\"Organization\",\"@id\":\"https:\\\/\\\/dispear-records.com\\\/#organization\",\"name\":\"Dispear Records\",\"url\":\"https:\\\/\\\/dispear-records.com\\\/\",\"logo\":{\"@type\":\"ImageObject\",\"inLanguage\":\"fr-FR\",\"@id\":\"https:\\\/\\\/dispear-records.com\\\/#\\\/schema\\\/logo\\\/image\\\/\",\"url\":\"https:\\\/\\\/dispear-records.com\\\/wp-content\\\/uploads\\\/2021\\\/06\\\/cropped-cropped-dispear.png\",\"contentUrl\":\"https:\\\/\\\/dispear-records.com\\\/wp-content\\\/uploads\\\/2021\\\/06\\\/cropped-cropped-dispear.png\",\"width\":2592,\"height\":709,\"caption\":\"Dispear Records\"},\"image\":{\"@id\":\"https:\\\/\\\/dispear-records.com\\\/#\\\/schema\\\/logo\\\/image\\\/\"}}]}<\/script>\n<!-- \/ Yoast SEO plugin. -->","yoast_head_json":{"title":"Ben & Fist - Dispear Records","description":"Ben & Fist, power trio Toulousain de punk rock m\u00e9lo \/ d\u00e9prestif \/ chenille core ! Dernier album \"Rien n'est grave\" dispo en vinyle !","robots":{"index":"index","follow":"follow","max-snippet":"max-snippet:-1","max-image-preview":"max-image-preview:large","max-video-preview":"max-video-preview:-1"},"canonical":"https:\/\/dispear-records.com\/index.php\/ben-fist-punk-rock-toulouse\/","og_locale":"fr_FR","og_type":"article","og_title":"Ben & Fist - Dispear Records","og_description":"Ben & Fist, power trio Toulousain de punk rock m\u00e9lo \/ d\u00e9prestif \/ chenille core ! Dernier album \"Rien n'est grave\" dispo en vinyle !","og_url":"https:\/\/dispear-records.com\/index.php\/ben-fist-punk-rock-toulouse\/","og_site_name":"Dispear Records","article_modified_time":"2025-03-12T10:41:18+00:00","og_image":[{"width":2048,"height":1365,"url":"https:\/\/dispear-records.com\/wp-content\/uploads\/2022\/07\/212979496_210221244437307_5224134570086377710_n.jpg","type":"image\/jpeg"}],"twitter_card":"summary_large_image","twitter_misc":{"Dur\u00e9e de lecture estim\u00e9e":"1 minute"},"schema":{"@context":"https:\/\/schema.org","@graph":[{"@type":"WebPage","@id":"https:\/\/dispear-records.com\/index.php\/ben-fist-punk-rock-toulouse\/","url":"https:\/\/dispear-records.com\/index.php\/ben-fist-punk-rock-toulouse\/","name":"Ben & Fist - Dispear Records","isPartOf":{"@id":"https:\/\/dispear-records.com\/#website"},"primaryImageOfPage":{"@id":"https:\/\/dispear-records.com\/index.php\/ben-fist-punk-rock-toulouse\/#primaryimage"},"image":{"@id":"https:\/\/dispear-records.com\/index.php\/ben-fist-punk-rock-toulouse\/#primaryimage"},"thumbnailUrl":"https:\/\/dispear-records.com\/wp-content\/uploads\/2022\/07\/212979496_210221244437307_5224134570086377710_n-1024x683.jpg","datePublished":"2022-07-09T22:30:02+00:00","dateModified":"2025-03-12T10:41:18+00:00","description":"Ben & Fist, power trio Toulousain de punk rock m\u00e9lo \/ d\u00e9prestif \/ chenille core ! Dernier album \"Rien n'est grave\" dispo en vinyle !","breadcrumb":{"@id":"https:\/\/dispear-records.com\/index.php\/ben-fist-punk-rock-toulouse\/#breadcrumb"},"inLanguage":"fr-FR","potentialAction":[{"@type":"ReadAction","target":["https:\/\/dispear-records.com\/index.php\/ben-fist-punk-rock-toulouse\/"]}]},{"@type":"ImageObject","inLanguage":"fr-FR","@id":"https:\/\/dispear-records.com\/index.php\/ben-fist-punk-rock-toulouse\/#primaryimage","url":"https:\/\/dispear-records.com\/wp-content\/uploads\/2022\/07\/212979496_210221244437307_5224134570086377710_n.jpg","contentUrl":"https:\/\/dispear-records.com\/wp-content\/uploads\/2022\/07\/212979496_210221244437307_5224134570086377710_n.jpg","width":2048,"height":1365},{"@type":"BreadcrumbList","@id":"https:\/\/dispear-records.com\/index.php\/ben-fist-punk-rock-toulouse\/#breadcrumb","itemListElement":[{"@type":"ListItem","position":1,"name":"Accueil","item":"https:\/\/dispear-records.com\/"},{"@type":"ListItem","position":2,"name":"Ben &#038; Fist"}]},{"@type":"WebSite","@id":"https:\/\/dispear-records.com\/#website","url":"https:\/\/dispear-records.com\/","name":"Dispear Records","description":"DIY punk &amp; hardcore label","publisher":{"@id":"https:\/\/dispear-records.com\/#organization"},"potentialAction":[{"@type":"SearchAction","target":{"@type":"EntryPoint","urlTemplate":"https:\/\/dispear-records.com\/?s={search_term_string}"},"query-input":{"@type":"PropertyValueSpecification","valueRequired":true,"valueName":"search_term_string"}}],"inLanguage":"fr-FR"},{"@type":"Organization","@id":"https:\/\/dispear-records.com\/#organization","name":"Dispear Records","url":"https:\/\/dispear-records.com\/","logo":{"@type":"ImageObject","inLanguage":"fr-FR","@id":"https:\/\/dispear-records.com\/#\/schema\/logo\/image\/","url":"https:\/\/dispear-records.com\/wp-content\/uploads\/2021\/06\/cropped-cropped-dispear.png","contentUrl":"https:\/\/dispear-records.com\/wp-content\/uploads\/2021\/06\/cropped-cropped-dispear.png","width":2592,"height":709,"caption":"Dispear Records"},"image":{"@id":"https:\/\/dispear-records.com\/#\/schema\/logo\/image\/"}}]}},"_links":{"self":[{"href":"https:\/\/dispear-records.com\/index.php\/wp-json\/wp\/v2\/pages\/478","targetHints":{"allow":["GET"]}}],"collection":[{"href":"https:\/\/dispear-records.com\/index.php\/wp-json\/wp\/v2\/pages"}],"about":[{"href":"https:\/\/dispear-records.com\/index.php\/wp-json\/wp\/v2\/types\/page"}],"author":[{"embeddable":true,"href":"https:\/\/dispear-records.com\/index.php\/wp-json\/wp\/v2\/users\/1"}],"replies":[{"embeddable":true,"href":"https:\/\/dispear-records.com\/index.php\/wp-json\/wp\/v2\/comments?post=478"}],"version-history":[{"count":5,"href":"https:\/\/dispear-records.com\/index.php\/wp-json\/wp\/v2\/pages\/478\/revisions"}],"predecessor-version":[{"id":912,"href":"https:\/\/dispear-records.com\/index.php\/wp-json\/wp\/v2\/pages\/478\/revisions\/912"}],"wp:attachment":[{"href":"https:\/\/dispear-records.com\/index.php\/wp-json\/wp\/v2\/media?parent=478"}],"curies":[{"name":"wp","href":"https:\/\/api.w.org\/{rel}","templated":true}]}}