{"id":518,"date":"2022-11-21T00:31:00","date_gmt":"2022-11-20T23:31:00","guid":{"rendered":"https:\/\/dispear-records.com\/?page_id=518"},"modified":"2025-03-12T11:55:53","modified_gmt":"2025-03-12T10:55:53","slug":"dead-toys-crust-punk-bordeaux","status":"publish","type":"page","link":"https:\/\/dispear-records.com\/index.php\/dead-toys-crust-punk-bordeaux\/","title":{"rendered":"Dead Toys"},"content":{"rendered":"<div class=\"wp-block-image\">\n<figure class=\"aligncenter size-large\"><img loading=\"lazy\" decoding=\"async\" width=\"828\" height=\"315\" src=\"https:\/\/dispear-records.com\/wp-content\/uploads\/2022\/11\/303422419_593258392198605_1438009939219602117_n.png\" alt=\"\" class=\"wp-image-519\" srcset=\"https:\/\/dispear-records.com\/wp-content\/uploads\/2022\/11\/303422419_593258392198605_1438009939219602117_n.png 828w, https:\/\/dispear-records.com\/wp-content\/uploads\/2022\/11\/303422419_593258392198605_1438009939219602117_n-300x114.png 300w, https:\/\/dispear-records.com\/wp-content\/uploads\/2022\/11\/303422419_593258392198605_1438009939219602117_n-768x292.png 768w, https:\/\/dispear-records.com\/wp-content\/uploads\/2022\/11\/303422419_593258392198605_1438009939219602117_n-416x158.png 416w\" sizes=\"auto, (max-width: 828px) 100vw, 828px\" \/><\/figure>\n<\/div>\n\n\n<p>Dead Toys, un nom r\u00e9v\u00e9lateur ? Les mecs ont eu une petite enfance certainement troubl\u00e9e pour jouer un crust punk aussi violent ! Le mot d&rsquo;ordre est \u00ab\u00a0vite et fort\u00a0\u00bb (oui \u00e7a en fait 2&#8230;). Bas\u00e9s sur Bordeaux jouent depuis 2017, mais le projet remonte \u00e0 2014 (c&rsquo;est dire l&rsquo;ampleur du trauma). Les membres de ce quatuor ont \u00e9cum\u00e9 et\/ou font vivre la sc\u00e8ne bordelaise en jouant dans des groupes tels que Aguirre, Angoisse, ou encore Degraded. Des dires de certains protagonistes, leurs influences sont \u00ab\u00a0diverses et vari\u00e9es, mais surtout avari\u00e9es\u00a0\u00bb ! Pensez crust, punk hardcore crasseux, d-beat, et aux groupes qui s&rsquo;appellent \u00ab\u00a0Dis-quelquechose\u00a0\u00bb. (Tiens donc ?! \u00c7a me rappelle un truc !) Ha, et on me dit aussi que le batteur serait all\u00e9 voir la reformation de Pleymo en concert\u2026 Je sais pas si cette information est pertinente, vous en faites ce que vous voulez !&nbsp; A \u00e9couter&#8230; avec des boules Quies !<\/p>\n\n\n<div data-align-buttons=\"true\" data-block-name=\"woocommerce\/product-category\" data-categories=\"[47]\" data-columns=\"1\" data-rows=\"1\" class=\"wc-block-grid wp-block-product-category wp-block-woocommerce-product-category wc-block-product-category has-1-columns has-aligned-buttons\"><ul class=\"wc-block-grid__products\"><li class=\"wc-block-grid__product\">\n\t\t\t\t<a href=\"https:\/\/dispear-records.com\/index.php\/produit\/cassette-dead-toys-one-of-the-weakest\/\" class=\"wc-block-grid__product-link\">\n\t\t\t\t\t\n\t\t\t\t\t<div class=\"wc-block-grid__product-image\"><img loading=\"lazy\" decoding=\"async\" width=\"324\" height=\"324\" src=\"https:\/\/dispear-records.com\/wp-content\/uploads\/2022\/11\/IMG_2454-small-324x324.jpg\" class=\"attachment-woocommerce_thumbnail size-woocommerce_thumbnail\" alt=\"[Cassette] Dead Toys -  One of the Weakest\" srcset=\"https:\/\/dispear-records.com\/wp-content\/uploads\/2022\/11\/IMG_2454-small-324x324.jpg 324w, https:\/\/dispear-records.com\/wp-content\/uploads\/2022\/11\/IMG_2454-small-300x300.jpg 300w, https:\/\/dispear-records.com\/wp-content\/uploads\/2022\/11\/IMG_2454-small-150x150.jpg 150w, https:\/\/dispear-records.com\/wp-content\/uploads\/2022\/11\/IMG_2454-small-768x768.jpg 768w, https:\/\/dispear-records.com\/wp-content\/uploads\/2022\/11\/IMG_2454-small-416x416.jpg 416w, https:\/\/dispear-records.com\/wp-content\/uploads\/2022\/11\/IMG_2454-small-100x100.jpg 100w, https:\/\/dispear-records.com\/wp-content\/uploads\/2022\/11\/IMG_2454-small.jpg 1000w\" sizes=\"auto, (max-width: 324px) 100vw, 324px\" \/><\/div>\n\t\t\t\t\t<div class=\"wc-block-grid__product-title\">[Cassette] Dead Toys &#8211;  One of the Weakest<\/div>\n\t\t\t\t<\/a>\n\t\t\t\t<div class=\"wc-block-grid__product-price price\"><span class=\"woocommerce-Price-amount amount\">7,00<span class=\"woocommerce-Price-currencySymbol\">&euro;<\/span><\/span><\/div>\n\t\t\t\t\n\t\t\t\t<div class=\"wp-block-button wc-block-grid__product-add-to-cart\"><a href=\"\/index.php\/wp-json\/wp\/v2\/pages\/518?add-to-cart=520\" aria-label=\"Ajouter au panier\u00a0: &ldquo;[Cassette] Dead Toys -  One of the Weakest&rdquo;\" data-quantity=\"1\" data-product_id=\"520\" data-product_sku=\"DSPR22011\" data-price=\"7\" rel=\"nofollow\" class=\"wp-block-button__link  add_to_cart_button ajax_add_to_cart\">Ajouter au panier<\/a><\/div>\n\t\t\t<\/li><\/ul><\/div>\n\n\n<center><iframe style=\"border: 0; width: 400px; height: 208px;\" src=\"https:\/\/bandcamp.com\/EmbeddedPlayer\/album=188302389\/size=large\/bgcol=ffffff\/linkcol=333333\/artwork=small\/transparent=true\/\" seamless><a href=\"https:\/\/deadtoys.bandcamp.com\/album\/one-of-the-weakest\">One of the Weakest by Dead Toys<\/a><\/iframe><\/center>\n","protected":false},"excerpt":{"rendered":"<p>Dead Toys, un nom r\u00e9v\u00e9lateur ? Les mecs ont eu une petite enfance certainement troubl\u00e9e pour jouer un crust punk aussi violent ! Le mot d&rsquo;ordre est \u00ab\u00a0vite et fort\u00a0\u00bb (oui \u00e7a en fait 2&#8230;). Bas\u00e9s sur Bordeaux jouent depuis 2017, mais le projet remonte \u00e0 2014 (c&rsquo;est dire l&rsquo;ampleur du trauma). Les membres de [&hellip;]<\/p>\n","protected":false},"author":1,"featured_media":0,"parent":0,"menu_order":0,"comment_status":"closed","ping_status":"closed","template":"","meta":{"footnotes":""},"class_list":["post-518","page","type-page","status-publish","hentry"],"yoast_head":"<!-- This site is optimized with the Yoast SEO plugin v27.5 - https:\/\/yoast.com\/product\/yoast-seo-wordpress\/ -->\n<title>Dead Toys - Dispear Records<\/title>\n<meta name=\"description\" content=\"Dead Toys, crust punk d-beat de Bordeaux. Violence crasseuse maintenant dispo en k7 sur leur second album One of the Weakest.\" \/>\n<meta name=\"robots\" content=\"index, follow, max-snippet:-1, max-image-preview:large, max-video-preview:-1\" \/>\n<link rel=\"canonical\" href=\"https:\/\/dispear-records.com\/index.php\/dead-toys-crust-punk-bordeaux\/\" \/>\n<meta property=\"og:locale\" content=\"fr_FR\" \/>\n<meta property=\"og:type\" content=\"article\" \/>\n<meta property=\"og:title\" content=\"Dead Toys - Dispear Records\" \/>\n<meta property=\"og:description\" content=\"Dead Toys, crust punk d-beat de Bordeaux. Violence crasseuse maintenant dispo en k7 sur leur second album One of the Weakest.\" \/>\n<meta property=\"og:url\" content=\"https:\/\/dispear-records.com\/index.php\/dead-toys-crust-punk-bordeaux\/\" \/>\n<meta property=\"og:site_name\" content=\"Dispear Records\" \/>\n<meta property=\"article:modified_time\" content=\"2025-03-12T10:55:53+00:00\" \/>\n<meta property=\"og:image\" content=\"https:\/\/dispear-records.com\/wp-content\/uploads\/2022\/11\/303422419_593258392198605_1438009939219602117_n.png\" \/>\n\t<meta property=\"og:image:width\" content=\"828\" \/>\n\t<meta property=\"og:image:height\" content=\"315\" \/>\n\t<meta property=\"og:image:type\" content=\"image\/png\" \/>\n<meta name=\"twitter:card\" content=\"summary_large_image\" \/>\n<meta name=\"twitter:label1\" content=\"Dur\u00e9e de lecture estim\u00e9e\" \/>\n\t<meta name=\"twitter:data1\" content=\"1 minute\" \/>\n<script type=\"application\/ld+json\" class=\"yoast-schema-graph\">{\"@context\":\"https:\\\/\\\/schema.org\",\"@graph\":[{\"@type\":\"WebPage\",\"@id\":\"https:\\\/\\\/dispear-records.com\\\/index.php\\\/dead-toys-crust-punk-bordeaux\\\/\",\"url\":\"https:\\\/\\\/dispear-records.com\\\/index.php\\\/dead-toys-crust-punk-bordeaux\\\/\",\"name\":\"Dead Toys - Dispear Records\",\"isPartOf\":{\"@id\":\"https:\\\/\\\/dispear-records.com\\\/#website\"},\"primaryImageOfPage\":{\"@id\":\"https:\\\/\\\/dispear-records.com\\\/index.php\\\/dead-toys-crust-punk-bordeaux\\\/#primaryimage\"},\"image\":{\"@id\":\"https:\\\/\\\/dispear-records.com\\\/index.php\\\/dead-toys-crust-punk-bordeaux\\\/#primaryimage\"},\"thumbnailUrl\":\"https:\\\/\\\/dispear-records.com\\\/wp-content\\\/uploads\\\/2022\\\/11\\\/303422419_593258392198605_1438009939219602117_n.png\",\"datePublished\":\"2022-11-20T23:31:00+00:00\",\"dateModified\":\"2025-03-12T10:55:53+00:00\",\"description\":\"Dead Toys, crust punk d-beat de Bordeaux. Violence crasseuse maintenant dispo en k7 sur leur second album One of the Weakest.\",\"breadcrumb\":{\"@id\":\"https:\\\/\\\/dispear-records.com\\\/index.php\\\/dead-toys-crust-punk-bordeaux\\\/#breadcrumb\"},\"inLanguage\":\"fr-FR\",\"potentialAction\":[{\"@type\":\"ReadAction\",\"target\":[\"https:\\\/\\\/dispear-records.com\\\/index.php\\\/dead-toys-crust-punk-bordeaux\\\/\"]}]},{\"@type\":\"ImageObject\",\"inLanguage\":\"fr-FR\",\"@id\":\"https:\\\/\\\/dispear-records.com\\\/index.php\\\/dead-toys-crust-punk-bordeaux\\\/#primaryimage\",\"url\":\"https:\\\/\\\/dispear-records.com\\\/wp-content\\\/uploads\\\/2022\\\/11\\\/303422419_593258392198605_1438009939219602117_n.png\",\"contentUrl\":\"https:\\\/\\\/dispear-records.com\\\/wp-content\\\/uploads\\\/2022\\\/11\\\/303422419_593258392198605_1438009939219602117_n.png\",\"width\":828,\"height\":315},{\"@type\":\"BreadcrumbList\",\"@id\":\"https:\\\/\\\/dispear-records.com\\\/index.php\\\/dead-toys-crust-punk-bordeaux\\\/#breadcrumb\",\"itemListElement\":[{\"@type\":\"ListItem\",\"position\":1,\"name\":\"Accueil\",\"item\":\"https:\\\/\\\/dispear-records.com\\\/\"},{\"@type\":\"ListItem\",\"position\":2,\"name\":\"Dead Toys\"}]},{\"@type\":\"WebSite\",\"@id\":\"https:\\\/\\\/dispear-records.com\\\/#website\",\"url\":\"https:\\\/\\\/dispear-records.com\\\/\",\"name\":\"Dispear Records\",\"description\":\"DIY punk &amp; hardcore label\",\"publisher\":{\"@id\":\"https:\\\/\\\/dispear-records.com\\\/#organization\"},\"potentialAction\":[{\"@type\":\"SearchAction\",\"target\":{\"@type\":\"EntryPoint\",\"urlTemplate\":\"https:\\\/\\\/dispear-records.com\\\/?s={search_term_string}\"},\"query-input\":{\"@type\":\"PropertyValueSpecification\",\"valueRequired\":true,\"valueName\":\"search_term_string\"}}],\"inLanguage\":\"fr-FR\"},{\"@type\":\"Organization\",\"@id\":\"https:\\\/\\\/dispear-records.com\\\/#organization\",\"name\":\"Dispear Records\",\"url\":\"https:\\\/\\\/dispear-records.com\\\/\",\"logo\":{\"@type\":\"ImageObject\",\"inLanguage\":\"fr-FR\",\"@id\":\"https:\\\/\\\/dispear-records.com\\\/#\\\/schema\\\/logo\\\/image\\\/\",\"url\":\"https:\\\/\\\/dispear-records.com\\\/wp-content\\\/uploads\\\/2021\\\/06\\\/cropped-cropped-dispear.png\",\"contentUrl\":\"https:\\\/\\\/dispear-records.com\\\/wp-content\\\/uploads\\\/2021\\\/06\\\/cropped-cropped-dispear.png\",\"width\":2592,\"height\":709,\"caption\":\"Dispear Records\"},\"image\":{\"@id\":\"https:\\\/\\\/dispear-records.com\\\/#\\\/schema\\\/logo\\\/image\\\/\"}}]}<\/script>\n<!-- \/ Yoast SEO plugin. -->","yoast_head_json":{"title":"Dead Toys - Dispear Records","description":"Dead Toys, crust punk d-beat de Bordeaux. Violence crasseuse maintenant dispo en k7 sur leur second album One of the Weakest.","robots":{"index":"index","follow":"follow","max-snippet":"max-snippet:-1","max-image-preview":"max-image-preview:large","max-video-preview":"max-video-preview:-1"},"canonical":"https:\/\/dispear-records.com\/index.php\/dead-toys-crust-punk-bordeaux\/","og_locale":"fr_FR","og_type":"article","og_title":"Dead Toys - Dispear Records","og_description":"Dead Toys, crust punk d-beat de Bordeaux. Violence crasseuse maintenant dispo en k7 sur leur second album One of the Weakest.","og_url":"https:\/\/dispear-records.com\/index.php\/dead-toys-crust-punk-bordeaux\/","og_site_name":"Dispear Records","article_modified_time":"2025-03-12T10:55:53+00:00","og_image":[{"width":828,"height":315,"url":"https:\/\/dispear-records.com\/wp-content\/uploads\/2022\/11\/303422419_593258392198605_1438009939219602117_n.png","type":"image\/png"}],"twitter_card":"summary_large_image","twitter_misc":{"Dur\u00e9e de lecture estim\u00e9e":"1 minute"},"schema":{"@context":"https:\/\/schema.org","@graph":[{"@type":"WebPage","@id":"https:\/\/dispear-records.com\/index.php\/dead-toys-crust-punk-bordeaux\/","url":"https:\/\/dispear-records.com\/index.php\/dead-toys-crust-punk-bordeaux\/","name":"Dead Toys - Dispear Records","isPartOf":{"@id":"https:\/\/dispear-records.com\/#website"},"primaryImageOfPage":{"@id":"https:\/\/dispear-records.com\/index.php\/dead-toys-crust-punk-bordeaux\/#primaryimage"},"image":{"@id":"https:\/\/dispear-records.com\/index.php\/dead-toys-crust-punk-bordeaux\/#primaryimage"},"thumbnailUrl":"https:\/\/dispear-records.com\/wp-content\/uploads\/2022\/11\/303422419_593258392198605_1438009939219602117_n.png","datePublished":"2022-11-20T23:31:00+00:00","dateModified":"2025-03-12T10:55:53+00:00","description":"Dead Toys, crust punk d-beat de Bordeaux. Violence crasseuse maintenant dispo en k7 sur leur second album One of the Weakest.","breadcrumb":{"@id":"https:\/\/dispear-records.com\/index.php\/dead-toys-crust-punk-bordeaux\/#breadcrumb"},"inLanguage":"fr-FR","potentialAction":[{"@type":"ReadAction","target":["https:\/\/dispear-records.com\/index.php\/dead-toys-crust-punk-bordeaux\/"]}]},{"@type":"ImageObject","inLanguage":"fr-FR","@id":"https:\/\/dispear-records.com\/index.php\/dead-toys-crust-punk-bordeaux\/#primaryimage","url":"https:\/\/dispear-records.com\/wp-content\/uploads\/2022\/11\/303422419_593258392198605_1438009939219602117_n.png","contentUrl":"https:\/\/dispear-records.com\/wp-content\/uploads\/2022\/11\/303422419_593258392198605_1438009939219602117_n.png","width":828,"height":315},{"@type":"BreadcrumbList","@id":"https:\/\/dispear-records.com\/index.php\/dead-toys-crust-punk-bordeaux\/#breadcrumb","itemListElement":[{"@type":"ListItem","position":1,"name":"Accueil","item":"https:\/\/dispear-records.com\/"},{"@type":"ListItem","position":2,"name":"Dead Toys"}]},{"@type":"WebSite","@id":"https:\/\/dispear-records.com\/#website","url":"https:\/\/dispear-records.com\/","name":"Dispear Records","description":"DIY punk &amp; hardcore label","publisher":{"@id":"https:\/\/dispear-records.com\/#organization"},"potentialAction":[{"@type":"SearchAction","target":{"@type":"EntryPoint","urlTemplate":"https:\/\/dispear-records.com\/?s={search_term_string}"},"query-input":{"@type":"PropertyValueSpecification","valueRequired":true,"valueName":"search_term_string"}}],"inLanguage":"fr-FR"},{"@type":"Organization","@id":"https:\/\/dispear-records.com\/#organization","name":"Dispear Records","url":"https:\/\/dispear-records.com\/","logo":{"@type":"ImageObject","inLanguage":"fr-FR","@id":"https:\/\/dispear-records.com\/#\/schema\/logo\/image\/","url":"https:\/\/dispear-records.com\/wp-content\/uploads\/2021\/06\/cropped-cropped-dispear.png","contentUrl":"https:\/\/dispear-records.com\/wp-content\/uploads\/2021\/06\/cropped-cropped-dispear.png","width":2592,"height":709,"caption":"Dispear Records"},"image":{"@id":"https:\/\/dispear-records.com\/#\/schema\/logo\/image\/"}}]}},"_links":{"self":[{"href":"https:\/\/dispear-records.com\/index.php\/wp-json\/wp\/v2\/pages\/518","targetHints":{"allow":["GET"]}}],"collection":[{"href":"https:\/\/dispear-records.com\/index.php\/wp-json\/wp\/v2\/pages"}],"about":[{"href":"https:\/\/dispear-records.com\/index.php\/wp-json\/wp\/v2\/types\/page"}],"author":[{"embeddable":true,"href":"https:\/\/dispear-records.com\/index.php\/wp-json\/wp\/v2\/users\/1"}],"replies":[{"embeddable":true,"href":"https:\/\/dispear-records.com\/index.php\/wp-json\/wp\/v2\/comments?post=518"}],"version-history":[{"count":2,"href":"https:\/\/dispear-records.com\/index.php\/wp-json\/wp\/v2\/pages\/518\/revisions"}],"predecessor-version":[{"id":917,"href":"https:\/\/dispear-records.com\/index.php\/wp-json\/wp\/v2\/pages\/518\/revisions\/917"}],"wp:attachment":[{"href":"https:\/\/dispear-records.com\/index.php\/wp-json\/wp\/v2\/media?parent=518"}],"curies":[{"name":"wp","href":"https:\/\/api.w.org\/{rel}","templated":true}]}}