{"id":679,"date":"2024-03-23T08:55:06","date_gmt":"2024-03-23T07:55:06","guid":{"rendered":"https:\/\/dispear-records.com\/?page_id=679"},"modified":"2025-03-12T12:13:40","modified_gmt":"2025-03-12T11:13:40","slug":"not-scientists","status":"publish","type":"page","link":"https:\/\/dispear-records.com\/index.php\/not-scientists\/","title":{"rendered":"Not Scientists"},"content":{"rendered":"<div class=\"wp-block-image\">\n<figure class=\"aligncenter size-large\"><img loading=\"lazy\" decoding=\"async\" width=\"1024\" height=\"644\" src=\"https:\/\/dispear-records.com\/wp-content\/uploads\/2024\/03\/428388617_3619165374968864_7293342145106296780_n-1024x644.jpg\" alt=\"\" class=\"wp-image-680\" srcset=\"https:\/\/dispear-records.com\/wp-content\/uploads\/2024\/03\/428388617_3619165374968864_7293342145106296780_n-1024x644.jpg 1024w, https:\/\/dispear-records.com\/wp-content\/uploads\/2024\/03\/428388617_3619165374968864_7293342145106296780_n-300x189.jpg 300w, https:\/\/dispear-records.com\/wp-content\/uploads\/2024\/03\/428388617_3619165374968864_7293342145106296780_n-768x483.jpg 768w, https:\/\/dispear-records.com\/wp-content\/uploads\/2024\/03\/428388617_3619165374968864_7293342145106296780_n-1536x966.jpg 1536w, https:\/\/dispear-records.com\/wp-content\/uploads\/2024\/03\/428388617_3619165374968864_7293342145106296780_n-416x262.jpg 416w, https:\/\/dispear-records.com\/wp-content\/uploads\/2024\/03\/428388617_3619165374968864_7293342145106296780_n.jpg 1920w\" sizes=\"auto, (max-width: 1024px) 100vw, 1024px\" \/><\/figure>\n<\/div>\n\n\n<div style=\"height:15px\" aria-hidden=\"true\" class=\"wp-block-spacer\"><\/div>\n\n\n\n<p>Si vous \u00e9coutez du punk rock depuis un moment, les Not Scientists ne vous sont certainement pas inconnus ! Form\u00e9 en 2013 sur les cendres encore chaudes des Uncommonmenfrommars (ha oui quand m\u00eame) et de No Guts No Glory, le groupe en est aujourd\u2019hui \u00e0 son 4e LP , quelques splits, un 10 pouces, et des concerts \u00e0 n&rsquo;en plus finir ! Les mecs jouent un punk rock \u00e0 tendance tr\u00e8s pop et garage (voire m\u00eame post punk sur leur dernier). Leur son tr\u00e8s distinctif trouve son originalit\u00e9 notamment dans un chant un son de gratte clair avec une pointe de r\u00e9verb, qui ne sera pas sans vous rappeler (dans un registre certes un peu diff\u00e9rent) les Youth Avoiders ! Adeptes du down picking, Ed et ses comp\u00e8res ont sorti en 2023 l&rsquo;album \u201cStaring at the Sun\u201d, qui am\u00e8ne un tournant dans leur discographie avec des sonorit\u00e9s tr\u00e8s cold wave dans leur pop punk ! Bref c&rsquo; est du punk rock parce qu&rsquo;on n&rsquo;est pas l\u00e0 pour trier les lentilles, mais qui s\u2019\u00e9coute facilement un bras \u00e0 la fen\u00eatre de la voiture les lunettes de soleil viss\u00e9es sur le nez en cruisant sur les grandes lignes droites des for\u00eats landaises !!<\/p>\n\n\n\n<div style=\"height:15px\" aria-hidden=\"true\" class=\"wp-block-spacer\"><\/div>\n\n\n\n<p><\/p>\n\n\n<div data-align-buttons=\"true\" data-block-name=\"woocommerce\/product-category\" data-categories=\"[56]\" data-columns=\"2\" data-rows=\"1\" class=\"wc-block-grid wp-block-product-category wp-block-woocommerce-product-category wc-block-product-category has-2-columns has-aligned-buttons\"><ul class=\"wc-block-grid__products\"><li class=\"wc-block-grid__product\">\n\t\t\t\t<a href=\"https:\/\/dispear-records.com\/index.php\/produit\/cassette-not-scientists-voices\/\" class=\"wc-block-grid__product-link\">\n\t\t\t\t\t\n\t\t\t\t\t<div class=\"wc-block-grid__product-image\"><img loading=\"lazy\" decoding=\"async\" width=\"324\" height=\"324\" src=\"https:\/\/dispear-records.com\/wp-content\/uploads\/2025\/09\/IMG_3827-800-324x324.png\" class=\"attachment-woocommerce_thumbnail size-woocommerce_thumbnail\" alt=\"[Cassette] Not Scientists - Voices\" srcset=\"https:\/\/dispear-records.com\/wp-content\/uploads\/2025\/09\/IMG_3827-800-324x324.png 324w, https:\/\/dispear-records.com\/wp-content\/uploads\/2025\/09\/IMG_3827-800-300x300.png 300w, https:\/\/dispear-records.com\/wp-content\/uploads\/2025\/09\/IMG_3827-800-150x150.png 150w, https:\/\/dispear-records.com\/wp-content\/uploads\/2025\/09\/IMG_3827-800-768x768.png 768w, https:\/\/dispear-records.com\/wp-content\/uploads\/2025\/09\/IMG_3827-800-416x416.png 416w, https:\/\/dispear-records.com\/wp-content\/uploads\/2025\/09\/IMG_3827-800-100x100.png 100w, https:\/\/dispear-records.com\/wp-content\/uploads\/2025\/09\/IMG_3827-800.png 800w\" sizes=\"auto, (max-width: 324px) 100vw, 324px\" \/><\/div>\n\t\t\t\t\t<div class=\"wc-block-grid__product-title\">[Cassette] Not Scientists &#8211; Voices<\/div>\n\t\t\t\t<\/a>\n\t\t\t\t<div class=\"wc-block-grid__product-price price\"><span class=\"woocommerce-Price-amount amount\">8,00<span class=\"woocommerce-Price-currencySymbol\">&euro;<\/span><\/span><\/div>\n\t\t\t\t\n\t\t\t\t<div class=\"wp-block-button wc-block-grid__product-add-to-cart\"><a href=\"\/index.php\/wp-json\/wp\/v2\/pages\/679?add-to-cart=1099\" aria-label=\"Ajouter au panier\u00a0: &ldquo;[Cassette] Not Scientists - Voices&rdquo;\" data-quantity=\"1\" data-product_id=\"1099\" data-product_sku=\"DSPR25043\" data-price=\"8\" rel=\"nofollow\" class=\"wp-block-button__link  add_to_cart_button ajax_add_to_cart\">Ajouter au panier<\/a><\/div>\n\t\t\t<\/li><li class=\"wc-block-grid__product\">\n\t\t\t\t<a href=\"https:\/\/dispear-records.com\/index.php\/produit\/cassette-not-scientists-staring-at-the-moon\/\" class=\"wc-block-grid__product-link\">\n\t\t\t\t\t\n\t\t\t\t\t<div class=\"wc-block-grid__product-image\"><img loading=\"lazy\" decoding=\"async\" width=\"324\" height=\"324\" src=\"https:\/\/dispear-records.com\/wp-content\/uploads\/2024\/03\/IMG_1198-800-324x324.jpg\" class=\"attachment-woocommerce_thumbnail size-woocommerce_thumbnail\" alt=\"[Cassette] Not Scientists - Staring At The Moon\" srcset=\"https:\/\/dispear-records.com\/wp-content\/uploads\/2024\/03\/IMG_1198-800-324x324.jpg 324w, https:\/\/dispear-records.com\/wp-content\/uploads\/2024\/03\/IMG_1198-800-300x300.jpg 300w, https:\/\/dispear-records.com\/wp-content\/uploads\/2024\/03\/IMG_1198-800-150x150.jpg 150w, https:\/\/dispear-records.com\/wp-content\/uploads\/2024\/03\/IMG_1198-800-768x768.jpg 768w, https:\/\/dispear-records.com\/wp-content\/uploads\/2024\/03\/IMG_1198-800-416x416.jpg 416w, https:\/\/dispear-records.com\/wp-content\/uploads\/2024\/03\/IMG_1198-800-100x100.jpg 100w, https:\/\/dispear-records.com\/wp-content\/uploads\/2024\/03\/IMG_1198-800.jpg 800w\" sizes=\"auto, (max-width: 324px) 100vw, 324px\" \/><\/div>\n\t\t\t\t\t<div class=\"wc-block-grid__product-title\">[Cassette] Not Scientists &#8211; Staring At The Moon<\/div>\n\t\t\t\t<\/a>\n\t\t\t\t<div class=\"wc-block-grid__product-price price\"><span class=\"woocommerce-Price-amount amount\">8,00<span class=\"woocommerce-Price-currencySymbol\">&euro;<\/span><\/span><\/div>\n\t\t\t\t\n\t\t\t\t<div class=\"wp-block-button wc-block-grid__product-add-to-cart\"><a href=\"\/index.php\/wp-json\/wp\/v2\/pages\/679?add-to-cart=703\" aria-label=\"Ajouter au panier\u00a0: &ldquo;[Cassette] Not Scientists - Staring At The Moon&rdquo;\" data-quantity=\"1\" data-product_id=\"703\" data-product_sku=\"DSPR24022\" data-price=\"8\" rel=\"nofollow\" class=\"wp-block-button__link  add_to_cart_button ajax_add_to_cart\">Ajouter au panier<\/a><\/div>\n\t\t\t<\/li><\/ul><\/div>\n\n\n<center><table><tbody><tr><td><iframe style=\"border: 0; width: 400px; height: 472px;\" src=\"https:\/\/bandcamp.com\/EmbeddedPlayer\/album=3903482544\/size=large\/bgcol=ffffff\/linkcol=de270f\/artwork=small\/transparent=true\/\" seamless=\"\"><a href=\"https:\/\/notscientists.bandcamp.com\/album\/staring-at-the-sun\">Staring At The Sun de Not Scientists<\/a><\/iframe><\/td>\n<td><iframe style=\"border: 0; width: 400px; height: 406px;\" src=\"https:\/\/bandcamp.com\/EmbeddedPlayer\/album=2176958520\/size=large\/bgcol=ffffff\/linkcol=7137dc\/artwork=small\/transparent=true\/\" seamless=\"\"><a href=\"https:\/\/kickingrecords.bandcamp.com\/album\/staring-at-the-moon-2\">Staring at the moon de Not Scientists<\/a><\/iframe><\/td><\/tr><\/tbody><\/table><\/center>\n","protected":false},"excerpt":{"rendered":"<p>Si vous \u00e9coutez du punk rock depuis un moment, les Not Scientists ne vous sont certainement pas inconnus ! Form\u00e9 en 2013 sur les cendres encore chaudes des Uncommonmenfrommars (ha oui quand m\u00eame) et de No Guts No Glory, le groupe en est aujourd\u2019hui \u00e0 son 4e LP , quelques splits, un 10 pouces, et [&hellip;]<\/p>\n","protected":false},"author":1,"featured_media":0,"parent":0,"menu_order":0,"comment_status":"closed","ping_status":"closed","template":"","meta":{"footnotes":""},"class_list":["post-679","page","type-page","status-publish","hentry"],"yoast_head":"<!-- This site is optimized with the Yoast SEO plugin v27.3 - https:\/\/yoast.com\/product\/yoast-seo-wordpress\/ -->\n<title>Not Scientists - Dispear Records<\/title>\n<meta name=\"description\" content=\"Le groupe r\u00e9f\u00e9rence de la sc\u00e8ne pop punk garage ! Forc\u00e9ment d\u00e9j\u00e0 pass\u00e9 pr\u00e8s de chez toi en concert, et maintenant en K7 chez Dispear !\" \/>\n<meta name=\"robots\" content=\"index, follow, max-snippet:-1, max-image-preview:large, max-video-preview:-1\" \/>\n<link rel=\"canonical\" href=\"https:\/\/dispear-records.com\/index.php\/not-scientists\/\" \/>\n<meta property=\"og:locale\" content=\"fr_FR\" \/>\n<meta property=\"og:type\" content=\"article\" \/>\n<meta property=\"og:title\" content=\"Not Scientists - Dispear Records\" \/>\n<meta property=\"og:description\" content=\"Le groupe r\u00e9f\u00e9rence de la sc\u00e8ne pop punk garage ! Forc\u00e9ment d\u00e9j\u00e0 pass\u00e9 pr\u00e8s de chez toi en concert, et maintenant en K7 chez Dispear !\" \/>\n<meta property=\"og:url\" content=\"https:\/\/dispear-records.com\/index.php\/not-scientists\/\" \/>\n<meta property=\"og:site_name\" content=\"Dispear Records\" \/>\n<meta property=\"article:modified_time\" content=\"2025-03-12T11:13:40+00:00\" \/>\n<meta property=\"og:image\" content=\"https:\/\/dispear-records.com\/wp-content\/uploads\/2024\/03\/428388617_3619165374968864_7293342145106296780_n.jpg\" \/>\n\t<meta property=\"og:image:width\" content=\"1920\" \/>\n\t<meta property=\"og:image:height\" content=\"1207\" \/>\n\t<meta property=\"og:image:type\" content=\"image\/jpeg\" \/>\n<meta name=\"twitter:card\" content=\"summary_large_image\" \/>\n<meta name=\"twitter:label1\" content=\"Dur\u00e9e de lecture estim\u00e9e\" \/>\n\t<meta name=\"twitter:data1\" content=\"2 minutes\" \/>\n<script type=\"application\/ld+json\" class=\"yoast-schema-graph\">{\"@context\":\"https:\\\/\\\/schema.org\",\"@graph\":[{\"@type\":\"WebPage\",\"@id\":\"https:\\\/\\\/dispear-records.com\\\/index.php\\\/not-scientists\\\/\",\"url\":\"https:\\\/\\\/dispear-records.com\\\/index.php\\\/not-scientists\\\/\",\"name\":\"Not Scientists - Dispear Records\",\"isPartOf\":{\"@id\":\"https:\\\/\\\/dispear-records.com\\\/#website\"},\"primaryImageOfPage\":{\"@id\":\"https:\\\/\\\/dispear-records.com\\\/index.php\\\/not-scientists\\\/#primaryimage\"},\"image\":{\"@id\":\"https:\\\/\\\/dispear-records.com\\\/index.php\\\/not-scientists\\\/#primaryimage\"},\"thumbnailUrl\":\"https:\\\/\\\/dispear-records.com\\\/wp-content\\\/uploads\\\/2024\\\/03\\\/428388617_3619165374968864_7293342145106296780_n-1024x644.jpg\",\"datePublished\":\"2024-03-23T07:55:06+00:00\",\"dateModified\":\"2025-03-12T11:13:40+00:00\",\"description\":\"Le groupe r\u00e9f\u00e9rence de la sc\u00e8ne pop punk garage ! Forc\u00e9ment d\u00e9j\u00e0 pass\u00e9 pr\u00e8s de chez toi en concert, et maintenant en K7 chez Dispear !\",\"breadcrumb\":{\"@id\":\"https:\\\/\\\/dispear-records.com\\\/index.php\\\/not-scientists\\\/#breadcrumb\"},\"inLanguage\":\"fr-FR\",\"potentialAction\":[{\"@type\":\"ReadAction\",\"target\":[\"https:\\\/\\\/dispear-records.com\\\/index.php\\\/not-scientists\\\/\"]}]},{\"@type\":\"ImageObject\",\"inLanguage\":\"fr-FR\",\"@id\":\"https:\\\/\\\/dispear-records.com\\\/index.php\\\/not-scientists\\\/#primaryimage\",\"url\":\"https:\\\/\\\/dispear-records.com\\\/wp-content\\\/uploads\\\/2024\\\/03\\\/428388617_3619165374968864_7293342145106296780_n.jpg\",\"contentUrl\":\"https:\\\/\\\/dispear-records.com\\\/wp-content\\\/uploads\\\/2024\\\/03\\\/428388617_3619165374968864_7293342145106296780_n.jpg\",\"width\":1920,\"height\":1207},{\"@type\":\"BreadcrumbList\",\"@id\":\"https:\\\/\\\/dispear-records.com\\\/index.php\\\/not-scientists\\\/#breadcrumb\",\"itemListElement\":[{\"@type\":\"ListItem\",\"position\":1,\"name\":\"Accueil\",\"item\":\"https:\\\/\\\/dispear-records.com\\\/\"},{\"@type\":\"ListItem\",\"position\":2,\"name\":\"Not Scientists\"}]},{\"@type\":\"WebSite\",\"@id\":\"https:\\\/\\\/dispear-records.com\\\/#website\",\"url\":\"https:\\\/\\\/dispear-records.com\\\/\",\"name\":\"Dispear Records\",\"description\":\"DIY punk &amp; hardcore label\",\"publisher\":{\"@id\":\"https:\\\/\\\/dispear-records.com\\\/#organization\"},\"potentialAction\":[{\"@type\":\"SearchAction\",\"target\":{\"@type\":\"EntryPoint\",\"urlTemplate\":\"https:\\\/\\\/dispear-records.com\\\/?s={search_term_string}\"},\"query-input\":{\"@type\":\"PropertyValueSpecification\",\"valueRequired\":true,\"valueName\":\"search_term_string\"}}],\"inLanguage\":\"fr-FR\"},{\"@type\":\"Organization\",\"@id\":\"https:\\\/\\\/dispear-records.com\\\/#organization\",\"name\":\"Dispear Records\",\"url\":\"https:\\\/\\\/dispear-records.com\\\/\",\"logo\":{\"@type\":\"ImageObject\",\"inLanguage\":\"fr-FR\",\"@id\":\"https:\\\/\\\/dispear-records.com\\\/#\\\/schema\\\/logo\\\/image\\\/\",\"url\":\"https:\\\/\\\/dispear-records.com\\\/wp-content\\\/uploads\\\/2021\\\/06\\\/cropped-cropped-dispear.png\",\"contentUrl\":\"https:\\\/\\\/dispear-records.com\\\/wp-content\\\/uploads\\\/2021\\\/06\\\/cropped-cropped-dispear.png\",\"width\":2592,\"height\":709,\"caption\":\"Dispear Records\"},\"image\":{\"@id\":\"https:\\\/\\\/dispear-records.com\\\/#\\\/schema\\\/logo\\\/image\\\/\"}}]}<\/script>\n<!-- \/ Yoast SEO plugin. -->","yoast_head_json":{"title":"Not Scientists - Dispear Records","description":"Le groupe r\u00e9f\u00e9rence de la sc\u00e8ne pop punk garage ! Forc\u00e9ment d\u00e9j\u00e0 pass\u00e9 pr\u00e8s de chez toi en concert, et maintenant en K7 chez Dispear !","robots":{"index":"index","follow":"follow","max-snippet":"max-snippet:-1","max-image-preview":"max-image-preview:large","max-video-preview":"max-video-preview:-1"},"canonical":"https:\/\/dispear-records.com\/index.php\/not-scientists\/","og_locale":"fr_FR","og_type":"article","og_title":"Not Scientists - Dispear Records","og_description":"Le groupe r\u00e9f\u00e9rence de la sc\u00e8ne pop punk garage ! Forc\u00e9ment d\u00e9j\u00e0 pass\u00e9 pr\u00e8s de chez toi en concert, et maintenant en K7 chez Dispear !","og_url":"https:\/\/dispear-records.com\/index.php\/not-scientists\/","og_site_name":"Dispear Records","article_modified_time":"2025-03-12T11:13:40+00:00","og_image":[{"width":1920,"height":1207,"url":"https:\/\/dispear-records.com\/wp-content\/uploads\/2024\/03\/428388617_3619165374968864_7293342145106296780_n.jpg","type":"image\/jpeg"}],"twitter_card":"summary_large_image","twitter_misc":{"Dur\u00e9e de lecture estim\u00e9e":"2 minutes"},"schema":{"@context":"https:\/\/schema.org","@graph":[{"@type":"WebPage","@id":"https:\/\/dispear-records.com\/index.php\/not-scientists\/","url":"https:\/\/dispear-records.com\/index.php\/not-scientists\/","name":"Not Scientists - Dispear Records","isPartOf":{"@id":"https:\/\/dispear-records.com\/#website"},"primaryImageOfPage":{"@id":"https:\/\/dispear-records.com\/index.php\/not-scientists\/#primaryimage"},"image":{"@id":"https:\/\/dispear-records.com\/index.php\/not-scientists\/#primaryimage"},"thumbnailUrl":"https:\/\/dispear-records.com\/wp-content\/uploads\/2024\/03\/428388617_3619165374968864_7293342145106296780_n-1024x644.jpg","datePublished":"2024-03-23T07:55:06+00:00","dateModified":"2025-03-12T11:13:40+00:00","description":"Le groupe r\u00e9f\u00e9rence de la sc\u00e8ne pop punk garage ! Forc\u00e9ment d\u00e9j\u00e0 pass\u00e9 pr\u00e8s de chez toi en concert, et maintenant en K7 chez Dispear !","breadcrumb":{"@id":"https:\/\/dispear-records.com\/index.php\/not-scientists\/#breadcrumb"},"inLanguage":"fr-FR","potentialAction":[{"@type":"ReadAction","target":["https:\/\/dispear-records.com\/index.php\/not-scientists\/"]}]},{"@type":"ImageObject","inLanguage":"fr-FR","@id":"https:\/\/dispear-records.com\/index.php\/not-scientists\/#primaryimage","url":"https:\/\/dispear-records.com\/wp-content\/uploads\/2024\/03\/428388617_3619165374968864_7293342145106296780_n.jpg","contentUrl":"https:\/\/dispear-records.com\/wp-content\/uploads\/2024\/03\/428388617_3619165374968864_7293342145106296780_n.jpg","width":1920,"height":1207},{"@type":"BreadcrumbList","@id":"https:\/\/dispear-records.com\/index.php\/not-scientists\/#breadcrumb","itemListElement":[{"@type":"ListItem","position":1,"name":"Accueil","item":"https:\/\/dispear-records.com\/"},{"@type":"ListItem","position":2,"name":"Not Scientists"}]},{"@type":"WebSite","@id":"https:\/\/dispear-records.com\/#website","url":"https:\/\/dispear-records.com\/","name":"Dispear Records","description":"DIY punk &amp; hardcore label","publisher":{"@id":"https:\/\/dispear-records.com\/#organization"},"potentialAction":[{"@type":"SearchAction","target":{"@type":"EntryPoint","urlTemplate":"https:\/\/dispear-records.com\/?s={search_term_string}"},"query-input":{"@type":"PropertyValueSpecification","valueRequired":true,"valueName":"search_term_string"}}],"inLanguage":"fr-FR"},{"@type":"Organization","@id":"https:\/\/dispear-records.com\/#organization","name":"Dispear Records","url":"https:\/\/dispear-records.com\/","logo":{"@type":"ImageObject","inLanguage":"fr-FR","@id":"https:\/\/dispear-records.com\/#\/schema\/logo\/image\/","url":"https:\/\/dispear-records.com\/wp-content\/uploads\/2021\/06\/cropped-cropped-dispear.png","contentUrl":"https:\/\/dispear-records.com\/wp-content\/uploads\/2021\/06\/cropped-cropped-dispear.png","width":2592,"height":709,"caption":"Dispear Records"},"image":{"@id":"https:\/\/dispear-records.com\/#\/schema\/logo\/image\/"}}]}},"_links":{"self":[{"href":"https:\/\/dispear-records.com\/index.php\/wp-json\/wp\/v2\/pages\/679","targetHints":{"allow":["GET"]}}],"collection":[{"href":"https:\/\/dispear-records.com\/index.php\/wp-json\/wp\/v2\/pages"}],"about":[{"href":"https:\/\/dispear-records.com\/index.php\/wp-json\/wp\/v2\/types\/page"}],"author":[{"embeddable":true,"href":"https:\/\/dispear-records.com\/index.php\/wp-json\/wp\/v2\/users\/1"}],"replies":[{"embeddable":true,"href":"https:\/\/dispear-records.com\/index.php\/wp-json\/wp\/v2\/comments?post=679"}],"version-history":[{"count":5,"href":"https:\/\/dispear-records.com\/index.php\/wp-json\/wp\/v2\/pages\/679\/revisions"}],"predecessor-version":[{"id":931,"href":"https:\/\/dispear-records.com\/index.php\/wp-json\/wp\/v2\/pages\/679\/revisions\/931"}],"wp:attachment":[{"href":"https:\/\/dispear-records.com\/index.php\/wp-json\/wp\/v2\/media?parent=679"}],"curies":[{"name":"wp","href":"https:\/\/api.w.org\/{rel}","templated":true}]}}