{"id":688,"date":"2024-03-25T21:18:50","date_gmt":"2024-03-25T20:18:50","guid":{"rendered":"https:\/\/dispear-records.com\/?page_id=688"},"modified":"2026-04-03T18:02:50","modified_gmt":"2026-04-03T16:02:50","slug":"heads-up-punk-rock","status":"publish","type":"page","link":"https:\/\/dispear-records.com\/index.php\/heads-up-punk-rock\/","title":{"rendered":"Heads up"},"content":{"rendered":"<div class=\"wp-block-image\">\n<figure class=\"aligncenter size-large\"><img loading=\"lazy\" decoding=\"async\" width=\"1024\" height=\"576\" src=\"https:\/\/dispear-records.com\/wp-content\/uploads\/2024\/03\/298652962_763295801466264_2535546767494919580_n-1024x576.jpg\" alt=\"\" class=\"wp-image-689\" srcset=\"https:\/\/dispear-records.com\/wp-content\/uploads\/2024\/03\/298652962_763295801466264_2535546767494919580_n-1024x576.jpg 1024w, https:\/\/dispear-records.com\/wp-content\/uploads\/2024\/03\/298652962_763295801466264_2535546767494919580_n-300x169.jpg 300w, https:\/\/dispear-records.com\/wp-content\/uploads\/2024\/03\/298652962_763295801466264_2535546767494919580_n-768x432.jpg 768w, https:\/\/dispear-records.com\/wp-content\/uploads\/2024\/03\/298652962_763295801466264_2535546767494919580_n-416x234.jpg 416w, https:\/\/dispear-records.com\/wp-content\/uploads\/2024\/03\/298652962_763295801466264_2535546767494919580_n.jpg 1334w\" sizes=\"auto, (max-width: 1024px) 100vw, 1024px\" \/><\/figure>\n<\/div>\n\n\n<p> Les Vend\u00e9ens de Heads Up n\u2019ont pas \u00e9t\u00e9 nourris qu\u2019\u00e0 la trouspinette et au pr\u00e9fou ! Ils ont \u00e9galement bien biberonn\u00e9 les classiques du punk rock m\u00e9lo : de Offspring \u00e0 Satanic Surfers, en passant par Millencolin, Lagwagon et autres l\u00e9gendes de la sc\u00e8ne ! Leurs riffs sont simples mais terriblement efficaces, et c\u2019est ce qui fait tout leur charme ! La Vend\u00e9e, et les Herbiers, plus pr\u00e9cis\u00e9ment sont depuis quelques ann\u00e9es un terroir prolifique pour le punk, et les Heads Up ne d\u00e9rogent pas \u00e0 la r\u00e8gle ! Hyper \u00e9nergiques sur sc\u00e8nes, ils seront tr\u00e8s certainement bient\u00f4t en tourn\u00e9e pas loin de chez vous, alors on se bouge du canap\u00e9 et on va prendre une bonne claque en live ! La rel\u00e8ve du punk rock m\u00e9lo \u00e0 tendance californienne est assur\u00e9e !<\/p>\n\n\n<div data-align-buttons=\"true\" data-block-name=\"woocommerce\/product-category\" data-categories=\"[55]\" data-columns=\"2\" data-rows=\"1\" class=\"wc-block-grid wp-block-product-category wp-block-woocommerce-product-category wc-block-product-category has-2-columns has-aligned-buttons\"><ul class=\"wc-block-grid__products\"><li class=\"wc-block-grid__product\">\n\t\t\t\t<a href=\"https:\/\/dispear-records.com\/index.php\/produit\/vinyle-left-bank-x-heads-up-split-ep\/\" class=\"wc-block-grid__product-link\">\n\t\t\t\t\t\n\t\t\t\t\t<div class=\"wc-block-grid__product-image\"><img loading=\"lazy\" decoding=\"async\" width=\"324\" height=\"324\" src=\"https:\/\/dispear-records.com\/wp-content\/uploads\/2026\/03\/lbhu-800-324x324.jpg\" class=\"attachment-woocommerce_thumbnail size-woocommerce_thumbnail\" alt=\"[Vinyle] Left Bank x Heads Up (split EP)\" srcset=\"https:\/\/dispear-records.com\/wp-content\/uploads\/2026\/03\/lbhu-800-324x324.jpg 324w, https:\/\/dispear-records.com\/wp-content\/uploads\/2026\/03\/lbhu-800-300x300.jpg 300w, https:\/\/dispear-records.com\/wp-content\/uploads\/2026\/03\/lbhu-800-150x150.jpg 150w, https:\/\/dispear-records.com\/wp-content\/uploads\/2026\/03\/lbhu-800-768x768.jpg 768w, https:\/\/dispear-records.com\/wp-content\/uploads\/2026\/03\/lbhu-800-416x416.jpg 416w, https:\/\/dispear-records.com\/wp-content\/uploads\/2026\/03\/lbhu-800-100x100.jpg 100w, https:\/\/dispear-records.com\/wp-content\/uploads\/2026\/03\/lbhu-800.jpg 800w\" sizes=\"auto, (max-width: 324px) 100vw, 324px\" \/><\/div>\n\t\t\t\t\t<div class=\"wc-block-grid__product-title\">[Vinyle] Left Bank x Heads Up (split EP)<\/div>\n\t\t\t\t<\/a>\n\t\t\t\t<div class=\"wc-block-grid__product-price price\"><span class=\"woocommerce-Price-amount amount\">15,00<span class=\"woocommerce-Price-currencySymbol\">&euro;<\/span><\/span><\/div>\n\t\t\t\t\n\t\t\t\t<div class=\"wp-block-button wc-block-grid__product-add-to-cart\"><a href=\"\/index.php\/wp-json\/wp\/v2\/pages\/688?add-to-cart=1344\" aria-label=\"Ajouter au panier\u00a0: &ldquo;[Vinyle] Left Bank x Heads Up (split EP)&rdquo;\" data-quantity=\"1\" data-product_id=\"1344\" data-product_sku=\"DSPR26058\" data-price=\"15\" rel=\"nofollow\" class=\"wp-block-button__link  add_to_cart_button ajax_add_to_cart\">Ajouter au panier<\/a><\/div>\n\t\t\t<\/li><li class=\"wc-block-grid__product\">\n\t\t\t\t<a href=\"https:\/\/dispear-records.com\/index.php\/produit\/cassette-heads-up-the-way-of-the-cure\/\" class=\"wc-block-grid__product-link\">\n\t\t\t\t\t\n\t\t\t\t\t<div class=\"wc-block-grid__product-image\"><img loading=\"lazy\" decoding=\"async\" width=\"324\" height=\"324\" src=\"https:\/\/dispear-records.com\/wp-content\/uploads\/2024\/03\/IMG_1083-800-324x324.jpg\" class=\"attachment-woocommerce_thumbnail size-woocommerce_thumbnail\" alt=\"[Cassette] Heads Up - The Way Of The Cure\" srcset=\"https:\/\/dispear-records.com\/wp-content\/uploads\/2024\/03\/IMG_1083-800-324x324.jpg 324w, https:\/\/dispear-records.com\/wp-content\/uploads\/2024\/03\/IMG_1083-800-300x300.jpg 300w, https:\/\/dispear-records.com\/wp-content\/uploads\/2024\/03\/IMG_1083-800-150x150.jpg 150w, https:\/\/dispear-records.com\/wp-content\/uploads\/2024\/03\/IMG_1083-800-768x768.jpg 768w, https:\/\/dispear-records.com\/wp-content\/uploads\/2024\/03\/IMG_1083-800-416x416.jpg 416w, https:\/\/dispear-records.com\/wp-content\/uploads\/2024\/03\/IMG_1083-800-100x100.jpg 100w, https:\/\/dispear-records.com\/wp-content\/uploads\/2024\/03\/IMG_1083-800.jpg 800w\" sizes=\"auto, (max-width: 324px) 100vw, 324px\" \/><\/div>\n\t\t\t\t\t<div class=\"wc-block-grid__product-title\">[Cassette] Heads Up &#8211; The Way Of The Cure<\/div>\n\t\t\t\t<\/a>\n\t\t\t\t<div class=\"wc-block-grid__product-price price\"><span class=\"woocommerce-Price-amount amount\">7,00<span class=\"woocommerce-Price-currencySymbol\">&euro;<\/span><\/span><\/div>\n\t\t\t\t\n\t\t\t\t<div class=\"wp-block-button wc-block-grid__product-add-to-cart\"><a href=\"\/index.php\/wp-json\/wp\/v2\/pages\/688?add-to-cart=684\" aria-label=\"Ajouter au panier\u00a0: &ldquo;[Cassette] Heads Up - The Way Of The Cure&rdquo;\" data-quantity=\"1\" data-product_id=\"684\" data-product_sku=\"DSPR24026\" data-price=\"7\" rel=\"nofollow\" class=\"wp-block-button__link  add_to_cart_button ajax_add_to_cart\">Ajouter au panier<\/a><\/div>\n\t\t\t<\/li><\/ul><\/div>\n\n\n<div class=\"wp-block-columns is-layout-flex wp-container-core-columns-is-layout-28f84493 wp-block-columns-is-layout-flex\">\n<div class=\"wp-block-column is-layout-flow wp-block-column-is-layout-flow\">\n<iframe style=\"border: 0; width: 400px; height: 406px;\" src=\"https:\/\/bandcamp.com\/EmbeddedPlayer\/album=1617689797\/size=large\/bgcol=ffffff\/linkcol=333333\/artwork=small\/transparent=true\/\" seamless=\"\"><a href=\"https:\/\/headsup0.bandcamp.com\/album\/split\">Split de Heads Up &#8211; Left Bank<\/a><\/iframe>\n<\/div>\n\n\n\n<div class=\"wp-block-column is-layout-flow wp-block-column-is-layout-flow\">\n<iframe style=\"border: 0; width: 400px; height: 472px;\" src=\"https:\/\/bandcamp.com\/EmbeddedPlayer\/album=323803634\/size=large\/bgcol=ffffff\/linkcol=333333\/artwork=small\/transparent=true\/\" seamless><a href=\"https:\/\/headsup0.bandcamp.com\/album\/the-way-of-the-cure\">The Way of The Cure de Heads Up<\/a><\/iframe>\n<\/div>\n<\/div>\n","protected":false},"excerpt":{"rendered":"<p>Les Vend\u00e9ens de Heads Up n\u2019ont pas \u00e9t\u00e9 nourris qu\u2019\u00e0 la trouspinette et au pr\u00e9fou ! Ils ont \u00e9galement bien biberonn\u00e9 les classiques du punk rock m\u00e9lo : de Offspring \u00e0 Satanic Surfers, en passant par Millencolin, Lagwagon et autres l\u00e9gendes de la sc\u00e8ne ! Leurs riffs sont simples mais terriblement efficaces, et c\u2019est ce [&hellip;]<\/p>\n","protected":false},"author":1,"featured_media":0,"parent":0,"menu_order":0,"comment_status":"closed","ping_status":"closed","template":"","meta":{"footnotes":""},"class_list":["post-688","page","type-page","status-publish","hentry"],"yoast_head":"<!-- This site is optimized with the Yoast SEO plugin v27.5 - https:\/\/yoast.com\/product\/yoast-seo-wordpress\/ -->\n<title>Heads up - Dispear Records<\/title>\n<meta name=\"description\" content=\"Heads Up, c&#039;est la rel\u00e8ve de la sc\u00e8ne punk rock m\u00e9lo fran\u00e7aise, made in Vend\u00e9e \/ Les Herbiers ! Dernier album en K7 sur Dispear records\" \/>\n<meta name=\"robots\" content=\"index, follow, max-snippet:-1, max-image-preview:large, max-video-preview:-1\" \/>\n<link rel=\"canonical\" href=\"https:\/\/dispear-records.com\/index.php\/heads-up-punk-rock\/\" \/>\n<meta property=\"og:locale\" content=\"fr_FR\" \/>\n<meta property=\"og:type\" content=\"article\" \/>\n<meta property=\"og:title\" content=\"Heads up - Dispear Records\" \/>\n<meta property=\"og:description\" content=\"Heads Up, c&#039;est la rel\u00e8ve de la sc\u00e8ne punk rock m\u00e9lo fran\u00e7aise, made in Vend\u00e9e \/ Les Herbiers ! Dernier album en K7 sur Dispear records\" \/>\n<meta property=\"og:url\" content=\"https:\/\/dispear-records.com\/index.php\/heads-up-punk-rock\/\" \/>\n<meta property=\"og:site_name\" content=\"Dispear Records\" \/>\n<meta property=\"article:modified_time\" content=\"2026-04-03T16:02:50+00:00\" \/>\n<meta property=\"og:image\" content=\"https:\/\/dispear-records.com\/wp-content\/uploads\/2024\/03\/298652962_763295801466264_2535546767494919580_n.jpg\" \/>\n\t<meta property=\"og:image:width\" content=\"1334\" \/>\n\t<meta property=\"og:image:height\" content=\"750\" \/>\n\t<meta property=\"og:image:type\" content=\"image\/jpeg\" \/>\n<meta name=\"twitter:card\" content=\"summary_large_image\" \/>\n<meta name=\"twitter:label1\" content=\"Dur\u00e9e de lecture estim\u00e9e\" \/>\n\t<meta name=\"twitter:data1\" content=\"1 minute\" \/>\n<script type=\"application\/ld+json\" class=\"yoast-schema-graph\">{\"@context\":\"https:\\\/\\\/schema.org\",\"@graph\":[{\"@type\":\"WebPage\",\"@id\":\"https:\\\/\\\/dispear-records.com\\\/index.php\\\/heads-up-punk-rock\\\/\",\"url\":\"https:\\\/\\\/dispear-records.com\\\/index.php\\\/heads-up-punk-rock\\\/\",\"name\":\"Heads up - Dispear Records\",\"isPartOf\":{\"@id\":\"https:\\\/\\\/dispear-records.com\\\/#website\"},\"primaryImageOfPage\":{\"@id\":\"https:\\\/\\\/dispear-records.com\\\/index.php\\\/heads-up-punk-rock\\\/#primaryimage\"},\"image\":{\"@id\":\"https:\\\/\\\/dispear-records.com\\\/index.php\\\/heads-up-punk-rock\\\/#primaryimage\"},\"thumbnailUrl\":\"https:\\\/\\\/dispear-records.com\\\/wp-content\\\/uploads\\\/2024\\\/03\\\/298652962_763295801466264_2535546767494919580_n-1024x576.jpg\",\"datePublished\":\"2024-03-25T20:18:50+00:00\",\"dateModified\":\"2026-04-03T16:02:50+00:00\",\"description\":\"Heads Up, c'est la rel\u00e8ve de la sc\u00e8ne punk rock m\u00e9lo fran\u00e7aise, made in Vend\u00e9e \\\/ Les Herbiers ! Dernier album en K7 sur Dispear records\",\"breadcrumb\":{\"@id\":\"https:\\\/\\\/dispear-records.com\\\/index.php\\\/heads-up-punk-rock\\\/#breadcrumb\"},\"inLanguage\":\"fr-FR\",\"potentialAction\":[{\"@type\":\"ReadAction\",\"target\":[\"https:\\\/\\\/dispear-records.com\\\/index.php\\\/heads-up-punk-rock\\\/\"]}]},{\"@type\":\"ImageObject\",\"inLanguage\":\"fr-FR\",\"@id\":\"https:\\\/\\\/dispear-records.com\\\/index.php\\\/heads-up-punk-rock\\\/#primaryimage\",\"url\":\"https:\\\/\\\/dispear-records.com\\\/wp-content\\\/uploads\\\/2024\\\/03\\\/298652962_763295801466264_2535546767494919580_n.jpg\",\"contentUrl\":\"https:\\\/\\\/dispear-records.com\\\/wp-content\\\/uploads\\\/2024\\\/03\\\/298652962_763295801466264_2535546767494919580_n.jpg\",\"width\":1334,\"height\":750},{\"@type\":\"BreadcrumbList\",\"@id\":\"https:\\\/\\\/dispear-records.com\\\/index.php\\\/heads-up-punk-rock\\\/#breadcrumb\",\"itemListElement\":[{\"@type\":\"ListItem\",\"position\":1,\"name\":\"Accueil\",\"item\":\"https:\\\/\\\/dispear-records.com\\\/\"},{\"@type\":\"ListItem\",\"position\":2,\"name\":\"Heads up\"}]},{\"@type\":\"WebSite\",\"@id\":\"https:\\\/\\\/dispear-records.com\\\/#website\",\"url\":\"https:\\\/\\\/dispear-records.com\\\/\",\"name\":\"Dispear Records\",\"description\":\"DIY punk &amp; hardcore label\",\"publisher\":{\"@id\":\"https:\\\/\\\/dispear-records.com\\\/#organization\"},\"potentialAction\":[{\"@type\":\"SearchAction\",\"target\":{\"@type\":\"EntryPoint\",\"urlTemplate\":\"https:\\\/\\\/dispear-records.com\\\/?s={search_term_string}\"},\"query-input\":{\"@type\":\"PropertyValueSpecification\",\"valueRequired\":true,\"valueName\":\"search_term_string\"}}],\"inLanguage\":\"fr-FR\"},{\"@type\":\"Organization\",\"@id\":\"https:\\\/\\\/dispear-records.com\\\/#organization\",\"name\":\"Dispear Records\",\"url\":\"https:\\\/\\\/dispear-records.com\\\/\",\"logo\":{\"@type\":\"ImageObject\",\"inLanguage\":\"fr-FR\",\"@id\":\"https:\\\/\\\/dispear-records.com\\\/#\\\/schema\\\/logo\\\/image\\\/\",\"url\":\"https:\\\/\\\/dispear-records.com\\\/wp-content\\\/uploads\\\/2021\\\/06\\\/cropped-cropped-dispear.png\",\"contentUrl\":\"https:\\\/\\\/dispear-records.com\\\/wp-content\\\/uploads\\\/2021\\\/06\\\/cropped-cropped-dispear.png\",\"width\":2592,\"height\":709,\"caption\":\"Dispear Records\"},\"image\":{\"@id\":\"https:\\\/\\\/dispear-records.com\\\/#\\\/schema\\\/logo\\\/image\\\/\"}}]}<\/script>\n<!-- \/ Yoast SEO plugin. -->","yoast_head_json":{"title":"Heads up - Dispear Records","description":"Heads Up, c'est la rel\u00e8ve de la sc\u00e8ne punk rock m\u00e9lo fran\u00e7aise, made in Vend\u00e9e \/ Les Herbiers ! Dernier album en K7 sur Dispear records","robots":{"index":"index","follow":"follow","max-snippet":"max-snippet:-1","max-image-preview":"max-image-preview:large","max-video-preview":"max-video-preview:-1"},"canonical":"https:\/\/dispear-records.com\/index.php\/heads-up-punk-rock\/","og_locale":"fr_FR","og_type":"article","og_title":"Heads up - Dispear Records","og_description":"Heads Up, c'est la rel\u00e8ve de la sc\u00e8ne punk rock m\u00e9lo fran\u00e7aise, made in Vend\u00e9e \/ Les Herbiers ! Dernier album en K7 sur Dispear records","og_url":"https:\/\/dispear-records.com\/index.php\/heads-up-punk-rock\/","og_site_name":"Dispear Records","article_modified_time":"2026-04-03T16:02:50+00:00","og_image":[{"width":1334,"height":750,"url":"https:\/\/dispear-records.com\/wp-content\/uploads\/2024\/03\/298652962_763295801466264_2535546767494919580_n.jpg","type":"image\/jpeg"}],"twitter_card":"summary_large_image","twitter_misc":{"Dur\u00e9e de lecture estim\u00e9e":"1 minute"},"schema":{"@context":"https:\/\/schema.org","@graph":[{"@type":"WebPage","@id":"https:\/\/dispear-records.com\/index.php\/heads-up-punk-rock\/","url":"https:\/\/dispear-records.com\/index.php\/heads-up-punk-rock\/","name":"Heads up - Dispear Records","isPartOf":{"@id":"https:\/\/dispear-records.com\/#website"},"primaryImageOfPage":{"@id":"https:\/\/dispear-records.com\/index.php\/heads-up-punk-rock\/#primaryimage"},"image":{"@id":"https:\/\/dispear-records.com\/index.php\/heads-up-punk-rock\/#primaryimage"},"thumbnailUrl":"https:\/\/dispear-records.com\/wp-content\/uploads\/2024\/03\/298652962_763295801466264_2535546767494919580_n-1024x576.jpg","datePublished":"2024-03-25T20:18:50+00:00","dateModified":"2026-04-03T16:02:50+00:00","description":"Heads Up, c'est la rel\u00e8ve de la sc\u00e8ne punk rock m\u00e9lo fran\u00e7aise, made in Vend\u00e9e \/ Les Herbiers ! Dernier album en K7 sur Dispear records","breadcrumb":{"@id":"https:\/\/dispear-records.com\/index.php\/heads-up-punk-rock\/#breadcrumb"},"inLanguage":"fr-FR","potentialAction":[{"@type":"ReadAction","target":["https:\/\/dispear-records.com\/index.php\/heads-up-punk-rock\/"]}]},{"@type":"ImageObject","inLanguage":"fr-FR","@id":"https:\/\/dispear-records.com\/index.php\/heads-up-punk-rock\/#primaryimage","url":"https:\/\/dispear-records.com\/wp-content\/uploads\/2024\/03\/298652962_763295801466264_2535546767494919580_n.jpg","contentUrl":"https:\/\/dispear-records.com\/wp-content\/uploads\/2024\/03\/298652962_763295801466264_2535546767494919580_n.jpg","width":1334,"height":750},{"@type":"BreadcrumbList","@id":"https:\/\/dispear-records.com\/index.php\/heads-up-punk-rock\/#breadcrumb","itemListElement":[{"@type":"ListItem","position":1,"name":"Accueil","item":"https:\/\/dispear-records.com\/"},{"@type":"ListItem","position":2,"name":"Heads up"}]},{"@type":"WebSite","@id":"https:\/\/dispear-records.com\/#website","url":"https:\/\/dispear-records.com\/","name":"Dispear Records","description":"DIY punk &amp; hardcore label","publisher":{"@id":"https:\/\/dispear-records.com\/#organization"},"potentialAction":[{"@type":"SearchAction","target":{"@type":"EntryPoint","urlTemplate":"https:\/\/dispear-records.com\/?s={search_term_string}"},"query-input":{"@type":"PropertyValueSpecification","valueRequired":true,"valueName":"search_term_string"}}],"inLanguage":"fr-FR"},{"@type":"Organization","@id":"https:\/\/dispear-records.com\/#organization","name":"Dispear Records","url":"https:\/\/dispear-records.com\/","logo":{"@type":"ImageObject","inLanguage":"fr-FR","@id":"https:\/\/dispear-records.com\/#\/schema\/logo\/image\/","url":"https:\/\/dispear-records.com\/wp-content\/uploads\/2021\/06\/cropped-cropped-dispear.png","contentUrl":"https:\/\/dispear-records.com\/wp-content\/uploads\/2021\/06\/cropped-cropped-dispear.png","width":2592,"height":709,"caption":"Dispear Records"},"image":{"@id":"https:\/\/dispear-records.com\/#\/schema\/logo\/image\/"}}]}},"_links":{"self":[{"href":"https:\/\/dispear-records.com\/index.php\/wp-json\/wp\/v2\/pages\/688","targetHints":{"allow":["GET"]}}],"collection":[{"href":"https:\/\/dispear-records.com\/index.php\/wp-json\/wp\/v2\/pages"}],"about":[{"href":"https:\/\/dispear-records.com\/index.php\/wp-json\/wp\/v2\/types\/page"}],"author":[{"embeddable":true,"href":"https:\/\/dispear-records.com\/index.php\/wp-json\/wp\/v2\/users\/1"}],"replies":[{"embeddable":true,"href":"https:\/\/dispear-records.com\/index.php\/wp-json\/wp\/v2\/comments?post=688"}],"version-history":[{"count":4,"href":"https:\/\/dispear-records.com\/index.php\/wp-json\/wp\/v2\/pages\/688\/revisions"}],"predecessor-version":[{"id":1354,"href":"https:\/\/dispear-records.com\/index.php\/wp-json\/wp\/v2\/pages\/688\/revisions\/1354"}],"wp:attachment":[{"href":"https:\/\/dispear-records.com\/index.php\/wp-json\/wp\/v2\/media?parent=688"}],"curies":[{"name":"wp","href":"https:\/\/api.w.org\/{rel}","templated":true}]}}