{"id":724,"date":"2024-05-06T22:32:27","date_gmt":"2024-05-06T20:32:27","guid":{"rendered":"https:\/\/dispear-records.com\/?page_id=724"},"modified":"2025-03-12T11:59:39","modified_gmt":"2025-03-12T10:59:39","slug":"fast-lane","status":"publish","type":"page","link":"https:\/\/dispear-records.com\/index.php\/fast-lane\/","title":{"rendered":"Fast Lane"},"content":{"rendered":"<div class=\"wp-block-image\">\n<figure class=\"aligncenter size-large\"><img loading=\"lazy\" decoding=\"async\" width=\"1024\" height=\"640\" src=\"https:\/\/dispear-records.com\/wp-content\/uploads\/2024\/05\/313168769_468359888726394_48555803165802599_n-1024x640.jpg\" alt=\"\" class=\"wp-image-725\" srcset=\"https:\/\/dispear-records.com\/wp-content\/uploads\/2024\/05\/313168769_468359888726394_48555803165802599_n-1024x640.jpg 1024w, https:\/\/dispear-records.com\/wp-content\/uploads\/2024\/05\/313168769_468359888726394_48555803165802599_n-300x188.jpg 300w, https:\/\/dispear-records.com\/wp-content\/uploads\/2024\/05\/313168769_468359888726394_48555803165802599_n-768x480.jpg 768w, https:\/\/dispear-records.com\/wp-content\/uploads\/2024\/05\/313168769_468359888726394_48555803165802599_n-1536x960.jpg 1536w, https:\/\/dispear-records.com\/wp-content\/uploads\/2024\/05\/313168769_468359888726394_48555803165802599_n-416x260.jpg 416w, https:\/\/dispear-records.com\/wp-content\/uploads\/2024\/05\/313168769_468359888726394_48555803165802599_n.jpg 2048w\" sizes=\"auto, (max-width: 1024px) 100vw, 1024px\" \/><\/figure>\n<\/div>\n\n\n<p><strong>Fast Lane<\/strong>, c\u2019\u00e9tait une de nos grosses d\u00e9couvertes de l\u2019Xtreme fest 2022 ! Rempla\u00e7ant au pied lev\u00e9 un groupe qui avait annul\u00e9 le matin m\u00eame, les types avait quitt\u00e9 leur BBQ, femmes et enfants pour r\u00e9pondre \u00e0 l&rsquo;appel du punk rock (et de David aussi, parce que c\u2019est David qui tenait le t\u00e9l\u00e9phone) ! Bas\u00e9 \u00e0 Bordeaux, le groupe est inspir\u00e9 de la sc\u00e8ne skate-punk californienne et de groupes tels que Nofx, Blink 182, No Use For A Name, ou plus proche de nous UncommonMenFromMars.<\/p>\n\n\n\n<p>Ils proposent des titres courts, rapides et m\u00e9lodiques. C&rsquo;est un peu comme si la bande son de Tony Hawk&rsquo;s Pro Skater ne s&rsquo;\u00e9tait jamais arr\u00eat\u00e9e ! Form\u00e9 en 2019, le groupe commence en trio et sort en 2020 son 1er album 12 titres \u00ab\u00a0Life On A Slackline Strap\u00a0\u00bb. Apr\u00e8s une vingtaine de concerts en France et rejoint par 3 nouveaux musiciens, Fast Lane sort son nouvel album \u201cIncomplete&#8230; All Fine\u201d en mars 2024.<\/p>\n\n\n<div data-block-name=\"woocommerce\/product-category\" data-categories=\"[60]\" data-columns=\"2\" data-rows=\"1\" class=\"wc-block-grid wp-block-product-category wp-block-woocommerce-product-category wc-block-product-category has-2-columns\"><ul class=\"wc-block-grid__products\"><li class=\"wc-block-grid__product\">\n\t\t\t\t<a href=\"https:\/\/dispear-records.com\/index.php\/produit\/vinyle-fast-lane-incomplete-all-fine\/\" class=\"wc-block-grid__product-link\">\n\t\t\t\t\t\n\t\t\t\t\t<div class=\"wc-block-grid__product-image\"><img loading=\"lazy\" decoding=\"async\" width=\"324\" height=\"324\" src=\"https:\/\/dispear-records.com\/wp-content\/uploads\/2024\/05\/IMG_1370-800-324x324.jpg\" class=\"attachment-woocommerce_thumbnail size-woocommerce_thumbnail\" alt=\"SOLD OUT - [Vinyle] Fast Lane - Incomplete... All Fine\" srcset=\"https:\/\/dispear-records.com\/wp-content\/uploads\/2024\/05\/IMG_1370-800-324x324.jpg 324w, https:\/\/dispear-records.com\/wp-content\/uploads\/2024\/05\/IMG_1370-800-300x300.jpg 300w, https:\/\/dispear-records.com\/wp-content\/uploads\/2024\/05\/IMG_1370-800-150x150.jpg 150w, https:\/\/dispear-records.com\/wp-content\/uploads\/2024\/05\/IMG_1370-800-768x768.jpg 768w, https:\/\/dispear-records.com\/wp-content\/uploads\/2024\/05\/IMG_1370-800-416x416.jpg 416w, https:\/\/dispear-records.com\/wp-content\/uploads\/2024\/05\/IMG_1370-800-100x100.jpg 100w, https:\/\/dispear-records.com\/wp-content\/uploads\/2024\/05\/IMG_1370-800.jpg 800w\" sizes=\"auto, (max-width: 324px) 100vw, 324px\" \/><\/div>\n\t\t\t\t\t<div class=\"wc-block-grid__product-title\">SOLD OUT &#8211; [Vinyle] Fast Lane &#8211; Incomplete&#8230; All Fine<\/div>\n\t\t\t\t<\/a>\n\t\t\t\t<div class=\"wc-block-grid__product-price price\"><span class=\"woocommerce-Price-amount amount\">25,00<span class=\"woocommerce-Price-currencySymbol\">&euro;<\/span><\/span><\/div>\n\t\t\t\t\n\t\t\t\t<div class=\"wp-block-button wc-block-grid__product-add-to-cart\"><a href=\"https:\/\/dispear-records.com\/index.php\/produit\/vinyle-fast-lane-incomplete-all-fine\/\" aria-label=\"En savoir plus sur &ldquo;SOLD OUT - [Vinyle] Fast Lane - Incomplete... All Fine&rdquo;\" data-quantity=\"1\" data-product_id=\"737\" data-product_sku=\"DSPR24024v\" data-price=\"25\" rel=\"nofollow\" class=\"wp-block-button__link  add_to_cart_button\">Lire la suite<\/a><\/div>\n\t\t\t<\/li><li class=\"wc-block-grid__product\">\n\t\t\t\t<a href=\"https:\/\/dispear-records.com\/index.php\/produit\/cassette-fast-lane-incomplete-all-fine\/\" class=\"wc-block-grid__product-link\">\n\t\t\t\t\t\n\t\t\t\t\t<div class=\"wc-block-grid__product-image\"><img loading=\"lazy\" decoding=\"async\" width=\"324\" height=\"324\" src=\"https:\/\/dispear-records.com\/wp-content\/uploads\/2024\/05\/IMG_1093-800-324x324.jpg\" class=\"attachment-woocommerce_thumbnail size-woocommerce_thumbnail\" alt=\"[Cassette] Fast Lane - Incomplete... All Fine\" srcset=\"https:\/\/dispear-records.com\/wp-content\/uploads\/2024\/05\/IMG_1093-800-324x324.jpg 324w, https:\/\/dispear-records.com\/wp-content\/uploads\/2024\/05\/IMG_1093-800-300x300.jpg 300w, https:\/\/dispear-records.com\/wp-content\/uploads\/2024\/05\/IMG_1093-800-150x150.jpg 150w, https:\/\/dispear-records.com\/wp-content\/uploads\/2024\/05\/IMG_1093-800-768x768.jpg 768w, https:\/\/dispear-records.com\/wp-content\/uploads\/2024\/05\/IMG_1093-800-416x416.jpg 416w, https:\/\/dispear-records.com\/wp-content\/uploads\/2024\/05\/IMG_1093-800-100x100.jpg 100w, https:\/\/dispear-records.com\/wp-content\/uploads\/2024\/05\/IMG_1093-800.jpg 800w\" sizes=\"auto, (max-width: 324px) 100vw, 324px\" \/><\/div>\n\t\t\t\t\t<div class=\"wc-block-grid__product-title\">[Cassette] Fast Lane &#8211; Incomplete&#8230; All Fine<\/div>\n\t\t\t\t<\/a>\n\t\t\t\t<div class=\"wc-block-grid__product-price price\"><span class=\"woocommerce-Price-amount amount\">7,00<span class=\"woocommerce-Price-currencySymbol\">&euro;<\/span><\/span><\/div>\n\t\t\t\t\n\t\t\t\t<div class=\"wp-block-button wc-block-grid__product-add-to-cart\"><a href=\"\/index.php\/wp-json\/wp\/v2\/pages\/724?add-to-cart=727\" aria-label=\"Ajouter au panier\u00a0: &ldquo;[Cassette] Fast Lane - Incomplete... All Fine&rdquo;\" data-quantity=\"1\" data-product_id=\"727\" data-product_sku=\"DSPR24024\" data-price=\"7\" rel=\"nofollow\" class=\"wp-block-button__link  add_to_cart_button ajax_add_to_cart\">Ajouter au panier<\/a><\/div>\n\t\t\t<\/li><\/ul><\/div>\n\n\n<center><iframe style=\"border: 0; width: 400px; height: 472px;\" src=\"https:\/\/bandcamp.com\/EmbeddedPlayer\/album=3776599963\/size=large\/bgcol=ffffff\/linkcol=e99708\/artwork=small\/transparent=true\/\" seamless><a href=\"https:\/\/fastlane33.bandcamp.com\/album\/incomplete-all-fine\">Incomplete&#8230; All Fine de Fast Lane<\/a><\/iframe><\/center>\n","protected":false},"excerpt":{"rendered":"<p>Fast Lane, c\u2019\u00e9tait une de nos grosses d\u00e9couvertes de l\u2019Xtreme fest 2022 ! Rempla\u00e7ant au pied lev\u00e9 un groupe qui avait annul\u00e9 le matin m\u00eame, les types avait quitt\u00e9 leur BBQ, femmes et enfants pour r\u00e9pondre \u00e0 l&rsquo;appel du punk rock (et de David aussi, parce que c\u2019est David qui tenait le t\u00e9l\u00e9phone) ! Bas\u00e9 [&hellip;]<\/p>\n","protected":false},"author":1,"featured_media":0,"parent":0,"menu_order":0,"comment_status":"closed","ping_status":"closed","template":"","meta":{"footnotes":""},"class_list":["post-724","page","type-page","status-publish","hentry"],"yoast_head":"<!-- This site is optimized with the Yoast SEO plugin v27.5 - https:\/\/yoast.com\/product\/yoast-seo-wordpress\/ -->\n<title>Fast Lane - Dispear Records<\/title>\n<meta name=\"description\" content=\"Fast Lane, c&#039;est du pur skate punk tout droit venu de Bordeaux, Californie. Hyper efficace en live, ils sortent leur 2e album en 2024 !\" \/>\n<meta name=\"robots\" content=\"index, follow, max-snippet:-1, max-image-preview:large, max-video-preview:-1\" \/>\n<link rel=\"canonical\" href=\"https:\/\/dispear-records.com\/index.php\/fast-lane\/\" \/>\n<meta property=\"og:locale\" content=\"fr_FR\" \/>\n<meta property=\"og:type\" content=\"article\" \/>\n<meta property=\"og:title\" content=\"Fast Lane - Dispear Records\" \/>\n<meta property=\"og:description\" content=\"Fast Lane, c&#039;est du pur skate punk tout droit venu de Bordeaux, Californie. Hyper efficace en live, ils sortent leur 2e album en 2024 !\" \/>\n<meta property=\"og:url\" content=\"https:\/\/dispear-records.com\/index.php\/fast-lane\/\" \/>\n<meta property=\"og:site_name\" content=\"Dispear Records\" \/>\n<meta property=\"article:modified_time\" content=\"2025-03-12T10:59:39+00:00\" \/>\n<meta property=\"og:image\" content=\"https:\/\/dispear-records.com\/wp-content\/uploads\/2024\/05\/313168769_468359888726394_48555803165802599_n.jpg\" \/>\n\t<meta property=\"og:image:width\" content=\"2048\" \/>\n\t<meta property=\"og:image:height\" content=\"1280\" \/>\n\t<meta property=\"og:image:type\" content=\"image\/jpeg\" \/>\n<meta name=\"twitter:card\" content=\"summary_large_image\" \/>\n<meta name=\"twitter:label1\" content=\"Dur\u00e9e de lecture estim\u00e9e\" \/>\n\t<meta name=\"twitter:data1\" content=\"2 minutes\" \/>\n<script type=\"application\/ld+json\" class=\"yoast-schema-graph\">{\"@context\":\"https:\\\/\\\/schema.org\",\"@graph\":[{\"@type\":\"WebPage\",\"@id\":\"https:\\\/\\\/dispear-records.com\\\/index.php\\\/fast-lane\\\/\",\"url\":\"https:\\\/\\\/dispear-records.com\\\/index.php\\\/fast-lane\\\/\",\"name\":\"Fast Lane - Dispear Records\",\"isPartOf\":{\"@id\":\"https:\\\/\\\/dispear-records.com\\\/#website\"},\"primaryImageOfPage\":{\"@id\":\"https:\\\/\\\/dispear-records.com\\\/index.php\\\/fast-lane\\\/#primaryimage\"},\"image\":{\"@id\":\"https:\\\/\\\/dispear-records.com\\\/index.php\\\/fast-lane\\\/#primaryimage\"},\"thumbnailUrl\":\"https:\\\/\\\/dispear-records.com\\\/wp-content\\\/uploads\\\/2024\\\/05\\\/313168769_468359888726394_48555803165802599_n-1024x640.jpg\",\"datePublished\":\"2024-05-06T20:32:27+00:00\",\"dateModified\":\"2025-03-12T10:59:39+00:00\",\"description\":\"Fast Lane, c'est du pur skate punk tout droit venu de Bordeaux, Californie. Hyper efficace en live, ils sortent leur 2e album en 2024 !\",\"breadcrumb\":{\"@id\":\"https:\\\/\\\/dispear-records.com\\\/index.php\\\/fast-lane\\\/#breadcrumb\"},\"inLanguage\":\"fr-FR\",\"potentialAction\":[{\"@type\":\"ReadAction\",\"target\":[\"https:\\\/\\\/dispear-records.com\\\/index.php\\\/fast-lane\\\/\"]}]},{\"@type\":\"ImageObject\",\"inLanguage\":\"fr-FR\",\"@id\":\"https:\\\/\\\/dispear-records.com\\\/index.php\\\/fast-lane\\\/#primaryimage\",\"url\":\"https:\\\/\\\/dispear-records.com\\\/wp-content\\\/uploads\\\/2024\\\/05\\\/313168769_468359888726394_48555803165802599_n.jpg\",\"contentUrl\":\"https:\\\/\\\/dispear-records.com\\\/wp-content\\\/uploads\\\/2024\\\/05\\\/313168769_468359888726394_48555803165802599_n.jpg\",\"width\":2048,\"height\":1280},{\"@type\":\"BreadcrumbList\",\"@id\":\"https:\\\/\\\/dispear-records.com\\\/index.php\\\/fast-lane\\\/#breadcrumb\",\"itemListElement\":[{\"@type\":\"ListItem\",\"position\":1,\"name\":\"Accueil\",\"item\":\"https:\\\/\\\/dispear-records.com\\\/\"},{\"@type\":\"ListItem\",\"position\":2,\"name\":\"Fast Lane\"}]},{\"@type\":\"WebSite\",\"@id\":\"https:\\\/\\\/dispear-records.com\\\/#website\",\"url\":\"https:\\\/\\\/dispear-records.com\\\/\",\"name\":\"Dispear Records\",\"description\":\"DIY punk &amp; hardcore label\",\"publisher\":{\"@id\":\"https:\\\/\\\/dispear-records.com\\\/#organization\"},\"potentialAction\":[{\"@type\":\"SearchAction\",\"target\":{\"@type\":\"EntryPoint\",\"urlTemplate\":\"https:\\\/\\\/dispear-records.com\\\/?s={search_term_string}\"},\"query-input\":{\"@type\":\"PropertyValueSpecification\",\"valueRequired\":true,\"valueName\":\"search_term_string\"}}],\"inLanguage\":\"fr-FR\"},{\"@type\":\"Organization\",\"@id\":\"https:\\\/\\\/dispear-records.com\\\/#organization\",\"name\":\"Dispear Records\",\"url\":\"https:\\\/\\\/dispear-records.com\\\/\",\"logo\":{\"@type\":\"ImageObject\",\"inLanguage\":\"fr-FR\",\"@id\":\"https:\\\/\\\/dispear-records.com\\\/#\\\/schema\\\/logo\\\/image\\\/\",\"url\":\"https:\\\/\\\/dispear-records.com\\\/wp-content\\\/uploads\\\/2021\\\/06\\\/cropped-cropped-dispear.png\",\"contentUrl\":\"https:\\\/\\\/dispear-records.com\\\/wp-content\\\/uploads\\\/2021\\\/06\\\/cropped-cropped-dispear.png\",\"width\":2592,\"height\":709,\"caption\":\"Dispear Records\"},\"image\":{\"@id\":\"https:\\\/\\\/dispear-records.com\\\/#\\\/schema\\\/logo\\\/image\\\/\"}}]}<\/script>\n<!-- \/ Yoast SEO plugin. -->","yoast_head_json":{"title":"Fast Lane - Dispear Records","description":"Fast Lane, c'est du pur skate punk tout droit venu de Bordeaux, Californie. Hyper efficace en live, ils sortent leur 2e album en 2024 !","robots":{"index":"index","follow":"follow","max-snippet":"max-snippet:-1","max-image-preview":"max-image-preview:large","max-video-preview":"max-video-preview:-1"},"canonical":"https:\/\/dispear-records.com\/index.php\/fast-lane\/","og_locale":"fr_FR","og_type":"article","og_title":"Fast Lane - Dispear Records","og_description":"Fast Lane, c'est du pur skate punk tout droit venu de Bordeaux, Californie. Hyper efficace en live, ils sortent leur 2e album en 2024 !","og_url":"https:\/\/dispear-records.com\/index.php\/fast-lane\/","og_site_name":"Dispear Records","article_modified_time":"2025-03-12T10:59:39+00:00","og_image":[{"width":2048,"height":1280,"url":"https:\/\/dispear-records.com\/wp-content\/uploads\/2024\/05\/313168769_468359888726394_48555803165802599_n.jpg","type":"image\/jpeg"}],"twitter_card":"summary_large_image","twitter_misc":{"Dur\u00e9e de lecture estim\u00e9e":"2 minutes"},"schema":{"@context":"https:\/\/schema.org","@graph":[{"@type":"WebPage","@id":"https:\/\/dispear-records.com\/index.php\/fast-lane\/","url":"https:\/\/dispear-records.com\/index.php\/fast-lane\/","name":"Fast Lane - Dispear Records","isPartOf":{"@id":"https:\/\/dispear-records.com\/#website"},"primaryImageOfPage":{"@id":"https:\/\/dispear-records.com\/index.php\/fast-lane\/#primaryimage"},"image":{"@id":"https:\/\/dispear-records.com\/index.php\/fast-lane\/#primaryimage"},"thumbnailUrl":"https:\/\/dispear-records.com\/wp-content\/uploads\/2024\/05\/313168769_468359888726394_48555803165802599_n-1024x640.jpg","datePublished":"2024-05-06T20:32:27+00:00","dateModified":"2025-03-12T10:59:39+00:00","description":"Fast Lane, c'est du pur skate punk tout droit venu de Bordeaux, Californie. Hyper efficace en live, ils sortent leur 2e album en 2024 !","breadcrumb":{"@id":"https:\/\/dispear-records.com\/index.php\/fast-lane\/#breadcrumb"},"inLanguage":"fr-FR","potentialAction":[{"@type":"ReadAction","target":["https:\/\/dispear-records.com\/index.php\/fast-lane\/"]}]},{"@type":"ImageObject","inLanguage":"fr-FR","@id":"https:\/\/dispear-records.com\/index.php\/fast-lane\/#primaryimage","url":"https:\/\/dispear-records.com\/wp-content\/uploads\/2024\/05\/313168769_468359888726394_48555803165802599_n.jpg","contentUrl":"https:\/\/dispear-records.com\/wp-content\/uploads\/2024\/05\/313168769_468359888726394_48555803165802599_n.jpg","width":2048,"height":1280},{"@type":"BreadcrumbList","@id":"https:\/\/dispear-records.com\/index.php\/fast-lane\/#breadcrumb","itemListElement":[{"@type":"ListItem","position":1,"name":"Accueil","item":"https:\/\/dispear-records.com\/"},{"@type":"ListItem","position":2,"name":"Fast Lane"}]},{"@type":"WebSite","@id":"https:\/\/dispear-records.com\/#website","url":"https:\/\/dispear-records.com\/","name":"Dispear Records","description":"DIY punk &amp; hardcore label","publisher":{"@id":"https:\/\/dispear-records.com\/#organization"},"potentialAction":[{"@type":"SearchAction","target":{"@type":"EntryPoint","urlTemplate":"https:\/\/dispear-records.com\/?s={search_term_string}"},"query-input":{"@type":"PropertyValueSpecification","valueRequired":true,"valueName":"search_term_string"}}],"inLanguage":"fr-FR"},{"@type":"Organization","@id":"https:\/\/dispear-records.com\/#organization","name":"Dispear Records","url":"https:\/\/dispear-records.com\/","logo":{"@type":"ImageObject","inLanguage":"fr-FR","@id":"https:\/\/dispear-records.com\/#\/schema\/logo\/image\/","url":"https:\/\/dispear-records.com\/wp-content\/uploads\/2021\/06\/cropped-cropped-dispear.png","contentUrl":"https:\/\/dispear-records.com\/wp-content\/uploads\/2021\/06\/cropped-cropped-dispear.png","width":2592,"height":709,"caption":"Dispear Records"},"image":{"@id":"https:\/\/dispear-records.com\/#\/schema\/logo\/image\/"}}]}},"_links":{"self":[{"href":"https:\/\/dispear-records.com\/index.php\/wp-json\/wp\/v2\/pages\/724","targetHints":{"allow":["GET"]}}],"collection":[{"href":"https:\/\/dispear-records.com\/index.php\/wp-json\/wp\/v2\/pages"}],"about":[{"href":"https:\/\/dispear-records.com\/index.php\/wp-json\/wp\/v2\/types\/page"}],"author":[{"embeddable":true,"href":"https:\/\/dispear-records.com\/index.php\/wp-json\/wp\/v2\/users\/1"}],"replies":[{"embeddable":true,"href":"https:\/\/dispear-records.com\/index.php\/wp-json\/wp\/v2\/comments?post=724"}],"version-history":[{"count":6,"href":"https:\/\/dispear-records.com\/index.php\/wp-json\/wp\/v2\/pages\/724\/revisions"}],"predecessor-version":[{"id":921,"href":"https:\/\/dispear-records.com\/index.php\/wp-json\/wp\/v2\/pages\/724\/revisions\/921"}],"wp:attachment":[{"href":"https:\/\/dispear-records.com\/index.php\/wp-json\/wp\/v2\/media?parent=724"}],"curies":[{"name":"wp","href":"https:\/\/api.w.org\/{rel}","templated":true}]}}