{"id":757,"date":"2024-07-24T09:17:25","date_gmt":"2024-07-24T07:17:25","guid":{"rendered":"https:\/\/dispear-records.com\/?page_id=757"},"modified":"2025-03-12T12:19:45","modified_gmt":"2025-03-12T11:19:45","slug":"zikin-punk-lekeitio","status":"publish","type":"page","link":"https:\/\/dispear-records.com\/index.php\/zikin-punk-lekeitio\/","title":{"rendered":"Zikin"},"content":{"rendered":"<div class=\"wp-block-image\">\n<figure class=\"aligncenter size-full\"><img loading=\"lazy\" decoding=\"async\" width=\"556\" height=\"556\" src=\"https:\/\/dispear-records.com\/wp-content\/uploads\/2024\/07\/078-ZIKIN-_Bala-Galdua-Zure-Buru-Galduan_-12_-pronto-disponible__La-banda-mas-sucia-de-Lekeitio-gra.jpg\" alt=\"\" class=\"wp-image-758\" srcset=\"https:\/\/dispear-records.com\/wp-content\/uploads\/2024\/07\/078-ZIKIN-_Bala-Galdua-Zure-Buru-Galduan_-12_-pronto-disponible__La-banda-mas-sucia-de-Lekeitio-gra.jpg 556w, https:\/\/dispear-records.com\/wp-content\/uploads\/2024\/07\/078-ZIKIN-_Bala-Galdua-Zure-Buru-Galduan_-12_-pronto-disponible__La-banda-mas-sucia-de-Lekeitio-gra-300x300.jpg 300w, https:\/\/dispear-records.com\/wp-content\/uploads\/2024\/07\/078-ZIKIN-_Bala-Galdua-Zure-Buru-Galduan_-12_-pronto-disponible__La-banda-mas-sucia-de-Lekeitio-gra-150x150.jpg 150w, https:\/\/dispear-records.com\/wp-content\/uploads\/2024\/07\/078-ZIKIN-_Bala-Galdua-Zure-Buru-Galduan_-12_-pronto-disponible__La-banda-mas-sucia-de-Lekeitio-gra-324x324.jpg 324w, https:\/\/dispear-records.com\/wp-content\/uploads\/2024\/07\/078-ZIKIN-_Bala-Galdua-Zure-Buru-Galduan_-12_-pronto-disponible__La-banda-mas-sucia-de-Lekeitio-gra-416x416.jpg 416w, https:\/\/dispear-records.com\/wp-content\/uploads\/2024\/07\/078-ZIKIN-_Bala-Galdua-Zure-Buru-Galduan_-12_-pronto-disponible__La-banda-mas-sucia-de-Lekeitio-gra-100x100.jpg 100w\" sizes=\"auto, (max-width: 556px) 100vw, 556px\" \/><\/figure>\n<\/div>\n\n\n<p>Zikin, groupe originaire de Lekeitio au Pays Basque, officie dans le style punk hardcore empruntant des sonorit\u00e9s post punk autant que rock n&rsquo; roll. Leur musique se veut old school avec des riffs autant punk 80ies que 77, pour un r\u00e9sultat vibrant et riche de nombreuses sonorit\u00e9s, qui vous tiendra en haleine jusqu&rsquo;\u00e0 la fin de leurs albums ! Les textes sont tous en euskara, et racontent les errances de la jeunesse basque et ses troubles politiques et sociaux. <\/p>\n\n\n\n<p>Zikin fait partie de cette nouvelle vague du punk basque qui portent haut et fort l\u2019h\u00e9ritage des g\u00e9n\u00e9rations pr\u00e9c\u00e9dentes qui les ont vue grandir et leur ont transmis cette culture. Le Pays Basque est d\u00e9finitivement une terre de punk !!<\/p>\n\n\n<div data-align-buttons=\"true\" data-block-name=\"woocommerce\/product-category\" data-categories=\"[61]\" data-columns=\"1\" data-rows=\"1\" class=\"wc-block-grid wp-block-product-category wp-block-woocommerce-product-category wc-block-product-category has-1-columns has-aligned-buttons\"><ul class=\"wc-block-grid__products\"><li class=\"wc-block-grid__product\">\n\t\t\t\t<a href=\"https:\/\/dispear-records.com\/index.php\/produit\/cassette-zikin-bala-galdua-zure-buru-galduan\/\" class=\"wc-block-grid__product-link\">\n\t\t\t\t\t\n\t\t\t\t\t<div class=\"wc-block-grid__product-image\"><img loading=\"lazy\" decoding=\"async\" width=\"324\" height=\"324\" src=\"https:\/\/dispear-records.com\/wp-content\/uploads\/2024\/07\/IMG_1731-800-324x324.jpg\" class=\"attachment-woocommerce_thumbnail size-woocommerce_thumbnail\" alt=\"SOLD OUT - [Cassette] Zikin - Bala galdua zure buru galduan\" srcset=\"https:\/\/dispear-records.com\/wp-content\/uploads\/2024\/07\/IMG_1731-800-324x324.jpg 324w, https:\/\/dispear-records.com\/wp-content\/uploads\/2024\/07\/IMG_1731-800-300x300.jpg 300w, https:\/\/dispear-records.com\/wp-content\/uploads\/2024\/07\/IMG_1731-800-150x150.jpg 150w, https:\/\/dispear-records.com\/wp-content\/uploads\/2024\/07\/IMG_1731-800-768x768.jpg 768w, https:\/\/dispear-records.com\/wp-content\/uploads\/2024\/07\/IMG_1731-800-416x416.jpg 416w, https:\/\/dispear-records.com\/wp-content\/uploads\/2024\/07\/IMG_1731-800-100x100.jpg 100w, https:\/\/dispear-records.com\/wp-content\/uploads\/2024\/07\/IMG_1731-800.jpg 800w\" sizes=\"auto, (max-width: 324px) 100vw, 324px\" \/><\/div>\n\t\t\t\t\t<div class=\"wc-block-grid__product-title\">SOLD OUT &#8211; [Cassette] Zikin &#8211; Bala galdua zure buru galduan<\/div>\n\t\t\t\t<\/a>\n\t\t\t\t<div class=\"wc-block-grid__product-price price\"><span class=\"woocommerce-Price-amount amount\">7,00<span class=\"woocommerce-Price-currencySymbol\">&euro;<\/span><\/span><\/div>\n\t\t\t\t\n\t\t\t\t<div class=\"wp-block-button wc-block-grid__product-add-to-cart\"><a href=\"https:\/\/dispear-records.com\/index.php\/produit\/cassette-zikin-bala-galdua-zure-buru-galduan\/\" aria-label=\"En savoir plus sur &ldquo;SOLD OUT - [Cassette] Zikin - Bala galdua zure buru galduan&rdquo;\" data-quantity=\"1\" data-product_id=\"764\" data-product_sku=\"DSPR24029\" data-price=\"7\" rel=\"nofollow\" class=\"wp-block-button__link  add_to_cart_button\">Lire la suite<\/a><\/div>\n\t\t\t<\/li><\/ul><\/div>\n\n\n<center><iframe style=\"border: 0; width: 400px; height: 406px;\" src=\"https:\/\/bandcamp.com\/EmbeddedPlayer\/album=1046263275\/size=large\/bgcol=ffffff\/linkcol=333333\/artwork=small\/transparent=true\/\" seamless><a href=\"https:\/\/zikin.bandcamp.com\/album\/bala-galdua-zure-buru-galduan\">Bala Galdua Zure Buru Galduan de Zikin<\/a><\/iframe><\/center>\n","protected":false},"excerpt":{"rendered":"<p>Zikin, groupe originaire de Lekeitio au Pays Basque, officie dans le style punk hardcore empruntant des sonorit\u00e9s post punk autant que rock n&rsquo; roll. Leur musique se veut old school avec des riffs autant punk 80ies que 77, pour un r\u00e9sultat vibrant et riche de nombreuses sonorit\u00e9s, qui vous tiendra en haleine jusqu&rsquo;\u00e0 la fin [&hellip;]<\/p>\n","protected":false},"author":1,"featured_media":0,"parent":0,"menu_order":0,"comment_status":"closed","ping_status":"closed","template":"","meta":{"footnotes":""},"class_list":["post-757","page","type-page","status-publish","hentry"],"yoast_head":"<!-- This site is optimized with the Yoast SEO plugin v27.5 - https:\/\/yoast.com\/product\/yoast-seo-wordpress\/ -->\n<title>Zikin - Dispear Records<\/title>\n<meta name=\"description\" content=\"Le rel\u00e8ve du punk basque vient de Lekeitio et s&#039;appelle Zikin ! Leur 2e album est en cassette sur Dispear Records\" \/>\n<meta name=\"robots\" content=\"index, follow, max-snippet:-1, max-image-preview:large, max-video-preview:-1\" \/>\n<link rel=\"canonical\" href=\"https:\/\/dispear-records.com\/index.php\/zikin-punk-lekeitio\/\" \/>\n<meta property=\"og:locale\" content=\"fr_FR\" \/>\n<meta property=\"og:type\" content=\"article\" \/>\n<meta property=\"og:title\" content=\"Zikin - Dispear Records\" \/>\n<meta property=\"og:description\" content=\"Le rel\u00e8ve du punk basque vient de Lekeitio et s&#039;appelle Zikin ! Leur 2e album est en cassette sur Dispear Records\" \/>\n<meta property=\"og:url\" content=\"https:\/\/dispear-records.com\/index.php\/zikin-punk-lekeitio\/\" \/>\n<meta property=\"og:site_name\" content=\"Dispear Records\" \/>\n<meta property=\"article:modified_time\" content=\"2025-03-12T11:19:45+00:00\" \/>\n<meta property=\"og:image\" content=\"https:\/\/dispear-records.com\/wp-content\/uploads\/2024\/07\/078-ZIKIN-_Bala-Galdua-Zure-Buru-Galduan_-12_-pronto-disponible__La-banda-mas-sucia-de-Lekeitio-gra.jpg\" \/>\n\t<meta property=\"og:image:width\" content=\"556\" \/>\n\t<meta property=\"og:image:height\" content=\"556\" \/>\n\t<meta property=\"og:image:type\" content=\"image\/jpeg\" \/>\n<meta name=\"twitter:card\" content=\"summary_large_image\" \/>\n<meta name=\"twitter:label1\" content=\"Dur\u00e9e de lecture estim\u00e9e\" \/>\n\t<meta name=\"twitter:data1\" content=\"1 minute\" \/>\n<script type=\"application\/ld+json\" class=\"yoast-schema-graph\">{\"@context\":\"https:\\\/\\\/schema.org\",\"@graph\":[{\"@type\":\"WebPage\",\"@id\":\"https:\\\/\\\/dispear-records.com\\\/index.php\\\/zikin-punk-lekeitio\\\/\",\"url\":\"https:\\\/\\\/dispear-records.com\\\/index.php\\\/zikin-punk-lekeitio\\\/\",\"name\":\"Zikin - Dispear Records\",\"isPartOf\":{\"@id\":\"https:\\\/\\\/dispear-records.com\\\/#website\"},\"primaryImageOfPage\":{\"@id\":\"https:\\\/\\\/dispear-records.com\\\/index.php\\\/zikin-punk-lekeitio\\\/#primaryimage\"},\"image\":{\"@id\":\"https:\\\/\\\/dispear-records.com\\\/index.php\\\/zikin-punk-lekeitio\\\/#primaryimage\"},\"thumbnailUrl\":\"https:\\\/\\\/dispear-records.com\\\/wp-content\\\/uploads\\\/2024\\\/07\\\/078-ZIKIN-_Bala-Galdua-Zure-Buru-Galduan_-12_-pronto-disponible__La-banda-mas-sucia-de-Lekeitio-gra.jpg\",\"datePublished\":\"2024-07-24T07:17:25+00:00\",\"dateModified\":\"2025-03-12T11:19:45+00:00\",\"description\":\"Le rel\u00e8ve du punk basque vient de Lekeitio et s'appelle Zikin ! Leur 2e album est en cassette sur Dispear Records\",\"breadcrumb\":{\"@id\":\"https:\\\/\\\/dispear-records.com\\\/index.php\\\/zikin-punk-lekeitio\\\/#breadcrumb\"},\"inLanguage\":\"fr-FR\",\"potentialAction\":[{\"@type\":\"ReadAction\",\"target\":[\"https:\\\/\\\/dispear-records.com\\\/index.php\\\/zikin-punk-lekeitio\\\/\"]}]},{\"@type\":\"ImageObject\",\"inLanguage\":\"fr-FR\",\"@id\":\"https:\\\/\\\/dispear-records.com\\\/index.php\\\/zikin-punk-lekeitio\\\/#primaryimage\",\"url\":\"https:\\\/\\\/dispear-records.com\\\/wp-content\\\/uploads\\\/2024\\\/07\\\/078-ZIKIN-_Bala-Galdua-Zure-Buru-Galduan_-12_-pronto-disponible__La-banda-mas-sucia-de-Lekeitio-gra.jpg\",\"contentUrl\":\"https:\\\/\\\/dispear-records.com\\\/wp-content\\\/uploads\\\/2024\\\/07\\\/078-ZIKIN-_Bala-Galdua-Zure-Buru-Galduan_-12_-pronto-disponible__La-banda-mas-sucia-de-Lekeitio-gra.jpg\",\"width\":556,\"height\":556},{\"@type\":\"BreadcrumbList\",\"@id\":\"https:\\\/\\\/dispear-records.com\\\/index.php\\\/zikin-punk-lekeitio\\\/#breadcrumb\",\"itemListElement\":[{\"@type\":\"ListItem\",\"position\":1,\"name\":\"Accueil\",\"item\":\"https:\\\/\\\/dispear-records.com\\\/\"},{\"@type\":\"ListItem\",\"position\":2,\"name\":\"Zikin\"}]},{\"@type\":\"WebSite\",\"@id\":\"https:\\\/\\\/dispear-records.com\\\/#website\",\"url\":\"https:\\\/\\\/dispear-records.com\\\/\",\"name\":\"Dispear Records\",\"description\":\"DIY punk &amp; hardcore label\",\"publisher\":{\"@id\":\"https:\\\/\\\/dispear-records.com\\\/#organization\"},\"potentialAction\":[{\"@type\":\"SearchAction\",\"target\":{\"@type\":\"EntryPoint\",\"urlTemplate\":\"https:\\\/\\\/dispear-records.com\\\/?s={search_term_string}\"},\"query-input\":{\"@type\":\"PropertyValueSpecification\",\"valueRequired\":true,\"valueName\":\"search_term_string\"}}],\"inLanguage\":\"fr-FR\"},{\"@type\":\"Organization\",\"@id\":\"https:\\\/\\\/dispear-records.com\\\/#organization\",\"name\":\"Dispear Records\",\"url\":\"https:\\\/\\\/dispear-records.com\\\/\",\"logo\":{\"@type\":\"ImageObject\",\"inLanguage\":\"fr-FR\",\"@id\":\"https:\\\/\\\/dispear-records.com\\\/#\\\/schema\\\/logo\\\/image\\\/\",\"url\":\"https:\\\/\\\/dispear-records.com\\\/wp-content\\\/uploads\\\/2021\\\/06\\\/cropped-cropped-dispear.png\",\"contentUrl\":\"https:\\\/\\\/dispear-records.com\\\/wp-content\\\/uploads\\\/2021\\\/06\\\/cropped-cropped-dispear.png\",\"width\":2592,\"height\":709,\"caption\":\"Dispear Records\"},\"image\":{\"@id\":\"https:\\\/\\\/dispear-records.com\\\/#\\\/schema\\\/logo\\\/image\\\/\"}}]}<\/script>\n<!-- \/ Yoast SEO plugin. -->","yoast_head_json":{"title":"Zikin - Dispear Records","description":"Le rel\u00e8ve du punk basque vient de Lekeitio et s'appelle Zikin ! Leur 2e album est en cassette sur Dispear Records","robots":{"index":"index","follow":"follow","max-snippet":"max-snippet:-1","max-image-preview":"max-image-preview:large","max-video-preview":"max-video-preview:-1"},"canonical":"https:\/\/dispear-records.com\/index.php\/zikin-punk-lekeitio\/","og_locale":"fr_FR","og_type":"article","og_title":"Zikin - Dispear Records","og_description":"Le rel\u00e8ve du punk basque vient de Lekeitio et s'appelle Zikin ! Leur 2e album est en cassette sur Dispear Records","og_url":"https:\/\/dispear-records.com\/index.php\/zikin-punk-lekeitio\/","og_site_name":"Dispear Records","article_modified_time":"2025-03-12T11:19:45+00:00","og_image":[{"width":556,"height":556,"url":"https:\/\/dispear-records.com\/wp-content\/uploads\/2024\/07\/078-ZIKIN-_Bala-Galdua-Zure-Buru-Galduan_-12_-pronto-disponible__La-banda-mas-sucia-de-Lekeitio-gra.jpg","type":"image\/jpeg"}],"twitter_card":"summary_large_image","twitter_misc":{"Dur\u00e9e de lecture estim\u00e9e":"1 minute"},"schema":{"@context":"https:\/\/schema.org","@graph":[{"@type":"WebPage","@id":"https:\/\/dispear-records.com\/index.php\/zikin-punk-lekeitio\/","url":"https:\/\/dispear-records.com\/index.php\/zikin-punk-lekeitio\/","name":"Zikin - Dispear Records","isPartOf":{"@id":"https:\/\/dispear-records.com\/#website"},"primaryImageOfPage":{"@id":"https:\/\/dispear-records.com\/index.php\/zikin-punk-lekeitio\/#primaryimage"},"image":{"@id":"https:\/\/dispear-records.com\/index.php\/zikin-punk-lekeitio\/#primaryimage"},"thumbnailUrl":"https:\/\/dispear-records.com\/wp-content\/uploads\/2024\/07\/078-ZIKIN-_Bala-Galdua-Zure-Buru-Galduan_-12_-pronto-disponible__La-banda-mas-sucia-de-Lekeitio-gra.jpg","datePublished":"2024-07-24T07:17:25+00:00","dateModified":"2025-03-12T11:19:45+00:00","description":"Le rel\u00e8ve du punk basque vient de Lekeitio et s'appelle Zikin ! Leur 2e album est en cassette sur Dispear Records","breadcrumb":{"@id":"https:\/\/dispear-records.com\/index.php\/zikin-punk-lekeitio\/#breadcrumb"},"inLanguage":"fr-FR","potentialAction":[{"@type":"ReadAction","target":["https:\/\/dispear-records.com\/index.php\/zikin-punk-lekeitio\/"]}]},{"@type":"ImageObject","inLanguage":"fr-FR","@id":"https:\/\/dispear-records.com\/index.php\/zikin-punk-lekeitio\/#primaryimage","url":"https:\/\/dispear-records.com\/wp-content\/uploads\/2024\/07\/078-ZIKIN-_Bala-Galdua-Zure-Buru-Galduan_-12_-pronto-disponible__La-banda-mas-sucia-de-Lekeitio-gra.jpg","contentUrl":"https:\/\/dispear-records.com\/wp-content\/uploads\/2024\/07\/078-ZIKIN-_Bala-Galdua-Zure-Buru-Galduan_-12_-pronto-disponible__La-banda-mas-sucia-de-Lekeitio-gra.jpg","width":556,"height":556},{"@type":"BreadcrumbList","@id":"https:\/\/dispear-records.com\/index.php\/zikin-punk-lekeitio\/#breadcrumb","itemListElement":[{"@type":"ListItem","position":1,"name":"Accueil","item":"https:\/\/dispear-records.com\/"},{"@type":"ListItem","position":2,"name":"Zikin"}]},{"@type":"WebSite","@id":"https:\/\/dispear-records.com\/#website","url":"https:\/\/dispear-records.com\/","name":"Dispear Records","description":"DIY punk &amp; hardcore label","publisher":{"@id":"https:\/\/dispear-records.com\/#organization"},"potentialAction":[{"@type":"SearchAction","target":{"@type":"EntryPoint","urlTemplate":"https:\/\/dispear-records.com\/?s={search_term_string}"},"query-input":{"@type":"PropertyValueSpecification","valueRequired":true,"valueName":"search_term_string"}}],"inLanguage":"fr-FR"},{"@type":"Organization","@id":"https:\/\/dispear-records.com\/#organization","name":"Dispear Records","url":"https:\/\/dispear-records.com\/","logo":{"@type":"ImageObject","inLanguage":"fr-FR","@id":"https:\/\/dispear-records.com\/#\/schema\/logo\/image\/","url":"https:\/\/dispear-records.com\/wp-content\/uploads\/2021\/06\/cropped-cropped-dispear.png","contentUrl":"https:\/\/dispear-records.com\/wp-content\/uploads\/2021\/06\/cropped-cropped-dispear.png","width":2592,"height":709,"caption":"Dispear Records"},"image":{"@id":"https:\/\/dispear-records.com\/#\/schema\/logo\/image\/"}}]}},"_links":{"self":[{"href":"https:\/\/dispear-records.com\/index.php\/wp-json\/wp\/v2\/pages\/757","targetHints":{"allow":["GET"]}}],"collection":[{"href":"https:\/\/dispear-records.com\/index.php\/wp-json\/wp\/v2\/pages"}],"about":[{"href":"https:\/\/dispear-records.com\/index.php\/wp-json\/wp\/v2\/types\/page"}],"author":[{"embeddable":true,"href":"https:\/\/dispear-records.com\/index.php\/wp-json\/wp\/v2\/users\/1"}],"replies":[{"embeddable":true,"href":"https:\/\/dispear-records.com\/index.php\/wp-json\/wp\/v2\/comments?post=757"}],"version-history":[{"count":4,"href":"https:\/\/dispear-records.com\/index.php\/wp-json\/wp\/v2\/pages\/757\/revisions"}],"predecessor-version":[{"id":939,"href":"https:\/\/dispear-records.com\/index.php\/wp-json\/wp\/v2\/pages\/757\/revisions\/939"}],"wp:attachment":[{"href":"https:\/\/dispear-records.com\/index.php\/wp-json\/wp\/v2\/media?parent=757"}],"curies":[{"name":"wp","href":"https:\/\/api.w.org\/{rel}","templated":true}]}}