{"id":789,"date":"2024-09-04T16:52:10","date_gmt":"2024-09-04T14:52:10","guid":{"rendered":"https:\/\/dispear-records.com\/?page_id=789"},"modified":"2026-04-03T18:03:28","modified_gmt":"2026-04-03T16:03:28","slug":"left-bank-punk-rock-nantes","status":"publish","type":"page","link":"https:\/\/dispear-records.com\/index.php\/left-bank-punk-rock-nantes\/","title":{"rendered":"Left Bank"},"content":{"rendered":"<div class=\"wp-block-image\">\n<figure class=\"aligncenter size-large is-resized\"><img loading=\"lazy\" decoding=\"async\" width=\"1024\" height=\"683\" src=\"https:\/\/dispear-records.com\/wp-content\/uploads\/2024\/09\/355861711_274245988470084_3312794363251965799_n-1024x683.jpg\" alt=\"\" class=\"wp-image-790\" style=\"width:786px;height:auto\" srcset=\"https:\/\/dispear-records.com\/wp-content\/uploads\/2024\/09\/355861711_274245988470084_3312794363251965799_n-1024x683.jpg 1024w, https:\/\/dispear-records.com\/wp-content\/uploads\/2024\/09\/355861711_274245988470084_3312794363251965799_n-300x200.jpg 300w, https:\/\/dispear-records.com\/wp-content\/uploads\/2024\/09\/355861711_274245988470084_3312794363251965799_n-768x512.jpg 768w, https:\/\/dispear-records.com\/wp-content\/uploads\/2024\/09\/355861711_274245988470084_3312794363251965799_n-1536x1024.jpg 1536w, https:\/\/dispear-records.com\/wp-content\/uploads\/2024\/09\/355861711_274245988470084_3312794363251965799_n-416x277.jpg 416w, https:\/\/dispear-records.com\/wp-content\/uploads\/2024\/09\/355861711_274245988470084_3312794363251965799_n.jpg 2048w\" sizes=\"auto, (max-width: 1024px) 100vw, 1024px\" \/><\/figure>\n<\/div>\n\n\n<p><strong>Left Bank<\/strong> vient du 44 et de Nantes plus pr\u00e9cis\u00e9ment, une ville de punk qui a vu na\u00eetre bon nombre de groupes de qualit\u00e9 : de Zabriskie Point \u00e0 Po\u00e9sie Z\u00e9ro en passant par Justine. Left Bank prolonge la tradition, et nous propose un punk rock tr\u00e8s typ\u00e9 90\u2019s, bien skate punk mais \u00e0 la limite du punk hxc. Pensez Pennywise, Strung Out, etc. Cherchant \u00e0 rendre hommage aux pionniers du genre, leurs chansons abordent des th\u00e8mes qui secouent le monde et notre microcosme actuellement : la mont\u00e9e des extr\u00eames, le rapport \u00e0 la nature, le rejet du conformisme, mais aussi des sujets plus l\u00e9gers ou personnels.<\/p>\n\n\n\n<p>Left Bank a \u00e9t\u00e9 cr\u00e9\u00e9e en 2019 par Bops (chant) et Jonas (guitare rythmique), et s&rsquo;en suivra une premi\u00e8re d\u00e9mo \u00e9ponyme en 2021, 100% DIY. Leur premier EP 8 titres \u00ab Message in the bottle \u00bb sort en septembre 2024 !<\/p>\n\n\n<div data-align-buttons=\"true\" data-block-name=\"woocommerce\/product-category\" data-categories=\"[63]\" data-rows=\"1\" class=\"wc-block-grid wp-block-product-category wp-block-woocommerce-product-category wc-block-product-category has-3-columns has-aligned-buttons\"><ul class=\"wc-block-grid__products\"><li class=\"wc-block-grid__product\">\n\t\t\t\t<a href=\"https:\/\/dispear-records.com\/index.php\/produit\/vinyle-left-bank-x-heads-up-split-ep\/\" class=\"wc-block-grid__product-link\">\n\t\t\t\t\t\n\t\t\t\t\t<div class=\"wc-block-grid__product-image\"><img loading=\"lazy\" decoding=\"async\" width=\"324\" height=\"324\" src=\"https:\/\/dispear-records.com\/wp-content\/uploads\/2026\/03\/lbhu-800-324x324.jpg\" class=\"attachment-woocommerce_thumbnail size-woocommerce_thumbnail\" alt=\"[Vinyle] Left Bank x Heads Up (split EP)\" srcset=\"https:\/\/dispear-records.com\/wp-content\/uploads\/2026\/03\/lbhu-800-324x324.jpg 324w, https:\/\/dispear-records.com\/wp-content\/uploads\/2026\/03\/lbhu-800-300x300.jpg 300w, https:\/\/dispear-records.com\/wp-content\/uploads\/2026\/03\/lbhu-800-150x150.jpg 150w, https:\/\/dispear-records.com\/wp-content\/uploads\/2026\/03\/lbhu-800-768x768.jpg 768w, https:\/\/dispear-records.com\/wp-content\/uploads\/2026\/03\/lbhu-800-416x416.jpg 416w, https:\/\/dispear-records.com\/wp-content\/uploads\/2026\/03\/lbhu-800-100x100.jpg 100w, https:\/\/dispear-records.com\/wp-content\/uploads\/2026\/03\/lbhu-800.jpg 800w\" sizes=\"auto, (max-width: 324px) 100vw, 324px\" \/><\/div>\n\t\t\t\t\t<div class=\"wc-block-grid__product-title\">[Vinyle] Left Bank x Heads Up (split EP)<\/div>\n\t\t\t\t<\/a>\n\t\t\t\t<div class=\"wc-block-grid__product-price price\"><span class=\"woocommerce-Price-amount amount\">15,00<span class=\"woocommerce-Price-currencySymbol\">&euro;<\/span><\/span><\/div>\n\t\t\t\t\n\t\t\t\t<div class=\"wp-block-button wc-block-grid__product-add-to-cart\"><a href=\"\/index.php\/wp-json\/wp\/v2\/pages\/789?add-to-cart=1344\" aria-label=\"Ajouter au panier\u00a0: &ldquo;[Vinyle] Left Bank x Heads Up (split EP)&rdquo;\" data-quantity=\"1\" data-product_id=\"1344\" data-product_sku=\"DSPR26058\" data-price=\"15\" rel=\"nofollow\" class=\"wp-block-button__link  add_to_cart_button ajax_add_to_cart\">Ajouter au panier<\/a><\/div>\n\t\t\t<\/li><li class=\"wc-block-grid__product\">\n\t\t\t\t<a href=\"https:\/\/dispear-records.com\/index.php\/produit\/vinyle-left-bank-message-in-the-bottle\/\" class=\"wc-block-grid__product-link\">\n\t\t\t\t\t\n\t\t\t\t\t<div class=\"wc-block-grid__product-image\"><img loading=\"lazy\" decoding=\"async\" width=\"324\" height=\"324\" src=\"https:\/\/dispear-records.com\/wp-content\/uploads\/2024\/12\/IMG_2426-800-324x324.jpg\" class=\"attachment-woocommerce_thumbnail size-woocommerce_thumbnail\" alt=\"[Vinyle] Left Bank - Message in the bottle\" srcset=\"https:\/\/dispear-records.com\/wp-content\/uploads\/2024\/12\/IMG_2426-800-324x324.jpg 324w, https:\/\/dispear-records.com\/wp-content\/uploads\/2024\/12\/IMG_2426-800-300x300.jpg 300w, https:\/\/dispear-records.com\/wp-content\/uploads\/2024\/12\/IMG_2426-800-150x150.jpg 150w, https:\/\/dispear-records.com\/wp-content\/uploads\/2024\/12\/IMG_2426-800-768x768.jpg 768w, https:\/\/dispear-records.com\/wp-content\/uploads\/2024\/12\/IMG_2426-800-416x416.jpg 416w, https:\/\/dispear-records.com\/wp-content\/uploads\/2024\/12\/IMG_2426-800-100x100.jpg 100w, https:\/\/dispear-records.com\/wp-content\/uploads\/2024\/12\/IMG_2426-800.jpg 800w\" sizes=\"auto, (max-width: 324px) 100vw, 324px\" \/><\/div>\n\t\t\t\t\t<div class=\"wc-block-grid__product-title\">[Vinyle] Left Bank &#8211; Message in the bottle<\/div>\n\t\t\t\t<\/a>\n\t\t\t\t<div class=\"wc-block-grid__product-price price\"><span class=\"woocommerce-Price-amount amount\">15,00<span class=\"woocommerce-Price-currencySymbol\">&euro;<\/span><\/span><\/div>\n\t\t\t\t\n\t\t\t\t<div class=\"wp-block-button wc-block-grid__product-add-to-cart\"><a href=\"\/index.php\/wp-json\/wp\/v2\/pages\/789?add-to-cart=838\" aria-label=\"Ajouter au panier\u00a0: &ldquo;[Vinyle] Left Bank - Message in the bottle&rdquo;\" data-quantity=\"1\" data-product_id=\"838\" data-product_sku=\"DSPR24027v\" data-price=\"15\" rel=\"nofollow\" class=\"wp-block-button__link  add_to_cart_button ajax_add_to_cart\">Ajouter au panier<\/a><\/div>\n\t\t\t<\/li><li class=\"wc-block-grid__product\">\n\t\t\t\t<a href=\"https:\/\/dispear-records.com\/index.php\/produit\/cassette-left-bank-message-in-the-bottle\/\" class=\"wc-block-grid__product-link\">\n\t\t\t\t\t\n\t\t\t\t\t<div class=\"wc-block-grid__product-image\"><img loading=\"lazy\" decoding=\"async\" width=\"324\" height=\"324\" src=\"https:\/\/dispear-records.com\/wp-content\/uploads\/2024\/09\/IMG_2050-copie-800-324x324.jpg\" class=\"attachment-woocommerce_thumbnail size-woocommerce_thumbnail\" alt=\"[Cassette] Left Bank - Message in the bottle\" srcset=\"https:\/\/dispear-records.com\/wp-content\/uploads\/2024\/09\/IMG_2050-copie-800-324x324.jpg 324w, https:\/\/dispear-records.com\/wp-content\/uploads\/2024\/09\/IMG_2050-copie-800-300x300.jpg 300w, https:\/\/dispear-records.com\/wp-content\/uploads\/2024\/09\/IMG_2050-copie-800-150x150.jpg 150w, https:\/\/dispear-records.com\/wp-content\/uploads\/2024\/09\/IMG_2050-copie-800-768x768.jpg 768w, https:\/\/dispear-records.com\/wp-content\/uploads\/2024\/09\/IMG_2050-copie-800-416x416.jpg 416w, https:\/\/dispear-records.com\/wp-content\/uploads\/2024\/09\/IMG_2050-copie-800-100x100.jpg 100w, https:\/\/dispear-records.com\/wp-content\/uploads\/2024\/09\/IMG_2050-copie-800.jpg 800w\" sizes=\"auto, (max-width: 324px) 100vw, 324px\" \/><\/div>\n\t\t\t\t\t<div class=\"wc-block-grid__product-title\">[Cassette] Left Bank &#8211; Message in the bottle<\/div>\n\t\t\t\t<\/a>\n\t\t\t\t<div class=\"wc-block-grid__product-price price\"><span class=\"woocommerce-Price-amount amount\">7,00<span class=\"woocommerce-Price-currencySymbol\">&euro;<\/span><\/span><\/div>\n\t\t\t\t\n\t\t\t\t<div class=\"wp-block-button wc-block-grid__product-add-to-cart\"><a href=\"\/index.php\/wp-json\/wp\/v2\/pages\/789?add-to-cart=796\" aria-label=\"Ajouter au panier\u00a0: &ldquo;[Cassette] Left Bank - Message in the bottle&rdquo;\" data-quantity=\"1\" data-product_id=\"796\" data-product_sku=\"DSPR24027\" data-price=\"7\" rel=\"nofollow\" class=\"wp-block-button__link  add_to_cart_button ajax_add_to_cart\">Ajouter au panier<\/a><\/div>\n\t\t\t<\/li><\/ul><\/div>\n\n\n<div class=\"wp-block-columns is-layout-flex wp-container-core-columns-is-layout-28f84493 wp-block-columns-is-layout-flex\">\n<div class=\"wp-block-column is-layout-flow wp-block-column-is-layout-flow\">\n<iframe style=\"border: 0; width: 400px; height: 406px;\" src=\"https:\/\/bandcamp.com\/EmbeddedPlayer\/album=1617689797\/size=large\/bgcol=ffffff\/linkcol=333333\/artwork=small\/transparent=true\/\" seamless><a href=\"https:\/\/headsup0.bandcamp.com\/album\/split\">Split de Heads Up &#8211; Left Bank<\/a><\/iframe>\n<\/div>\n\n\n\n<div class=\"wp-block-column is-layout-flow wp-block-column-is-layout-flow\">\n<iframe style=\"border: 0; width: 400px; height: 406px;\" src=\"https:\/\/bandcamp.com\/EmbeddedPlayer\/album=1869645498\/size=large\/bgcol=ffffff\/linkcol=333333\/artwork=small\/transparent=true\/\" seamless><a href=\"https:\/\/leftbankpunkrock.bandcamp.com\/album\/message-in-the-bottle\">Message in the bottle de Left Bank<\/a><\/iframe>\n<\/div>\n<\/div>\n","protected":false},"excerpt":{"rendered":"<p>Left Bank vient du 44 et de Nantes plus pr\u00e9cis\u00e9ment, une ville de punk qui a vu na\u00eetre bon nombre de groupes de qualit\u00e9 : de Zabriskie Point \u00e0 Po\u00e9sie Z\u00e9ro en passant par Justine. Left Bank prolonge la tradition, et nous propose un punk rock tr\u00e8s typ\u00e9 90\u2019s, bien skate punk mais \u00e0 la [&hellip;]<\/p>\n","protected":false},"author":1,"featured_media":0,"parent":0,"menu_order":0,"comment_status":"closed","ping_status":"closed","template":"","meta":{"footnotes":""},"class_list":["post-789","page","type-page","status-publish","hentry"],"yoast_head":"<!-- This site is optimized with the Yoast SEO plugin v27.5 - https:\/\/yoast.com\/product\/yoast-seo-wordpress\/ -->\n<title>Left Bank - Dispear Records<\/title>\n<meta name=\"description\" content=\"Left Bank, c&#039;est du bon skate punk comme on aime, tout droit venu de Nantes. Premier EP sorti sur Dispear en septembre 2024 !\" \/>\n<meta name=\"robots\" content=\"index, follow, max-snippet:-1, max-image-preview:large, max-video-preview:-1\" \/>\n<link rel=\"canonical\" href=\"https:\/\/dispear-records.com\/index.php\/left-bank-punk-rock-nantes\/\" \/>\n<meta property=\"og:locale\" content=\"fr_FR\" \/>\n<meta property=\"og:type\" content=\"article\" \/>\n<meta property=\"og:title\" content=\"Left Bank - Dispear Records\" \/>\n<meta property=\"og:description\" content=\"Left Bank, c&#039;est du bon skate punk comme on aime, tout droit venu de Nantes. Premier EP sorti sur Dispear en septembre 2024 !\" \/>\n<meta property=\"og:url\" content=\"https:\/\/dispear-records.com\/index.php\/left-bank-punk-rock-nantes\/\" \/>\n<meta property=\"og:site_name\" content=\"Dispear Records\" \/>\n<meta property=\"article:modified_time\" content=\"2026-04-03T16:03:28+00:00\" \/>\n<meta property=\"og:image\" content=\"https:\/\/dispear-records.com\/wp-content\/uploads\/2024\/09\/355861711_274245988470084_3312794363251965799_n.jpg\" \/>\n\t<meta property=\"og:image:width\" content=\"2048\" \/>\n\t<meta property=\"og:image:height\" content=\"1365\" \/>\n\t<meta property=\"og:image:type\" content=\"image\/jpeg\" \/>\n<meta name=\"twitter:card\" content=\"summary_large_image\" \/>\n<meta name=\"twitter:label1\" content=\"Dur\u00e9e de lecture estim\u00e9e\" \/>\n\t<meta name=\"twitter:data1\" content=\"1 minute\" \/>\n<script type=\"application\/ld+json\" class=\"yoast-schema-graph\">{\"@context\":\"https:\\\/\\\/schema.org\",\"@graph\":[{\"@type\":\"WebPage\",\"@id\":\"https:\\\/\\\/dispear-records.com\\\/index.php\\\/left-bank-punk-rock-nantes\\\/\",\"url\":\"https:\\\/\\\/dispear-records.com\\\/index.php\\\/left-bank-punk-rock-nantes\\\/\",\"name\":\"Left Bank - Dispear Records\",\"isPartOf\":{\"@id\":\"https:\\\/\\\/dispear-records.com\\\/#website\"},\"primaryImageOfPage\":{\"@id\":\"https:\\\/\\\/dispear-records.com\\\/index.php\\\/left-bank-punk-rock-nantes\\\/#primaryimage\"},\"image\":{\"@id\":\"https:\\\/\\\/dispear-records.com\\\/index.php\\\/left-bank-punk-rock-nantes\\\/#primaryimage\"},\"thumbnailUrl\":\"https:\\\/\\\/dispear-records.com\\\/wp-content\\\/uploads\\\/2024\\\/09\\\/355861711_274245988470084_3312794363251965799_n-1024x683.jpg\",\"datePublished\":\"2024-09-04T14:52:10+00:00\",\"dateModified\":\"2026-04-03T16:03:28+00:00\",\"description\":\"Left Bank, c'est du bon skate punk comme on aime, tout droit venu de Nantes. Premier EP sorti sur Dispear en septembre 2024 !\",\"breadcrumb\":{\"@id\":\"https:\\\/\\\/dispear-records.com\\\/index.php\\\/left-bank-punk-rock-nantes\\\/#breadcrumb\"},\"inLanguage\":\"fr-FR\",\"potentialAction\":[{\"@type\":\"ReadAction\",\"target\":[\"https:\\\/\\\/dispear-records.com\\\/index.php\\\/left-bank-punk-rock-nantes\\\/\"]}]},{\"@type\":\"ImageObject\",\"inLanguage\":\"fr-FR\",\"@id\":\"https:\\\/\\\/dispear-records.com\\\/index.php\\\/left-bank-punk-rock-nantes\\\/#primaryimage\",\"url\":\"https:\\\/\\\/dispear-records.com\\\/wp-content\\\/uploads\\\/2024\\\/09\\\/355861711_274245988470084_3312794363251965799_n.jpg\",\"contentUrl\":\"https:\\\/\\\/dispear-records.com\\\/wp-content\\\/uploads\\\/2024\\\/09\\\/355861711_274245988470084_3312794363251965799_n.jpg\",\"width\":2048,\"height\":1365},{\"@type\":\"BreadcrumbList\",\"@id\":\"https:\\\/\\\/dispear-records.com\\\/index.php\\\/left-bank-punk-rock-nantes\\\/#breadcrumb\",\"itemListElement\":[{\"@type\":\"ListItem\",\"position\":1,\"name\":\"Accueil\",\"item\":\"https:\\\/\\\/dispear-records.com\\\/\"},{\"@type\":\"ListItem\",\"position\":2,\"name\":\"Left Bank\"}]},{\"@type\":\"WebSite\",\"@id\":\"https:\\\/\\\/dispear-records.com\\\/#website\",\"url\":\"https:\\\/\\\/dispear-records.com\\\/\",\"name\":\"Dispear Records\",\"description\":\"DIY punk &amp; hardcore label\",\"publisher\":{\"@id\":\"https:\\\/\\\/dispear-records.com\\\/#organization\"},\"potentialAction\":[{\"@type\":\"SearchAction\",\"target\":{\"@type\":\"EntryPoint\",\"urlTemplate\":\"https:\\\/\\\/dispear-records.com\\\/?s={search_term_string}\"},\"query-input\":{\"@type\":\"PropertyValueSpecification\",\"valueRequired\":true,\"valueName\":\"search_term_string\"}}],\"inLanguage\":\"fr-FR\"},{\"@type\":\"Organization\",\"@id\":\"https:\\\/\\\/dispear-records.com\\\/#organization\",\"name\":\"Dispear Records\",\"url\":\"https:\\\/\\\/dispear-records.com\\\/\",\"logo\":{\"@type\":\"ImageObject\",\"inLanguage\":\"fr-FR\",\"@id\":\"https:\\\/\\\/dispear-records.com\\\/#\\\/schema\\\/logo\\\/image\\\/\",\"url\":\"https:\\\/\\\/dispear-records.com\\\/wp-content\\\/uploads\\\/2021\\\/06\\\/cropped-cropped-dispear.png\",\"contentUrl\":\"https:\\\/\\\/dispear-records.com\\\/wp-content\\\/uploads\\\/2021\\\/06\\\/cropped-cropped-dispear.png\",\"width\":2592,\"height\":709,\"caption\":\"Dispear Records\"},\"image\":{\"@id\":\"https:\\\/\\\/dispear-records.com\\\/#\\\/schema\\\/logo\\\/image\\\/\"}}]}<\/script>\n<!-- \/ Yoast SEO plugin. -->","yoast_head_json":{"title":"Left Bank - Dispear Records","description":"Left Bank, c'est du bon skate punk comme on aime, tout droit venu de Nantes. Premier EP sorti sur Dispear en septembre 2024 !","robots":{"index":"index","follow":"follow","max-snippet":"max-snippet:-1","max-image-preview":"max-image-preview:large","max-video-preview":"max-video-preview:-1"},"canonical":"https:\/\/dispear-records.com\/index.php\/left-bank-punk-rock-nantes\/","og_locale":"fr_FR","og_type":"article","og_title":"Left Bank - Dispear Records","og_description":"Left Bank, c'est du bon skate punk comme on aime, tout droit venu de Nantes. Premier EP sorti sur Dispear en septembre 2024 !","og_url":"https:\/\/dispear-records.com\/index.php\/left-bank-punk-rock-nantes\/","og_site_name":"Dispear Records","article_modified_time":"2026-04-03T16:03:28+00:00","og_image":[{"width":2048,"height":1365,"url":"https:\/\/dispear-records.com\/wp-content\/uploads\/2024\/09\/355861711_274245988470084_3312794363251965799_n.jpg","type":"image\/jpeg"}],"twitter_card":"summary_large_image","twitter_misc":{"Dur\u00e9e de lecture estim\u00e9e":"1 minute"},"schema":{"@context":"https:\/\/schema.org","@graph":[{"@type":"WebPage","@id":"https:\/\/dispear-records.com\/index.php\/left-bank-punk-rock-nantes\/","url":"https:\/\/dispear-records.com\/index.php\/left-bank-punk-rock-nantes\/","name":"Left Bank - Dispear Records","isPartOf":{"@id":"https:\/\/dispear-records.com\/#website"},"primaryImageOfPage":{"@id":"https:\/\/dispear-records.com\/index.php\/left-bank-punk-rock-nantes\/#primaryimage"},"image":{"@id":"https:\/\/dispear-records.com\/index.php\/left-bank-punk-rock-nantes\/#primaryimage"},"thumbnailUrl":"https:\/\/dispear-records.com\/wp-content\/uploads\/2024\/09\/355861711_274245988470084_3312794363251965799_n-1024x683.jpg","datePublished":"2024-09-04T14:52:10+00:00","dateModified":"2026-04-03T16:03:28+00:00","description":"Left Bank, c'est du bon skate punk comme on aime, tout droit venu de Nantes. Premier EP sorti sur Dispear en septembre 2024 !","breadcrumb":{"@id":"https:\/\/dispear-records.com\/index.php\/left-bank-punk-rock-nantes\/#breadcrumb"},"inLanguage":"fr-FR","potentialAction":[{"@type":"ReadAction","target":["https:\/\/dispear-records.com\/index.php\/left-bank-punk-rock-nantes\/"]}]},{"@type":"ImageObject","inLanguage":"fr-FR","@id":"https:\/\/dispear-records.com\/index.php\/left-bank-punk-rock-nantes\/#primaryimage","url":"https:\/\/dispear-records.com\/wp-content\/uploads\/2024\/09\/355861711_274245988470084_3312794363251965799_n.jpg","contentUrl":"https:\/\/dispear-records.com\/wp-content\/uploads\/2024\/09\/355861711_274245988470084_3312794363251965799_n.jpg","width":2048,"height":1365},{"@type":"BreadcrumbList","@id":"https:\/\/dispear-records.com\/index.php\/left-bank-punk-rock-nantes\/#breadcrumb","itemListElement":[{"@type":"ListItem","position":1,"name":"Accueil","item":"https:\/\/dispear-records.com\/"},{"@type":"ListItem","position":2,"name":"Left Bank"}]},{"@type":"WebSite","@id":"https:\/\/dispear-records.com\/#website","url":"https:\/\/dispear-records.com\/","name":"Dispear Records","description":"DIY punk &amp; hardcore label","publisher":{"@id":"https:\/\/dispear-records.com\/#organization"},"potentialAction":[{"@type":"SearchAction","target":{"@type":"EntryPoint","urlTemplate":"https:\/\/dispear-records.com\/?s={search_term_string}"},"query-input":{"@type":"PropertyValueSpecification","valueRequired":true,"valueName":"search_term_string"}}],"inLanguage":"fr-FR"},{"@type":"Organization","@id":"https:\/\/dispear-records.com\/#organization","name":"Dispear Records","url":"https:\/\/dispear-records.com\/","logo":{"@type":"ImageObject","inLanguage":"fr-FR","@id":"https:\/\/dispear-records.com\/#\/schema\/logo\/image\/","url":"https:\/\/dispear-records.com\/wp-content\/uploads\/2021\/06\/cropped-cropped-dispear.png","contentUrl":"https:\/\/dispear-records.com\/wp-content\/uploads\/2021\/06\/cropped-cropped-dispear.png","width":2592,"height":709,"caption":"Dispear Records"},"image":{"@id":"https:\/\/dispear-records.com\/#\/schema\/logo\/image\/"}}]}},"_links":{"self":[{"href":"https:\/\/dispear-records.com\/index.php\/wp-json\/wp\/v2\/pages\/789","targetHints":{"allow":["GET"]}}],"collection":[{"href":"https:\/\/dispear-records.com\/index.php\/wp-json\/wp\/v2\/pages"}],"about":[{"href":"https:\/\/dispear-records.com\/index.php\/wp-json\/wp\/v2\/types\/page"}],"author":[{"embeddable":true,"href":"https:\/\/dispear-records.com\/index.php\/wp-json\/wp\/v2\/users\/1"}],"replies":[{"embeddable":true,"href":"https:\/\/dispear-records.com\/index.php\/wp-json\/wp\/v2\/comments?post=789"}],"version-history":[{"count":6,"href":"https:\/\/dispear-records.com\/index.php\/wp-json\/wp\/v2\/pages\/789\/revisions"}],"predecessor-version":[{"id":1355,"href":"https:\/\/dispear-records.com\/index.php\/wp-json\/wp\/v2\/pages\/789\/revisions\/1355"}],"wp:attachment":[{"href":"https:\/\/dispear-records.com\/index.php\/wp-json\/wp\/v2\/media?parent=789"}],"curies":[{"name":"wp","href":"https:\/\/api.w.org\/{rel}","templated":true}]}}