{"id":803,"date":"2024-09-10T21:42:32","date_gmt":"2024-09-10T19:42:32","guid":{"rendered":"https:\/\/dispear-records.com\/?page_id=803"},"modified":"2025-03-12T11:40:22","modified_gmt":"2025-03-12T10:40:22","slug":"antillectual-punk-rock-netherlands","status":"publish","type":"page","link":"https:\/\/dispear-records.com\/index.php\/antillectual-punk-rock-netherlands\/","title":{"rendered":"Antillectual"},"content":{"rendered":"<div class=\"wp-block-image\">\n<figure class=\"aligncenter size-large is-resized\"><img loading=\"lazy\" decoding=\"async\" width=\"1024\" height=\"682\" src=\"https:\/\/dispear-records.com\/wp-content\/uploads\/2024\/09\/287711689_570931781156615_4948442438701994532_n-1024x682.jpg\" alt=\"\" class=\"wp-image-804\" style=\"width:786px;height:auto\" srcset=\"https:\/\/dispear-records.com\/wp-content\/uploads\/2024\/09\/287711689_570931781156615_4948442438701994532_n-1024x682.jpg 1024w, https:\/\/dispear-records.com\/wp-content\/uploads\/2024\/09\/287711689_570931781156615_4948442438701994532_n-300x200.jpg 300w, https:\/\/dispear-records.com\/wp-content\/uploads\/2024\/09\/287711689_570931781156615_4948442438701994532_n-768x512.jpg 768w, https:\/\/dispear-records.com\/wp-content\/uploads\/2024\/09\/287711689_570931781156615_4948442438701994532_n-1536x1024.jpg 1536w, https:\/\/dispear-records.com\/wp-content\/uploads\/2024\/09\/287711689_570931781156615_4948442438701994532_n-416x277.jpg 416w, https:\/\/dispear-records.com\/wp-content\/uploads\/2024\/09\/287711689_570931781156615_4948442438701994532_n.jpg 2000w\" sizes=\"auto, (max-width: 1024px) 100vw, 1024px\" \/><\/figure>\n<\/div>\n\n\n<p><strong>Antillectual<\/strong> est un des groupes qui repr\u00e9sentent le mieux la nouvelle vague du punk m\u00e9lo europ\u00e9en ! Cr\u00e9\u00e9 en 2001, le groupe n\u00e9erlandais a r\u00e9guli\u00e8rement partag\u00e9 la sc\u00e8ne avec les grands classiques tels que Propagandhi, Strike Anywhere, Rise Against, Bad Religion, ou encore NOFX. Avec pas loin d\u2019une dizaine de sorties \u00e0 leur actif et un nombre astronomique de concerts (en plus de 20 ans de carri\u00e8re ya de quoi faire!), Antillectual s\u2019est forg\u00e9 une solide r\u00e9putation ! Le line up actuel, compos\u00e9 de Willem, Riekus, et Toon, sort en 2016 \u201cEngage\u201d et en 2023 \u201cTogether\u201d, qu&rsquo;on a ressorti en cassette pour votre plus grand bonheur !<\/p>\n\n\n<div data-align-buttons=\"true\" data-block-name=\"woocommerce\/product-category\" data-categories=\"[64]\" data-columns=\"1\" data-content-visibility=\"{&quot;image&quot;:true,&quot;title&quot;:true,&quot;price&quot;:true,&quot;rating&quot;:false,&quot;button&quot;:true}\" data-rows=\"1\" class=\"wc-block-grid wp-block-product-category wp-block-woocommerce-product-category wc-block-product-category has-1-columns has-aligned-buttons\"><ul class=\"wc-block-grid__products\"><li class=\"wc-block-grid__product\">\n\t\t\t\t<a href=\"https:\/\/dispear-records.com\/index.php\/produit\/cassette-antillectual-together\/\" class=\"wc-block-grid__product-link\">\n\t\t\t\t\t\n\t\t\t\t\t<div class=\"wc-block-grid__product-image\"><img loading=\"lazy\" decoding=\"async\" width=\"324\" height=\"324\" src=\"https:\/\/dispear-records.com\/wp-content\/uploads\/2024\/09\/IMG_2064-800-324x324.jpg\" class=\"attachment-woocommerce_thumbnail size-woocommerce_thumbnail\" alt=\"[Cassette] Antillectual - Together\" srcset=\"https:\/\/dispear-records.com\/wp-content\/uploads\/2024\/09\/IMG_2064-800-324x324.jpg 324w, https:\/\/dispear-records.com\/wp-content\/uploads\/2024\/09\/IMG_2064-800-300x300.jpg 300w, https:\/\/dispear-records.com\/wp-content\/uploads\/2024\/09\/IMG_2064-800-150x150.jpg 150w, https:\/\/dispear-records.com\/wp-content\/uploads\/2024\/09\/IMG_2064-800-768x768.jpg 768w, https:\/\/dispear-records.com\/wp-content\/uploads\/2024\/09\/IMG_2064-800-416x416.jpg 416w, https:\/\/dispear-records.com\/wp-content\/uploads\/2024\/09\/IMG_2064-800-100x100.jpg 100w, https:\/\/dispear-records.com\/wp-content\/uploads\/2024\/09\/IMG_2064-800.jpg 800w\" sizes=\"auto, (max-width: 324px) 100vw, 324px\" \/><\/div>\n\t\t\t\t\t<div class=\"wc-block-grid__product-title\">[Cassette] Antillectual &#8211; Together<\/div>\n\t\t\t\t<\/a>\n\t\t\t\t<div class=\"wc-block-grid__product-price price\"><span class=\"woocommerce-Price-amount amount\">8,00<span class=\"woocommerce-Price-currencySymbol\">&euro;<\/span><\/span><\/div>\n\t\t\t\t\n\t\t\t\t<div class=\"wp-block-button wc-block-grid__product-add-to-cart\"><a href=\"\/index.php\/wp-json\/wp\/v2\/pages\/803?add-to-cart=806\" aria-label=\"Ajouter au panier\u00a0: &ldquo;[Cassette] Antillectual - Together&rdquo;\" data-quantity=\"1\" data-product_id=\"806\" data-product_sku=\"DSPR24028\" data-price=\"8\" rel=\"nofollow\" class=\"wp-block-button__link  add_to_cart_button ajax_add_to_cart\">Ajouter au panier<\/a><\/div>\n\t\t\t<\/li><\/ul><\/div>\n\n\n<center><iframe style=\"border: 0; width: 400px; height: 472px;\" src=\"https:\/\/bandcamp.com\/EmbeddedPlayer\/album=511400615\/size=large\/bgcol=ffffff\/linkcol=e99708\/artwork=small\/transparent=true\/\" seamless><a href=\"https:\/\/music.antillectual.com\/album\/together-2023\">TOGETHER (2023) de Antillectual<\/a><\/iframe><\/center>\n","protected":false},"excerpt":{"rendered":"<p>Antillectual est un des groupes qui repr\u00e9sentent le mieux la nouvelle vague du punk m\u00e9lo europ\u00e9en ! Cr\u00e9\u00e9 en 2001, le groupe n\u00e9erlandais a r\u00e9guli\u00e8rement partag\u00e9 la sc\u00e8ne avec les grands classiques tels que Propagandhi, Strike Anywhere, Rise Against, Bad Religion, ou encore NOFX. Avec pas loin d\u2019une dizaine de sorties \u00e0 leur actif et [&hellip;]<\/p>\n","protected":false},"author":1,"featured_media":0,"parent":0,"menu_order":0,"comment_status":"closed","ping_status":"closed","template":"","meta":{"footnotes":""},"class_list":["post-803","page","type-page","status-publish","hentry"],"yoast_head":"<!-- This site is optimized with the Yoast SEO plugin v27.6 - https:\/\/yoast.com\/product\/yoast-seo-wordpress\/ -->\n<title>Antillectual - Dispear Records<\/title>\n<meta name=\"description\" content=\"Fer de lance de la sc\u00e8ne punk rock europ\u00e9enne, les n\u00e9erlandais d&#039;Antillectual ont r\u00e9\u00e9dit\u00e9 la cassette de leur dernier album chez Dispear !\" \/>\n<meta name=\"robots\" content=\"index, follow, max-snippet:-1, max-image-preview:large, max-video-preview:-1\" \/>\n<link rel=\"canonical\" href=\"https:\/\/dispear-records.com\/index.php\/antillectual-punk-rock-netherlands\/\" \/>\n<meta property=\"og:locale\" content=\"fr_FR\" \/>\n<meta property=\"og:type\" content=\"article\" \/>\n<meta property=\"og:title\" content=\"Antillectual - Dispear Records\" \/>\n<meta property=\"og:description\" content=\"Fer de lance de la sc\u00e8ne punk rock europ\u00e9enne, les n\u00e9erlandais d&#039;Antillectual ont r\u00e9\u00e9dit\u00e9 la cassette de leur dernier album chez Dispear !\" \/>\n<meta property=\"og:url\" content=\"https:\/\/dispear-records.com\/index.php\/antillectual-punk-rock-netherlands\/\" \/>\n<meta property=\"og:site_name\" content=\"Dispear Records\" \/>\n<meta property=\"article:modified_time\" content=\"2025-03-12T10:40:22+00:00\" \/>\n<meta property=\"og:image\" content=\"https:\/\/dispear-records.com\/wp-content\/uploads\/2024\/09\/287711689_570931781156615_4948442438701994532_n-1024x682.jpg\" \/>\n\t<meta property=\"og:image:width\" content=\"1024\" \/>\n\t<meta property=\"og:image:height\" content=\"682\" \/>\n\t<meta property=\"og:image:type\" content=\"image\/jpeg\" \/>\n<meta name=\"twitter:card\" content=\"summary_large_image\" \/>\n<meta name=\"twitter:label1\" content=\"Dur\u00e9e de lecture estim\u00e9e\" \/>\n\t<meta name=\"twitter:data1\" content=\"1 minute\" \/>\n<script type=\"application\/ld+json\" class=\"yoast-schema-graph\">{\"@context\":\"https:\\\/\\\/schema.org\",\"@graph\":[{\"@type\":\"WebPage\",\"@id\":\"https:\\\/\\\/dispear-records.com\\\/index.php\\\/antillectual-punk-rock-netherlands\\\/\",\"url\":\"https:\\\/\\\/dispear-records.com\\\/index.php\\\/antillectual-punk-rock-netherlands\\\/\",\"name\":\"Antillectual - Dispear Records\",\"isPartOf\":{\"@id\":\"https:\\\/\\\/dispear-records.com\\\/#website\"},\"primaryImageOfPage\":{\"@id\":\"https:\\\/\\\/dispear-records.com\\\/index.php\\\/antillectual-punk-rock-netherlands\\\/#primaryimage\"},\"image\":{\"@id\":\"https:\\\/\\\/dispear-records.com\\\/index.php\\\/antillectual-punk-rock-netherlands\\\/#primaryimage\"},\"thumbnailUrl\":\"https:\\\/\\\/dispear-records.com\\\/wp-content\\\/uploads\\\/2024\\\/09\\\/287711689_570931781156615_4948442438701994532_n-1024x682.jpg\",\"datePublished\":\"2024-09-10T19:42:32+00:00\",\"dateModified\":\"2025-03-12T10:40:22+00:00\",\"description\":\"Fer de lance de la sc\u00e8ne punk rock europ\u00e9enne, les n\u00e9erlandais d'Antillectual ont r\u00e9\u00e9dit\u00e9 la cassette de leur dernier album chez Dispear !\",\"breadcrumb\":{\"@id\":\"https:\\\/\\\/dispear-records.com\\\/index.php\\\/antillectual-punk-rock-netherlands\\\/#breadcrumb\"},\"inLanguage\":\"fr-FR\",\"potentialAction\":[{\"@type\":\"ReadAction\",\"target\":[\"https:\\\/\\\/dispear-records.com\\\/index.php\\\/antillectual-punk-rock-netherlands\\\/\"]}]},{\"@type\":\"ImageObject\",\"inLanguage\":\"fr-FR\",\"@id\":\"https:\\\/\\\/dispear-records.com\\\/index.php\\\/antillectual-punk-rock-netherlands\\\/#primaryimage\",\"url\":\"https:\\\/\\\/dispear-records.com\\\/wp-content\\\/uploads\\\/2024\\\/09\\\/287711689_570931781156615_4948442438701994532_n.jpg\",\"contentUrl\":\"https:\\\/\\\/dispear-records.com\\\/wp-content\\\/uploads\\\/2024\\\/09\\\/287711689_570931781156615_4948442438701994532_n.jpg\",\"width\":2000,\"height\":1333},{\"@type\":\"BreadcrumbList\",\"@id\":\"https:\\\/\\\/dispear-records.com\\\/index.php\\\/antillectual-punk-rock-netherlands\\\/#breadcrumb\",\"itemListElement\":[{\"@type\":\"ListItem\",\"position\":1,\"name\":\"Accueil\",\"item\":\"https:\\\/\\\/dispear-records.com\\\/\"},{\"@type\":\"ListItem\",\"position\":2,\"name\":\"Antillectual\"}]},{\"@type\":\"WebSite\",\"@id\":\"https:\\\/\\\/dispear-records.com\\\/#website\",\"url\":\"https:\\\/\\\/dispear-records.com\\\/\",\"name\":\"Dispear Records\",\"description\":\"DIY punk &amp; hardcore label\",\"publisher\":{\"@id\":\"https:\\\/\\\/dispear-records.com\\\/#organization\"},\"potentialAction\":[{\"@type\":\"SearchAction\",\"target\":{\"@type\":\"EntryPoint\",\"urlTemplate\":\"https:\\\/\\\/dispear-records.com\\\/?s={search_term_string}\"},\"query-input\":{\"@type\":\"PropertyValueSpecification\",\"valueRequired\":true,\"valueName\":\"search_term_string\"}}],\"inLanguage\":\"fr-FR\"},{\"@type\":\"Organization\",\"@id\":\"https:\\\/\\\/dispear-records.com\\\/#organization\",\"name\":\"Dispear Records\",\"url\":\"https:\\\/\\\/dispear-records.com\\\/\",\"logo\":{\"@type\":\"ImageObject\",\"inLanguage\":\"fr-FR\",\"@id\":\"https:\\\/\\\/dispear-records.com\\\/#\\\/schema\\\/logo\\\/image\\\/\",\"url\":\"https:\\\/\\\/dispear-records.com\\\/wp-content\\\/uploads\\\/2021\\\/06\\\/cropped-cropped-dispear.png\",\"contentUrl\":\"https:\\\/\\\/dispear-records.com\\\/wp-content\\\/uploads\\\/2021\\\/06\\\/cropped-cropped-dispear.png\",\"width\":2592,\"height\":709,\"caption\":\"Dispear Records\"},\"image\":{\"@id\":\"https:\\\/\\\/dispear-records.com\\\/#\\\/schema\\\/logo\\\/image\\\/\"}}]}<\/script>\n<!-- \/ Yoast SEO plugin. -->","yoast_head_json":{"title":"Antillectual - Dispear Records","description":"Fer de lance de la sc\u00e8ne punk rock europ\u00e9enne, les n\u00e9erlandais d'Antillectual ont r\u00e9\u00e9dit\u00e9 la cassette de leur dernier album chez Dispear !","robots":{"index":"index","follow":"follow","max-snippet":"max-snippet:-1","max-image-preview":"max-image-preview:large","max-video-preview":"max-video-preview:-1"},"canonical":"https:\/\/dispear-records.com\/index.php\/antillectual-punk-rock-netherlands\/","og_locale":"fr_FR","og_type":"article","og_title":"Antillectual - Dispear Records","og_description":"Fer de lance de la sc\u00e8ne punk rock europ\u00e9enne, les n\u00e9erlandais d'Antillectual ont r\u00e9\u00e9dit\u00e9 la cassette de leur dernier album chez Dispear !","og_url":"https:\/\/dispear-records.com\/index.php\/antillectual-punk-rock-netherlands\/","og_site_name":"Dispear Records","article_modified_time":"2025-03-12T10:40:22+00:00","og_image":[{"width":1024,"height":682,"url":"https:\/\/dispear-records.com\/wp-content\/uploads\/2024\/09\/287711689_570931781156615_4948442438701994532_n-1024x682.jpg","type":"image\/jpeg"}],"twitter_card":"summary_large_image","twitter_misc":{"Dur\u00e9e de lecture estim\u00e9e":"1 minute"},"schema":{"@context":"https:\/\/schema.org","@graph":[{"@type":"WebPage","@id":"https:\/\/dispear-records.com\/index.php\/antillectual-punk-rock-netherlands\/","url":"https:\/\/dispear-records.com\/index.php\/antillectual-punk-rock-netherlands\/","name":"Antillectual - Dispear Records","isPartOf":{"@id":"https:\/\/dispear-records.com\/#website"},"primaryImageOfPage":{"@id":"https:\/\/dispear-records.com\/index.php\/antillectual-punk-rock-netherlands\/#primaryimage"},"image":{"@id":"https:\/\/dispear-records.com\/index.php\/antillectual-punk-rock-netherlands\/#primaryimage"},"thumbnailUrl":"https:\/\/dispear-records.com\/wp-content\/uploads\/2024\/09\/287711689_570931781156615_4948442438701994532_n-1024x682.jpg","datePublished":"2024-09-10T19:42:32+00:00","dateModified":"2025-03-12T10:40:22+00:00","description":"Fer de lance de la sc\u00e8ne punk rock europ\u00e9enne, les n\u00e9erlandais d'Antillectual ont r\u00e9\u00e9dit\u00e9 la cassette de leur dernier album chez Dispear !","breadcrumb":{"@id":"https:\/\/dispear-records.com\/index.php\/antillectual-punk-rock-netherlands\/#breadcrumb"},"inLanguage":"fr-FR","potentialAction":[{"@type":"ReadAction","target":["https:\/\/dispear-records.com\/index.php\/antillectual-punk-rock-netherlands\/"]}]},{"@type":"ImageObject","inLanguage":"fr-FR","@id":"https:\/\/dispear-records.com\/index.php\/antillectual-punk-rock-netherlands\/#primaryimage","url":"https:\/\/dispear-records.com\/wp-content\/uploads\/2024\/09\/287711689_570931781156615_4948442438701994532_n.jpg","contentUrl":"https:\/\/dispear-records.com\/wp-content\/uploads\/2024\/09\/287711689_570931781156615_4948442438701994532_n.jpg","width":2000,"height":1333},{"@type":"BreadcrumbList","@id":"https:\/\/dispear-records.com\/index.php\/antillectual-punk-rock-netherlands\/#breadcrumb","itemListElement":[{"@type":"ListItem","position":1,"name":"Accueil","item":"https:\/\/dispear-records.com\/"},{"@type":"ListItem","position":2,"name":"Antillectual"}]},{"@type":"WebSite","@id":"https:\/\/dispear-records.com\/#website","url":"https:\/\/dispear-records.com\/","name":"Dispear Records","description":"DIY punk &amp; hardcore label","publisher":{"@id":"https:\/\/dispear-records.com\/#organization"},"potentialAction":[{"@type":"SearchAction","target":{"@type":"EntryPoint","urlTemplate":"https:\/\/dispear-records.com\/?s={search_term_string}"},"query-input":{"@type":"PropertyValueSpecification","valueRequired":true,"valueName":"search_term_string"}}],"inLanguage":"fr-FR"},{"@type":"Organization","@id":"https:\/\/dispear-records.com\/#organization","name":"Dispear Records","url":"https:\/\/dispear-records.com\/","logo":{"@type":"ImageObject","inLanguage":"fr-FR","@id":"https:\/\/dispear-records.com\/#\/schema\/logo\/image\/","url":"https:\/\/dispear-records.com\/wp-content\/uploads\/2021\/06\/cropped-cropped-dispear.png","contentUrl":"https:\/\/dispear-records.com\/wp-content\/uploads\/2021\/06\/cropped-cropped-dispear.png","width":2592,"height":709,"caption":"Dispear Records"},"image":{"@id":"https:\/\/dispear-records.com\/#\/schema\/logo\/image\/"}}]}},"_links":{"self":[{"href":"https:\/\/dispear-records.com\/index.php\/wp-json\/wp\/v2\/pages\/803","targetHints":{"allow":["GET"]}}],"collection":[{"href":"https:\/\/dispear-records.com\/index.php\/wp-json\/wp\/v2\/pages"}],"about":[{"href":"https:\/\/dispear-records.com\/index.php\/wp-json\/wp\/v2\/types\/page"}],"author":[{"embeddable":true,"href":"https:\/\/dispear-records.com\/index.php\/wp-json\/wp\/v2\/users\/1"}],"replies":[{"embeddable":true,"href":"https:\/\/dispear-records.com\/index.php\/wp-json\/wp\/v2\/comments?post=803"}],"version-history":[{"count":4,"href":"https:\/\/dispear-records.com\/index.php\/wp-json\/wp\/v2\/pages\/803\/revisions"}],"predecessor-version":[{"id":911,"href":"https:\/\/dispear-records.com\/index.php\/wp-json\/wp\/v2\/pages\/803\/revisions\/911"}],"wp:attachment":[{"href":"https:\/\/dispear-records.com\/index.php\/wp-json\/wp\/v2\/media?parent=803"}],"curies":[{"name":"wp","href":"https:\/\/api.w.org\/{rel}","templated":true}]}}