{"id":813,"date":"2024-09-18T22:09:23","date_gmt":"2024-09-18T20:09:23","guid":{"rendered":"https:\/\/dispear-records.com\/?page_id=813"},"modified":"2025-03-12T12:16:53","modified_gmt":"2025-03-12T11:16:53","slug":"the-sobers-punk-rock-marseille","status":"publish","type":"page","link":"https:\/\/dispear-records.com\/index.php\/the-sobers-punk-rock-marseille\/","title":{"rendered":"The Sobers"},"content":{"rendered":"<div class=\"wp-block-image\">\n<figure class=\"aligncenter size-large\"><img loading=\"lazy\" decoding=\"async\" width=\"1024\" height=\"576\" src=\"https:\/\/dispear-records.com\/wp-content\/uploads\/2024\/09\/78562004_2874669725884977_1748443493568610304_n-1024x576.jpg\" alt=\"\" class=\"wp-image-814\" srcset=\"https:\/\/dispear-records.com\/wp-content\/uploads\/2024\/09\/78562004_2874669725884977_1748443493568610304_n-1024x576.jpg 1024w, https:\/\/dispear-records.com\/wp-content\/uploads\/2024\/09\/78562004_2874669725884977_1748443493568610304_n-300x169.jpg 300w, https:\/\/dispear-records.com\/wp-content\/uploads\/2024\/09\/78562004_2874669725884977_1748443493568610304_n-768x432.jpg 768w, https:\/\/dispear-records.com\/wp-content\/uploads\/2024\/09\/78562004_2874669725884977_1748443493568610304_n-1536x864.jpg 1536w, https:\/\/dispear-records.com\/wp-content\/uploads\/2024\/09\/78562004_2874669725884977_1748443493568610304_n-416x234.jpg 416w, https:\/\/dispear-records.com\/wp-content\/uploads\/2024\/09\/78562004_2874669725884977_1748443493568610304_n.jpg 1697w\" sizes=\"auto, (max-width: 1024px) 100vw, 1024px\" \/><\/figure>\n<\/div>\n\n\n<p>Les trois gars de The Sobers ont \u00e9t\u00e9 \u00e9lev\u00e9s au son des boules qui claquent contre le cochonnet, et au son que fait le pastaga quand il se d\u00e9verse all\u00e8grement dans un verre avec quelques gla\u00e7ons ! Vous avez bien compris, les mecs viennent de Marseille. D\u2019ailleurs la derni\u00e8re fois qu\u2019on les a vu live, ils utilisaient le morceau \u00ab\u00a0Jump\u00a0\u00bb de Van Halen en intro, ce qui nous ram\u00e8ne aux grandes heures de l\u2019OM ! Cependant, plut\u00f4t que de se diriger vers le foot, les gars ont choisi le punk rock comme plan de carri\u00e8re\u2026 Certes moins lucratif comme choix mais beaucoup plus cool ! Fond\u00e9 en 2008, les mecs ont d\u00e9j\u00e0 sorti 5 albums et EP, aux influences clairement punk californien. Grands fans de The Bronx, mais aussi de groupes fran\u00e7ais comme les Pookies et Flying Donuts, on trouve \u00e9galement dans leur musique un soup\u00e7on de Foo Fighters \u00ab\u00a0pour le c\u00f4t\u00e9 mignon\u00a0\u00bb comme ils disent. Derni\u00e8re info et non pas des moindres, ils sont plus SCH que Jul, mais en bon kid des 90\u2019s ils sont surtout I AM \u00fcber alles ! Je pense qu&rsquo; avec \u00e7a on ne pouvait pas faire une description plus approximative de ce groupe g\u00e9nial, faites en ce que vous voulez !!<\/p>\n\n\n<div data-align-buttons=\"true\" data-block-name=\"woocommerce\/product-category\" data-categories=\"[65]\" data-columns=\"1\" data-rows=\"1\" class=\"wc-block-grid wp-block-product-category wp-block-woocommerce-product-category wc-block-product-category has-1-columns has-aligned-buttons\"><ul class=\"wc-block-grid__products\"><li class=\"wc-block-grid__product\">\n\t\t\t\t<a href=\"https:\/\/dispear-records.com\/index.php\/produit\/cassette-the-sobers-dispears-prime-cuts\/\" class=\"wc-block-grid__product-link\">\n\t\t\t\t\t\n\t\t\t\t\t<div class=\"wc-block-grid__product-image\"><img loading=\"lazy\" decoding=\"async\" width=\"324\" height=\"324\" src=\"https:\/\/dispear-records.com\/wp-content\/uploads\/2024\/09\/IMG_2117-copie-800-324x324.jpg\" class=\"attachment-woocommerce_thumbnail size-woocommerce_thumbnail\" alt=\"[Cassette] The Sobers - Dispears&#039; Prime Cuts\" srcset=\"https:\/\/dispear-records.com\/wp-content\/uploads\/2024\/09\/IMG_2117-copie-800-324x324.jpg 324w, https:\/\/dispear-records.com\/wp-content\/uploads\/2024\/09\/IMG_2117-copie-800-300x300.jpg 300w, https:\/\/dispear-records.com\/wp-content\/uploads\/2024\/09\/IMG_2117-copie-800-150x150.jpg 150w, https:\/\/dispear-records.com\/wp-content\/uploads\/2024\/09\/IMG_2117-copie-800-768x768.jpg 768w, https:\/\/dispear-records.com\/wp-content\/uploads\/2024\/09\/IMG_2117-copie-800-416x416.jpg 416w, https:\/\/dispear-records.com\/wp-content\/uploads\/2024\/09\/IMG_2117-copie-800-100x100.jpg 100w, https:\/\/dispear-records.com\/wp-content\/uploads\/2024\/09\/IMG_2117-copie-800.jpg 800w\" sizes=\"auto, (max-width: 324px) 100vw, 324px\" \/><\/div>\n\t\t\t\t\t<div class=\"wc-block-grid__product-title\">[Cassette] The Sobers &#8211; Dispears&rsquo; Prime Cuts<\/div>\n\t\t\t\t<\/a>\n\t\t\t\t<div class=\"wc-block-grid__product-price price\"><span class=\"woocommerce-Price-amount amount\">7,00<span class=\"woocommerce-Price-currencySymbol\">&euro;<\/span><\/span><\/div>\n\t\t\t\t\n\t\t\t\t<div class=\"wp-block-button wc-block-grid__product-add-to-cart\"><a href=\"\/index.php\/wp-json\/wp\/v2\/pages\/813?add-to-cart=817\" aria-label=\"Ajouter au panier\u00a0: &ldquo;[Cassette] The Sobers - Dispears&#039; Prime Cuts&rdquo;\" data-quantity=\"1\" data-product_id=\"817\" data-product_sku=\"DSPR24030\" data-price=\"7\" rel=\"nofollow\" class=\"wp-block-button__link  add_to_cart_button ajax_add_to_cart\">Ajouter au panier<\/a><\/div>\n\t\t\t<\/li><\/ul><\/div>\n\n\n<center><table><tbody><tr><td><iframe style=\"border: 0; width: 400px; height: 274px;\" src=\"https:\/\/bandcamp.com\/EmbeddedPlayer\/album=3722783910\/size=large\/bgcol=ffffff\/linkcol=333333\/artwork=small\/transparent=true\/\" seamless><a href=\"https:\/\/thesobers.bandcamp.com\/album\/the-sobers-iii-2\">The Sobers III de The Sobers<\/a><\/iframe><\/td>\n<td><iframe style=\"border: 0; width: 400px; height: 472px;\" src=\"https:\/\/bandcamp.com\/EmbeddedPlayer\/album=1278212498\/size=large\/bgcol=ffffff\/linkcol=de270f\/artwork=small\/transparent=true\/\" seamless><a href=\"https:\/\/thesobers.bandcamp.com\/album\/the-sobers-iv\">The Sobers IV de The Sobers<\/a><\/iframe><\/td>\n<\/tr><\/tbody><\/table><\/center>\n","protected":false},"excerpt":{"rendered":"<p>Les trois gars de The Sobers ont \u00e9t\u00e9 \u00e9lev\u00e9s au son des boules qui claquent contre le cochonnet, et au son que fait le pastaga quand il se d\u00e9verse all\u00e8grement dans un verre avec quelques gla\u00e7ons ! Vous avez bien compris, les mecs viennent de Marseille. D\u2019ailleurs la derni\u00e8re fois qu\u2019on les a vu live, [&hellip;]<\/p>\n","protected":false},"author":1,"featured_media":0,"parent":0,"menu_order":0,"comment_status":"closed","ping_status":"closed","template":"","meta":{"footnotes":""},"class_list":["post-813","page","type-page","status-publish","hentry"],"yoast_head":"<!-- This site is optimized with the Yoast SEO plugin v27.5 - https:\/\/yoast.com\/product\/yoast-seo-wordpress\/ -->\n<title>The Sobers - Dispear Records<\/title>\n<meta name=\"description\" content=\"Du punk rock californien made in Marseille, avec un soup\u00e7on de rock qui va bien. On vous conseille notre &quot;Dispear Records prime cuts&quot; en K7 !\" \/>\n<meta name=\"robots\" content=\"index, follow, max-snippet:-1, max-image-preview:large, max-video-preview:-1\" \/>\n<link rel=\"canonical\" href=\"https:\/\/dispear-records.com\/index.php\/the-sobers-punk-rock-marseille\/\" \/>\n<meta property=\"og:locale\" content=\"fr_FR\" \/>\n<meta property=\"og:type\" content=\"article\" \/>\n<meta property=\"og:title\" content=\"The Sobers - Dispear Records\" \/>\n<meta property=\"og:description\" content=\"Du punk rock californien made in Marseille, avec un soup\u00e7on de rock qui va bien. On vous conseille notre &quot;Dispear Records prime cuts&quot; en K7 !\" \/>\n<meta property=\"og:url\" content=\"https:\/\/dispear-records.com\/index.php\/the-sobers-punk-rock-marseille\/\" \/>\n<meta property=\"og:site_name\" content=\"Dispear Records\" \/>\n<meta property=\"article:modified_time\" content=\"2025-03-12T11:16:53+00:00\" \/>\n<meta property=\"og:image\" content=\"https:\/\/dispear-records.com\/wp-content\/uploads\/2024\/09\/78562004_2874669725884977_1748443493568610304_n.jpg\" \/>\n\t<meta property=\"og:image:width\" content=\"1697\" \/>\n\t<meta property=\"og:image:height\" content=\"955\" \/>\n\t<meta property=\"og:image:type\" content=\"image\/jpeg\" \/>\n<meta name=\"twitter:card\" content=\"summary_large_image\" \/>\n<meta name=\"twitter:label1\" content=\"Dur\u00e9e de lecture estim\u00e9e\" \/>\n\t<meta name=\"twitter:data1\" content=\"2 minutes\" \/>\n<script type=\"application\/ld+json\" class=\"yoast-schema-graph\">{\"@context\":\"https:\\\/\\\/schema.org\",\"@graph\":[{\"@type\":\"WebPage\",\"@id\":\"https:\\\/\\\/dispear-records.com\\\/index.php\\\/the-sobers-punk-rock-marseille\\\/\",\"url\":\"https:\\\/\\\/dispear-records.com\\\/index.php\\\/the-sobers-punk-rock-marseille\\\/\",\"name\":\"The Sobers - Dispear Records\",\"isPartOf\":{\"@id\":\"https:\\\/\\\/dispear-records.com\\\/#website\"},\"primaryImageOfPage\":{\"@id\":\"https:\\\/\\\/dispear-records.com\\\/index.php\\\/the-sobers-punk-rock-marseille\\\/#primaryimage\"},\"image\":{\"@id\":\"https:\\\/\\\/dispear-records.com\\\/index.php\\\/the-sobers-punk-rock-marseille\\\/#primaryimage\"},\"thumbnailUrl\":\"https:\\\/\\\/dispear-records.com\\\/wp-content\\\/uploads\\\/2024\\\/09\\\/78562004_2874669725884977_1748443493568610304_n-1024x576.jpg\",\"datePublished\":\"2024-09-18T20:09:23+00:00\",\"dateModified\":\"2025-03-12T11:16:53+00:00\",\"description\":\"Du punk rock californien made in Marseille, avec un soup\u00e7on de rock qui va bien. On vous conseille notre \\\"Dispear Records prime cuts\\\" en K7 !\",\"breadcrumb\":{\"@id\":\"https:\\\/\\\/dispear-records.com\\\/index.php\\\/the-sobers-punk-rock-marseille\\\/#breadcrumb\"},\"inLanguage\":\"fr-FR\",\"potentialAction\":[{\"@type\":\"ReadAction\",\"target\":[\"https:\\\/\\\/dispear-records.com\\\/index.php\\\/the-sobers-punk-rock-marseille\\\/\"]}]},{\"@type\":\"ImageObject\",\"inLanguage\":\"fr-FR\",\"@id\":\"https:\\\/\\\/dispear-records.com\\\/index.php\\\/the-sobers-punk-rock-marseille\\\/#primaryimage\",\"url\":\"https:\\\/\\\/dispear-records.com\\\/wp-content\\\/uploads\\\/2024\\\/09\\\/78562004_2874669725884977_1748443493568610304_n.jpg\",\"contentUrl\":\"https:\\\/\\\/dispear-records.com\\\/wp-content\\\/uploads\\\/2024\\\/09\\\/78562004_2874669725884977_1748443493568610304_n.jpg\",\"width\":1697,\"height\":955},{\"@type\":\"BreadcrumbList\",\"@id\":\"https:\\\/\\\/dispear-records.com\\\/index.php\\\/the-sobers-punk-rock-marseille\\\/#breadcrumb\",\"itemListElement\":[{\"@type\":\"ListItem\",\"position\":1,\"name\":\"Accueil\",\"item\":\"https:\\\/\\\/dispear-records.com\\\/\"},{\"@type\":\"ListItem\",\"position\":2,\"name\":\"The Sobers\"}]},{\"@type\":\"WebSite\",\"@id\":\"https:\\\/\\\/dispear-records.com\\\/#website\",\"url\":\"https:\\\/\\\/dispear-records.com\\\/\",\"name\":\"Dispear Records\",\"description\":\"DIY punk &amp; hardcore label\",\"publisher\":{\"@id\":\"https:\\\/\\\/dispear-records.com\\\/#organization\"},\"potentialAction\":[{\"@type\":\"SearchAction\",\"target\":{\"@type\":\"EntryPoint\",\"urlTemplate\":\"https:\\\/\\\/dispear-records.com\\\/?s={search_term_string}\"},\"query-input\":{\"@type\":\"PropertyValueSpecification\",\"valueRequired\":true,\"valueName\":\"search_term_string\"}}],\"inLanguage\":\"fr-FR\"},{\"@type\":\"Organization\",\"@id\":\"https:\\\/\\\/dispear-records.com\\\/#organization\",\"name\":\"Dispear Records\",\"url\":\"https:\\\/\\\/dispear-records.com\\\/\",\"logo\":{\"@type\":\"ImageObject\",\"inLanguage\":\"fr-FR\",\"@id\":\"https:\\\/\\\/dispear-records.com\\\/#\\\/schema\\\/logo\\\/image\\\/\",\"url\":\"https:\\\/\\\/dispear-records.com\\\/wp-content\\\/uploads\\\/2021\\\/06\\\/cropped-cropped-dispear.png\",\"contentUrl\":\"https:\\\/\\\/dispear-records.com\\\/wp-content\\\/uploads\\\/2021\\\/06\\\/cropped-cropped-dispear.png\",\"width\":2592,\"height\":709,\"caption\":\"Dispear Records\"},\"image\":{\"@id\":\"https:\\\/\\\/dispear-records.com\\\/#\\\/schema\\\/logo\\\/image\\\/\"}}]}<\/script>\n<!-- \/ Yoast SEO plugin. -->","yoast_head_json":{"title":"The Sobers - Dispear Records","description":"Du punk rock californien made in Marseille, avec un soup\u00e7on de rock qui va bien. On vous conseille notre \"Dispear Records prime cuts\" en K7 !","robots":{"index":"index","follow":"follow","max-snippet":"max-snippet:-1","max-image-preview":"max-image-preview:large","max-video-preview":"max-video-preview:-1"},"canonical":"https:\/\/dispear-records.com\/index.php\/the-sobers-punk-rock-marseille\/","og_locale":"fr_FR","og_type":"article","og_title":"The Sobers - Dispear Records","og_description":"Du punk rock californien made in Marseille, avec un soup\u00e7on de rock qui va bien. On vous conseille notre \"Dispear Records prime cuts\" en K7 !","og_url":"https:\/\/dispear-records.com\/index.php\/the-sobers-punk-rock-marseille\/","og_site_name":"Dispear Records","article_modified_time":"2025-03-12T11:16:53+00:00","og_image":[{"width":1697,"height":955,"url":"https:\/\/dispear-records.com\/wp-content\/uploads\/2024\/09\/78562004_2874669725884977_1748443493568610304_n.jpg","type":"image\/jpeg"}],"twitter_card":"summary_large_image","twitter_misc":{"Dur\u00e9e de lecture estim\u00e9e":"2 minutes"},"schema":{"@context":"https:\/\/schema.org","@graph":[{"@type":"WebPage","@id":"https:\/\/dispear-records.com\/index.php\/the-sobers-punk-rock-marseille\/","url":"https:\/\/dispear-records.com\/index.php\/the-sobers-punk-rock-marseille\/","name":"The Sobers - Dispear Records","isPartOf":{"@id":"https:\/\/dispear-records.com\/#website"},"primaryImageOfPage":{"@id":"https:\/\/dispear-records.com\/index.php\/the-sobers-punk-rock-marseille\/#primaryimage"},"image":{"@id":"https:\/\/dispear-records.com\/index.php\/the-sobers-punk-rock-marseille\/#primaryimage"},"thumbnailUrl":"https:\/\/dispear-records.com\/wp-content\/uploads\/2024\/09\/78562004_2874669725884977_1748443493568610304_n-1024x576.jpg","datePublished":"2024-09-18T20:09:23+00:00","dateModified":"2025-03-12T11:16:53+00:00","description":"Du punk rock californien made in Marseille, avec un soup\u00e7on de rock qui va bien. On vous conseille notre \"Dispear Records prime cuts\" en K7 !","breadcrumb":{"@id":"https:\/\/dispear-records.com\/index.php\/the-sobers-punk-rock-marseille\/#breadcrumb"},"inLanguage":"fr-FR","potentialAction":[{"@type":"ReadAction","target":["https:\/\/dispear-records.com\/index.php\/the-sobers-punk-rock-marseille\/"]}]},{"@type":"ImageObject","inLanguage":"fr-FR","@id":"https:\/\/dispear-records.com\/index.php\/the-sobers-punk-rock-marseille\/#primaryimage","url":"https:\/\/dispear-records.com\/wp-content\/uploads\/2024\/09\/78562004_2874669725884977_1748443493568610304_n.jpg","contentUrl":"https:\/\/dispear-records.com\/wp-content\/uploads\/2024\/09\/78562004_2874669725884977_1748443493568610304_n.jpg","width":1697,"height":955},{"@type":"BreadcrumbList","@id":"https:\/\/dispear-records.com\/index.php\/the-sobers-punk-rock-marseille\/#breadcrumb","itemListElement":[{"@type":"ListItem","position":1,"name":"Accueil","item":"https:\/\/dispear-records.com\/"},{"@type":"ListItem","position":2,"name":"The Sobers"}]},{"@type":"WebSite","@id":"https:\/\/dispear-records.com\/#website","url":"https:\/\/dispear-records.com\/","name":"Dispear Records","description":"DIY punk &amp; hardcore label","publisher":{"@id":"https:\/\/dispear-records.com\/#organization"},"potentialAction":[{"@type":"SearchAction","target":{"@type":"EntryPoint","urlTemplate":"https:\/\/dispear-records.com\/?s={search_term_string}"},"query-input":{"@type":"PropertyValueSpecification","valueRequired":true,"valueName":"search_term_string"}}],"inLanguage":"fr-FR"},{"@type":"Organization","@id":"https:\/\/dispear-records.com\/#organization","name":"Dispear Records","url":"https:\/\/dispear-records.com\/","logo":{"@type":"ImageObject","inLanguage":"fr-FR","@id":"https:\/\/dispear-records.com\/#\/schema\/logo\/image\/","url":"https:\/\/dispear-records.com\/wp-content\/uploads\/2021\/06\/cropped-cropped-dispear.png","contentUrl":"https:\/\/dispear-records.com\/wp-content\/uploads\/2021\/06\/cropped-cropped-dispear.png","width":2592,"height":709,"caption":"Dispear Records"},"image":{"@id":"https:\/\/dispear-records.com\/#\/schema\/logo\/image\/"}}]}},"_links":{"self":[{"href":"https:\/\/dispear-records.com\/index.php\/wp-json\/wp\/v2\/pages\/813","targetHints":{"allow":["GET"]}}],"collection":[{"href":"https:\/\/dispear-records.com\/index.php\/wp-json\/wp\/v2\/pages"}],"about":[{"href":"https:\/\/dispear-records.com\/index.php\/wp-json\/wp\/v2\/types\/page"}],"author":[{"embeddable":true,"href":"https:\/\/dispear-records.com\/index.php\/wp-json\/wp\/v2\/users\/1"}],"replies":[{"embeddable":true,"href":"https:\/\/dispear-records.com\/index.php\/wp-json\/wp\/v2\/comments?post=813"}],"version-history":[{"count":3,"href":"https:\/\/dispear-records.com\/index.php\/wp-json\/wp\/v2\/pages\/813\/revisions"}],"predecessor-version":[{"id":935,"href":"https:\/\/dispear-records.com\/index.php\/wp-json\/wp\/v2\/pages\/813\/revisions\/935"}],"wp:attachment":[{"href":"https:\/\/dispear-records.com\/index.php\/wp-json\/wp\/v2\/media?parent=813"}],"curies":[{"name":"wp","href":"https:\/\/api.w.org\/{rel}","templated":true}]}}