{"id":848,"date":"2024-12-12T21:54:38","date_gmt":"2024-12-12T20:54:38","guid":{"rendered":"https:\/\/dispear-records.com\/?page_id=848"},"modified":"2025-03-12T12:13:07","modified_gmt":"2025-03-12T11:13:07","slug":"raincheck-punk-rock-lyon","status":"publish","type":"page","link":"https:\/\/dispear-records.com\/index.php\/raincheck-punk-rock-lyon\/","title":{"rendered":"Raincheck"},"content":{"rendered":"<div class=\"wp-block-image\">\n<figure class=\"aligncenter size-large\"><img loading=\"lazy\" decoding=\"async\" width=\"1024\" height=\"642\" src=\"https:\/\/dispear-records.com\/wp-content\/uploads\/2024\/12\/426709806_906597431186476_6334270296215423528_n-1024x642.jpg\" alt=\"\" class=\"wp-image-849\" srcset=\"https:\/\/dispear-records.com\/wp-content\/uploads\/2024\/12\/426709806_906597431186476_6334270296215423528_n-1024x642.jpg 1024w, https:\/\/dispear-records.com\/wp-content\/uploads\/2024\/12\/426709806_906597431186476_6334270296215423528_n-300x188.jpg 300w, https:\/\/dispear-records.com\/wp-content\/uploads\/2024\/12\/426709806_906597431186476_6334270296215423528_n-768x481.jpg 768w, https:\/\/dispear-records.com\/wp-content\/uploads\/2024\/12\/426709806_906597431186476_6334270296215423528_n-416x261.jpg 416w, https:\/\/dispear-records.com\/wp-content\/uploads\/2024\/12\/426709806_906597431186476_6334270296215423528_n.jpg 1080w\" sizes=\"auto, (max-width: 1024px) 100vw, 1024px\" \/><\/figure>\n<\/div>\n\n\n<p>Groupe lyonnais actif depuis 2014, Rainchek office dans le punk rock m\u00e9lo en y incorporant des grosses touches de hardcore a la sauce new school. Leur musique, pr\u00e9cise et catchy, s\u2019est d\u00e9clin\u00e9e en 3 opus : 2 EPs et un LP, HIGHBRO LOWBRO sorti en 2024 et coproduit par la poire !<\/p>\n\n\n<div data-align-buttons=\"true\" data-block-name=\"woocommerce\/product-category\" data-categories=\"[66]\" data-columns=\"1\" class=\"wc-block-grid wp-block-product-category wp-block-woocommerce-product-category wc-block-product-category has-1-columns has-multiple-rows has-aligned-buttons\"><ul class=\"wc-block-grid__products\"><li class=\"wc-block-grid__product\">\n\t\t\t\t<a href=\"https:\/\/dispear-records.com\/index.php\/produit\/vinyle-raincheck-highbro-lowbro\/\" class=\"wc-block-grid__product-link\">\n\t\t\t\t\t\n\t\t\t\t\t<div class=\"wc-block-grid__product-image\"><img loading=\"lazy\" decoding=\"async\" width=\"324\" height=\"324\" src=\"https:\/\/dispear-records.com\/wp-content\/uploads\/2024\/12\/IMG_2424-800-324x324.jpg\" class=\"attachment-woocommerce_thumbnail size-woocommerce_thumbnail\" alt=\"[Vinyle] Raincheck - Highbro Lowbro\" srcset=\"https:\/\/dispear-records.com\/wp-content\/uploads\/2024\/12\/IMG_2424-800-324x324.jpg 324w, https:\/\/dispear-records.com\/wp-content\/uploads\/2024\/12\/IMG_2424-800-300x300.jpg 300w, https:\/\/dispear-records.com\/wp-content\/uploads\/2024\/12\/IMG_2424-800-150x150.jpg 150w, https:\/\/dispear-records.com\/wp-content\/uploads\/2024\/12\/IMG_2424-800-768x768.jpg 768w, https:\/\/dispear-records.com\/wp-content\/uploads\/2024\/12\/IMG_2424-800-416x416.jpg 416w, https:\/\/dispear-records.com\/wp-content\/uploads\/2024\/12\/IMG_2424-800-100x100.jpg 100w, https:\/\/dispear-records.com\/wp-content\/uploads\/2024\/12\/IMG_2424-800.jpg 800w\" sizes=\"auto, (max-width: 324px) 100vw, 324px\" \/><\/div>\n\t\t\t\t\t<div class=\"wc-block-grid__product-title\">[Vinyle] Raincheck &#8211; Highbro Lowbro<\/div>\n\t\t\t\t<\/a>\n\t\t\t\t<div class=\"wc-block-grid__product-price price\"><span class=\"woocommerce-Price-amount amount\">15,00<span class=\"woocommerce-Price-currencySymbol\">&euro;<\/span><\/span><\/div>\n\t\t\t\t\n\t\t\t\t<div class=\"wp-block-button wc-block-grid__product-add-to-cart\"><a href=\"https:\/\/dispear-records.com\/index.php\/produit\/vinyle-raincheck-highbro-lowbro\/\" aria-label=\"S\u00e9lectionner les options pour &ldquo;[Vinyle] Raincheck - Highbro Lowbro&rdquo;\" data-quantity=\"1\" data-product_id=\"841\" data-product_sku=\"DSPR24034\" data-price=\"15\" rel=\"nofollow\" class=\"wp-block-button__link  add_to_cart_button\">Choix des options<\/a><\/div>\n\t\t\t<\/li><\/ul><\/div>\n\n\n<center><iframe style=\"border: 0; width: 400px; height: 472px;\" src=\"https:\/\/bandcamp.com\/EmbeddedPlayer\/album=3895184750\/size=large\/bgcol=ffffff\/linkcol=0687f5\/artwork=small\/transparent=true\/\" seamless><a href=\"https:\/\/raincheckcool.bandcamp.com\/album\/highbro-lowbro\">HIGHBRO LOWBRO de Raincheck<\/a><\/iframe><\/center>\n","protected":false},"excerpt":{"rendered":"<p>Groupe lyonnais actif depuis 2014, Rainchek office dans le punk rock m\u00e9lo en y incorporant des grosses touches de hardcore a la sauce new school. Leur musique, pr\u00e9cise et catchy, s\u2019est d\u00e9clin\u00e9e en 3 opus : 2 EPs et un LP, HIGHBRO LOWBRO sorti en 2024 et coproduit par la poire ! HIGHBRO LOWBRO de [&hellip;]<\/p>\n","protected":false},"author":1,"featured_media":0,"parent":0,"menu_order":0,"comment_status":"closed","ping_status":"closed","template":"","meta":{"footnotes":""},"class_list":["post-848","page","type-page","status-publish","hentry"],"yoast_head":"<!-- This site is optimized with the Yoast SEO plugin v27.3 - https:\/\/yoast.com\/product\/yoast-seo-wordpress\/ -->\n<title>Raincheck - Dispear Records<\/title>\n<meta name=\"description\" content=\"Avec leur punk rock m\u00e9lo saupoudr\u00e9 de hardcore, les lyonnais de Raincheck ont d\u00e9j\u00e0 sorti 2 EP et 1 LP : Highbro Lowbro, sorti en 2024\" \/>\n<meta name=\"robots\" content=\"index, follow, max-snippet:-1, max-image-preview:large, max-video-preview:-1\" \/>\n<link rel=\"canonical\" href=\"https:\/\/dispear-records.com\/index.php\/raincheck-punk-rock-lyon\/\" \/>\n<meta property=\"og:locale\" content=\"fr_FR\" \/>\n<meta property=\"og:type\" content=\"article\" \/>\n<meta property=\"og:title\" content=\"Raincheck - Dispear Records\" \/>\n<meta property=\"og:description\" content=\"Avec leur punk rock m\u00e9lo saupoudr\u00e9 de hardcore, les lyonnais de Raincheck ont d\u00e9j\u00e0 sorti 2 EP et 1 LP : Highbro Lowbro, sorti en 2024\" \/>\n<meta property=\"og:url\" content=\"https:\/\/dispear-records.com\/index.php\/raincheck-punk-rock-lyon\/\" \/>\n<meta property=\"og:site_name\" content=\"Dispear Records\" \/>\n<meta property=\"article:modified_time\" content=\"2025-03-12T11:13:07+00:00\" \/>\n<meta property=\"og:image\" content=\"https:\/\/dispear-records.com\/wp-content\/uploads\/2024\/12\/426709806_906597431186476_6334270296215423528_n.jpg\" \/>\n\t<meta property=\"og:image:width\" content=\"1080\" \/>\n\t<meta property=\"og:image:height\" content=\"677\" \/>\n\t<meta property=\"og:image:type\" content=\"image\/jpeg\" \/>\n<meta name=\"twitter:card\" content=\"summary_large_image\" \/>\n<meta name=\"twitter:label1\" content=\"Dur\u00e9e de lecture estim\u00e9e\" \/>\n\t<meta name=\"twitter:data1\" content=\"1 minute\" \/>\n<script type=\"application\/ld+json\" class=\"yoast-schema-graph\">{\"@context\":\"https:\\\/\\\/schema.org\",\"@graph\":[{\"@type\":\"WebPage\",\"@id\":\"https:\\\/\\\/dispear-records.com\\\/index.php\\\/raincheck-punk-rock-lyon\\\/\",\"url\":\"https:\\\/\\\/dispear-records.com\\\/index.php\\\/raincheck-punk-rock-lyon\\\/\",\"name\":\"Raincheck - Dispear Records\",\"isPartOf\":{\"@id\":\"https:\\\/\\\/dispear-records.com\\\/#website\"},\"primaryImageOfPage\":{\"@id\":\"https:\\\/\\\/dispear-records.com\\\/index.php\\\/raincheck-punk-rock-lyon\\\/#primaryimage\"},\"image\":{\"@id\":\"https:\\\/\\\/dispear-records.com\\\/index.php\\\/raincheck-punk-rock-lyon\\\/#primaryimage\"},\"thumbnailUrl\":\"https:\\\/\\\/dispear-records.com\\\/wp-content\\\/uploads\\\/2024\\\/12\\\/426709806_906597431186476_6334270296215423528_n-1024x642.jpg\",\"datePublished\":\"2024-12-12T20:54:38+00:00\",\"dateModified\":\"2025-03-12T11:13:07+00:00\",\"description\":\"Avec leur punk rock m\u00e9lo saupoudr\u00e9 de hardcore, les lyonnais de Raincheck ont d\u00e9j\u00e0 sorti 2 EP et 1 LP : Highbro Lowbro, sorti en 2024\",\"breadcrumb\":{\"@id\":\"https:\\\/\\\/dispear-records.com\\\/index.php\\\/raincheck-punk-rock-lyon\\\/#breadcrumb\"},\"inLanguage\":\"fr-FR\",\"potentialAction\":[{\"@type\":\"ReadAction\",\"target\":[\"https:\\\/\\\/dispear-records.com\\\/index.php\\\/raincheck-punk-rock-lyon\\\/\"]}]},{\"@type\":\"ImageObject\",\"inLanguage\":\"fr-FR\",\"@id\":\"https:\\\/\\\/dispear-records.com\\\/index.php\\\/raincheck-punk-rock-lyon\\\/#primaryimage\",\"url\":\"https:\\\/\\\/dispear-records.com\\\/wp-content\\\/uploads\\\/2024\\\/12\\\/426709806_906597431186476_6334270296215423528_n.jpg\",\"contentUrl\":\"https:\\\/\\\/dispear-records.com\\\/wp-content\\\/uploads\\\/2024\\\/12\\\/426709806_906597431186476_6334270296215423528_n.jpg\",\"width\":1080,\"height\":677},{\"@type\":\"BreadcrumbList\",\"@id\":\"https:\\\/\\\/dispear-records.com\\\/index.php\\\/raincheck-punk-rock-lyon\\\/#breadcrumb\",\"itemListElement\":[{\"@type\":\"ListItem\",\"position\":1,\"name\":\"Accueil\",\"item\":\"https:\\\/\\\/dispear-records.com\\\/\"},{\"@type\":\"ListItem\",\"position\":2,\"name\":\"Raincheck\"}]},{\"@type\":\"WebSite\",\"@id\":\"https:\\\/\\\/dispear-records.com\\\/#website\",\"url\":\"https:\\\/\\\/dispear-records.com\\\/\",\"name\":\"Dispear Records\",\"description\":\"DIY punk &amp; hardcore label\",\"publisher\":{\"@id\":\"https:\\\/\\\/dispear-records.com\\\/#organization\"},\"potentialAction\":[{\"@type\":\"SearchAction\",\"target\":{\"@type\":\"EntryPoint\",\"urlTemplate\":\"https:\\\/\\\/dispear-records.com\\\/?s={search_term_string}\"},\"query-input\":{\"@type\":\"PropertyValueSpecification\",\"valueRequired\":true,\"valueName\":\"search_term_string\"}}],\"inLanguage\":\"fr-FR\"},{\"@type\":\"Organization\",\"@id\":\"https:\\\/\\\/dispear-records.com\\\/#organization\",\"name\":\"Dispear Records\",\"url\":\"https:\\\/\\\/dispear-records.com\\\/\",\"logo\":{\"@type\":\"ImageObject\",\"inLanguage\":\"fr-FR\",\"@id\":\"https:\\\/\\\/dispear-records.com\\\/#\\\/schema\\\/logo\\\/image\\\/\",\"url\":\"https:\\\/\\\/dispear-records.com\\\/wp-content\\\/uploads\\\/2021\\\/06\\\/cropped-cropped-dispear.png\",\"contentUrl\":\"https:\\\/\\\/dispear-records.com\\\/wp-content\\\/uploads\\\/2021\\\/06\\\/cropped-cropped-dispear.png\",\"width\":2592,\"height\":709,\"caption\":\"Dispear Records\"},\"image\":{\"@id\":\"https:\\\/\\\/dispear-records.com\\\/#\\\/schema\\\/logo\\\/image\\\/\"}}]}<\/script>\n<!-- \/ Yoast SEO plugin. -->","yoast_head_json":{"title":"Raincheck - Dispear Records","description":"Avec leur punk rock m\u00e9lo saupoudr\u00e9 de hardcore, les lyonnais de Raincheck ont d\u00e9j\u00e0 sorti 2 EP et 1 LP : Highbro Lowbro, sorti en 2024","robots":{"index":"index","follow":"follow","max-snippet":"max-snippet:-1","max-image-preview":"max-image-preview:large","max-video-preview":"max-video-preview:-1"},"canonical":"https:\/\/dispear-records.com\/index.php\/raincheck-punk-rock-lyon\/","og_locale":"fr_FR","og_type":"article","og_title":"Raincheck - Dispear Records","og_description":"Avec leur punk rock m\u00e9lo saupoudr\u00e9 de hardcore, les lyonnais de Raincheck ont d\u00e9j\u00e0 sorti 2 EP et 1 LP : Highbro Lowbro, sorti en 2024","og_url":"https:\/\/dispear-records.com\/index.php\/raincheck-punk-rock-lyon\/","og_site_name":"Dispear Records","article_modified_time":"2025-03-12T11:13:07+00:00","og_image":[{"width":1080,"height":677,"url":"https:\/\/dispear-records.com\/wp-content\/uploads\/2024\/12\/426709806_906597431186476_6334270296215423528_n.jpg","type":"image\/jpeg"}],"twitter_card":"summary_large_image","twitter_misc":{"Dur\u00e9e de lecture estim\u00e9e":"1 minute"},"schema":{"@context":"https:\/\/schema.org","@graph":[{"@type":"WebPage","@id":"https:\/\/dispear-records.com\/index.php\/raincheck-punk-rock-lyon\/","url":"https:\/\/dispear-records.com\/index.php\/raincheck-punk-rock-lyon\/","name":"Raincheck - Dispear Records","isPartOf":{"@id":"https:\/\/dispear-records.com\/#website"},"primaryImageOfPage":{"@id":"https:\/\/dispear-records.com\/index.php\/raincheck-punk-rock-lyon\/#primaryimage"},"image":{"@id":"https:\/\/dispear-records.com\/index.php\/raincheck-punk-rock-lyon\/#primaryimage"},"thumbnailUrl":"https:\/\/dispear-records.com\/wp-content\/uploads\/2024\/12\/426709806_906597431186476_6334270296215423528_n-1024x642.jpg","datePublished":"2024-12-12T20:54:38+00:00","dateModified":"2025-03-12T11:13:07+00:00","description":"Avec leur punk rock m\u00e9lo saupoudr\u00e9 de hardcore, les lyonnais de Raincheck ont d\u00e9j\u00e0 sorti 2 EP et 1 LP : Highbro Lowbro, sorti en 2024","breadcrumb":{"@id":"https:\/\/dispear-records.com\/index.php\/raincheck-punk-rock-lyon\/#breadcrumb"},"inLanguage":"fr-FR","potentialAction":[{"@type":"ReadAction","target":["https:\/\/dispear-records.com\/index.php\/raincheck-punk-rock-lyon\/"]}]},{"@type":"ImageObject","inLanguage":"fr-FR","@id":"https:\/\/dispear-records.com\/index.php\/raincheck-punk-rock-lyon\/#primaryimage","url":"https:\/\/dispear-records.com\/wp-content\/uploads\/2024\/12\/426709806_906597431186476_6334270296215423528_n.jpg","contentUrl":"https:\/\/dispear-records.com\/wp-content\/uploads\/2024\/12\/426709806_906597431186476_6334270296215423528_n.jpg","width":1080,"height":677},{"@type":"BreadcrumbList","@id":"https:\/\/dispear-records.com\/index.php\/raincheck-punk-rock-lyon\/#breadcrumb","itemListElement":[{"@type":"ListItem","position":1,"name":"Accueil","item":"https:\/\/dispear-records.com\/"},{"@type":"ListItem","position":2,"name":"Raincheck"}]},{"@type":"WebSite","@id":"https:\/\/dispear-records.com\/#website","url":"https:\/\/dispear-records.com\/","name":"Dispear Records","description":"DIY punk &amp; hardcore label","publisher":{"@id":"https:\/\/dispear-records.com\/#organization"},"potentialAction":[{"@type":"SearchAction","target":{"@type":"EntryPoint","urlTemplate":"https:\/\/dispear-records.com\/?s={search_term_string}"},"query-input":{"@type":"PropertyValueSpecification","valueRequired":true,"valueName":"search_term_string"}}],"inLanguage":"fr-FR"},{"@type":"Organization","@id":"https:\/\/dispear-records.com\/#organization","name":"Dispear Records","url":"https:\/\/dispear-records.com\/","logo":{"@type":"ImageObject","inLanguage":"fr-FR","@id":"https:\/\/dispear-records.com\/#\/schema\/logo\/image\/","url":"https:\/\/dispear-records.com\/wp-content\/uploads\/2021\/06\/cropped-cropped-dispear.png","contentUrl":"https:\/\/dispear-records.com\/wp-content\/uploads\/2021\/06\/cropped-cropped-dispear.png","width":2592,"height":709,"caption":"Dispear Records"},"image":{"@id":"https:\/\/dispear-records.com\/#\/schema\/logo\/image\/"}}]}},"_links":{"self":[{"href":"https:\/\/dispear-records.com\/index.php\/wp-json\/wp\/v2\/pages\/848","targetHints":{"allow":["GET"]}}],"collection":[{"href":"https:\/\/dispear-records.com\/index.php\/wp-json\/wp\/v2\/pages"}],"about":[{"href":"https:\/\/dispear-records.com\/index.php\/wp-json\/wp\/v2\/types\/page"}],"author":[{"embeddable":true,"href":"https:\/\/dispear-records.com\/index.php\/wp-json\/wp\/v2\/users\/1"}],"replies":[{"embeddable":true,"href":"https:\/\/dispear-records.com\/index.php\/wp-json\/wp\/v2\/comments?post=848"}],"version-history":[{"count":3,"href":"https:\/\/dispear-records.com\/index.php\/wp-json\/wp\/v2\/pages\/848\/revisions"}],"predecessor-version":[{"id":930,"href":"https:\/\/dispear-records.com\/index.php\/wp-json\/wp\/v2\/pages\/848\/revisions\/930"}],"wp:attachment":[{"href":"https:\/\/dispear-records.com\/index.php\/wp-json\/wp\/v2\/media?parent=848"}],"curies":[{"name":"wp","href":"https:\/\/api.w.org\/{rel}","templated":true}]}}