{"id":864,"date":"2025-03-01T13:54:07","date_gmt":"2025-03-01T12:54:07","guid":{"rendered":"https:\/\/dispear-records.com\/?page_id=864"},"modified":"2025-03-12T11:49:24","modified_gmt":"2025-03-12T10:49:24","slug":"burning-heads-punk-rock-orleans","status":"publish","type":"page","link":"https:\/\/dispear-records.com\/index.php\/burning-heads-punk-rock-orleans\/","title":{"rendered":"Burning Heads"},"content":{"rendered":"<div class=\"wp-block-image\">\n<figure class=\"aligncenter size-large\"><img loading=\"lazy\" decoding=\"async\" width=\"1024\" height=\"597\" src=\"https:\/\/dispear-records.com\/wp-content\/uploads\/2025\/03\/469688560_3862467367305329_541503901954966357_n-1024x597.jpg\" alt=\"\" class=\"wp-image-865\" srcset=\"https:\/\/dispear-records.com\/wp-content\/uploads\/2025\/03\/469688560_3862467367305329_541503901954966357_n-1024x597.jpg 1024w, https:\/\/dispear-records.com\/wp-content\/uploads\/2025\/03\/469688560_3862467367305329_541503901954966357_n-300x175.jpg 300w, https:\/\/dispear-records.com\/wp-content\/uploads\/2025\/03\/469688560_3862467367305329_541503901954966357_n-768x447.jpg 768w, https:\/\/dispear-records.com\/wp-content\/uploads\/2025\/03\/469688560_3862467367305329_541503901954966357_n-1536x895.jpg 1536w, https:\/\/dispear-records.com\/wp-content\/uploads\/2025\/03\/469688560_3862467367305329_541503901954966357_n-416x242.jpg 416w, https:\/\/dispear-records.com\/wp-content\/uploads\/2025\/03\/469688560_3862467367305329_541503901954966357_n.jpg 2048w\" sizes=\"auto, (max-width: 1024px) 100vw, 1024px\" \/><\/figure>\n<\/div>\n\n\n<p>Burning Heads&#8230; Est-il vraiment n\u00e9cessaire de les pr\u00e9senter ?! Originaires d&rsquo;Orl\u00e9ans, ces v\u00e9t\u00e9rans du skate punk ont plus de 30 ans de carri\u00e8re, des dizaines d&rsquo;albums et un nombre de concerts hallucinant, aux c\u00f4t\u00e9s des groupes de punk rock les plus cools de la plan\u00e8te ! Et un des rares groupes fran\u00e7ais, si ce n&rsquo;est le seul, \u00e0 avoir sign\u00e9 chez Epitaph et Victory, des labels de r\u00e9f\u00e9rence pour le skate punk. <\/p>\n\n\n\n<p>Pour plus d&rsquo;histoire, d&rsquo;anecdotes et de d\u00e9tails sur ce monument du punk rock fran\u00e7ais, on vous conseille d&rsquo;aller lire \u201cHey You ! Une histoire orale des Burning Heads\u201d. Cette biographie donne la parole aux membres du groupe et aux personnages hauts en couleur qui ont crois\u00e9 leur route ! \u00c7a se commande chez le coll\u00e8gue de <a href=\"https:\/\/metrobeach.fr\/heyyou\/\" target=\"_blank\" rel=\"noreferrer noopener\">Metro Beach<\/a>.<\/p>\n\n\n<div data-align-buttons=\"true\" data-block-name=\"woocommerce\/product-category\" data-categories=\"[67]\" data-columns=\"1\" data-rows=\"1\" class=\"wc-block-grid wp-block-product-category wp-block-woocommerce-product-category wc-block-product-category has-1-columns has-aligned-buttons\"><ul class=\"wc-block-grid__products\"><li class=\"wc-block-grid__product\">\n\t\t\t\t<a href=\"https:\/\/dispear-records.com\/index.php\/produit\/cassette-burning-heads-passion-fun-energy\/\" class=\"wc-block-grid__product-link\">\n\t\t\t\t\t\n\t\t\t\t\t<div class=\"wc-block-grid__product-image\"><img loading=\"lazy\" decoding=\"async\" width=\"324\" height=\"324\" src=\"https:\/\/dispear-records.com\/wp-content\/uploads\/2025\/03\/k7-bh-carre1-324x324.jpg\" class=\"attachment-woocommerce_thumbnail size-woocommerce_thumbnail\" alt=\"[Cassette] Burning Heads - Passion-Fun-Energy\" srcset=\"https:\/\/dispear-records.com\/wp-content\/uploads\/2025\/03\/k7-bh-carre1-324x324.jpg 324w, https:\/\/dispear-records.com\/wp-content\/uploads\/2025\/03\/k7-bh-carre1-300x300.jpg 300w, https:\/\/dispear-records.com\/wp-content\/uploads\/2025\/03\/k7-bh-carre1-150x150.jpg 150w, https:\/\/dispear-records.com\/wp-content\/uploads\/2025\/03\/k7-bh-carre1-768x768.jpg 768w, https:\/\/dispear-records.com\/wp-content\/uploads\/2025\/03\/k7-bh-carre1-416x416.jpg 416w, https:\/\/dispear-records.com\/wp-content\/uploads\/2025\/03\/k7-bh-carre1-100x100.jpg 100w, https:\/\/dispear-records.com\/wp-content\/uploads\/2025\/03\/k7-bh-carre1.jpg 800w\" sizes=\"auto, (max-width: 324px) 100vw, 324px\" \/><\/div>\n\t\t\t\t\t<div class=\"wc-block-grid__product-title\">[Cassette] Burning Heads &#8211; Passion-Fun-Energy<\/div>\n\t\t\t\t<\/a>\n\t\t\t\t<div class=\"wc-block-grid__product-price price\"><span class=\"woocommerce-Price-amount amount\">8,00<span class=\"woocommerce-Price-currencySymbol\">&euro;<\/span><\/span><\/div>\n\t\t\t\t\n\t\t\t\t<div class=\"wp-block-button wc-block-grid__product-add-to-cart\"><a href=\"\/index.php\/wp-json\/wp\/v2\/pages\/864?add-to-cart=867\" aria-label=\"Ajouter au panier\u00a0: &ldquo;[Cassette] Burning Heads - Passion-Fun-Energy&rdquo;\" data-quantity=\"1\" data-product_id=\"867\" data-product_sku=\"DSPR25037\" data-price=\"8\" rel=\"nofollow\" class=\"wp-block-button__link  add_to_cart_button ajax_add_to_cart\">Ajouter au panier<\/a><\/div>\n\t\t\t<\/li><\/ul><\/div>","protected":false},"excerpt":{"rendered":"<p>Burning Heads&#8230; Est-il vraiment n\u00e9cessaire de les pr\u00e9senter ?! Originaires d&rsquo;Orl\u00e9ans, ces v\u00e9t\u00e9rans du skate punk ont plus de 30 ans de carri\u00e8re, des dizaines d&rsquo;albums et un nombre de concerts hallucinant, aux c\u00f4t\u00e9s des groupes de punk rock les plus cools de la plan\u00e8te ! Et un des rares groupes fran\u00e7ais, si ce n&rsquo;est [&hellip;]<\/p>\n","protected":false},"author":1,"featured_media":0,"parent":0,"menu_order":0,"comment_status":"closed","ping_status":"closed","template":"","meta":{"footnotes":""},"class_list":["post-864","page","type-page","status-publish","hentry"],"yoast_head":"<!-- This site is optimized with the Yoast SEO plugin v27.5 - https:\/\/yoast.com\/product\/yoast-seo-wordpress\/ -->\n<title>Burning Heads - Dispear Records<\/title>\n<meta name=\"description\" content=\"V\u00e9t\u00e9rans du skate punk fran\u00e7ais, les Burning Heads continuent d&#039;\u00e9cumer les sc\u00e8nes, pour notre plus grand plaisir !\" \/>\n<meta name=\"robots\" content=\"index, follow, max-snippet:-1, max-image-preview:large, max-video-preview:-1\" \/>\n<link rel=\"canonical\" href=\"https:\/\/dispear-records.com\/index.php\/burning-heads-punk-rock-orleans\/\" \/>\n<meta property=\"og:locale\" content=\"fr_FR\" \/>\n<meta property=\"og:type\" content=\"article\" \/>\n<meta property=\"og:title\" content=\"Burning Heads - Dispear Records\" \/>\n<meta property=\"og:description\" content=\"V\u00e9t\u00e9rans du skate punk fran\u00e7ais, les Burning Heads continuent d&#039;\u00e9cumer les sc\u00e8nes, pour notre plus grand plaisir !\" \/>\n<meta property=\"og:url\" content=\"https:\/\/dispear-records.com\/index.php\/burning-heads-punk-rock-orleans\/\" \/>\n<meta property=\"og:site_name\" content=\"Dispear Records\" \/>\n<meta property=\"article:modified_time\" content=\"2025-03-12T10:49:24+00:00\" \/>\n<meta property=\"og:image\" content=\"https:\/\/dispear-records.com\/wp-content\/uploads\/2025\/03\/469688560_3862467367305329_541503901954966357_n-1024x597.jpg\" \/>\n\t<meta property=\"og:image:width\" content=\"1024\" \/>\n\t<meta property=\"og:image:height\" content=\"597\" \/>\n\t<meta property=\"og:image:type\" content=\"image\/jpeg\" \/>\n<meta name=\"twitter:card\" content=\"summary_large_image\" \/>\n<meta name=\"twitter:label1\" content=\"Dur\u00e9e de lecture estim\u00e9e\" \/>\n\t<meta name=\"twitter:data1\" content=\"1 minute\" \/>\n<script type=\"application\/ld+json\" class=\"yoast-schema-graph\">{\"@context\":\"https:\\\/\\\/schema.org\",\"@graph\":[{\"@type\":\"WebPage\",\"@id\":\"https:\\\/\\\/dispear-records.com\\\/index.php\\\/burning-heads-punk-rock-orleans\\\/\",\"url\":\"https:\\\/\\\/dispear-records.com\\\/index.php\\\/burning-heads-punk-rock-orleans\\\/\",\"name\":\"Burning Heads - Dispear Records\",\"isPartOf\":{\"@id\":\"https:\\\/\\\/dispear-records.com\\\/#website\"},\"primaryImageOfPage\":{\"@id\":\"https:\\\/\\\/dispear-records.com\\\/index.php\\\/burning-heads-punk-rock-orleans\\\/#primaryimage\"},\"image\":{\"@id\":\"https:\\\/\\\/dispear-records.com\\\/index.php\\\/burning-heads-punk-rock-orleans\\\/#primaryimage\"},\"thumbnailUrl\":\"https:\\\/\\\/dispear-records.com\\\/wp-content\\\/uploads\\\/2025\\\/03\\\/469688560_3862467367305329_541503901954966357_n-1024x597.jpg\",\"datePublished\":\"2025-03-01T12:54:07+00:00\",\"dateModified\":\"2025-03-12T10:49:24+00:00\",\"description\":\"V\u00e9t\u00e9rans du skate punk fran\u00e7ais, les Burning Heads continuent d'\u00e9cumer les sc\u00e8nes, pour notre plus grand plaisir !\",\"breadcrumb\":{\"@id\":\"https:\\\/\\\/dispear-records.com\\\/index.php\\\/burning-heads-punk-rock-orleans\\\/#breadcrumb\"},\"inLanguage\":\"fr-FR\",\"potentialAction\":[{\"@type\":\"ReadAction\",\"target\":[\"https:\\\/\\\/dispear-records.com\\\/index.php\\\/burning-heads-punk-rock-orleans\\\/\"]}]},{\"@type\":\"ImageObject\",\"inLanguage\":\"fr-FR\",\"@id\":\"https:\\\/\\\/dispear-records.com\\\/index.php\\\/burning-heads-punk-rock-orleans\\\/#primaryimage\",\"url\":\"https:\\\/\\\/dispear-records.com\\\/wp-content\\\/uploads\\\/2025\\\/03\\\/469688560_3862467367305329_541503901954966357_n.jpg\",\"contentUrl\":\"https:\\\/\\\/dispear-records.com\\\/wp-content\\\/uploads\\\/2025\\\/03\\\/469688560_3862467367305329_541503901954966357_n.jpg\",\"width\":2048,\"height\":1193},{\"@type\":\"BreadcrumbList\",\"@id\":\"https:\\\/\\\/dispear-records.com\\\/index.php\\\/burning-heads-punk-rock-orleans\\\/#breadcrumb\",\"itemListElement\":[{\"@type\":\"ListItem\",\"position\":1,\"name\":\"Accueil\",\"item\":\"https:\\\/\\\/dispear-records.com\\\/\"},{\"@type\":\"ListItem\",\"position\":2,\"name\":\"Burning Heads\"}]},{\"@type\":\"WebSite\",\"@id\":\"https:\\\/\\\/dispear-records.com\\\/#website\",\"url\":\"https:\\\/\\\/dispear-records.com\\\/\",\"name\":\"Dispear Records\",\"description\":\"DIY punk &amp; hardcore label\",\"publisher\":{\"@id\":\"https:\\\/\\\/dispear-records.com\\\/#organization\"},\"potentialAction\":[{\"@type\":\"SearchAction\",\"target\":{\"@type\":\"EntryPoint\",\"urlTemplate\":\"https:\\\/\\\/dispear-records.com\\\/?s={search_term_string}\"},\"query-input\":{\"@type\":\"PropertyValueSpecification\",\"valueRequired\":true,\"valueName\":\"search_term_string\"}}],\"inLanguage\":\"fr-FR\"},{\"@type\":\"Organization\",\"@id\":\"https:\\\/\\\/dispear-records.com\\\/#organization\",\"name\":\"Dispear Records\",\"url\":\"https:\\\/\\\/dispear-records.com\\\/\",\"logo\":{\"@type\":\"ImageObject\",\"inLanguage\":\"fr-FR\",\"@id\":\"https:\\\/\\\/dispear-records.com\\\/#\\\/schema\\\/logo\\\/image\\\/\",\"url\":\"https:\\\/\\\/dispear-records.com\\\/wp-content\\\/uploads\\\/2021\\\/06\\\/cropped-cropped-dispear.png\",\"contentUrl\":\"https:\\\/\\\/dispear-records.com\\\/wp-content\\\/uploads\\\/2021\\\/06\\\/cropped-cropped-dispear.png\",\"width\":2592,\"height\":709,\"caption\":\"Dispear Records\"},\"image\":{\"@id\":\"https:\\\/\\\/dispear-records.com\\\/#\\\/schema\\\/logo\\\/image\\\/\"}}]}<\/script>\n<!-- \/ Yoast SEO plugin. -->","yoast_head_json":{"title":"Burning Heads - Dispear Records","description":"V\u00e9t\u00e9rans du skate punk fran\u00e7ais, les Burning Heads continuent d'\u00e9cumer les sc\u00e8nes, pour notre plus grand plaisir !","robots":{"index":"index","follow":"follow","max-snippet":"max-snippet:-1","max-image-preview":"max-image-preview:large","max-video-preview":"max-video-preview:-1"},"canonical":"https:\/\/dispear-records.com\/index.php\/burning-heads-punk-rock-orleans\/","og_locale":"fr_FR","og_type":"article","og_title":"Burning Heads - Dispear Records","og_description":"V\u00e9t\u00e9rans du skate punk fran\u00e7ais, les Burning Heads continuent d'\u00e9cumer les sc\u00e8nes, pour notre plus grand plaisir !","og_url":"https:\/\/dispear-records.com\/index.php\/burning-heads-punk-rock-orleans\/","og_site_name":"Dispear Records","article_modified_time":"2025-03-12T10:49:24+00:00","og_image":[{"width":1024,"height":597,"url":"https:\/\/dispear-records.com\/wp-content\/uploads\/2025\/03\/469688560_3862467367305329_541503901954966357_n-1024x597.jpg","type":"image\/jpeg"}],"twitter_card":"summary_large_image","twitter_misc":{"Dur\u00e9e de lecture estim\u00e9e":"1 minute"},"schema":{"@context":"https:\/\/schema.org","@graph":[{"@type":"WebPage","@id":"https:\/\/dispear-records.com\/index.php\/burning-heads-punk-rock-orleans\/","url":"https:\/\/dispear-records.com\/index.php\/burning-heads-punk-rock-orleans\/","name":"Burning Heads - Dispear Records","isPartOf":{"@id":"https:\/\/dispear-records.com\/#website"},"primaryImageOfPage":{"@id":"https:\/\/dispear-records.com\/index.php\/burning-heads-punk-rock-orleans\/#primaryimage"},"image":{"@id":"https:\/\/dispear-records.com\/index.php\/burning-heads-punk-rock-orleans\/#primaryimage"},"thumbnailUrl":"https:\/\/dispear-records.com\/wp-content\/uploads\/2025\/03\/469688560_3862467367305329_541503901954966357_n-1024x597.jpg","datePublished":"2025-03-01T12:54:07+00:00","dateModified":"2025-03-12T10:49:24+00:00","description":"V\u00e9t\u00e9rans du skate punk fran\u00e7ais, les Burning Heads continuent d'\u00e9cumer les sc\u00e8nes, pour notre plus grand plaisir !","breadcrumb":{"@id":"https:\/\/dispear-records.com\/index.php\/burning-heads-punk-rock-orleans\/#breadcrumb"},"inLanguage":"fr-FR","potentialAction":[{"@type":"ReadAction","target":["https:\/\/dispear-records.com\/index.php\/burning-heads-punk-rock-orleans\/"]}]},{"@type":"ImageObject","inLanguage":"fr-FR","@id":"https:\/\/dispear-records.com\/index.php\/burning-heads-punk-rock-orleans\/#primaryimage","url":"https:\/\/dispear-records.com\/wp-content\/uploads\/2025\/03\/469688560_3862467367305329_541503901954966357_n.jpg","contentUrl":"https:\/\/dispear-records.com\/wp-content\/uploads\/2025\/03\/469688560_3862467367305329_541503901954966357_n.jpg","width":2048,"height":1193},{"@type":"BreadcrumbList","@id":"https:\/\/dispear-records.com\/index.php\/burning-heads-punk-rock-orleans\/#breadcrumb","itemListElement":[{"@type":"ListItem","position":1,"name":"Accueil","item":"https:\/\/dispear-records.com\/"},{"@type":"ListItem","position":2,"name":"Burning Heads"}]},{"@type":"WebSite","@id":"https:\/\/dispear-records.com\/#website","url":"https:\/\/dispear-records.com\/","name":"Dispear Records","description":"DIY punk &amp; hardcore label","publisher":{"@id":"https:\/\/dispear-records.com\/#organization"},"potentialAction":[{"@type":"SearchAction","target":{"@type":"EntryPoint","urlTemplate":"https:\/\/dispear-records.com\/?s={search_term_string}"},"query-input":{"@type":"PropertyValueSpecification","valueRequired":true,"valueName":"search_term_string"}}],"inLanguage":"fr-FR"},{"@type":"Organization","@id":"https:\/\/dispear-records.com\/#organization","name":"Dispear Records","url":"https:\/\/dispear-records.com\/","logo":{"@type":"ImageObject","inLanguage":"fr-FR","@id":"https:\/\/dispear-records.com\/#\/schema\/logo\/image\/","url":"https:\/\/dispear-records.com\/wp-content\/uploads\/2021\/06\/cropped-cropped-dispear.png","contentUrl":"https:\/\/dispear-records.com\/wp-content\/uploads\/2021\/06\/cropped-cropped-dispear.png","width":2592,"height":709,"caption":"Dispear Records"},"image":{"@id":"https:\/\/dispear-records.com\/#\/schema\/logo\/image\/"}}]}},"_links":{"self":[{"href":"https:\/\/dispear-records.com\/index.php\/wp-json\/wp\/v2\/pages\/864","targetHints":{"allow":["GET"]}}],"collection":[{"href":"https:\/\/dispear-records.com\/index.php\/wp-json\/wp\/v2\/pages"}],"about":[{"href":"https:\/\/dispear-records.com\/index.php\/wp-json\/wp\/v2\/types\/page"}],"author":[{"embeddable":true,"href":"https:\/\/dispear-records.com\/index.php\/wp-json\/wp\/v2\/users\/1"}],"replies":[{"embeddable":true,"href":"https:\/\/dispear-records.com\/index.php\/wp-json\/wp\/v2\/comments?post=864"}],"version-history":[{"count":3,"href":"https:\/\/dispear-records.com\/index.php\/wp-json\/wp\/v2\/pages\/864\/revisions"}],"predecessor-version":[{"id":913,"href":"https:\/\/dispear-records.com\/index.php\/wp-json\/wp\/v2\/pages\/864\/revisions\/913"}],"wp:attachment":[{"href":"https:\/\/dispear-records.com\/index.php\/wp-json\/wp\/v2\/media?parent=864"}],"curies":[{"name":"wp","href":"https:\/\/api.w.org\/{rel}","templated":true}]}}