{"id":901,"date":"2025-03-12T11:33:17","date_gmt":"2025-03-12T10:33:17","guid":{"rendered":"https:\/\/dispear-records.com\/?page_id=901"},"modified":"2025-03-12T13:12:09","modified_gmt":"2025-03-12T12:12:09","slug":"big-time-punk-rock-montpellier","status":"publish","type":"page","link":"https:\/\/dispear-records.com\/index.php\/big-time-punk-rock-montpellier\/","title":{"rendered":"Big Time"},"content":{"rendered":"<div class=\"wp-block-image\">\n<figure class=\"aligncenter size-large\"><img loading=\"lazy\" decoding=\"async\" width=\"1024\" height=\"612\" src=\"https:\/\/dispear-records.com\/wp-content\/uploads\/2025\/03\/Capture-decran-2025-03-12-a-11.01.52-1-1024x612.png\" alt=\"\" class=\"wp-image-903\" srcset=\"https:\/\/dispear-records.com\/wp-content\/uploads\/2025\/03\/Capture-decran-2025-03-12-a-11.01.52-1-1024x612.png 1024w, https:\/\/dispear-records.com\/wp-content\/uploads\/2025\/03\/Capture-decran-2025-03-12-a-11.01.52-1-300x179.png 300w, https:\/\/dispear-records.com\/wp-content\/uploads\/2025\/03\/Capture-decran-2025-03-12-a-11.01.52-1-768x459.png 768w, https:\/\/dispear-records.com\/wp-content\/uploads\/2025\/03\/Capture-decran-2025-03-12-a-11.01.52-1-1536x918.png 1536w, https:\/\/dispear-records.com\/wp-content\/uploads\/2025\/03\/Capture-decran-2025-03-12-a-11.01.52-1-2048x1224.png 2048w, https:\/\/dispear-records.com\/wp-content\/uploads\/2025\/03\/Capture-decran-2025-03-12-a-11.01.52-1-416x249.png 416w\" sizes=\"auto, (max-width: 1024px) 100vw, 1024px\" \/><\/figure>\n<\/div>\n\n\n<p>BIG TIME est un nouveau power trio de punk rock m\u00e9lo cr\u00e9\u00e9 en 2022 \u00e0 Montpellier. Forts de leurs diverses exp\u00e9riences au travers de la sc\u00e8ne rock, punk hardcore ou metal en France et en Europe au cours de ces dix derni\u00e8res ann\u00e9es, Cyril (Lessen, Vesuve), Mathias (Dig Up The 90\u2019s, Nel Wood and The Charlatans) et Vincent (Wake The Dead, Eight Years, Vegan Fox) se sont r\u00e9unis autour de leur passion commune pour le skateboard et le punk rock des ann\u00e9es 90. Rapide et efficace, leur musique puise ses influences dans les classiques du genre : Pennywise, Nofx, Satanic Surfers, Rise Against, etc. Une premi\u00e8re d\u00e9mo sort au printemps 2023 suivi d\u2019un premier EP studio de 6 Titres \u201cParty is over\u201d en septembre 2024.<\/p>\n\n\n<div data-align-buttons=\"true\" data-block-name=\"woocommerce\/product-category\" data-categories=\"[68]\" data-columns=\"1\" data-rows=\"1\" class=\"wc-block-grid wp-block-product-category wp-block-woocommerce-product-category wc-block-product-category has-1-columns has-aligned-buttons\"><ul class=\"wc-block-grid__products\"><li class=\"wc-block-grid__product\">\n\t\t\t\t<a href=\"https:\/\/dispear-records.com\/index.php\/produit\/cassette-big-time-party-is-over\/\" class=\"wc-block-grid__product-link\">\n\t\t\t\t\t\n\t\t\t\t\t<div class=\"wc-block-grid__product-image\"><img loading=\"lazy\" decoding=\"async\" width=\"324\" height=\"324\" src=\"https:\/\/dispear-records.com\/wp-content\/uploads\/2025\/03\/IMG_2931-800-324x324.jpg\" class=\"attachment-woocommerce_thumbnail size-woocommerce_thumbnail\" alt=\"[Cassette] Big Time - Party is over\" srcset=\"https:\/\/dispear-records.com\/wp-content\/uploads\/2025\/03\/IMG_2931-800-324x324.jpg 324w, https:\/\/dispear-records.com\/wp-content\/uploads\/2025\/03\/IMG_2931-800-300x300.jpg 300w, https:\/\/dispear-records.com\/wp-content\/uploads\/2025\/03\/IMG_2931-800-150x150.jpg 150w, https:\/\/dispear-records.com\/wp-content\/uploads\/2025\/03\/IMG_2931-800-768x768.jpg 768w, https:\/\/dispear-records.com\/wp-content\/uploads\/2025\/03\/IMG_2931-800-416x416.jpg 416w, https:\/\/dispear-records.com\/wp-content\/uploads\/2025\/03\/IMG_2931-800-100x100.jpg 100w, https:\/\/dispear-records.com\/wp-content\/uploads\/2025\/03\/IMG_2931-800.jpg 800w\" sizes=\"auto, (max-width: 324px) 100vw, 324px\" \/><\/div>\n\t\t\t\t\t<div class=\"wc-block-grid__product-title\">[Cassette] Big Time &#8211; Party is over<\/div>\n\t\t\t\t<\/a>\n\t\t\t\t<div class=\"wc-block-grid__product-price price\"><span class=\"woocommerce-Price-amount amount\">7,00<span class=\"woocommerce-Price-currencySymbol\">&euro;<\/span><\/span><\/div>\n\t\t\t\t\n\t\t\t\t<div class=\"wp-block-button wc-block-grid__product-add-to-cart\"><a href=\"\/index.php\/wp-json\/wp\/v2\/pages\/901?add-to-cart=940\" aria-label=\"Ajouter au panier\u00a0: &ldquo;[Cassette] Big Time - Party is over&rdquo;\" data-quantity=\"1\" data-product_id=\"940\" data-product_sku=\"DSPR24033\" data-price=\"7\" rel=\"nofollow\" class=\"wp-block-button__link  add_to_cart_button ajax_add_to_cart\">Ajouter au panier<\/a><\/div>\n\t\t\t<\/li><\/ul><\/div>\n\n\n<center><iframe style=\"border: 0; width: 400px; height: 340px;\" src=\"https:\/\/bandcamp.com\/EmbeddedPlayer\/album=1062472573\/size=large\/bgcol=ffffff\/linkcol=e99708\/artwork=small\/transparent=true\/\" seamless><a href=\"https:\/\/bigtimepunkrock.bandcamp.com\/album\/party-is-over\">PARTY IS OVER de BIG TIME<\/a><\/iframe><\/center>\n","protected":false},"excerpt":{"rendered":"<p>BIG TIME est un nouveau power trio de punk rock m\u00e9lo cr\u00e9\u00e9 en 2022 \u00e0 Montpellier. Forts de leurs diverses exp\u00e9riences au travers de la sc\u00e8ne rock, punk hardcore ou metal en France et en Europe au cours de ces dix derni\u00e8res ann\u00e9es, Cyril (Lessen, Vesuve), Mathias (Dig Up The 90\u2019s, Nel Wood and The [&hellip;]<\/p>\n","protected":false},"author":1,"featured_media":0,"parent":0,"menu_order":0,"comment_status":"closed","ping_status":"closed","template":"","meta":{"footnotes":""},"class_list":["post-901","page","type-page","status-publish","hentry"],"yoast_head":"<!-- This site is optimized with the Yoast SEO plugin v27.5 - https:\/\/yoast.com\/product\/yoast-seo-wordpress\/ -->\n<title>Big Time - Dispear Records<\/title>\n<meta name=\"description\" content=\"Nouveau power trio de Montpellier, Big Time est un groupe de punk rock californien mont\u00e9 par des habitu\u00e9s des planches !\" \/>\n<meta name=\"robots\" content=\"index, follow, max-snippet:-1, max-image-preview:large, max-video-preview:-1\" \/>\n<link rel=\"canonical\" href=\"https:\/\/dispear-records.com\/index.php\/big-time-punk-rock-montpellier\/\" \/>\n<meta property=\"og:locale\" content=\"fr_FR\" \/>\n<meta property=\"og:type\" content=\"article\" \/>\n<meta property=\"og:title\" content=\"Big Time - Dispear Records\" \/>\n<meta property=\"og:description\" content=\"Nouveau power trio de Montpellier, Big Time est un groupe de punk rock californien mont\u00e9 par des habitu\u00e9s des planches !\" \/>\n<meta property=\"og:url\" content=\"https:\/\/dispear-records.com\/index.php\/big-time-punk-rock-montpellier\/\" \/>\n<meta property=\"og:site_name\" content=\"Dispear Records\" \/>\n<meta property=\"article:modified_time\" content=\"2025-03-12T12:12:09+00:00\" \/>\n<meta property=\"og:image\" content=\"https:\/\/dispear-records.com\/wp-content\/uploads\/2025\/03\/Capture-decran-2025-03-12-a-11.01.52-1-1024x612.png\" \/>\n\t<meta property=\"og:image:width\" content=\"1024\" \/>\n\t<meta property=\"og:image:height\" content=\"612\" \/>\n\t<meta property=\"og:image:type\" content=\"image\/png\" \/>\n<meta name=\"twitter:card\" content=\"summary_large_image\" \/>\n<meta name=\"twitter:label1\" content=\"Dur\u00e9e de lecture estim\u00e9e\" \/>\n\t<meta name=\"twitter:data1\" content=\"1 minute\" \/>\n<script type=\"application\/ld+json\" class=\"yoast-schema-graph\">{\"@context\":\"https:\\\/\\\/schema.org\",\"@graph\":[{\"@type\":\"WebPage\",\"@id\":\"https:\\\/\\\/dispear-records.com\\\/index.php\\\/big-time-punk-rock-montpellier\\\/\",\"url\":\"https:\\\/\\\/dispear-records.com\\\/index.php\\\/big-time-punk-rock-montpellier\\\/\",\"name\":\"Big Time - Dispear Records\",\"isPartOf\":{\"@id\":\"https:\\\/\\\/dispear-records.com\\\/#website\"},\"primaryImageOfPage\":{\"@id\":\"https:\\\/\\\/dispear-records.com\\\/index.php\\\/big-time-punk-rock-montpellier\\\/#primaryimage\"},\"image\":{\"@id\":\"https:\\\/\\\/dispear-records.com\\\/index.php\\\/big-time-punk-rock-montpellier\\\/#primaryimage\"},\"thumbnailUrl\":\"https:\\\/\\\/dispear-records.com\\\/wp-content\\\/uploads\\\/2025\\\/03\\\/Capture-decran-2025-03-12-a-11.01.52-1-1024x612.png\",\"datePublished\":\"2025-03-12T10:33:17+00:00\",\"dateModified\":\"2025-03-12T12:12:09+00:00\",\"description\":\"Nouveau power trio de Montpellier, Big Time est un groupe de punk rock californien mont\u00e9 par des habitu\u00e9s des planches !\",\"breadcrumb\":{\"@id\":\"https:\\\/\\\/dispear-records.com\\\/index.php\\\/big-time-punk-rock-montpellier\\\/#breadcrumb\"},\"inLanguage\":\"fr-FR\",\"potentialAction\":[{\"@type\":\"ReadAction\",\"target\":[\"https:\\\/\\\/dispear-records.com\\\/index.php\\\/big-time-punk-rock-montpellier\\\/\"]}]},{\"@type\":\"ImageObject\",\"inLanguage\":\"fr-FR\",\"@id\":\"https:\\\/\\\/dispear-records.com\\\/index.php\\\/big-time-punk-rock-montpellier\\\/#primaryimage\",\"url\":\"https:\\\/\\\/dispear-records.com\\\/wp-content\\\/uploads\\\/2025\\\/03\\\/Capture-decran-2025-03-12-a-11.01.52-1.png\",\"contentUrl\":\"https:\\\/\\\/dispear-records.com\\\/wp-content\\\/uploads\\\/2025\\\/03\\\/Capture-decran-2025-03-12-a-11.01.52-1.png\",\"width\":2162,\"height\":1292},{\"@type\":\"BreadcrumbList\",\"@id\":\"https:\\\/\\\/dispear-records.com\\\/index.php\\\/big-time-punk-rock-montpellier\\\/#breadcrumb\",\"itemListElement\":[{\"@type\":\"ListItem\",\"position\":1,\"name\":\"Accueil\",\"item\":\"https:\\\/\\\/dispear-records.com\\\/\"},{\"@type\":\"ListItem\",\"position\":2,\"name\":\"Big Time\"}]},{\"@type\":\"WebSite\",\"@id\":\"https:\\\/\\\/dispear-records.com\\\/#website\",\"url\":\"https:\\\/\\\/dispear-records.com\\\/\",\"name\":\"Dispear Records\",\"description\":\"DIY punk &amp; hardcore label\",\"publisher\":{\"@id\":\"https:\\\/\\\/dispear-records.com\\\/#organization\"},\"potentialAction\":[{\"@type\":\"SearchAction\",\"target\":{\"@type\":\"EntryPoint\",\"urlTemplate\":\"https:\\\/\\\/dispear-records.com\\\/?s={search_term_string}\"},\"query-input\":{\"@type\":\"PropertyValueSpecification\",\"valueRequired\":true,\"valueName\":\"search_term_string\"}}],\"inLanguage\":\"fr-FR\"},{\"@type\":\"Organization\",\"@id\":\"https:\\\/\\\/dispear-records.com\\\/#organization\",\"name\":\"Dispear Records\",\"url\":\"https:\\\/\\\/dispear-records.com\\\/\",\"logo\":{\"@type\":\"ImageObject\",\"inLanguage\":\"fr-FR\",\"@id\":\"https:\\\/\\\/dispear-records.com\\\/#\\\/schema\\\/logo\\\/image\\\/\",\"url\":\"https:\\\/\\\/dispear-records.com\\\/wp-content\\\/uploads\\\/2021\\\/06\\\/cropped-cropped-dispear.png\",\"contentUrl\":\"https:\\\/\\\/dispear-records.com\\\/wp-content\\\/uploads\\\/2021\\\/06\\\/cropped-cropped-dispear.png\",\"width\":2592,\"height\":709,\"caption\":\"Dispear Records\"},\"image\":{\"@id\":\"https:\\\/\\\/dispear-records.com\\\/#\\\/schema\\\/logo\\\/image\\\/\"}}]}<\/script>\n<!-- \/ Yoast SEO plugin. -->","yoast_head_json":{"title":"Big Time - Dispear Records","description":"Nouveau power trio de Montpellier, Big Time est un groupe de punk rock californien mont\u00e9 par des habitu\u00e9s des planches !","robots":{"index":"index","follow":"follow","max-snippet":"max-snippet:-1","max-image-preview":"max-image-preview:large","max-video-preview":"max-video-preview:-1"},"canonical":"https:\/\/dispear-records.com\/index.php\/big-time-punk-rock-montpellier\/","og_locale":"fr_FR","og_type":"article","og_title":"Big Time - Dispear Records","og_description":"Nouveau power trio de Montpellier, Big Time est un groupe de punk rock californien mont\u00e9 par des habitu\u00e9s des planches !","og_url":"https:\/\/dispear-records.com\/index.php\/big-time-punk-rock-montpellier\/","og_site_name":"Dispear Records","article_modified_time":"2025-03-12T12:12:09+00:00","og_image":[{"width":1024,"height":612,"url":"https:\/\/dispear-records.com\/wp-content\/uploads\/2025\/03\/Capture-decran-2025-03-12-a-11.01.52-1-1024x612.png","type":"image\/png"}],"twitter_card":"summary_large_image","twitter_misc":{"Dur\u00e9e de lecture estim\u00e9e":"1 minute"},"schema":{"@context":"https:\/\/schema.org","@graph":[{"@type":"WebPage","@id":"https:\/\/dispear-records.com\/index.php\/big-time-punk-rock-montpellier\/","url":"https:\/\/dispear-records.com\/index.php\/big-time-punk-rock-montpellier\/","name":"Big Time - Dispear Records","isPartOf":{"@id":"https:\/\/dispear-records.com\/#website"},"primaryImageOfPage":{"@id":"https:\/\/dispear-records.com\/index.php\/big-time-punk-rock-montpellier\/#primaryimage"},"image":{"@id":"https:\/\/dispear-records.com\/index.php\/big-time-punk-rock-montpellier\/#primaryimage"},"thumbnailUrl":"https:\/\/dispear-records.com\/wp-content\/uploads\/2025\/03\/Capture-decran-2025-03-12-a-11.01.52-1-1024x612.png","datePublished":"2025-03-12T10:33:17+00:00","dateModified":"2025-03-12T12:12:09+00:00","description":"Nouveau power trio de Montpellier, Big Time est un groupe de punk rock californien mont\u00e9 par des habitu\u00e9s des planches !","breadcrumb":{"@id":"https:\/\/dispear-records.com\/index.php\/big-time-punk-rock-montpellier\/#breadcrumb"},"inLanguage":"fr-FR","potentialAction":[{"@type":"ReadAction","target":["https:\/\/dispear-records.com\/index.php\/big-time-punk-rock-montpellier\/"]}]},{"@type":"ImageObject","inLanguage":"fr-FR","@id":"https:\/\/dispear-records.com\/index.php\/big-time-punk-rock-montpellier\/#primaryimage","url":"https:\/\/dispear-records.com\/wp-content\/uploads\/2025\/03\/Capture-decran-2025-03-12-a-11.01.52-1.png","contentUrl":"https:\/\/dispear-records.com\/wp-content\/uploads\/2025\/03\/Capture-decran-2025-03-12-a-11.01.52-1.png","width":2162,"height":1292},{"@type":"BreadcrumbList","@id":"https:\/\/dispear-records.com\/index.php\/big-time-punk-rock-montpellier\/#breadcrumb","itemListElement":[{"@type":"ListItem","position":1,"name":"Accueil","item":"https:\/\/dispear-records.com\/"},{"@type":"ListItem","position":2,"name":"Big Time"}]},{"@type":"WebSite","@id":"https:\/\/dispear-records.com\/#website","url":"https:\/\/dispear-records.com\/","name":"Dispear Records","description":"DIY punk &amp; hardcore label","publisher":{"@id":"https:\/\/dispear-records.com\/#organization"},"potentialAction":[{"@type":"SearchAction","target":{"@type":"EntryPoint","urlTemplate":"https:\/\/dispear-records.com\/?s={search_term_string}"},"query-input":{"@type":"PropertyValueSpecification","valueRequired":true,"valueName":"search_term_string"}}],"inLanguage":"fr-FR"},{"@type":"Organization","@id":"https:\/\/dispear-records.com\/#organization","name":"Dispear Records","url":"https:\/\/dispear-records.com\/","logo":{"@type":"ImageObject","inLanguage":"fr-FR","@id":"https:\/\/dispear-records.com\/#\/schema\/logo\/image\/","url":"https:\/\/dispear-records.com\/wp-content\/uploads\/2021\/06\/cropped-cropped-dispear.png","contentUrl":"https:\/\/dispear-records.com\/wp-content\/uploads\/2021\/06\/cropped-cropped-dispear.png","width":2592,"height":709,"caption":"Dispear Records"},"image":{"@id":"https:\/\/dispear-records.com\/#\/schema\/logo\/image\/"}}]}},"_links":{"self":[{"href":"https:\/\/dispear-records.com\/index.php\/wp-json\/wp\/v2\/pages\/901","targetHints":{"allow":["GET"]}}],"collection":[{"href":"https:\/\/dispear-records.com\/index.php\/wp-json\/wp\/v2\/pages"}],"about":[{"href":"https:\/\/dispear-records.com\/index.php\/wp-json\/wp\/v2\/types\/page"}],"author":[{"embeddable":true,"href":"https:\/\/dispear-records.com\/index.php\/wp-json\/wp\/v2\/users\/1"}],"replies":[{"embeddable":true,"href":"https:\/\/dispear-records.com\/index.php\/wp-json\/wp\/v2\/comments?post=901"}],"version-history":[{"count":2,"href":"https:\/\/dispear-records.com\/index.php\/wp-json\/wp\/v2\/pages\/901\/revisions"}],"predecessor-version":[{"id":943,"href":"https:\/\/dispear-records.com\/index.php\/wp-json\/wp\/v2\/pages\/901\/revisions\/943"}],"wp:attachment":[{"href":"https:\/\/dispear-records.com\/index.php\/wp-json\/wp\/v2\/media?parent=901"}],"curies":[{"name":"wp","href":"https:\/\/api.w.org\/{rel}","templated":true}]}}