{"id":982,"date":"2025-06-02T12:49:18","date_gmt":"2025-06-02T10:49:18","guid":{"rendered":"https:\/\/dispear-records.com\/?page_id=982"},"modified":"2025-06-02T13:48:21","modified_gmt":"2025-06-02T11:48:21","slug":"rancoeur-cold-oi-punk","status":"publish","type":"page","link":"https:\/\/dispear-records.com\/index.php\/rancoeur-cold-oi-punk\/","title":{"rendered":"Ranc\u0153ur"},"content":{"rendered":"<div class=\"wp-block-image\">\n<figure class=\"aligncenter size-large\"><img loading=\"lazy\" decoding=\"async\" width=\"1024\" height=\"562\" src=\"https:\/\/dispear-records.com\/wp-content\/uploads\/2025\/06\/Capture-decran-2025-06-02-a-12.33-copie-1-1024x562.jpg\" alt=\"\" class=\"wp-image-988\" srcset=\"https:\/\/dispear-records.com\/wp-content\/uploads\/2025\/06\/Capture-decran-2025-06-02-a-12.33-copie-1-1024x562.jpg 1024w, https:\/\/dispear-records.com\/wp-content\/uploads\/2025\/06\/Capture-decran-2025-06-02-a-12.33-copie-1-300x165.jpg 300w, https:\/\/dispear-records.com\/wp-content\/uploads\/2025\/06\/Capture-decran-2025-06-02-a-12.33-copie-1-768x422.jpg 768w, https:\/\/dispear-records.com\/wp-content\/uploads\/2025\/06\/Capture-decran-2025-06-02-a-12.33-copie-1-1536x843.jpg 1536w, https:\/\/dispear-records.com\/wp-content\/uploads\/2025\/06\/Capture-decran-2025-06-02-a-12.33-copie-1-2048x1125.jpg 2048w, https:\/\/dispear-records.com\/wp-content\/uploads\/2025\/06\/Capture-decran-2025-06-02-a-12.33-copie-1-416x228.jpg 416w\" sizes=\"auto, (max-width: 1024px) 100vw, 1024px\" \/><\/figure>\n<\/div>\n\n\n<p><strong>Ranc\u0153ur<\/strong> est un trio form\u00e9 en 2020 \u00e0 Nancy. Entre Oi!, coldwave, punk et postpunk, le groupe m\u00e9lange les genres et trace une ligne sombre et tendue. Des morceaux directs, une \u00e9nergie froide, une tension constante.<\/p>\n\n\n\n<p>En 2022, ils sortent une premi\u00e8re d\u00e9mo 5 titres, enregistr\u00e9e au <strong>Disvlar Studio<\/strong> (Besan\u00e7on) et sortie chez <strong>Kanal Hyst\u00e9rik<\/strong>, label culte de la r\u00e9gion nanc\u00e9ienne. La m\u00eame ann\u00e9e sort un premier album \u00e9ponyme, 10 titres, distribu\u00e9 par plusieurs labels DIY en Europe et ailleurs.<\/p>\n\n\n\n<p>Apr\u00e8s une premi\u00e8re tourn\u00e9e, le <strong>Oi! Division Tour<\/strong>, le groupe enregistre un 45 tours 4 titres, <strong>Lame en peine<\/strong>, sorti en 2023 en autoproduction.<\/p>\n\n\n\n<p>Depuis, <strong>Ranc\u0153ur<\/strong> parcourt les sc\u00e8nes europ\u00e9ennes et internationales : Canada, \u00c9tats-Unis, Pologne, Italie, Allemagne, Espagne, Suisse, Belgique, Pays-Bas, Portugal, R\u00e9publique Tch\u00e8que\u2026<\/p>\n\n\n<div data-block-name=\"woocommerce\/product-category\" data-categories=\"[70]\" data-columns=\"1\" data-rows=\"1\" class=\"wc-block-grid wp-block-product-category wp-block-woocommerce-product-category wc-block-product-category has-1-columns\"><ul class=\"wc-block-grid__products\"><li class=\"wc-block-grid__product\">\n\t\t\t\t<a href=\"https:\/\/dispear-records.com\/index.php\/produit\/cassette-rancoeur-fatalite\/\" class=\"wc-block-grid__product-link\">\n\t\t\t\t\t\n\t\t\t\t\t<div class=\"wc-block-grid__product-image\"><img loading=\"lazy\" decoding=\"async\" width=\"324\" height=\"324\" src=\"https:\/\/dispear-records.com\/wp-content\/uploads\/2025\/06\/rancoeur-carre-1-324x324.jpg\" class=\"attachment-woocommerce_thumbnail size-woocommerce_thumbnail\" alt=\"SOLD OUT - [Cassette] Ranc\u0153ur - Fatalit\u00e9\" srcset=\"https:\/\/dispear-records.com\/wp-content\/uploads\/2025\/06\/rancoeur-carre-1-324x324.jpg 324w, https:\/\/dispear-records.com\/wp-content\/uploads\/2025\/06\/rancoeur-carre-1-300x300.jpg 300w, https:\/\/dispear-records.com\/wp-content\/uploads\/2025\/06\/rancoeur-carre-1-150x150.jpg 150w, https:\/\/dispear-records.com\/wp-content\/uploads\/2025\/06\/rancoeur-carre-1-768x768.jpg 768w, https:\/\/dispear-records.com\/wp-content\/uploads\/2025\/06\/rancoeur-carre-1-416x416.jpg 416w, https:\/\/dispear-records.com\/wp-content\/uploads\/2025\/06\/rancoeur-carre-1-100x100.jpg 100w, https:\/\/dispear-records.com\/wp-content\/uploads\/2025\/06\/rancoeur-carre-1.jpg 800w\" sizes=\"auto, (max-width: 324px) 100vw, 324px\" \/><\/div>\n\t\t\t\t\t<div class=\"wc-block-grid__product-title\">SOLD OUT &#8211; [Cassette] Ranc\u0153ur &#8211; Fatalit\u00e9<\/div>\n\t\t\t\t<\/a>\n\t\t\t\t<div class=\"wc-block-grid__product-price price\"><span class=\"woocommerce-Price-amount amount\">7,00<span class=\"woocommerce-Price-currencySymbol\">&euro;<\/span><\/span><\/div>\n\t\t\t\t\n\t\t\t\t<div class=\"wp-block-button wc-block-grid__product-add-to-cart\"><a href=\"https:\/\/dispear-records.com\/index.php\/produit\/cassette-rancoeur-fatalite\/\" aria-label=\"En savoir plus sur &ldquo;SOLD OUT - [Cassette] Ranc\u0153ur - Fatalit\u00e9&rdquo;\" data-quantity=\"1\" data-product_id=\"991\" data-product_sku=\"DSPR25038\" data-price=\"7\" rel=\"nofollow\" class=\"wp-block-button__link  add_to_cart_button\">Lire la suite<\/a><\/div>\n\t\t\t<\/li><\/ul><\/div>\n\n\n<iframe style=\"border: 0; width: 400px; height: 208px;\" src=\"https:\/\/bandcamp.com\/EmbeddedPlayer\/album=811998027\/size=large\/bgcol=ffffff\/linkcol=63b2cc\/artwork=small\/transparent=true\/\" seamless><a href=\"https:\/\/rancoeurcoldoi.bandcamp.com\/album\/fatalite\">FATALITE de RANC\u0152UR<\/a><\/iframe>\n\n\n\n<p><\/p>\n","protected":false},"excerpt":{"rendered":"<p>Ranc\u0153ur est un trio form\u00e9 en 2020 \u00e0 Nancy. Entre Oi!, coldwave, punk et postpunk, le groupe m\u00e9lange les genres et trace une ligne sombre et tendue. Des morceaux directs, une \u00e9nergie froide, une tension constante. En 2022, ils sortent une premi\u00e8re d\u00e9mo 5 titres, enregistr\u00e9e au Disvlar Studio (Besan\u00e7on) et sortie chez Kanal Hyst\u00e9rik, [&hellip;]<\/p>\n","protected":false},"author":1,"featured_media":0,"parent":0,"menu_order":0,"comment_status":"closed","ping_status":"closed","template":"","meta":{"footnotes":""},"class_list":["post-982","page","type-page","status-publish","hentry"],"yoast_head":"<!-- This site is optimized with the Yoast SEO plugin v27.5 - https:\/\/yoast.com\/product\/yoast-seo-wordpress\/ -->\n<title>Ranc\u0153ur - Dispear Records<\/title>\n<meta name=\"description\" content=\"Entre Oi!, coldwave, punk et postpunk, Ranc\u0153ur m\u00e9lange les genres pour des morceaux directs, une \u00e9nergie froide, une tension constante.\" \/>\n<meta name=\"robots\" content=\"index, follow, max-snippet:-1, max-image-preview:large, max-video-preview:-1\" \/>\n<link rel=\"canonical\" href=\"https:\/\/dispear-records.com\/index.php\/rancoeur-cold-oi-punk\/\" \/>\n<meta property=\"og:locale\" content=\"fr_FR\" \/>\n<meta property=\"og:type\" content=\"article\" \/>\n<meta property=\"og:title\" content=\"Ranc\u0153ur - Dispear Records\" \/>\n<meta property=\"og:description\" content=\"Entre Oi!, coldwave, punk et postpunk, Ranc\u0153ur m\u00e9lange les genres pour des morceaux directs, une \u00e9nergie froide, une tension constante.\" \/>\n<meta property=\"og:url\" content=\"https:\/\/dispear-records.com\/index.php\/rancoeur-cold-oi-punk\/\" \/>\n<meta property=\"og:site_name\" content=\"Dispear Records\" \/>\n<meta property=\"article:modified_time\" content=\"2025-06-02T11:48:21+00:00\" \/>\n<meta property=\"og:image\" content=\"https:\/\/dispear-records.com\/wp-content\/uploads\/2025\/06\/Capture-decran-2025-06-02-a-12.33-copie-1.jpg\" \/>\n\t<meta property=\"og:image:width\" content=\"2160\" \/>\n\t<meta property=\"og:image:height\" content=\"1186\" \/>\n\t<meta property=\"og:image:type\" content=\"image\/jpeg\" \/>\n<meta name=\"twitter:card\" content=\"summary_large_image\" \/>\n<meta name=\"twitter:label1\" content=\"Dur\u00e9e de lecture estim\u00e9e\" \/>\n\t<meta name=\"twitter:data1\" content=\"1 minute\" \/>\n<script type=\"application\/ld+json\" class=\"yoast-schema-graph\">{\"@context\":\"https:\\\/\\\/schema.org\",\"@graph\":[{\"@type\":\"WebPage\",\"@id\":\"https:\\\/\\\/dispear-records.com\\\/index.php\\\/rancoeur-cold-oi-punk\\\/\",\"url\":\"https:\\\/\\\/dispear-records.com\\\/index.php\\\/rancoeur-cold-oi-punk\\\/\",\"name\":\"Ranc\u0153ur - Dispear Records\",\"isPartOf\":{\"@id\":\"https:\\\/\\\/dispear-records.com\\\/#website\"},\"primaryImageOfPage\":{\"@id\":\"https:\\\/\\\/dispear-records.com\\\/index.php\\\/rancoeur-cold-oi-punk\\\/#primaryimage\"},\"image\":{\"@id\":\"https:\\\/\\\/dispear-records.com\\\/index.php\\\/rancoeur-cold-oi-punk\\\/#primaryimage\"},\"thumbnailUrl\":\"https:\\\/\\\/dispear-records.com\\\/wp-content\\\/uploads\\\/2025\\\/06\\\/Capture-decran-2025-06-02-a-12.33-copie-1-1024x562.jpg\",\"datePublished\":\"2025-06-02T10:49:18+00:00\",\"dateModified\":\"2025-06-02T11:48:21+00:00\",\"description\":\"Entre Oi!, coldwave, punk et postpunk, Ranc\u0153ur m\u00e9lange les genres pour des morceaux directs, une \u00e9nergie froide, une tension constante.\",\"breadcrumb\":{\"@id\":\"https:\\\/\\\/dispear-records.com\\\/index.php\\\/rancoeur-cold-oi-punk\\\/#breadcrumb\"},\"inLanguage\":\"fr-FR\",\"potentialAction\":[{\"@type\":\"ReadAction\",\"target\":[\"https:\\\/\\\/dispear-records.com\\\/index.php\\\/rancoeur-cold-oi-punk\\\/\"]}]},{\"@type\":\"ImageObject\",\"inLanguage\":\"fr-FR\",\"@id\":\"https:\\\/\\\/dispear-records.com\\\/index.php\\\/rancoeur-cold-oi-punk\\\/#primaryimage\",\"url\":\"https:\\\/\\\/dispear-records.com\\\/wp-content\\\/uploads\\\/2025\\\/06\\\/Capture-decran-2025-06-02-a-12.33-copie-1.jpg\",\"contentUrl\":\"https:\\\/\\\/dispear-records.com\\\/wp-content\\\/uploads\\\/2025\\\/06\\\/Capture-decran-2025-06-02-a-12.33-copie-1.jpg\",\"width\":2160,\"height\":1186,\"caption\":\"Screenshot\"},{\"@type\":\"BreadcrumbList\",\"@id\":\"https:\\\/\\\/dispear-records.com\\\/index.php\\\/rancoeur-cold-oi-punk\\\/#breadcrumb\",\"itemListElement\":[{\"@type\":\"ListItem\",\"position\":1,\"name\":\"Accueil\",\"item\":\"https:\\\/\\\/dispear-records.com\\\/\"},{\"@type\":\"ListItem\",\"position\":2,\"name\":\"Ranc\u0153ur\"}]},{\"@type\":\"WebSite\",\"@id\":\"https:\\\/\\\/dispear-records.com\\\/#website\",\"url\":\"https:\\\/\\\/dispear-records.com\\\/\",\"name\":\"Dispear Records\",\"description\":\"DIY punk &amp; hardcore label\",\"publisher\":{\"@id\":\"https:\\\/\\\/dispear-records.com\\\/#organization\"},\"potentialAction\":[{\"@type\":\"SearchAction\",\"target\":{\"@type\":\"EntryPoint\",\"urlTemplate\":\"https:\\\/\\\/dispear-records.com\\\/?s={search_term_string}\"},\"query-input\":{\"@type\":\"PropertyValueSpecification\",\"valueRequired\":true,\"valueName\":\"search_term_string\"}}],\"inLanguage\":\"fr-FR\"},{\"@type\":\"Organization\",\"@id\":\"https:\\\/\\\/dispear-records.com\\\/#organization\",\"name\":\"Dispear Records\",\"url\":\"https:\\\/\\\/dispear-records.com\\\/\",\"logo\":{\"@type\":\"ImageObject\",\"inLanguage\":\"fr-FR\",\"@id\":\"https:\\\/\\\/dispear-records.com\\\/#\\\/schema\\\/logo\\\/image\\\/\",\"url\":\"https:\\\/\\\/dispear-records.com\\\/wp-content\\\/uploads\\\/2021\\\/06\\\/cropped-cropped-dispear.png\",\"contentUrl\":\"https:\\\/\\\/dispear-records.com\\\/wp-content\\\/uploads\\\/2021\\\/06\\\/cropped-cropped-dispear.png\",\"width\":2592,\"height\":709,\"caption\":\"Dispear Records\"},\"image\":{\"@id\":\"https:\\\/\\\/dispear-records.com\\\/#\\\/schema\\\/logo\\\/image\\\/\"}}]}<\/script>\n<!-- \/ Yoast SEO plugin. -->","yoast_head_json":{"title":"Ranc\u0153ur - Dispear Records","description":"Entre Oi!, coldwave, punk et postpunk, Ranc\u0153ur m\u00e9lange les genres pour des morceaux directs, une \u00e9nergie froide, une tension constante.","robots":{"index":"index","follow":"follow","max-snippet":"max-snippet:-1","max-image-preview":"max-image-preview:large","max-video-preview":"max-video-preview:-1"},"canonical":"https:\/\/dispear-records.com\/index.php\/rancoeur-cold-oi-punk\/","og_locale":"fr_FR","og_type":"article","og_title":"Ranc\u0153ur - Dispear Records","og_description":"Entre Oi!, coldwave, punk et postpunk, Ranc\u0153ur m\u00e9lange les genres pour des morceaux directs, une \u00e9nergie froide, une tension constante.","og_url":"https:\/\/dispear-records.com\/index.php\/rancoeur-cold-oi-punk\/","og_site_name":"Dispear Records","article_modified_time":"2025-06-02T11:48:21+00:00","og_image":[{"width":2160,"height":1186,"url":"https:\/\/dispear-records.com\/wp-content\/uploads\/2025\/06\/Capture-decran-2025-06-02-a-12.33-copie-1.jpg","type":"image\/jpeg"}],"twitter_card":"summary_large_image","twitter_misc":{"Dur\u00e9e de lecture estim\u00e9e":"1 minute"},"schema":{"@context":"https:\/\/schema.org","@graph":[{"@type":"WebPage","@id":"https:\/\/dispear-records.com\/index.php\/rancoeur-cold-oi-punk\/","url":"https:\/\/dispear-records.com\/index.php\/rancoeur-cold-oi-punk\/","name":"Ranc\u0153ur - Dispear Records","isPartOf":{"@id":"https:\/\/dispear-records.com\/#website"},"primaryImageOfPage":{"@id":"https:\/\/dispear-records.com\/index.php\/rancoeur-cold-oi-punk\/#primaryimage"},"image":{"@id":"https:\/\/dispear-records.com\/index.php\/rancoeur-cold-oi-punk\/#primaryimage"},"thumbnailUrl":"https:\/\/dispear-records.com\/wp-content\/uploads\/2025\/06\/Capture-decran-2025-06-02-a-12.33-copie-1-1024x562.jpg","datePublished":"2025-06-02T10:49:18+00:00","dateModified":"2025-06-02T11:48:21+00:00","description":"Entre Oi!, coldwave, punk et postpunk, Ranc\u0153ur m\u00e9lange les genres pour des morceaux directs, une \u00e9nergie froide, une tension constante.","breadcrumb":{"@id":"https:\/\/dispear-records.com\/index.php\/rancoeur-cold-oi-punk\/#breadcrumb"},"inLanguage":"fr-FR","potentialAction":[{"@type":"ReadAction","target":["https:\/\/dispear-records.com\/index.php\/rancoeur-cold-oi-punk\/"]}]},{"@type":"ImageObject","inLanguage":"fr-FR","@id":"https:\/\/dispear-records.com\/index.php\/rancoeur-cold-oi-punk\/#primaryimage","url":"https:\/\/dispear-records.com\/wp-content\/uploads\/2025\/06\/Capture-decran-2025-06-02-a-12.33-copie-1.jpg","contentUrl":"https:\/\/dispear-records.com\/wp-content\/uploads\/2025\/06\/Capture-decran-2025-06-02-a-12.33-copie-1.jpg","width":2160,"height":1186,"caption":"Screenshot"},{"@type":"BreadcrumbList","@id":"https:\/\/dispear-records.com\/index.php\/rancoeur-cold-oi-punk\/#breadcrumb","itemListElement":[{"@type":"ListItem","position":1,"name":"Accueil","item":"https:\/\/dispear-records.com\/"},{"@type":"ListItem","position":2,"name":"Ranc\u0153ur"}]},{"@type":"WebSite","@id":"https:\/\/dispear-records.com\/#website","url":"https:\/\/dispear-records.com\/","name":"Dispear Records","description":"DIY punk &amp; hardcore label","publisher":{"@id":"https:\/\/dispear-records.com\/#organization"},"potentialAction":[{"@type":"SearchAction","target":{"@type":"EntryPoint","urlTemplate":"https:\/\/dispear-records.com\/?s={search_term_string}"},"query-input":{"@type":"PropertyValueSpecification","valueRequired":true,"valueName":"search_term_string"}}],"inLanguage":"fr-FR"},{"@type":"Organization","@id":"https:\/\/dispear-records.com\/#organization","name":"Dispear Records","url":"https:\/\/dispear-records.com\/","logo":{"@type":"ImageObject","inLanguage":"fr-FR","@id":"https:\/\/dispear-records.com\/#\/schema\/logo\/image\/","url":"https:\/\/dispear-records.com\/wp-content\/uploads\/2021\/06\/cropped-cropped-dispear.png","contentUrl":"https:\/\/dispear-records.com\/wp-content\/uploads\/2021\/06\/cropped-cropped-dispear.png","width":2592,"height":709,"caption":"Dispear Records"},"image":{"@id":"https:\/\/dispear-records.com\/#\/schema\/logo\/image\/"}}]}},"_links":{"self":[{"href":"https:\/\/dispear-records.com\/index.php\/wp-json\/wp\/v2\/pages\/982","targetHints":{"allow":["GET"]}}],"collection":[{"href":"https:\/\/dispear-records.com\/index.php\/wp-json\/wp\/v2\/pages"}],"about":[{"href":"https:\/\/dispear-records.com\/index.php\/wp-json\/wp\/v2\/types\/page"}],"author":[{"embeddable":true,"href":"https:\/\/dispear-records.com\/index.php\/wp-json\/wp\/v2\/users\/1"}],"replies":[{"embeddable":true,"href":"https:\/\/dispear-records.com\/index.php\/wp-json\/wp\/v2\/comments?post=982"}],"version-history":[{"count":4,"href":"https:\/\/dispear-records.com\/index.php\/wp-json\/wp\/v2\/pages\/982\/revisions"}],"predecessor-version":[{"id":997,"href":"https:\/\/dispear-records.com\/index.php\/wp-json\/wp\/v2\/pages\/982\/revisions\/997"}],"wp:attachment":[{"href":"https:\/\/dispear-records.com\/index.php\/wp-json\/wp\/v2\/media?parent=982"}],"curies":[{"name":"wp","href":"https:\/\/api.w.org\/{rel}","templated":true}]}}