{"id":1018,"date":"2025-06-11T13:11:16","date_gmt":"2025-06-11T11:11:16","guid":{"rendered":"https:\/\/dispear-records.com\/?post_type=product&#038;p=1018"},"modified":"2025-12-15T15:00:03","modified_gmt":"2025-12-15T14:00:03","slug":"cassette-trint-eastwood-mike-noegraf-almost-minte","status":"publish","type":"product","link":"https:\/\/dispear-records.com\/index.php\/produit\/cassette-trint-eastwood-mike-noegraf-almost-minte\/","title":{"rendered":"[Cassette] Trint Eastwood Mike Noegraf &#8211; Almost MINTE"},"content":{"rendered":"<p data-start=\"149\" data-end=\"521\"><strong data-start=\"149\" data-end=\"165\">Almost MINTE<\/strong>, le premier EP acoustique de <strong>Trint Eastwood<\/strong>, est le fruit d\u2019une collaboration \u00e9troite avec <strong data-start=\"257\" data-end=\"274\">Mike Noegraf<\/strong>. L\u2019EP s\u2019est construit naturellement autour de trois reprises d\u2019Uncommonmenfrommars, deux compositions originales en duo, et un morceau sign\u00e9 Mike. Une aventure \u00e0 deux voix, \u00e0 deux guitares, port\u00e9e par une complicit\u00e9 musicale \u00e9vidente.<\/p>\n<p data-start=\"523\" data-end=\"895\">Sur sc\u00e8ne, Trint r\u00e9invente sa mani\u00e8re de jouer. En solo ou en duo, sa renaissance musicale passe par une configuration aussi in\u00e9dite qu\u2019audacieuse : \u00ab <em>Contrairement \u00e0 ce que je faisais avec X-TV, je joue maintenant avec deux amplis \u00e0 lampes&#8230; et je ne m\u2019interdis pas un peu de folie et de distorsion. C\u2019est de la folk amplifi\u00e9e, et parfois, \u00e7a joue fort !<\/em> \u00bb<\/p>\n<p data-start=\"897\" data-end=\"1195\">Qu\u2019on l\u2019\u00e9coute dans l\u2019intimit\u00e9 d\u2019un salon tamis\u00e9 ou dans une salle trop \u00e9clair\u00e9e, Trint Eastwood livre des prestations touchantes, pleines de sinc\u00e9rit\u00e9, de chaleur et d\u2019\u00e9lan. Une voix famili\u00e8re venue de Serri\u00e8res, pas si inconnue que \u00e7a, qui nous promet encore de belles \u00e9coutes.<\/p>\n<p><iframe loading=\"lazy\" title=\"YouTube video player\" src=\"https:\/\/www.youtube.com\/embed\/iDzpcju5AWE?si=pV-Gvqmi1pSlphRp\" width=\"560\" height=\"315\" frameborder=\"0\" allowfullscreen=\"allowfullscreen\"><\/iframe><\/p>\n","protected":false},"excerpt":{"rendered":"<p><b>Trint Eastwood Mike Noegraf &#8211; Almost Minte<br \/>\n<\/b>2024 \/\/ 6 tracks<br \/>\nFolk punk<br \/>\nSerri\u00e8res \/\/ France<\/p>\n","protected":false},"featured_media":1024,"template":"","meta":[],"product_brand":[],"product_cat":[19,71],"product_tag":[28],"class_list":{"0":"post-1018","1":"product","2":"type-product","3":"status-publish","4":"has-post-thumbnail","6":"product_cat-cassettes","7":"product_cat-trint-eastwood","8":"product_tag-punk-rock","10":"first","11":"instock","12":"shipping-taxable","13":"purchasable","14":"product-type-simple"},"yoast_head":"<!-- This site is optimized with the Yoast SEO plugin v27.5 - https:\/\/yoast.com\/product\/yoast-seo-wordpress\/ -->\n<title>[Cassette] Trint Eastwood Mike Noegraf - Almost MINTE<\/title>\n<meta name=\"description\" content=\"Almost MINTE est le premier EP acoustique de Trint Eastwood, entre folk amplifi\u00e9e et reprises d\u2019Uncommonmenfrommars, en duo avec Mike Noegraf.\" \/>\n<meta name=\"robots\" content=\"index, follow, max-snippet:-1, max-image-preview:large, max-video-preview:-1\" \/>\n<link rel=\"canonical\" href=\"https:\/\/dispear-records.com\/index.php\/produit\/cassette-trint-eastwood-mike-noegraf-almost-minte\/\" \/>\n<meta property=\"og:locale\" content=\"fr_FR\" \/>\n<meta property=\"og:type\" content=\"article\" \/>\n<meta property=\"og:title\" content=\"[Cassette] Trint Eastwood Mike Noegraf - Almost MINTE\" \/>\n<meta property=\"og:description\" content=\"Almost MINTE est le premier EP acoustique de Trint Eastwood, entre folk amplifi\u00e9e et reprises d\u2019Uncommonmenfrommars, en duo avec Mike Noegraf.\" \/>\n<meta property=\"og:url\" content=\"https:\/\/dispear-records.com\/index.php\/produit\/cassette-trint-eastwood-mike-noegraf-almost-minte\/\" \/>\n<meta property=\"og:site_name\" content=\"Dispear Records\" \/>\n<meta property=\"article:modified_time\" content=\"2025-12-15T14:00:03+00:00\" \/>\n<meta property=\"og:image\" content=\"https:\/\/dispear-records.com\/wp-content\/uploads\/2025\/06\/almostminte_carre-1.jpg\" \/>\n\t<meta property=\"og:image:width\" content=\"800\" \/>\n\t<meta property=\"og:image:height\" content=\"800\" \/>\n\t<meta property=\"og:image:type\" content=\"image\/jpeg\" \/>\n<meta name=\"twitter:card\" content=\"summary_large_image\" \/>\n<meta name=\"twitter:label1\" content=\"Dur\u00e9e de lecture estim\u00e9e\" \/>\n\t<meta name=\"twitter:data1\" content=\"1 minute\" \/>\n<script type=\"application\/ld+json\" class=\"yoast-schema-graph\">{\"@context\":\"https:\\\/\\\/schema.org\",\"@graph\":[{\"@type\":\"WebPage\",\"@id\":\"https:\\\/\\\/dispear-records.com\\\/index.php\\\/produit\\\/cassette-trint-eastwood-mike-noegraf-almost-minte\\\/\",\"url\":\"https:\\\/\\\/dispear-records.com\\\/index.php\\\/produit\\\/cassette-trint-eastwood-mike-noegraf-almost-minte\\\/\",\"name\":\"[Cassette] Trint Eastwood Mike Noegraf - Almost MINTE\",\"isPartOf\":{\"@id\":\"https:\\\/\\\/dispear-records.com\\\/#website\"},\"primaryImageOfPage\":{\"@id\":\"https:\\\/\\\/dispear-records.com\\\/index.php\\\/produit\\\/cassette-trint-eastwood-mike-noegraf-almost-minte\\\/#primaryimage\"},\"image\":{\"@id\":\"https:\\\/\\\/dispear-records.com\\\/index.php\\\/produit\\\/cassette-trint-eastwood-mike-noegraf-almost-minte\\\/#primaryimage\"},\"thumbnailUrl\":\"https:\\\/\\\/dispear-records.com\\\/wp-content\\\/uploads\\\/2025\\\/06\\\/almostminte_carre-1.jpg\",\"datePublished\":\"2025-06-11T11:11:16+00:00\",\"dateModified\":\"2025-12-15T14:00:03+00:00\",\"description\":\"Almost MINTE est le premier EP acoustique de Trint Eastwood, entre folk amplifi\u00e9e et reprises d\u2019Uncommonmenfrommars, en duo avec Mike Noegraf.\",\"breadcrumb\":{\"@id\":\"https:\\\/\\\/dispear-records.com\\\/index.php\\\/produit\\\/cassette-trint-eastwood-mike-noegraf-almost-minte\\\/#breadcrumb\"},\"inLanguage\":\"fr-FR\",\"potentialAction\":[{\"@type\":\"ReadAction\",\"target\":[\"https:\\\/\\\/dispear-records.com\\\/index.php\\\/produit\\\/cassette-trint-eastwood-mike-noegraf-almost-minte\\\/\"]}]},{\"@type\":\"ImageObject\",\"inLanguage\":\"fr-FR\",\"@id\":\"https:\\\/\\\/dispear-records.com\\\/index.php\\\/produit\\\/cassette-trint-eastwood-mike-noegraf-almost-minte\\\/#primaryimage\",\"url\":\"https:\\\/\\\/dispear-records.com\\\/wp-content\\\/uploads\\\/2025\\\/06\\\/almostminte_carre-1.jpg\",\"contentUrl\":\"https:\\\/\\\/dispear-records.com\\\/wp-content\\\/uploads\\\/2025\\\/06\\\/almostminte_carre-1.jpg\",\"width\":800,\"height\":800},{\"@type\":\"BreadcrumbList\",\"@id\":\"https:\\\/\\\/dispear-records.com\\\/index.php\\\/produit\\\/cassette-trint-eastwood-mike-noegraf-almost-minte\\\/#breadcrumb\",\"itemListElement\":[{\"@type\":\"ListItem\",\"position\":1,\"name\":\"Accueil\",\"item\":\"https:\\\/\\\/dispear-records.com\\\/\"},{\"@type\":\"ListItem\",\"position\":2,\"name\":\"Boutique\",\"item\":\"https:\\\/\\\/dispear-records.com\\\/\"},{\"@type\":\"ListItem\",\"position\":3,\"name\":\"[Cassette] Trint Eastwood Mike Noegraf &#8211; Almost MINTE\"}]},{\"@type\":\"WebSite\",\"@id\":\"https:\\\/\\\/dispear-records.com\\\/#website\",\"url\":\"https:\\\/\\\/dispear-records.com\\\/\",\"name\":\"Dispear Records\",\"description\":\"DIY punk &amp; hardcore label\",\"publisher\":{\"@id\":\"https:\\\/\\\/dispear-records.com\\\/#organization\"},\"potentialAction\":[{\"@type\":\"SearchAction\",\"target\":{\"@type\":\"EntryPoint\",\"urlTemplate\":\"https:\\\/\\\/dispear-records.com\\\/?s={search_term_string}\"},\"query-input\":{\"@type\":\"PropertyValueSpecification\",\"valueRequired\":true,\"valueName\":\"search_term_string\"}}],\"inLanguage\":\"fr-FR\"},{\"@type\":\"Organization\",\"@id\":\"https:\\\/\\\/dispear-records.com\\\/#organization\",\"name\":\"Dispear Records\",\"url\":\"https:\\\/\\\/dispear-records.com\\\/\",\"logo\":{\"@type\":\"ImageObject\",\"inLanguage\":\"fr-FR\",\"@id\":\"https:\\\/\\\/dispear-records.com\\\/#\\\/schema\\\/logo\\\/image\\\/\",\"url\":\"https:\\\/\\\/dispear-records.com\\\/wp-content\\\/uploads\\\/2021\\\/06\\\/cropped-cropped-dispear.png\",\"contentUrl\":\"https:\\\/\\\/dispear-records.com\\\/wp-content\\\/uploads\\\/2021\\\/06\\\/cropped-cropped-dispear.png\",\"width\":2592,\"height\":709,\"caption\":\"Dispear Records\"},\"image\":{\"@id\":\"https:\\\/\\\/dispear-records.com\\\/#\\\/schema\\\/logo\\\/image\\\/\"}}]}<\/script>\n<!-- \/ Yoast SEO plugin. -->","yoast_head_json":{"title":"[Cassette] Trint Eastwood Mike Noegraf - Almost MINTE","description":"Almost MINTE est le premier EP acoustique de Trint Eastwood, entre folk amplifi\u00e9e et reprises d\u2019Uncommonmenfrommars, en duo avec Mike Noegraf.","robots":{"index":"index","follow":"follow","max-snippet":"max-snippet:-1","max-image-preview":"max-image-preview:large","max-video-preview":"max-video-preview:-1"},"canonical":"https:\/\/dispear-records.com\/index.php\/produit\/cassette-trint-eastwood-mike-noegraf-almost-minte\/","og_locale":"fr_FR","og_type":"article","og_title":"[Cassette] Trint Eastwood Mike Noegraf - Almost MINTE","og_description":"Almost MINTE est le premier EP acoustique de Trint Eastwood, entre folk amplifi\u00e9e et reprises d\u2019Uncommonmenfrommars, en duo avec Mike Noegraf.","og_url":"https:\/\/dispear-records.com\/index.php\/produit\/cassette-trint-eastwood-mike-noegraf-almost-minte\/","og_site_name":"Dispear Records","article_modified_time":"2025-12-15T14:00:03+00:00","og_image":[{"width":800,"height":800,"url":"https:\/\/dispear-records.com\/wp-content\/uploads\/2025\/06\/almostminte_carre-1.jpg","type":"image\/jpeg"}],"twitter_card":"summary_large_image","twitter_misc":{"Dur\u00e9e de lecture estim\u00e9e":"1 minute"},"schema":{"@context":"https:\/\/schema.org","@graph":[{"@type":"WebPage","@id":"https:\/\/dispear-records.com\/index.php\/produit\/cassette-trint-eastwood-mike-noegraf-almost-minte\/","url":"https:\/\/dispear-records.com\/index.php\/produit\/cassette-trint-eastwood-mike-noegraf-almost-minte\/","name":"[Cassette] Trint Eastwood Mike Noegraf - Almost MINTE","isPartOf":{"@id":"https:\/\/dispear-records.com\/#website"},"primaryImageOfPage":{"@id":"https:\/\/dispear-records.com\/index.php\/produit\/cassette-trint-eastwood-mike-noegraf-almost-minte\/#primaryimage"},"image":{"@id":"https:\/\/dispear-records.com\/index.php\/produit\/cassette-trint-eastwood-mike-noegraf-almost-minte\/#primaryimage"},"thumbnailUrl":"https:\/\/dispear-records.com\/wp-content\/uploads\/2025\/06\/almostminte_carre-1.jpg","datePublished":"2025-06-11T11:11:16+00:00","dateModified":"2025-12-15T14:00:03+00:00","description":"Almost MINTE est le premier EP acoustique de Trint Eastwood, entre folk amplifi\u00e9e et reprises d\u2019Uncommonmenfrommars, en duo avec Mike Noegraf.","breadcrumb":{"@id":"https:\/\/dispear-records.com\/index.php\/produit\/cassette-trint-eastwood-mike-noegraf-almost-minte\/#breadcrumb"},"inLanguage":"fr-FR","potentialAction":[{"@type":"ReadAction","target":["https:\/\/dispear-records.com\/index.php\/produit\/cassette-trint-eastwood-mike-noegraf-almost-minte\/"]}]},{"@type":"ImageObject","inLanguage":"fr-FR","@id":"https:\/\/dispear-records.com\/index.php\/produit\/cassette-trint-eastwood-mike-noegraf-almost-minte\/#primaryimage","url":"https:\/\/dispear-records.com\/wp-content\/uploads\/2025\/06\/almostminte_carre-1.jpg","contentUrl":"https:\/\/dispear-records.com\/wp-content\/uploads\/2025\/06\/almostminte_carre-1.jpg","width":800,"height":800},{"@type":"BreadcrumbList","@id":"https:\/\/dispear-records.com\/index.php\/produit\/cassette-trint-eastwood-mike-noegraf-almost-minte\/#breadcrumb","itemListElement":[{"@type":"ListItem","position":1,"name":"Accueil","item":"https:\/\/dispear-records.com\/"},{"@type":"ListItem","position":2,"name":"Boutique","item":"https:\/\/dispear-records.com\/"},{"@type":"ListItem","position":3,"name":"[Cassette] Trint Eastwood Mike Noegraf &#8211; Almost MINTE"}]},{"@type":"WebSite","@id":"https:\/\/dispear-records.com\/#website","url":"https:\/\/dispear-records.com\/","name":"Dispear Records","description":"DIY punk &amp; hardcore label","publisher":{"@id":"https:\/\/dispear-records.com\/#organization"},"potentialAction":[{"@type":"SearchAction","target":{"@type":"EntryPoint","urlTemplate":"https:\/\/dispear-records.com\/?s={search_term_string}"},"query-input":{"@type":"PropertyValueSpecification","valueRequired":true,"valueName":"search_term_string"}}],"inLanguage":"fr-FR"},{"@type":"Organization","@id":"https:\/\/dispear-records.com\/#organization","name":"Dispear Records","url":"https:\/\/dispear-records.com\/","logo":{"@type":"ImageObject","inLanguage":"fr-FR","@id":"https:\/\/dispear-records.com\/#\/schema\/logo\/image\/","url":"https:\/\/dispear-records.com\/wp-content\/uploads\/2021\/06\/cropped-cropped-dispear.png","contentUrl":"https:\/\/dispear-records.com\/wp-content\/uploads\/2021\/06\/cropped-cropped-dispear.png","width":2592,"height":709,"caption":"Dispear Records"},"image":{"@id":"https:\/\/dispear-records.com\/#\/schema\/logo\/image\/"}}]}},"_links":{"self":[{"href":"https:\/\/dispear-records.com\/index.php\/wp-json\/wp\/v2\/product\/1018","targetHints":{"allow":["GET"]}}],"collection":[{"href":"https:\/\/dispear-records.com\/index.php\/wp-json\/wp\/v2\/product"}],"about":[{"href":"https:\/\/dispear-records.com\/index.php\/wp-json\/wp\/v2\/types\/product"}],"wp:featuredmedia":[{"embeddable":true,"href":"https:\/\/dispear-records.com\/index.php\/wp-json\/wp\/v2\/media\/1024"}],"wp:attachment":[{"href":"https:\/\/dispear-records.com\/index.php\/wp-json\/wp\/v2\/media?parent=1018"}],"wp:term":[{"taxonomy":"product_brand","embeddable":true,"href":"https:\/\/dispear-records.com\/index.php\/wp-json\/wp\/v2\/product_brand?post=1018"},{"taxonomy":"product_cat","embeddable":true,"href":"https:\/\/dispear-records.com\/index.php\/wp-json\/wp\/v2\/product_cat?post=1018"},{"taxonomy":"product_tag","embeddable":true,"href":"https:\/\/dispear-records.com\/index.php\/wp-json\/wp\/v2\/product_tag?post=1018"}],"curies":[{"name":"wp","href":"https:\/\/api.w.org\/{rel}","templated":true}]}}