{"id":1062,"date":"2025-07-23T22:05:03","date_gmt":"2025-07-23T20:05:03","guid":{"rendered":"https:\/\/dispear-records.com\/?post_type=product&#038;p=1062"},"modified":"2025-09-23T12:22:52","modified_gmt":"2025-09-23T10:22:52","slug":"cassette-cold-stress-realistic","status":"publish","type":"product","link":"https:\/\/dispear-records.com\/index.php\/produit\/cassette-cold-stress-realistic\/","title":{"rendered":"[Cassette] Cold Stress &#8211; Realistic"},"content":{"rendered":"<p data-start=\"201\" data-end=\"693\">Un an et demi apr\u00e8s la sortie de leur EP \u00e9ponyme, Cold Stress revient avec <em data-start=\"276\" data-end=\"287\">Realistic<\/em>, marquant une \u00e9volution dans leur parcours. Les compositions gagnent en structure et en densit\u00e9 ; les riffs se font plus lourds, plus sombres, avec des teintes m\u00e9talliques qui \u00e9largissent le spectre sans trahir l\u2019ADN hardcore du groupe. L\u2019album prend ses distances avec l\u2019urgence brute de leurs d\u00e9buts pour s\u2019ancrer dans un hardcore plus massif, tendu et abouti \u2014 aussi bien dans le son que dans l\u2019intention.<\/p>\n<p data-start=\"695\" data-end=\"1082\">En 23 minutes bien compactes, Cold Stress signe un premier album 12 titres forg\u00e9 sur sc\u00e8ne, dans la sueur et le chaos de plus de soixante concerts, entre caves, salles et festivals. Ce LP condense l\u2019\u00e9nergie abrasive et d\u00e9bordante qui les anime depuis leurs d\u00e9buts : douze morceaux qui cognent sec, comme autant de tentatives pour canaliser \u2014 ou expulser \u2014 quelques d\u00e9mons bien install\u00e9s.<\/p>\n<p><iframe loading=\"lazy\" style=\"border-radius: 12px;\" src=\"https:\/\/open.spotify.com\/embed\/album\/2Q4DDGqhz3bzLtHVMVGolg?utm_source=generator&amp;theme=0\" width=\"100%\" height=\"352\" frameborder=\"0\" allowfullscreen=\"allowfullscreen\" data-testid=\"embed-iframe\"><\/iframe><\/p>\n","protected":false},"excerpt":{"rendered":"<p><strong>Cold Stress &#8211; Realistic<\/strong><br \/>\n2025 \/\/ 12 tracks<br \/>\nPunk Hardcore<br \/>\nHossegor \/\/ France<\/p>\n","protected":false},"featured_media":1068,"template":"","meta":[],"product_brand":[],"product_cat":[19,59],"product_tag":[23],"class_list":{"0":"post-1062","1":"product","2":"type-product","3":"status-publish","4":"has-post-thumbnail","6":"product_cat-cassettes","7":"product_cat-cold-stress","8":"product_tag-hardcore-punk","10":"first","11":"instock","12":"shipping-taxable","13":"purchasable","14":"product-type-simple"},"yoast_head":"<!-- This site is optimized with the Yoast SEO plugin v27.5 - https:\/\/yoast.com\/product\/yoast-seo-wordpress\/ -->\n<title>[Cassette] Cold Stress - Realistic<\/title>\n<meta name=\"description\" content=\"Un an et demi apr\u00e8s la sortie de leur EP \u00e9ponyme, Cold Stress revient avec Realistic : 12 titres plus sombres et r\u00e9solument hardcore !\" \/>\n<meta name=\"robots\" content=\"index, follow, max-snippet:-1, max-image-preview:large, max-video-preview:-1\" \/>\n<link rel=\"canonical\" href=\"https:\/\/dispear-records.com\/index.php\/produit\/cassette-cold-stress-realistic\/\" \/>\n<meta property=\"og:locale\" content=\"fr_FR\" \/>\n<meta property=\"og:type\" content=\"article\" \/>\n<meta property=\"og:title\" content=\"[Cassette] Cold Stress - Realistic\" \/>\n<meta property=\"og:description\" content=\"Un an et demi apr\u00e8s la sortie de leur EP \u00e9ponyme, Cold Stress revient avec Realistic : 12 titres plus sombres et r\u00e9solument hardcore !\" \/>\n<meta property=\"og:url\" content=\"https:\/\/dispear-records.com\/index.php\/produit\/cassette-cold-stress-realistic\/\" \/>\n<meta property=\"og:site_name\" content=\"Dispear Records\" \/>\n<meta property=\"article:modified_time\" content=\"2025-09-23T10:22:52+00:00\" \/>\n<meta property=\"og:image\" content=\"https:\/\/dispear-records.com\/wp-content\/uploads\/2025\/07\/IMG_3463-carre-1.jpg\" \/>\n\t<meta property=\"og:image:width\" content=\"800\" \/>\n\t<meta property=\"og:image:height\" content=\"800\" \/>\n\t<meta property=\"og:image:type\" content=\"image\/jpeg\" \/>\n<meta name=\"twitter:card\" content=\"summary_large_image\" \/>\n<meta name=\"twitter:label1\" content=\"Dur\u00e9e de lecture estim\u00e9e\" \/>\n\t<meta name=\"twitter:data1\" content=\"1 minute\" \/>\n<script type=\"application\/ld+json\" class=\"yoast-schema-graph\">{\"@context\":\"https:\\\/\\\/schema.org\",\"@graph\":[{\"@type\":\"WebPage\",\"@id\":\"https:\\\/\\\/dispear-records.com\\\/index.php\\\/produit\\\/cassette-cold-stress-realistic\\\/\",\"url\":\"https:\\\/\\\/dispear-records.com\\\/index.php\\\/produit\\\/cassette-cold-stress-realistic\\\/\",\"name\":\"[Cassette] Cold Stress - Realistic\",\"isPartOf\":{\"@id\":\"https:\\\/\\\/dispear-records.com\\\/#website\"},\"primaryImageOfPage\":{\"@id\":\"https:\\\/\\\/dispear-records.com\\\/index.php\\\/produit\\\/cassette-cold-stress-realistic\\\/#primaryimage\"},\"image\":{\"@id\":\"https:\\\/\\\/dispear-records.com\\\/index.php\\\/produit\\\/cassette-cold-stress-realistic\\\/#primaryimage\"},\"thumbnailUrl\":\"https:\\\/\\\/dispear-records.com\\\/wp-content\\\/uploads\\\/2025\\\/07\\\/IMG_3463-carre-1.jpg\",\"datePublished\":\"2025-07-23T20:05:03+00:00\",\"dateModified\":\"2025-09-23T10:22:52+00:00\",\"description\":\"Un an et demi apr\u00e8s la sortie de leur EP \u00e9ponyme, Cold Stress revient avec Realistic : 12 titres plus sombres et r\u00e9solument hardcore !\",\"breadcrumb\":{\"@id\":\"https:\\\/\\\/dispear-records.com\\\/index.php\\\/produit\\\/cassette-cold-stress-realistic\\\/#breadcrumb\"},\"inLanguage\":\"fr-FR\",\"potentialAction\":[{\"@type\":\"ReadAction\",\"target\":[\"https:\\\/\\\/dispear-records.com\\\/index.php\\\/produit\\\/cassette-cold-stress-realistic\\\/\"]}]},{\"@type\":\"ImageObject\",\"inLanguage\":\"fr-FR\",\"@id\":\"https:\\\/\\\/dispear-records.com\\\/index.php\\\/produit\\\/cassette-cold-stress-realistic\\\/#primaryimage\",\"url\":\"https:\\\/\\\/dispear-records.com\\\/wp-content\\\/uploads\\\/2025\\\/07\\\/IMG_3463-carre-1.jpg\",\"contentUrl\":\"https:\\\/\\\/dispear-records.com\\\/wp-content\\\/uploads\\\/2025\\\/07\\\/IMG_3463-carre-1.jpg\",\"width\":800,\"height\":800},{\"@type\":\"BreadcrumbList\",\"@id\":\"https:\\\/\\\/dispear-records.com\\\/index.php\\\/produit\\\/cassette-cold-stress-realistic\\\/#breadcrumb\",\"itemListElement\":[{\"@type\":\"ListItem\",\"position\":1,\"name\":\"Accueil\",\"item\":\"https:\\\/\\\/dispear-records.com\\\/\"},{\"@type\":\"ListItem\",\"position\":2,\"name\":\"Boutique\",\"item\":\"https:\\\/\\\/dispear-records.com\\\/\"},{\"@type\":\"ListItem\",\"position\":3,\"name\":\"[Cassette] Cold Stress &#8211; Realistic\"}]},{\"@type\":\"WebSite\",\"@id\":\"https:\\\/\\\/dispear-records.com\\\/#website\",\"url\":\"https:\\\/\\\/dispear-records.com\\\/\",\"name\":\"Dispear Records\",\"description\":\"DIY punk &amp; hardcore label\",\"publisher\":{\"@id\":\"https:\\\/\\\/dispear-records.com\\\/#organization\"},\"potentialAction\":[{\"@type\":\"SearchAction\",\"target\":{\"@type\":\"EntryPoint\",\"urlTemplate\":\"https:\\\/\\\/dispear-records.com\\\/?s={search_term_string}\"},\"query-input\":{\"@type\":\"PropertyValueSpecification\",\"valueRequired\":true,\"valueName\":\"search_term_string\"}}],\"inLanguage\":\"fr-FR\"},{\"@type\":\"Organization\",\"@id\":\"https:\\\/\\\/dispear-records.com\\\/#organization\",\"name\":\"Dispear Records\",\"url\":\"https:\\\/\\\/dispear-records.com\\\/\",\"logo\":{\"@type\":\"ImageObject\",\"inLanguage\":\"fr-FR\",\"@id\":\"https:\\\/\\\/dispear-records.com\\\/#\\\/schema\\\/logo\\\/image\\\/\",\"url\":\"https:\\\/\\\/dispear-records.com\\\/wp-content\\\/uploads\\\/2021\\\/06\\\/cropped-cropped-dispear.png\",\"contentUrl\":\"https:\\\/\\\/dispear-records.com\\\/wp-content\\\/uploads\\\/2021\\\/06\\\/cropped-cropped-dispear.png\",\"width\":2592,\"height\":709,\"caption\":\"Dispear Records\"},\"image\":{\"@id\":\"https:\\\/\\\/dispear-records.com\\\/#\\\/schema\\\/logo\\\/image\\\/\"}}]}<\/script>\n<!-- \/ Yoast SEO plugin. -->","yoast_head_json":{"title":"[Cassette] Cold Stress - Realistic","description":"Un an et demi apr\u00e8s la sortie de leur EP \u00e9ponyme, Cold Stress revient avec Realistic : 12 titres plus sombres et r\u00e9solument hardcore !","robots":{"index":"index","follow":"follow","max-snippet":"max-snippet:-1","max-image-preview":"max-image-preview:large","max-video-preview":"max-video-preview:-1"},"canonical":"https:\/\/dispear-records.com\/index.php\/produit\/cassette-cold-stress-realistic\/","og_locale":"fr_FR","og_type":"article","og_title":"[Cassette] Cold Stress - Realistic","og_description":"Un an et demi apr\u00e8s la sortie de leur EP \u00e9ponyme, Cold Stress revient avec Realistic : 12 titres plus sombres et r\u00e9solument hardcore !","og_url":"https:\/\/dispear-records.com\/index.php\/produit\/cassette-cold-stress-realistic\/","og_site_name":"Dispear Records","article_modified_time":"2025-09-23T10:22:52+00:00","og_image":[{"width":800,"height":800,"url":"https:\/\/dispear-records.com\/wp-content\/uploads\/2025\/07\/IMG_3463-carre-1.jpg","type":"image\/jpeg"}],"twitter_card":"summary_large_image","twitter_misc":{"Dur\u00e9e de lecture estim\u00e9e":"1 minute"},"schema":{"@context":"https:\/\/schema.org","@graph":[{"@type":"WebPage","@id":"https:\/\/dispear-records.com\/index.php\/produit\/cassette-cold-stress-realistic\/","url":"https:\/\/dispear-records.com\/index.php\/produit\/cassette-cold-stress-realistic\/","name":"[Cassette] Cold Stress - Realistic","isPartOf":{"@id":"https:\/\/dispear-records.com\/#website"},"primaryImageOfPage":{"@id":"https:\/\/dispear-records.com\/index.php\/produit\/cassette-cold-stress-realistic\/#primaryimage"},"image":{"@id":"https:\/\/dispear-records.com\/index.php\/produit\/cassette-cold-stress-realistic\/#primaryimage"},"thumbnailUrl":"https:\/\/dispear-records.com\/wp-content\/uploads\/2025\/07\/IMG_3463-carre-1.jpg","datePublished":"2025-07-23T20:05:03+00:00","dateModified":"2025-09-23T10:22:52+00:00","description":"Un an et demi apr\u00e8s la sortie de leur EP \u00e9ponyme, Cold Stress revient avec Realistic : 12 titres plus sombres et r\u00e9solument hardcore !","breadcrumb":{"@id":"https:\/\/dispear-records.com\/index.php\/produit\/cassette-cold-stress-realistic\/#breadcrumb"},"inLanguage":"fr-FR","potentialAction":[{"@type":"ReadAction","target":["https:\/\/dispear-records.com\/index.php\/produit\/cassette-cold-stress-realistic\/"]}]},{"@type":"ImageObject","inLanguage":"fr-FR","@id":"https:\/\/dispear-records.com\/index.php\/produit\/cassette-cold-stress-realistic\/#primaryimage","url":"https:\/\/dispear-records.com\/wp-content\/uploads\/2025\/07\/IMG_3463-carre-1.jpg","contentUrl":"https:\/\/dispear-records.com\/wp-content\/uploads\/2025\/07\/IMG_3463-carre-1.jpg","width":800,"height":800},{"@type":"BreadcrumbList","@id":"https:\/\/dispear-records.com\/index.php\/produit\/cassette-cold-stress-realistic\/#breadcrumb","itemListElement":[{"@type":"ListItem","position":1,"name":"Accueil","item":"https:\/\/dispear-records.com\/"},{"@type":"ListItem","position":2,"name":"Boutique","item":"https:\/\/dispear-records.com\/"},{"@type":"ListItem","position":3,"name":"[Cassette] Cold Stress &#8211; Realistic"}]},{"@type":"WebSite","@id":"https:\/\/dispear-records.com\/#website","url":"https:\/\/dispear-records.com\/","name":"Dispear Records","description":"DIY punk &amp; hardcore label","publisher":{"@id":"https:\/\/dispear-records.com\/#organization"},"potentialAction":[{"@type":"SearchAction","target":{"@type":"EntryPoint","urlTemplate":"https:\/\/dispear-records.com\/?s={search_term_string}"},"query-input":{"@type":"PropertyValueSpecification","valueRequired":true,"valueName":"search_term_string"}}],"inLanguage":"fr-FR"},{"@type":"Organization","@id":"https:\/\/dispear-records.com\/#organization","name":"Dispear Records","url":"https:\/\/dispear-records.com\/","logo":{"@type":"ImageObject","inLanguage":"fr-FR","@id":"https:\/\/dispear-records.com\/#\/schema\/logo\/image\/","url":"https:\/\/dispear-records.com\/wp-content\/uploads\/2021\/06\/cropped-cropped-dispear.png","contentUrl":"https:\/\/dispear-records.com\/wp-content\/uploads\/2021\/06\/cropped-cropped-dispear.png","width":2592,"height":709,"caption":"Dispear Records"},"image":{"@id":"https:\/\/dispear-records.com\/#\/schema\/logo\/image\/"}}]}},"_links":{"self":[{"href":"https:\/\/dispear-records.com\/index.php\/wp-json\/wp\/v2\/product\/1062","targetHints":{"allow":["GET"]}}],"collection":[{"href":"https:\/\/dispear-records.com\/index.php\/wp-json\/wp\/v2\/product"}],"about":[{"href":"https:\/\/dispear-records.com\/index.php\/wp-json\/wp\/v2\/types\/product"}],"wp:featuredmedia":[{"embeddable":true,"href":"https:\/\/dispear-records.com\/index.php\/wp-json\/wp\/v2\/media\/1068"}],"wp:attachment":[{"href":"https:\/\/dispear-records.com\/index.php\/wp-json\/wp\/v2\/media?parent=1062"}],"wp:term":[{"taxonomy":"product_brand","embeddable":true,"href":"https:\/\/dispear-records.com\/index.php\/wp-json\/wp\/v2\/product_brand?post=1062"},{"taxonomy":"product_cat","embeddable":true,"href":"https:\/\/dispear-records.com\/index.php\/wp-json\/wp\/v2\/product_cat?post=1062"},{"taxonomy":"product_tag","embeddable":true,"href":"https:\/\/dispear-records.com\/index.php\/wp-json\/wp\/v2\/product_tag?post=1062"}],"curies":[{"name":"wp","href":"https:\/\/api.w.org\/{rel}","templated":true}]}}