{"id":1099,"date":"2025-09-04T20:53:02","date_gmt":"2025-09-04T18:53:02","guid":{"rendered":"https:\/\/dispear-records.com\/?post_type=product&#038;p=1099"},"modified":"2025-11-16T11:31:43","modified_gmt":"2025-11-16T10:31:43","slug":"cassette-not-scientists-voices","status":"publish","type":"product","link":"https:\/\/dispear-records.com\/index.php\/produit\/cassette-not-scientists-voices\/","title":{"rendered":"[Cassette] Not Scientists &#8211; Voices"},"content":{"rendered":"<p>Not Scientists fait partie de ces groupes dont on attend chaque nouvel album avec impatience \u2014 et \u00e0 chaque fois, la claque est au rendez-vous. Jamais d\u00e9cevants, toujours surprenants, ils se r\u00e9inventent disque apr\u00e8s disque, explorant des territoires o\u00f9 l\u2019on ne les attend pas.<\/p>\n<p>Avec <em>Voices<\/em>, leur quatri\u00e8me album, ils confirment cette habitude de casser les codes. Le punk rock m\u00e9lo de leurs formations pass\u00e9es, toujours pr\u00e9sent en filigrane, s\u2019efface un peu plus pour laisser la place \u00e0 une une palette d\u2019influences plus large. On retrouve les sonorit\u00e9s post punk qui caract\u00e9risaient avec brio leur pr\u00e9c\u00e9dent opus, <em>Staring at the Sun<\/em>, mais le groupe prolonge l\u2019ouverture et multiplie les nuances : guitares tendues et abrasives (<em>Caught in a Web, Endgame<\/em>), respirations plus a\u00e9r\u00e9es et contemplatives (<em>The City Calls, Cul de Sac<\/em>), atmosph\u00e8res indie\/post-punk \u00e9voquant Death Lens ou The Cure (<em>Maze, Voices<\/em>), sans oublier des br\u00fblots nerveux et imm\u00e9diats (<em>Burnout, Phone<\/em>).<\/p>\n<p>Enregistr\u00e9, mix\u00e9 et masteris\u00e9 en Catalogne (studios Cal Pau Recordings et Ultramarinos), le disque b\u00e9n\u00e9ficie d\u2019une production organique et puissante, qui met en valeur la finesse des arrangements. R\u00e9sultat : un album riche, vari\u00e9 et hautement addictif ! Sans doute le plus abouti de Not Scientists \u00e0 ce jour.<\/p>\n<p>Et un gros merci \u00e0 <a href=\"https:\/\/www.kickingmusic.fr\/\" target=\"_blank\" rel=\"noopener\">Kicking Music<\/a> pour avoir rendu cette cassette possible.<\/p>\n<p><iframe loading=\"lazy\" style=\"border-radius: 12px;\" src=\"https:\/\/open.spotify.com\/embed\/album\/78bSFS5BoARwYBn654UI6z?utm_source=generator\" width=\"100%\" height=\"352\" frameborder=\"0\" allowfullscreen=\"allowfullscreen\" data-testid=\"embed-iframe\"><\/iframe><\/p>\n","protected":false},"excerpt":{"rendered":"<p><strong>Not Scientists &#8211; Voices<\/strong><br \/>\n2025 \/\/ 12 tracks<br \/>\nPunk Rock<br \/>\nLyon \/\/ France<\/p>\n","protected":false},"featured_media":1103,"template":"","meta":[],"product_brand":[],"product_cat":[19,56],"product_tag":[28],"class_list":{"0":"post-1099","1":"product","2":"type-product","3":"status-publish","4":"has-post-thumbnail","6":"product_cat-cassettes","7":"product_cat-not-scientists","8":"product_tag-punk-rock","10":"first","11":"instock","12":"shipping-taxable","13":"purchasable","14":"product-type-simple"},"yoast_head":"<!-- This site is optimized with the Yoast SEO plugin v27.5 - https:\/\/yoast.com\/product\/yoast-seo-wordpress\/ -->\n<title>[Cassette] Not Scientists - Voices<\/title>\n<meta name=\"description\" content=\"Avec Voices, Not Scientists sort un album puissant, vari\u00e9 et riche, m\u00ealant avec talent \u00e9nergie punk, influences indie et post-punk.\" \/>\n<meta name=\"robots\" content=\"index, follow, max-snippet:-1, max-image-preview:large, max-video-preview:-1\" \/>\n<link rel=\"canonical\" href=\"https:\/\/dispear-records.com\/index.php\/produit\/cassette-not-scientists-voices\/\" \/>\n<meta property=\"og:locale\" content=\"fr_FR\" \/>\n<meta property=\"og:type\" content=\"article\" \/>\n<meta property=\"og:title\" content=\"[Cassette] Not Scientists - Voices\" \/>\n<meta property=\"og:description\" content=\"Avec Voices, Not Scientists sort un album puissant, vari\u00e9 et riche, m\u00ealant avec talent \u00e9nergie punk, influences indie et post-punk.\" \/>\n<meta property=\"og:url\" content=\"https:\/\/dispear-records.com\/index.php\/produit\/cassette-not-scientists-voices\/\" \/>\n<meta property=\"og:site_name\" content=\"Dispear Records\" \/>\n<meta property=\"article:modified_time\" content=\"2025-11-16T10:31:43+00:00\" \/>\n<meta property=\"og:image\" content=\"https:\/\/dispear-records.com\/wp-content\/uploads\/2025\/09\/IMG_3827-800.png\" \/>\n\t<meta property=\"og:image:width\" content=\"800\" \/>\n\t<meta property=\"og:image:height\" content=\"800\" \/>\n\t<meta property=\"og:image:type\" content=\"image\/png\" \/>\n<meta name=\"twitter:card\" content=\"summary_large_image\" \/>\n<meta name=\"twitter:label1\" content=\"Dur\u00e9e de lecture estim\u00e9e\" \/>\n\t<meta name=\"twitter:data1\" content=\"2 minutes\" \/>\n<script type=\"application\/ld+json\" class=\"yoast-schema-graph\">{\"@context\":\"https:\\\/\\\/schema.org\",\"@graph\":[{\"@type\":\"WebPage\",\"@id\":\"https:\\\/\\\/dispear-records.com\\\/index.php\\\/produit\\\/cassette-not-scientists-voices\\\/\",\"url\":\"https:\\\/\\\/dispear-records.com\\\/index.php\\\/produit\\\/cassette-not-scientists-voices\\\/\",\"name\":\"[Cassette] Not Scientists - Voices\",\"isPartOf\":{\"@id\":\"https:\\\/\\\/dispear-records.com\\\/#website\"},\"primaryImageOfPage\":{\"@id\":\"https:\\\/\\\/dispear-records.com\\\/index.php\\\/produit\\\/cassette-not-scientists-voices\\\/#primaryimage\"},\"image\":{\"@id\":\"https:\\\/\\\/dispear-records.com\\\/index.php\\\/produit\\\/cassette-not-scientists-voices\\\/#primaryimage\"},\"thumbnailUrl\":\"https:\\\/\\\/dispear-records.com\\\/wp-content\\\/uploads\\\/2025\\\/09\\\/IMG_3827-800.png\",\"datePublished\":\"2025-09-04T18:53:02+00:00\",\"dateModified\":\"2025-11-16T10:31:43+00:00\",\"description\":\"Avec Voices, Not Scientists sort un album puissant, vari\u00e9 et riche, m\u00ealant avec talent \u00e9nergie punk, influences indie et post-punk.\",\"breadcrumb\":{\"@id\":\"https:\\\/\\\/dispear-records.com\\\/index.php\\\/produit\\\/cassette-not-scientists-voices\\\/#breadcrumb\"},\"inLanguage\":\"fr-FR\",\"potentialAction\":[{\"@type\":\"ReadAction\",\"target\":[\"https:\\\/\\\/dispear-records.com\\\/index.php\\\/produit\\\/cassette-not-scientists-voices\\\/\"]}]},{\"@type\":\"ImageObject\",\"inLanguage\":\"fr-FR\",\"@id\":\"https:\\\/\\\/dispear-records.com\\\/index.php\\\/produit\\\/cassette-not-scientists-voices\\\/#primaryimage\",\"url\":\"https:\\\/\\\/dispear-records.com\\\/wp-content\\\/uploads\\\/2025\\\/09\\\/IMG_3827-800.png\",\"contentUrl\":\"https:\\\/\\\/dispear-records.com\\\/wp-content\\\/uploads\\\/2025\\\/09\\\/IMG_3827-800.png\",\"width\":800,\"height\":800},{\"@type\":\"BreadcrumbList\",\"@id\":\"https:\\\/\\\/dispear-records.com\\\/index.php\\\/produit\\\/cassette-not-scientists-voices\\\/#breadcrumb\",\"itemListElement\":[{\"@type\":\"ListItem\",\"position\":1,\"name\":\"Accueil\",\"item\":\"https:\\\/\\\/dispear-records.com\\\/\"},{\"@type\":\"ListItem\",\"position\":2,\"name\":\"Boutique\",\"item\":\"https:\\\/\\\/dispear-records.com\\\/\"},{\"@type\":\"ListItem\",\"position\":3,\"name\":\"[Cassette] Not Scientists &#8211; Voices\"}]},{\"@type\":\"WebSite\",\"@id\":\"https:\\\/\\\/dispear-records.com\\\/#website\",\"url\":\"https:\\\/\\\/dispear-records.com\\\/\",\"name\":\"Dispear Records\",\"description\":\"DIY punk &amp; hardcore label\",\"publisher\":{\"@id\":\"https:\\\/\\\/dispear-records.com\\\/#organization\"},\"potentialAction\":[{\"@type\":\"SearchAction\",\"target\":{\"@type\":\"EntryPoint\",\"urlTemplate\":\"https:\\\/\\\/dispear-records.com\\\/?s={search_term_string}\"},\"query-input\":{\"@type\":\"PropertyValueSpecification\",\"valueRequired\":true,\"valueName\":\"search_term_string\"}}],\"inLanguage\":\"fr-FR\"},{\"@type\":\"Organization\",\"@id\":\"https:\\\/\\\/dispear-records.com\\\/#organization\",\"name\":\"Dispear Records\",\"url\":\"https:\\\/\\\/dispear-records.com\\\/\",\"logo\":{\"@type\":\"ImageObject\",\"inLanguage\":\"fr-FR\",\"@id\":\"https:\\\/\\\/dispear-records.com\\\/#\\\/schema\\\/logo\\\/image\\\/\",\"url\":\"https:\\\/\\\/dispear-records.com\\\/wp-content\\\/uploads\\\/2021\\\/06\\\/cropped-cropped-dispear.png\",\"contentUrl\":\"https:\\\/\\\/dispear-records.com\\\/wp-content\\\/uploads\\\/2021\\\/06\\\/cropped-cropped-dispear.png\",\"width\":2592,\"height\":709,\"caption\":\"Dispear Records\"},\"image\":{\"@id\":\"https:\\\/\\\/dispear-records.com\\\/#\\\/schema\\\/logo\\\/image\\\/\"}}]}<\/script>\n<!-- \/ Yoast SEO plugin. -->","yoast_head_json":{"title":"[Cassette] Not Scientists - Voices","description":"Avec Voices, Not Scientists sort un album puissant, vari\u00e9 et riche, m\u00ealant avec talent \u00e9nergie punk, influences indie et post-punk.","robots":{"index":"index","follow":"follow","max-snippet":"max-snippet:-1","max-image-preview":"max-image-preview:large","max-video-preview":"max-video-preview:-1"},"canonical":"https:\/\/dispear-records.com\/index.php\/produit\/cassette-not-scientists-voices\/","og_locale":"fr_FR","og_type":"article","og_title":"[Cassette] Not Scientists - Voices","og_description":"Avec Voices, Not Scientists sort un album puissant, vari\u00e9 et riche, m\u00ealant avec talent \u00e9nergie punk, influences indie et post-punk.","og_url":"https:\/\/dispear-records.com\/index.php\/produit\/cassette-not-scientists-voices\/","og_site_name":"Dispear Records","article_modified_time":"2025-11-16T10:31:43+00:00","og_image":[{"width":800,"height":800,"url":"https:\/\/dispear-records.com\/wp-content\/uploads\/2025\/09\/IMG_3827-800.png","type":"image\/png"}],"twitter_card":"summary_large_image","twitter_misc":{"Dur\u00e9e de lecture estim\u00e9e":"2 minutes"},"schema":{"@context":"https:\/\/schema.org","@graph":[{"@type":"WebPage","@id":"https:\/\/dispear-records.com\/index.php\/produit\/cassette-not-scientists-voices\/","url":"https:\/\/dispear-records.com\/index.php\/produit\/cassette-not-scientists-voices\/","name":"[Cassette] Not Scientists - Voices","isPartOf":{"@id":"https:\/\/dispear-records.com\/#website"},"primaryImageOfPage":{"@id":"https:\/\/dispear-records.com\/index.php\/produit\/cassette-not-scientists-voices\/#primaryimage"},"image":{"@id":"https:\/\/dispear-records.com\/index.php\/produit\/cassette-not-scientists-voices\/#primaryimage"},"thumbnailUrl":"https:\/\/dispear-records.com\/wp-content\/uploads\/2025\/09\/IMG_3827-800.png","datePublished":"2025-09-04T18:53:02+00:00","dateModified":"2025-11-16T10:31:43+00:00","description":"Avec Voices, Not Scientists sort un album puissant, vari\u00e9 et riche, m\u00ealant avec talent \u00e9nergie punk, influences indie et post-punk.","breadcrumb":{"@id":"https:\/\/dispear-records.com\/index.php\/produit\/cassette-not-scientists-voices\/#breadcrumb"},"inLanguage":"fr-FR","potentialAction":[{"@type":"ReadAction","target":["https:\/\/dispear-records.com\/index.php\/produit\/cassette-not-scientists-voices\/"]}]},{"@type":"ImageObject","inLanguage":"fr-FR","@id":"https:\/\/dispear-records.com\/index.php\/produit\/cassette-not-scientists-voices\/#primaryimage","url":"https:\/\/dispear-records.com\/wp-content\/uploads\/2025\/09\/IMG_3827-800.png","contentUrl":"https:\/\/dispear-records.com\/wp-content\/uploads\/2025\/09\/IMG_3827-800.png","width":800,"height":800},{"@type":"BreadcrumbList","@id":"https:\/\/dispear-records.com\/index.php\/produit\/cassette-not-scientists-voices\/#breadcrumb","itemListElement":[{"@type":"ListItem","position":1,"name":"Accueil","item":"https:\/\/dispear-records.com\/"},{"@type":"ListItem","position":2,"name":"Boutique","item":"https:\/\/dispear-records.com\/"},{"@type":"ListItem","position":3,"name":"[Cassette] Not Scientists &#8211; Voices"}]},{"@type":"WebSite","@id":"https:\/\/dispear-records.com\/#website","url":"https:\/\/dispear-records.com\/","name":"Dispear Records","description":"DIY punk &amp; hardcore label","publisher":{"@id":"https:\/\/dispear-records.com\/#organization"},"potentialAction":[{"@type":"SearchAction","target":{"@type":"EntryPoint","urlTemplate":"https:\/\/dispear-records.com\/?s={search_term_string}"},"query-input":{"@type":"PropertyValueSpecification","valueRequired":true,"valueName":"search_term_string"}}],"inLanguage":"fr-FR"},{"@type":"Organization","@id":"https:\/\/dispear-records.com\/#organization","name":"Dispear Records","url":"https:\/\/dispear-records.com\/","logo":{"@type":"ImageObject","inLanguage":"fr-FR","@id":"https:\/\/dispear-records.com\/#\/schema\/logo\/image\/","url":"https:\/\/dispear-records.com\/wp-content\/uploads\/2021\/06\/cropped-cropped-dispear.png","contentUrl":"https:\/\/dispear-records.com\/wp-content\/uploads\/2021\/06\/cropped-cropped-dispear.png","width":2592,"height":709,"caption":"Dispear Records"},"image":{"@id":"https:\/\/dispear-records.com\/#\/schema\/logo\/image\/"}}]}},"_links":{"self":[{"href":"https:\/\/dispear-records.com\/index.php\/wp-json\/wp\/v2\/product\/1099","targetHints":{"allow":["GET"]}}],"collection":[{"href":"https:\/\/dispear-records.com\/index.php\/wp-json\/wp\/v2\/product"}],"about":[{"href":"https:\/\/dispear-records.com\/index.php\/wp-json\/wp\/v2\/types\/product"}],"wp:featuredmedia":[{"embeddable":true,"href":"https:\/\/dispear-records.com\/index.php\/wp-json\/wp\/v2\/media\/1103"}],"wp:attachment":[{"href":"https:\/\/dispear-records.com\/index.php\/wp-json\/wp\/v2\/media?parent=1099"}],"wp:term":[{"taxonomy":"product_brand","embeddable":true,"href":"https:\/\/dispear-records.com\/index.php\/wp-json\/wp\/v2\/product_brand?post=1099"},{"taxonomy":"product_cat","embeddable":true,"href":"https:\/\/dispear-records.com\/index.php\/wp-json\/wp\/v2\/product_cat?post=1099"},{"taxonomy":"product_tag","embeddable":true,"href":"https:\/\/dispear-records.com\/index.php\/wp-json\/wp\/v2\/product_tag?post=1099"}],"curies":[{"name":"wp","href":"https:\/\/api.w.org\/{rel}","templated":true}]}}