{"id":1109,"date":"2025-09-14T22:19:00","date_gmt":"2025-09-14T20:19:00","guid":{"rendered":"https:\/\/dispear-records.com\/?post_type=product&#038;p=1109"},"modified":"2025-12-15T15:00:03","modified_gmt":"2025-12-15T14:00:03","slug":"cassette-no-self-defiance","status":"publish","type":"product","link":"https:\/\/dispear-records.com\/index.php\/produit\/cassette-no-self-defiance\/","title":{"rendered":"[Cassette] No Self &#8211; Defiance"},"content":{"rendered":"<p data-start=\"382\" data-end=\"566\">Il y a des albums qui te donnent direct envie d&rsquo;\u00eatre dans le pit pour faire tes plus beaux mouvements de mosh. <em data-start=\"510\" data-end=\"520\">Defiance<\/em>, le second EP de <strong data-start=\"536\" data-end=\"547\">No Self<\/strong>, est de ceux-l\u00e0, et t&rsquo;accompagnera en practice devant ta glace jusqu&rsquo;\u00e0 la perfection des two-step, floorpunch, windmill ou encore cartwheel pour les plus gymnastes d&rsquo;entre vous.<\/p>\n<p data-start=\"568\" data-end=\"912\">Un combo implacable d&rsquo;agressivit\u00e9 et de puissance (coucou la double p\u00e9dale), qui sait laisser la place au groove et aux cassures et autres mises en places qui mettent des claques. Les toulousains manient \u00e0 merveille la mani\u00e8re d\u2019encha\u00eener brutalit\u00e9 et lourdeur sans jamais perdre en intensit\u00e9. On retrouve leur go\u00fbt pour le two-step qui fait d\u00e9coller les genoux, les breaks plomb\u00e9s qui rappellent All Out War, mais aussi une vraie noirceur m\u00e9lodique et m\u00e9tallique qui laisse filtrer la m\u00e9lancolie derri\u00e8re la rage.<\/p>\n<p data-start=\"1718\" data-end=\"2086\">Avec <em>Defiance<\/em>,\u00a0 <strong>No Self<\/strong> montre que le metal hardcore a encore de beaux jours devant lui !<\/p>\n<p><iframe style=\"border: 0; width: 400px; height: 274px;\" src=\"https:\/\/bandcamp.com\/EmbeddedPlayer\/album=1620721635\/size=large\/bgcol=ffffff\/linkcol=7137dc\/artwork=small\/transparent=true\/\" seamless><a href=\"https:\/\/noselfhc.bandcamp.com\/album\/defiance\">Defiance de No Self<\/a><\/iframe><\/p>\n","protected":false},"excerpt":{"rendered":"<p><strong>No Self &#8211; Defiance<\/strong><br \/>\n2025 \/\/ 4 tracks<br \/>\nMetal Hardcore<br \/>\nToulouse \/\/ France<\/p>\n","protected":false},"featured_media":1112,"template":"","meta":[],"product_brand":[],"product_cat":[19,74],"product_tag":[75],"class_list":{"0":"post-1109","1":"product","2":"type-product","3":"status-publish","4":"has-post-thumbnail","6":"product_cat-cassettes","7":"product_cat-no-self","8":"product_tag-metal-hardcore","10":"first","11":"instock","12":"shipping-taxable","13":"purchasable","14":"product-type-simple"},"yoast_head":"<!-- This site is optimized with the Yoast SEO plugin v27.5 - https:\/\/yoast.com\/product\/yoast-seo-wordpress\/ -->\n<title>[Cassette] No Self - Defiance<\/title>\n<meta name=\"description\" content=\"Taill\u00e9 pour le mosh, Defiance, le second EP de No Self, relance le metal hardcore \u00e0 grands coups d&#039;agressivit\u00e9, de puissance, de groove et de lourdeur !\" \/>\n<meta name=\"robots\" content=\"index, follow, max-snippet:-1, max-image-preview:large, max-video-preview:-1\" \/>\n<link rel=\"canonical\" href=\"https:\/\/dispear-records.com\/index.php\/produit\/cassette-no-self-defiance\/\" \/>\n<meta property=\"og:locale\" content=\"fr_FR\" \/>\n<meta property=\"og:type\" content=\"article\" \/>\n<meta property=\"og:title\" content=\"[Cassette] No Self - Defiance\" \/>\n<meta property=\"og:description\" content=\"Taill\u00e9 pour le mosh, Defiance, le second EP de No Self, relance le metal hardcore \u00e0 grands coups d&#039;agressivit\u00e9, de puissance, de groove et de lourdeur !\" \/>\n<meta property=\"og:url\" content=\"https:\/\/dispear-records.com\/index.php\/produit\/cassette-no-self-defiance\/\" \/>\n<meta property=\"og:site_name\" content=\"Dispear Records\" \/>\n<meta property=\"article:modified_time\" content=\"2025-12-15T14:00:03+00:00\" \/>\n<meta property=\"og:image\" content=\"https:\/\/dispear-records.com\/wp-content\/uploads\/2025\/09\/IMG_3847-carre.png\" \/>\n\t<meta property=\"og:image:width\" content=\"800\" \/>\n\t<meta property=\"og:image:height\" content=\"800\" \/>\n\t<meta property=\"og:image:type\" content=\"image\/png\" \/>\n<meta name=\"twitter:card\" content=\"summary_large_image\" \/>\n<meta name=\"twitter:label1\" content=\"Dur\u00e9e de lecture estim\u00e9e\" \/>\n\t<meta name=\"twitter:data1\" content=\"1 minute\" \/>\n<script type=\"application\/ld+json\" class=\"yoast-schema-graph\">{\"@context\":\"https:\\\/\\\/schema.org\",\"@graph\":[{\"@type\":\"WebPage\",\"@id\":\"https:\\\/\\\/dispear-records.com\\\/index.php\\\/produit\\\/cassette-no-self-defiance\\\/\",\"url\":\"https:\\\/\\\/dispear-records.com\\\/index.php\\\/produit\\\/cassette-no-self-defiance\\\/\",\"name\":\"[Cassette] No Self - Defiance\",\"isPartOf\":{\"@id\":\"https:\\\/\\\/dispear-records.com\\\/#website\"},\"primaryImageOfPage\":{\"@id\":\"https:\\\/\\\/dispear-records.com\\\/index.php\\\/produit\\\/cassette-no-self-defiance\\\/#primaryimage\"},\"image\":{\"@id\":\"https:\\\/\\\/dispear-records.com\\\/index.php\\\/produit\\\/cassette-no-self-defiance\\\/#primaryimage\"},\"thumbnailUrl\":\"https:\\\/\\\/dispear-records.com\\\/wp-content\\\/uploads\\\/2025\\\/09\\\/IMG_3847-carre.png\",\"datePublished\":\"2025-09-14T20:19:00+00:00\",\"dateModified\":\"2025-12-15T14:00:03+00:00\",\"description\":\"Taill\u00e9 pour le mosh, Defiance, le second EP de No Self, relance le metal hardcore \u00e0 grands coups d'agressivit\u00e9, de puissance, de groove et de lourdeur !\",\"breadcrumb\":{\"@id\":\"https:\\\/\\\/dispear-records.com\\\/index.php\\\/produit\\\/cassette-no-self-defiance\\\/#breadcrumb\"},\"inLanguage\":\"fr-FR\",\"potentialAction\":[{\"@type\":\"ReadAction\",\"target\":[\"https:\\\/\\\/dispear-records.com\\\/index.php\\\/produit\\\/cassette-no-self-defiance\\\/\"]}]},{\"@type\":\"ImageObject\",\"inLanguage\":\"fr-FR\",\"@id\":\"https:\\\/\\\/dispear-records.com\\\/index.php\\\/produit\\\/cassette-no-self-defiance\\\/#primaryimage\",\"url\":\"https:\\\/\\\/dispear-records.com\\\/wp-content\\\/uploads\\\/2025\\\/09\\\/IMG_3847-carre.png\",\"contentUrl\":\"https:\\\/\\\/dispear-records.com\\\/wp-content\\\/uploads\\\/2025\\\/09\\\/IMG_3847-carre.png\",\"width\":800,\"height\":800},{\"@type\":\"BreadcrumbList\",\"@id\":\"https:\\\/\\\/dispear-records.com\\\/index.php\\\/produit\\\/cassette-no-self-defiance\\\/#breadcrumb\",\"itemListElement\":[{\"@type\":\"ListItem\",\"position\":1,\"name\":\"Accueil\",\"item\":\"https:\\\/\\\/dispear-records.com\\\/\"},{\"@type\":\"ListItem\",\"position\":2,\"name\":\"Boutique\",\"item\":\"https:\\\/\\\/dispear-records.com\\\/\"},{\"@type\":\"ListItem\",\"position\":3,\"name\":\"[Cassette] No Self &#8211; Defiance\"}]},{\"@type\":\"WebSite\",\"@id\":\"https:\\\/\\\/dispear-records.com\\\/#website\",\"url\":\"https:\\\/\\\/dispear-records.com\\\/\",\"name\":\"Dispear Records\",\"description\":\"DIY punk &amp; hardcore label\",\"publisher\":{\"@id\":\"https:\\\/\\\/dispear-records.com\\\/#organization\"},\"potentialAction\":[{\"@type\":\"SearchAction\",\"target\":{\"@type\":\"EntryPoint\",\"urlTemplate\":\"https:\\\/\\\/dispear-records.com\\\/?s={search_term_string}\"},\"query-input\":{\"@type\":\"PropertyValueSpecification\",\"valueRequired\":true,\"valueName\":\"search_term_string\"}}],\"inLanguage\":\"fr-FR\"},{\"@type\":\"Organization\",\"@id\":\"https:\\\/\\\/dispear-records.com\\\/#organization\",\"name\":\"Dispear Records\",\"url\":\"https:\\\/\\\/dispear-records.com\\\/\",\"logo\":{\"@type\":\"ImageObject\",\"inLanguage\":\"fr-FR\",\"@id\":\"https:\\\/\\\/dispear-records.com\\\/#\\\/schema\\\/logo\\\/image\\\/\",\"url\":\"https:\\\/\\\/dispear-records.com\\\/wp-content\\\/uploads\\\/2021\\\/06\\\/cropped-cropped-dispear.png\",\"contentUrl\":\"https:\\\/\\\/dispear-records.com\\\/wp-content\\\/uploads\\\/2021\\\/06\\\/cropped-cropped-dispear.png\",\"width\":2592,\"height\":709,\"caption\":\"Dispear Records\"},\"image\":{\"@id\":\"https:\\\/\\\/dispear-records.com\\\/#\\\/schema\\\/logo\\\/image\\\/\"}}]}<\/script>\n<!-- \/ Yoast SEO plugin. -->","yoast_head_json":{"title":"[Cassette] No Self - Defiance","description":"Taill\u00e9 pour le mosh, Defiance, le second EP de No Self, relance le metal hardcore \u00e0 grands coups d'agressivit\u00e9, de puissance, de groove et de lourdeur !","robots":{"index":"index","follow":"follow","max-snippet":"max-snippet:-1","max-image-preview":"max-image-preview:large","max-video-preview":"max-video-preview:-1"},"canonical":"https:\/\/dispear-records.com\/index.php\/produit\/cassette-no-self-defiance\/","og_locale":"fr_FR","og_type":"article","og_title":"[Cassette] No Self - Defiance","og_description":"Taill\u00e9 pour le mosh, Defiance, le second EP de No Self, relance le metal hardcore \u00e0 grands coups d'agressivit\u00e9, de puissance, de groove et de lourdeur !","og_url":"https:\/\/dispear-records.com\/index.php\/produit\/cassette-no-self-defiance\/","og_site_name":"Dispear Records","article_modified_time":"2025-12-15T14:00:03+00:00","og_image":[{"width":800,"height":800,"url":"https:\/\/dispear-records.com\/wp-content\/uploads\/2025\/09\/IMG_3847-carre.png","type":"image\/png"}],"twitter_card":"summary_large_image","twitter_misc":{"Dur\u00e9e de lecture estim\u00e9e":"1 minute"},"schema":{"@context":"https:\/\/schema.org","@graph":[{"@type":"WebPage","@id":"https:\/\/dispear-records.com\/index.php\/produit\/cassette-no-self-defiance\/","url":"https:\/\/dispear-records.com\/index.php\/produit\/cassette-no-self-defiance\/","name":"[Cassette] No Self - Defiance","isPartOf":{"@id":"https:\/\/dispear-records.com\/#website"},"primaryImageOfPage":{"@id":"https:\/\/dispear-records.com\/index.php\/produit\/cassette-no-self-defiance\/#primaryimage"},"image":{"@id":"https:\/\/dispear-records.com\/index.php\/produit\/cassette-no-self-defiance\/#primaryimage"},"thumbnailUrl":"https:\/\/dispear-records.com\/wp-content\/uploads\/2025\/09\/IMG_3847-carre.png","datePublished":"2025-09-14T20:19:00+00:00","dateModified":"2025-12-15T14:00:03+00:00","description":"Taill\u00e9 pour le mosh, Defiance, le second EP de No Self, relance le metal hardcore \u00e0 grands coups d'agressivit\u00e9, de puissance, de groove et de lourdeur !","breadcrumb":{"@id":"https:\/\/dispear-records.com\/index.php\/produit\/cassette-no-self-defiance\/#breadcrumb"},"inLanguage":"fr-FR","potentialAction":[{"@type":"ReadAction","target":["https:\/\/dispear-records.com\/index.php\/produit\/cassette-no-self-defiance\/"]}]},{"@type":"ImageObject","inLanguage":"fr-FR","@id":"https:\/\/dispear-records.com\/index.php\/produit\/cassette-no-self-defiance\/#primaryimage","url":"https:\/\/dispear-records.com\/wp-content\/uploads\/2025\/09\/IMG_3847-carre.png","contentUrl":"https:\/\/dispear-records.com\/wp-content\/uploads\/2025\/09\/IMG_3847-carre.png","width":800,"height":800},{"@type":"BreadcrumbList","@id":"https:\/\/dispear-records.com\/index.php\/produit\/cassette-no-self-defiance\/#breadcrumb","itemListElement":[{"@type":"ListItem","position":1,"name":"Accueil","item":"https:\/\/dispear-records.com\/"},{"@type":"ListItem","position":2,"name":"Boutique","item":"https:\/\/dispear-records.com\/"},{"@type":"ListItem","position":3,"name":"[Cassette] No Self &#8211; Defiance"}]},{"@type":"WebSite","@id":"https:\/\/dispear-records.com\/#website","url":"https:\/\/dispear-records.com\/","name":"Dispear Records","description":"DIY punk &amp; hardcore label","publisher":{"@id":"https:\/\/dispear-records.com\/#organization"},"potentialAction":[{"@type":"SearchAction","target":{"@type":"EntryPoint","urlTemplate":"https:\/\/dispear-records.com\/?s={search_term_string}"},"query-input":{"@type":"PropertyValueSpecification","valueRequired":true,"valueName":"search_term_string"}}],"inLanguage":"fr-FR"},{"@type":"Organization","@id":"https:\/\/dispear-records.com\/#organization","name":"Dispear Records","url":"https:\/\/dispear-records.com\/","logo":{"@type":"ImageObject","inLanguage":"fr-FR","@id":"https:\/\/dispear-records.com\/#\/schema\/logo\/image\/","url":"https:\/\/dispear-records.com\/wp-content\/uploads\/2021\/06\/cropped-cropped-dispear.png","contentUrl":"https:\/\/dispear-records.com\/wp-content\/uploads\/2021\/06\/cropped-cropped-dispear.png","width":2592,"height":709,"caption":"Dispear Records"},"image":{"@id":"https:\/\/dispear-records.com\/#\/schema\/logo\/image\/"}}]}},"_links":{"self":[{"href":"https:\/\/dispear-records.com\/index.php\/wp-json\/wp\/v2\/product\/1109","targetHints":{"allow":["GET"]}}],"collection":[{"href":"https:\/\/dispear-records.com\/index.php\/wp-json\/wp\/v2\/product"}],"about":[{"href":"https:\/\/dispear-records.com\/index.php\/wp-json\/wp\/v2\/types\/product"}],"wp:featuredmedia":[{"embeddable":true,"href":"https:\/\/dispear-records.com\/index.php\/wp-json\/wp\/v2\/media\/1112"}],"wp:attachment":[{"href":"https:\/\/dispear-records.com\/index.php\/wp-json\/wp\/v2\/media?parent=1109"}],"wp:term":[{"taxonomy":"product_brand","embeddable":true,"href":"https:\/\/dispear-records.com\/index.php\/wp-json\/wp\/v2\/product_brand?post=1109"},{"taxonomy":"product_cat","embeddable":true,"href":"https:\/\/dispear-records.com\/index.php\/wp-json\/wp\/v2\/product_cat?post=1109"},{"taxonomy":"product_tag","embeddable":true,"href":"https:\/\/dispear-records.com\/index.php\/wp-json\/wp\/v2\/product_tag?post=1109"}],"curies":[{"name":"wp","href":"https:\/\/api.w.org\/{rel}","templated":true}]}}