{"id":1122,"date":"2025-09-18T20:51:32","date_gmt":"2025-09-18T18:51:32","guid":{"rendered":"https:\/\/dispear-records.com\/?post_type=product&#038;p=1122"},"modified":"2026-02-25T20:16:26","modified_gmt":"2026-02-25T19:16:26","slug":"cassette-fleau-s-t","status":"publish","type":"product","link":"https:\/\/dispear-records.com\/index.php\/produit\/cassette-fleau-s-t\/","title":{"rendered":"[Cassette] Fl\u00e9au &#8211; s\/t"},"content":{"rendered":"<p class=\"p1\"><strong>Fl\u00e9au ne sort pas une cassette. Fl\u00e9au vient semer la destruction.<span class=\"Apple-converted-space\">\u00a0<\/span><\/strong><\/p>\n<p class=\"p1\">Quatre ans apr\u00e8s leur dernier manifeste guerrier, les mercenaires lyonnais reviennent casque baiss\u00e9 et \u00e9p\u00e9e au poing. <em>Destin Cruel, Force Brute, La Fin des Temps<\/em> \u2026 ici, on ne chante pas l\u2019amour ni la nostalgie : on trace des cicatrices de guerre dans l\u2019obscurit\u00e9, la douleur et la d\u00e9termination brute.<\/p>\n<p class=\"p1\">La voix comme clairon : pas de chant doux-mielleux, pas de nuances, mais un cri de ralliement qui soul\u00e8ve les troupes. Chaque morceau est une charge punk oi taill\u00e9e pour fracasser les tavernes. Le son est martial, brut et sans vernis, mais maitris\u00e9.<\/p>\n<p class=\"p1\">Cet EP est plus qu\u2019une suite de 5 titres, c\u2019est un ordre de bataille. Ce n\u2019est pas de la musique, c\u2019est du fer forg\u00e9.<\/p>\n<p data-start=\"1718\" data-end=\"2086\"><em>Une chouette collab avec notre voisin de <a href=\"https:\/\/metrobeach.fr\/\" target=\"_blank\" rel=\"noopener\">Metro Beach<\/a> records !<\/em><\/p>\n<p><iframe style=\"border: 0; width: 400px; height: 307px;\" src=\"https:\/\/bandcamp.com\/EmbeddedPlayer\/album=4045227668\/size=large\/bgcol=ffffff\/linkcol=de270f\/artwork=small\/transparent=true\/\" seamless=\"\"><a href=\"https:\/\/fleau.bandcamp.com\/album\/s-t\">s\/t de Fl\u00e9au<\/a><\/iframe><\/p>\n","protected":false},"excerpt":{"rendered":"<p><strong>Fl\u00e9au &#8211; s\/t<\/strong><br \/>\n2025 \/\/ 5 tracks<br \/>\nDestruction Punk<br \/>\nLyon \/\/ France<\/p>\n","protected":false},"featured_media":1124,"template":"","meta":[],"product_brand":[],"product_cat":[19,76],"product_tag":[28],"class_list":{"0":"post-1122","1":"product","2":"type-product","3":"status-publish","4":"has-post-thumbnail","6":"product_cat-cassettes","7":"product_cat-fleau","8":"product_tag-punk-rock","10":"first","11":"instock","12":"shipping-taxable","13":"purchasable","14":"product-type-simple"},"yoast_head":"<!-- This site is optimized with the Yoast SEO plugin v27.3 - https:\/\/yoast.com\/product\/yoast-seo-wordpress\/ -->\n<title>[Cassette] Fl\u00e9au - s\/t<\/title>\n<meta name=\"description\" content=\"Fl\u00e9au ne sort pas une cassette. Fl\u00e9au vient semer la destruction.\u00a0Un EP 5 titres punk oi pour sortir l&#039;\u00e9p\u00e9e et partir en guerre.\" \/>\n<meta name=\"robots\" content=\"index, follow, max-snippet:-1, max-image-preview:large, max-video-preview:-1\" \/>\n<link rel=\"canonical\" href=\"https:\/\/dispear-records.com\/index.php\/produit\/cassette-fleau-s-t\/\" \/>\n<meta property=\"og:locale\" content=\"fr_FR\" \/>\n<meta property=\"og:type\" content=\"article\" \/>\n<meta property=\"og:title\" content=\"[Cassette] Fl\u00e9au - s\/t\" \/>\n<meta property=\"og:description\" content=\"Fl\u00e9au ne sort pas une cassette. Fl\u00e9au vient semer la destruction.\u00a0Un EP 5 titres punk oi pour sortir l&#039;\u00e9p\u00e9e et partir en guerre.\" \/>\n<meta property=\"og:url\" content=\"https:\/\/dispear-records.com\/index.php\/produit\/cassette-fleau-s-t\/\" \/>\n<meta property=\"og:site_name\" content=\"Dispear Records\" \/>\n<meta property=\"article:modified_time\" content=\"2026-02-25T19:16:26+00:00\" \/>\n<meta property=\"og:image\" content=\"https:\/\/dispear-records.com\/wp-content\/uploads\/2025\/09\/IMG_3851-800.png\" \/>\n\t<meta property=\"og:image:width\" content=\"800\" \/>\n\t<meta property=\"og:image:height\" content=\"800\" \/>\n\t<meta property=\"og:image:type\" content=\"image\/png\" \/>\n<meta name=\"twitter:card\" content=\"summary_large_image\" \/>\n<meta name=\"twitter:label1\" content=\"Dur\u00e9e de lecture estim\u00e9e\" \/>\n\t<meta name=\"twitter:data1\" content=\"1 minute\" \/>\n<script type=\"application\/ld+json\" class=\"yoast-schema-graph\">{\"@context\":\"https:\\\/\\\/schema.org\",\"@graph\":[{\"@type\":\"WebPage\",\"@id\":\"https:\\\/\\\/dispear-records.com\\\/index.php\\\/produit\\\/cassette-fleau-s-t\\\/\",\"url\":\"https:\\\/\\\/dispear-records.com\\\/index.php\\\/produit\\\/cassette-fleau-s-t\\\/\",\"name\":\"[Cassette] Fl\u00e9au - s\\\/t\",\"isPartOf\":{\"@id\":\"https:\\\/\\\/dispear-records.com\\\/#website\"},\"primaryImageOfPage\":{\"@id\":\"https:\\\/\\\/dispear-records.com\\\/index.php\\\/produit\\\/cassette-fleau-s-t\\\/#primaryimage\"},\"image\":{\"@id\":\"https:\\\/\\\/dispear-records.com\\\/index.php\\\/produit\\\/cassette-fleau-s-t\\\/#primaryimage\"},\"thumbnailUrl\":\"https:\\\/\\\/dispear-records.com\\\/wp-content\\\/uploads\\\/2025\\\/09\\\/IMG_3851-800.png\",\"datePublished\":\"2025-09-18T18:51:32+00:00\",\"dateModified\":\"2026-02-25T19:16:26+00:00\",\"description\":\"Fl\u00e9au ne sort pas une cassette. Fl\u00e9au vient semer la destruction.\u00a0Un EP 5 titres punk oi pour sortir l'\u00e9p\u00e9e et partir en guerre.\",\"breadcrumb\":{\"@id\":\"https:\\\/\\\/dispear-records.com\\\/index.php\\\/produit\\\/cassette-fleau-s-t\\\/#breadcrumb\"},\"inLanguage\":\"fr-FR\",\"potentialAction\":[{\"@type\":\"ReadAction\",\"target\":[\"https:\\\/\\\/dispear-records.com\\\/index.php\\\/produit\\\/cassette-fleau-s-t\\\/\"]}]},{\"@type\":\"ImageObject\",\"inLanguage\":\"fr-FR\",\"@id\":\"https:\\\/\\\/dispear-records.com\\\/index.php\\\/produit\\\/cassette-fleau-s-t\\\/#primaryimage\",\"url\":\"https:\\\/\\\/dispear-records.com\\\/wp-content\\\/uploads\\\/2025\\\/09\\\/IMG_3851-800.png\",\"contentUrl\":\"https:\\\/\\\/dispear-records.com\\\/wp-content\\\/uploads\\\/2025\\\/09\\\/IMG_3851-800.png\",\"width\":800,\"height\":800},{\"@type\":\"BreadcrumbList\",\"@id\":\"https:\\\/\\\/dispear-records.com\\\/index.php\\\/produit\\\/cassette-fleau-s-t\\\/#breadcrumb\",\"itemListElement\":[{\"@type\":\"ListItem\",\"position\":1,\"name\":\"Accueil\",\"item\":\"https:\\\/\\\/dispear-records.com\\\/\"},{\"@type\":\"ListItem\",\"position\":2,\"name\":\"Boutique\",\"item\":\"https:\\\/\\\/dispear-records.com\\\/\"},{\"@type\":\"ListItem\",\"position\":3,\"name\":\"[Cassette] Fl\u00e9au &#8211; s\\\/t\"}]},{\"@type\":\"WebSite\",\"@id\":\"https:\\\/\\\/dispear-records.com\\\/#website\",\"url\":\"https:\\\/\\\/dispear-records.com\\\/\",\"name\":\"Dispear Records\",\"description\":\"DIY punk &amp; hardcore label\",\"publisher\":{\"@id\":\"https:\\\/\\\/dispear-records.com\\\/#organization\"},\"potentialAction\":[{\"@type\":\"SearchAction\",\"target\":{\"@type\":\"EntryPoint\",\"urlTemplate\":\"https:\\\/\\\/dispear-records.com\\\/?s={search_term_string}\"},\"query-input\":{\"@type\":\"PropertyValueSpecification\",\"valueRequired\":true,\"valueName\":\"search_term_string\"}}],\"inLanguage\":\"fr-FR\"},{\"@type\":\"Organization\",\"@id\":\"https:\\\/\\\/dispear-records.com\\\/#organization\",\"name\":\"Dispear Records\",\"url\":\"https:\\\/\\\/dispear-records.com\\\/\",\"logo\":{\"@type\":\"ImageObject\",\"inLanguage\":\"fr-FR\",\"@id\":\"https:\\\/\\\/dispear-records.com\\\/#\\\/schema\\\/logo\\\/image\\\/\",\"url\":\"https:\\\/\\\/dispear-records.com\\\/wp-content\\\/uploads\\\/2021\\\/06\\\/cropped-cropped-dispear.png\",\"contentUrl\":\"https:\\\/\\\/dispear-records.com\\\/wp-content\\\/uploads\\\/2021\\\/06\\\/cropped-cropped-dispear.png\",\"width\":2592,\"height\":709,\"caption\":\"Dispear Records\"},\"image\":{\"@id\":\"https:\\\/\\\/dispear-records.com\\\/#\\\/schema\\\/logo\\\/image\\\/\"}}]}<\/script>\n<!-- \/ Yoast SEO plugin. -->","yoast_head_json":{"title":"[Cassette] Fl\u00e9au - s\/t","description":"Fl\u00e9au ne sort pas une cassette. Fl\u00e9au vient semer la destruction.\u00a0Un EP 5 titres punk oi pour sortir l'\u00e9p\u00e9e et partir en guerre.","robots":{"index":"index","follow":"follow","max-snippet":"max-snippet:-1","max-image-preview":"max-image-preview:large","max-video-preview":"max-video-preview:-1"},"canonical":"https:\/\/dispear-records.com\/index.php\/produit\/cassette-fleau-s-t\/","og_locale":"fr_FR","og_type":"article","og_title":"[Cassette] Fl\u00e9au - s\/t","og_description":"Fl\u00e9au ne sort pas une cassette. Fl\u00e9au vient semer la destruction.\u00a0Un EP 5 titres punk oi pour sortir l'\u00e9p\u00e9e et partir en guerre.","og_url":"https:\/\/dispear-records.com\/index.php\/produit\/cassette-fleau-s-t\/","og_site_name":"Dispear Records","article_modified_time":"2026-02-25T19:16:26+00:00","og_image":[{"width":800,"height":800,"url":"https:\/\/dispear-records.com\/wp-content\/uploads\/2025\/09\/IMG_3851-800.png","type":"image\/png"}],"twitter_card":"summary_large_image","twitter_misc":{"Dur\u00e9e de lecture estim\u00e9e":"1 minute"},"schema":{"@context":"https:\/\/schema.org","@graph":[{"@type":"WebPage","@id":"https:\/\/dispear-records.com\/index.php\/produit\/cassette-fleau-s-t\/","url":"https:\/\/dispear-records.com\/index.php\/produit\/cassette-fleau-s-t\/","name":"[Cassette] Fl\u00e9au - s\/t","isPartOf":{"@id":"https:\/\/dispear-records.com\/#website"},"primaryImageOfPage":{"@id":"https:\/\/dispear-records.com\/index.php\/produit\/cassette-fleau-s-t\/#primaryimage"},"image":{"@id":"https:\/\/dispear-records.com\/index.php\/produit\/cassette-fleau-s-t\/#primaryimage"},"thumbnailUrl":"https:\/\/dispear-records.com\/wp-content\/uploads\/2025\/09\/IMG_3851-800.png","datePublished":"2025-09-18T18:51:32+00:00","dateModified":"2026-02-25T19:16:26+00:00","description":"Fl\u00e9au ne sort pas une cassette. Fl\u00e9au vient semer la destruction.\u00a0Un EP 5 titres punk oi pour sortir l'\u00e9p\u00e9e et partir en guerre.","breadcrumb":{"@id":"https:\/\/dispear-records.com\/index.php\/produit\/cassette-fleau-s-t\/#breadcrumb"},"inLanguage":"fr-FR","potentialAction":[{"@type":"ReadAction","target":["https:\/\/dispear-records.com\/index.php\/produit\/cassette-fleau-s-t\/"]}]},{"@type":"ImageObject","inLanguage":"fr-FR","@id":"https:\/\/dispear-records.com\/index.php\/produit\/cassette-fleau-s-t\/#primaryimage","url":"https:\/\/dispear-records.com\/wp-content\/uploads\/2025\/09\/IMG_3851-800.png","contentUrl":"https:\/\/dispear-records.com\/wp-content\/uploads\/2025\/09\/IMG_3851-800.png","width":800,"height":800},{"@type":"BreadcrumbList","@id":"https:\/\/dispear-records.com\/index.php\/produit\/cassette-fleau-s-t\/#breadcrumb","itemListElement":[{"@type":"ListItem","position":1,"name":"Accueil","item":"https:\/\/dispear-records.com\/"},{"@type":"ListItem","position":2,"name":"Boutique","item":"https:\/\/dispear-records.com\/"},{"@type":"ListItem","position":3,"name":"[Cassette] Fl\u00e9au &#8211; s\/t"}]},{"@type":"WebSite","@id":"https:\/\/dispear-records.com\/#website","url":"https:\/\/dispear-records.com\/","name":"Dispear Records","description":"DIY punk &amp; hardcore label","publisher":{"@id":"https:\/\/dispear-records.com\/#organization"},"potentialAction":[{"@type":"SearchAction","target":{"@type":"EntryPoint","urlTemplate":"https:\/\/dispear-records.com\/?s={search_term_string}"},"query-input":{"@type":"PropertyValueSpecification","valueRequired":true,"valueName":"search_term_string"}}],"inLanguage":"fr-FR"},{"@type":"Organization","@id":"https:\/\/dispear-records.com\/#organization","name":"Dispear Records","url":"https:\/\/dispear-records.com\/","logo":{"@type":"ImageObject","inLanguage":"fr-FR","@id":"https:\/\/dispear-records.com\/#\/schema\/logo\/image\/","url":"https:\/\/dispear-records.com\/wp-content\/uploads\/2021\/06\/cropped-cropped-dispear.png","contentUrl":"https:\/\/dispear-records.com\/wp-content\/uploads\/2021\/06\/cropped-cropped-dispear.png","width":2592,"height":709,"caption":"Dispear Records"},"image":{"@id":"https:\/\/dispear-records.com\/#\/schema\/logo\/image\/"}}]}},"_links":{"self":[{"href":"https:\/\/dispear-records.com\/index.php\/wp-json\/wp\/v2\/product\/1122","targetHints":{"allow":["GET"]}}],"collection":[{"href":"https:\/\/dispear-records.com\/index.php\/wp-json\/wp\/v2\/product"}],"about":[{"href":"https:\/\/dispear-records.com\/index.php\/wp-json\/wp\/v2\/types\/product"}],"wp:featuredmedia":[{"embeddable":true,"href":"https:\/\/dispear-records.com\/index.php\/wp-json\/wp\/v2\/media\/1124"}],"wp:attachment":[{"href":"https:\/\/dispear-records.com\/index.php\/wp-json\/wp\/v2\/media?parent=1122"}],"wp:term":[{"taxonomy":"product_brand","embeddable":true,"href":"https:\/\/dispear-records.com\/index.php\/wp-json\/wp\/v2\/product_brand?post=1122"},{"taxonomy":"product_cat","embeddable":true,"href":"https:\/\/dispear-records.com\/index.php\/wp-json\/wp\/v2\/product_cat?post=1122"},{"taxonomy":"product_tag","embeddable":true,"href":"https:\/\/dispear-records.com\/index.php\/wp-json\/wp\/v2\/product_tag?post=1122"}],"curies":[{"name":"wp","href":"https:\/\/api.w.org\/{rel}","templated":true}]}}