{"id":1140,"date":"2025-09-23T21:11:02","date_gmt":"2025-09-23T19:11:02","guid":{"rendered":"https:\/\/dispear-records.com\/?post_type=product&#038;p=1140"},"modified":"2025-11-01T07:30:03","modified_gmt":"2025-11-01T06:30:03","slug":"cassette-crimes-et-camions-demo-2025","status":"publish","type":"product","link":"https:\/\/dispear-records.com\/index.php\/produit\/cassette-crimes-et-camions-demo-2025\/","title":{"rendered":"[Cassette] Crimes et Camions &#8211; Demo 2025"},"content":{"rendered":"<p data-start=\"1457\" data-end=\"1633\">Premi\u00e8re d\u00e9mo pour les Bordelais de <strong data-start=\"102\" data-end=\"159\">Crimes et Camions<\/strong> : d\u00e8s les premiers accords, on sent le v\u00e9cu et l\u2019exp\u00e9rience de ces v\u00e9t\u00e9rans de la sc\u00e8ne DIY. Majoritairement chant\u00e9s en fran\u00e7ais, les textes de Fabien (que certain\u00b7e\u00b7s auront d\u00e9j\u00e0 entendu derri\u00e8re le micro de <em data-start=\"369\" data-end=\"386\">Face Up To It ?<\/em>) s\u2019attaquent de front \u00e0 l\u2019absurde, au vide et \u00e0 l\u2019oppression g\u00e9n\u00e9r\u00e9s par le capitalisme moderne. Des titres comme <em data-start=\"501\" data-end=\"511\">La Vague<\/em>, <em data-start=\"513\" data-end=\"536\">Plus rien n\u2019a de sens<\/em> ou <em data-start=\"540\" data-end=\"558\">Troisi\u00e8me Guerre<\/em> fissurent les illusions d\u2019un monde nouveau qui s\u2019embrouille et s\u2019enferme.<\/p>\n<p data-start=\"2034\" data-end=\"2306\">Musicalement, le groupe puise dans l\u2019h\u00e9ritage des pionniers du hardcore punk 80\u2019s \u2014 <em data-start=\"717\" data-end=\"731\">Minor Threat<\/em>, <em data-start=\"733\" data-end=\"745\">Black Flag<\/em>, <em data-start=\"747\" data-end=\"759\">Bad Brains<\/em> ou <em data-start=\"763\" data-end=\"777\">Circle Jerks<\/em> \u2014 pour en extraire l\u2019essentiel : des morceaux bruts, directs, sans fioritures, taill\u00e9s pour l\u2019\u00e9nergie et l\u2019urgence.<\/p>\n<p><iframe style=\"border: 0; width: 400px; height: 340px;\" src=\"https:\/\/bandcamp.com\/EmbeddedPlayer\/album=3547102491\/size=large\/bgcol=ffffff\/linkcol=333333\/artwork=small\/transparent=true\/\" seamless=\"\"><a href=\"https:\/\/crimesetcamions.bandcamp.com\/album\/la-vague\">La vague de CRIMES ET CAMIONS<\/a><\/iframe><\/p>\n","protected":false},"excerpt":{"rendered":"<p><strong>Crimes et Camions &#8211; Demo 2025<\/strong><br \/>\n2025 \/\/ 6 tracks<br \/>\nHardcore punk<br \/>\nBordeaux \/\/ France<\/p>\n","protected":false},"featured_media":1147,"template":"","meta":[],"product_brand":[],"product_cat":[19,77],"product_tag":[23],"class_list":{"0":"post-1140","1":"product","2":"type-product","3":"status-publish","4":"has-post-thumbnail","6":"product_cat-cassettes","7":"product_cat-crimes-et-camions","8":"product_tag-hardcore-punk","10":"first","11":"instock","12":"shipping-taxable","13":"purchasable","14":"product-type-simple"},"yoast_head":"<!-- This site is optimized with the Yoast SEO plugin v27.3 - https:\/\/yoast.com\/product\/yoast-seo-wordpress\/ -->\n<title>[Cassette] Crimes et Camions - Demo 2025<\/title>\n<meta name=\"description\" content=\"La vague hardcore punk old school a ramen\u00e9 sur les rivages girondins la premi\u00e8re d\u00e9mo de Crimes et Camions ! Nouveau groupe de v\u00e9t\u00e9rans de la sc\u00e8ne !\" \/>\n<meta name=\"robots\" content=\"index, follow, max-snippet:-1, max-image-preview:large, max-video-preview:-1\" \/>\n<link rel=\"canonical\" href=\"https:\/\/dispear-records.com\/index.php\/produit\/cassette-crimes-et-camions-demo-2025\/\" \/>\n<meta property=\"og:locale\" content=\"fr_FR\" \/>\n<meta property=\"og:type\" content=\"article\" \/>\n<meta property=\"og:title\" content=\"[Cassette] Crimes et Camions - Demo 2025\" \/>\n<meta property=\"og:description\" content=\"La vague hardcore punk old school a ramen\u00e9 sur les rivages girondins la premi\u00e8re d\u00e9mo de Crimes et Camions ! Nouveau groupe de v\u00e9t\u00e9rans de la sc\u00e8ne !\" \/>\n<meta property=\"og:url\" content=\"https:\/\/dispear-records.com\/index.php\/produit\/cassette-crimes-et-camions-demo-2025\/\" \/>\n<meta property=\"og:site_name\" content=\"Dispear Records\" \/>\n<meta property=\"article:modified_time\" content=\"2025-11-01T06:30:03+00:00\" \/>\n<meta property=\"og:image\" content=\"https:\/\/dispear-records.com\/wp-content\/uploads\/2025\/09\/IMG_3854-800.png\" \/>\n\t<meta property=\"og:image:width\" content=\"800\" \/>\n\t<meta property=\"og:image:height\" content=\"800\" \/>\n\t<meta property=\"og:image:type\" content=\"image\/png\" \/>\n<meta name=\"twitter:card\" content=\"summary_large_image\" \/>\n<meta name=\"twitter:label1\" content=\"Dur\u00e9e de lecture estim\u00e9e\" \/>\n\t<meta name=\"twitter:data1\" content=\"1 minute\" \/>\n<script type=\"application\/ld+json\" class=\"yoast-schema-graph\">{\"@context\":\"https:\\\/\\\/schema.org\",\"@graph\":[{\"@type\":\"WebPage\",\"@id\":\"https:\\\/\\\/dispear-records.com\\\/index.php\\\/produit\\\/cassette-crimes-et-camions-demo-2025\\\/\",\"url\":\"https:\\\/\\\/dispear-records.com\\\/index.php\\\/produit\\\/cassette-crimes-et-camions-demo-2025\\\/\",\"name\":\"[Cassette] Crimes et Camions - Demo 2025\",\"isPartOf\":{\"@id\":\"https:\\\/\\\/dispear-records.com\\\/#website\"},\"primaryImageOfPage\":{\"@id\":\"https:\\\/\\\/dispear-records.com\\\/index.php\\\/produit\\\/cassette-crimes-et-camions-demo-2025\\\/#primaryimage\"},\"image\":{\"@id\":\"https:\\\/\\\/dispear-records.com\\\/index.php\\\/produit\\\/cassette-crimes-et-camions-demo-2025\\\/#primaryimage\"},\"thumbnailUrl\":\"https:\\\/\\\/dispear-records.com\\\/wp-content\\\/uploads\\\/2025\\\/09\\\/IMG_3854-800.png\",\"datePublished\":\"2025-09-23T19:11:02+00:00\",\"dateModified\":\"2025-11-01T06:30:03+00:00\",\"description\":\"La vague hardcore punk old school a ramen\u00e9 sur les rivages girondins la premi\u00e8re d\u00e9mo de Crimes et Camions ! Nouveau groupe de v\u00e9t\u00e9rans de la sc\u00e8ne !\",\"breadcrumb\":{\"@id\":\"https:\\\/\\\/dispear-records.com\\\/index.php\\\/produit\\\/cassette-crimes-et-camions-demo-2025\\\/#breadcrumb\"},\"inLanguage\":\"fr-FR\",\"potentialAction\":[{\"@type\":\"ReadAction\",\"target\":[\"https:\\\/\\\/dispear-records.com\\\/index.php\\\/produit\\\/cassette-crimes-et-camions-demo-2025\\\/\"]}]},{\"@type\":\"ImageObject\",\"inLanguage\":\"fr-FR\",\"@id\":\"https:\\\/\\\/dispear-records.com\\\/index.php\\\/produit\\\/cassette-crimes-et-camions-demo-2025\\\/#primaryimage\",\"url\":\"https:\\\/\\\/dispear-records.com\\\/wp-content\\\/uploads\\\/2025\\\/09\\\/IMG_3854-800.png\",\"contentUrl\":\"https:\\\/\\\/dispear-records.com\\\/wp-content\\\/uploads\\\/2025\\\/09\\\/IMG_3854-800.png\",\"width\":800,\"height\":800},{\"@type\":\"BreadcrumbList\",\"@id\":\"https:\\\/\\\/dispear-records.com\\\/index.php\\\/produit\\\/cassette-crimes-et-camions-demo-2025\\\/#breadcrumb\",\"itemListElement\":[{\"@type\":\"ListItem\",\"position\":1,\"name\":\"Accueil\",\"item\":\"https:\\\/\\\/dispear-records.com\\\/\"},{\"@type\":\"ListItem\",\"position\":2,\"name\":\"Boutique\",\"item\":\"https:\\\/\\\/dispear-records.com\\\/\"},{\"@type\":\"ListItem\",\"position\":3,\"name\":\"[Cassette] Crimes et Camions &#8211; Demo 2025\"}]},{\"@type\":\"WebSite\",\"@id\":\"https:\\\/\\\/dispear-records.com\\\/#website\",\"url\":\"https:\\\/\\\/dispear-records.com\\\/\",\"name\":\"Dispear Records\",\"description\":\"DIY punk &amp; hardcore label\",\"publisher\":{\"@id\":\"https:\\\/\\\/dispear-records.com\\\/#organization\"},\"potentialAction\":[{\"@type\":\"SearchAction\",\"target\":{\"@type\":\"EntryPoint\",\"urlTemplate\":\"https:\\\/\\\/dispear-records.com\\\/?s={search_term_string}\"},\"query-input\":{\"@type\":\"PropertyValueSpecification\",\"valueRequired\":true,\"valueName\":\"search_term_string\"}}],\"inLanguage\":\"fr-FR\"},{\"@type\":\"Organization\",\"@id\":\"https:\\\/\\\/dispear-records.com\\\/#organization\",\"name\":\"Dispear Records\",\"url\":\"https:\\\/\\\/dispear-records.com\\\/\",\"logo\":{\"@type\":\"ImageObject\",\"inLanguage\":\"fr-FR\",\"@id\":\"https:\\\/\\\/dispear-records.com\\\/#\\\/schema\\\/logo\\\/image\\\/\",\"url\":\"https:\\\/\\\/dispear-records.com\\\/wp-content\\\/uploads\\\/2021\\\/06\\\/cropped-cropped-dispear.png\",\"contentUrl\":\"https:\\\/\\\/dispear-records.com\\\/wp-content\\\/uploads\\\/2021\\\/06\\\/cropped-cropped-dispear.png\",\"width\":2592,\"height\":709,\"caption\":\"Dispear Records\"},\"image\":{\"@id\":\"https:\\\/\\\/dispear-records.com\\\/#\\\/schema\\\/logo\\\/image\\\/\"}}]}<\/script>\n<!-- \/ Yoast SEO plugin. -->","yoast_head_json":{"title":"[Cassette] Crimes et Camions - Demo 2025","description":"La vague hardcore punk old school a ramen\u00e9 sur les rivages girondins la premi\u00e8re d\u00e9mo de Crimes et Camions ! Nouveau groupe de v\u00e9t\u00e9rans de la sc\u00e8ne !","robots":{"index":"index","follow":"follow","max-snippet":"max-snippet:-1","max-image-preview":"max-image-preview:large","max-video-preview":"max-video-preview:-1"},"canonical":"https:\/\/dispear-records.com\/index.php\/produit\/cassette-crimes-et-camions-demo-2025\/","og_locale":"fr_FR","og_type":"article","og_title":"[Cassette] Crimes et Camions - Demo 2025","og_description":"La vague hardcore punk old school a ramen\u00e9 sur les rivages girondins la premi\u00e8re d\u00e9mo de Crimes et Camions ! Nouveau groupe de v\u00e9t\u00e9rans de la sc\u00e8ne !","og_url":"https:\/\/dispear-records.com\/index.php\/produit\/cassette-crimes-et-camions-demo-2025\/","og_site_name":"Dispear Records","article_modified_time":"2025-11-01T06:30:03+00:00","og_image":[{"width":800,"height":800,"url":"https:\/\/dispear-records.com\/wp-content\/uploads\/2025\/09\/IMG_3854-800.png","type":"image\/png"}],"twitter_card":"summary_large_image","twitter_misc":{"Dur\u00e9e de lecture estim\u00e9e":"1 minute"},"schema":{"@context":"https:\/\/schema.org","@graph":[{"@type":"WebPage","@id":"https:\/\/dispear-records.com\/index.php\/produit\/cassette-crimes-et-camions-demo-2025\/","url":"https:\/\/dispear-records.com\/index.php\/produit\/cassette-crimes-et-camions-demo-2025\/","name":"[Cassette] Crimes et Camions - Demo 2025","isPartOf":{"@id":"https:\/\/dispear-records.com\/#website"},"primaryImageOfPage":{"@id":"https:\/\/dispear-records.com\/index.php\/produit\/cassette-crimes-et-camions-demo-2025\/#primaryimage"},"image":{"@id":"https:\/\/dispear-records.com\/index.php\/produit\/cassette-crimes-et-camions-demo-2025\/#primaryimage"},"thumbnailUrl":"https:\/\/dispear-records.com\/wp-content\/uploads\/2025\/09\/IMG_3854-800.png","datePublished":"2025-09-23T19:11:02+00:00","dateModified":"2025-11-01T06:30:03+00:00","description":"La vague hardcore punk old school a ramen\u00e9 sur les rivages girondins la premi\u00e8re d\u00e9mo de Crimes et Camions ! Nouveau groupe de v\u00e9t\u00e9rans de la sc\u00e8ne !","breadcrumb":{"@id":"https:\/\/dispear-records.com\/index.php\/produit\/cassette-crimes-et-camions-demo-2025\/#breadcrumb"},"inLanguage":"fr-FR","potentialAction":[{"@type":"ReadAction","target":["https:\/\/dispear-records.com\/index.php\/produit\/cassette-crimes-et-camions-demo-2025\/"]}]},{"@type":"ImageObject","inLanguage":"fr-FR","@id":"https:\/\/dispear-records.com\/index.php\/produit\/cassette-crimes-et-camions-demo-2025\/#primaryimage","url":"https:\/\/dispear-records.com\/wp-content\/uploads\/2025\/09\/IMG_3854-800.png","contentUrl":"https:\/\/dispear-records.com\/wp-content\/uploads\/2025\/09\/IMG_3854-800.png","width":800,"height":800},{"@type":"BreadcrumbList","@id":"https:\/\/dispear-records.com\/index.php\/produit\/cassette-crimes-et-camions-demo-2025\/#breadcrumb","itemListElement":[{"@type":"ListItem","position":1,"name":"Accueil","item":"https:\/\/dispear-records.com\/"},{"@type":"ListItem","position":2,"name":"Boutique","item":"https:\/\/dispear-records.com\/"},{"@type":"ListItem","position":3,"name":"[Cassette] Crimes et Camions &#8211; Demo 2025"}]},{"@type":"WebSite","@id":"https:\/\/dispear-records.com\/#website","url":"https:\/\/dispear-records.com\/","name":"Dispear Records","description":"DIY punk &amp; hardcore label","publisher":{"@id":"https:\/\/dispear-records.com\/#organization"},"potentialAction":[{"@type":"SearchAction","target":{"@type":"EntryPoint","urlTemplate":"https:\/\/dispear-records.com\/?s={search_term_string}"},"query-input":{"@type":"PropertyValueSpecification","valueRequired":true,"valueName":"search_term_string"}}],"inLanguage":"fr-FR"},{"@type":"Organization","@id":"https:\/\/dispear-records.com\/#organization","name":"Dispear Records","url":"https:\/\/dispear-records.com\/","logo":{"@type":"ImageObject","inLanguage":"fr-FR","@id":"https:\/\/dispear-records.com\/#\/schema\/logo\/image\/","url":"https:\/\/dispear-records.com\/wp-content\/uploads\/2021\/06\/cropped-cropped-dispear.png","contentUrl":"https:\/\/dispear-records.com\/wp-content\/uploads\/2021\/06\/cropped-cropped-dispear.png","width":2592,"height":709,"caption":"Dispear Records"},"image":{"@id":"https:\/\/dispear-records.com\/#\/schema\/logo\/image\/"}}]}},"_links":{"self":[{"href":"https:\/\/dispear-records.com\/index.php\/wp-json\/wp\/v2\/product\/1140","targetHints":{"allow":["GET"]}}],"collection":[{"href":"https:\/\/dispear-records.com\/index.php\/wp-json\/wp\/v2\/product"}],"about":[{"href":"https:\/\/dispear-records.com\/index.php\/wp-json\/wp\/v2\/types\/product"}],"wp:featuredmedia":[{"embeddable":true,"href":"https:\/\/dispear-records.com\/index.php\/wp-json\/wp\/v2\/media\/1147"}],"wp:attachment":[{"href":"https:\/\/dispear-records.com\/index.php\/wp-json\/wp\/v2\/media?parent=1140"}],"wp:term":[{"taxonomy":"product_brand","embeddable":true,"href":"https:\/\/dispear-records.com\/index.php\/wp-json\/wp\/v2\/product_brand?post=1140"},{"taxonomy":"product_cat","embeddable":true,"href":"https:\/\/dispear-records.com\/index.php\/wp-json\/wp\/v2\/product_cat?post=1140"},{"taxonomy":"product_tag","embeddable":true,"href":"https:\/\/dispear-records.com\/index.php\/wp-json\/wp\/v2\/product_tag?post=1140"}],"curies":[{"name":"wp","href":"https:\/\/api.w.org\/{rel}","templated":true}]}}