{"id":1259,"date":"2026-02-07T20:43:09","date_gmt":"2026-02-07T19:43:09","guid":{"rendered":"https:\/\/dispear-records.com\/?post_type=product&#038;p=1259"},"modified":"2026-03-07T18:32:56","modified_gmt":"2026-03-07T17:32:56","slug":"vinyle-jetsex-down-down-down","status":"publish","type":"product","link":"https:\/\/dispear-records.com\/index.php\/produit\/vinyle-jetsex-down-down-down\/","title":{"rendered":"[Vinyle] Jetsex &#8211; Down, down, down"},"content":{"rendered":"<p>Jetsex, groupe majeur de la sc\u00e8ne punk rock et hardcore parisienne, s\u00e9par\u00e9 depuis 2011 et longtemps regrett\u00e9 par de nombreux fans, a fait son retour sur sc\u00e8ne en 2024. Un an plus tard, le groupe confirme cette reprise avec la sortie d\u2019un troisi\u00e8me album, 15 ans apr\u00e8s leur dernier m\u00e9fait !<\/p>\n<p>10 nouveaux titres enregistr\u00e9s \u00e0 l&rsquo;\u00e9t\u00e9 2025, avec la participation de Barry Ward (RKL), Ed (Not Scientists) et Mimo (Subterranean Kids). Un savant m\u00e9lange de punk rock et de punk hardcore, qui int\u00e8gre des influences garage rock, surf et punk des ann\u00e9es 1980. Leur son associe rythmes rapides et guitares satur\u00e9es souvent rock n&rsquo;roll, soutenues par un chant brut aux textes oscillant entre satire sociale et imagerie surr\u00e9aliste.<\/p>\n<p>Jetsex revendique des influences musicales comme Suicidal Tendencies, RKL ou Bad Brains, mais aussi des r\u00e9f\u00e9rences issues de la litt\u00e9rature et des arts plastiques. Leurs paroles naviguent entre confrontation frontale et d\u00e9tours plus abstraits, \u00e9voquant la m\u00e9moire, l\u2019art et des figures marginales telles que le cycliste Claudio Chiappucci, le catcheur mexicain Rey Mysterio ou le peintre montparnassien Avigdor Arikha.<\/p>\n<p><iframe style=\"border: 0; width: 400px; height: 472px;\" src=\"https:\/\/bandcamp.com\/EmbeddedPlayer\/album=3724077126\/size=large\/bgcol=ffffff\/linkcol=333333\/artwork=small\/transparent=true\/\" seamless=\"\"><a href=\"https:\/\/jetsex.bandcamp.com\/album\/down-down-down\">DOWN! DOWN! DOWN! de JETSEX<\/a><\/iframe><\/p>\n","protected":false},"excerpt":{"rendered":"<p><strong>Jetsex &#8211; Down, down, down<\/strong><br \/>\n2026 \/\/ 10 tracks<br \/>\nPunk rock<br \/>\nParis \/\/ France<\/p>\n","protected":false},"featured_media":1265,"template":"","meta":[],"product_brand":[],"product_cat":[80,41],"product_tag":[28],"class_list":{"0":"post-1259","1":"product","2":"type-product","3":"status-publish","4":"has-post-thumbnail","6":"product_cat-jetsex","7":"product_cat-vinyles","8":"product_tag-punk-rock","10":"first","11":"instock","12":"shipping-taxable","13":"purchasable","14":"product-type-simple"},"yoast_head":"<!-- This site is optimized with the Yoast SEO plugin v27.5 - https:\/\/yoast.com\/product\/yoast-seo-wordpress\/ -->\n<title>[Vinyle] Jetsex - Down, down, down<\/title>\n<meta name=\"description\" content=\"Groupe embl\u00e9matique punk rock hardcore, Jetsex (Paris) marque son grand retour apr\u00e8s 15 ans avec la sortie de son nouvel album \u00ab Down, Down, Down \u00bb !\" \/>\n<meta name=\"robots\" content=\"index, follow, max-snippet:-1, max-image-preview:large, max-video-preview:-1\" \/>\n<link rel=\"canonical\" href=\"https:\/\/dispear-records.com\/index.php\/produit\/vinyle-jetsex-down-down-down\/\" \/>\n<meta property=\"og:locale\" content=\"fr_FR\" \/>\n<meta property=\"og:type\" content=\"article\" \/>\n<meta property=\"og:title\" content=\"[Vinyle] Jetsex - Down, down, down\" \/>\n<meta property=\"og:description\" content=\"Groupe embl\u00e9matique punk rock hardcore, Jetsex (Paris) marque son grand retour apr\u00e8s 15 ans avec la sortie de son nouvel album \u00ab Down, Down, Down \u00bb !\" \/>\n<meta property=\"og:url\" content=\"https:\/\/dispear-records.com\/index.php\/produit\/vinyle-jetsex-down-down-down\/\" \/>\n<meta property=\"og:site_name\" content=\"Dispear Records\" \/>\n<meta property=\"article:modified_time\" content=\"2026-03-07T17:32:56+00:00\" \/>\n<meta property=\"og:image\" content=\"https:\/\/dispear-records.com\/wp-content\/uploads\/2026\/02\/IMG_4354-carre.jpg\" \/>\n\t<meta property=\"og:image:width\" content=\"800\" \/>\n\t<meta property=\"og:image:height\" content=\"800\" \/>\n\t<meta property=\"og:image:type\" content=\"image\/jpeg\" \/>\n<meta name=\"twitter:card\" content=\"summary_large_image\" \/>\n<meta name=\"twitter:label1\" content=\"Dur\u00e9e de lecture estim\u00e9e\" \/>\n\t<meta name=\"twitter:data1\" content=\"2 minutes\" \/>\n<script type=\"application\/ld+json\" class=\"yoast-schema-graph\">{\"@context\":\"https:\\\/\\\/schema.org\",\"@graph\":[{\"@type\":\"WebPage\",\"@id\":\"https:\\\/\\\/dispear-records.com\\\/index.php\\\/produit\\\/vinyle-jetsex-down-down-down\\\/\",\"url\":\"https:\\\/\\\/dispear-records.com\\\/index.php\\\/produit\\\/vinyle-jetsex-down-down-down\\\/\",\"name\":\"[Vinyle] Jetsex - Down, down, down\",\"isPartOf\":{\"@id\":\"https:\\\/\\\/dispear-records.com\\\/#website\"},\"primaryImageOfPage\":{\"@id\":\"https:\\\/\\\/dispear-records.com\\\/index.php\\\/produit\\\/vinyle-jetsex-down-down-down\\\/#primaryimage\"},\"image\":{\"@id\":\"https:\\\/\\\/dispear-records.com\\\/index.php\\\/produit\\\/vinyle-jetsex-down-down-down\\\/#primaryimage\"},\"thumbnailUrl\":\"https:\\\/\\\/dispear-records.com\\\/wp-content\\\/uploads\\\/2026\\\/02\\\/IMG_4354-carre.jpg\",\"datePublished\":\"2026-02-07T19:43:09+00:00\",\"dateModified\":\"2026-03-07T17:32:56+00:00\",\"description\":\"Groupe embl\u00e9matique punk rock hardcore, Jetsex (Paris) marque son grand retour apr\u00e8s 15 ans avec la sortie de son nouvel album \u00ab Down, Down, Down \u00bb !\",\"breadcrumb\":{\"@id\":\"https:\\\/\\\/dispear-records.com\\\/index.php\\\/produit\\\/vinyle-jetsex-down-down-down\\\/#breadcrumb\"},\"inLanguage\":\"fr-FR\",\"potentialAction\":[{\"@type\":\"ReadAction\",\"target\":[\"https:\\\/\\\/dispear-records.com\\\/index.php\\\/produit\\\/vinyle-jetsex-down-down-down\\\/\"]}]},{\"@type\":\"ImageObject\",\"inLanguage\":\"fr-FR\",\"@id\":\"https:\\\/\\\/dispear-records.com\\\/index.php\\\/produit\\\/vinyle-jetsex-down-down-down\\\/#primaryimage\",\"url\":\"https:\\\/\\\/dispear-records.com\\\/wp-content\\\/uploads\\\/2026\\\/02\\\/IMG_4354-carre.jpg\",\"contentUrl\":\"https:\\\/\\\/dispear-records.com\\\/wp-content\\\/uploads\\\/2026\\\/02\\\/IMG_4354-carre.jpg\",\"width\":800,\"height\":800},{\"@type\":\"BreadcrumbList\",\"@id\":\"https:\\\/\\\/dispear-records.com\\\/index.php\\\/produit\\\/vinyle-jetsex-down-down-down\\\/#breadcrumb\",\"itemListElement\":[{\"@type\":\"ListItem\",\"position\":1,\"name\":\"Accueil\",\"item\":\"https:\\\/\\\/dispear-records.com\\\/\"},{\"@type\":\"ListItem\",\"position\":2,\"name\":\"Boutique\",\"item\":\"https:\\\/\\\/dispear-records.com\\\/\"},{\"@type\":\"ListItem\",\"position\":3,\"name\":\"[Vinyle] Jetsex &#8211; Down, down, down\"}]},{\"@type\":\"WebSite\",\"@id\":\"https:\\\/\\\/dispear-records.com\\\/#website\",\"url\":\"https:\\\/\\\/dispear-records.com\\\/\",\"name\":\"Dispear Records\",\"description\":\"DIY punk &amp; hardcore label\",\"publisher\":{\"@id\":\"https:\\\/\\\/dispear-records.com\\\/#organization\"},\"potentialAction\":[{\"@type\":\"SearchAction\",\"target\":{\"@type\":\"EntryPoint\",\"urlTemplate\":\"https:\\\/\\\/dispear-records.com\\\/?s={search_term_string}\"},\"query-input\":{\"@type\":\"PropertyValueSpecification\",\"valueRequired\":true,\"valueName\":\"search_term_string\"}}],\"inLanguage\":\"fr-FR\"},{\"@type\":\"Organization\",\"@id\":\"https:\\\/\\\/dispear-records.com\\\/#organization\",\"name\":\"Dispear Records\",\"url\":\"https:\\\/\\\/dispear-records.com\\\/\",\"logo\":{\"@type\":\"ImageObject\",\"inLanguage\":\"fr-FR\",\"@id\":\"https:\\\/\\\/dispear-records.com\\\/#\\\/schema\\\/logo\\\/image\\\/\",\"url\":\"https:\\\/\\\/dispear-records.com\\\/wp-content\\\/uploads\\\/2021\\\/06\\\/cropped-cropped-dispear.png\",\"contentUrl\":\"https:\\\/\\\/dispear-records.com\\\/wp-content\\\/uploads\\\/2021\\\/06\\\/cropped-cropped-dispear.png\",\"width\":2592,\"height\":709,\"caption\":\"Dispear Records\"},\"image\":{\"@id\":\"https:\\\/\\\/dispear-records.com\\\/#\\\/schema\\\/logo\\\/image\\\/\"}}]}<\/script>\n<!-- \/ Yoast SEO plugin. -->","yoast_head_json":{"title":"[Vinyle] Jetsex - Down, down, down","description":"Groupe embl\u00e9matique punk rock hardcore, Jetsex (Paris) marque son grand retour apr\u00e8s 15 ans avec la sortie de son nouvel album \u00ab Down, Down, Down \u00bb !","robots":{"index":"index","follow":"follow","max-snippet":"max-snippet:-1","max-image-preview":"max-image-preview:large","max-video-preview":"max-video-preview:-1"},"canonical":"https:\/\/dispear-records.com\/index.php\/produit\/vinyle-jetsex-down-down-down\/","og_locale":"fr_FR","og_type":"article","og_title":"[Vinyle] Jetsex - Down, down, down","og_description":"Groupe embl\u00e9matique punk rock hardcore, Jetsex (Paris) marque son grand retour apr\u00e8s 15 ans avec la sortie de son nouvel album \u00ab Down, Down, Down \u00bb !","og_url":"https:\/\/dispear-records.com\/index.php\/produit\/vinyle-jetsex-down-down-down\/","og_site_name":"Dispear Records","article_modified_time":"2026-03-07T17:32:56+00:00","og_image":[{"width":800,"height":800,"url":"https:\/\/dispear-records.com\/wp-content\/uploads\/2026\/02\/IMG_4354-carre.jpg","type":"image\/jpeg"}],"twitter_card":"summary_large_image","twitter_misc":{"Dur\u00e9e de lecture estim\u00e9e":"2 minutes"},"schema":{"@context":"https:\/\/schema.org","@graph":[{"@type":"WebPage","@id":"https:\/\/dispear-records.com\/index.php\/produit\/vinyle-jetsex-down-down-down\/","url":"https:\/\/dispear-records.com\/index.php\/produit\/vinyle-jetsex-down-down-down\/","name":"[Vinyle] Jetsex - Down, down, down","isPartOf":{"@id":"https:\/\/dispear-records.com\/#website"},"primaryImageOfPage":{"@id":"https:\/\/dispear-records.com\/index.php\/produit\/vinyle-jetsex-down-down-down\/#primaryimage"},"image":{"@id":"https:\/\/dispear-records.com\/index.php\/produit\/vinyle-jetsex-down-down-down\/#primaryimage"},"thumbnailUrl":"https:\/\/dispear-records.com\/wp-content\/uploads\/2026\/02\/IMG_4354-carre.jpg","datePublished":"2026-02-07T19:43:09+00:00","dateModified":"2026-03-07T17:32:56+00:00","description":"Groupe embl\u00e9matique punk rock hardcore, Jetsex (Paris) marque son grand retour apr\u00e8s 15 ans avec la sortie de son nouvel album \u00ab Down, Down, Down \u00bb !","breadcrumb":{"@id":"https:\/\/dispear-records.com\/index.php\/produit\/vinyle-jetsex-down-down-down\/#breadcrumb"},"inLanguage":"fr-FR","potentialAction":[{"@type":"ReadAction","target":["https:\/\/dispear-records.com\/index.php\/produit\/vinyle-jetsex-down-down-down\/"]}]},{"@type":"ImageObject","inLanguage":"fr-FR","@id":"https:\/\/dispear-records.com\/index.php\/produit\/vinyle-jetsex-down-down-down\/#primaryimage","url":"https:\/\/dispear-records.com\/wp-content\/uploads\/2026\/02\/IMG_4354-carre.jpg","contentUrl":"https:\/\/dispear-records.com\/wp-content\/uploads\/2026\/02\/IMG_4354-carre.jpg","width":800,"height":800},{"@type":"BreadcrumbList","@id":"https:\/\/dispear-records.com\/index.php\/produit\/vinyle-jetsex-down-down-down\/#breadcrumb","itemListElement":[{"@type":"ListItem","position":1,"name":"Accueil","item":"https:\/\/dispear-records.com\/"},{"@type":"ListItem","position":2,"name":"Boutique","item":"https:\/\/dispear-records.com\/"},{"@type":"ListItem","position":3,"name":"[Vinyle] Jetsex &#8211; Down, down, down"}]},{"@type":"WebSite","@id":"https:\/\/dispear-records.com\/#website","url":"https:\/\/dispear-records.com\/","name":"Dispear Records","description":"DIY punk &amp; hardcore label","publisher":{"@id":"https:\/\/dispear-records.com\/#organization"},"potentialAction":[{"@type":"SearchAction","target":{"@type":"EntryPoint","urlTemplate":"https:\/\/dispear-records.com\/?s={search_term_string}"},"query-input":{"@type":"PropertyValueSpecification","valueRequired":true,"valueName":"search_term_string"}}],"inLanguage":"fr-FR"},{"@type":"Organization","@id":"https:\/\/dispear-records.com\/#organization","name":"Dispear Records","url":"https:\/\/dispear-records.com\/","logo":{"@type":"ImageObject","inLanguage":"fr-FR","@id":"https:\/\/dispear-records.com\/#\/schema\/logo\/image\/","url":"https:\/\/dispear-records.com\/wp-content\/uploads\/2021\/06\/cropped-cropped-dispear.png","contentUrl":"https:\/\/dispear-records.com\/wp-content\/uploads\/2021\/06\/cropped-cropped-dispear.png","width":2592,"height":709,"caption":"Dispear Records"},"image":{"@id":"https:\/\/dispear-records.com\/#\/schema\/logo\/image\/"}}]}},"_links":{"self":[{"href":"https:\/\/dispear-records.com\/index.php\/wp-json\/wp\/v2\/product\/1259","targetHints":{"allow":["GET"]}}],"collection":[{"href":"https:\/\/dispear-records.com\/index.php\/wp-json\/wp\/v2\/product"}],"about":[{"href":"https:\/\/dispear-records.com\/index.php\/wp-json\/wp\/v2\/types\/product"}],"wp:featuredmedia":[{"embeddable":true,"href":"https:\/\/dispear-records.com\/index.php\/wp-json\/wp\/v2\/media\/1265"}],"wp:attachment":[{"href":"https:\/\/dispear-records.com\/index.php\/wp-json\/wp\/v2\/media?parent=1259"}],"wp:term":[{"taxonomy":"product_brand","embeddable":true,"href":"https:\/\/dispear-records.com\/index.php\/wp-json\/wp\/v2\/product_brand?post=1259"},{"taxonomy":"product_cat","embeddable":true,"href":"https:\/\/dispear-records.com\/index.php\/wp-json\/wp\/v2\/product_cat?post=1259"},{"taxonomy":"product_tag","embeddable":true,"href":"https:\/\/dispear-records.com\/index.php\/wp-json\/wp\/v2\/product_tag?post=1259"}],"curies":[{"name":"wp","href":"https:\/\/api.w.org\/{rel}","templated":true}]}}