{"id":1279,"date":"2026-02-19T22:02:13","date_gmt":"2026-02-19T21:02:13","guid":{"rendered":"https:\/\/dispear-records.com\/?post_type=product&#038;p=1279"},"modified":"2026-03-09T23:10:05","modified_gmt":"2026-03-09T22:10:05","slug":"cassette-vibora-ezin-ez-dugun-guztia","status":"publish","type":"product","link":"https:\/\/dispear-records.com\/index.php\/produit\/cassette-vibora-ezin-ez-dugun-guztia\/","title":{"rendered":"[Cassette] V\u00edbora &#8211; Egin ez dugun Guztia"},"content":{"rendered":"<p><i><span style=\"font-weight: 400;\">Egin ez dugun Guztia<\/span><\/i><span style=\"font-weight: 400;\"> (\u00ab Tout ce que nous n\u2019avons pas fait \u00bb) est le troisi\u00e8me LP de V\u00edbora. Le groupe y affine une identit\u00e9 sonore explosive entre post-hardcore frontal, \u00e9lans screamo et respirations plus introspectives.\u00a0<\/span><\/p>\n<p><span style=\"font-weight: 400;\">Ce nouvel opus du quatuor basque nous parle de ce qui reste. Des ann\u00e9es pass\u00e9es sur la route, des lieux travers\u00e9s, des rencontres, mais aussi de tout ce qui a d\u00fb \u00eatre mis de c\u00f4t\u00e9 pour que le groupe continue d\u2019avancer. Il y est question de nostalgie, sans complaisance, et du poids tr\u00e8s concret qu\u2019un projet comme celui-ci peut avoir dans une vie.<\/span><\/p>\n<p><span style=\"font-weight: 400;\">On y retrouve aussi cette fid\u00e9lit\u00e9 \u00e0 l\u2019\u00e9thique DIY, non pas comme slogan, mais plut\u00f4t comme mantra. Et en filigrane, une lucidit\u00e9 plus rugueuse : celle qui vient avec le temps, quand on comprend que les choses changent peu \u2014 et qu\u2019il faut malgr\u00e9 tout continuer.\u00a0<\/span><\/p>\n<p><span style=\"font-weight: 400;\">Un album intense, dense, introspectif et sinc\u00e8re !<\/span><\/p>\n<p><iframe style=\"border: 0; width: 400px; height: 472px;\" src=\"https:\/\/bandcamp.com\/EmbeddedPlayer\/album=677676592\/size=large\/bgcol=ffffff\/linkcol=f171a2\/artwork=small\/transparent=true\/\" seamless=\"\"><a href=\"https:\/\/viborahc.bandcamp.com\/album\/egin-ez-dugun-guztia\">Egin Ez Dugun Guztia de Vibora<\/a><\/iframe><\/p>\n","protected":false},"excerpt":{"rendered":"<p><strong>V\u00edbora &#8211; Egin ez dugun Guztia<\/strong><br \/>\n2026 \/\/ 10 tracks<br \/>\nPost hardcore<br \/>\nGasteiz \/\/ Euskal Herria<\/p>\n","protected":false},"featured_media":1280,"template":"","meta":[],"product_brand":[],"product_cat":[19,81],"product_tag":[23],"class_list":{"0":"post-1279","1":"product","2":"type-product","3":"status-publish","4":"has-post-thumbnail","6":"product_cat-cassettes","7":"product_cat-vibora","8":"product_tag-hardcore-punk","10":"first","11":"instock","12":"shipping-taxable","13":"purchasable","14":"product-type-simple"},"yoast_head":"<!-- This site is optimized with the Yoast SEO plugin v27.3 - https:\/\/yoast.com\/product\/yoast-seo-wordpress\/ -->\n<title>[Cassette] V\u00edbora - Egin ez dugun Guztia<\/title>\n<meta name=\"description\" content=\"Nouvel opus des basques de Vibora, &quot;Egin ez dugun guztia&quot; livre une partition post hardcore intense, explosive, mais aussi introspective et sinc\u00e8re.\" \/>\n<meta name=\"robots\" content=\"index, follow, max-snippet:-1, max-image-preview:large, max-video-preview:-1\" \/>\n<link rel=\"canonical\" href=\"https:\/\/dispear-records.com\/index.php\/produit\/cassette-vibora-ezin-ez-dugun-guztia\/\" \/>\n<meta property=\"og:locale\" content=\"fr_FR\" \/>\n<meta property=\"og:type\" content=\"article\" \/>\n<meta property=\"og:title\" content=\"[Cassette] V\u00edbora - Egin ez dugun Guztia\" \/>\n<meta property=\"og:description\" content=\"Nouvel opus des basques de Vibora, &quot;Egin ez dugun guztia&quot; livre une partition post hardcore intense, explosive, mais aussi introspective et sinc\u00e8re.\" \/>\n<meta property=\"og:url\" content=\"https:\/\/dispear-records.com\/index.php\/produit\/cassette-vibora-ezin-ez-dugun-guztia\/\" \/>\n<meta property=\"og:site_name\" content=\"Dispear Records\" \/>\n<meta property=\"article:modified_time\" content=\"2026-03-09T22:10:05+00:00\" \/>\n<meta property=\"og:image\" content=\"https:\/\/dispear-records.com\/wp-content\/uploads\/2026\/02\/IMG_4437-carre.jpg\" \/>\n\t<meta property=\"og:image:width\" content=\"800\" \/>\n\t<meta property=\"og:image:height\" content=\"800\" \/>\n\t<meta property=\"og:image:type\" content=\"image\/jpeg\" \/>\n<meta name=\"twitter:card\" content=\"summary_large_image\" \/>\n<meta name=\"twitter:label1\" content=\"Dur\u00e9e de lecture estim\u00e9e\" \/>\n\t<meta name=\"twitter:data1\" content=\"1 minute\" \/>\n<script type=\"application\/ld+json\" class=\"yoast-schema-graph\">{\"@context\":\"https:\\\/\\\/schema.org\",\"@graph\":[{\"@type\":\"WebPage\",\"@id\":\"https:\\\/\\\/dispear-records.com\\\/index.php\\\/produit\\\/cassette-vibora-ezin-ez-dugun-guztia\\\/\",\"url\":\"https:\\\/\\\/dispear-records.com\\\/index.php\\\/produit\\\/cassette-vibora-ezin-ez-dugun-guztia\\\/\",\"name\":\"[Cassette] V\u00edbora - Egin ez dugun Guztia\",\"isPartOf\":{\"@id\":\"https:\\\/\\\/dispear-records.com\\\/#website\"},\"primaryImageOfPage\":{\"@id\":\"https:\\\/\\\/dispear-records.com\\\/index.php\\\/produit\\\/cassette-vibora-ezin-ez-dugun-guztia\\\/#primaryimage\"},\"image\":{\"@id\":\"https:\\\/\\\/dispear-records.com\\\/index.php\\\/produit\\\/cassette-vibora-ezin-ez-dugun-guztia\\\/#primaryimage\"},\"thumbnailUrl\":\"https:\\\/\\\/dispear-records.com\\\/wp-content\\\/uploads\\\/2026\\\/02\\\/IMG_4437-carre.jpg\",\"datePublished\":\"2026-02-19T21:02:13+00:00\",\"dateModified\":\"2026-03-09T22:10:05+00:00\",\"description\":\"Nouvel opus des basques de Vibora, \\\"Egin ez dugun guztia\\\" livre une partition post hardcore intense, explosive, mais aussi introspective et sinc\u00e8re.\",\"breadcrumb\":{\"@id\":\"https:\\\/\\\/dispear-records.com\\\/index.php\\\/produit\\\/cassette-vibora-ezin-ez-dugun-guztia\\\/#breadcrumb\"},\"inLanguage\":\"fr-FR\",\"potentialAction\":[{\"@type\":\"ReadAction\",\"target\":[\"https:\\\/\\\/dispear-records.com\\\/index.php\\\/produit\\\/cassette-vibora-ezin-ez-dugun-guztia\\\/\"]}]},{\"@type\":\"ImageObject\",\"inLanguage\":\"fr-FR\",\"@id\":\"https:\\\/\\\/dispear-records.com\\\/index.php\\\/produit\\\/cassette-vibora-ezin-ez-dugun-guztia\\\/#primaryimage\",\"url\":\"https:\\\/\\\/dispear-records.com\\\/wp-content\\\/uploads\\\/2026\\\/02\\\/IMG_4437-carre.jpg\",\"contentUrl\":\"https:\\\/\\\/dispear-records.com\\\/wp-content\\\/uploads\\\/2026\\\/02\\\/IMG_4437-carre.jpg\",\"width\":800,\"height\":800},{\"@type\":\"BreadcrumbList\",\"@id\":\"https:\\\/\\\/dispear-records.com\\\/index.php\\\/produit\\\/cassette-vibora-ezin-ez-dugun-guztia\\\/#breadcrumb\",\"itemListElement\":[{\"@type\":\"ListItem\",\"position\":1,\"name\":\"Accueil\",\"item\":\"https:\\\/\\\/dispear-records.com\\\/\"},{\"@type\":\"ListItem\",\"position\":2,\"name\":\"Boutique\",\"item\":\"https:\\\/\\\/dispear-records.com\\\/\"},{\"@type\":\"ListItem\",\"position\":3,\"name\":\"[Cassette] V\u00edbora &#8211; Egin ez dugun Guztia\"}]},{\"@type\":\"WebSite\",\"@id\":\"https:\\\/\\\/dispear-records.com\\\/#website\",\"url\":\"https:\\\/\\\/dispear-records.com\\\/\",\"name\":\"Dispear Records\",\"description\":\"DIY punk &amp; hardcore label\",\"publisher\":{\"@id\":\"https:\\\/\\\/dispear-records.com\\\/#organization\"},\"potentialAction\":[{\"@type\":\"SearchAction\",\"target\":{\"@type\":\"EntryPoint\",\"urlTemplate\":\"https:\\\/\\\/dispear-records.com\\\/?s={search_term_string}\"},\"query-input\":{\"@type\":\"PropertyValueSpecification\",\"valueRequired\":true,\"valueName\":\"search_term_string\"}}],\"inLanguage\":\"fr-FR\"},{\"@type\":\"Organization\",\"@id\":\"https:\\\/\\\/dispear-records.com\\\/#organization\",\"name\":\"Dispear Records\",\"url\":\"https:\\\/\\\/dispear-records.com\\\/\",\"logo\":{\"@type\":\"ImageObject\",\"inLanguage\":\"fr-FR\",\"@id\":\"https:\\\/\\\/dispear-records.com\\\/#\\\/schema\\\/logo\\\/image\\\/\",\"url\":\"https:\\\/\\\/dispear-records.com\\\/wp-content\\\/uploads\\\/2021\\\/06\\\/cropped-cropped-dispear.png\",\"contentUrl\":\"https:\\\/\\\/dispear-records.com\\\/wp-content\\\/uploads\\\/2021\\\/06\\\/cropped-cropped-dispear.png\",\"width\":2592,\"height\":709,\"caption\":\"Dispear Records\"},\"image\":{\"@id\":\"https:\\\/\\\/dispear-records.com\\\/#\\\/schema\\\/logo\\\/image\\\/\"}}]}<\/script>\n<!-- \/ Yoast SEO plugin. -->","yoast_head_json":{"title":"[Cassette] V\u00edbora - Egin ez dugun Guztia","description":"Nouvel opus des basques de Vibora, \"Egin ez dugun guztia\" livre une partition post hardcore intense, explosive, mais aussi introspective et sinc\u00e8re.","robots":{"index":"index","follow":"follow","max-snippet":"max-snippet:-1","max-image-preview":"max-image-preview:large","max-video-preview":"max-video-preview:-1"},"canonical":"https:\/\/dispear-records.com\/index.php\/produit\/cassette-vibora-ezin-ez-dugun-guztia\/","og_locale":"fr_FR","og_type":"article","og_title":"[Cassette] V\u00edbora - Egin ez dugun Guztia","og_description":"Nouvel opus des basques de Vibora, \"Egin ez dugun guztia\" livre une partition post hardcore intense, explosive, mais aussi introspective et sinc\u00e8re.","og_url":"https:\/\/dispear-records.com\/index.php\/produit\/cassette-vibora-ezin-ez-dugun-guztia\/","og_site_name":"Dispear Records","article_modified_time":"2026-03-09T22:10:05+00:00","og_image":[{"width":800,"height":800,"url":"https:\/\/dispear-records.com\/wp-content\/uploads\/2026\/02\/IMG_4437-carre.jpg","type":"image\/jpeg"}],"twitter_card":"summary_large_image","twitter_misc":{"Dur\u00e9e de lecture estim\u00e9e":"1 minute"},"schema":{"@context":"https:\/\/schema.org","@graph":[{"@type":"WebPage","@id":"https:\/\/dispear-records.com\/index.php\/produit\/cassette-vibora-ezin-ez-dugun-guztia\/","url":"https:\/\/dispear-records.com\/index.php\/produit\/cassette-vibora-ezin-ez-dugun-guztia\/","name":"[Cassette] V\u00edbora - Egin ez dugun Guztia","isPartOf":{"@id":"https:\/\/dispear-records.com\/#website"},"primaryImageOfPage":{"@id":"https:\/\/dispear-records.com\/index.php\/produit\/cassette-vibora-ezin-ez-dugun-guztia\/#primaryimage"},"image":{"@id":"https:\/\/dispear-records.com\/index.php\/produit\/cassette-vibora-ezin-ez-dugun-guztia\/#primaryimage"},"thumbnailUrl":"https:\/\/dispear-records.com\/wp-content\/uploads\/2026\/02\/IMG_4437-carre.jpg","datePublished":"2026-02-19T21:02:13+00:00","dateModified":"2026-03-09T22:10:05+00:00","description":"Nouvel opus des basques de Vibora, \"Egin ez dugun guztia\" livre une partition post hardcore intense, explosive, mais aussi introspective et sinc\u00e8re.","breadcrumb":{"@id":"https:\/\/dispear-records.com\/index.php\/produit\/cassette-vibora-ezin-ez-dugun-guztia\/#breadcrumb"},"inLanguage":"fr-FR","potentialAction":[{"@type":"ReadAction","target":["https:\/\/dispear-records.com\/index.php\/produit\/cassette-vibora-ezin-ez-dugun-guztia\/"]}]},{"@type":"ImageObject","inLanguage":"fr-FR","@id":"https:\/\/dispear-records.com\/index.php\/produit\/cassette-vibora-ezin-ez-dugun-guztia\/#primaryimage","url":"https:\/\/dispear-records.com\/wp-content\/uploads\/2026\/02\/IMG_4437-carre.jpg","contentUrl":"https:\/\/dispear-records.com\/wp-content\/uploads\/2026\/02\/IMG_4437-carre.jpg","width":800,"height":800},{"@type":"BreadcrumbList","@id":"https:\/\/dispear-records.com\/index.php\/produit\/cassette-vibora-ezin-ez-dugun-guztia\/#breadcrumb","itemListElement":[{"@type":"ListItem","position":1,"name":"Accueil","item":"https:\/\/dispear-records.com\/"},{"@type":"ListItem","position":2,"name":"Boutique","item":"https:\/\/dispear-records.com\/"},{"@type":"ListItem","position":3,"name":"[Cassette] V\u00edbora &#8211; Egin ez dugun Guztia"}]},{"@type":"WebSite","@id":"https:\/\/dispear-records.com\/#website","url":"https:\/\/dispear-records.com\/","name":"Dispear Records","description":"DIY punk &amp; hardcore label","publisher":{"@id":"https:\/\/dispear-records.com\/#organization"},"potentialAction":[{"@type":"SearchAction","target":{"@type":"EntryPoint","urlTemplate":"https:\/\/dispear-records.com\/?s={search_term_string}"},"query-input":{"@type":"PropertyValueSpecification","valueRequired":true,"valueName":"search_term_string"}}],"inLanguage":"fr-FR"},{"@type":"Organization","@id":"https:\/\/dispear-records.com\/#organization","name":"Dispear Records","url":"https:\/\/dispear-records.com\/","logo":{"@type":"ImageObject","inLanguage":"fr-FR","@id":"https:\/\/dispear-records.com\/#\/schema\/logo\/image\/","url":"https:\/\/dispear-records.com\/wp-content\/uploads\/2021\/06\/cropped-cropped-dispear.png","contentUrl":"https:\/\/dispear-records.com\/wp-content\/uploads\/2021\/06\/cropped-cropped-dispear.png","width":2592,"height":709,"caption":"Dispear Records"},"image":{"@id":"https:\/\/dispear-records.com\/#\/schema\/logo\/image\/"}}]}},"_links":{"self":[{"href":"https:\/\/dispear-records.com\/index.php\/wp-json\/wp\/v2\/product\/1279","targetHints":{"allow":["GET"]}}],"collection":[{"href":"https:\/\/dispear-records.com\/index.php\/wp-json\/wp\/v2\/product"}],"about":[{"href":"https:\/\/dispear-records.com\/index.php\/wp-json\/wp\/v2\/types\/product"}],"wp:featuredmedia":[{"embeddable":true,"href":"https:\/\/dispear-records.com\/index.php\/wp-json\/wp\/v2\/media\/1280"}],"wp:attachment":[{"href":"https:\/\/dispear-records.com\/index.php\/wp-json\/wp\/v2\/media?parent=1279"}],"wp:term":[{"taxonomy":"product_brand","embeddable":true,"href":"https:\/\/dispear-records.com\/index.php\/wp-json\/wp\/v2\/product_brand?post=1279"},{"taxonomy":"product_cat","embeddable":true,"href":"https:\/\/dispear-records.com\/index.php\/wp-json\/wp\/v2\/product_cat?post=1279"},{"taxonomy":"product_tag","embeddable":true,"href":"https:\/\/dispear-records.com\/index.php\/wp-json\/wp\/v2\/product_tag?post=1279"}],"curies":[{"name":"wp","href":"https:\/\/api.w.org\/{rel}","templated":true}]}}