{"id":1313,"date":"2026-03-05T21:53:06","date_gmt":"2026-03-05T20:53:06","guid":{"rendered":"https:\/\/dispear-records.com\/?post_type=product&#038;p=1313"},"modified":"2026-03-09T10:36:15","modified_gmt":"2026-03-09T09:36:15","slug":"forma-post-punk-diy-bilbao-cassette","status":"publish","type":"product","link":"https:\/\/dispear-records.com\/index.php\/produit\/forma-post-punk-diy-bilbao-cassette\/","title":{"rendered":"[Cassette] Forma &#8211; s\/t"},"content":{"rendered":"<p>Le premier album de Forma propose un post-punk tendu et direct, ancr\u00e9 dans une \u00e9nergie profond\u00e9ment DIY, parfois \u00e0 la fronti\u00e8re du hardcore. La section rythmique avance de fa\u00e7on solide et r\u00e9p\u00e9titive, presque minimale, laissant aux guitares l\u2019espace pour alterner entre riffs tranchants et m\u00e9lodies plus lancinantes. Le duo vocal \u2014 entre euskara et italien \u2014 apporte une vraie dynamique, jouant sur l\u2019alternance entre retenue et intensit\u00e9. Les morceaux sont courts, pr\u00e9cis, et vont \u00e0 l&rsquo;essentiel. La production reste brute mais claire, privil\u00e9giant l\u2019impact plut\u00f4t que la sophistication (DIY oblige). L\u2019ensemble forme un premier EP coh\u00e9rent, qui affirme une identit\u00e9 nette entre fraicheur post-punk et atmosph\u00e8res plus sombres.<\/p>\n<p><span style=\"font-weight: 400;\">Ces sept chansons sont avant tout une d\u00e9claration de sinc\u00e9rit\u00e9 et d\u2019amiti\u00e9, une \u0153uvre construite collectivement. Elles<\/span> parlent de ce qui traverse le groupe : les blessures qu\u2019on porte, les parts d\u2019ombre, la pression constante d\u2019un monde qui \u00e9crase et oppresse. Elles racontent la souffrance et le d\u00e9sespoir, mais aussi la rage et l\u2019\u00e9lan qui poussent \u00e0 continuer.<\/p>\n<p>Une chouette coprod avec <a href=\"https:\/\/www.instagram.com\/polzedelamort\/?hl=en\" target=\"_blank\" rel=\"noopener\">Polze De La Mort<\/a>, <a href=\"https:\/\/ddtbanaketak.com\/\" target=\"_blank\" rel=\"noopener\">DDT Banaketak<\/a>, et <a href=\"https:\/\/www.instagram.com\/afterpostdiy\/?hl=en\" target=\"_blank\" rel=\"noopener\">After Post<\/a>.<\/p>\n<p><iframe style=\"border: 0; width: 400px; height: 373px;\" src=\"https:\/\/bandcamp.com\/EmbeddedPlayer\/album=1830546884\/size=large\/bgcol=ffffff\/linkcol=0687f5\/artwork=small\/transparent=true\/\" seamless=\"\"><a href=\"https:\/\/formabnd.bandcamp.com\/album\/forma\">FORMA de FORMA<\/a><\/iframe><\/p>\n","protected":false},"excerpt":{"rendered":"<p><strong>Forma &#8211; s\/t<\/strong><br \/>\n2026 \/\/ 7 tracks<br \/>\nPost punk<br \/>\nBilbao \/\/ Euskal Herria<\/p>\n","protected":false},"featured_media":1314,"template":"","meta":[],"product_brand":[],"product_cat":[19,83],"product_tag":[84],"class_list":{"0":"post-1313","1":"product","2":"type-product","3":"status-publish","4":"has-post-thumbnail","6":"product_cat-cassettes","7":"product_cat-forma","8":"product_tag-post-punk","10":"first","11":"instock","12":"shipping-taxable","13":"purchasable","14":"product-type-simple"},"yoast_head":"<!-- This site is optimized with the Yoast SEO plugin v27.4 - https:\/\/yoast.com\/product\/yoast-seo-wordpress\/ -->\n<title>[Cassette] Forma - s\/t<\/title>\n<meta name=\"description\" content=\"Premier EP de Forma (Bilbao) : 7 chansons post-punk port\u00e9es par une \u00e9nergie DIY, qui parlent d\u2019amiti\u00e9, d\u2019un monde qui \u00e9crase et de la rage de continuer\" \/>\n<meta name=\"robots\" content=\"index, follow, max-snippet:-1, max-image-preview:large, max-video-preview:-1\" \/>\n<link rel=\"canonical\" href=\"https:\/\/dispear-records.com\/index.php\/produit\/forma-post-punk-diy-bilbao-cassette\/\" \/>\n<meta property=\"og:locale\" content=\"fr_FR\" \/>\n<meta property=\"og:type\" content=\"article\" \/>\n<meta property=\"og:title\" content=\"[Cassette] Forma - s\/t\" \/>\n<meta property=\"og:description\" content=\"Premier EP de Forma (Bilbao) : 7 chansons post-punk port\u00e9es par une \u00e9nergie DIY, qui parlent d\u2019amiti\u00e9, d\u2019un monde qui \u00e9crase et de la rage de continuer\" \/>\n<meta property=\"og:url\" content=\"https:\/\/dispear-records.com\/index.php\/produit\/forma-post-punk-diy-bilbao-cassette\/\" \/>\n<meta property=\"og:site_name\" content=\"Dispear Records\" \/>\n<meta property=\"article:modified_time\" content=\"2026-03-09T09:36:15+00:00\" \/>\n<meta property=\"og:image\" content=\"https:\/\/dispear-records.com\/wp-content\/uploads\/2026\/03\/IMG_4434-carre.jpg\" \/>\n\t<meta property=\"og:image:width\" content=\"800\" \/>\n\t<meta property=\"og:image:height\" content=\"800\" \/>\n\t<meta property=\"og:image:type\" content=\"image\/jpeg\" \/>\n<meta name=\"twitter:card\" content=\"summary_large_image\" \/>\n<meta name=\"twitter:label1\" content=\"Dur\u00e9e de lecture estim\u00e9e\" \/>\n\t<meta name=\"twitter:data1\" content=\"2 minutes\" \/>\n<script type=\"application\/ld+json\" class=\"yoast-schema-graph\">{\"@context\":\"https:\\\/\\\/schema.org\",\"@graph\":[{\"@type\":\"WebPage\",\"@id\":\"https:\\\/\\\/dispear-records.com\\\/index.php\\\/produit\\\/forma-post-punk-diy-bilbao-cassette\\\/\",\"url\":\"https:\\\/\\\/dispear-records.com\\\/index.php\\\/produit\\\/forma-post-punk-diy-bilbao-cassette\\\/\",\"name\":\"[Cassette] Forma - s\\\/t\",\"isPartOf\":{\"@id\":\"https:\\\/\\\/dispear-records.com\\\/#website\"},\"primaryImageOfPage\":{\"@id\":\"https:\\\/\\\/dispear-records.com\\\/index.php\\\/produit\\\/forma-post-punk-diy-bilbao-cassette\\\/#primaryimage\"},\"image\":{\"@id\":\"https:\\\/\\\/dispear-records.com\\\/index.php\\\/produit\\\/forma-post-punk-diy-bilbao-cassette\\\/#primaryimage\"},\"thumbnailUrl\":\"https:\\\/\\\/dispear-records.com\\\/wp-content\\\/uploads\\\/2026\\\/03\\\/IMG_4434-carre.jpg\",\"datePublished\":\"2026-03-05T20:53:06+00:00\",\"dateModified\":\"2026-03-09T09:36:15+00:00\",\"description\":\"Premier EP de Forma (Bilbao) : 7 chansons post-punk port\u00e9es par une \u00e9nergie DIY, qui parlent d\u2019amiti\u00e9, d\u2019un monde qui \u00e9crase et de la rage de continuer\",\"breadcrumb\":{\"@id\":\"https:\\\/\\\/dispear-records.com\\\/index.php\\\/produit\\\/forma-post-punk-diy-bilbao-cassette\\\/#breadcrumb\"},\"inLanguage\":\"fr-FR\",\"potentialAction\":[{\"@type\":\"ReadAction\",\"target\":[\"https:\\\/\\\/dispear-records.com\\\/index.php\\\/produit\\\/forma-post-punk-diy-bilbao-cassette\\\/\"]}]},{\"@type\":\"ImageObject\",\"inLanguage\":\"fr-FR\",\"@id\":\"https:\\\/\\\/dispear-records.com\\\/index.php\\\/produit\\\/forma-post-punk-diy-bilbao-cassette\\\/#primaryimage\",\"url\":\"https:\\\/\\\/dispear-records.com\\\/wp-content\\\/uploads\\\/2026\\\/03\\\/IMG_4434-carre.jpg\",\"contentUrl\":\"https:\\\/\\\/dispear-records.com\\\/wp-content\\\/uploads\\\/2026\\\/03\\\/IMG_4434-carre.jpg\",\"width\":800,\"height\":800},{\"@type\":\"BreadcrumbList\",\"@id\":\"https:\\\/\\\/dispear-records.com\\\/index.php\\\/produit\\\/forma-post-punk-diy-bilbao-cassette\\\/#breadcrumb\",\"itemListElement\":[{\"@type\":\"ListItem\",\"position\":1,\"name\":\"Accueil\",\"item\":\"https:\\\/\\\/dispear-records.com\\\/\"},{\"@type\":\"ListItem\",\"position\":2,\"name\":\"Boutique\",\"item\":\"https:\\\/\\\/dispear-records.com\\\/\"},{\"@type\":\"ListItem\",\"position\":3,\"name\":\"[Cassette] Forma &#8211; s\\\/t\"}]},{\"@type\":\"WebSite\",\"@id\":\"https:\\\/\\\/dispear-records.com\\\/#website\",\"url\":\"https:\\\/\\\/dispear-records.com\\\/\",\"name\":\"Dispear Records\",\"description\":\"DIY punk &amp; hardcore label\",\"publisher\":{\"@id\":\"https:\\\/\\\/dispear-records.com\\\/#organization\"},\"potentialAction\":[{\"@type\":\"SearchAction\",\"target\":{\"@type\":\"EntryPoint\",\"urlTemplate\":\"https:\\\/\\\/dispear-records.com\\\/?s={search_term_string}\"},\"query-input\":{\"@type\":\"PropertyValueSpecification\",\"valueRequired\":true,\"valueName\":\"search_term_string\"}}],\"inLanguage\":\"fr-FR\"},{\"@type\":\"Organization\",\"@id\":\"https:\\\/\\\/dispear-records.com\\\/#organization\",\"name\":\"Dispear Records\",\"url\":\"https:\\\/\\\/dispear-records.com\\\/\",\"logo\":{\"@type\":\"ImageObject\",\"inLanguage\":\"fr-FR\",\"@id\":\"https:\\\/\\\/dispear-records.com\\\/#\\\/schema\\\/logo\\\/image\\\/\",\"url\":\"https:\\\/\\\/dispear-records.com\\\/wp-content\\\/uploads\\\/2021\\\/06\\\/cropped-cropped-dispear.png\",\"contentUrl\":\"https:\\\/\\\/dispear-records.com\\\/wp-content\\\/uploads\\\/2021\\\/06\\\/cropped-cropped-dispear.png\",\"width\":2592,\"height\":709,\"caption\":\"Dispear Records\"},\"image\":{\"@id\":\"https:\\\/\\\/dispear-records.com\\\/#\\\/schema\\\/logo\\\/image\\\/\"}}]}<\/script>\n<!-- \/ Yoast SEO plugin. -->","yoast_head_json":{"title":"[Cassette] Forma - s\/t","description":"Premier EP de Forma (Bilbao) : 7 chansons post-punk port\u00e9es par une \u00e9nergie DIY, qui parlent d\u2019amiti\u00e9, d\u2019un monde qui \u00e9crase et de la rage de continuer","robots":{"index":"index","follow":"follow","max-snippet":"max-snippet:-1","max-image-preview":"max-image-preview:large","max-video-preview":"max-video-preview:-1"},"canonical":"https:\/\/dispear-records.com\/index.php\/produit\/forma-post-punk-diy-bilbao-cassette\/","og_locale":"fr_FR","og_type":"article","og_title":"[Cassette] Forma - s\/t","og_description":"Premier EP de Forma (Bilbao) : 7 chansons post-punk port\u00e9es par une \u00e9nergie DIY, qui parlent d\u2019amiti\u00e9, d\u2019un monde qui \u00e9crase et de la rage de continuer","og_url":"https:\/\/dispear-records.com\/index.php\/produit\/forma-post-punk-diy-bilbao-cassette\/","og_site_name":"Dispear Records","article_modified_time":"2026-03-09T09:36:15+00:00","og_image":[{"width":800,"height":800,"url":"https:\/\/dispear-records.com\/wp-content\/uploads\/2026\/03\/IMG_4434-carre.jpg","type":"image\/jpeg"}],"twitter_card":"summary_large_image","twitter_misc":{"Dur\u00e9e de lecture estim\u00e9e":"2 minutes"},"schema":{"@context":"https:\/\/schema.org","@graph":[{"@type":"WebPage","@id":"https:\/\/dispear-records.com\/index.php\/produit\/forma-post-punk-diy-bilbao-cassette\/","url":"https:\/\/dispear-records.com\/index.php\/produit\/forma-post-punk-diy-bilbao-cassette\/","name":"[Cassette] Forma - s\/t","isPartOf":{"@id":"https:\/\/dispear-records.com\/#website"},"primaryImageOfPage":{"@id":"https:\/\/dispear-records.com\/index.php\/produit\/forma-post-punk-diy-bilbao-cassette\/#primaryimage"},"image":{"@id":"https:\/\/dispear-records.com\/index.php\/produit\/forma-post-punk-diy-bilbao-cassette\/#primaryimage"},"thumbnailUrl":"https:\/\/dispear-records.com\/wp-content\/uploads\/2026\/03\/IMG_4434-carre.jpg","datePublished":"2026-03-05T20:53:06+00:00","dateModified":"2026-03-09T09:36:15+00:00","description":"Premier EP de Forma (Bilbao) : 7 chansons post-punk port\u00e9es par une \u00e9nergie DIY, qui parlent d\u2019amiti\u00e9, d\u2019un monde qui \u00e9crase et de la rage de continuer","breadcrumb":{"@id":"https:\/\/dispear-records.com\/index.php\/produit\/forma-post-punk-diy-bilbao-cassette\/#breadcrumb"},"inLanguage":"fr-FR","potentialAction":[{"@type":"ReadAction","target":["https:\/\/dispear-records.com\/index.php\/produit\/forma-post-punk-diy-bilbao-cassette\/"]}]},{"@type":"ImageObject","inLanguage":"fr-FR","@id":"https:\/\/dispear-records.com\/index.php\/produit\/forma-post-punk-diy-bilbao-cassette\/#primaryimage","url":"https:\/\/dispear-records.com\/wp-content\/uploads\/2026\/03\/IMG_4434-carre.jpg","contentUrl":"https:\/\/dispear-records.com\/wp-content\/uploads\/2026\/03\/IMG_4434-carre.jpg","width":800,"height":800},{"@type":"BreadcrumbList","@id":"https:\/\/dispear-records.com\/index.php\/produit\/forma-post-punk-diy-bilbao-cassette\/#breadcrumb","itemListElement":[{"@type":"ListItem","position":1,"name":"Accueil","item":"https:\/\/dispear-records.com\/"},{"@type":"ListItem","position":2,"name":"Boutique","item":"https:\/\/dispear-records.com\/"},{"@type":"ListItem","position":3,"name":"[Cassette] Forma &#8211; s\/t"}]},{"@type":"WebSite","@id":"https:\/\/dispear-records.com\/#website","url":"https:\/\/dispear-records.com\/","name":"Dispear Records","description":"DIY punk &amp; hardcore label","publisher":{"@id":"https:\/\/dispear-records.com\/#organization"},"potentialAction":[{"@type":"SearchAction","target":{"@type":"EntryPoint","urlTemplate":"https:\/\/dispear-records.com\/?s={search_term_string}"},"query-input":{"@type":"PropertyValueSpecification","valueRequired":true,"valueName":"search_term_string"}}],"inLanguage":"fr-FR"},{"@type":"Organization","@id":"https:\/\/dispear-records.com\/#organization","name":"Dispear Records","url":"https:\/\/dispear-records.com\/","logo":{"@type":"ImageObject","inLanguage":"fr-FR","@id":"https:\/\/dispear-records.com\/#\/schema\/logo\/image\/","url":"https:\/\/dispear-records.com\/wp-content\/uploads\/2021\/06\/cropped-cropped-dispear.png","contentUrl":"https:\/\/dispear-records.com\/wp-content\/uploads\/2021\/06\/cropped-cropped-dispear.png","width":2592,"height":709,"caption":"Dispear Records"},"image":{"@id":"https:\/\/dispear-records.com\/#\/schema\/logo\/image\/"}}]}},"_links":{"self":[{"href":"https:\/\/dispear-records.com\/index.php\/wp-json\/wp\/v2\/product\/1313","targetHints":{"allow":["GET"]}}],"collection":[{"href":"https:\/\/dispear-records.com\/index.php\/wp-json\/wp\/v2\/product"}],"about":[{"href":"https:\/\/dispear-records.com\/index.php\/wp-json\/wp\/v2\/types\/product"}],"wp:featuredmedia":[{"embeddable":true,"href":"https:\/\/dispear-records.com\/index.php\/wp-json\/wp\/v2\/media\/1314"}],"wp:attachment":[{"href":"https:\/\/dispear-records.com\/index.php\/wp-json\/wp\/v2\/media?parent=1313"}],"wp:term":[{"taxonomy":"product_brand","embeddable":true,"href":"https:\/\/dispear-records.com\/index.php\/wp-json\/wp\/v2\/product_brand?post=1313"},{"taxonomy":"product_cat","embeddable":true,"href":"https:\/\/dispear-records.com\/index.php\/wp-json\/wp\/v2\/product_cat?post=1313"},{"taxonomy":"product_tag","embeddable":true,"href":"https:\/\/dispear-records.com\/index.php\/wp-json\/wp\/v2\/product_tag?post=1313"}],"curies":[{"name":"wp","href":"https:\/\/api.w.org\/{rel}","templated":true}]}}