{"id":1325,"date":"2026-03-12T21:21:08","date_gmt":"2026-03-12T20:21:08","guid":{"rendered":"https:\/\/dispear-records.com\/?post_type=product&#038;p=1325"},"modified":"2026-04-27T19:57:27","modified_gmt":"2026-04-27T17:57:27","slug":"cassette-pussy-miel-bee-raged","status":"publish","type":"product","link":"https:\/\/dispear-records.com\/index.php\/produit\/cassette-pussy-miel-bee-raged\/","title":{"rendered":"[Cassette] Pussy Miel &#8211; Bee Raged"},"content":{"rendered":"<p><b>Pussy Miel<\/b><span style=\"font-weight: 400;\"> d\u00e9boule dans le paysage landais avec un premier EP quelque part entre la crasse primitive des Stooges, l&rsquo;efficacit\u00e9 des Ramones, le grunge de Nirvana et la fuzz d\u00e9braill\u00e9e de Ty Segall. Les quatre musiciennes livrent en 6 titres un punk rock garage teint\u00e9 de stoner, qui sent bon l\u2019\u00e9nergie du live et des nooooombreux concerts qu&rsquo;elles ont donn\u00e9 avant de partir en studio.<\/span><\/p>\n<p><span style=\"font-weight: 400;\">Bee Raged s\u2019articule autour d\u2019une image simple : l\u2019abeille. Une figure collective et matriarcale puissante, fragile mais essentielle. \u00c0 travers elle Pussy Miel parle, sans grand discours mais avec \u00e9nergie, de col\u00e8re, de r\u00e9volte, d\u2019amour et de reconstruction. Sant\u00e9 mentale, affirmation de soi, chute et renaissance : la musique comme mani\u00e8re de gu\u00e9rir (logique me direz-vous, vu que la chanteuse fait de la sonoth\u00e9rapie).<\/span><\/p>\n<p><iframe style=\"border: 0; width: 400px; height: 340px;\" src=\"https:\/\/bandcamp.com\/EmbeddedPlayer\/album=3302535290\/size=large\/bgcol=ffffff\/linkcol=f171a2\/artwork=small\/transparent=true\/\" seamless=\"\"><a href=\"https:\/\/atantreverduroi.bandcamp.com\/album\/pussy-miel-bee-raged\">Pussy Miel \u00ab\u00a0Bee Raged\u00a0\u00bb de A Tant R\u00eaver Du Roi Records<\/a><\/iframe><\/p>\n","protected":false},"excerpt":{"rendered":"<p><strong>Pussy Miel &#8211; Bee Raged<\/strong><br \/>\n2026 \/\/ 6 tracks<br \/>\nPunk rock garage<br \/>\nCapbreton \/\/ France<\/p>\n","protected":false},"featured_media":1326,"template":"","meta":[],"product_brand":[],"product_cat":[19,85],"product_tag":[28],"class_list":{"0":"post-1325","1":"product","2":"type-product","3":"status-publish","4":"has-post-thumbnail","6":"product_cat-cassettes","7":"product_cat-pussy-miel","8":"product_tag-punk-rock","10":"first","11":"instock","12":"shipping-taxable","13":"purchasable","14":"product-type-simple"},"yoast_head":"<!-- This site is optimized with the Yoast SEO plugin v27.5 - https:\/\/yoast.com\/product\/yoast-seo-wordpress\/ -->\n<title>[Cassette] Pussy Miel - Bee Raged<\/title>\n<meta name=\"description\" content=\"Premier EP pour les quatre musiciennes de Pussy Miel, qui livrent avec Bee Raged 6 titres punk rock garage qui sentent bon l&#039;\u00e9nergie de leurs concerts !\" \/>\n<meta name=\"robots\" content=\"index, follow, max-snippet:-1, max-image-preview:large, max-video-preview:-1\" \/>\n<link rel=\"canonical\" href=\"https:\/\/dispear-records.com\/index.php\/produit\/cassette-pussy-miel-bee-raged\/\" \/>\n<meta property=\"og:locale\" content=\"fr_FR\" \/>\n<meta property=\"og:type\" content=\"article\" \/>\n<meta property=\"og:title\" content=\"[Cassette] Pussy Miel - Bee Raged\" \/>\n<meta property=\"og:description\" content=\"Premier EP pour les quatre musiciennes de Pussy Miel, qui livrent avec Bee Raged 6 titres punk rock garage qui sentent bon l&#039;\u00e9nergie de leurs concerts !\" \/>\n<meta property=\"og:url\" content=\"https:\/\/dispear-records.com\/index.php\/produit\/cassette-pussy-miel-bee-raged\/\" \/>\n<meta property=\"og:site_name\" content=\"Dispear Records\" \/>\n<meta property=\"article:modified_time\" content=\"2026-04-27T17:57:27+00:00\" \/>\n<meta property=\"og:image\" content=\"https:\/\/dispear-records.com\/wp-content\/uploads\/2026\/03\/IMG_4430-carre.jpg\" \/>\n\t<meta property=\"og:image:width\" content=\"800\" \/>\n\t<meta property=\"og:image:height\" content=\"800\" \/>\n\t<meta property=\"og:image:type\" content=\"image\/jpeg\" \/>\n<meta name=\"twitter:card\" content=\"summary_large_image\" \/>\n<meta name=\"twitter:label1\" content=\"Dur\u00e9e de lecture estim\u00e9e\" \/>\n\t<meta name=\"twitter:data1\" content=\"1 minute\" \/>\n<script type=\"application\/ld+json\" class=\"yoast-schema-graph\">{\"@context\":\"https:\\\/\\\/schema.org\",\"@graph\":[{\"@type\":\"WebPage\",\"@id\":\"https:\\\/\\\/dispear-records.com\\\/index.php\\\/produit\\\/cassette-pussy-miel-bee-raged\\\/\",\"url\":\"https:\\\/\\\/dispear-records.com\\\/index.php\\\/produit\\\/cassette-pussy-miel-bee-raged\\\/\",\"name\":\"[Cassette] Pussy Miel - Bee Raged\",\"isPartOf\":{\"@id\":\"https:\\\/\\\/dispear-records.com\\\/#website\"},\"primaryImageOfPage\":{\"@id\":\"https:\\\/\\\/dispear-records.com\\\/index.php\\\/produit\\\/cassette-pussy-miel-bee-raged\\\/#primaryimage\"},\"image\":{\"@id\":\"https:\\\/\\\/dispear-records.com\\\/index.php\\\/produit\\\/cassette-pussy-miel-bee-raged\\\/#primaryimage\"},\"thumbnailUrl\":\"https:\\\/\\\/dispear-records.com\\\/wp-content\\\/uploads\\\/2026\\\/03\\\/IMG_4430-carre.jpg\",\"datePublished\":\"2026-03-12T20:21:08+00:00\",\"dateModified\":\"2026-04-27T17:57:27+00:00\",\"description\":\"Premier EP pour les quatre musiciennes de Pussy Miel, qui livrent avec Bee Raged 6 titres punk rock garage qui sentent bon l'\u00e9nergie de leurs concerts !\",\"breadcrumb\":{\"@id\":\"https:\\\/\\\/dispear-records.com\\\/index.php\\\/produit\\\/cassette-pussy-miel-bee-raged\\\/#breadcrumb\"},\"inLanguage\":\"fr-FR\",\"potentialAction\":[{\"@type\":\"ReadAction\",\"target\":[\"https:\\\/\\\/dispear-records.com\\\/index.php\\\/produit\\\/cassette-pussy-miel-bee-raged\\\/\"]}]},{\"@type\":\"ImageObject\",\"inLanguage\":\"fr-FR\",\"@id\":\"https:\\\/\\\/dispear-records.com\\\/index.php\\\/produit\\\/cassette-pussy-miel-bee-raged\\\/#primaryimage\",\"url\":\"https:\\\/\\\/dispear-records.com\\\/wp-content\\\/uploads\\\/2026\\\/03\\\/IMG_4430-carre.jpg\",\"contentUrl\":\"https:\\\/\\\/dispear-records.com\\\/wp-content\\\/uploads\\\/2026\\\/03\\\/IMG_4430-carre.jpg\",\"width\":800,\"height\":800},{\"@type\":\"BreadcrumbList\",\"@id\":\"https:\\\/\\\/dispear-records.com\\\/index.php\\\/produit\\\/cassette-pussy-miel-bee-raged\\\/#breadcrumb\",\"itemListElement\":[{\"@type\":\"ListItem\",\"position\":1,\"name\":\"Accueil\",\"item\":\"https:\\\/\\\/dispear-records.com\\\/\"},{\"@type\":\"ListItem\",\"position\":2,\"name\":\"Boutique\",\"item\":\"https:\\\/\\\/dispear-records.com\\\/\"},{\"@type\":\"ListItem\",\"position\":3,\"name\":\"[Cassette] Pussy Miel &#8211; Bee Raged\"}]},{\"@type\":\"WebSite\",\"@id\":\"https:\\\/\\\/dispear-records.com\\\/#website\",\"url\":\"https:\\\/\\\/dispear-records.com\\\/\",\"name\":\"Dispear Records\",\"description\":\"DIY punk &amp; hardcore label\",\"publisher\":{\"@id\":\"https:\\\/\\\/dispear-records.com\\\/#organization\"},\"potentialAction\":[{\"@type\":\"SearchAction\",\"target\":{\"@type\":\"EntryPoint\",\"urlTemplate\":\"https:\\\/\\\/dispear-records.com\\\/?s={search_term_string}\"},\"query-input\":{\"@type\":\"PropertyValueSpecification\",\"valueRequired\":true,\"valueName\":\"search_term_string\"}}],\"inLanguage\":\"fr-FR\"},{\"@type\":\"Organization\",\"@id\":\"https:\\\/\\\/dispear-records.com\\\/#organization\",\"name\":\"Dispear Records\",\"url\":\"https:\\\/\\\/dispear-records.com\\\/\",\"logo\":{\"@type\":\"ImageObject\",\"inLanguage\":\"fr-FR\",\"@id\":\"https:\\\/\\\/dispear-records.com\\\/#\\\/schema\\\/logo\\\/image\\\/\",\"url\":\"https:\\\/\\\/dispear-records.com\\\/wp-content\\\/uploads\\\/2021\\\/06\\\/cropped-cropped-dispear.png\",\"contentUrl\":\"https:\\\/\\\/dispear-records.com\\\/wp-content\\\/uploads\\\/2021\\\/06\\\/cropped-cropped-dispear.png\",\"width\":2592,\"height\":709,\"caption\":\"Dispear Records\"},\"image\":{\"@id\":\"https:\\\/\\\/dispear-records.com\\\/#\\\/schema\\\/logo\\\/image\\\/\"}}]}<\/script>\n<!-- \/ Yoast SEO plugin. -->","yoast_head_json":{"title":"[Cassette] Pussy Miel - Bee Raged","description":"Premier EP pour les quatre musiciennes de Pussy Miel, qui livrent avec Bee Raged 6 titres punk rock garage qui sentent bon l'\u00e9nergie de leurs concerts !","robots":{"index":"index","follow":"follow","max-snippet":"max-snippet:-1","max-image-preview":"max-image-preview:large","max-video-preview":"max-video-preview:-1"},"canonical":"https:\/\/dispear-records.com\/index.php\/produit\/cassette-pussy-miel-bee-raged\/","og_locale":"fr_FR","og_type":"article","og_title":"[Cassette] Pussy Miel - Bee Raged","og_description":"Premier EP pour les quatre musiciennes de Pussy Miel, qui livrent avec Bee Raged 6 titres punk rock garage qui sentent bon l'\u00e9nergie de leurs concerts !","og_url":"https:\/\/dispear-records.com\/index.php\/produit\/cassette-pussy-miel-bee-raged\/","og_site_name":"Dispear Records","article_modified_time":"2026-04-27T17:57:27+00:00","og_image":[{"width":800,"height":800,"url":"https:\/\/dispear-records.com\/wp-content\/uploads\/2026\/03\/IMG_4430-carre.jpg","type":"image\/jpeg"}],"twitter_card":"summary_large_image","twitter_misc":{"Dur\u00e9e de lecture estim\u00e9e":"1 minute"},"schema":{"@context":"https:\/\/schema.org","@graph":[{"@type":"WebPage","@id":"https:\/\/dispear-records.com\/index.php\/produit\/cassette-pussy-miel-bee-raged\/","url":"https:\/\/dispear-records.com\/index.php\/produit\/cassette-pussy-miel-bee-raged\/","name":"[Cassette] Pussy Miel - Bee Raged","isPartOf":{"@id":"https:\/\/dispear-records.com\/#website"},"primaryImageOfPage":{"@id":"https:\/\/dispear-records.com\/index.php\/produit\/cassette-pussy-miel-bee-raged\/#primaryimage"},"image":{"@id":"https:\/\/dispear-records.com\/index.php\/produit\/cassette-pussy-miel-bee-raged\/#primaryimage"},"thumbnailUrl":"https:\/\/dispear-records.com\/wp-content\/uploads\/2026\/03\/IMG_4430-carre.jpg","datePublished":"2026-03-12T20:21:08+00:00","dateModified":"2026-04-27T17:57:27+00:00","description":"Premier EP pour les quatre musiciennes de Pussy Miel, qui livrent avec Bee Raged 6 titres punk rock garage qui sentent bon l'\u00e9nergie de leurs concerts !","breadcrumb":{"@id":"https:\/\/dispear-records.com\/index.php\/produit\/cassette-pussy-miel-bee-raged\/#breadcrumb"},"inLanguage":"fr-FR","potentialAction":[{"@type":"ReadAction","target":["https:\/\/dispear-records.com\/index.php\/produit\/cassette-pussy-miel-bee-raged\/"]}]},{"@type":"ImageObject","inLanguage":"fr-FR","@id":"https:\/\/dispear-records.com\/index.php\/produit\/cassette-pussy-miel-bee-raged\/#primaryimage","url":"https:\/\/dispear-records.com\/wp-content\/uploads\/2026\/03\/IMG_4430-carre.jpg","contentUrl":"https:\/\/dispear-records.com\/wp-content\/uploads\/2026\/03\/IMG_4430-carre.jpg","width":800,"height":800},{"@type":"BreadcrumbList","@id":"https:\/\/dispear-records.com\/index.php\/produit\/cassette-pussy-miel-bee-raged\/#breadcrumb","itemListElement":[{"@type":"ListItem","position":1,"name":"Accueil","item":"https:\/\/dispear-records.com\/"},{"@type":"ListItem","position":2,"name":"Boutique","item":"https:\/\/dispear-records.com\/"},{"@type":"ListItem","position":3,"name":"[Cassette] Pussy Miel &#8211; Bee Raged"}]},{"@type":"WebSite","@id":"https:\/\/dispear-records.com\/#website","url":"https:\/\/dispear-records.com\/","name":"Dispear Records","description":"DIY punk &amp; hardcore label","publisher":{"@id":"https:\/\/dispear-records.com\/#organization"},"potentialAction":[{"@type":"SearchAction","target":{"@type":"EntryPoint","urlTemplate":"https:\/\/dispear-records.com\/?s={search_term_string}"},"query-input":{"@type":"PropertyValueSpecification","valueRequired":true,"valueName":"search_term_string"}}],"inLanguage":"fr-FR"},{"@type":"Organization","@id":"https:\/\/dispear-records.com\/#organization","name":"Dispear Records","url":"https:\/\/dispear-records.com\/","logo":{"@type":"ImageObject","inLanguage":"fr-FR","@id":"https:\/\/dispear-records.com\/#\/schema\/logo\/image\/","url":"https:\/\/dispear-records.com\/wp-content\/uploads\/2021\/06\/cropped-cropped-dispear.png","contentUrl":"https:\/\/dispear-records.com\/wp-content\/uploads\/2021\/06\/cropped-cropped-dispear.png","width":2592,"height":709,"caption":"Dispear Records"},"image":{"@id":"https:\/\/dispear-records.com\/#\/schema\/logo\/image\/"}}]}},"_links":{"self":[{"href":"https:\/\/dispear-records.com\/index.php\/wp-json\/wp\/v2\/product\/1325","targetHints":{"allow":["GET"]}}],"collection":[{"href":"https:\/\/dispear-records.com\/index.php\/wp-json\/wp\/v2\/product"}],"about":[{"href":"https:\/\/dispear-records.com\/index.php\/wp-json\/wp\/v2\/types\/product"}],"wp:featuredmedia":[{"embeddable":true,"href":"https:\/\/dispear-records.com\/index.php\/wp-json\/wp\/v2\/media\/1326"}],"wp:attachment":[{"href":"https:\/\/dispear-records.com\/index.php\/wp-json\/wp\/v2\/media?parent=1325"}],"wp:term":[{"taxonomy":"product_brand","embeddable":true,"href":"https:\/\/dispear-records.com\/index.php\/wp-json\/wp\/v2\/product_brand?post=1325"},{"taxonomy":"product_cat","embeddable":true,"href":"https:\/\/dispear-records.com\/index.php\/wp-json\/wp\/v2\/product_cat?post=1325"},{"taxonomy":"product_tag","embeddable":true,"href":"https:\/\/dispear-records.com\/index.php\/wp-json\/wp\/v2\/product_tag?post=1325"}],"curies":[{"name":"wp","href":"https:\/\/api.w.org\/{rel}","templated":true}]}}