{"id":1333,"date":"2026-03-17T21:12:50","date_gmt":"2026-03-17T20:12:50","guid":{"rendered":"https:\/\/dispear-records.com\/?post_type=product&#038;p=1333"},"modified":"2026-04-27T19:57:27","modified_gmt":"2026-04-27T17:57:27","slug":"vinyle-severance-reign-of-wounds","status":"publish","type":"product","link":"https:\/\/dispear-records.com\/index.php\/produit\/vinyle-severance-reign-of-wounds\/","title":{"rendered":"[Vinyle] Severance &#8211; Reign Of Wounds"},"content":{"rendered":"<p>Bayonne crache son venin ! Avec <em>Reign of Wounds<\/em>, <strong>Severance<\/strong> d\u00e9barque sur la sc\u00e8ne hardcore \u00e0 grands coups de pieds. Ici, le hardcore transpire le m\u00e9tal, quelque part entre la lourdeur d\u2019Hatebreed et la violence s\u00e8che de Knocked Loose, avec ce go\u00fbt moderne pour les breaks qui font plier les genoux. \u00c7a cogne fort, mais \u00e7a groove aussi pas mal. Port\u00e9s par une voix grave et puissante, les morceaux avancent comme des blocs compacts, taill\u00e9s pour le pit, avec cette science du breakdown simple et imparable qu\u2019on retrouve chez Terror ou Kublai Khan TX. On sent une influence plus sombre en arri\u00e8re-plan, fa\u00e7on Jesus Piece ou Code Orange, dans ces passages dissonants qui laissent respirer une angoisse poisseuse avant de replonger dans la baston. C\u00f4t\u00e9 production, il faut saluer le travail du local Eric Dorl\u00e9ans de Notos Productions, qui a su trouver pile le son lourd et massif qu&rsquo;il fallait pour servir la musique de Severance.<\/p>\n<p><iframe loading=\"lazy\" style=\"border-radius: 12px;\" src=\"https:\/\/open.spotify.com\/embed\/album\/5hJqM3txRFJ9qdKNce0WqK?utm_source=generator&amp;theme=0\" width=\"100%\" height=\"352\" frameborder=\"0\" allowfullscreen=\"allowfullscreen\" data-testid=\"embed-iframe\"><\/iframe><\/p>\n","protected":false},"excerpt":{"rendered":"<p><strong>Severance &#8211; Reign Of Wounds<\/strong><br \/>\n2026 \/\/ 7 tracks<br \/>\nHardcore metal<br \/>\nBaiona \/\/ Euskal Herria<\/p>\n","protected":false},"featured_media":1340,"template":"","meta":[],"product_brand":[],"product_cat":[86,41],"product_tag":[75],"class_list":{"0":"post-1333","1":"product","2":"type-product","3":"status-publish","4":"has-post-thumbnail","6":"product_cat-severance","7":"product_cat-vinyles","8":"product_tag-metal-hardcore","10":"first","11":"instock","12":"shipping-taxable","13":"purchasable","14":"product-type-simple"},"yoast_head":"<!-- This site is optimized with the Yoast SEO plugin v27.5 - https:\/\/yoast.com\/product\/yoast-seo-wordpress\/ -->\n<title>[Vinyle] Severance - Reign Of Wounds<\/title>\n<meta name=\"description\" content=\"Les bayonnais de Severance frappent fort avec Reign of Wounds, un hardcore puissant et moderne m\u00ealant lourdeur, groove et breakdowns efficaces\" \/>\n<meta name=\"robots\" content=\"index, follow, max-snippet:-1, max-image-preview:large, max-video-preview:-1\" \/>\n<link rel=\"canonical\" href=\"https:\/\/dispear-records.com\/index.php\/produit\/vinyle-severance-reign-of-wounds\/\" \/>\n<meta property=\"og:locale\" content=\"fr_FR\" \/>\n<meta property=\"og:type\" content=\"article\" \/>\n<meta property=\"og:title\" content=\"[Vinyle] Severance - Reign Of Wounds\" \/>\n<meta property=\"og:description\" content=\"Les bayonnais de Severance frappent fort avec Reign of Wounds, un hardcore puissant et moderne m\u00ealant lourdeur, groove et breakdowns efficaces\" \/>\n<meta property=\"og:url\" content=\"https:\/\/dispear-records.com\/index.php\/produit\/vinyle-severance-reign-of-wounds\/\" \/>\n<meta property=\"og:site_name\" content=\"Dispear Records\" \/>\n<meta property=\"article:modified_time\" content=\"2026-04-27T17:57:27+00:00\" \/>\n<meta property=\"og:image\" content=\"https:\/\/dispear-records.com\/wp-content\/uploads\/2026\/03\/IMG_4636-carre.jpg\" \/>\n\t<meta property=\"og:image:width\" content=\"800\" \/>\n\t<meta property=\"og:image:height\" content=\"800\" \/>\n\t<meta property=\"og:image:type\" content=\"image\/jpeg\" \/>\n<meta name=\"twitter:card\" content=\"summary_large_image\" \/>\n<meta name=\"twitter:label1\" content=\"Dur\u00e9e de lecture estim\u00e9e\" \/>\n\t<meta name=\"twitter:data1\" content=\"1 minute\" \/>\n<script type=\"application\/ld+json\" class=\"yoast-schema-graph\">{\"@context\":\"https:\\\/\\\/schema.org\",\"@graph\":[{\"@type\":\"WebPage\",\"@id\":\"https:\\\/\\\/dispear-records.com\\\/index.php\\\/produit\\\/vinyle-severance-reign-of-wounds\\\/\",\"url\":\"https:\\\/\\\/dispear-records.com\\\/index.php\\\/produit\\\/vinyle-severance-reign-of-wounds\\\/\",\"name\":\"[Vinyle] Severance - Reign Of Wounds\",\"isPartOf\":{\"@id\":\"https:\\\/\\\/dispear-records.com\\\/#website\"},\"primaryImageOfPage\":{\"@id\":\"https:\\\/\\\/dispear-records.com\\\/index.php\\\/produit\\\/vinyle-severance-reign-of-wounds\\\/#primaryimage\"},\"image\":{\"@id\":\"https:\\\/\\\/dispear-records.com\\\/index.php\\\/produit\\\/vinyle-severance-reign-of-wounds\\\/#primaryimage\"},\"thumbnailUrl\":\"https:\\\/\\\/dispear-records.com\\\/wp-content\\\/uploads\\\/2026\\\/03\\\/IMG_4636-carre.jpg\",\"datePublished\":\"2026-03-17T20:12:50+00:00\",\"dateModified\":\"2026-04-27T17:57:27+00:00\",\"description\":\"Les bayonnais de Severance frappent fort avec Reign of Wounds, un hardcore puissant et moderne m\u00ealant lourdeur, groove et breakdowns efficaces\",\"breadcrumb\":{\"@id\":\"https:\\\/\\\/dispear-records.com\\\/index.php\\\/produit\\\/vinyle-severance-reign-of-wounds\\\/#breadcrumb\"},\"inLanguage\":\"fr-FR\",\"potentialAction\":[{\"@type\":\"ReadAction\",\"target\":[\"https:\\\/\\\/dispear-records.com\\\/index.php\\\/produit\\\/vinyle-severance-reign-of-wounds\\\/\"]}]},{\"@type\":\"ImageObject\",\"inLanguage\":\"fr-FR\",\"@id\":\"https:\\\/\\\/dispear-records.com\\\/index.php\\\/produit\\\/vinyle-severance-reign-of-wounds\\\/#primaryimage\",\"url\":\"https:\\\/\\\/dispear-records.com\\\/wp-content\\\/uploads\\\/2026\\\/03\\\/IMG_4636-carre.jpg\",\"contentUrl\":\"https:\\\/\\\/dispear-records.com\\\/wp-content\\\/uploads\\\/2026\\\/03\\\/IMG_4636-carre.jpg\",\"width\":800,\"height\":800},{\"@type\":\"BreadcrumbList\",\"@id\":\"https:\\\/\\\/dispear-records.com\\\/index.php\\\/produit\\\/vinyle-severance-reign-of-wounds\\\/#breadcrumb\",\"itemListElement\":[{\"@type\":\"ListItem\",\"position\":1,\"name\":\"Accueil\",\"item\":\"https:\\\/\\\/dispear-records.com\\\/\"},{\"@type\":\"ListItem\",\"position\":2,\"name\":\"Boutique\",\"item\":\"https:\\\/\\\/dispear-records.com\\\/\"},{\"@type\":\"ListItem\",\"position\":3,\"name\":\"[Vinyle] Severance &#8211; Reign Of Wounds\"}]},{\"@type\":\"WebSite\",\"@id\":\"https:\\\/\\\/dispear-records.com\\\/#website\",\"url\":\"https:\\\/\\\/dispear-records.com\\\/\",\"name\":\"Dispear Records\",\"description\":\"DIY punk &amp; hardcore label\",\"publisher\":{\"@id\":\"https:\\\/\\\/dispear-records.com\\\/#organization\"},\"potentialAction\":[{\"@type\":\"SearchAction\",\"target\":{\"@type\":\"EntryPoint\",\"urlTemplate\":\"https:\\\/\\\/dispear-records.com\\\/?s={search_term_string}\"},\"query-input\":{\"@type\":\"PropertyValueSpecification\",\"valueRequired\":true,\"valueName\":\"search_term_string\"}}],\"inLanguage\":\"fr-FR\"},{\"@type\":\"Organization\",\"@id\":\"https:\\\/\\\/dispear-records.com\\\/#organization\",\"name\":\"Dispear Records\",\"url\":\"https:\\\/\\\/dispear-records.com\\\/\",\"logo\":{\"@type\":\"ImageObject\",\"inLanguage\":\"fr-FR\",\"@id\":\"https:\\\/\\\/dispear-records.com\\\/#\\\/schema\\\/logo\\\/image\\\/\",\"url\":\"https:\\\/\\\/dispear-records.com\\\/wp-content\\\/uploads\\\/2021\\\/06\\\/cropped-cropped-dispear.png\",\"contentUrl\":\"https:\\\/\\\/dispear-records.com\\\/wp-content\\\/uploads\\\/2021\\\/06\\\/cropped-cropped-dispear.png\",\"width\":2592,\"height\":709,\"caption\":\"Dispear Records\"},\"image\":{\"@id\":\"https:\\\/\\\/dispear-records.com\\\/#\\\/schema\\\/logo\\\/image\\\/\"}}]}<\/script>\n<!-- \/ Yoast SEO plugin. -->","yoast_head_json":{"title":"[Vinyle] Severance - Reign Of Wounds","description":"Les bayonnais de Severance frappent fort avec Reign of Wounds, un hardcore puissant et moderne m\u00ealant lourdeur, groove et breakdowns efficaces","robots":{"index":"index","follow":"follow","max-snippet":"max-snippet:-1","max-image-preview":"max-image-preview:large","max-video-preview":"max-video-preview:-1"},"canonical":"https:\/\/dispear-records.com\/index.php\/produit\/vinyle-severance-reign-of-wounds\/","og_locale":"fr_FR","og_type":"article","og_title":"[Vinyle] Severance - Reign Of Wounds","og_description":"Les bayonnais de Severance frappent fort avec Reign of Wounds, un hardcore puissant et moderne m\u00ealant lourdeur, groove et breakdowns efficaces","og_url":"https:\/\/dispear-records.com\/index.php\/produit\/vinyle-severance-reign-of-wounds\/","og_site_name":"Dispear Records","article_modified_time":"2026-04-27T17:57:27+00:00","og_image":[{"width":800,"height":800,"url":"https:\/\/dispear-records.com\/wp-content\/uploads\/2026\/03\/IMG_4636-carre.jpg","type":"image\/jpeg"}],"twitter_card":"summary_large_image","twitter_misc":{"Dur\u00e9e de lecture estim\u00e9e":"1 minute"},"schema":{"@context":"https:\/\/schema.org","@graph":[{"@type":"WebPage","@id":"https:\/\/dispear-records.com\/index.php\/produit\/vinyle-severance-reign-of-wounds\/","url":"https:\/\/dispear-records.com\/index.php\/produit\/vinyle-severance-reign-of-wounds\/","name":"[Vinyle] Severance - Reign Of Wounds","isPartOf":{"@id":"https:\/\/dispear-records.com\/#website"},"primaryImageOfPage":{"@id":"https:\/\/dispear-records.com\/index.php\/produit\/vinyle-severance-reign-of-wounds\/#primaryimage"},"image":{"@id":"https:\/\/dispear-records.com\/index.php\/produit\/vinyle-severance-reign-of-wounds\/#primaryimage"},"thumbnailUrl":"https:\/\/dispear-records.com\/wp-content\/uploads\/2026\/03\/IMG_4636-carre.jpg","datePublished":"2026-03-17T20:12:50+00:00","dateModified":"2026-04-27T17:57:27+00:00","description":"Les bayonnais de Severance frappent fort avec Reign of Wounds, un hardcore puissant et moderne m\u00ealant lourdeur, groove et breakdowns efficaces","breadcrumb":{"@id":"https:\/\/dispear-records.com\/index.php\/produit\/vinyle-severance-reign-of-wounds\/#breadcrumb"},"inLanguage":"fr-FR","potentialAction":[{"@type":"ReadAction","target":["https:\/\/dispear-records.com\/index.php\/produit\/vinyle-severance-reign-of-wounds\/"]}]},{"@type":"ImageObject","inLanguage":"fr-FR","@id":"https:\/\/dispear-records.com\/index.php\/produit\/vinyle-severance-reign-of-wounds\/#primaryimage","url":"https:\/\/dispear-records.com\/wp-content\/uploads\/2026\/03\/IMG_4636-carre.jpg","contentUrl":"https:\/\/dispear-records.com\/wp-content\/uploads\/2026\/03\/IMG_4636-carre.jpg","width":800,"height":800},{"@type":"BreadcrumbList","@id":"https:\/\/dispear-records.com\/index.php\/produit\/vinyle-severance-reign-of-wounds\/#breadcrumb","itemListElement":[{"@type":"ListItem","position":1,"name":"Accueil","item":"https:\/\/dispear-records.com\/"},{"@type":"ListItem","position":2,"name":"Boutique","item":"https:\/\/dispear-records.com\/"},{"@type":"ListItem","position":3,"name":"[Vinyle] Severance &#8211; Reign Of Wounds"}]},{"@type":"WebSite","@id":"https:\/\/dispear-records.com\/#website","url":"https:\/\/dispear-records.com\/","name":"Dispear Records","description":"DIY punk &amp; hardcore label","publisher":{"@id":"https:\/\/dispear-records.com\/#organization"},"potentialAction":[{"@type":"SearchAction","target":{"@type":"EntryPoint","urlTemplate":"https:\/\/dispear-records.com\/?s={search_term_string}"},"query-input":{"@type":"PropertyValueSpecification","valueRequired":true,"valueName":"search_term_string"}}],"inLanguage":"fr-FR"},{"@type":"Organization","@id":"https:\/\/dispear-records.com\/#organization","name":"Dispear Records","url":"https:\/\/dispear-records.com\/","logo":{"@type":"ImageObject","inLanguage":"fr-FR","@id":"https:\/\/dispear-records.com\/#\/schema\/logo\/image\/","url":"https:\/\/dispear-records.com\/wp-content\/uploads\/2021\/06\/cropped-cropped-dispear.png","contentUrl":"https:\/\/dispear-records.com\/wp-content\/uploads\/2021\/06\/cropped-cropped-dispear.png","width":2592,"height":709,"caption":"Dispear Records"},"image":{"@id":"https:\/\/dispear-records.com\/#\/schema\/logo\/image\/"}}]}},"_links":{"self":[{"href":"https:\/\/dispear-records.com\/index.php\/wp-json\/wp\/v2\/product\/1333","targetHints":{"allow":["GET"]}}],"collection":[{"href":"https:\/\/dispear-records.com\/index.php\/wp-json\/wp\/v2\/product"}],"about":[{"href":"https:\/\/dispear-records.com\/index.php\/wp-json\/wp\/v2\/types\/product"}],"wp:featuredmedia":[{"embeddable":true,"href":"https:\/\/dispear-records.com\/index.php\/wp-json\/wp\/v2\/media\/1340"}],"wp:attachment":[{"href":"https:\/\/dispear-records.com\/index.php\/wp-json\/wp\/v2\/media?parent=1333"}],"wp:term":[{"taxonomy":"product_brand","embeddable":true,"href":"https:\/\/dispear-records.com\/index.php\/wp-json\/wp\/v2\/product_brand?post=1333"},{"taxonomy":"product_cat","embeddable":true,"href":"https:\/\/dispear-records.com\/index.php\/wp-json\/wp\/v2\/product_cat?post=1333"},{"taxonomy":"product_tag","embeddable":true,"href":"https:\/\/dispear-records.com\/index.php\/wp-json\/wp\/v2\/product_tag?post=1333"}],"curies":[{"name":"wp","href":"https:\/\/api.w.org\/{rel}","templated":true}]}}