{"id":1344,"date":"2026-03-30T22:10:24","date_gmt":"2026-03-30T20:10:24","guid":{"rendered":"https:\/\/dispear-records.com\/?post_type=product&#038;p=1344"},"modified":"2026-04-03T17:59:33","modified_gmt":"2026-04-03T15:59:33","slug":"vinyle-left-bank-x-heads-up-split-ep","status":"publish","type":"product","link":"https:\/\/dispear-records.com\/index.php\/produit\/vinyle-left-bank-x-heads-up-split-ep\/","title":{"rendered":"[Vinyle] Left Bank x Heads Up (split EP)"},"content":{"rendered":"<p>Quand deux des plus fines lames de la sc\u00e8ne skate punk fran\u00e7aise s\u2019unissent pour un split vinyle, on s\u2019attend forc\u00e9ment \u00e0 un retour en gr\u00e2ce du punk rock, quelque part entre l\u2019\u00e2ge d\u2019or de Burning Heart et celui de Fat Wreck Chords. Et le pari est largement tenu : c\u2019est catchy as fuck et ultra efficace. Avec 4 pistes in\u00e9dites par groupe, dont une reprise crois\u00e9e (chacun reprend l\u2019autre), les deux identit\u00e9s de chaque groupe se compl\u00e8tent \u00e0 merveille. Lagwagon d&rsquo;un c\u00f4t\u00e9, Millencolin de l&rsquo;autre&#8230; on vous laisse deviner qui est qui !<\/p>\n<p>\u26a0\ufe0f Les vinyles seront envoy\u00e9s d\u00e9but mai.<\/p>\n<p><iframe style=\"border: 0; width: 400px; height: 406px;\" src=\"https:\/\/bandcamp.com\/EmbeddedPlayer\/album=1617689797\/size=large\/bgcol=ffffff\/linkcol=333333\/artwork=small\/transparent=true\/\" seamless=\"\"><a href=\"https:\/\/headsup0.bandcamp.com\/album\/split\">Split de Heads Up &#8211; Left Bank<\/a><\/iframe><\/p>\n","protected":false},"excerpt":{"rendered":"<p><strong>Left Bank x Heads Up &#8211; Split EP<\/strong><br \/>\n2026 \/\/ 8 tracks<br \/>\nPunk rock<br \/>\nNantes &#8211; Les Herbiers \/\/ Bretagne &#8211; Vend\u00e9e<\/p>\n","protected":false},"featured_media":1349,"template":"","meta":[],"product_brand":[],"product_cat":[55,63,41],"product_tag":[28],"class_list":{"0":"post-1344","1":"product","2":"type-product","3":"status-publish","4":"has-post-thumbnail","6":"product_cat-heads-up","7":"product_cat-left-bank","8":"product_cat-vinyles","9":"product_tag-punk-rock","11":"first","12":"instock","13":"shipping-taxable","14":"purchasable","15":"product-type-simple"},"yoast_head":"<!-- This site is optimized with the Yoast SEO plugin v27.3 - https:\/\/yoast.com\/product\/yoast-seo-wordpress\/ -->\n<title>[Vinyle] Left Bank x Heads Up (split EP)<\/title>\n<meta name=\"description\" content=\"Les deux groupes de skate punk se compl\u00e8tent \u00e0 merveille dans ce split vinyle hyper catchy et efficace, de 8 chansons dont 2 reprises crois\u00e9es !\" \/>\n<meta name=\"robots\" content=\"index, follow, max-snippet:-1, max-image-preview:large, max-video-preview:-1\" \/>\n<link rel=\"canonical\" href=\"https:\/\/dispear-records.com\/index.php\/produit\/vinyle-left-bank-x-heads-up-split-ep\/\" \/>\n<meta property=\"og:locale\" content=\"fr_FR\" \/>\n<meta property=\"og:type\" content=\"article\" \/>\n<meta property=\"og:title\" content=\"[Vinyle] Left Bank x Heads Up (split EP)\" \/>\n<meta property=\"og:description\" content=\"Les deux groupes de skate punk se compl\u00e8tent \u00e0 merveille dans ce split vinyle hyper catchy et efficace, de 8 chansons dont 2 reprises crois\u00e9es !\" \/>\n<meta property=\"og:url\" content=\"https:\/\/dispear-records.com\/index.php\/produit\/vinyle-left-bank-x-heads-up-split-ep\/\" \/>\n<meta property=\"og:site_name\" content=\"Dispear Records\" \/>\n<meta property=\"article:modified_time\" content=\"2026-04-03T15:59:33+00:00\" \/>\n<meta property=\"og:image\" content=\"https:\/\/dispear-records.com\/wp-content\/uploads\/2026\/03\/lbhu-800.jpg\" \/>\n\t<meta property=\"og:image:width\" content=\"800\" \/>\n\t<meta property=\"og:image:height\" content=\"800\" \/>\n\t<meta property=\"og:image:type\" content=\"image\/jpeg\" \/>\n<meta name=\"twitter:card\" content=\"summary_large_image\" \/>\n<meta name=\"twitter:label1\" content=\"Dur\u00e9e de lecture estim\u00e9e\" \/>\n\t<meta name=\"twitter:data1\" content=\"1 minute\" \/>\n<script type=\"application\/ld+json\" class=\"yoast-schema-graph\">{\"@context\":\"https:\\\/\\\/schema.org\",\"@graph\":[{\"@type\":\"WebPage\",\"@id\":\"https:\\\/\\\/dispear-records.com\\\/index.php\\\/produit\\\/vinyle-left-bank-x-heads-up-split-ep\\\/\",\"url\":\"https:\\\/\\\/dispear-records.com\\\/index.php\\\/produit\\\/vinyle-left-bank-x-heads-up-split-ep\\\/\",\"name\":\"[Vinyle] Left Bank x Heads Up (split EP)\",\"isPartOf\":{\"@id\":\"https:\\\/\\\/dispear-records.com\\\/#website\"},\"primaryImageOfPage\":{\"@id\":\"https:\\\/\\\/dispear-records.com\\\/index.php\\\/produit\\\/vinyle-left-bank-x-heads-up-split-ep\\\/#primaryimage\"},\"image\":{\"@id\":\"https:\\\/\\\/dispear-records.com\\\/index.php\\\/produit\\\/vinyle-left-bank-x-heads-up-split-ep\\\/#primaryimage\"},\"thumbnailUrl\":\"https:\\\/\\\/dispear-records.com\\\/wp-content\\\/uploads\\\/2026\\\/03\\\/lbhu-800.jpg\",\"datePublished\":\"2026-03-30T20:10:24+00:00\",\"dateModified\":\"2026-04-03T15:59:33+00:00\",\"description\":\"Les deux groupes de skate punk se compl\u00e8tent \u00e0 merveille dans ce split vinyle hyper catchy et efficace, de 8 chansons dont 2 reprises crois\u00e9es !\",\"breadcrumb\":{\"@id\":\"https:\\\/\\\/dispear-records.com\\\/index.php\\\/produit\\\/vinyle-left-bank-x-heads-up-split-ep\\\/#breadcrumb\"},\"inLanguage\":\"fr-FR\",\"potentialAction\":[{\"@type\":\"ReadAction\",\"target\":[\"https:\\\/\\\/dispear-records.com\\\/index.php\\\/produit\\\/vinyle-left-bank-x-heads-up-split-ep\\\/\"]}]},{\"@type\":\"ImageObject\",\"inLanguage\":\"fr-FR\",\"@id\":\"https:\\\/\\\/dispear-records.com\\\/index.php\\\/produit\\\/vinyle-left-bank-x-heads-up-split-ep\\\/#primaryimage\",\"url\":\"https:\\\/\\\/dispear-records.com\\\/wp-content\\\/uploads\\\/2026\\\/03\\\/lbhu-800.jpg\",\"contentUrl\":\"https:\\\/\\\/dispear-records.com\\\/wp-content\\\/uploads\\\/2026\\\/03\\\/lbhu-800.jpg\",\"width\":800,\"height\":800},{\"@type\":\"BreadcrumbList\",\"@id\":\"https:\\\/\\\/dispear-records.com\\\/index.php\\\/produit\\\/vinyle-left-bank-x-heads-up-split-ep\\\/#breadcrumb\",\"itemListElement\":[{\"@type\":\"ListItem\",\"position\":1,\"name\":\"Accueil\",\"item\":\"https:\\\/\\\/dispear-records.com\\\/\"},{\"@type\":\"ListItem\",\"position\":2,\"name\":\"Boutique\",\"item\":\"https:\\\/\\\/dispear-records.com\\\/\"},{\"@type\":\"ListItem\",\"position\":3,\"name\":\"[Vinyle] Left Bank x Heads Up (split EP)\"}]},{\"@type\":\"WebSite\",\"@id\":\"https:\\\/\\\/dispear-records.com\\\/#website\",\"url\":\"https:\\\/\\\/dispear-records.com\\\/\",\"name\":\"Dispear Records\",\"description\":\"DIY punk &amp; hardcore label\",\"publisher\":{\"@id\":\"https:\\\/\\\/dispear-records.com\\\/#organization\"},\"potentialAction\":[{\"@type\":\"SearchAction\",\"target\":{\"@type\":\"EntryPoint\",\"urlTemplate\":\"https:\\\/\\\/dispear-records.com\\\/?s={search_term_string}\"},\"query-input\":{\"@type\":\"PropertyValueSpecification\",\"valueRequired\":true,\"valueName\":\"search_term_string\"}}],\"inLanguage\":\"fr-FR\"},{\"@type\":\"Organization\",\"@id\":\"https:\\\/\\\/dispear-records.com\\\/#organization\",\"name\":\"Dispear Records\",\"url\":\"https:\\\/\\\/dispear-records.com\\\/\",\"logo\":{\"@type\":\"ImageObject\",\"inLanguage\":\"fr-FR\",\"@id\":\"https:\\\/\\\/dispear-records.com\\\/#\\\/schema\\\/logo\\\/image\\\/\",\"url\":\"https:\\\/\\\/dispear-records.com\\\/wp-content\\\/uploads\\\/2021\\\/06\\\/cropped-cropped-dispear.png\",\"contentUrl\":\"https:\\\/\\\/dispear-records.com\\\/wp-content\\\/uploads\\\/2021\\\/06\\\/cropped-cropped-dispear.png\",\"width\":2592,\"height\":709,\"caption\":\"Dispear Records\"},\"image\":{\"@id\":\"https:\\\/\\\/dispear-records.com\\\/#\\\/schema\\\/logo\\\/image\\\/\"}}]}<\/script>\n<!-- \/ Yoast SEO plugin. -->","yoast_head_json":{"title":"[Vinyle] Left Bank x Heads Up (split EP)","description":"Les deux groupes de skate punk se compl\u00e8tent \u00e0 merveille dans ce split vinyle hyper catchy et efficace, de 8 chansons dont 2 reprises crois\u00e9es !","robots":{"index":"index","follow":"follow","max-snippet":"max-snippet:-1","max-image-preview":"max-image-preview:large","max-video-preview":"max-video-preview:-1"},"canonical":"https:\/\/dispear-records.com\/index.php\/produit\/vinyle-left-bank-x-heads-up-split-ep\/","og_locale":"fr_FR","og_type":"article","og_title":"[Vinyle] Left Bank x Heads Up (split EP)","og_description":"Les deux groupes de skate punk se compl\u00e8tent \u00e0 merveille dans ce split vinyle hyper catchy et efficace, de 8 chansons dont 2 reprises crois\u00e9es !","og_url":"https:\/\/dispear-records.com\/index.php\/produit\/vinyle-left-bank-x-heads-up-split-ep\/","og_site_name":"Dispear Records","article_modified_time":"2026-04-03T15:59:33+00:00","og_image":[{"width":800,"height":800,"url":"https:\/\/dispear-records.com\/wp-content\/uploads\/2026\/03\/lbhu-800.jpg","type":"image\/jpeg"}],"twitter_card":"summary_large_image","twitter_misc":{"Dur\u00e9e de lecture estim\u00e9e":"1 minute"},"schema":{"@context":"https:\/\/schema.org","@graph":[{"@type":"WebPage","@id":"https:\/\/dispear-records.com\/index.php\/produit\/vinyle-left-bank-x-heads-up-split-ep\/","url":"https:\/\/dispear-records.com\/index.php\/produit\/vinyle-left-bank-x-heads-up-split-ep\/","name":"[Vinyle] Left Bank x Heads Up (split EP)","isPartOf":{"@id":"https:\/\/dispear-records.com\/#website"},"primaryImageOfPage":{"@id":"https:\/\/dispear-records.com\/index.php\/produit\/vinyle-left-bank-x-heads-up-split-ep\/#primaryimage"},"image":{"@id":"https:\/\/dispear-records.com\/index.php\/produit\/vinyle-left-bank-x-heads-up-split-ep\/#primaryimage"},"thumbnailUrl":"https:\/\/dispear-records.com\/wp-content\/uploads\/2026\/03\/lbhu-800.jpg","datePublished":"2026-03-30T20:10:24+00:00","dateModified":"2026-04-03T15:59:33+00:00","description":"Les deux groupes de skate punk se compl\u00e8tent \u00e0 merveille dans ce split vinyle hyper catchy et efficace, de 8 chansons dont 2 reprises crois\u00e9es !","breadcrumb":{"@id":"https:\/\/dispear-records.com\/index.php\/produit\/vinyle-left-bank-x-heads-up-split-ep\/#breadcrumb"},"inLanguage":"fr-FR","potentialAction":[{"@type":"ReadAction","target":["https:\/\/dispear-records.com\/index.php\/produit\/vinyle-left-bank-x-heads-up-split-ep\/"]}]},{"@type":"ImageObject","inLanguage":"fr-FR","@id":"https:\/\/dispear-records.com\/index.php\/produit\/vinyle-left-bank-x-heads-up-split-ep\/#primaryimage","url":"https:\/\/dispear-records.com\/wp-content\/uploads\/2026\/03\/lbhu-800.jpg","contentUrl":"https:\/\/dispear-records.com\/wp-content\/uploads\/2026\/03\/lbhu-800.jpg","width":800,"height":800},{"@type":"BreadcrumbList","@id":"https:\/\/dispear-records.com\/index.php\/produit\/vinyle-left-bank-x-heads-up-split-ep\/#breadcrumb","itemListElement":[{"@type":"ListItem","position":1,"name":"Accueil","item":"https:\/\/dispear-records.com\/"},{"@type":"ListItem","position":2,"name":"Boutique","item":"https:\/\/dispear-records.com\/"},{"@type":"ListItem","position":3,"name":"[Vinyle] Left Bank x Heads Up (split EP)"}]},{"@type":"WebSite","@id":"https:\/\/dispear-records.com\/#website","url":"https:\/\/dispear-records.com\/","name":"Dispear Records","description":"DIY punk &amp; hardcore label","publisher":{"@id":"https:\/\/dispear-records.com\/#organization"},"potentialAction":[{"@type":"SearchAction","target":{"@type":"EntryPoint","urlTemplate":"https:\/\/dispear-records.com\/?s={search_term_string}"},"query-input":{"@type":"PropertyValueSpecification","valueRequired":true,"valueName":"search_term_string"}}],"inLanguage":"fr-FR"},{"@type":"Organization","@id":"https:\/\/dispear-records.com\/#organization","name":"Dispear Records","url":"https:\/\/dispear-records.com\/","logo":{"@type":"ImageObject","inLanguage":"fr-FR","@id":"https:\/\/dispear-records.com\/#\/schema\/logo\/image\/","url":"https:\/\/dispear-records.com\/wp-content\/uploads\/2021\/06\/cropped-cropped-dispear.png","contentUrl":"https:\/\/dispear-records.com\/wp-content\/uploads\/2021\/06\/cropped-cropped-dispear.png","width":2592,"height":709,"caption":"Dispear Records"},"image":{"@id":"https:\/\/dispear-records.com\/#\/schema\/logo\/image\/"}}]}},"_links":{"self":[{"href":"https:\/\/dispear-records.com\/index.php\/wp-json\/wp\/v2\/product\/1344","targetHints":{"allow":["GET"]}}],"collection":[{"href":"https:\/\/dispear-records.com\/index.php\/wp-json\/wp\/v2\/product"}],"about":[{"href":"https:\/\/dispear-records.com\/index.php\/wp-json\/wp\/v2\/types\/product"}],"wp:featuredmedia":[{"embeddable":true,"href":"https:\/\/dispear-records.com\/index.php\/wp-json\/wp\/v2\/media\/1349"}],"wp:attachment":[{"href":"https:\/\/dispear-records.com\/index.php\/wp-json\/wp\/v2\/media?parent=1344"}],"wp:term":[{"taxonomy":"product_brand","embeddable":true,"href":"https:\/\/dispear-records.com\/index.php\/wp-json\/wp\/v2\/product_brand?post=1344"},{"taxonomy":"product_cat","embeddable":true,"href":"https:\/\/dispear-records.com\/index.php\/wp-json\/wp\/v2\/product_cat?post=1344"},{"taxonomy":"product_tag","embeddable":true,"href":"https:\/\/dispear-records.com\/index.php\/wp-json\/wp\/v2\/product_tag?post=1344"}],"curies":[{"name":"wp","href":"https:\/\/api.w.org\/{rel}","templated":true}]}}