{"id":1356,"date":"2026-04-11T09:23:50","date_gmt":"2026-04-11T07:23:50","guid":{"rendered":"https:\/\/dispear-records.com\/?post_type=product&#038;p=1356"},"modified":"2026-04-11T09:29:29","modified_gmt":"2026-04-11T07:29:29","slug":"dispear-fest-circus-capbreton-festival-punk-rock-12-13-juin","status":"publish","type":"product","link":"https:\/\/dispear-records.com\/index.php\/produit\/dispear-fest-circus-capbreton-festival-punk-rock-12-13-juin\/","title":{"rendered":"Dispear Fest ! 12-13 juin au Circus (Capbreton)"},"content":{"rendered":"<h4>Vendredi 12 juin<\/h4>\n<p><strong>BLACK MANTRA<\/strong> &#8211; Punk hardcore reggae &#8211; Bressuire<br \/>\n<a id=\"https:\/\/blackmantrahxc.bandcamp.com\/\" href=\"https:\/\/blackmantrahxc.bandcamp.com\/\" target=\"_blank\" rel=\"noreferrer noopener\" type=\"link\">blackmantrahxc.bandcamp.com<\/a> &#8211;\u00a0<a href=\"https:\/\/www.instagram.com\/blackmantrahxc\/\" target=\"_blank\" rel=\"noreferrer noopener\">instagram.com\/blackmantrahxc<\/a><br \/>\n<strong>THE SOBERS<\/strong> &#8211; Punk rock &#8211; Marseille<br \/>\n<a href=\"https:\/\/thesobers.bandcamp.com\/\" target=\"_blank\" rel=\"noreferrer noopener\">thesobers.bandcamp.com<\/a> &#8211;\u00a0<a href=\"https:\/\/www.instagram.com\/thesobers\/\" target=\"_blank\" rel=\"noreferrer noopener\">instagram.com\/thesobers<\/a><br \/>\n<strong>KUMA NO MOTOR<\/strong> &#8211; Brutal hardcore punk &#8211; Baiona zikina<br \/>\n<a href=\"https:\/\/kumanomotor.bandcamp.com\/\" target=\"_blank\" rel=\"noreferrer noopener\">kumanomotor.bandcamp.com<\/a> &#8211;\u00a0<a href=\"https:\/\/www.instagram.com\/kumanomotor\/\" target=\"_blank\" rel=\"noreferrer noopener\">instagram.com\/kumanomotor<\/a><br \/>\n<strong>THE PLAYMATICS<\/strong> &#8211; Pop punk rock &#8211; Rennes<br \/>\n<a href=\"https:\/\/theplaymatics.bandcamp.com\/\" target=\"_blank\" rel=\"noreferrer noopener\">theplaymatics.bandcamp.com<\/a> &#8211;\u00a0<a href=\"https:\/\/www.instagram.com\/the_playmatics\/\" target=\"_blank\" rel=\"noreferrer noopener\">instagram.com\/the_playmatics<\/a><br \/>\n<strong>BURNING HEADS<\/strong> &#8211; Punk rock legends &#8211; Orl\u00e9ans<br \/>\n<a href=\"https:\/\/burningheads.bandcamp.com\/\" target=\"_blank\" rel=\"noreferrer noopener\">burningheads.bandcamp.com<\/a> &#8211;\u00a0<a href=\"https:\/\/www.instagram.com\/burning_heads_official\/\" target=\"_blank\" rel=\"noreferrer noopener\">instagram.com\/burning_heads_official<\/a><\/p>\n<h4>Samedi 13 juin<\/h4>\n<p><strong>TOCARD<\/strong>\u00a0&#8211; Thrash fastcore &#8211; Rennes<br \/>\n<a href=\"https:\/\/tocard.bandcamp.com\/\" target=\"_blank\" rel=\"noreferrer noopener\">tocard.bandcamp.com<\/a> &#8211;\u00a0<a href=\"https:\/\/www.instagram.com\/tocard_fastcore\/\" target=\"_blank\" rel=\"noreferrer noopener\">instagram.com\/tocard_fastcore <\/a><br \/>\n<strong>THE DRUGSTERS<\/strong> &#8211; Boomers punk rock &#8211; Bayonne<br \/>\n<a href=\"https:\/\/thedrugsters.bandcamp.com\/album\/s-t\" target=\"_blank\" rel=\"noreferrer noopener\">thedrugsters.bandcamp.com<\/a> &#8211;\u00a0<a href=\"https:\/\/www.instagram.com\/the_drugsterspunkrock\/\" target=\"_blank\" rel=\"noreferrer noopener\">instagram.com\/the_drugsterspunkrock<\/a><br \/>\n<strong>MARIA TAREY<\/strong> &#8211; Crust punk hardcore &#8211; Vannes<br \/>\n<a href=\"https:\/\/mariatarey.bandcamp.com\/\" target=\"_blank\" rel=\"noreferrer noopener\">mariatarey.bandcamp.com<\/a> &#8211;\u00a0<a href=\"https:\/\/www.instagram.com\/mariatarey\/\" target=\"_blank\" rel=\"noreferrer noopener\">instagram.com\/mariatarey<\/a><br \/>\n<strong>RANC\u0152UR<\/strong> &#8211; Cold oi &#8211; Nancy<br \/>\n<a href=\"https:\/\/rancoeurcoldoi.bandcamp.com\/\" target=\"_blank\" rel=\"noreferrer noopener\">rancoeurcoldoi.bandcamp.com<\/a> &#8211;\u00a0<a href=\"https:\/\/www.instagram.com\/rancoeurcoldoi\/\" target=\"_blank\" rel=\"noreferrer noopener\">instagram.com\/rancoeurcoldoi<\/a><br \/>\n<strong>YOUTH AVOIDERS<\/strong> &#8211; Punk hardcore heroes &#8211; Paris<br \/>\n<a href=\"https:\/\/youthavoiders.bandcamp.com\/\" target=\"_blank\" rel=\"noreferrer noopener\">youthavoiders.bandcamp.com<\/a><br \/>\n<strong>JETSEX<\/strong> &#8211; Punk rock hardcore come back &#8211; Paris<br \/>\n<a href=\"https:\/\/jetsex.bandcamp.com\/\" target=\"_blank\" rel=\"noreferrer noopener\">jetsex.bandcamp.com<\/a> <a href=\"https:\/\/www.instagram.com\/jetsex_punk\/\" target=\"_blank\" rel=\"noreferrer noopener\">instagram.com\/jetsex_punk<\/a><\/p>\n<h4>Billetterie (via HelloAsso)<\/h4>\n<p style=\"text-align: center;\"><iframe id=\"haWidget\" style=\"width: 100%; height: 750px; border: none;\" src=\"https:\/\/www.helloasso.com\/associations\/dispear-records\/evenements\/dispear-fest\/widget\" scrolling=\"auto\"><\/iframe>\ud83d\udc80 \ud83c\udf50<\/p>\n<h4>Infos pratiques<\/h4>\n<p>\ud83d\udccd\u00a0 Le Circus, 9 bis rue du Hapchot, Capbreton<br \/>\n\u23f0\u00a0 Ouverture des portes \u00e0 19h, d\u00e9but des concerts \u00e0 20h<br \/>\n\ud83c\udf2d\u00a0 Food truck sur place les deux soirs, vegan compatible<br \/>\n\ud83d\udd8c\ufe0f\u00a0 Visuels par le talentueux Gus, vocaliste chez Black Mantra et adepte des 5 fruits et l\u00e9gumes par jour.<\/p>\n<p>\u26a0\ufe0f \ud83c\udf08 Soyez cool et bienveillant\u00b7e\u00b7s les un\u00b7e\u00b7s avec les autres. Le manque de respect et toute forme de discrimination n\u2019ont rien \u00e0 faire dans notre sc\u00e8ne, ni ailleurs. Z\u00e9ro tol\u00e9rance pour les comportements relous, sexistes, racistes, homo\/transphobes. Au moindre souci, venez nous voir (bar Circus ou stand Dispear).<\/p>\n","protected":false},"excerpt":{"rendered":"<p><span style=\"color: #4957a3;\"><strong>\u26a0\ufe0f <span style=\"color: #d57cad;\">Les places sont \u00e0 prendre uniquement via la billetterie Hello Asso, merci !<\/span> \u26a0\ufe0f<br \/>\n<\/strong><\/span><\/p>\n","protected":false},"featured_media":1359,"template":"","meta":[],"product_brand":[],"product_cat":[32],"product_tag":[],"class_list":{"0":"post-1356","1":"product","2":"type-product","3":"status-publish","4":"has-post-thumbnail","6":"product_cat-dispear","8":"first","9":"instock","10":"downloadable","11":"shipping-taxable","12":"purchasable","13":"product-type-simple"},"yoast_head":"<!-- This site is optimized with the Yoast SEO plugin v27.3 - https:\/\/yoast.com\/product\/yoast-seo-wordpress\/ -->\n<title>Dispear Fest ! 12-13 juin au Circus (Capbreton) - Dispear Records<\/title>\n<meta name=\"description\" content=\"D\u00e9j\u00e0 5 ans pour le label \u00e0 la poire ! Et pour f\u00eater \u00e7a, un weekend de concerts punk au Circus (Capbreton), avec un plateau 100% Dispear !\" \/>\n<meta name=\"robots\" content=\"index, follow, max-snippet:-1, max-image-preview:large, max-video-preview:-1\" \/>\n<link rel=\"canonical\" href=\"https:\/\/dispear-records.com\/index.php\/produit\/dispear-fest-circus-capbreton-festival-punk-rock-12-13-juin\/\" \/>\n<meta property=\"og:locale\" content=\"fr_FR\" \/>\n<meta property=\"og:type\" content=\"article\" \/>\n<meta property=\"og:title\" content=\"Dispear Fest ! 12-13 juin au Circus (Capbreton) - Dispear Records\" \/>\n<meta property=\"og:description\" content=\"D\u00e9j\u00e0 5 ans pour le label \u00e0 la poire ! Et pour f\u00eater \u00e7a, un weekend de concerts punk au Circus (Capbreton), avec un plateau 100% Dispear !\" \/>\n<meta property=\"og:url\" content=\"https:\/\/dispear-records.com\/index.php\/produit\/dispear-fest-circus-capbreton-festival-punk-rock-12-13-juin\/\" \/>\n<meta property=\"og:site_name\" content=\"Dispear Records\" \/>\n<meta property=\"article:modified_time\" content=\"2026-04-11T07:29:29+00:00\" \/>\n<meta property=\"og:image\" content=\"https:\/\/dispear-records.com\/wp-content\/uploads\/2026\/04\/DISPEAR-FEST-2026-AFFICHE-V3-3-4-carre-1024x1024.jpg\" \/>\n\t<meta property=\"og:image:width\" content=\"1024\" \/>\n\t<meta property=\"og:image:height\" content=\"1024\" \/>\n\t<meta property=\"og:image:type\" content=\"image\/jpeg\" \/>\n<meta name=\"twitter:card\" content=\"summary_large_image\" \/>\n<meta name=\"twitter:label1\" content=\"Dur\u00e9e de lecture estim\u00e9e\" \/>\n\t<meta name=\"twitter:data1\" content=\"2 minutes\" \/>\n<script type=\"application\/ld+json\" class=\"yoast-schema-graph\">{\"@context\":\"https:\\\/\\\/schema.org\",\"@graph\":[{\"@type\":\"WebPage\",\"@id\":\"https:\\\/\\\/dispear-records.com\\\/index.php\\\/produit\\\/dispear-fest-circus-capbreton-festival-punk-rock-12-13-juin\\\/\",\"url\":\"https:\\\/\\\/dispear-records.com\\\/index.php\\\/produit\\\/dispear-fest-circus-capbreton-festival-punk-rock-12-13-juin\\\/\",\"name\":\"Dispear Fest ! 12-13 juin au Circus (Capbreton) - Dispear Records\",\"isPartOf\":{\"@id\":\"https:\\\/\\\/dispear-records.com\\\/#website\"},\"primaryImageOfPage\":{\"@id\":\"https:\\\/\\\/dispear-records.com\\\/index.php\\\/produit\\\/dispear-fest-circus-capbreton-festival-punk-rock-12-13-juin\\\/#primaryimage\"},\"image\":{\"@id\":\"https:\\\/\\\/dispear-records.com\\\/index.php\\\/produit\\\/dispear-fest-circus-capbreton-festival-punk-rock-12-13-juin\\\/#primaryimage\"},\"thumbnailUrl\":\"https:\\\/\\\/dispear-records.com\\\/wp-content\\\/uploads\\\/2026\\\/04\\\/DISPEAR-FEST-2026-AFFICHE-V3-3-4-carre.jpg\",\"datePublished\":\"2026-04-11T07:23:50+00:00\",\"dateModified\":\"2026-04-11T07:29:29+00:00\",\"description\":\"D\u00e9j\u00e0 5 ans pour le label \u00e0 la poire ! Et pour f\u00eater \u00e7a, un weekend de concerts punk au Circus (Capbreton), avec un plateau 100% Dispear !\",\"breadcrumb\":{\"@id\":\"https:\\\/\\\/dispear-records.com\\\/index.php\\\/produit\\\/dispear-fest-circus-capbreton-festival-punk-rock-12-13-juin\\\/#breadcrumb\"},\"inLanguage\":\"fr-FR\",\"potentialAction\":[{\"@type\":\"ReadAction\",\"target\":[\"https:\\\/\\\/dispear-records.com\\\/index.php\\\/produit\\\/dispear-fest-circus-capbreton-festival-punk-rock-12-13-juin\\\/\"]}]},{\"@type\":\"ImageObject\",\"inLanguage\":\"fr-FR\",\"@id\":\"https:\\\/\\\/dispear-records.com\\\/index.php\\\/produit\\\/dispear-fest-circus-capbreton-festival-punk-rock-12-13-juin\\\/#primaryimage\",\"url\":\"https:\\\/\\\/dispear-records.com\\\/wp-content\\\/uploads\\\/2026\\\/04\\\/DISPEAR-FEST-2026-AFFICHE-V3-3-4-carre.jpg\",\"contentUrl\":\"https:\\\/\\\/dispear-records.com\\\/wp-content\\\/uploads\\\/2026\\\/04\\\/DISPEAR-FEST-2026-AFFICHE-V3-3-4-carre.jpg\",\"width\":1712,\"height\":1712},{\"@type\":\"BreadcrumbList\",\"@id\":\"https:\\\/\\\/dispear-records.com\\\/index.php\\\/produit\\\/dispear-fest-circus-capbreton-festival-punk-rock-12-13-juin\\\/#breadcrumb\",\"itemListElement\":[{\"@type\":\"ListItem\",\"position\":1,\"name\":\"Accueil\",\"item\":\"https:\\\/\\\/dispear-records.com\\\/\"},{\"@type\":\"ListItem\",\"position\":2,\"name\":\"Boutique\",\"item\":\"https:\\\/\\\/dispear-records.com\\\/\"},{\"@type\":\"ListItem\",\"position\":3,\"name\":\"Dispear Fest ! 12-13 juin au Circus (Capbreton)\"}]},{\"@type\":\"WebSite\",\"@id\":\"https:\\\/\\\/dispear-records.com\\\/#website\",\"url\":\"https:\\\/\\\/dispear-records.com\\\/\",\"name\":\"Dispear Records\",\"description\":\"DIY punk &amp; hardcore label\",\"publisher\":{\"@id\":\"https:\\\/\\\/dispear-records.com\\\/#organization\"},\"potentialAction\":[{\"@type\":\"SearchAction\",\"target\":{\"@type\":\"EntryPoint\",\"urlTemplate\":\"https:\\\/\\\/dispear-records.com\\\/?s={search_term_string}\"},\"query-input\":{\"@type\":\"PropertyValueSpecification\",\"valueRequired\":true,\"valueName\":\"search_term_string\"}}],\"inLanguage\":\"fr-FR\"},{\"@type\":\"Organization\",\"@id\":\"https:\\\/\\\/dispear-records.com\\\/#organization\",\"name\":\"Dispear Records\",\"url\":\"https:\\\/\\\/dispear-records.com\\\/\",\"logo\":{\"@type\":\"ImageObject\",\"inLanguage\":\"fr-FR\",\"@id\":\"https:\\\/\\\/dispear-records.com\\\/#\\\/schema\\\/logo\\\/image\\\/\",\"url\":\"https:\\\/\\\/dispear-records.com\\\/wp-content\\\/uploads\\\/2021\\\/06\\\/cropped-cropped-dispear.png\",\"contentUrl\":\"https:\\\/\\\/dispear-records.com\\\/wp-content\\\/uploads\\\/2021\\\/06\\\/cropped-cropped-dispear.png\",\"width\":2592,\"height\":709,\"caption\":\"Dispear Records\"},\"image\":{\"@id\":\"https:\\\/\\\/dispear-records.com\\\/#\\\/schema\\\/logo\\\/image\\\/\"}}]}<\/script>\n<!-- \/ Yoast SEO plugin. -->","yoast_head_json":{"title":"Dispear Fest ! 12-13 juin au Circus (Capbreton) - Dispear Records","description":"D\u00e9j\u00e0 5 ans pour le label \u00e0 la poire ! Et pour f\u00eater \u00e7a, un weekend de concerts punk au Circus (Capbreton), avec un plateau 100% Dispear !","robots":{"index":"index","follow":"follow","max-snippet":"max-snippet:-1","max-image-preview":"max-image-preview:large","max-video-preview":"max-video-preview:-1"},"canonical":"https:\/\/dispear-records.com\/index.php\/produit\/dispear-fest-circus-capbreton-festival-punk-rock-12-13-juin\/","og_locale":"fr_FR","og_type":"article","og_title":"Dispear Fest ! 12-13 juin au Circus (Capbreton) - Dispear Records","og_description":"D\u00e9j\u00e0 5 ans pour le label \u00e0 la poire ! Et pour f\u00eater \u00e7a, un weekend de concerts punk au Circus (Capbreton), avec un plateau 100% Dispear !","og_url":"https:\/\/dispear-records.com\/index.php\/produit\/dispear-fest-circus-capbreton-festival-punk-rock-12-13-juin\/","og_site_name":"Dispear Records","article_modified_time":"2026-04-11T07:29:29+00:00","og_image":[{"width":1024,"height":1024,"url":"https:\/\/dispear-records.com\/wp-content\/uploads\/2026\/04\/DISPEAR-FEST-2026-AFFICHE-V3-3-4-carre-1024x1024.jpg","type":"image\/jpeg"}],"twitter_card":"summary_large_image","twitter_misc":{"Dur\u00e9e de lecture estim\u00e9e":"2 minutes"},"schema":{"@context":"https:\/\/schema.org","@graph":[{"@type":"WebPage","@id":"https:\/\/dispear-records.com\/index.php\/produit\/dispear-fest-circus-capbreton-festival-punk-rock-12-13-juin\/","url":"https:\/\/dispear-records.com\/index.php\/produit\/dispear-fest-circus-capbreton-festival-punk-rock-12-13-juin\/","name":"Dispear Fest ! 12-13 juin au Circus (Capbreton) - Dispear Records","isPartOf":{"@id":"https:\/\/dispear-records.com\/#website"},"primaryImageOfPage":{"@id":"https:\/\/dispear-records.com\/index.php\/produit\/dispear-fest-circus-capbreton-festival-punk-rock-12-13-juin\/#primaryimage"},"image":{"@id":"https:\/\/dispear-records.com\/index.php\/produit\/dispear-fest-circus-capbreton-festival-punk-rock-12-13-juin\/#primaryimage"},"thumbnailUrl":"https:\/\/dispear-records.com\/wp-content\/uploads\/2026\/04\/DISPEAR-FEST-2026-AFFICHE-V3-3-4-carre.jpg","datePublished":"2026-04-11T07:23:50+00:00","dateModified":"2026-04-11T07:29:29+00:00","description":"D\u00e9j\u00e0 5 ans pour le label \u00e0 la poire ! Et pour f\u00eater \u00e7a, un weekend de concerts punk au Circus (Capbreton), avec un plateau 100% Dispear !","breadcrumb":{"@id":"https:\/\/dispear-records.com\/index.php\/produit\/dispear-fest-circus-capbreton-festival-punk-rock-12-13-juin\/#breadcrumb"},"inLanguage":"fr-FR","potentialAction":[{"@type":"ReadAction","target":["https:\/\/dispear-records.com\/index.php\/produit\/dispear-fest-circus-capbreton-festival-punk-rock-12-13-juin\/"]}]},{"@type":"ImageObject","inLanguage":"fr-FR","@id":"https:\/\/dispear-records.com\/index.php\/produit\/dispear-fest-circus-capbreton-festival-punk-rock-12-13-juin\/#primaryimage","url":"https:\/\/dispear-records.com\/wp-content\/uploads\/2026\/04\/DISPEAR-FEST-2026-AFFICHE-V3-3-4-carre.jpg","contentUrl":"https:\/\/dispear-records.com\/wp-content\/uploads\/2026\/04\/DISPEAR-FEST-2026-AFFICHE-V3-3-4-carre.jpg","width":1712,"height":1712},{"@type":"BreadcrumbList","@id":"https:\/\/dispear-records.com\/index.php\/produit\/dispear-fest-circus-capbreton-festival-punk-rock-12-13-juin\/#breadcrumb","itemListElement":[{"@type":"ListItem","position":1,"name":"Accueil","item":"https:\/\/dispear-records.com\/"},{"@type":"ListItem","position":2,"name":"Boutique","item":"https:\/\/dispear-records.com\/"},{"@type":"ListItem","position":3,"name":"Dispear Fest ! 12-13 juin au Circus (Capbreton)"}]},{"@type":"WebSite","@id":"https:\/\/dispear-records.com\/#website","url":"https:\/\/dispear-records.com\/","name":"Dispear Records","description":"DIY punk &amp; hardcore label","publisher":{"@id":"https:\/\/dispear-records.com\/#organization"},"potentialAction":[{"@type":"SearchAction","target":{"@type":"EntryPoint","urlTemplate":"https:\/\/dispear-records.com\/?s={search_term_string}"},"query-input":{"@type":"PropertyValueSpecification","valueRequired":true,"valueName":"search_term_string"}}],"inLanguage":"fr-FR"},{"@type":"Organization","@id":"https:\/\/dispear-records.com\/#organization","name":"Dispear Records","url":"https:\/\/dispear-records.com\/","logo":{"@type":"ImageObject","inLanguage":"fr-FR","@id":"https:\/\/dispear-records.com\/#\/schema\/logo\/image\/","url":"https:\/\/dispear-records.com\/wp-content\/uploads\/2021\/06\/cropped-cropped-dispear.png","contentUrl":"https:\/\/dispear-records.com\/wp-content\/uploads\/2021\/06\/cropped-cropped-dispear.png","width":2592,"height":709,"caption":"Dispear Records"},"image":{"@id":"https:\/\/dispear-records.com\/#\/schema\/logo\/image\/"}}]}},"_links":{"self":[{"href":"https:\/\/dispear-records.com\/index.php\/wp-json\/wp\/v2\/product\/1356","targetHints":{"allow":["GET"]}}],"collection":[{"href":"https:\/\/dispear-records.com\/index.php\/wp-json\/wp\/v2\/product"}],"about":[{"href":"https:\/\/dispear-records.com\/index.php\/wp-json\/wp\/v2\/types\/product"}],"wp:featuredmedia":[{"embeddable":true,"href":"https:\/\/dispear-records.com\/index.php\/wp-json\/wp\/v2\/media\/1359"}],"wp:attachment":[{"href":"https:\/\/dispear-records.com\/index.php\/wp-json\/wp\/v2\/media?parent=1356"}],"wp:term":[{"taxonomy":"product_brand","embeddable":true,"href":"https:\/\/dispear-records.com\/index.php\/wp-json\/wp\/v2\/product_brand?post=1356"},{"taxonomy":"product_cat","embeddable":true,"href":"https:\/\/dispear-records.com\/index.php\/wp-json\/wp\/v2\/product_cat?post=1356"},{"taxonomy":"product_tag","embeddable":true,"href":"https:\/\/dispear-records.com\/index.php\/wp-json\/wp\/v2\/product_tag?post=1356"}],"curies":[{"name":"wp","href":"https:\/\/api.w.org\/{rel}","templated":true}]}}