{"id":1364,"date":"2026-04-15T16:16:26","date_gmt":"2026-04-15T14:16:26","guid":{"rendered":"https:\/\/dispear-records.com\/?post_type=product&#038;p=1364"},"modified":"2026-04-15T16:49:26","modified_gmt":"2026-04-15T14:49:26","slug":"cassette-spiruline-thick-skin-sharp-nails","status":"publish","type":"product","link":"https:\/\/dispear-records.com\/index.php\/produit\/cassette-spiruline-thick-skin-sharp-nails\/","title":{"rendered":"[Cassette] Spiruline &#8211; Thick Skin \/\/\/ Sharp Nails"},"content":{"rendered":"<p>Avec \u201cThick Skin \/\/\/ Sharp Nails\u201d, les quatre parisien\u00b7ne\u00b7s de Spiruline envoient une puissance brute et une violence comme on en entend rarement sur le label \u00e0 la poire ! Cinq chansons o\u00f9 les quelques respirations entre blasts et punk hardcore se muent en passages metalcore hyper groovy. La tension ne retombe jamais et se ressent tout au long de l\u2019EP. C&rsquo;est frontal et agressif, une juste riposte \u00e0 des si\u00e8cles de patriarcat et de domination machiste, que le riot grrrl hardcore de Spiruline te recrache en pleine face. Ouvertement queers et f\u00e9ministes, r\u00e9solument DIY, Spiruline cherche \u00e0 casser les normes et bousculer les consciences, pour notre plus grand bien, celui de la sc\u00e8ne et au-del\u00e0 !<\/p>\n<p><iframe style=\"border: 0; width: 400px; height: 307px;\" src=\"https:\/\/bandcamp.com\/EmbeddedPlayer\/album=3082560844\/size=large\/bgcol=ffffff\/linkcol=333333\/artwork=small\/transparent=true\/\" seamless=\"\"><a href=\"https:\/\/spirulinehc.bandcamp.com\/album\/thick-skin-sharp-nails\">Thick Skin \/\/\/ Sharp Nails de Spiruline<\/a><\/iframe><\/p>\n","protected":false},"excerpt":{"rendered":"<p><strong>Spiruline &#8211; Thick Skin \/\/\/ Sharp Nails<\/strong><br \/>\n2026 \/\/ 5 tracks<br \/>\nRiot grrrl metallic hardcore punk<br \/>\nParis \/\/ France<\/p>\n","protected":false},"featured_media":1365,"template":"","meta":[],"product_brand":[],"product_cat":[19,87],"product_tag":[23],"class_list":{"0":"post-1364","1":"product","2":"type-product","3":"status-publish","4":"has-post-thumbnail","6":"product_cat-cassettes","7":"product_cat-spiruline","8":"product_tag-hardcore-punk","10":"first","11":"instock","12":"shipping-taxable","13":"purchasable","14":"product-type-simple"},"yoast_head":"<!-- This site is optimized with the Yoast SEO plugin v27.4 - https:\/\/yoast.com\/product\/yoast-seo-wordpress\/ -->\n<title>[Cassette] Spiruline - Thick Skin \/\/\/ Sharp Nails<\/title>\n<meta name=\"description\" content=\"Un EP sous haute tension, m\u00ealant blasts hardcore et fulgurances metalcore groovy dans une d\u00e9ferlante frontale, queer, f\u00e9ministe et DIY, qui FAIT DU BIEN !!\" \/>\n<meta name=\"robots\" content=\"index, follow, max-snippet:-1, max-image-preview:large, max-video-preview:-1\" \/>\n<link rel=\"canonical\" href=\"https:\/\/dispear-records.com\/index.php\/produit\/cassette-spiruline-thick-skin-sharp-nails\/\" \/>\n<meta property=\"og:locale\" content=\"fr_FR\" \/>\n<meta property=\"og:type\" content=\"article\" \/>\n<meta property=\"og:title\" content=\"[Cassette] Spiruline - Thick Skin \/\/\/ Sharp Nails\" \/>\n<meta property=\"og:description\" content=\"Un EP sous haute tension, m\u00ealant blasts hardcore et fulgurances metalcore groovy dans une d\u00e9ferlante frontale, queer, f\u00e9ministe et DIY, qui FAIT DU BIEN !!\" \/>\n<meta property=\"og:url\" content=\"https:\/\/dispear-records.com\/index.php\/produit\/cassette-spiruline-thick-skin-sharp-nails\/\" \/>\n<meta property=\"og:site_name\" content=\"Dispear Records\" \/>\n<meta property=\"article:modified_time\" content=\"2026-04-15T14:49:26+00:00\" \/>\n<meta property=\"og:image\" content=\"https:\/\/dispear-records.com\/wp-content\/uploads\/2026\/04\/spiruline1-800.jpg\" \/>\n\t<meta property=\"og:image:width\" content=\"800\" \/>\n\t<meta property=\"og:image:height\" content=\"800\" \/>\n\t<meta property=\"og:image:type\" content=\"image\/jpeg\" \/>\n<meta name=\"twitter:card\" content=\"summary_large_image\" \/>\n<meta name=\"twitter:label1\" content=\"Dur\u00e9e de lecture estim\u00e9e\" \/>\n\t<meta name=\"twitter:data1\" content=\"1 minute\" \/>\n<script type=\"application\/ld+json\" class=\"yoast-schema-graph\">{\"@context\":\"https:\\\/\\\/schema.org\",\"@graph\":[{\"@type\":\"WebPage\",\"@id\":\"https:\\\/\\\/dispear-records.com\\\/index.php\\\/produit\\\/cassette-spiruline-thick-skin-sharp-nails\\\/\",\"url\":\"https:\\\/\\\/dispear-records.com\\\/index.php\\\/produit\\\/cassette-spiruline-thick-skin-sharp-nails\\\/\",\"name\":\"[Cassette] Spiruline - Thick Skin \\\/\\\/\\\/ Sharp Nails\",\"isPartOf\":{\"@id\":\"https:\\\/\\\/dispear-records.com\\\/#website\"},\"primaryImageOfPage\":{\"@id\":\"https:\\\/\\\/dispear-records.com\\\/index.php\\\/produit\\\/cassette-spiruline-thick-skin-sharp-nails\\\/#primaryimage\"},\"image\":{\"@id\":\"https:\\\/\\\/dispear-records.com\\\/index.php\\\/produit\\\/cassette-spiruline-thick-skin-sharp-nails\\\/#primaryimage\"},\"thumbnailUrl\":\"https:\\\/\\\/dispear-records.com\\\/wp-content\\\/uploads\\\/2026\\\/04\\\/spiruline1-800.jpg\",\"datePublished\":\"2026-04-15T14:16:26+00:00\",\"dateModified\":\"2026-04-15T14:49:26+00:00\",\"description\":\"Un EP sous haute tension, m\u00ealant blasts hardcore et fulgurances metalcore groovy dans une d\u00e9ferlante frontale, queer, f\u00e9ministe et DIY, qui FAIT DU BIEN !!\",\"breadcrumb\":{\"@id\":\"https:\\\/\\\/dispear-records.com\\\/index.php\\\/produit\\\/cassette-spiruline-thick-skin-sharp-nails\\\/#breadcrumb\"},\"inLanguage\":\"fr-FR\",\"potentialAction\":[{\"@type\":\"ReadAction\",\"target\":[\"https:\\\/\\\/dispear-records.com\\\/index.php\\\/produit\\\/cassette-spiruline-thick-skin-sharp-nails\\\/\"]}]},{\"@type\":\"ImageObject\",\"inLanguage\":\"fr-FR\",\"@id\":\"https:\\\/\\\/dispear-records.com\\\/index.php\\\/produit\\\/cassette-spiruline-thick-skin-sharp-nails\\\/#primaryimage\",\"url\":\"https:\\\/\\\/dispear-records.com\\\/wp-content\\\/uploads\\\/2026\\\/04\\\/spiruline1-800.jpg\",\"contentUrl\":\"https:\\\/\\\/dispear-records.com\\\/wp-content\\\/uploads\\\/2026\\\/04\\\/spiruline1-800.jpg\",\"width\":800,\"height\":800},{\"@type\":\"BreadcrumbList\",\"@id\":\"https:\\\/\\\/dispear-records.com\\\/index.php\\\/produit\\\/cassette-spiruline-thick-skin-sharp-nails\\\/#breadcrumb\",\"itemListElement\":[{\"@type\":\"ListItem\",\"position\":1,\"name\":\"Accueil\",\"item\":\"https:\\\/\\\/dispear-records.com\\\/\"},{\"@type\":\"ListItem\",\"position\":2,\"name\":\"Boutique\",\"item\":\"https:\\\/\\\/dispear-records.com\\\/\"},{\"@type\":\"ListItem\",\"position\":3,\"name\":\"[Cassette] Spiruline &#8211; Thick Skin \\\/\\\/\\\/ Sharp Nails\"}]},{\"@type\":\"WebSite\",\"@id\":\"https:\\\/\\\/dispear-records.com\\\/#website\",\"url\":\"https:\\\/\\\/dispear-records.com\\\/\",\"name\":\"Dispear Records\",\"description\":\"DIY punk &amp; hardcore label\",\"publisher\":{\"@id\":\"https:\\\/\\\/dispear-records.com\\\/#organization\"},\"potentialAction\":[{\"@type\":\"SearchAction\",\"target\":{\"@type\":\"EntryPoint\",\"urlTemplate\":\"https:\\\/\\\/dispear-records.com\\\/?s={search_term_string}\"},\"query-input\":{\"@type\":\"PropertyValueSpecification\",\"valueRequired\":true,\"valueName\":\"search_term_string\"}}],\"inLanguage\":\"fr-FR\"},{\"@type\":\"Organization\",\"@id\":\"https:\\\/\\\/dispear-records.com\\\/#organization\",\"name\":\"Dispear Records\",\"url\":\"https:\\\/\\\/dispear-records.com\\\/\",\"logo\":{\"@type\":\"ImageObject\",\"inLanguage\":\"fr-FR\",\"@id\":\"https:\\\/\\\/dispear-records.com\\\/#\\\/schema\\\/logo\\\/image\\\/\",\"url\":\"https:\\\/\\\/dispear-records.com\\\/wp-content\\\/uploads\\\/2021\\\/06\\\/cropped-cropped-dispear.png\",\"contentUrl\":\"https:\\\/\\\/dispear-records.com\\\/wp-content\\\/uploads\\\/2021\\\/06\\\/cropped-cropped-dispear.png\",\"width\":2592,\"height\":709,\"caption\":\"Dispear Records\"},\"image\":{\"@id\":\"https:\\\/\\\/dispear-records.com\\\/#\\\/schema\\\/logo\\\/image\\\/\"}}]}<\/script>\n<!-- \/ Yoast SEO plugin. -->","yoast_head_json":{"title":"[Cassette] Spiruline - Thick Skin \/\/\/ Sharp Nails","description":"Un EP sous haute tension, m\u00ealant blasts hardcore et fulgurances metalcore groovy dans une d\u00e9ferlante frontale, queer, f\u00e9ministe et DIY, qui FAIT DU BIEN !!","robots":{"index":"index","follow":"follow","max-snippet":"max-snippet:-1","max-image-preview":"max-image-preview:large","max-video-preview":"max-video-preview:-1"},"canonical":"https:\/\/dispear-records.com\/index.php\/produit\/cassette-spiruline-thick-skin-sharp-nails\/","og_locale":"fr_FR","og_type":"article","og_title":"[Cassette] Spiruline - Thick Skin \/\/\/ Sharp Nails","og_description":"Un EP sous haute tension, m\u00ealant blasts hardcore et fulgurances metalcore groovy dans une d\u00e9ferlante frontale, queer, f\u00e9ministe et DIY, qui FAIT DU BIEN !!","og_url":"https:\/\/dispear-records.com\/index.php\/produit\/cassette-spiruline-thick-skin-sharp-nails\/","og_site_name":"Dispear Records","article_modified_time":"2026-04-15T14:49:26+00:00","og_image":[{"width":800,"height":800,"url":"https:\/\/dispear-records.com\/wp-content\/uploads\/2026\/04\/spiruline1-800.jpg","type":"image\/jpeg"}],"twitter_card":"summary_large_image","twitter_misc":{"Dur\u00e9e de lecture estim\u00e9e":"1 minute"},"schema":{"@context":"https:\/\/schema.org","@graph":[{"@type":"WebPage","@id":"https:\/\/dispear-records.com\/index.php\/produit\/cassette-spiruline-thick-skin-sharp-nails\/","url":"https:\/\/dispear-records.com\/index.php\/produit\/cassette-spiruline-thick-skin-sharp-nails\/","name":"[Cassette] Spiruline - Thick Skin \/\/\/ Sharp Nails","isPartOf":{"@id":"https:\/\/dispear-records.com\/#website"},"primaryImageOfPage":{"@id":"https:\/\/dispear-records.com\/index.php\/produit\/cassette-spiruline-thick-skin-sharp-nails\/#primaryimage"},"image":{"@id":"https:\/\/dispear-records.com\/index.php\/produit\/cassette-spiruline-thick-skin-sharp-nails\/#primaryimage"},"thumbnailUrl":"https:\/\/dispear-records.com\/wp-content\/uploads\/2026\/04\/spiruline1-800.jpg","datePublished":"2026-04-15T14:16:26+00:00","dateModified":"2026-04-15T14:49:26+00:00","description":"Un EP sous haute tension, m\u00ealant blasts hardcore et fulgurances metalcore groovy dans une d\u00e9ferlante frontale, queer, f\u00e9ministe et DIY, qui FAIT DU BIEN !!","breadcrumb":{"@id":"https:\/\/dispear-records.com\/index.php\/produit\/cassette-spiruline-thick-skin-sharp-nails\/#breadcrumb"},"inLanguage":"fr-FR","potentialAction":[{"@type":"ReadAction","target":["https:\/\/dispear-records.com\/index.php\/produit\/cassette-spiruline-thick-skin-sharp-nails\/"]}]},{"@type":"ImageObject","inLanguage":"fr-FR","@id":"https:\/\/dispear-records.com\/index.php\/produit\/cassette-spiruline-thick-skin-sharp-nails\/#primaryimage","url":"https:\/\/dispear-records.com\/wp-content\/uploads\/2026\/04\/spiruline1-800.jpg","contentUrl":"https:\/\/dispear-records.com\/wp-content\/uploads\/2026\/04\/spiruline1-800.jpg","width":800,"height":800},{"@type":"BreadcrumbList","@id":"https:\/\/dispear-records.com\/index.php\/produit\/cassette-spiruline-thick-skin-sharp-nails\/#breadcrumb","itemListElement":[{"@type":"ListItem","position":1,"name":"Accueil","item":"https:\/\/dispear-records.com\/"},{"@type":"ListItem","position":2,"name":"Boutique","item":"https:\/\/dispear-records.com\/"},{"@type":"ListItem","position":3,"name":"[Cassette] Spiruline &#8211; Thick Skin \/\/\/ Sharp Nails"}]},{"@type":"WebSite","@id":"https:\/\/dispear-records.com\/#website","url":"https:\/\/dispear-records.com\/","name":"Dispear Records","description":"DIY punk &amp; hardcore label","publisher":{"@id":"https:\/\/dispear-records.com\/#organization"},"potentialAction":[{"@type":"SearchAction","target":{"@type":"EntryPoint","urlTemplate":"https:\/\/dispear-records.com\/?s={search_term_string}"},"query-input":{"@type":"PropertyValueSpecification","valueRequired":true,"valueName":"search_term_string"}}],"inLanguage":"fr-FR"},{"@type":"Organization","@id":"https:\/\/dispear-records.com\/#organization","name":"Dispear Records","url":"https:\/\/dispear-records.com\/","logo":{"@type":"ImageObject","inLanguage":"fr-FR","@id":"https:\/\/dispear-records.com\/#\/schema\/logo\/image\/","url":"https:\/\/dispear-records.com\/wp-content\/uploads\/2021\/06\/cropped-cropped-dispear.png","contentUrl":"https:\/\/dispear-records.com\/wp-content\/uploads\/2021\/06\/cropped-cropped-dispear.png","width":2592,"height":709,"caption":"Dispear Records"},"image":{"@id":"https:\/\/dispear-records.com\/#\/schema\/logo\/image\/"}}]}},"_links":{"self":[{"href":"https:\/\/dispear-records.com\/index.php\/wp-json\/wp\/v2\/product\/1364","targetHints":{"allow":["GET"]}}],"collection":[{"href":"https:\/\/dispear-records.com\/index.php\/wp-json\/wp\/v2\/product"}],"about":[{"href":"https:\/\/dispear-records.com\/index.php\/wp-json\/wp\/v2\/types\/product"}],"wp:featuredmedia":[{"embeddable":true,"href":"https:\/\/dispear-records.com\/index.php\/wp-json\/wp\/v2\/media\/1365"}],"wp:attachment":[{"href":"https:\/\/dispear-records.com\/index.php\/wp-json\/wp\/v2\/media?parent=1364"}],"wp:term":[{"taxonomy":"product_brand","embeddable":true,"href":"https:\/\/dispear-records.com\/index.php\/wp-json\/wp\/v2\/product_brand?post=1364"},{"taxonomy":"product_cat","embeddable":true,"href":"https:\/\/dispear-records.com\/index.php\/wp-json\/wp\/v2\/product_cat?post=1364"},{"taxonomy":"product_tag","embeddable":true,"href":"https:\/\/dispear-records.com\/index.php\/wp-json\/wp\/v2\/product_tag?post=1364"}],"curies":[{"name":"wp","href":"https:\/\/api.w.org\/{rel}","templated":true}]}}