{"id":1385,"date":"2026-05-06T21:21:37","date_gmt":"2026-05-06T19:21:37","guid":{"rendered":"https:\/\/dispear-records.com\/?post_type=product&#038;p=1385"},"modified":"2026-05-07T10:30:37","modified_gmt":"2026-05-07T08:30:37","slug":"cassette-flying-donuts-reactivated-daria-this-machine-conjures-up-the-old-days-and-past-sounds","status":"publish","type":"product","link":"https:\/\/dispear-records.com\/index.php\/produit\/cassette-flying-donuts-reactivated-daria-this-machine-conjures-up-the-old-days-and-past-sounds\/","title":{"rendered":"[Cassette] Flying Donuts reactivated \/ Daria &#8211; This Machine Conjures Up The Old Days And Past Sounds"},"content":{"rendered":"<p data-start=\"0\" data-end=\"351\"><span style=\"font-weight: 400;\">Quel plaisir de vous proposer cette cassette, de deux figures majeurs de la sc\u00e8ne fran\u00e7aise : Flying Donuts reactivated et Daria, rassembl\u00e9s sur ce split au nom d\u00e9licieusement \u00e0 rallonge : <em data-start=\"197\" data-end=\"254\">\u201cThis Machine Conjures Up The Old Days And Past Sounds\u201d<\/em>. Deux piliers qui ont largement contribu\u00e9 \u00e0 fa\u00e7onner notre sc\u00e8ne telle qu\u2019on la conna\u00eet aujourd\u2019hui, et qui continuent, ann\u00e9e apr\u00e8s ann\u00e9e, \u00e0 faire vivre leur musique avec une passion et une intensit\u00e9 rest\u00e9es intactes malgr\u00e9 les changements de line-up.<\/span><\/p>\n<p data-start=\"0\" data-end=\"351\"><span style=\"font-weight: 400;\">D\u2019un c\u00f4t\u00e9, Flying Donuts Reactivated, reformation des mythiques Flying Donuts. L\u2019\u00e9nergie du power trio est toujours l\u00e0, port\u00e9e par leur sens unique de la m\u00e9lodie et cette efficacit\u00e9 qui ont travers\u00e9 les ann\u00e9es, comme si le temps n\u2019avait finalement rien chang\u00e9. <\/span><\/p>\n<p data-start=\"0\" data-end=\"351\"><span style=\"font-weight: 400;\">De l\u2019autre c\u00f4t\u00e9, les incontournables angevins de Daria, nous offrent quatre titres in\u00e9dits naviguant entre indie rock, pop punk \u00e9motionnel et envol\u00e9es post-rock, dont une chanson acoustique. Parmi ces morceaux, certains avaient m\u00eame \u00e9t\u00e9 enregistr\u00e9s en 2015 par J. Robbins himself ! <\/span>Et comme toujours chez Daria : <span style=\"font-weight: 400;\">une \u00e9norme louche d\u2019authenticit\u00e9<\/span> et cette capacit\u00e9 rare \u00e0 toucher juste.<\/p>\n","protected":false},"excerpt":{"rendered":"<p><strong>Flying Donuts \/ Daria &#8211; This Machine Conjures Up The Old Days And Past Sounds<br \/>\n<\/strong>(split cassette)<br \/>\n2026 \/\/ 8 tracks<br \/>\nPunk Rock &#8211; Indie Rock<br \/>\nFrance<\/p>\n","protected":false},"featured_media":1387,"template":"","meta":[],"product_brand":[],"product_cat":[19,89,88],"product_tag":[28],"class_list":{"0":"post-1385","1":"product","2":"type-product","3":"status-publish","4":"has-post-thumbnail","6":"product_cat-cassettes","7":"product_cat-daria","8":"product_cat-flying-donuts-reactivated","9":"product_tag-punk-rock","11":"first","12":"instock","13":"shipping-taxable","14":"purchasable","15":"product-type-simple"},"yoast_head":"<!-- This site is optimized with the Yoast SEO plugin v27.5 - https:\/\/yoast.com\/product\/yoast-seo-wordpress\/ -->\n<title>[Cassette] Flying Donuts reactivated \/ Daria - This Machine Conjures Up The Old Days And Past Sounds<\/title>\n<meta name=\"description\" content=\"Les piliers Flying Donuts Reactivated et Daria, r\u00e9unis sur une split cassette au nom trop lond, entre punk rock et indie rock aux accents post rock\" \/>\n<meta name=\"robots\" content=\"index, follow, max-snippet:-1, max-image-preview:large, max-video-preview:-1\" \/>\n<link rel=\"canonical\" href=\"https:\/\/dispear-records.com\/index.php\/produit\/cassette-flying-donuts-reactivated-daria-this-machine-conjures-up-the-old-days-and-past-sounds\/\" \/>\n<meta property=\"og:locale\" content=\"fr_FR\" \/>\n<meta property=\"og:type\" content=\"article\" \/>\n<meta property=\"og:title\" content=\"[Cassette] Flying Donuts reactivated \/ Daria - This Machine Conjures Up The Old Days And Past Sounds\" \/>\n<meta property=\"og:description\" content=\"Les piliers Flying Donuts Reactivated et Daria, r\u00e9unis sur une split cassette au nom trop lond, entre punk rock et indie rock aux accents post rock\" \/>\n<meta property=\"og:url\" content=\"https:\/\/dispear-records.com\/index.php\/produit\/cassette-flying-donuts-reactivated-daria-this-machine-conjures-up-the-old-days-and-past-sounds\/\" \/>\n<meta property=\"og:site_name\" content=\"Dispear Records\" \/>\n<meta property=\"article:modified_time\" content=\"2026-05-07T08:30:37+00:00\" \/>\n<meta property=\"og:image\" content=\"https:\/\/dispear-records.com\/wp-content\/uploads\/2026\/05\/donuts-daria-800.jpg\" \/>\n\t<meta property=\"og:image:width\" content=\"800\" \/>\n\t<meta property=\"og:image:height\" content=\"800\" \/>\n\t<meta property=\"og:image:type\" content=\"image\/jpeg\" \/>\n<meta name=\"twitter:card\" content=\"summary_large_image\" \/>\n<meta name=\"twitter:label1\" content=\"Dur\u00e9e de lecture estim\u00e9e\" \/>\n\t<meta name=\"twitter:data1\" content=\"2 minutes\" \/>\n<script type=\"application\/ld+json\" class=\"yoast-schema-graph\">{\"@context\":\"https:\\\/\\\/schema.org\",\"@graph\":[{\"@type\":\"WebPage\",\"@id\":\"https:\\\/\\\/dispear-records.com\\\/index.php\\\/produit\\\/cassette-flying-donuts-reactivated-daria-this-machine-conjures-up-the-old-days-and-past-sounds\\\/\",\"url\":\"https:\\\/\\\/dispear-records.com\\\/index.php\\\/produit\\\/cassette-flying-donuts-reactivated-daria-this-machine-conjures-up-the-old-days-and-past-sounds\\\/\",\"name\":\"[Cassette] Flying Donuts reactivated \\\/ Daria - This Machine Conjures Up The Old Days And Past Sounds\",\"isPartOf\":{\"@id\":\"https:\\\/\\\/dispear-records.com\\\/#website\"},\"primaryImageOfPage\":{\"@id\":\"https:\\\/\\\/dispear-records.com\\\/index.php\\\/produit\\\/cassette-flying-donuts-reactivated-daria-this-machine-conjures-up-the-old-days-and-past-sounds\\\/#primaryimage\"},\"image\":{\"@id\":\"https:\\\/\\\/dispear-records.com\\\/index.php\\\/produit\\\/cassette-flying-donuts-reactivated-daria-this-machine-conjures-up-the-old-days-and-past-sounds\\\/#primaryimage\"},\"thumbnailUrl\":\"https:\\\/\\\/dispear-records.com\\\/wp-content\\\/uploads\\\/2026\\\/05\\\/donuts-daria-800.jpg\",\"datePublished\":\"2026-05-06T19:21:37+00:00\",\"dateModified\":\"2026-05-07T08:30:37+00:00\",\"description\":\"Les piliers Flying Donuts Reactivated et Daria, r\u00e9unis sur une split cassette au nom trop lond, entre punk rock et indie rock aux accents post rock\",\"breadcrumb\":{\"@id\":\"https:\\\/\\\/dispear-records.com\\\/index.php\\\/produit\\\/cassette-flying-donuts-reactivated-daria-this-machine-conjures-up-the-old-days-and-past-sounds\\\/#breadcrumb\"},\"inLanguage\":\"fr-FR\",\"potentialAction\":[{\"@type\":\"ReadAction\",\"target\":[\"https:\\\/\\\/dispear-records.com\\\/index.php\\\/produit\\\/cassette-flying-donuts-reactivated-daria-this-machine-conjures-up-the-old-days-and-past-sounds\\\/\"]}]},{\"@type\":\"ImageObject\",\"inLanguage\":\"fr-FR\",\"@id\":\"https:\\\/\\\/dispear-records.com\\\/index.php\\\/produit\\\/cassette-flying-donuts-reactivated-daria-this-machine-conjures-up-the-old-days-and-past-sounds\\\/#primaryimage\",\"url\":\"https:\\\/\\\/dispear-records.com\\\/wp-content\\\/uploads\\\/2026\\\/05\\\/donuts-daria-800.jpg\",\"contentUrl\":\"https:\\\/\\\/dispear-records.com\\\/wp-content\\\/uploads\\\/2026\\\/05\\\/donuts-daria-800.jpg\",\"width\":800,\"height\":800},{\"@type\":\"BreadcrumbList\",\"@id\":\"https:\\\/\\\/dispear-records.com\\\/index.php\\\/produit\\\/cassette-flying-donuts-reactivated-daria-this-machine-conjures-up-the-old-days-and-past-sounds\\\/#breadcrumb\",\"itemListElement\":[{\"@type\":\"ListItem\",\"position\":1,\"name\":\"Accueil\",\"item\":\"https:\\\/\\\/dispear-records.com\\\/\"},{\"@type\":\"ListItem\",\"position\":2,\"name\":\"Boutique\",\"item\":\"https:\\\/\\\/dispear-records.com\\\/\"},{\"@type\":\"ListItem\",\"position\":3,\"name\":\"[Cassette] Flying Donuts reactivated \\\/ Daria &#8211; This Machine Conjures Up The Old Days And Past Sounds\"}]},{\"@type\":\"WebSite\",\"@id\":\"https:\\\/\\\/dispear-records.com\\\/#website\",\"url\":\"https:\\\/\\\/dispear-records.com\\\/\",\"name\":\"Dispear Records\",\"description\":\"DIY punk &amp; hardcore label\",\"publisher\":{\"@id\":\"https:\\\/\\\/dispear-records.com\\\/#organization\"},\"potentialAction\":[{\"@type\":\"SearchAction\",\"target\":{\"@type\":\"EntryPoint\",\"urlTemplate\":\"https:\\\/\\\/dispear-records.com\\\/?s={search_term_string}\"},\"query-input\":{\"@type\":\"PropertyValueSpecification\",\"valueRequired\":true,\"valueName\":\"search_term_string\"}}],\"inLanguage\":\"fr-FR\"},{\"@type\":\"Organization\",\"@id\":\"https:\\\/\\\/dispear-records.com\\\/#organization\",\"name\":\"Dispear Records\",\"url\":\"https:\\\/\\\/dispear-records.com\\\/\",\"logo\":{\"@type\":\"ImageObject\",\"inLanguage\":\"fr-FR\",\"@id\":\"https:\\\/\\\/dispear-records.com\\\/#\\\/schema\\\/logo\\\/image\\\/\",\"url\":\"https:\\\/\\\/dispear-records.com\\\/wp-content\\\/uploads\\\/2021\\\/06\\\/cropped-cropped-dispear.png\",\"contentUrl\":\"https:\\\/\\\/dispear-records.com\\\/wp-content\\\/uploads\\\/2021\\\/06\\\/cropped-cropped-dispear.png\",\"width\":2592,\"height\":709,\"caption\":\"Dispear Records\"},\"image\":{\"@id\":\"https:\\\/\\\/dispear-records.com\\\/#\\\/schema\\\/logo\\\/image\\\/\"}}]}<\/script>\n<!-- \/ Yoast SEO plugin. -->","yoast_head_json":{"title":"[Cassette] Flying Donuts reactivated \/ Daria - This Machine Conjures Up The Old Days And Past Sounds","description":"Les piliers Flying Donuts Reactivated et Daria, r\u00e9unis sur une split cassette au nom trop lond, entre punk rock et indie rock aux accents post rock","robots":{"index":"index","follow":"follow","max-snippet":"max-snippet:-1","max-image-preview":"max-image-preview:large","max-video-preview":"max-video-preview:-1"},"canonical":"https:\/\/dispear-records.com\/index.php\/produit\/cassette-flying-donuts-reactivated-daria-this-machine-conjures-up-the-old-days-and-past-sounds\/","og_locale":"fr_FR","og_type":"article","og_title":"[Cassette] Flying Donuts reactivated \/ Daria - This Machine Conjures Up The Old Days And Past Sounds","og_description":"Les piliers Flying Donuts Reactivated et Daria, r\u00e9unis sur une split cassette au nom trop lond, entre punk rock et indie rock aux accents post rock","og_url":"https:\/\/dispear-records.com\/index.php\/produit\/cassette-flying-donuts-reactivated-daria-this-machine-conjures-up-the-old-days-and-past-sounds\/","og_site_name":"Dispear Records","article_modified_time":"2026-05-07T08:30:37+00:00","og_image":[{"width":800,"height":800,"url":"https:\/\/dispear-records.com\/wp-content\/uploads\/2026\/05\/donuts-daria-800.jpg","type":"image\/jpeg"}],"twitter_card":"summary_large_image","twitter_misc":{"Dur\u00e9e de lecture estim\u00e9e":"2 minutes"},"schema":{"@context":"https:\/\/schema.org","@graph":[{"@type":"WebPage","@id":"https:\/\/dispear-records.com\/index.php\/produit\/cassette-flying-donuts-reactivated-daria-this-machine-conjures-up-the-old-days-and-past-sounds\/","url":"https:\/\/dispear-records.com\/index.php\/produit\/cassette-flying-donuts-reactivated-daria-this-machine-conjures-up-the-old-days-and-past-sounds\/","name":"[Cassette] Flying Donuts reactivated \/ Daria - This Machine Conjures Up The Old Days And Past Sounds","isPartOf":{"@id":"https:\/\/dispear-records.com\/#website"},"primaryImageOfPage":{"@id":"https:\/\/dispear-records.com\/index.php\/produit\/cassette-flying-donuts-reactivated-daria-this-machine-conjures-up-the-old-days-and-past-sounds\/#primaryimage"},"image":{"@id":"https:\/\/dispear-records.com\/index.php\/produit\/cassette-flying-donuts-reactivated-daria-this-machine-conjures-up-the-old-days-and-past-sounds\/#primaryimage"},"thumbnailUrl":"https:\/\/dispear-records.com\/wp-content\/uploads\/2026\/05\/donuts-daria-800.jpg","datePublished":"2026-05-06T19:21:37+00:00","dateModified":"2026-05-07T08:30:37+00:00","description":"Les piliers Flying Donuts Reactivated et Daria, r\u00e9unis sur une split cassette au nom trop lond, entre punk rock et indie rock aux accents post rock","breadcrumb":{"@id":"https:\/\/dispear-records.com\/index.php\/produit\/cassette-flying-donuts-reactivated-daria-this-machine-conjures-up-the-old-days-and-past-sounds\/#breadcrumb"},"inLanguage":"fr-FR","potentialAction":[{"@type":"ReadAction","target":["https:\/\/dispear-records.com\/index.php\/produit\/cassette-flying-donuts-reactivated-daria-this-machine-conjures-up-the-old-days-and-past-sounds\/"]}]},{"@type":"ImageObject","inLanguage":"fr-FR","@id":"https:\/\/dispear-records.com\/index.php\/produit\/cassette-flying-donuts-reactivated-daria-this-machine-conjures-up-the-old-days-and-past-sounds\/#primaryimage","url":"https:\/\/dispear-records.com\/wp-content\/uploads\/2026\/05\/donuts-daria-800.jpg","contentUrl":"https:\/\/dispear-records.com\/wp-content\/uploads\/2026\/05\/donuts-daria-800.jpg","width":800,"height":800},{"@type":"BreadcrumbList","@id":"https:\/\/dispear-records.com\/index.php\/produit\/cassette-flying-donuts-reactivated-daria-this-machine-conjures-up-the-old-days-and-past-sounds\/#breadcrumb","itemListElement":[{"@type":"ListItem","position":1,"name":"Accueil","item":"https:\/\/dispear-records.com\/"},{"@type":"ListItem","position":2,"name":"Boutique","item":"https:\/\/dispear-records.com\/"},{"@type":"ListItem","position":3,"name":"[Cassette] Flying Donuts reactivated \/ Daria &#8211; This Machine Conjures Up The Old Days And Past Sounds"}]},{"@type":"WebSite","@id":"https:\/\/dispear-records.com\/#website","url":"https:\/\/dispear-records.com\/","name":"Dispear Records","description":"DIY punk &amp; hardcore label","publisher":{"@id":"https:\/\/dispear-records.com\/#organization"},"potentialAction":[{"@type":"SearchAction","target":{"@type":"EntryPoint","urlTemplate":"https:\/\/dispear-records.com\/?s={search_term_string}"},"query-input":{"@type":"PropertyValueSpecification","valueRequired":true,"valueName":"search_term_string"}}],"inLanguage":"fr-FR"},{"@type":"Organization","@id":"https:\/\/dispear-records.com\/#organization","name":"Dispear Records","url":"https:\/\/dispear-records.com\/","logo":{"@type":"ImageObject","inLanguage":"fr-FR","@id":"https:\/\/dispear-records.com\/#\/schema\/logo\/image\/","url":"https:\/\/dispear-records.com\/wp-content\/uploads\/2021\/06\/cropped-cropped-dispear.png","contentUrl":"https:\/\/dispear-records.com\/wp-content\/uploads\/2021\/06\/cropped-cropped-dispear.png","width":2592,"height":709,"caption":"Dispear Records"},"image":{"@id":"https:\/\/dispear-records.com\/#\/schema\/logo\/image\/"}}]}},"_links":{"self":[{"href":"https:\/\/dispear-records.com\/index.php\/wp-json\/wp\/v2\/product\/1385","targetHints":{"allow":["GET"]}}],"collection":[{"href":"https:\/\/dispear-records.com\/index.php\/wp-json\/wp\/v2\/product"}],"about":[{"href":"https:\/\/dispear-records.com\/index.php\/wp-json\/wp\/v2\/types\/product"}],"wp:featuredmedia":[{"embeddable":true,"href":"https:\/\/dispear-records.com\/index.php\/wp-json\/wp\/v2\/media\/1387"}],"wp:attachment":[{"href":"https:\/\/dispear-records.com\/index.php\/wp-json\/wp\/v2\/media?parent=1385"}],"wp:term":[{"taxonomy":"product_brand","embeddable":true,"href":"https:\/\/dispear-records.com\/index.php\/wp-json\/wp\/v2\/product_brand?post=1385"},{"taxonomy":"product_cat","embeddable":true,"href":"https:\/\/dispear-records.com\/index.php\/wp-json\/wp\/v2\/product_cat?post=1385"},{"taxonomy":"product_tag","embeddable":true,"href":"https:\/\/dispear-records.com\/index.php\/wp-json\/wp\/v2\/product_tag?post=1385"}],"curies":[{"name":"wp","href":"https:\/\/api.w.org\/{rel}","templated":true}]}}