{"id":259,"date":"2021-09-15T22:13:49","date_gmt":"2021-09-15T20:13:49","guid":{"rendered":"https:\/\/dispear-records.com\/?post_type=product&#038;p=259"},"modified":"2023-12-07T23:11:04","modified_gmt":"2023-12-07T22:11:04","slug":"riso-dispear-records","status":"publish","type":"product","link":"https:\/\/dispear-records.com\/index.php\/produit\/riso-dispear-records\/","title":{"rendered":"[Riso] Crusty pear by Tortuga"},"content":{"rendered":"<p><span style=\"font-weight: 400;\">Avec cette magnifique pi\u00e8ce de collection, trouvez comment sublimer votre int\u00e9rieur en mariant l&rsquo;amour du pop art fluo fun de votre moiti\u00e9, et votre passion pour les musiques in\u00e9coutables et d\u00e9viantes de mauvais go\u00fbt. Ce print apportera \u00e0 votre int\u00e9rieur une touche fleurie et contemporaine de toute beaut\u00e9. <\/span><\/p>\n<p><span style=\"font-weight: 400;\">Les plus observateurs d&rsquo;entre vous auront bien entendu reconnu le visuel de <a href=\"https:\/\/www.instagram.com\/tortuga_666\/\" target=\"_blank\" rel=\"noopener\">Roch Tortuga<\/a>, \u00e9galement pr\u00e9sent sur nos tshirts (<a href=\"https:\/\/dispear-records.com\/index.php\/categorie-produit\/t-shirts\/\">quoi t&rsquo;en as pas top\u00e9 un ?<\/a>). Mais cette fois avec de la couleur. Et imprim\u00e9es en risographie. Sur du papier. De taille A3. D&rsquo;\u00e9paisseur 120gr.<\/span><\/p>\n<p><span style=\"font-weight: 400;\">Num\u00e9rot\u00e9es et sign\u00e9es par l&rsquo;artiste lui-m\u00eame, ces\u00a0 risographies sont donc uniques<\/span><span style=\"font-weight: 400;\">, bien qu&rsquo;il y en ait 66, pour le cot\u00e9 evil t&rsquo;as vu : 666 the number of the beast, sacrifice is going on tonight, toussa toussa.<\/span><\/p>\n<p><em>Imprim\u00e9es par <a href=\"https:\/\/risoornothing.com\/\" target=\"_blank\" rel=\"noopener\">Riso or Nothing<\/a> \u00e0 Biarritz City.<br \/>\n<\/em><\/p>\n<p><strong><em>Exp\u00e9di\u00e9es en tubes cartonn\u00e9s et prot\u00e9g\u00e9es par pochette plastique, parce qu&rsquo;on est pas des chiens non plus.<\/em><\/strong><\/p>\n","protected":false},"excerpt":{"rendered":"<p><strong>Risographie &#8211; Crusty Pear by Tortuga<\/strong><br \/>\nFormat A3<\/p>\n","protected":false},"featured_media":347,"template":"","meta":[],"product_brand":[],"product_cat":[36,32,35],"product_tag":[],"class_list":{"0":"post-259","1":"product","2":"type-product","3":"status-publish","4":"has-post-thumbnail","6":"product_cat-art","7":"product_cat-dispear","8":"product_cat-riso","9":"product_shipping_class-tube","11":"first","12":"instock","13":"shipping-taxable","14":"purchasable","15":"product-type-simple"},"yoast_head":"<!-- This site is optimized with the Yoast SEO plugin v27.6 - https:\/\/yoast.com\/product\/yoast-seo-wordpress\/ -->\n<title>[Riso] Crusty pear by Tortuga - Dispear Records<\/title>\n<meta name=\"description\" content=\"Risographie de toute beaut\u00e9 de l&#039;illustration &quot;crutsy pear&quot; par le talentueux Roch Tortuga. Un print qui serait tr\u00e8s beau dans ton salon.\" \/>\n<meta name=\"robots\" content=\"index, follow, max-snippet:-1, max-image-preview:large, max-video-preview:-1\" \/>\n<link rel=\"canonical\" href=\"https:\/\/dispear-records.com\/index.php\/produit\/riso-dispear-records\/\" \/>\n<meta property=\"og:locale\" content=\"fr_FR\" \/>\n<meta property=\"og:type\" content=\"article\" \/>\n<meta property=\"og:title\" content=\"[Riso] Crusty pear by Tortuga - Dispear Records\" \/>\n<meta property=\"og:description\" content=\"Risographie de toute beaut\u00e9 de l&#039;illustration &quot;crutsy pear&quot; par le talentueux Roch Tortuga. Un print qui serait tr\u00e8s beau dans ton salon.\" \/>\n<meta property=\"og:url\" content=\"https:\/\/dispear-records.com\/index.php\/produit\/riso-dispear-records\/\" \/>\n<meta property=\"og:site_name\" content=\"Dispear Records\" \/>\n<meta property=\"article:modified_time\" content=\"2023-12-07T22:11:04+00:00\" \/>\n<meta property=\"og:image\" content=\"https:\/\/dispear-records.com\/wp-content\/uploads\/2021\/09\/IMG_0348-1.jpg\" \/>\n\t<meta property=\"og:image:width\" content=\"1200\" \/>\n\t<meta property=\"og:image:height\" content=\"1200\" \/>\n\t<meta property=\"og:image:type\" content=\"image\/jpeg\" \/>\n<meta name=\"twitter:card\" content=\"summary_large_image\" \/>\n<meta name=\"twitter:label1\" content=\"Dur\u00e9e de lecture estim\u00e9e\" \/>\n\t<meta name=\"twitter:data1\" content=\"1 minute\" \/>\n<script type=\"application\/ld+json\" class=\"yoast-schema-graph\">{\"@context\":\"https:\\\/\\\/schema.org\",\"@graph\":[{\"@type\":\"WebPage\",\"@id\":\"https:\\\/\\\/dispear-records.com\\\/index.php\\\/produit\\\/riso-dispear-records\\\/\",\"url\":\"https:\\\/\\\/dispear-records.com\\\/index.php\\\/produit\\\/riso-dispear-records\\\/\",\"name\":\"[Riso] Crusty pear by Tortuga - Dispear Records\",\"isPartOf\":{\"@id\":\"https:\\\/\\\/dispear-records.com\\\/#website\"},\"primaryImageOfPage\":{\"@id\":\"https:\\\/\\\/dispear-records.com\\\/index.php\\\/produit\\\/riso-dispear-records\\\/#primaryimage\"},\"image\":{\"@id\":\"https:\\\/\\\/dispear-records.com\\\/index.php\\\/produit\\\/riso-dispear-records\\\/#primaryimage\"},\"thumbnailUrl\":\"https:\\\/\\\/dispear-records.com\\\/wp-content\\\/uploads\\\/2021\\\/09\\\/IMG_0348-1.jpg\",\"datePublished\":\"2021-09-15T20:13:49+00:00\",\"dateModified\":\"2023-12-07T22:11:04+00:00\",\"description\":\"Risographie de toute beaut\u00e9 de l'illustration \\\"crutsy pear\\\" par le talentueux Roch Tortuga. Un print qui serait tr\u00e8s beau dans ton salon.\",\"breadcrumb\":{\"@id\":\"https:\\\/\\\/dispear-records.com\\\/index.php\\\/produit\\\/riso-dispear-records\\\/#breadcrumb\"},\"inLanguage\":\"fr-FR\",\"potentialAction\":[{\"@type\":\"ReadAction\",\"target\":[\"https:\\\/\\\/dispear-records.com\\\/index.php\\\/produit\\\/riso-dispear-records\\\/\"]}]},{\"@type\":\"ImageObject\",\"inLanguage\":\"fr-FR\",\"@id\":\"https:\\\/\\\/dispear-records.com\\\/index.php\\\/produit\\\/riso-dispear-records\\\/#primaryimage\",\"url\":\"https:\\\/\\\/dispear-records.com\\\/wp-content\\\/uploads\\\/2021\\\/09\\\/IMG_0348-1.jpg\",\"contentUrl\":\"https:\\\/\\\/dispear-records.com\\\/wp-content\\\/uploads\\\/2021\\\/09\\\/IMG_0348-1.jpg\",\"width\":1200,\"height\":1200},{\"@type\":\"BreadcrumbList\",\"@id\":\"https:\\\/\\\/dispear-records.com\\\/index.php\\\/produit\\\/riso-dispear-records\\\/#breadcrumb\",\"itemListElement\":[{\"@type\":\"ListItem\",\"position\":1,\"name\":\"Accueil\",\"item\":\"https:\\\/\\\/dispear-records.com\\\/\"},{\"@type\":\"ListItem\",\"position\":2,\"name\":\"Boutique\",\"item\":\"https:\\\/\\\/dispear-records.com\\\/\"},{\"@type\":\"ListItem\",\"position\":3,\"name\":\"[Riso] Crusty pear by Tortuga\"}]},{\"@type\":\"WebSite\",\"@id\":\"https:\\\/\\\/dispear-records.com\\\/#website\",\"url\":\"https:\\\/\\\/dispear-records.com\\\/\",\"name\":\"Dispear Records\",\"description\":\"DIY punk &amp; hardcore label\",\"publisher\":{\"@id\":\"https:\\\/\\\/dispear-records.com\\\/#organization\"},\"potentialAction\":[{\"@type\":\"SearchAction\",\"target\":{\"@type\":\"EntryPoint\",\"urlTemplate\":\"https:\\\/\\\/dispear-records.com\\\/?s={search_term_string}\"},\"query-input\":{\"@type\":\"PropertyValueSpecification\",\"valueRequired\":true,\"valueName\":\"search_term_string\"}}],\"inLanguage\":\"fr-FR\"},{\"@type\":\"Organization\",\"@id\":\"https:\\\/\\\/dispear-records.com\\\/#organization\",\"name\":\"Dispear Records\",\"url\":\"https:\\\/\\\/dispear-records.com\\\/\",\"logo\":{\"@type\":\"ImageObject\",\"inLanguage\":\"fr-FR\",\"@id\":\"https:\\\/\\\/dispear-records.com\\\/#\\\/schema\\\/logo\\\/image\\\/\",\"url\":\"https:\\\/\\\/dispear-records.com\\\/wp-content\\\/uploads\\\/2021\\\/06\\\/cropped-cropped-dispear.png\",\"contentUrl\":\"https:\\\/\\\/dispear-records.com\\\/wp-content\\\/uploads\\\/2021\\\/06\\\/cropped-cropped-dispear.png\",\"width\":2592,\"height\":709,\"caption\":\"Dispear Records\"},\"image\":{\"@id\":\"https:\\\/\\\/dispear-records.com\\\/#\\\/schema\\\/logo\\\/image\\\/\"}}]}<\/script>\n<!-- \/ Yoast SEO plugin. -->","yoast_head_json":{"title":"[Riso] Crusty pear by Tortuga - Dispear Records","description":"Risographie de toute beaut\u00e9 de l'illustration \"crutsy pear\" par le talentueux Roch Tortuga. Un print qui serait tr\u00e8s beau dans ton salon.","robots":{"index":"index","follow":"follow","max-snippet":"max-snippet:-1","max-image-preview":"max-image-preview:large","max-video-preview":"max-video-preview:-1"},"canonical":"https:\/\/dispear-records.com\/index.php\/produit\/riso-dispear-records\/","og_locale":"fr_FR","og_type":"article","og_title":"[Riso] Crusty pear by Tortuga - Dispear Records","og_description":"Risographie de toute beaut\u00e9 de l'illustration \"crutsy pear\" par le talentueux Roch Tortuga. Un print qui serait tr\u00e8s beau dans ton salon.","og_url":"https:\/\/dispear-records.com\/index.php\/produit\/riso-dispear-records\/","og_site_name":"Dispear Records","article_modified_time":"2023-12-07T22:11:04+00:00","og_image":[{"width":1200,"height":1200,"url":"https:\/\/dispear-records.com\/wp-content\/uploads\/2021\/09\/IMG_0348-1.jpg","type":"image\/jpeg"}],"twitter_card":"summary_large_image","twitter_misc":{"Dur\u00e9e de lecture estim\u00e9e":"1 minute"},"schema":{"@context":"https:\/\/schema.org","@graph":[{"@type":"WebPage","@id":"https:\/\/dispear-records.com\/index.php\/produit\/riso-dispear-records\/","url":"https:\/\/dispear-records.com\/index.php\/produit\/riso-dispear-records\/","name":"[Riso] Crusty pear by Tortuga - Dispear Records","isPartOf":{"@id":"https:\/\/dispear-records.com\/#website"},"primaryImageOfPage":{"@id":"https:\/\/dispear-records.com\/index.php\/produit\/riso-dispear-records\/#primaryimage"},"image":{"@id":"https:\/\/dispear-records.com\/index.php\/produit\/riso-dispear-records\/#primaryimage"},"thumbnailUrl":"https:\/\/dispear-records.com\/wp-content\/uploads\/2021\/09\/IMG_0348-1.jpg","datePublished":"2021-09-15T20:13:49+00:00","dateModified":"2023-12-07T22:11:04+00:00","description":"Risographie de toute beaut\u00e9 de l'illustration \"crutsy pear\" par le talentueux Roch Tortuga. Un print qui serait tr\u00e8s beau dans ton salon.","breadcrumb":{"@id":"https:\/\/dispear-records.com\/index.php\/produit\/riso-dispear-records\/#breadcrumb"},"inLanguage":"fr-FR","potentialAction":[{"@type":"ReadAction","target":["https:\/\/dispear-records.com\/index.php\/produit\/riso-dispear-records\/"]}]},{"@type":"ImageObject","inLanguage":"fr-FR","@id":"https:\/\/dispear-records.com\/index.php\/produit\/riso-dispear-records\/#primaryimage","url":"https:\/\/dispear-records.com\/wp-content\/uploads\/2021\/09\/IMG_0348-1.jpg","contentUrl":"https:\/\/dispear-records.com\/wp-content\/uploads\/2021\/09\/IMG_0348-1.jpg","width":1200,"height":1200},{"@type":"BreadcrumbList","@id":"https:\/\/dispear-records.com\/index.php\/produit\/riso-dispear-records\/#breadcrumb","itemListElement":[{"@type":"ListItem","position":1,"name":"Accueil","item":"https:\/\/dispear-records.com\/"},{"@type":"ListItem","position":2,"name":"Boutique","item":"https:\/\/dispear-records.com\/"},{"@type":"ListItem","position":3,"name":"[Riso] Crusty pear by Tortuga"}]},{"@type":"WebSite","@id":"https:\/\/dispear-records.com\/#website","url":"https:\/\/dispear-records.com\/","name":"Dispear Records","description":"DIY punk &amp; hardcore label","publisher":{"@id":"https:\/\/dispear-records.com\/#organization"},"potentialAction":[{"@type":"SearchAction","target":{"@type":"EntryPoint","urlTemplate":"https:\/\/dispear-records.com\/?s={search_term_string}"},"query-input":{"@type":"PropertyValueSpecification","valueRequired":true,"valueName":"search_term_string"}}],"inLanguage":"fr-FR"},{"@type":"Organization","@id":"https:\/\/dispear-records.com\/#organization","name":"Dispear Records","url":"https:\/\/dispear-records.com\/","logo":{"@type":"ImageObject","inLanguage":"fr-FR","@id":"https:\/\/dispear-records.com\/#\/schema\/logo\/image\/","url":"https:\/\/dispear-records.com\/wp-content\/uploads\/2021\/06\/cropped-cropped-dispear.png","contentUrl":"https:\/\/dispear-records.com\/wp-content\/uploads\/2021\/06\/cropped-cropped-dispear.png","width":2592,"height":709,"caption":"Dispear Records"},"image":{"@id":"https:\/\/dispear-records.com\/#\/schema\/logo\/image\/"}}]}},"_links":{"self":[{"href":"https:\/\/dispear-records.com\/index.php\/wp-json\/wp\/v2\/product\/259","targetHints":{"allow":["GET"]}}],"collection":[{"href":"https:\/\/dispear-records.com\/index.php\/wp-json\/wp\/v2\/product"}],"about":[{"href":"https:\/\/dispear-records.com\/index.php\/wp-json\/wp\/v2\/types\/product"}],"wp:featuredmedia":[{"embeddable":true,"href":"https:\/\/dispear-records.com\/index.php\/wp-json\/wp\/v2\/media\/347"}],"wp:attachment":[{"href":"https:\/\/dispear-records.com\/index.php\/wp-json\/wp\/v2\/media?parent=259"}],"wp:term":[{"taxonomy":"product_brand","embeddable":true,"href":"https:\/\/dispear-records.com\/index.php\/wp-json\/wp\/v2\/product_brand?post=259"},{"taxonomy":"product_cat","embeddable":true,"href":"https:\/\/dispear-records.com\/index.php\/wp-json\/wp\/v2\/product_cat?post=259"},{"taxonomy":"product_tag","embeddable":true,"href":"https:\/\/dispear-records.com\/index.php\/wp-json\/wp\/v2\/product_tag?post=259"}],"curies":[{"name":"wp","href":"https:\/\/api.w.org\/{rel}","templated":true}]}}