{"id":275,"date":"2021-11-22T21:57:19","date_gmt":"2021-11-22T20:57:19","guid":{"rendered":"https:\/\/dispear-records.com\/?post_type=product&#038;p=275"},"modified":"2025-03-12T14:24:05","modified_gmt":"2025-03-12T13:24:05","slug":"cassette-dirty-fonzy-too-old-for-this-shit","status":"publish","type":"product","link":"https:\/\/dispear-records.com\/index.php\/produit\/cassette-dirty-fonzy-too-old-for-this-shit\/","title":{"rendered":"[Cassette] Dirty Fonzy &#8211; Too Old For This Shit"},"content":{"rendered":"<p><span style=\"font-weight: 400;\">Cette magnifique cassette de type punk rock un peu v\u00e9ner mais pas trop aura toute sa place sur ton \u00e9tag\u00e8re \u00e0 cassettes de collection dans ton salon. Car oui, on est sur un objet de collection en r\u00e9\u00e9dition ultra limit\u00e9e. Accessoirement, c&rsquo;est aussi un des albums devenu culte des Albigeois. Sorti en 2012, cet opus oscille entre une Face A \u00e0 mi chemin entre le skate punk et le punk HxC 80ies, et une Face B avec des accents ska tr\u00e8s marqu\u00e9s dans le pur style Rancid qu&rsquo;on aime bien ! <\/span><\/p>\n<p><span style=\"font-weight: 400;\">Pour info Albi, c &lsquo;est la capitale du Zguen. Et les types de Dirty Fonzy zguennent \u00e0 fond depuis 15 ans sur toutes les sc\u00e8nes de France et de Navarre !<\/span><\/p>\n<p><span style=\"font-weight: 400;\">Edition limit\u00e9e \u00e0 100 exemplaires num\u00e9rot\u00e9s.<\/span><\/p>\n<p>&nbsp;<\/p>\n","protected":false},"excerpt":{"rendered":"<p><strong>Dirty Fonzy &#8211; Too Old For This Shit<\/strong><br \/>\n2012 \/\/ 7 tracks<br \/>\nPunk Rock<br \/>\nAlbi \/\/ France<\/p>\n","protected":false},"featured_media":284,"template":"","meta":[],"product_brand":[],"product_cat":[19,38],"product_tag":[28],"class_list":{"0":"post-275","1":"product","2":"type-product","3":"status-publish","4":"has-post-thumbnail","6":"product_cat-cassettes","7":"product_cat-dirty-fonzy","8":"product_tag-punk-rock","10":"first","11":"instock","12":"shipping-taxable","13":"purchasable","14":"product-type-simple"},"yoast_head":"<!-- This site is optimized with the Yoast SEO plugin v27.6 - https:\/\/yoast.com\/product\/yoast-seo-wordpress\/ -->\n<title>[Cassette] Dirty Fonzy - Too Old For This Shit - Dispear Records<\/title>\n<meta name=\"description\" content=\"Entre skate punk et punk hardcore 80ies, Too Old For This Shit est un classique de Dirty Fonzy. Sorti en 2012, il est maintenant dispo en cassette !\" \/>\n<meta name=\"robots\" content=\"index, follow, max-snippet:-1, max-image-preview:large, max-video-preview:-1\" \/>\n<link rel=\"canonical\" href=\"https:\/\/dispear-records.com\/index.php\/produit\/cassette-dirty-fonzy-too-old-for-this-shit\/\" \/>\n<meta property=\"og:locale\" content=\"fr_FR\" \/>\n<meta property=\"og:type\" content=\"article\" \/>\n<meta property=\"og:title\" content=\"[Cassette] Dirty Fonzy - Too Old For This Shit - Dispear Records\" \/>\n<meta property=\"og:description\" content=\"Entre skate punk et punk hardcore 80ies, Too Old For This Shit est un classique de Dirty Fonzy. Sorti en 2012, il est maintenant dispo en cassette !\" \/>\n<meta property=\"og:url\" content=\"https:\/\/dispear-records.com\/index.php\/produit\/cassette-dirty-fonzy-too-old-for-this-shit\/\" \/>\n<meta property=\"og:site_name\" content=\"Dispear Records\" \/>\n<meta property=\"article:modified_time\" content=\"2025-03-12T13:24:05+00:00\" \/>\n<meta property=\"og:image\" content=\"https:\/\/dispear-records.com\/wp-content\/uploads\/2021\/11\/IMG_0591.jpg\" \/>\n\t<meta property=\"og:image:width\" content=\"1000\" \/>\n\t<meta property=\"og:image:height\" content=\"1000\" \/>\n\t<meta property=\"og:image:type\" content=\"image\/jpeg\" \/>\n<meta name=\"twitter:card\" content=\"summary_large_image\" \/>\n<meta name=\"twitter:label1\" content=\"Dur\u00e9e de lecture estim\u00e9e\" \/>\n\t<meta name=\"twitter:data1\" content=\"1 minute\" \/>\n<script type=\"application\/ld+json\" class=\"yoast-schema-graph\">{\"@context\":\"https:\\\/\\\/schema.org\",\"@graph\":[{\"@type\":\"WebPage\",\"@id\":\"https:\\\/\\\/dispear-records.com\\\/index.php\\\/produit\\\/cassette-dirty-fonzy-too-old-for-this-shit\\\/\",\"url\":\"https:\\\/\\\/dispear-records.com\\\/index.php\\\/produit\\\/cassette-dirty-fonzy-too-old-for-this-shit\\\/\",\"name\":\"[Cassette] Dirty Fonzy - Too Old For This Shit - Dispear Records\",\"isPartOf\":{\"@id\":\"https:\\\/\\\/dispear-records.com\\\/#website\"},\"primaryImageOfPage\":{\"@id\":\"https:\\\/\\\/dispear-records.com\\\/index.php\\\/produit\\\/cassette-dirty-fonzy-too-old-for-this-shit\\\/#primaryimage\"},\"image\":{\"@id\":\"https:\\\/\\\/dispear-records.com\\\/index.php\\\/produit\\\/cassette-dirty-fonzy-too-old-for-this-shit\\\/#primaryimage\"},\"thumbnailUrl\":\"https:\\\/\\\/dispear-records.com\\\/wp-content\\\/uploads\\\/2021\\\/11\\\/IMG_0591.jpg\",\"datePublished\":\"2021-11-22T20:57:19+00:00\",\"dateModified\":\"2025-03-12T13:24:05+00:00\",\"description\":\"Entre skate punk et punk hardcore 80ies, Too Old For This Shit est un classique de Dirty Fonzy. Sorti en 2012, il est maintenant dispo en cassette !\",\"breadcrumb\":{\"@id\":\"https:\\\/\\\/dispear-records.com\\\/index.php\\\/produit\\\/cassette-dirty-fonzy-too-old-for-this-shit\\\/#breadcrumb\"},\"inLanguage\":\"fr-FR\",\"potentialAction\":[{\"@type\":\"ReadAction\",\"target\":[\"https:\\\/\\\/dispear-records.com\\\/index.php\\\/produit\\\/cassette-dirty-fonzy-too-old-for-this-shit\\\/\"]}]},{\"@type\":\"ImageObject\",\"inLanguage\":\"fr-FR\",\"@id\":\"https:\\\/\\\/dispear-records.com\\\/index.php\\\/produit\\\/cassette-dirty-fonzy-too-old-for-this-shit\\\/#primaryimage\",\"url\":\"https:\\\/\\\/dispear-records.com\\\/wp-content\\\/uploads\\\/2021\\\/11\\\/IMG_0591.jpg\",\"contentUrl\":\"https:\\\/\\\/dispear-records.com\\\/wp-content\\\/uploads\\\/2021\\\/11\\\/IMG_0591.jpg\",\"width\":1000,\"height\":1000},{\"@type\":\"BreadcrumbList\",\"@id\":\"https:\\\/\\\/dispear-records.com\\\/index.php\\\/produit\\\/cassette-dirty-fonzy-too-old-for-this-shit\\\/#breadcrumb\",\"itemListElement\":[{\"@type\":\"ListItem\",\"position\":1,\"name\":\"Accueil\",\"item\":\"https:\\\/\\\/dispear-records.com\\\/\"},{\"@type\":\"ListItem\",\"position\":2,\"name\":\"Boutique\",\"item\":\"https:\\\/\\\/dispear-records.com\\\/\"},{\"@type\":\"ListItem\",\"position\":3,\"name\":\"[Cassette] Dirty Fonzy &#8211; Too Old For This Shit\"}]},{\"@type\":\"WebSite\",\"@id\":\"https:\\\/\\\/dispear-records.com\\\/#website\",\"url\":\"https:\\\/\\\/dispear-records.com\\\/\",\"name\":\"Dispear Records\",\"description\":\"DIY punk &amp; hardcore label\",\"publisher\":{\"@id\":\"https:\\\/\\\/dispear-records.com\\\/#organization\"},\"potentialAction\":[{\"@type\":\"SearchAction\",\"target\":{\"@type\":\"EntryPoint\",\"urlTemplate\":\"https:\\\/\\\/dispear-records.com\\\/?s={search_term_string}\"},\"query-input\":{\"@type\":\"PropertyValueSpecification\",\"valueRequired\":true,\"valueName\":\"search_term_string\"}}],\"inLanguage\":\"fr-FR\"},{\"@type\":\"Organization\",\"@id\":\"https:\\\/\\\/dispear-records.com\\\/#organization\",\"name\":\"Dispear Records\",\"url\":\"https:\\\/\\\/dispear-records.com\\\/\",\"logo\":{\"@type\":\"ImageObject\",\"inLanguage\":\"fr-FR\",\"@id\":\"https:\\\/\\\/dispear-records.com\\\/#\\\/schema\\\/logo\\\/image\\\/\",\"url\":\"https:\\\/\\\/dispear-records.com\\\/wp-content\\\/uploads\\\/2021\\\/06\\\/cropped-cropped-dispear.png\",\"contentUrl\":\"https:\\\/\\\/dispear-records.com\\\/wp-content\\\/uploads\\\/2021\\\/06\\\/cropped-cropped-dispear.png\",\"width\":2592,\"height\":709,\"caption\":\"Dispear Records\"},\"image\":{\"@id\":\"https:\\\/\\\/dispear-records.com\\\/#\\\/schema\\\/logo\\\/image\\\/\"}}]}<\/script>\n<!-- \/ Yoast SEO plugin. -->","yoast_head_json":{"title":"[Cassette] Dirty Fonzy - Too Old For This Shit - Dispear Records","description":"Entre skate punk et punk hardcore 80ies, Too Old For This Shit est un classique de Dirty Fonzy. Sorti en 2012, il est maintenant dispo en cassette !","robots":{"index":"index","follow":"follow","max-snippet":"max-snippet:-1","max-image-preview":"max-image-preview:large","max-video-preview":"max-video-preview:-1"},"canonical":"https:\/\/dispear-records.com\/index.php\/produit\/cassette-dirty-fonzy-too-old-for-this-shit\/","og_locale":"fr_FR","og_type":"article","og_title":"[Cassette] Dirty Fonzy - Too Old For This Shit - Dispear Records","og_description":"Entre skate punk et punk hardcore 80ies, Too Old For This Shit est un classique de Dirty Fonzy. Sorti en 2012, il est maintenant dispo en cassette !","og_url":"https:\/\/dispear-records.com\/index.php\/produit\/cassette-dirty-fonzy-too-old-for-this-shit\/","og_site_name":"Dispear Records","article_modified_time":"2025-03-12T13:24:05+00:00","og_image":[{"width":1000,"height":1000,"url":"https:\/\/dispear-records.com\/wp-content\/uploads\/2021\/11\/IMG_0591.jpg","type":"image\/jpeg"}],"twitter_card":"summary_large_image","twitter_misc":{"Dur\u00e9e de lecture estim\u00e9e":"1 minute"},"schema":{"@context":"https:\/\/schema.org","@graph":[{"@type":"WebPage","@id":"https:\/\/dispear-records.com\/index.php\/produit\/cassette-dirty-fonzy-too-old-for-this-shit\/","url":"https:\/\/dispear-records.com\/index.php\/produit\/cassette-dirty-fonzy-too-old-for-this-shit\/","name":"[Cassette] Dirty Fonzy - Too Old For This Shit - Dispear Records","isPartOf":{"@id":"https:\/\/dispear-records.com\/#website"},"primaryImageOfPage":{"@id":"https:\/\/dispear-records.com\/index.php\/produit\/cassette-dirty-fonzy-too-old-for-this-shit\/#primaryimage"},"image":{"@id":"https:\/\/dispear-records.com\/index.php\/produit\/cassette-dirty-fonzy-too-old-for-this-shit\/#primaryimage"},"thumbnailUrl":"https:\/\/dispear-records.com\/wp-content\/uploads\/2021\/11\/IMG_0591.jpg","datePublished":"2021-11-22T20:57:19+00:00","dateModified":"2025-03-12T13:24:05+00:00","description":"Entre skate punk et punk hardcore 80ies, Too Old For This Shit est un classique de Dirty Fonzy. Sorti en 2012, il est maintenant dispo en cassette !","breadcrumb":{"@id":"https:\/\/dispear-records.com\/index.php\/produit\/cassette-dirty-fonzy-too-old-for-this-shit\/#breadcrumb"},"inLanguage":"fr-FR","potentialAction":[{"@type":"ReadAction","target":["https:\/\/dispear-records.com\/index.php\/produit\/cassette-dirty-fonzy-too-old-for-this-shit\/"]}]},{"@type":"ImageObject","inLanguage":"fr-FR","@id":"https:\/\/dispear-records.com\/index.php\/produit\/cassette-dirty-fonzy-too-old-for-this-shit\/#primaryimage","url":"https:\/\/dispear-records.com\/wp-content\/uploads\/2021\/11\/IMG_0591.jpg","contentUrl":"https:\/\/dispear-records.com\/wp-content\/uploads\/2021\/11\/IMG_0591.jpg","width":1000,"height":1000},{"@type":"BreadcrumbList","@id":"https:\/\/dispear-records.com\/index.php\/produit\/cassette-dirty-fonzy-too-old-for-this-shit\/#breadcrumb","itemListElement":[{"@type":"ListItem","position":1,"name":"Accueil","item":"https:\/\/dispear-records.com\/"},{"@type":"ListItem","position":2,"name":"Boutique","item":"https:\/\/dispear-records.com\/"},{"@type":"ListItem","position":3,"name":"[Cassette] Dirty Fonzy &#8211; Too Old For This Shit"}]},{"@type":"WebSite","@id":"https:\/\/dispear-records.com\/#website","url":"https:\/\/dispear-records.com\/","name":"Dispear Records","description":"DIY punk &amp; hardcore label","publisher":{"@id":"https:\/\/dispear-records.com\/#organization"},"potentialAction":[{"@type":"SearchAction","target":{"@type":"EntryPoint","urlTemplate":"https:\/\/dispear-records.com\/?s={search_term_string}"},"query-input":{"@type":"PropertyValueSpecification","valueRequired":true,"valueName":"search_term_string"}}],"inLanguage":"fr-FR"},{"@type":"Organization","@id":"https:\/\/dispear-records.com\/#organization","name":"Dispear Records","url":"https:\/\/dispear-records.com\/","logo":{"@type":"ImageObject","inLanguage":"fr-FR","@id":"https:\/\/dispear-records.com\/#\/schema\/logo\/image\/","url":"https:\/\/dispear-records.com\/wp-content\/uploads\/2021\/06\/cropped-cropped-dispear.png","contentUrl":"https:\/\/dispear-records.com\/wp-content\/uploads\/2021\/06\/cropped-cropped-dispear.png","width":2592,"height":709,"caption":"Dispear Records"},"image":{"@id":"https:\/\/dispear-records.com\/#\/schema\/logo\/image\/"}}]}},"_links":{"self":[{"href":"https:\/\/dispear-records.com\/index.php\/wp-json\/wp\/v2\/product\/275","targetHints":{"allow":["GET"]}}],"collection":[{"href":"https:\/\/dispear-records.com\/index.php\/wp-json\/wp\/v2\/product"}],"about":[{"href":"https:\/\/dispear-records.com\/index.php\/wp-json\/wp\/v2\/types\/product"}],"wp:featuredmedia":[{"embeddable":true,"href":"https:\/\/dispear-records.com\/index.php\/wp-json\/wp\/v2\/media\/284"}],"wp:attachment":[{"href":"https:\/\/dispear-records.com\/index.php\/wp-json\/wp\/v2\/media?parent=275"}],"wp:term":[{"taxonomy":"product_brand","embeddable":true,"href":"https:\/\/dispear-records.com\/index.php\/wp-json\/wp\/v2\/product_brand?post=275"},{"taxonomy":"product_cat","embeddable":true,"href":"https:\/\/dispear-records.com\/index.php\/wp-json\/wp\/v2\/product_cat?post=275"},{"taxonomy":"product_tag","embeddable":true,"href":"https:\/\/dispear-records.com\/index.php\/wp-json\/wp\/v2\/product_tag?post=275"}],"curies":[{"name":"wp","href":"https:\/\/api.w.org\/{rel}","templated":true}]}}