{"id":319,"date":"2021-12-24T17:25:46","date_gmt":"2021-12-24T16:25:46","guid":{"rendered":"https:\/\/dispear-records.com\/?post_type=product&#038;p=319"},"modified":"2026-03-12T21:38:59","modified_gmt":"2026-03-12T20:38:59","slug":"cassette-youth-avoiders-relentless","status":"publish","type":"product","link":"https:\/\/dispear-records.com\/index.php\/produit\/cassette-youth-avoiders-relentless\/","title":{"rendered":"SOLD OUT [Cassette] Youth Avoiders &#8211; Relentless"},"content":{"rendered":"<p>Laissez-nous vous pr\u00e9senter cette cassette du plus bel effet, avec sur ses bandes magn\u00e9tiques le dernier opus de Youth Avoiders, Relentless, sorti en 2018. On est sur du groupe parisien de hardcore punk o\u00f9 se c\u00f4toient des influences hardcore old school, street punk et m\u00eame skate punk. \u00c7a joue \u00e0 fond une belle enchainade de tubes hyper f\u00e9d\u00e9rateurs. En \u00e9coutant cet album on pense \u00e0 plein de groupes d\u2019horizons vari\u00e9s (ouais enfin pas tant, \u00e7a reste du punk). Il y a du Terrible Feelings, du Night Birds, du Minor Threat, du Jodie Faster et m\u00eame un peu de The Hives sur les bords ! Voila si tu connais pas, \u00e7a bastonne, c&rsquo;est frais, \u00e7a s&rsquo;\u00e9coute facilement au petit d\u00e9j, et pour nous c&rsquo;est un album culte !<\/p>\n<p>Toujours en \u00e9dition num\u00e9rot\u00e9e limit\u00e9e \u00e0 100 exemplaires. Donc si t\u2019h\u00e9sites, h\u00e9sites pas trop longtemps parce qu&rsquo;on va pas en avoir \u00e9ternellement.<\/p>\n<p><em>Recorded by Nicolas Bazire and mixed by Guillaume Doussaud at Swan Sound Studio.<\/em><br \/>\n<em>Mastered by Daniel Husayn at North London Bomb Factory.<\/em><br \/>\n<em>Cover photos and layout by Joan Dastarac.<\/em><\/p>\n<p><iframe style=\"border: 0; width: 400px; height: 472px;\" src=\"https:\/\/bandcamp.com\/EmbeddedPlayer\/album=1287973297\/size=large\/bgcol=ffffff\/linkcol=333333\/artwork=small\/transparent=true\/\" seamless=\"\"><span data-mce-type=\"bookmark\" style=\"display: inline-block; width: 0px; overflow: hidden; line-height: 0;\" class=\"mce_SELRES_start\">\ufeff<\/span><\/iframe><\/p>\n","protected":false},"excerpt":{"rendered":"<p><strong>Youth Avoiders &#8211; Relentless<\/strong><br \/>\n2018 \/\/ 11 tracks<br \/>\nHardcore punk<br \/>\nParis \/\/ France<\/p>\n","protected":false},"featured_media":326,"template":"","meta":[],"product_brand":[],"product_cat":[19,39],"product_tag":[23],"class_list":{"0":"post-319","1":"product","2":"type-product","3":"status-publish","4":"has-post-thumbnail","6":"product_cat-cassettes","7":"product_cat-youth-avoiders","8":"product_tag-hardcore-punk","10":"first","11":"outofstock","12":"shipping-taxable","13":"purchasable","14":"product-type-simple"},"yoast_head":"<!-- This site is optimized with the Yoast SEO plugin v27.5 - https:\/\/yoast.com\/product\/yoast-seo-wordpress\/ -->\n<title>SOLD OUT [Cassette] Youth Avoiders - Relentless - Dispear Records<\/title>\n<meta name=\"description\" content=\"Reletless : l&#039;album culte des non moins cultissimes Youth Avoiders, incontournables de la sc\u00e8ne punk hardcore hexagonale ! En cassette chez Dispear Records\" \/>\n<meta name=\"robots\" content=\"index, follow, max-snippet:-1, max-image-preview:large, max-video-preview:-1\" \/>\n<link rel=\"canonical\" href=\"https:\/\/dispear-records.com\/index.php\/produit\/cassette-youth-avoiders-relentless\/\" \/>\n<meta property=\"og:locale\" content=\"fr_FR\" \/>\n<meta property=\"og:type\" content=\"article\" \/>\n<meta property=\"og:title\" content=\"SOLD OUT [Cassette] Youth Avoiders - Relentless - Dispear Records\" \/>\n<meta property=\"og:description\" content=\"Reletless : l&#039;album culte des non moins cultissimes Youth Avoiders, incontournables de la sc\u00e8ne punk hardcore hexagonale ! En cassette chez Dispear Records\" \/>\n<meta property=\"og:url\" content=\"https:\/\/dispear-records.com\/index.php\/produit\/cassette-youth-avoiders-relentless\/\" \/>\n<meta property=\"og:site_name\" content=\"Dispear Records\" \/>\n<meta property=\"article:modified_time\" content=\"2026-03-12T20:38:59+00:00\" \/>\n<meta property=\"og:image\" content=\"https:\/\/dispear-records.com\/wp-content\/uploads\/2021\/12\/DSPR21003-5small-1.jpg\" \/>\n\t<meta property=\"og:image:width\" content=\"1000\" \/>\n\t<meta property=\"og:image:height\" content=\"1000\" \/>\n\t<meta property=\"og:image:type\" content=\"image\/jpeg\" \/>\n<meta name=\"twitter:card\" content=\"summary_large_image\" \/>\n<meta name=\"twitter:label1\" content=\"Dur\u00e9e de lecture estim\u00e9e\" \/>\n\t<meta name=\"twitter:data1\" content=\"2 minutes\" \/>\n<script type=\"application\/ld+json\" class=\"yoast-schema-graph\">{\"@context\":\"https:\\\/\\\/schema.org\",\"@graph\":[{\"@type\":\"WebPage\",\"@id\":\"https:\\\/\\\/dispear-records.com\\\/index.php\\\/produit\\\/cassette-youth-avoiders-relentless\\\/\",\"url\":\"https:\\\/\\\/dispear-records.com\\\/index.php\\\/produit\\\/cassette-youth-avoiders-relentless\\\/\",\"name\":\"SOLD OUT [Cassette] Youth Avoiders - Relentless - Dispear Records\",\"isPartOf\":{\"@id\":\"https:\\\/\\\/dispear-records.com\\\/#website\"},\"primaryImageOfPage\":{\"@id\":\"https:\\\/\\\/dispear-records.com\\\/index.php\\\/produit\\\/cassette-youth-avoiders-relentless\\\/#primaryimage\"},\"image\":{\"@id\":\"https:\\\/\\\/dispear-records.com\\\/index.php\\\/produit\\\/cassette-youth-avoiders-relentless\\\/#primaryimage\"},\"thumbnailUrl\":\"https:\\\/\\\/dispear-records.com\\\/wp-content\\\/uploads\\\/2021\\\/12\\\/DSPR21003-5small-1.jpg\",\"datePublished\":\"2021-12-24T16:25:46+00:00\",\"dateModified\":\"2026-03-12T20:38:59+00:00\",\"description\":\"Reletless : l'album culte des non moins cultissimes Youth Avoiders, incontournables de la sc\u00e8ne punk hardcore hexagonale ! En cassette chez Dispear Records\",\"breadcrumb\":{\"@id\":\"https:\\\/\\\/dispear-records.com\\\/index.php\\\/produit\\\/cassette-youth-avoiders-relentless\\\/#breadcrumb\"},\"inLanguage\":\"fr-FR\",\"potentialAction\":[{\"@type\":\"ReadAction\",\"target\":[\"https:\\\/\\\/dispear-records.com\\\/index.php\\\/produit\\\/cassette-youth-avoiders-relentless\\\/\"]}]},{\"@type\":\"ImageObject\",\"inLanguage\":\"fr-FR\",\"@id\":\"https:\\\/\\\/dispear-records.com\\\/index.php\\\/produit\\\/cassette-youth-avoiders-relentless\\\/#primaryimage\",\"url\":\"https:\\\/\\\/dispear-records.com\\\/wp-content\\\/uploads\\\/2021\\\/12\\\/DSPR21003-5small-1.jpg\",\"contentUrl\":\"https:\\\/\\\/dispear-records.com\\\/wp-content\\\/uploads\\\/2021\\\/12\\\/DSPR21003-5small-1.jpg\",\"width\":1000,\"height\":1000},{\"@type\":\"BreadcrumbList\",\"@id\":\"https:\\\/\\\/dispear-records.com\\\/index.php\\\/produit\\\/cassette-youth-avoiders-relentless\\\/#breadcrumb\",\"itemListElement\":[{\"@type\":\"ListItem\",\"position\":1,\"name\":\"Accueil\",\"item\":\"https:\\\/\\\/dispear-records.com\\\/\"},{\"@type\":\"ListItem\",\"position\":2,\"name\":\"Boutique\",\"item\":\"https:\\\/\\\/dispear-records.com\\\/\"},{\"@type\":\"ListItem\",\"position\":3,\"name\":\"SOLD OUT [Cassette] Youth Avoiders &#8211; Relentless\"}]},{\"@type\":\"WebSite\",\"@id\":\"https:\\\/\\\/dispear-records.com\\\/#website\",\"url\":\"https:\\\/\\\/dispear-records.com\\\/\",\"name\":\"Dispear Records\",\"description\":\"DIY punk &amp; hardcore label\",\"publisher\":{\"@id\":\"https:\\\/\\\/dispear-records.com\\\/#organization\"},\"potentialAction\":[{\"@type\":\"SearchAction\",\"target\":{\"@type\":\"EntryPoint\",\"urlTemplate\":\"https:\\\/\\\/dispear-records.com\\\/?s={search_term_string}\"},\"query-input\":{\"@type\":\"PropertyValueSpecification\",\"valueRequired\":true,\"valueName\":\"search_term_string\"}}],\"inLanguage\":\"fr-FR\"},{\"@type\":\"Organization\",\"@id\":\"https:\\\/\\\/dispear-records.com\\\/#organization\",\"name\":\"Dispear Records\",\"url\":\"https:\\\/\\\/dispear-records.com\\\/\",\"logo\":{\"@type\":\"ImageObject\",\"inLanguage\":\"fr-FR\",\"@id\":\"https:\\\/\\\/dispear-records.com\\\/#\\\/schema\\\/logo\\\/image\\\/\",\"url\":\"https:\\\/\\\/dispear-records.com\\\/wp-content\\\/uploads\\\/2021\\\/06\\\/cropped-cropped-dispear.png\",\"contentUrl\":\"https:\\\/\\\/dispear-records.com\\\/wp-content\\\/uploads\\\/2021\\\/06\\\/cropped-cropped-dispear.png\",\"width\":2592,\"height\":709,\"caption\":\"Dispear Records\"},\"image\":{\"@id\":\"https:\\\/\\\/dispear-records.com\\\/#\\\/schema\\\/logo\\\/image\\\/\"}}]}<\/script>\n<!-- \/ Yoast SEO plugin. -->","yoast_head_json":{"title":"SOLD OUT [Cassette] Youth Avoiders - Relentless - Dispear Records","description":"Reletless : l'album culte des non moins cultissimes Youth Avoiders, incontournables de la sc\u00e8ne punk hardcore hexagonale ! En cassette chez Dispear Records","robots":{"index":"index","follow":"follow","max-snippet":"max-snippet:-1","max-image-preview":"max-image-preview:large","max-video-preview":"max-video-preview:-1"},"canonical":"https:\/\/dispear-records.com\/index.php\/produit\/cassette-youth-avoiders-relentless\/","og_locale":"fr_FR","og_type":"article","og_title":"SOLD OUT [Cassette] Youth Avoiders - Relentless - Dispear Records","og_description":"Reletless : l'album culte des non moins cultissimes Youth Avoiders, incontournables de la sc\u00e8ne punk hardcore hexagonale ! En cassette chez Dispear Records","og_url":"https:\/\/dispear-records.com\/index.php\/produit\/cassette-youth-avoiders-relentless\/","og_site_name":"Dispear Records","article_modified_time":"2026-03-12T20:38:59+00:00","og_image":[{"width":1000,"height":1000,"url":"https:\/\/dispear-records.com\/wp-content\/uploads\/2021\/12\/DSPR21003-5small-1.jpg","type":"image\/jpeg"}],"twitter_card":"summary_large_image","twitter_misc":{"Dur\u00e9e de lecture estim\u00e9e":"2 minutes"},"schema":{"@context":"https:\/\/schema.org","@graph":[{"@type":"WebPage","@id":"https:\/\/dispear-records.com\/index.php\/produit\/cassette-youth-avoiders-relentless\/","url":"https:\/\/dispear-records.com\/index.php\/produit\/cassette-youth-avoiders-relentless\/","name":"SOLD OUT [Cassette] Youth Avoiders - Relentless - Dispear Records","isPartOf":{"@id":"https:\/\/dispear-records.com\/#website"},"primaryImageOfPage":{"@id":"https:\/\/dispear-records.com\/index.php\/produit\/cassette-youth-avoiders-relentless\/#primaryimage"},"image":{"@id":"https:\/\/dispear-records.com\/index.php\/produit\/cassette-youth-avoiders-relentless\/#primaryimage"},"thumbnailUrl":"https:\/\/dispear-records.com\/wp-content\/uploads\/2021\/12\/DSPR21003-5small-1.jpg","datePublished":"2021-12-24T16:25:46+00:00","dateModified":"2026-03-12T20:38:59+00:00","description":"Reletless : l'album culte des non moins cultissimes Youth Avoiders, incontournables de la sc\u00e8ne punk hardcore hexagonale ! En cassette chez Dispear Records","breadcrumb":{"@id":"https:\/\/dispear-records.com\/index.php\/produit\/cassette-youth-avoiders-relentless\/#breadcrumb"},"inLanguage":"fr-FR","potentialAction":[{"@type":"ReadAction","target":["https:\/\/dispear-records.com\/index.php\/produit\/cassette-youth-avoiders-relentless\/"]}]},{"@type":"ImageObject","inLanguage":"fr-FR","@id":"https:\/\/dispear-records.com\/index.php\/produit\/cassette-youth-avoiders-relentless\/#primaryimage","url":"https:\/\/dispear-records.com\/wp-content\/uploads\/2021\/12\/DSPR21003-5small-1.jpg","contentUrl":"https:\/\/dispear-records.com\/wp-content\/uploads\/2021\/12\/DSPR21003-5small-1.jpg","width":1000,"height":1000},{"@type":"BreadcrumbList","@id":"https:\/\/dispear-records.com\/index.php\/produit\/cassette-youth-avoiders-relentless\/#breadcrumb","itemListElement":[{"@type":"ListItem","position":1,"name":"Accueil","item":"https:\/\/dispear-records.com\/"},{"@type":"ListItem","position":2,"name":"Boutique","item":"https:\/\/dispear-records.com\/"},{"@type":"ListItem","position":3,"name":"SOLD OUT [Cassette] Youth Avoiders &#8211; Relentless"}]},{"@type":"WebSite","@id":"https:\/\/dispear-records.com\/#website","url":"https:\/\/dispear-records.com\/","name":"Dispear Records","description":"DIY punk &amp; hardcore label","publisher":{"@id":"https:\/\/dispear-records.com\/#organization"},"potentialAction":[{"@type":"SearchAction","target":{"@type":"EntryPoint","urlTemplate":"https:\/\/dispear-records.com\/?s={search_term_string}"},"query-input":{"@type":"PropertyValueSpecification","valueRequired":true,"valueName":"search_term_string"}}],"inLanguage":"fr-FR"},{"@type":"Organization","@id":"https:\/\/dispear-records.com\/#organization","name":"Dispear Records","url":"https:\/\/dispear-records.com\/","logo":{"@type":"ImageObject","inLanguage":"fr-FR","@id":"https:\/\/dispear-records.com\/#\/schema\/logo\/image\/","url":"https:\/\/dispear-records.com\/wp-content\/uploads\/2021\/06\/cropped-cropped-dispear.png","contentUrl":"https:\/\/dispear-records.com\/wp-content\/uploads\/2021\/06\/cropped-cropped-dispear.png","width":2592,"height":709,"caption":"Dispear Records"},"image":{"@id":"https:\/\/dispear-records.com\/#\/schema\/logo\/image\/"}}]}},"_links":{"self":[{"href":"https:\/\/dispear-records.com\/index.php\/wp-json\/wp\/v2\/product\/319","targetHints":{"allow":["GET"]}}],"collection":[{"href":"https:\/\/dispear-records.com\/index.php\/wp-json\/wp\/v2\/product"}],"about":[{"href":"https:\/\/dispear-records.com\/index.php\/wp-json\/wp\/v2\/types\/product"}],"wp:featuredmedia":[{"embeddable":true,"href":"https:\/\/dispear-records.com\/index.php\/wp-json\/wp\/v2\/media\/326"}],"wp:attachment":[{"href":"https:\/\/dispear-records.com\/index.php\/wp-json\/wp\/v2\/media?parent=319"}],"wp:term":[{"taxonomy":"product_brand","embeddable":true,"href":"https:\/\/dispear-records.com\/index.php\/wp-json\/wp\/v2\/product_brand?post=319"},{"taxonomy":"product_cat","embeddable":true,"href":"https:\/\/dispear-records.com\/index.php\/wp-json\/wp\/v2\/product_cat?post=319"},{"taxonomy":"product_tag","embeddable":true,"href":"https:\/\/dispear-records.com\/index.php\/wp-json\/wp\/v2\/product_tag?post=319"}],"curies":[{"name":"wp","href":"https:\/\/api.w.org\/{rel}","templated":true}]}}