{"id":44,"date":"2021-06-30T22:22:54","date_gmt":"2021-06-30T20:22:54","guid":{"rendered":"https:\/\/dispear-records.com\/?post_type=product&#038;p=44"},"modified":"2024-04-07T20:15:58","modified_gmt":"2024-04-07T18:15:58","slug":"cassette-the-dead-krazukies-icarus","status":"publish","type":"product","link":"https:\/\/dispear-records.com\/index.php\/produit\/cassette-the-dead-krazukies-icarus\/","title":{"rendered":"SOLD OUT &#8211; [Cassette] The Dead Krazukies &#8211; Icarus"},"content":{"rendered":"<p><span style=\"font-weight: 400;\">Tu kiff le Punk HxC M\u00e9lo ? T\u2019en as marre d\u2019\u00e9couter et r\u00e9\u00e9couter en boucle tes albums tout rinc\u00e9s de Propaghandi, Good Riddance, Bad Religion ou Anti Flag ? Tes amis te demandent de te mettre \u00e0 la page et de vivre avec ton \u00e9poque ? Tu voudrais soutenir la sc\u00e8ne punk fran\u00e7aise inclusive (dixit Fafo le bassiste du groupe, parce que \u00ab\u00a0ouais c&rsquo;est une meuf au chant t\u2019as vu ?\u00a0\u00bb). Tu voudrais gagner en street cred avec un objet \u201cback to the future\u201d en \u00e9dition limit\u00e9e ? Cette cassette est faite pour toi ! Mieux, elle donnera un sens \u00e0 ta vie\u2026 et \u00e0 celle de ton vieil autoradio. Tu peux aussi <a href=\"https:\/\/www.leboncoin.fr\/recherche?category=16&amp;text=walkman%20cassette\" target=\"_blank\" rel=\"noopener\">t&rsquo;acheter un walkman<\/a>.<\/span><\/p>\n<p><span style=\"font-weight: 400;\">Punk HxC M\u00e9lo from Hossegor &#8211; Landifornia (vous l&rsquo;avez ?)<\/span><\/p>\n<p><span style=\"font-weight: 400;\">Edition limit\u00e9e \u00e0 100 exemplaires num\u00e9rot\u00e9s.<\/span><\/p>\n<p><em>Recorded by Serge Bianne at <a href=\"http:\/\/aturristudio.fr\" target=\"_blank\" rel=\"noopener\">Aturri Studio<\/a>, Mouguerre, France.<\/em><br \/>\n<em>Recorded by Phil Krazuki at Alien Studios, Tosse, France.<\/em><br \/>\n<em>Mixed and mastered by <a href=\"http:\/\/christiancarvin.com\/\" target=\"_blank\" rel=\"noopener\">Christian Carvin at All Production<\/a>, St Andr\u00e9 d\u2019Embrun, France.<\/em><br \/>\n<em>All songs written by Phil Krazuki and performed by The Dead Krazukies.<\/em><br \/>\n<em>The Dead Krazukies are: Maider (lead vocals), Fafo (lead guitar, vocals), KK (rythm guitar, vocals), Juju (bass, vocals), Phil (drums, vocals).<\/em><br \/>\n<em>Additional back up vocals by Christian Carvin.<\/em><br \/>\n<em>Artwork by Phil.<\/em><\/p>\n<p><iframe style=\"border: 0; width: 500px; height: 472px;\" src=\"https:\/\/bandcamp.com\/EmbeddedPlayer\/album=270759743\/size=large\/bgcol=ffffff\/linkcol=333333\/artwork=small\/transparent=true\/\" seamless=\"\"><a href=\"https:\/\/thedeadkrazukies.bandcamp.com\/album\/icarus\">Icarus by The Dead Krazukies<\/a><\/iframe><\/p>\n","protected":false},"excerpt":{"rendered":"<p><strong>The Dead Krazukies &#8211; Icarus<\/strong><br \/>\n2020 \/\/ 12 tracks<br \/>\nPunk Rock<br \/>\nHossegor \/\/ France<\/p>\n","protected":false},"featured_media":200,"template":"","meta":[],"product_brand":[],"product_cat":[19,52],"product_tag":[28],"class_list":{"0":"post-44","1":"product","2":"type-product","3":"status-publish","4":"has-post-thumbnail","6":"product_cat-cassettes","7":"product_cat-the-dead-krazukies","8":"product_tag-punk-rock","10":"first","11":"outofstock","12":"shipping-taxable","13":"purchasable","14":"product-type-simple"},"yoast_head":"<!-- This site is optimized with the Yoast SEO plugin v27.5 - https:\/\/yoast.com\/product\/yoast-seo-wordpress\/ -->\n<title>SOLD OUT - [Cassette] The Dead Krazukies - Icarus - Dispear Records<\/title>\n<meta name=\"robots\" content=\"index, follow, max-snippet:-1, max-image-preview:large, max-video-preview:-1\" \/>\n<link rel=\"canonical\" href=\"https:\/\/dispear-records.com\/index.php\/produit\/cassette-the-dead-krazukies-icarus\/\" \/>\n<meta property=\"og:locale\" content=\"fr_FR\" \/>\n<meta property=\"og:type\" content=\"article\" \/>\n<meta property=\"og:title\" content=\"SOLD OUT - [Cassette] The Dead Krazukies - Icarus - Dispear Records\" \/>\n<meta property=\"og:description\" content=\"The Dead Krazukies - Icarus 2020 \/\/ 12 tracks Punk Rock Hossegor \/\/ France\" \/>\n<meta property=\"og:url\" content=\"https:\/\/dispear-records.com\/index.php\/produit\/cassette-the-dead-krazukies-icarus\/\" \/>\n<meta property=\"og:site_name\" content=\"Dispear Records\" \/>\n<meta property=\"article:modified_time\" content=\"2024-04-07T18:15:58+00:00\" \/>\n<meta property=\"og:image\" content=\"https:\/\/dispear-records.com\/wp-content\/uploads\/2021\/07\/IMG_0159.jpg\" \/>\n\t<meta property=\"og:image:width\" content=\"927\" \/>\n\t<meta property=\"og:image:height\" content=\"927\" \/>\n\t<meta property=\"og:image:type\" content=\"image\/jpeg\" \/>\n<meta name=\"twitter:card\" content=\"summary_large_image\" \/>\n<meta name=\"twitter:label1\" content=\"Dur\u00e9e de lecture estim\u00e9e\" \/>\n\t<meta name=\"twitter:data1\" content=\"2 minutes\" \/>\n<script type=\"application\/ld+json\" class=\"yoast-schema-graph\">{\"@context\":\"https:\\\/\\\/schema.org\",\"@graph\":[{\"@type\":\"WebPage\",\"@id\":\"https:\\\/\\\/dispear-records.com\\\/index.php\\\/produit\\\/cassette-the-dead-krazukies-icarus\\\/\",\"url\":\"https:\\\/\\\/dispear-records.com\\\/index.php\\\/produit\\\/cassette-the-dead-krazukies-icarus\\\/\",\"name\":\"SOLD OUT - [Cassette] The Dead Krazukies - Icarus - Dispear Records\",\"isPartOf\":{\"@id\":\"https:\\\/\\\/dispear-records.com\\\/#website\"},\"primaryImageOfPage\":{\"@id\":\"https:\\\/\\\/dispear-records.com\\\/index.php\\\/produit\\\/cassette-the-dead-krazukies-icarus\\\/#primaryimage\"},\"image\":{\"@id\":\"https:\\\/\\\/dispear-records.com\\\/index.php\\\/produit\\\/cassette-the-dead-krazukies-icarus\\\/#primaryimage\"},\"thumbnailUrl\":\"https:\\\/\\\/dispear-records.com\\\/wp-content\\\/uploads\\\/2021\\\/07\\\/IMG_0159.jpg\",\"datePublished\":\"2021-06-30T20:22:54+00:00\",\"dateModified\":\"2024-04-07T18:15:58+00:00\",\"breadcrumb\":{\"@id\":\"https:\\\/\\\/dispear-records.com\\\/index.php\\\/produit\\\/cassette-the-dead-krazukies-icarus\\\/#breadcrumb\"},\"inLanguage\":\"fr-FR\",\"potentialAction\":[{\"@type\":\"ReadAction\",\"target\":[\"https:\\\/\\\/dispear-records.com\\\/index.php\\\/produit\\\/cassette-the-dead-krazukies-icarus\\\/\"]}]},{\"@type\":\"ImageObject\",\"inLanguage\":\"fr-FR\",\"@id\":\"https:\\\/\\\/dispear-records.com\\\/index.php\\\/produit\\\/cassette-the-dead-krazukies-icarus\\\/#primaryimage\",\"url\":\"https:\\\/\\\/dispear-records.com\\\/wp-content\\\/uploads\\\/2021\\\/07\\\/IMG_0159.jpg\",\"contentUrl\":\"https:\\\/\\\/dispear-records.com\\\/wp-content\\\/uploads\\\/2021\\\/07\\\/IMG_0159.jpg\",\"width\":927,\"height\":927},{\"@type\":\"BreadcrumbList\",\"@id\":\"https:\\\/\\\/dispear-records.com\\\/index.php\\\/produit\\\/cassette-the-dead-krazukies-icarus\\\/#breadcrumb\",\"itemListElement\":[{\"@type\":\"ListItem\",\"position\":1,\"name\":\"Accueil\",\"item\":\"https:\\\/\\\/dispear-records.com\\\/\"},{\"@type\":\"ListItem\",\"position\":2,\"name\":\"Boutique\",\"item\":\"https:\\\/\\\/dispear-records.com\\\/\"},{\"@type\":\"ListItem\",\"position\":3,\"name\":\"SOLD OUT &#8211; [Cassette] The Dead Krazukies &#8211; Icarus\"}]},{\"@type\":\"WebSite\",\"@id\":\"https:\\\/\\\/dispear-records.com\\\/#website\",\"url\":\"https:\\\/\\\/dispear-records.com\\\/\",\"name\":\"Dispear Records\",\"description\":\"DIY punk &amp; hardcore label\",\"publisher\":{\"@id\":\"https:\\\/\\\/dispear-records.com\\\/#organization\"},\"potentialAction\":[{\"@type\":\"SearchAction\",\"target\":{\"@type\":\"EntryPoint\",\"urlTemplate\":\"https:\\\/\\\/dispear-records.com\\\/?s={search_term_string}\"},\"query-input\":{\"@type\":\"PropertyValueSpecification\",\"valueRequired\":true,\"valueName\":\"search_term_string\"}}],\"inLanguage\":\"fr-FR\"},{\"@type\":\"Organization\",\"@id\":\"https:\\\/\\\/dispear-records.com\\\/#organization\",\"name\":\"Dispear Records\",\"url\":\"https:\\\/\\\/dispear-records.com\\\/\",\"logo\":{\"@type\":\"ImageObject\",\"inLanguage\":\"fr-FR\",\"@id\":\"https:\\\/\\\/dispear-records.com\\\/#\\\/schema\\\/logo\\\/image\\\/\",\"url\":\"https:\\\/\\\/dispear-records.com\\\/wp-content\\\/uploads\\\/2021\\\/06\\\/cropped-cropped-dispear.png\",\"contentUrl\":\"https:\\\/\\\/dispear-records.com\\\/wp-content\\\/uploads\\\/2021\\\/06\\\/cropped-cropped-dispear.png\",\"width\":2592,\"height\":709,\"caption\":\"Dispear Records\"},\"image\":{\"@id\":\"https:\\\/\\\/dispear-records.com\\\/#\\\/schema\\\/logo\\\/image\\\/\"}}]}<\/script>\n<!-- \/ Yoast SEO plugin. -->","yoast_head_json":{"title":"SOLD OUT - [Cassette] The Dead Krazukies - Icarus - Dispear Records","robots":{"index":"index","follow":"follow","max-snippet":"max-snippet:-1","max-image-preview":"max-image-preview:large","max-video-preview":"max-video-preview:-1"},"canonical":"https:\/\/dispear-records.com\/index.php\/produit\/cassette-the-dead-krazukies-icarus\/","og_locale":"fr_FR","og_type":"article","og_title":"SOLD OUT - [Cassette] The Dead Krazukies - Icarus - Dispear Records","og_description":"The Dead Krazukies - Icarus 2020 \/\/ 12 tracks Punk Rock Hossegor \/\/ France","og_url":"https:\/\/dispear-records.com\/index.php\/produit\/cassette-the-dead-krazukies-icarus\/","og_site_name":"Dispear Records","article_modified_time":"2024-04-07T18:15:58+00:00","og_image":[{"width":927,"height":927,"url":"https:\/\/dispear-records.com\/wp-content\/uploads\/2021\/07\/IMG_0159.jpg","type":"image\/jpeg"}],"twitter_card":"summary_large_image","twitter_misc":{"Dur\u00e9e de lecture estim\u00e9e":"2 minutes"},"schema":{"@context":"https:\/\/schema.org","@graph":[{"@type":"WebPage","@id":"https:\/\/dispear-records.com\/index.php\/produit\/cassette-the-dead-krazukies-icarus\/","url":"https:\/\/dispear-records.com\/index.php\/produit\/cassette-the-dead-krazukies-icarus\/","name":"SOLD OUT - [Cassette] The Dead Krazukies - Icarus - Dispear Records","isPartOf":{"@id":"https:\/\/dispear-records.com\/#website"},"primaryImageOfPage":{"@id":"https:\/\/dispear-records.com\/index.php\/produit\/cassette-the-dead-krazukies-icarus\/#primaryimage"},"image":{"@id":"https:\/\/dispear-records.com\/index.php\/produit\/cassette-the-dead-krazukies-icarus\/#primaryimage"},"thumbnailUrl":"https:\/\/dispear-records.com\/wp-content\/uploads\/2021\/07\/IMG_0159.jpg","datePublished":"2021-06-30T20:22:54+00:00","dateModified":"2024-04-07T18:15:58+00:00","breadcrumb":{"@id":"https:\/\/dispear-records.com\/index.php\/produit\/cassette-the-dead-krazukies-icarus\/#breadcrumb"},"inLanguage":"fr-FR","potentialAction":[{"@type":"ReadAction","target":["https:\/\/dispear-records.com\/index.php\/produit\/cassette-the-dead-krazukies-icarus\/"]}]},{"@type":"ImageObject","inLanguage":"fr-FR","@id":"https:\/\/dispear-records.com\/index.php\/produit\/cassette-the-dead-krazukies-icarus\/#primaryimage","url":"https:\/\/dispear-records.com\/wp-content\/uploads\/2021\/07\/IMG_0159.jpg","contentUrl":"https:\/\/dispear-records.com\/wp-content\/uploads\/2021\/07\/IMG_0159.jpg","width":927,"height":927},{"@type":"BreadcrumbList","@id":"https:\/\/dispear-records.com\/index.php\/produit\/cassette-the-dead-krazukies-icarus\/#breadcrumb","itemListElement":[{"@type":"ListItem","position":1,"name":"Accueil","item":"https:\/\/dispear-records.com\/"},{"@type":"ListItem","position":2,"name":"Boutique","item":"https:\/\/dispear-records.com\/"},{"@type":"ListItem","position":3,"name":"SOLD OUT &#8211; [Cassette] The Dead Krazukies &#8211; Icarus"}]},{"@type":"WebSite","@id":"https:\/\/dispear-records.com\/#website","url":"https:\/\/dispear-records.com\/","name":"Dispear Records","description":"DIY punk &amp; hardcore label","publisher":{"@id":"https:\/\/dispear-records.com\/#organization"},"potentialAction":[{"@type":"SearchAction","target":{"@type":"EntryPoint","urlTemplate":"https:\/\/dispear-records.com\/?s={search_term_string}"},"query-input":{"@type":"PropertyValueSpecification","valueRequired":true,"valueName":"search_term_string"}}],"inLanguage":"fr-FR"},{"@type":"Organization","@id":"https:\/\/dispear-records.com\/#organization","name":"Dispear Records","url":"https:\/\/dispear-records.com\/","logo":{"@type":"ImageObject","inLanguage":"fr-FR","@id":"https:\/\/dispear-records.com\/#\/schema\/logo\/image\/","url":"https:\/\/dispear-records.com\/wp-content\/uploads\/2021\/06\/cropped-cropped-dispear.png","contentUrl":"https:\/\/dispear-records.com\/wp-content\/uploads\/2021\/06\/cropped-cropped-dispear.png","width":2592,"height":709,"caption":"Dispear Records"},"image":{"@id":"https:\/\/dispear-records.com\/#\/schema\/logo\/image\/"}}]}},"_links":{"self":[{"href":"https:\/\/dispear-records.com\/index.php\/wp-json\/wp\/v2\/product\/44","targetHints":{"allow":["GET"]}}],"collection":[{"href":"https:\/\/dispear-records.com\/index.php\/wp-json\/wp\/v2\/product"}],"about":[{"href":"https:\/\/dispear-records.com\/index.php\/wp-json\/wp\/v2\/types\/product"}],"wp:featuredmedia":[{"embeddable":true,"href":"https:\/\/dispear-records.com\/index.php\/wp-json\/wp\/v2\/media\/200"}],"wp:attachment":[{"href":"https:\/\/dispear-records.com\/index.php\/wp-json\/wp\/v2\/media?parent=44"}],"wp:term":[{"taxonomy":"product_brand","embeddable":true,"href":"https:\/\/dispear-records.com\/index.php\/wp-json\/wp\/v2\/product_brand?post=44"},{"taxonomy":"product_cat","embeddable":true,"href":"https:\/\/dispear-records.com\/index.php\/wp-json\/wp\/v2\/product_cat?post=44"},{"taxonomy":"product_tag","embeddable":true,"href":"https:\/\/dispear-records.com\/index.php\/wp-json\/wp\/v2\/product_tag?post=44"}],"curies":[{"name":"wp","href":"https:\/\/api.w.org\/{rel}","templated":true}]}}