{"id":50,"date":"2021-06-28T22:45:59","date_gmt":"2021-06-28T20:45:59","guid":{"rendered":"https:\/\/dispear-records.com\/?post_type=product&#038;p=50"},"modified":"2025-07-29T12:15:37","modified_gmt":"2025-07-29T10:15:37","slug":"t-shirt-dispear-records-crusty-pear-by-tortuga","status":"publish","type":"product","link":"https:\/\/dispear-records.com\/index.php\/produit\/t-shirt-dispear-records-crusty-pear-by-tortuga\/","title":{"rendered":"[T-shirt]\u00a0Dispear Records &#8211; Crusty pear by Tortuga"},"content":{"rendered":"<p><span style=\"font-weight: 400;\">LE T shirt Dispear Records officiel (attention aux contrefacons), parfait pour briller en soir\u00e9e\u2026 m\u00eame s\u2019il est noir OK ? Un must have qui te fais gagner 10 points de street cred direk, et qui absorbera sans broncher ta sueur et les projections de bi\u00e8re dans le pogo. Convient aussi parfaitement pour toute manifestation anti-gouvernementale ou rassemblement contre les violences polici\u00e8res.<br \/>\nAttention ! Ne peut pas \u00eatre port\u00e9 aux concerts d&rsquo;artistes ne saisissant pas la notion de consentement.<\/span><\/p>\n<p>Textile Continental Clothing \u00ab\u00a0Earth Positive\u00a0\u00bb : t-shirt en coton bio fabriqu\u00e9 dans une usine aliment\u00e9e uniquement par des \u00e9nergies renouvelables, par des adultes consentants et correctement r\u00e9mun\u00e9r\u00e9s (Code of Labour Practices de la Fair Wear Foundation).<br \/>\nVoila pour ta conscience. En plus ils taillent bien (un peu ajust\u00e9) et le textile est de super qualit\u00e9.<\/p>\n<p>Coupe unisexe, dispo en tailles XS &#8211; S &#8211; M<\/p>\n<p>Design par <a href=\"https:\/\/www.instagram.com\/tortuga_666\" target=\"_blank\" rel=\"noopener\">Roch Tortuga<\/a>, illustrateur talentueux m\u00eame s&rsquo;il ne sait pas trop s&rsquo;il pr\u00e9f\u00e8re Bordeaux ou Hossegor. Allez jeter un oeil sur son <a href=\"https:\/\/www.etsy.com\/fr\/shop\/TORTUGA666\" target=\"_blank\" rel=\"noopener\">Etsy<\/a> il a plein de truc cool. Ah, il pousse aussi la chansonnette dans <a href=\"https:\/\/veganpiranha.bandcamp.com\/\" target=\"_blank\" rel=\"noopener\">Vegan Piranha<\/a>, un groupe de qualitay.<\/p>\n","protected":false},"excerpt":{"rendered":"<p>LE t-shirt Dispear Records <span style=\"font-weight: 400;\">officiel ! Couleur <\/span>noire, coupe unisexe.<br \/>\nMagnifiquement illustr\u00e9 par <a href=\"https:\/\/www.instagram.com\/tortuga_666\" target=\"_blank\" rel=\"noopener\">Roch Tortuga<\/a>.<\/p>\n","protected":false},"featured_media":210,"template":"","meta":[],"product_brand":[],"product_cat":[32,31],"product_tag":[],"class_list":{"0":"post-50","1":"product","2":"type-product","3":"status-publish","4":"has-post-thumbnail","6":"product_cat-dispear","7":"product_cat-t-shirts","9":"first","10":"instock","11":"shipping-taxable","12":"purchasable","13":"product-type-variable"},"yoast_head":"<!-- This site is optimized with the Yoast SEO plugin v27.5 - https:\/\/yoast.com\/product\/yoast-seo-wordpress\/ -->\n<title>[T-shirt]\u00a0Dispear Records - Crusty pear by Tortuga - Dispear Records<\/title>\n<meta name=\"robots\" content=\"index, follow, max-snippet:-1, max-image-preview:large, max-video-preview:-1\" \/>\n<link rel=\"canonical\" href=\"https:\/\/dispear-records.com\/index.php\/produit\/t-shirt-dispear-records-crusty-pear-by-tortuga\/\" \/>\n<meta property=\"og:locale\" content=\"fr_FR\" \/>\n<meta property=\"og:type\" content=\"article\" \/>\n<meta property=\"og:title\" content=\"[T-shirt]\u00a0Dispear Records - Crusty pear by Tortuga - Dispear Records\" \/>\n<meta property=\"og:description\" content=\"LE t-shirt Dispear Records officiel ! Couleur noire, coupe unisexe. Magnifiquement illustr\u00e9 par Roch Tortuga.\" \/>\n<meta property=\"og:url\" content=\"https:\/\/dispear-records.com\/index.php\/produit\/t-shirt-dispear-records-crusty-pear-by-tortuga\/\" \/>\n<meta property=\"og:site_name\" content=\"Dispear Records\" \/>\n<meta property=\"article:modified_time\" content=\"2025-07-29T10:15:37+00:00\" \/>\n<meta property=\"og:image\" content=\"https:\/\/dispear-records.com\/wp-content\/uploads\/2021\/06\/IMG_0131.jpg\" \/>\n\t<meta property=\"og:image:width\" content=\"1105\" \/>\n\t<meta property=\"og:image:height\" content=\"1105\" \/>\n\t<meta property=\"og:image:type\" content=\"image\/jpeg\" \/>\n<meta name=\"twitter:card\" content=\"summary_large_image\" \/>\n<meta name=\"twitter:label1\" content=\"Dur\u00e9e de lecture estim\u00e9e\" \/>\n\t<meta name=\"twitter:data1\" content=\"2 minutes\" \/>\n<script type=\"application\/ld+json\" class=\"yoast-schema-graph\">{\"@context\":\"https:\\\/\\\/schema.org\",\"@graph\":[{\"@type\":\"WebPage\",\"@id\":\"https:\\\/\\\/dispear-records.com\\\/index.php\\\/produit\\\/t-shirt-dispear-records-crusty-pear-by-tortuga\\\/\",\"url\":\"https:\\\/\\\/dispear-records.com\\\/index.php\\\/produit\\\/t-shirt-dispear-records-crusty-pear-by-tortuga\\\/\",\"name\":\"[T-shirt]\u00a0Dispear Records - Crusty pear by Tortuga - Dispear Records\",\"isPartOf\":{\"@id\":\"https:\\\/\\\/dispear-records.com\\\/#website\"},\"primaryImageOfPage\":{\"@id\":\"https:\\\/\\\/dispear-records.com\\\/index.php\\\/produit\\\/t-shirt-dispear-records-crusty-pear-by-tortuga\\\/#primaryimage\"},\"image\":{\"@id\":\"https:\\\/\\\/dispear-records.com\\\/index.php\\\/produit\\\/t-shirt-dispear-records-crusty-pear-by-tortuga\\\/#primaryimage\"},\"thumbnailUrl\":\"https:\\\/\\\/dispear-records.com\\\/wp-content\\\/uploads\\\/2021\\\/06\\\/IMG_0131.jpg\",\"datePublished\":\"2021-06-28T20:45:59+00:00\",\"dateModified\":\"2025-07-29T10:15:37+00:00\",\"breadcrumb\":{\"@id\":\"https:\\\/\\\/dispear-records.com\\\/index.php\\\/produit\\\/t-shirt-dispear-records-crusty-pear-by-tortuga\\\/#breadcrumb\"},\"inLanguage\":\"fr-FR\",\"potentialAction\":[{\"@type\":\"ReadAction\",\"target\":[\"https:\\\/\\\/dispear-records.com\\\/index.php\\\/produit\\\/t-shirt-dispear-records-crusty-pear-by-tortuga\\\/\"]}]},{\"@type\":\"ImageObject\",\"inLanguage\":\"fr-FR\",\"@id\":\"https:\\\/\\\/dispear-records.com\\\/index.php\\\/produit\\\/t-shirt-dispear-records-crusty-pear-by-tortuga\\\/#primaryimage\",\"url\":\"https:\\\/\\\/dispear-records.com\\\/wp-content\\\/uploads\\\/2021\\\/06\\\/IMG_0131.jpg\",\"contentUrl\":\"https:\\\/\\\/dispear-records.com\\\/wp-content\\\/uploads\\\/2021\\\/06\\\/IMG_0131.jpg\",\"width\":1105,\"height\":1105},{\"@type\":\"BreadcrumbList\",\"@id\":\"https:\\\/\\\/dispear-records.com\\\/index.php\\\/produit\\\/t-shirt-dispear-records-crusty-pear-by-tortuga\\\/#breadcrumb\",\"itemListElement\":[{\"@type\":\"ListItem\",\"position\":1,\"name\":\"Accueil\",\"item\":\"https:\\\/\\\/dispear-records.com\\\/\"},{\"@type\":\"ListItem\",\"position\":2,\"name\":\"Boutique\",\"item\":\"https:\\\/\\\/dispear-records.com\\\/\"},{\"@type\":\"ListItem\",\"position\":3,\"name\":\"[T-shirt]\u00a0Dispear Records &#8211; Crusty pear by Tortuga\"}]},{\"@type\":\"WebSite\",\"@id\":\"https:\\\/\\\/dispear-records.com\\\/#website\",\"url\":\"https:\\\/\\\/dispear-records.com\\\/\",\"name\":\"Dispear Records\",\"description\":\"DIY punk &amp; hardcore label\",\"publisher\":{\"@id\":\"https:\\\/\\\/dispear-records.com\\\/#organization\"},\"potentialAction\":[{\"@type\":\"SearchAction\",\"target\":{\"@type\":\"EntryPoint\",\"urlTemplate\":\"https:\\\/\\\/dispear-records.com\\\/?s={search_term_string}\"},\"query-input\":{\"@type\":\"PropertyValueSpecification\",\"valueRequired\":true,\"valueName\":\"search_term_string\"}}],\"inLanguage\":\"fr-FR\"},{\"@type\":\"Organization\",\"@id\":\"https:\\\/\\\/dispear-records.com\\\/#organization\",\"name\":\"Dispear Records\",\"url\":\"https:\\\/\\\/dispear-records.com\\\/\",\"logo\":{\"@type\":\"ImageObject\",\"inLanguage\":\"fr-FR\",\"@id\":\"https:\\\/\\\/dispear-records.com\\\/#\\\/schema\\\/logo\\\/image\\\/\",\"url\":\"https:\\\/\\\/dispear-records.com\\\/wp-content\\\/uploads\\\/2021\\\/06\\\/cropped-cropped-dispear.png\",\"contentUrl\":\"https:\\\/\\\/dispear-records.com\\\/wp-content\\\/uploads\\\/2021\\\/06\\\/cropped-cropped-dispear.png\",\"width\":2592,\"height\":709,\"caption\":\"Dispear Records\"},\"image\":{\"@id\":\"https:\\\/\\\/dispear-records.com\\\/#\\\/schema\\\/logo\\\/image\\\/\"}}]}<\/script>\n<!-- \/ Yoast SEO plugin. -->","yoast_head_json":{"title":"[T-shirt]\u00a0Dispear Records - Crusty pear by Tortuga - Dispear Records","robots":{"index":"index","follow":"follow","max-snippet":"max-snippet:-1","max-image-preview":"max-image-preview:large","max-video-preview":"max-video-preview:-1"},"canonical":"https:\/\/dispear-records.com\/index.php\/produit\/t-shirt-dispear-records-crusty-pear-by-tortuga\/","og_locale":"fr_FR","og_type":"article","og_title":"[T-shirt]\u00a0Dispear Records - Crusty pear by Tortuga - Dispear Records","og_description":"LE t-shirt Dispear Records officiel ! Couleur noire, coupe unisexe. Magnifiquement illustr\u00e9 par Roch Tortuga.","og_url":"https:\/\/dispear-records.com\/index.php\/produit\/t-shirt-dispear-records-crusty-pear-by-tortuga\/","og_site_name":"Dispear Records","article_modified_time":"2025-07-29T10:15:37+00:00","og_image":[{"width":1105,"height":1105,"url":"https:\/\/dispear-records.com\/wp-content\/uploads\/2021\/06\/IMG_0131.jpg","type":"image\/jpeg"}],"twitter_card":"summary_large_image","twitter_misc":{"Dur\u00e9e de lecture estim\u00e9e":"2 minutes"},"schema":{"@context":"https:\/\/schema.org","@graph":[{"@type":"WebPage","@id":"https:\/\/dispear-records.com\/index.php\/produit\/t-shirt-dispear-records-crusty-pear-by-tortuga\/","url":"https:\/\/dispear-records.com\/index.php\/produit\/t-shirt-dispear-records-crusty-pear-by-tortuga\/","name":"[T-shirt]\u00a0Dispear Records - Crusty pear by Tortuga - Dispear Records","isPartOf":{"@id":"https:\/\/dispear-records.com\/#website"},"primaryImageOfPage":{"@id":"https:\/\/dispear-records.com\/index.php\/produit\/t-shirt-dispear-records-crusty-pear-by-tortuga\/#primaryimage"},"image":{"@id":"https:\/\/dispear-records.com\/index.php\/produit\/t-shirt-dispear-records-crusty-pear-by-tortuga\/#primaryimage"},"thumbnailUrl":"https:\/\/dispear-records.com\/wp-content\/uploads\/2021\/06\/IMG_0131.jpg","datePublished":"2021-06-28T20:45:59+00:00","dateModified":"2025-07-29T10:15:37+00:00","breadcrumb":{"@id":"https:\/\/dispear-records.com\/index.php\/produit\/t-shirt-dispear-records-crusty-pear-by-tortuga\/#breadcrumb"},"inLanguage":"fr-FR","potentialAction":[{"@type":"ReadAction","target":["https:\/\/dispear-records.com\/index.php\/produit\/t-shirt-dispear-records-crusty-pear-by-tortuga\/"]}]},{"@type":"ImageObject","inLanguage":"fr-FR","@id":"https:\/\/dispear-records.com\/index.php\/produit\/t-shirt-dispear-records-crusty-pear-by-tortuga\/#primaryimage","url":"https:\/\/dispear-records.com\/wp-content\/uploads\/2021\/06\/IMG_0131.jpg","contentUrl":"https:\/\/dispear-records.com\/wp-content\/uploads\/2021\/06\/IMG_0131.jpg","width":1105,"height":1105},{"@type":"BreadcrumbList","@id":"https:\/\/dispear-records.com\/index.php\/produit\/t-shirt-dispear-records-crusty-pear-by-tortuga\/#breadcrumb","itemListElement":[{"@type":"ListItem","position":1,"name":"Accueil","item":"https:\/\/dispear-records.com\/"},{"@type":"ListItem","position":2,"name":"Boutique","item":"https:\/\/dispear-records.com\/"},{"@type":"ListItem","position":3,"name":"[T-shirt]\u00a0Dispear Records &#8211; Crusty pear by Tortuga"}]},{"@type":"WebSite","@id":"https:\/\/dispear-records.com\/#website","url":"https:\/\/dispear-records.com\/","name":"Dispear Records","description":"DIY punk &amp; hardcore label","publisher":{"@id":"https:\/\/dispear-records.com\/#organization"},"potentialAction":[{"@type":"SearchAction","target":{"@type":"EntryPoint","urlTemplate":"https:\/\/dispear-records.com\/?s={search_term_string}"},"query-input":{"@type":"PropertyValueSpecification","valueRequired":true,"valueName":"search_term_string"}}],"inLanguage":"fr-FR"},{"@type":"Organization","@id":"https:\/\/dispear-records.com\/#organization","name":"Dispear Records","url":"https:\/\/dispear-records.com\/","logo":{"@type":"ImageObject","inLanguage":"fr-FR","@id":"https:\/\/dispear-records.com\/#\/schema\/logo\/image\/","url":"https:\/\/dispear-records.com\/wp-content\/uploads\/2021\/06\/cropped-cropped-dispear.png","contentUrl":"https:\/\/dispear-records.com\/wp-content\/uploads\/2021\/06\/cropped-cropped-dispear.png","width":2592,"height":709,"caption":"Dispear Records"},"image":{"@id":"https:\/\/dispear-records.com\/#\/schema\/logo\/image\/"}}]}},"_links":{"self":[{"href":"https:\/\/dispear-records.com\/index.php\/wp-json\/wp\/v2\/product\/50","targetHints":{"allow":["GET"]}}],"collection":[{"href":"https:\/\/dispear-records.com\/index.php\/wp-json\/wp\/v2\/product"}],"about":[{"href":"https:\/\/dispear-records.com\/index.php\/wp-json\/wp\/v2\/types\/product"}],"wp:featuredmedia":[{"embeddable":true,"href":"https:\/\/dispear-records.com\/index.php\/wp-json\/wp\/v2\/media\/210"}],"wp:attachment":[{"href":"https:\/\/dispear-records.com\/index.php\/wp-json\/wp\/v2\/media?parent=50"}],"wp:term":[{"taxonomy":"product_brand","embeddable":true,"href":"https:\/\/dispear-records.com\/index.php\/wp-json\/wp\/v2\/product_brand?post=50"},{"taxonomy":"product_cat","embeddable":true,"href":"https:\/\/dispear-records.com\/index.php\/wp-json\/wp\/v2\/product_cat?post=50"},{"taxonomy":"product_tag","embeddable":true,"href":"https:\/\/dispear-records.com\/index.php\/wp-json\/wp\/v2\/product_tag?post=50"}],"curies":[{"name":"wp","href":"https:\/\/api.w.org\/{rel}","templated":true}]}}