{"id":500,"date":"2022-10-06T13:38:09","date_gmt":"2022-10-06T11:38:09","guid":{"rendered":"https:\/\/dispear-records.com\/?post_type=product&#038;p=500"},"modified":"2025-03-29T11:58:10","modified_gmt":"2025-03-29T10:58:10","slug":"cassette-the-dead-krazukies-the-northern-belle","status":"publish","type":"product","link":"https:\/\/dispear-records.com\/index.php\/produit\/cassette-the-dead-krazukies-the-northern-belle\/","title":{"rendered":"[Cassette] The Dead Krazukies &#8211; The Northern Belle"},"content":{"rendered":"<p><span style=\"font-weight: 400;\">Premier album des landais The Dead Krazukies, The Northern Belle est sorti en 2016 apr\u00e8s une d\u00e9mo et 6 ans de r\u00e9pets et de concerts ! Les mecs (+ Maider) ne sont pas l\u00e0 par hasard. Ils et elle ont \u00e9cum\u00e9 toutes les salles de concert locales, jou\u00e9 sur des festivals qui rigolent pas (Xtrem Fest notamment), et commencent \u00e0 tranquillement s&rsquo;imposer sur la sc\u00e8ne punk rock m\u00e9lo ! Les Dead Kra (comme on dit chez nous) ont d\u00e9j\u00e0 ce son qui leur est propre, teint\u00e9s d&rsquo;influences \u00e0 la No Use For a Name, Pennywise ou Nofx (p\u00e9riode El hefe \u00e0 la trompette), car oui y a du cuivre sur cet album ! Ajoutez \u00e0 \u00e7a la voix de Maider qui fait tellement de bien dans cet univers testosteron\u00e9, souvent compar\u00e9e \u00e0 celle Brody Dalle des Distillers ! <\/span><\/p>\n<p><span style=\"font-weight: 400;\">7 titres de bon punk rock aux sonorit\u00e9s californiennes, qu&rsquo;on qualifiera du coup de landiforniennes, aujourd\u2019hui (enfin) sortis en vinyle par Sbam et Sound Speed Records, et en k7 par vos fid\u00e8les serviteurs pour le plus grand plaisir de ton <a href=\"https:\/\/www.leboncoin.fr\/recherche?category=16&amp;text=walkman%20cassette\" target=\"_blank\" rel=\"noopener\">walkman<\/a>\u00a0autoreverse (oui, tu ne te refuses rien !)<\/span><\/p>\n<p><span style=\"font-weight: 400;\">Edition limit\u00e9e \u00e0 50 exemplaires rouges et 50 exemplaires blancs histoire de matcher avec le vinyle !<\/span><\/p>\n<p><em>Recorded in November and December 2015 by Romain Sarrat @Rec&rsquo;n&rsquo;Roll Studio (Bordeaux, France)<\/em><br \/>\n<em>Mixed and Mastered by Christian Carvin.<\/em><\/p>\n<p><iframe style=\"border: 0; width: 400px; height: 373px;\" src=\"https:\/\/bandcamp.com\/EmbeddedPlayer\/album=4219077893\/size=large\/bgcol=ffffff\/linkcol=333333\/artwork=small\/transparent=true\/\" seamless=\"\"><a href=\"https:\/\/thedeadkrazukies.bandcamp.com\/album\/the-northern-belle\">The Northern Belle by The Dead Krazukies<\/a><\/iframe><\/p>\n","protected":false},"excerpt":{"rendered":"<p><strong>The Dead Krazukies &#8211; The Northern Belle<\/strong><br \/>\n2016 \/\/ 7 tracks<br \/>\nPunk Rock<br \/>\nHossegor \/\/ France<\/p>\n","protected":false},"featured_media":512,"template":"","meta":[],"product_brand":[],"product_cat":[19,52],"product_tag":[28],"class_list":{"0":"post-500","1":"product","2":"type-product","3":"status-publish","4":"has-post-thumbnail","6":"product_cat-cassettes","7":"product_cat-the-dead-krazukies","8":"product_tag-punk-rock","10":"first","11":"instock","12":"shipping-taxable","13":"purchasable","14":"product-type-variable"},"yoast_head":"<!-- This site is optimized with the Yoast SEO plugin v27.5 - https:\/\/yoast.com\/product\/yoast-seo-wordpress\/ -->\n<title>[Cassette] The Dead Krazukies - The Northern Belle<\/title>\n<meta name=\"description\" content=\"A l&#039;occasion de la sortie vinyle de The Northern Belle, le premier album de The Dead Krazukies, on a fait des cassettes parce que c&#039;est cool.\" \/>\n<meta name=\"robots\" content=\"index, follow, max-snippet:-1, max-image-preview:large, max-video-preview:-1\" \/>\n<link rel=\"canonical\" href=\"https:\/\/dispear-records.com\/index.php\/produit\/cassette-the-dead-krazukies-the-northern-belle\/\" \/>\n<meta property=\"og:locale\" content=\"fr_FR\" \/>\n<meta property=\"og:type\" content=\"article\" \/>\n<meta property=\"og:title\" content=\"[Cassette] The Dead Krazukies - The Northern Belle\" \/>\n<meta property=\"og:description\" content=\"A l&#039;occasion de la sortie vinyle de The Northern Belle, le premier album de The Dead Krazukies, on a fait des cassettes parce que c&#039;est cool.\" \/>\n<meta property=\"og:url\" content=\"https:\/\/dispear-records.com\/index.php\/produit\/cassette-the-dead-krazukies-the-northern-belle\/\" \/>\n<meta property=\"og:site_name\" content=\"Dispear Records\" \/>\n<meta property=\"article:modified_time\" content=\"2025-03-29T10:58:10+00:00\" \/>\n<meta property=\"og:image\" content=\"https:\/\/dispear-records.com\/wp-content\/uploads\/2022\/10\/272039517_789736035644665_3707575430163268398_n.jpg\" \/>\n\t<meta property=\"og:image:width\" content=\"2000\" \/>\n\t<meta property=\"og:image:height\" content=\"1994\" \/>\n\t<meta property=\"og:image:type\" content=\"image\/jpeg\" \/>\n<meta name=\"twitter:card\" content=\"summary_large_image\" \/>\n<meta name=\"twitter:label1\" content=\"Dur\u00e9e de lecture estim\u00e9e\" \/>\n\t<meta name=\"twitter:data1\" content=\"2 minutes\" \/>\n<script type=\"application\/ld+json\" class=\"yoast-schema-graph\">{\"@context\":\"https:\\\/\\\/schema.org\",\"@graph\":[{\"@type\":\"WebPage\",\"@id\":\"https:\\\/\\\/dispear-records.com\\\/index.php\\\/produit\\\/cassette-the-dead-krazukies-the-northern-belle\\\/\",\"url\":\"https:\\\/\\\/dispear-records.com\\\/index.php\\\/produit\\\/cassette-the-dead-krazukies-the-northern-belle\\\/\",\"name\":\"[Cassette] The Dead Krazukies - The Northern Belle\",\"isPartOf\":{\"@id\":\"https:\\\/\\\/dispear-records.com\\\/#website\"},\"primaryImageOfPage\":{\"@id\":\"https:\\\/\\\/dispear-records.com\\\/index.php\\\/produit\\\/cassette-the-dead-krazukies-the-northern-belle\\\/#primaryimage\"},\"image\":{\"@id\":\"https:\\\/\\\/dispear-records.com\\\/index.php\\\/produit\\\/cassette-the-dead-krazukies-the-northern-belle\\\/#primaryimage\"},\"thumbnailUrl\":\"https:\\\/\\\/dispear-records.com\\\/wp-content\\\/uploads\\\/2022\\\/10\\\/272039517_789736035644665_3707575430163268398_n.jpg\",\"datePublished\":\"2022-10-06T11:38:09+00:00\",\"dateModified\":\"2025-03-29T10:58:10+00:00\",\"description\":\"A l'occasion de la sortie vinyle de The Northern Belle, le premier album de The Dead Krazukies, on a fait des cassettes parce que c'est cool.\",\"breadcrumb\":{\"@id\":\"https:\\\/\\\/dispear-records.com\\\/index.php\\\/produit\\\/cassette-the-dead-krazukies-the-northern-belle\\\/#breadcrumb\"},\"inLanguage\":\"fr-FR\",\"potentialAction\":[{\"@type\":\"ReadAction\",\"target\":[\"https:\\\/\\\/dispear-records.com\\\/index.php\\\/produit\\\/cassette-the-dead-krazukies-the-northern-belle\\\/\"]}]},{\"@type\":\"ImageObject\",\"inLanguage\":\"fr-FR\",\"@id\":\"https:\\\/\\\/dispear-records.com\\\/index.php\\\/produit\\\/cassette-the-dead-krazukies-the-northern-belle\\\/#primaryimage\",\"url\":\"https:\\\/\\\/dispear-records.com\\\/wp-content\\\/uploads\\\/2022\\\/10\\\/272039517_789736035644665_3707575430163268398_n.jpg\",\"contentUrl\":\"https:\\\/\\\/dispear-records.com\\\/wp-content\\\/uploads\\\/2022\\\/10\\\/272039517_789736035644665_3707575430163268398_n.jpg\",\"width\":2000,\"height\":1994},{\"@type\":\"BreadcrumbList\",\"@id\":\"https:\\\/\\\/dispear-records.com\\\/index.php\\\/produit\\\/cassette-the-dead-krazukies-the-northern-belle\\\/#breadcrumb\",\"itemListElement\":[{\"@type\":\"ListItem\",\"position\":1,\"name\":\"Accueil\",\"item\":\"https:\\\/\\\/dispear-records.com\\\/\"},{\"@type\":\"ListItem\",\"position\":2,\"name\":\"Boutique\",\"item\":\"https:\\\/\\\/dispear-records.com\\\/\"},{\"@type\":\"ListItem\",\"position\":3,\"name\":\"[Cassette] The Dead Krazukies &#8211; The Northern Belle\"}]},{\"@type\":\"WebSite\",\"@id\":\"https:\\\/\\\/dispear-records.com\\\/#website\",\"url\":\"https:\\\/\\\/dispear-records.com\\\/\",\"name\":\"Dispear Records\",\"description\":\"DIY punk &amp; hardcore label\",\"publisher\":{\"@id\":\"https:\\\/\\\/dispear-records.com\\\/#organization\"},\"potentialAction\":[{\"@type\":\"SearchAction\",\"target\":{\"@type\":\"EntryPoint\",\"urlTemplate\":\"https:\\\/\\\/dispear-records.com\\\/?s={search_term_string}\"},\"query-input\":{\"@type\":\"PropertyValueSpecification\",\"valueRequired\":true,\"valueName\":\"search_term_string\"}}],\"inLanguage\":\"fr-FR\"},{\"@type\":\"Organization\",\"@id\":\"https:\\\/\\\/dispear-records.com\\\/#organization\",\"name\":\"Dispear Records\",\"url\":\"https:\\\/\\\/dispear-records.com\\\/\",\"logo\":{\"@type\":\"ImageObject\",\"inLanguage\":\"fr-FR\",\"@id\":\"https:\\\/\\\/dispear-records.com\\\/#\\\/schema\\\/logo\\\/image\\\/\",\"url\":\"https:\\\/\\\/dispear-records.com\\\/wp-content\\\/uploads\\\/2021\\\/06\\\/cropped-cropped-dispear.png\",\"contentUrl\":\"https:\\\/\\\/dispear-records.com\\\/wp-content\\\/uploads\\\/2021\\\/06\\\/cropped-cropped-dispear.png\",\"width\":2592,\"height\":709,\"caption\":\"Dispear Records\"},\"image\":{\"@id\":\"https:\\\/\\\/dispear-records.com\\\/#\\\/schema\\\/logo\\\/image\\\/\"}}]}<\/script>\n<!-- \/ Yoast SEO plugin. -->","yoast_head_json":{"title":"[Cassette] The Dead Krazukies - The Northern Belle","description":"A l'occasion de la sortie vinyle de The Northern Belle, le premier album de The Dead Krazukies, on a fait des cassettes parce que c'est cool.","robots":{"index":"index","follow":"follow","max-snippet":"max-snippet:-1","max-image-preview":"max-image-preview:large","max-video-preview":"max-video-preview:-1"},"canonical":"https:\/\/dispear-records.com\/index.php\/produit\/cassette-the-dead-krazukies-the-northern-belle\/","og_locale":"fr_FR","og_type":"article","og_title":"[Cassette] The Dead Krazukies - The Northern Belle","og_description":"A l'occasion de la sortie vinyle de The Northern Belle, le premier album de The Dead Krazukies, on a fait des cassettes parce que c'est cool.","og_url":"https:\/\/dispear-records.com\/index.php\/produit\/cassette-the-dead-krazukies-the-northern-belle\/","og_site_name":"Dispear Records","article_modified_time":"2025-03-29T10:58:10+00:00","og_image":[{"width":2000,"height":1994,"url":"https:\/\/dispear-records.com\/wp-content\/uploads\/2022\/10\/272039517_789736035644665_3707575430163268398_n.jpg","type":"image\/jpeg"}],"twitter_card":"summary_large_image","twitter_misc":{"Dur\u00e9e de lecture estim\u00e9e":"2 minutes"},"schema":{"@context":"https:\/\/schema.org","@graph":[{"@type":"WebPage","@id":"https:\/\/dispear-records.com\/index.php\/produit\/cassette-the-dead-krazukies-the-northern-belle\/","url":"https:\/\/dispear-records.com\/index.php\/produit\/cassette-the-dead-krazukies-the-northern-belle\/","name":"[Cassette] The Dead Krazukies - The Northern Belle","isPartOf":{"@id":"https:\/\/dispear-records.com\/#website"},"primaryImageOfPage":{"@id":"https:\/\/dispear-records.com\/index.php\/produit\/cassette-the-dead-krazukies-the-northern-belle\/#primaryimage"},"image":{"@id":"https:\/\/dispear-records.com\/index.php\/produit\/cassette-the-dead-krazukies-the-northern-belle\/#primaryimage"},"thumbnailUrl":"https:\/\/dispear-records.com\/wp-content\/uploads\/2022\/10\/272039517_789736035644665_3707575430163268398_n.jpg","datePublished":"2022-10-06T11:38:09+00:00","dateModified":"2025-03-29T10:58:10+00:00","description":"A l'occasion de la sortie vinyle de The Northern Belle, le premier album de The Dead Krazukies, on a fait des cassettes parce que c'est cool.","breadcrumb":{"@id":"https:\/\/dispear-records.com\/index.php\/produit\/cassette-the-dead-krazukies-the-northern-belle\/#breadcrumb"},"inLanguage":"fr-FR","potentialAction":[{"@type":"ReadAction","target":["https:\/\/dispear-records.com\/index.php\/produit\/cassette-the-dead-krazukies-the-northern-belle\/"]}]},{"@type":"ImageObject","inLanguage":"fr-FR","@id":"https:\/\/dispear-records.com\/index.php\/produit\/cassette-the-dead-krazukies-the-northern-belle\/#primaryimage","url":"https:\/\/dispear-records.com\/wp-content\/uploads\/2022\/10\/272039517_789736035644665_3707575430163268398_n.jpg","contentUrl":"https:\/\/dispear-records.com\/wp-content\/uploads\/2022\/10\/272039517_789736035644665_3707575430163268398_n.jpg","width":2000,"height":1994},{"@type":"BreadcrumbList","@id":"https:\/\/dispear-records.com\/index.php\/produit\/cassette-the-dead-krazukies-the-northern-belle\/#breadcrumb","itemListElement":[{"@type":"ListItem","position":1,"name":"Accueil","item":"https:\/\/dispear-records.com\/"},{"@type":"ListItem","position":2,"name":"Boutique","item":"https:\/\/dispear-records.com\/"},{"@type":"ListItem","position":3,"name":"[Cassette] The Dead Krazukies &#8211; The Northern Belle"}]},{"@type":"WebSite","@id":"https:\/\/dispear-records.com\/#website","url":"https:\/\/dispear-records.com\/","name":"Dispear Records","description":"DIY punk &amp; hardcore label","publisher":{"@id":"https:\/\/dispear-records.com\/#organization"},"potentialAction":[{"@type":"SearchAction","target":{"@type":"EntryPoint","urlTemplate":"https:\/\/dispear-records.com\/?s={search_term_string}"},"query-input":{"@type":"PropertyValueSpecification","valueRequired":true,"valueName":"search_term_string"}}],"inLanguage":"fr-FR"},{"@type":"Organization","@id":"https:\/\/dispear-records.com\/#organization","name":"Dispear Records","url":"https:\/\/dispear-records.com\/","logo":{"@type":"ImageObject","inLanguage":"fr-FR","@id":"https:\/\/dispear-records.com\/#\/schema\/logo\/image\/","url":"https:\/\/dispear-records.com\/wp-content\/uploads\/2021\/06\/cropped-cropped-dispear.png","contentUrl":"https:\/\/dispear-records.com\/wp-content\/uploads\/2021\/06\/cropped-cropped-dispear.png","width":2592,"height":709,"caption":"Dispear Records"},"image":{"@id":"https:\/\/dispear-records.com\/#\/schema\/logo\/image\/"}}]}},"_links":{"self":[{"href":"https:\/\/dispear-records.com\/index.php\/wp-json\/wp\/v2\/product\/500","targetHints":{"allow":["GET"]}}],"collection":[{"href":"https:\/\/dispear-records.com\/index.php\/wp-json\/wp\/v2\/product"}],"about":[{"href":"https:\/\/dispear-records.com\/index.php\/wp-json\/wp\/v2\/types\/product"}],"wp:featuredmedia":[{"embeddable":true,"href":"https:\/\/dispear-records.com\/index.php\/wp-json\/wp\/v2\/media\/512"}],"wp:attachment":[{"href":"https:\/\/dispear-records.com\/index.php\/wp-json\/wp\/v2\/media?parent=500"}],"wp:term":[{"taxonomy":"product_brand","embeddable":true,"href":"https:\/\/dispear-records.com\/index.php\/wp-json\/wp\/v2\/product_brand?post=500"},{"taxonomy":"product_cat","embeddable":true,"href":"https:\/\/dispear-records.com\/index.php\/wp-json\/wp\/v2\/product_cat?post=500"},{"taxonomy":"product_tag","embeddable":true,"href":"https:\/\/dispear-records.com\/index.php\/wp-json\/wp\/v2\/product_tag?post=500"}],"curies":[{"name":"wp","href":"https:\/\/api.w.org\/{rel}","templated":true}]}}